{"id":1570,"date":"2017-02-24T09:05:40","date_gmt":"2017-02-24T09:05:40","guid":{"rendered":"http:\/\/moverdb.com\/?page_id=1570"},"modified":"2026-01-08T15:20:24","modified_gmt":"2026-01-08T15:20:24","slug":"mudanzas-gou","status":"publish","type":"page","link":"https:\/\/moverdb.com\/pl\/mudanzas-gou\/","title":{"rendered":"Mudanzas Gou - International Moving Reviews"},"content":{"rendered":"<p>Mudanzas Gou to meksyka\u0144ski <a href=\"https:\/\/moverdb.com\/pl\/moving-companies\/\" data-internallinksmanager029f6b8e52c=\"79\" title=\"25 najlepszych firm przeprowadzek mi\u0119dzynarodowych online\">przedsi\u0119biorstwo przeprowadzkowe<\/a> Firma oferuje swoim klientom szeroki zakres us\u0142ug, kt\u00f3re zosta\u0142y wymienione poni\u017cej wraz z profilem firmy i opiniami.<\/p>\n<p><strong>Przeprowadzki mi\u0119dzynarodowe<\/strong><\/p>\n<ul>\n<li> Od drzwi do drzwi<\/li>\n<li> Pe\u0142na us\u0142uga pakowania, pakowanie delikatne lub pakowanie \"zr\u00f3b to sam\".<\/li>\n<li> Demonta\u017c i ponowny monta\u017c mebli<\/li>\n<li> Odprawa celna i pomoc w przygotowaniu dokumentacji<\/li>\n<li> Ustalone ubezpieczenie<\/li>\n<li> Dost\u0119pna us\u0142uga rozpakowywania<\/li>\n<li> Mo\u017cliwo\u015b\u0107 magazynowania kr\u00f3tko- i d\u0142ugoterminowego<\/li>\n<\/ul>\n<p><strong>Przeprowadzki krajowe i na du\u017ce odleg\u0142o\u015bci<\/strong><\/p>\n<ul>\n<li> Od drzwi do drzwi<\/li>\n<li> Pe\u0142na us\u0142uga pakowania, pakowanie delikatne lub pakowanie \"zr\u00f3b to sam\".<\/li>\n<li> Demonta\u017c i ponowny monta\u017c mebli<\/li>\n<li> Ustalone ubezpieczenie<\/li>\n<li> Dost\u0119pna us\u0142uga rozpakowywania<\/li>\n<li> Mo\u017cliwo\u015b\u0107 magazynowania d\u0142ugo- i kr\u00f3tkoterminowego<\/li>\n<\/ul>\n<p><strong>Przeprowadzki komercyjne<\/strong><\/p>\n<ul>\n<li> Przeprowadzki po godzinach pracy<\/li>\n<li> Plan logistyczny<\/li>\n<li> Przeprowadzka IT<\/li>\n<li> Demonta\u017c i ponowny monta\u017c wszystkich mebli<\/li>\n<\/ul>\n<p><strong>Transport specjalny i spedycja<\/strong><\/p>\n<ul>\n<li> <a href=\"https:\/\/moverdb.com\/pl\/samochod-transport-wysylka\/\">Automobiles<\/a><\/li>\n<li> Vans<\/li>\n<li> Motocykle<\/li>\n<li> Pojazdy opancerzone<\/li>\n<li> Pojazdy do zbierania odpad\u00f3w<\/li>\n<li> R\u00f3\u017cnorodne maszyny<\/li>\n<li> \u0141odzie motorowe<\/li>\n<li> \u0141odzie \u017caglowe<\/li>\n<li> Materia\u0142y medyczne i szpitale<\/li>\n<li> Instytucje edukacyjne<\/li>\n<li> Sztuka i antyki<\/li>\n<li> Sprz\u0119t specjalistyczny<\/li>\n<\/ul>\n<p><strong>Przechowywanie<\/strong><\/p>\n<ul>\n<li> D\u0142ugo- i kr\u00f3tkoterminowe<\/li>\n<li> Ochrona 24\/7<\/li>\n<li> System inwentaryzacji<\/li>\n<li> Dost\u0119pna klimatyzacja<\/li>\n<li> Kontrola szkodnik\u00f3w<\/li>\n<li> System przeciwpo\u017carowy<\/li>\n<li> Przechowywanie archiw\u00f3w<\/li>\n<\/ul>\n<h2>Profil firmy Mudanzas Gou<\/h2>\n<p>Mudanzas Gou jest jednym z najstarszych <a href=\"https:\/\/moverdb.com\/pl\/moving-companies\/moving-companies-mexico\/\" data-internallinksmanager029f6b8e52c=\"288\" title=\"18 Najlepsze firmy zajmuj\u0105ce si\u0119 przeprowadzkami mi\u0119dzynarodowymi w Meksyku\">firmy przeprowadzkowe w Meksyku<\/a>gdzie rozpocz\u0119\u0142a swoj\u0105 dzia\u0142alno\u015b\u0107 w 1900 roku. Obecnie ma 10 biur w Meksyku i powi\u0105zania z agentami na ca\u0142ym \u015bwiecie. Gou by\u0142 cz\u0142onkiem za\u0142o\u017cycielem <a href=\"https:\/\/moverdb.com\/pl\/fidi-faim\/\" data-internallinksmanager029f6b8e52c=\"16\" title=\"FIDI i FAIM (FIDI Accredited International Mover) - obja\u015bnienia\">FIDI<\/a>, OMNI, <a href=\"https:\/\/moverdb.com\/pl\/lacma\/\" data-internallinksmanager029f6b8e52c=\"28\" title=\"Stowarzyszenie Przewo\u017anik\u00f3w Mi\u0119dzynarodowych Ameryki \u0141aci\u0144skiej i Karaib\u00f3w (LACMA)\">LACMA<\/a>, AMI i <a href=\"https:\/\/moverdb.com\/pl\/amsa\/\" data-internallinksmanager029f6b8e52c=\"5\" title=\"Ameryka\u0144skie Stowarzyszenie Przeprowadzek i Magazynowania (AMSA) - obja\u015bnienia\">AMSA<\/a>.<\/p>\n<p>Firma Gou szczyci si\u0119 indywidualn\u0105 obs\u0142ug\u0105 i nalega na rozmowy z ka\u017cdym klientem twarz\u0105 w twarz, aby zapewni\u0107 mu jak najlepsz\u0105 obs\u0142ug\u0119. Wszystkie pojazdy s\u0105 monitorowane satelitarnie, a ich za\u0142adunek i prowadzenie s\u0105 wykonywane przez w\u0142asny personel.<\/p>\n<p>Mudanzas Gou posiada nast\u0119puj\u0105ce akredytacje i powi\u0105zania:<\/p>\n<ul>\n<li> <a href=\"https:\/\/moverdb.com\/pl\/fidi-faim\/\">F\u00e9d\u00e9ration Internationale des D\u00e9m\u00e9nageurs Internationaux.<\/a> (FIDI)<\/li>\n<li> Mi\u0119dzynarodowa Sie\u0107 Przemieszcze\u0144 Zamorskich (OMNI)<\/li>\n<li> <a href=\"https:\/\/moverdb.com\/pl\/lacma\/\">Stowarzyszenie Przewo\u017anik\u00f3w Mi\u0119dzynarodowych Ameryki \u0141aci\u0144skiej i Karaib\u00f3w<\/a> (LACMA)<\/li>\n<li> <a href=\"https:\/\/moverdb.com\/pl\/hgfaa\/\">Ameryka\u0144skie Stowarzyszenie Spedytor\u00f3w Artyku\u0142\u00f3w Gospodarstwa Domowego<\/a> (HHGFA)<\/li>\n<li> <a href=\"https:\/\/moverdb.com\/pl\/amsa\/\" target=\"_blank\" rel=\"noopener\">Ameryka\u0144skie Stowarzyszenie Przeprowadzek i Magazynowania<\/a> (AMSA)<\/li>\n<li> Panameryka\u0144skie Stowarzyszenie Przewo\u017anik\u00f3w Mi\u0119dzynarodowych (PAIMA)<\/li>\n<li> <a href=\"https:\/\/moverdb.com\/pl\/fidi-faim\/\">FAIM<\/a><\/li>\n<li> Partnerstwo celne i handlowe przeciwko terroryzmowi (C-PAT)<\/li>\n<\/ul>\n<h2>Recenzje Mudanzas Gou<\/h2>\n<p>Nie uda\u0142o nam si\u0119 znale\u017a\u0107 \u017cadnych opinii w j\u0119zyku angielskim na temat Mudanzas Gou w Internecie, ani te\u017c nie wydaje si\u0119, aby posiadali oni referencje klient\u00f3w na miejscu.<\/p>\n<div itemprop=\"review\" itemscope itemtype=\"http:\/\/schema.org\/Review\">\n<span itemprop=\"author\" itemscope=\"\" itemtype=\"http:\/\/schema.org\/Organization\"><span itemprop=\"name\">MoverDB.com<\/span><\/span> Przegl\u0105d stron internetowych dla <span itemprop=\"itemreviewed\" itemscope=\"\" itemtype=\"http:\/\/schema.org\/Brand\"><span itemprop=\"name\">Mudanzas Gou<\/span><\/span>:<\/p>\n<ol>\n<li> Przejrzyste dane kontaktowe na stronie internetowej (w tym numer telefonu): <strong>Tak<\/strong><\/li>\n<li> \u0141atwe do uzyskania <a href=\"https:\/\/moverdb.com\/pl\/cytaty\/\">oferty przeprowadzek<\/a>? (formularz wniosku o wycen\u0119 online): <strong>Tak<\/strong><\/li>\n<li> Przejrzyste informacje na stronie internetowej: <strong>Tak,<\/strong> Chocia\u017c jest to podstawowy dokument, zawiera opis us\u0142ug w j\u0119zyku angielskim i hiszpa\u0144skim.<\/li>\n<li> Cz\u0142onkostwo w uznanych mi\u0119dzynarodowych organizacjach zajmuj\u0105cych si\u0119 przemieszczaniem: <strong>Tak<\/strong>, (wiele z nich patrz wy\u017cej)<\/li>\n<li> Lista klient\u00f3w i\/lub referencje poprzednich klient\u00f3w: <strong>Nie,<\/strong> nie uda\u0142o nam si\u0119 znale\u017a\u0107 \u017cadnych recenzji ani opinii klient\u00f3w.<\/li>\n<\/ol>\n<div itemprop=\"reviewRating\" itemscope itemtype=\"http:\/\/schema.org\/Rating\"><meta itemprop=\"worstRating\" content = \"0\" \/><meta itemprop=\"bestRating\" content=\"5\" \/><meta itemprop=\"ratingValue\" content=\"4\"><\/div>\n<p><strong>Ocena og\u00f3lna: 4\/5<\/strong><br \/>\n<strong>Data przegl\u0105du:<\/strong> <span itemprop=\"datePublished\" content=\"2017-02-24\">24\/02\/2017<\/span>\n<\/div>\n<p>Czytaj wi\u0119cej o <a href=\"https:\/\/moverdb.com\/pl\/firmy-przeprowadzkowe\/\">firmy zajmuj\u0105ce si\u0119 przeprowadzkami mi\u0119dzynarodowymi<\/a> i nasze <a href=\"https:\/\/moverdb.com\/pl\/recenzje\/\">proces przegl\u0105du<\/a>.<\/p>\n<p><strong>Strony internetowe:<\/strong> J\u0119zyk hiszpa\u0144ski: <a href=\"http:\/\/www.mudanzasgou.com.mx\/\" target=\"_blank\" rel=\"noopener\">http:\/\/www.mudanzasgou.com.mx\/<\/a> J\u0119zyk angielski: <a href=\"http:\/\/www.mudanzasgou.com\/\" target=\"_blank\" rel=\"noopener\">http:\/\/www.mudanzasgou.com\/<\/a><\/p>","protected":false},"excerpt":{"rendered":"<p>Mudanzas Gou is a Mexican moving company which offers its clients a wide range of services which are listed below, together with a company profile and reviews. International Moves Door to door Full packing service, fragile packing or DIY packing Disassembly and reassembly of furniture Customs clearance and assistance with documentation Insurance arranged Unpacking service [&hellip;]<\/p>\n","protected":false},"author":1,"featured_media":0,"parent":0,"menu_order":0,"comment_status":"closed","ping_status":"closed","template":"","meta":{"_genesis_hide_title":false,"_genesis_hide_breadcrumbs":false,"_genesis_hide_singular_image":false,"_genesis_hide_footer_widgets":false,"_genesis_custom_body_class":"","_genesis_custom_post_class":"","_genesis_layout":"","footnotes":""},"class_list":{"0":"post-1570","1":"page","2":"type-page","3":"status-publish","5":"entry"},"_links":{"self":[{"href":"https:\/\/moverdb.com\/pl\/wp-json\/wp\/v2\/pages\/1570","targetHints":{"allow":["GET"]}}],"collection":[{"href":"https:\/\/moverdb.com\/pl\/wp-json\/wp\/v2\/pages"}],"about":[{"href":"https:\/\/moverdb.com\/pl\/wp-json\/wp\/v2\/types\/page"}],"author":[{"embeddable":true,"href":"https:\/\/moverdb.com\/pl\/wp-json\/wp\/v2\/users\/1"}],"replies":[{"embeddable":true,"href":"https:\/\/moverdb.com\/pl\/wp-json\/wp\/v2\/comments?post=1570"}],"version-history":[{"count":4,"href":"https:\/\/moverdb.com\/pl\/wp-json\/wp\/v2\/pages\/1570\/revisions"}],"predecessor-version":[{"id":6222,"href":"https:\/\/moverdb.com\/pl\/wp-json\/wp\/v2\/pages\/1570\/revisions\/6222"}],"wp:attachment":[{"href":"https:\/\/moverdb.com\/pl\/wp-json\/wp\/v2\/media?parent=1570"}],"curies":[{"name":"wp","href":"https:\/\/api.w.org\/{rel}","templated":true}]}}