{"id":1568,"date":"2017-02-01T16:22:03","date_gmt":"2017-02-01T16:22:03","guid":{"rendered":"http:\/\/moverdb.com\/?page_id=1568"},"modified":"2026-01-08T14:40:03","modified_gmt":"2026-01-08T14:40:03","slug":"leo-packers-movers","status":"publish","type":"page","link":"https:\/\/moverdb.com\/pl\/leo-packers-movers\/","title":{"rendered":"Leo Packers and Movers - przeprowadzki mi\u0119dzynarodowe - opinie"},"content":{"rendered":"<p>Firma Leo Packers and Movers ma swoj\u0105 siedzib\u0119 w Bangalore, <a href=\"https:\/\/moverdb.com\/pl\/moving-to-india\/\" data-internallinksmanager029f6b8e52c=\"356\" title=\"Przeprowadzka do Indii? Koszty utrzymania i wskaz\u00f3wki dotycz\u0105ce relokacji w 2023 r.\">Indie<\/a>. Firma oferuje swoim klientom szeroki zakres us\u0142ug, kt\u00f3re zosta\u0142y wymienione poni\u017cej wraz z profilem firmy i opiniami.<\/p>\n<p><strong>Przeprowadzki mi\u0119dzynarodowe<\/strong><\/p>\n<ul>\n<li> Od drzwi do drzwi<\/li>\n<li> Drzwi do terminala<\/li>\n<li> Pe\u0142na us\u0142uga pakowania, delikatne przedmioty lub pakowanie dla majsterkowicz\u00f3w<\/li>\n<li> Demonta\u017c i ponowny monta\u017c mebli<\/li>\n<li> Dost\u0119pna pe\u0142na us\u0142uga rozpakowywania<\/li>\n<li> Usuwanie gruzu<\/li>\n<li> Mo\u017cliwo\u015b\u0107 magazynowania d\u0142ugo- i kr\u00f3tkoterminowego<\/li>\n<li> Odprawa celna i pomoc w sporz\u0105dzaniu dokumentacji\".<\/li>\n<li> Fracht lotniczy<\/li>\n<li> Fracht morski<\/li>\n<li> Ustalone ubezpieczenie<\/li>\n<\/ul>\n<p><strong>Przeprowadzki mieszkaniowe<\/strong><\/p>\n<ul>\n<li> Od drzwi do drzwi<\/li>\n<li> Dost\u0119pna pe\u0142na us\u0142uga pakowania<\/li>\n<li> Demonta\u017c i ponowny monta\u017c mebli<\/li>\n<li> Dost\u0119pna us\u0142uga rozpakowywania<\/li>\n<li> Usuwanie gruzu<\/li>\n<li> Pojazdy kontenerowe budowane na zam\u00f3wienie<\/li>\n<li> Przechowywanie d\u0142ugo- i kr\u00f3tkoterminowe<\/li>\n<li> Ustalone ubezpieczenie<\/li>\n<\/ul>\n<p><strong>Relokacja przedsi\u0119biorstw<\/strong><\/p>\n<ul>\n<li> Us\u0142uga \"od drzwi do drzwi\".<\/li>\n<li> Demonta\u017c i ponowny monta\u017c mebli<\/li>\n<li> Pe\u0142na obs\u0142uga w zakresie pakowania<\/li>\n<li> W\u0142a\u015bciwe etykietowanie<\/li>\n<li> Ustawianie stanowisk pracy<\/li>\n<li> Przeprowadzki po godzinach pracy i w weekendy<\/li>\n<li> Usuwanie gruzu<\/li>\n<\/ul>\n<p><strong>Przechowywanie<\/strong><\/p>\n<ul>\n<li> Indywidualne kabiny wykonane na zam\u00f3wienie<\/li>\n<li> Bez kurzu, bez termit\u00f3w, bez zapachu (kontrola szkodnik\u00f3w)<\/li>\n<li> Budynek RCC z zapleczem na pierwszym pi\u0119trze<\/li>\n<li> Magazyny w\u0142asne<\/li>\n<li> Ca\u0142odobowa ochrona<\/li>\n<li> Nadz\u00f3r<\/li>\n<\/ul>\n<h2>Profil firmy Leo Packers and Movers<\/h2>\n<p>Firma Leo Packers and Movers otworzy\u0142a swoje drzwi w 1975 r. w Bangalore w Indiach. Firma jest nadal prowadzona przez rodzin\u0119 za\u0142o\u017cycielsk\u0105, rodzin\u0119 Shah, a obecnie pracuj\u0105 w niej trzy pokolenia. Firma jest niezale\u017cn\u0105 firm\u0105 relokacyjn\u0105 i jest znana w Indiach jako jedna z najlepszych firm zajmuj\u0105cych si\u0119 przeprowadzkami domowymi i firmowymi, zar\u00f3wno na poziomie lokalnym, regionalnym, jak i mi\u0119dzynarodowym.<\/p>\n<p>Firma wierzy w piel\u0119gnowanie i utrzymywanie dobrych relacji z klientami. Wiedz\u0105, \u017ce koszty s\u0105 wa\u017cnym czynnikiem i staraj\u0105 si\u0119 utrzymywa\u0107 ceny na niskim poziomie, zachowuj\u0105c przy tym doskona\u0142\u0105 jako\u015b\u0107 us\u0142ug. Firma Leo Packers and Movers twierdzi, \u017ce ka\u017cda przeprowadzka jest inna, dlatego ka\u017cda jest dostosowywana do potrzeb klienta.<\/p>\n<p>Firma Leo Packers and Movers posiada nast\u0119puj\u0105ce akredytacje i przynale\u017cno\u015bci: -<\/p>\n<ul>\n<li> Nie jest wymieniony na stronie internetowej firmy<\/li>\n<\/ul>\n<h2>Leo Packers and Movers Reviews<\/h2>\n<p><strong>Pozytywne:<\/strong><\/p>\n<ul>\n<li> <em>\"Cz\u0142onkowie Zespo\u0142u nie tylko dobrze si\u0119 zachowywali, ale tak\u017ce trzymali si\u0119 swoich zada\u0144, byli skupieni i cierpliwie wykonywali swoj\u0105 prac\u0119\".<\/em> rarami20000 via <a href=\"http:\/\/www.mouthshut.com\/review\/Leo-Packers-and-Movers-Hyderabad-review-mmqtqrslsnm\" target=\"_blank\" rel=\"noopener\">MouthShut.com<\/a>\n<\/ul>\n<p><strong>Negatywny:<\/strong><\/p>\n<ul>\n<li> <em>\"Ci ludzie s\u0105 najgorsi, najpierw wezm\u0105 od ciebie pieni\u0105dze, a potem nigdy ci\u0119 nie wys\u0142uchaj\u0105\".<\/em> subbu2001978 przez <a href=\"http:\/\/www.mouthshut.com\/review\/Leo-Packers-and-Movers-Hyderabad-review-sqtrrrmoqqm\" target=\"_blank\" rel=\"noopener\">MouthShut.com<\/a><\/li>\n<\/ul>\n<div itemprop=\"review\" itemscope itemtype=\"http:\/\/schema.org\/Review\">\n<span itemprop=\"author\" itemscope=\"\" itemtype=\"http:\/\/schema.org\/Organization\"><span itemprop=\"name\">MoverDB.com<\/span><\/span> Przegl\u0105d stron internetowych dla <span itemprop=\"itemreviewed\" itemscope=\"\" itemtype=\"http:\/\/schema.org\/Brand\"><span itemprop=\"name\">Leo Packers and Movers<\/span><\/span>:<\/p>\n<ol>\n<li> Przejrzyste dane kontaktowe na stronie internetowej (w tym numer telefonu): <strong>Tak<\/strong><\/li>\n<li> \u0141atwe do uzyskania <a href=\"https:\/\/moverdb.com\/pl\/cytaty\/\">oferty na przeprowadzki mi\u0119dzynarodowe<\/a>? (formularz wniosku o wycen\u0119 online): <strong>Tak<\/strong><\/li>\n<li> Przejrzyste informacje na stronie internetowej: <strong>Ograniczona<\/strong> na stronie internetowej znajduj\u0105 si\u0119 jedynie ograniczone informacje na temat ich us\u0142ug.<\/li>\n<li> Cz\u0142onkostwo w uznanych mi\u0119dzynarodowych organizacjach zajmuj\u0105cych si\u0119 przemieszczaniem: <strong>Nie wymieniony.<\/strong><\/li>\n<li> Lista klient\u00f3w i\/lub referencje poprzednich klient\u00f3w. <strong>Nie,<\/strong> ale maj\u0105 te\u017c galeri\u0119 zdj\u0119\u0107.<\/li>\n<\/ol>\n<div itemprop=\"reviewRating\" itemscope itemtype=\"http:\/\/schema.org\/Rating\"><meta itemprop=\"worstRating\" content = \"0\" \/><meta itemprop=\"bestRating\" content=\"5\" \/><meta itemprop=\"ratingValue\" content=\"3\"><\/div>\n<p><strong>Ocena og\u00f3lna: 3\/5<\/strong><br \/>\n<strong>Data przegl\u0105du:<\/strong> <span itemprop=\"datePublished\" content=\"2017-02-01\">01\/02\/2017<\/span>\n<\/div>\n<p>Czytaj wi\u0119cej o <a href=\"https:\/\/moverdb.com\/pl\/firmy-przeprowadzkowe\/\">firmy zajmuj\u0105ce si\u0119 przeprowadzkami mi\u0119dzynarodowymi<\/a> i nasze <a href=\"https:\/\/moverdb.com\/pl\/recenzje\/\">proces przegl\u0105du<\/a>.<\/p>\n<p><strong>Strona internetowa:<\/strong> <a href=\"http:\/\/www.leopackersindia.com\/\" target=\"_blank\" rel=\"noopener\">http:\/\/www.leopackersindia.com\/<\/a><\/p>","protected":false},"excerpt":{"rendered":"<p>Leo Packers and Movers is based in Bangalore, India. The company offers its customers a wide range of services which are listed below, together with a company profile and reviews. International Moves Door to door Door to terminal Full packing service, fragile items or DIY packing Dismantling and reassembly of furniture Full unpacking service available [&hellip;]<\/p>\n","protected":false},"author":1,"featured_media":0,"parent":0,"menu_order":0,"comment_status":"closed","ping_status":"closed","template":"","meta":{"_genesis_hide_title":false,"_genesis_hide_breadcrumbs":false,"_genesis_hide_singular_image":false,"_genesis_hide_footer_widgets":false,"_genesis_custom_body_class":"","_genesis_custom_post_class":"","_genesis_layout":"","footnotes":""},"class_list":{"0":"post-1568","1":"page","2":"type-page","3":"status-publish","5":"entry"},"_links":{"self":[{"href":"https:\/\/moverdb.com\/pl\/wp-json\/wp\/v2\/pages\/1568","targetHints":{"allow":["GET"]}}],"collection":[{"href":"https:\/\/moverdb.com\/pl\/wp-json\/wp\/v2\/pages"}],"about":[{"href":"https:\/\/moverdb.com\/pl\/wp-json\/wp\/v2\/types\/page"}],"author":[{"embeddable":true,"href":"https:\/\/moverdb.com\/pl\/wp-json\/wp\/v2\/users\/1"}],"replies":[{"embeddable":true,"href":"https:\/\/moverdb.com\/pl\/wp-json\/wp\/v2\/comments?post=1568"}],"version-history":[{"count":3,"href":"https:\/\/moverdb.com\/pl\/wp-json\/wp\/v2\/pages\/1568\/revisions"}],"predecessor-version":[{"id":13170,"href":"https:\/\/moverdb.com\/pl\/wp-json\/wp\/v2\/pages\/1568\/revisions\/13170"}],"wp:attachment":[{"href":"https:\/\/moverdb.com\/pl\/wp-json\/wp\/v2\/media?parent=1568"}],"curies":[{"name":"wp","href":"https:\/\/api.w.org\/{rel}","templated":true}]}}