{"id":1548,"date":"2017-02-01T15:00:53","date_gmt":"2017-02-01T15:00:53","guid":{"rendered":"http:\/\/moverdb.com\/?page_id=1548"},"modified":"2026-01-08T15:20:43","modified_gmt":"2026-01-08T15:20:43","slug":"sirva","status":"publish","type":"page","link":"https:\/\/moverdb.com\/pl\/sirva\/","title":{"rendered":"SIRVA - International Moving &amp; Relocation Reviews"},"content":{"rendered":"<p>SIRVA to globalna firma zajmuj\u0105ca si\u0119 relokacj\u0105 z siedzib\u0105 w <a href=\"https:\/\/moverdb.com\/pl\/moving-to-the-united-states\/moving-to-illinois\/\" data-internallinksmanager029f6b8e52c=\"401\" title=\"Przeprowadzka do Illinois? 2026 Koszty utrzymania i porady dotycz\u0105ce przeprowadzki\">Illinois<\/a>. Oferuje swoim klientom korporacyjnym i indywidualnym r\u00f3\u017cnorodne us\u0142ugi przeprowadzkowe. S\u0105 one wymienione poni\u017cej wraz z profilem firmy i recenzjami.<\/p>\n<p><strong>Przeprowadzki mi\u0119dzynarodowe<\/strong><\/p>\n<ul>\n<li> Og\u00f3lno\u015bwiatowa sie\u0107 zasob\u00f3w ruchomych<\/li>\n<li> \u015aled\u017a swoj\u0105 przesy\u0142k\u0119 24\/7<\/li>\n<li> Badanie domu w celu ustalenia wymaga\u0144 dotycz\u0105cych pakowania itp.<\/li>\n<li> Ustalone ubezpieczenie<\/li>\n<li> Koordynator osobisty pomo\u017ce w przygotowaniu wymaganej dokumentacji<\/li>\n<li> Pakowanie i za\u0142adunek<\/li>\n<li> Odprawa celna<\/li>\n<li> Dostawa i rozpakowanie<\/li>\n<li> Angloj\u0119zyczni kierownicy ekip b\u0119d\u0105 s\u0142u\u017cy\u0107 pomoc\u0105 przy odbiorze przesy\u0142ki<\/li>\n<li> Wszystkie przedmioty zostan\u0105 starannie roz\u0142adowane, sprawdzone z list\u0105 inwentaryzacyjn\u0105 i umieszczone we w\u0142a\u015bciwych pomieszczeniach.<\/li>\n<li> Kruche przedmioty, takie jak szk\u0142o i <a href=\"https:\/\/moverdb.com\/pl\/moving-to-china\/\" data-internallinksmanager029f6b8e52c=\"357\" title=\"Przeprowadzka do Chin? Koszty \u017cycia i wskaz\u00f3wki dotycz\u0105ce relokacji w 2023 r.\">chiny<\/a>b\u0119d\u0105 rozpakowywane na p\u0142askich powierzchniach<\/li>\n<li> Wszystkie materia\u0142y do pakowania i gruz zostan\u0105 szybko usuni\u0119te z Twojego domu<\/li>\n<\/ul>\n<p><strong>Us\u0142ugi relokacji przedsi\u0119biorstw<\/strong><\/p>\n<ul>\n<li> Us\u0142ugi zwi\u0105zane z osiedlaniem si\u0119<\/li>\n<li> Wizy i pozwolenia na prac\u0119<\/li>\n<li> Wyszukiwanie szk\u00f3\u0142 i dom\u00f3w<\/li>\n<li> Informacje kulturalne<\/li>\n<li> Pomoc dla partnera\/ma\u0142\u017conka<\/li>\n<li> Pakowanie specjalistyczne<\/li>\n<\/ul>\n<p><strong>Us\u0142ugi przeprowadzkowe<\/strong><\/p>\n<ul>\n<li> Przeprowadzka gospodarstwa domowego<\/li>\n<li> Przeprowadzka firmy<\/li>\n<li> Przeprowadzka lokalna<\/li>\n<li> Przeprowadzka mi\u0119dzystanowa<\/li>\n<li> Ruch mi\u0119dzynarodowy<\/li>\n<li> Indywidualny plan przeprowadzki<\/li>\n<\/ul>\n<h2>Profil firmy SIRVA<\/h2>\n<p>Sirva Inc zosta\u0142a za\u0142o\u017cona w 1997 roku i jest firm\u0105 \u015bwiadcz\u0105c\u0105 us\u0142ugi w zakresie przeprowadzek i relokacji dla firm i os\u00f3b prywatnych. Dzia\u0142a w ponad 170 krajach w ponad 1400 miastach, a jej p\u00f3\u0142nocnoameryka\u0144skie marki to <a href=\"https:\/\/moverdb.com\/pl\/allied-van-lines\/\">Allied Van Lines<\/a> oraz <a href=\"https:\/\/moverdb.com\/pl\/north-american-van-lines\/\">P\u00f3\u0142nocnoameryka\u0144skie Linie Van Lines<\/a>.<\/p>\n<p>Sirva przeprowadza rocznie oko\u0142o 385 000 relokacji w 43 krajach na ca\u0142ym \u015bwiecie. W\u015br\u00f3d nich s\u0105 zar\u00f3wno klienci korporacyjni, jak i personel wojskowy i rz\u0105dowy.<\/p>\n<p>Sirva posiada nast\u0119puj\u0105ce akredytacje i przynale\u017cno\u015bci:<\/p>\n<ul>\n<li> <a href=\"https:\/\/moverdb.com\/pl\/jestem\/\">Mi\u0119dzynarodowe Stowarzyszenie Przewo\u017anik\u00f3w<\/a> (<a href=\"https:\/\/moverdb.com\/pl\/iam\/\" data-internallinksmanager029f6b8e52c=\"23\" title=\"Mi\u0119dzynarodowe Stowarzyszenie Przewo\u017anik\u00f3w (IAM) - obja\u015bnienia\">IAM<\/a>)<\/li>\n<\/ul>\n<h2>Recenzje SIRVA<\/h2>\n<p><strong>Pozytywne:<\/strong><\/p>\n<ul>\n<li> <em>\"M\u00f3j m\u0105\u017c i ja mieli\u015bmy wspania\u0142e do\u015bwiadczenia z korzystaniem z us\u0142ug Sirva mortgage przy naszej niedawnej przeprowadzce.\"<\/em> Karlee via <a href=\"https:\/\/www.reputada.com\/company\/sirva.com\" target=\"_blank\" rel=\"noopener\">Renoma<\/a>.\n<\/ul>\n<p><strong>Negatywny:<\/strong><\/p>\n<ul>\n<li> <em>\"Aby moja odpowied\u017a nie by\u0142a postrzegana jako \"znies\u0142awienie\", postaram si\u0119 jak najwierniej przedstawi\u0107 to, co si\u0119 wydarzy\u0142o, staraj\u0105c si\u0119 u\u017cy\u0107 jak najmniej entuzjastycznych s\u0142\u00f3w, jak tylko mo\u017cna tego oczekiwa\u0107\". <\/em> - Lilaora via <a href=\"https:\/\/www.trulia.com\/voices\/Home_Selling\/Has_anyone_dealt_with_a_relocation_firm_called_SIR-29232\" target=\"_blank\" rel=\"noopener\">Trulia<\/a>.\n<\/ul>\n<p>Dla marek SIRVA nale\u017cy r\u00f3wnie\u017c przeczyta\u0107 <a href=\"https:\/\/moverdb.com\/pl\/allied-van-lines\/\">Opinie o firmie Allied Van Lines<\/a> oraz <a href=\"https:\/\/moverdb.com\/pl\/north-american-van-lines\/\">Opinie o firmie North American Van Lines<\/a>.<\/p>\n<div itemprop=\"review\" itemscope itemtype=\"http:\/\/schema.org\/Review\">\n<span itemprop=\"author\" itemscope=\"\" itemtype=\"http:\/\/schema.org\/Organization\"><span itemprop=\"name\">MoverDB.com<\/span><\/span> Przegl\u0105d stron internetowych dla <span itemprop=\"itemreviewed\" itemscope=\"\" itemtype=\"http:\/\/schema.org\/Brand\"><span itemprop=\"name\">SIRVA<\/span><\/span>:<\/p>\n<ol>\n<li> Przejrzyste dane kontaktowe na stronie internetowej (w tym numer telefonu): <strong>Tak<\/strong><\/li>\n<li> \u0141atwe do uzyskania <a href=\"https:\/\/moverdb.com\/pl\/cytaty\/\">oferty na przeprowadzki mi\u0119dzynarodowe<\/a>? (formularz wniosku o wycen\u0119 online): <strong>Tak<\/strong><\/li>\n<li> Przejrzyste informacje na stronie internetowej: <strong>Tak,<\/strong> Na stronie internetowej w przejrzysty spos\u00f3b przedstawiono wszystkie oferowane przez nich us\u0142ugi.<\/li>\n<li> Cz\u0142onkostwo w uznanych mi\u0119dzynarodowych organizacjach zajmuj\u0105cych si\u0119 przemieszczaniem: <strong>Tak<\/strong>, (ale tylko JA)<\/li>\n<li> Lista klient\u00f3w i\/lub referencje poprzednich klient\u00f3w. <strong>Tak,<\/strong> Na swojej stronie internetowej maj\u0105 sekcj\u0119 po\u015bwi\u0119con\u0105 studiom przypadku. Jednak liczba recenzji z ca\u0142ego Internetu jest ograniczona, a wi\u0119kszo\u015b\u0107 z nich jest neutralna lub negatywna.<\/li>\n<\/ol>\n<div itemprop=\"reviewRating\" itemscope itemtype=\"http:\/\/schema.org\/Rating\"><meta itemprop=\"worstRating\" content = \"0\" \/><meta itemprop=\"bestRating\" content=\"5\" \/><meta itemprop=\"ratingValue\" content=\"4.5\"><\/div>\n<p><strong>Ocena og\u00f3lna: 4,5\/5<\/strong><br \/>\n<strong>Data przegl\u0105du:<\/strong> <span itemprop=\"datePublished\" content=\"2016-02-01\">01\/02\/2017<\/span>\n<\/div>\n<p>Czytaj wi\u0119cej o <a href=\"https:\/\/moverdb.com\/pl\/firmy-przeprowadzkowe\/\">przeprowadzki mi\u0119dzynarodowe<\/a> i nasze <a href=\"https:\/\/moverdb.com\/pl\/recenzje\/\">proces przegl\u0105du<\/a>.<\/p>\n<p><strong>Strona internetowa:<\/strong> <a href=\"https:\/\/www.sirva.com\/\" target=\"_blank\" rel=\"noopener\">https:\/\/www.sirva.com\/<\/a> <\/p>","protected":false},"excerpt":{"rendered":"<p>SIRVA is a global relocation company with its head office in Illinois. It offers its corporate and individual clients a variety of moving services. These are listed below together with a company profile and reviews. International Moving Worldwide network of moving resources Track your shipment 24\/7 House survey to ascertain packing requirements etc Insurance arranged [&hellip;]<\/p>\n","protected":false},"author":1,"featured_media":0,"parent":0,"menu_order":0,"comment_status":"closed","ping_status":"closed","template":"","meta":{"_genesis_hide_title":false,"_genesis_hide_breadcrumbs":false,"_genesis_hide_singular_image":false,"_genesis_hide_footer_widgets":false,"_genesis_custom_body_class":"","_genesis_custom_post_class":"","_genesis_layout":"","footnotes":""},"class_list":{"0":"post-1548","1":"page","2":"type-page","3":"status-publish","5":"entry"},"_links":{"self":[{"href":"https:\/\/moverdb.com\/pl\/wp-json\/wp\/v2\/pages\/1548","targetHints":{"allow":["GET"]}}],"collection":[{"href":"https:\/\/moverdb.com\/pl\/wp-json\/wp\/v2\/pages"}],"about":[{"href":"https:\/\/moverdb.com\/pl\/wp-json\/wp\/v2\/types\/page"}],"author":[{"embeddable":true,"href":"https:\/\/moverdb.com\/pl\/wp-json\/wp\/v2\/users\/1"}],"replies":[{"embeddable":true,"href":"https:\/\/moverdb.com\/pl\/wp-json\/wp\/v2\/comments?post=1548"}],"version-history":[{"count":5,"href":"https:\/\/moverdb.com\/pl\/wp-json\/wp\/v2\/pages\/1548\/revisions"}],"predecessor-version":[{"id":6239,"href":"https:\/\/moverdb.com\/pl\/wp-json\/wp\/v2\/pages\/1548\/revisions\/6239"}],"wp:attachment":[{"href":"https:\/\/moverdb.com\/pl\/wp-json\/wp\/v2\/media?parent=1548"}],"curies":[{"name":"wp","href":"https:\/\/api.w.org\/{rel}","templated":true}]}}