{"id":1540,"date":"2017-02-26T17:21:37","date_gmt":"2017-02-26T17:21:37","guid":{"rendered":"http:\/\/moverdb.com\/?page_id=1540"},"modified":"2026-01-08T15:20:37","modified_gmt":"2026-01-08T15:20:37","slug":"royal-hawaiian-movers","status":"publish","type":"page","link":"https:\/\/moverdb.com\/pl\/royal-hawaiian-movers\/","title":{"rendered":"Royal Hawaiian Movers - International Moving Reviews"},"content":{"rendered":"<p>Firma Royal Hawaiian Movers oferuje swoim klientom r\u00f3\u017cne przeprowadzki lokalne, mi\u0119dzy wyspami i kontynentalne. Poni\u017cej wymieniono ich us\u0142ugi wraz z profilem firmy i opiniami.<\/p>\n<p><strong>Przeprowadzki mi\u0119dzynarodowe, kontynentalne i mi\u0119dzy wyspami<\/strong><\/p>\n<ul>\n<li> Od drzwi do drzwi<\/li>\n<li >Pe\u0142na us\u0142uga pakowania, tylko delikatne przedmioty lub pakowanie \"zr\u00f3b to sam\".<\/li>\n<li> Demonta\u017c i ponowny monta\u017c mebli<\/li>\n<li> Demonta\u017c i konfiguracja system\u00f3w informatycznych<\/li>\n<li> Us\u0142uga rozpakowywania<\/li>\n<li> Mo\u017cliwo\u015b\u0107 magazynowania d\u0142ugo- i kr\u00f3tkoterminowego<\/li>\n<li> Fracht lotniczy lub morski<\/li>\n<li> Ustalone ubezpieczenie<\/li>\n<\/ul>\n<p><strong>Przeprowadzki lokalne i wojskowe<\/strong><\/p>\n<ul>\n<li> Od drzwi do drzwi<\/li>\n<li> Zapewnienie materia\u0142\u00f3w do pakowania<\/li>\n<li> Przechowywanie d\u0142ugo- i kr\u00f3tkoterminowe<\/li>\n<li> Dost\u0119pna pe\u0142na us\u0142uga pakowania lub pakowanie \"zr\u00f3b to sam\".<\/li>\n<li> Demonta\u017c i ponowny monta\u017c mebli<\/li>\n<li> Us\u0142uga rozpakowywania<\/li>\n<li> Ustalone ubezpieczenie<\/li>\n<\/ul>\n<p><strong>Specjalistyczne us\u0142ugi przeprowadzkowe<\/strong><\/p>\n<ul>\n<li> Maszyny ci\u0119\u017ckie<\/li>\n<li> Us\u0142ugi w zakresie przeprowadzek medycznych<\/li>\n<li> Sprz\u0119t ponadgabarytowy<\/li>\n<\/ul>\n<p><strong>Instalacja<\/strong><\/p>\n<ul>\n<li> Hotel<\/li>\n<li> FF&amp;E (meble, instalacje i wyposa\u017cenie)<\/li>\n<li> Biuro<\/li>\n<li> Specjalno\u015b\u0107<\/li>\n<\/ul>\n<h2>Profil firmy Royal Hawaiian Movers<\/h2>\n<p>Firma Royal Hawaiian Movers zosta\u0142a za\u0142o\u017cona przez Richarda L DeWitta w 1982 roku. Firma rozpocz\u0119\u0142a dzia\u0142alno\u015b\u0107 z jednym biurem w Honolulu, obs\u0142uguj\u0105c wojsko na wyspie Oahu. Do dzi\u015b wojsko stanowi podstaw\u0119 dzia\u0142alno\u015bci Royal Hawaiian Movers. Pod koniec lat 80. firma postanowi\u0142a rozszerzy\u0107 swoj\u0105 dzia\u0142alno\u015b\u0107 i zaj\u0105\u0107 si\u0119 transportem ci\u0119\u017carowym i towarowym. Obecnie firma dysponuje flot\u0105 ponad 60 pojazd\u00f3w do przeprowadzek.<\/p>\n<p>Od tego czasu firma Royal Hawaiian Movers rozszerzy\u0142a swoj\u0105 dzia\u0142alno\u015b\u0107 o przeprowadzki mieszkaniowe, komercyjne i wojskowe, lokalne, mi\u0119dzy wyspami i mi\u0119dzynarodowe. Grupa firm DeWitt przeprowadza ludzi i firmy na ca\u0142ym \u015bwiecie od ponad 80 lat, a Royal Hawaiian Movers z przyjemno\u015bci\u0105 przekazuje im wiedz\u0119 zdobyt\u0105 przez te dziesi\u0119ciolecia. <\/p>\n<p>Ich etosem jest budowanie opartych na zaufaniu relacji z klientami, dzi\u0119ki czemu b\u0119d\u0105 oni powraca\u0107 przy ka\u017cdej przeprowadzce.<\/p>\n<p>Firma Royal Hawaiian Movers posiada nast\u0119puj\u0105ce akredytacje i przynale\u017cno\u015bci:<\/p>\n<ul>\n<li> <a href=\"https:\/\/moverdb.com\/pl\/obrecz-promocja\/\">AMSA Pro Movers<\/a><\/li>\n<li> Certyfikowani konsultanci ds. przeprowadzek<\/li>\n<li> Kierowcy z uprawnieniami do przewozu materia\u0142\u00f3w niebezpiecznych<\/li>\n<li> Karta identyfikacyjna pracownika transportu<\/li>\n<li> Better Business Bureau (BBB)<\/li>\n<li> DeWitt Move Worldwide - cz\u0142onek <a href=\"https:\/\/moverdb.com\/pl\/jestem\/\">IAM<\/a><\/li>\n<li> Licencja DOT #227698<\/li>\n<li> Licencja przewo\u017anika samochodowego DOT #165352<\/li>\n<li> DOT <a href=\"https:\/\/moverdb.com\/pl\/freight-forwarder\/\" data-internallinksmanager029f6b8e52c=\"17\" title=\"Spedytor i NVOCC Mi\u0119dzynarodowy Przewodnik po Kosztach i Firmach\">Spedytor<\/a> Licencja #003549<\/li>\n<\/ul>\n<h2>Royal Hawaiian Movers Reviews<\/h2>\n<p><strong>Pozytywne:<\/strong><\/p>\n<ul>\n<li> <em>\"Przeprowadzka z Honolulu do <a href=\"https:\/\/moverdb.com\/pl\/moving-to-the-united-states\/moving-to-california\/\" data-internallinksmanager029f6b8e52c=\"330\" title=\"Przeprowadzka do Kalifornii? 2026 Koszty utrzymania i wskaz\u00f3wki dotycz\u0105ce relokacji\">Kalifornia<\/a>zestaw wojskowy <a href=\"https:\/\/moverdb.com\/pl\/moving-to-the-united-states\/\" data-internallinksmanager029f6b8e52c=\"94\" title=\"Przeprowadzasz si\u0119 do Stan\u00f3w Zjednoczonych? 2026 Koszty \u017cycia i wskaz\u00f3wki dotycz\u0105ce przeprowadzki\">nas<\/a> z Royal Hawaiian Movers... ***AMAZING*** obs\u0142uga klienta.... Byli informacyjni, uprzejmi, schludni i skuteczni. Royal Hawaiian Movers to wszystko, czego potrzebujesz dla swoich problem\u00f3w z przeprowadzk\u0105 i wysy\u0142k\u0105!!!\"<\/em> - Kelly G <a href=\"http:\/\/royalhawaiianmovers.com\/our-difference\/what-customers-say\/\" target=\"_blank\" rel=\"noopener\">referencje klient\u00f3w<\/a><\/li>\n<li> <em>\"Profesjonalny i zadba\u0142 o moje rzeczy. Przeprowadzi\u0142em si\u0119 na kontynent... ale u\u0142atwili mi wyjazd. <a href=\"https:\/\/moverdb.com\/pl\/moving-to-the-united-states\/moving-to-hawaii\/\" data-internallinksmanager029f6b8e52c=\"403\" title=\"Przeprowadzka na Hawaje? Koszty \u017cycia i wskaz\u00f3wki dotycz\u0105ce relokacji w 2023 r.\">Hawaje<\/a>.\"<\/em> - Robin przez <a href=\"https:\/\/www.facebook.com\/pg\/RoyalHawaiianMV\/reviews\/\" target=\"_blank\" rel=\"noopener\">Facebook<\/a><\/li>\n<li> <em>\"Og\u00f3lnie rzecz bior\u0105c, poleci\u0142bym ich ze wzgl\u0119du na cen\u0119 i jako\u015b\u0107 us\u0142ug\".<\/em> - Ryan poprzez <a href=\"https:\/\/www.yelp.com\/biz\/royal-hawaiian-movers-honolulu-2?hrid=ClTUD764MZQoXt6f0DBLoA&#038;utm_campaign=www_review_share_popup&#038;utm_medium=copy_link&#038;utm_source=(direct)\" target=\"_blank\" rel=\"noopener\">Yelp<\/a><\/li>\n<\/ul>\n<p><strong>Negatywny:<\/strong><\/p>\n<ul>\n<li> <em>\"Z przykro\u015bci\u0105 musz\u0119 stwierdzi\u0107, \u017ce firma royal hawaiian movers to okropni przewo\u017anicy! Zniszczyli nasze rzeczy, niekt\u00f3re z rzeczy moich dziadk\u00f3w zagin\u0119\u0142y\".<\/em> - Sharon przez <a href=\"https:\/\/www.facebook.com\/pg\/RoyalHawaiianMV\/reviews\/\" target=\"_blank\" rel=\"noopener\">Facebook<\/a><\/li>\n<li> <em>\"Pakowali nas w po\u015bpiechu i wykonali fataln\u0105 robot\u0119. Wiele z naszych rzeczy by\u0142o po\u0142amanych i ca\u0142kowicie zniszczonych\".<\/em> - Meghan przez <a href=\"https:\/\/www.yelp.com\/biz\/royal-hawaiian-movers-honolulu-2?hrid=2GCVIxDDbA41_6OusJ2KIQ&#038;utm_campaign=www_review_share_popup&#038;utm_medium=copy_link&#038;utm_source=(direct)\" target=\"_blank\" rel=\"noopener\">Yelp<\/a><\/li>\n<\/ul>\n<div itemprop=\"review\" itemscope itemtype=\"http:\/\/schema.org\/Review\">\n<span itemprop=\"author\" itemscope=\"\" itemtype=\"http:\/\/schema.org\/Organization\"><span itemprop=\"name\">MoverDB.com<\/span><\/span> Przegl\u0105d stron internetowych dla <span itemprop=\"itemreviewed\" itemscope=\"\" itemtype=\"http:\/\/schema.org\/Brand\"><span itemprop=\"name\">Przeprowadzki Royal Hawaiian<\/span><\/span>:<\/p>\n<ol>\n<li> Przejrzyste dane kontaktowe na stronie internetowej (w tym numer telefonu): <strong>Tak<\/strong><\/li>\n<li> \u0141atwe do uzyskania <a href=\"https:\/\/moverdb.com\/pl\/cytaty\/\">oferty na przeprowadzki mi\u0119dzynarodowe<\/a>? (formularz wniosku o wycen\u0119 online): <strong>Tak<\/strong><\/li>\n<li> Przejrzyste informacje na stronie internetowej: <strong>Tak,<\/strong> Przedstawia w zarysie wszystkie us\u0142ugi, nie wdaj\u0105c si\u0119 jednak w zbytnie szczeg\u00f3\u0142y.<\/li>\n<li> Cz\u0142onkostwo w uznanych mi\u0119dzynarodowych organizacjach zajmuj\u0105cych si\u0119 przemieszczaniem: <strong>Tak<\/strong>, (patrz wy\u017cej)<\/li>\n<li> Lista klient\u00f3w i\/lub referencje poprzednich klient\u00f3w: <strong>Tak,<\/strong> i chocia\u017c w sieci mo\u017cna znale\u017a\u0107 kilka negatywnych opinii, najnowsze recenzje s\u0105 w wi\u0119kszo\u015bci pozytywne.<\/li>\n<\/ol>\n<div itemprop=\"reviewRating\" itemscope itemtype=\"http:\/\/schema.org\/Rating\"><meta itemprop=\"worstRating\" content = \"0\" \/><meta itemprop=\"bestRating\" content=\"5\" \/><meta itemprop=\"ratingValue\" content=\"4.5\"><\/div>\n<p><strong>Ocena og\u00f3lna: 4,5\/5<\/strong><br \/>\n<strong>Data przegl\u0105du:<\/strong> <span itemprop=\"datePublished\" content=\"2017-02-26\">26\/02\/2017<\/span>\n<\/div>\n<p>Czytaj wi\u0119cej o <a href=\"https:\/\/moverdb.com\/pl\/firmy-przeprowadzkowe\/\">firmy zajmuj\u0105ce si\u0119 przeprowadzkami mi\u0119dzynarodowymi<\/a> i nasze <a href=\"https:\/\/moverdb.com\/pl\/recenzje\/\">proces przegl\u0105du<\/a>.<\/p>\n<p><strong>Strona internetowa:<\/strong> <a href=\"http:\/\/royalhawaiianmovers.com\/\" target=\"_blank\" rel=\"noopener\">http:\/\/royalhawaiianmovers.com\/<\/a><\/p>","protected":false},"excerpt":{"rendered":"<p>Royal Hawaiian Movers offers its customers various local, inter island and mainland moves. Their services are listed below, together with a company profile and reviews. International, Mainland and Inter Island Moves Door to door Full packing service, fragile items only or DIY packing Disassembly and reassembly of furniture IT removal and set up Unpacking service [&hellip;]<\/p>\n","protected":false},"author":1,"featured_media":0,"parent":0,"menu_order":0,"comment_status":"closed","ping_status":"closed","template":"","meta":{"_genesis_hide_title":false,"_genesis_hide_breadcrumbs":false,"_genesis_hide_singular_image":false,"_genesis_hide_footer_widgets":false,"_genesis_custom_body_class":"","_genesis_custom_post_class":"","_genesis_layout":"","footnotes":""},"class_list":{"0":"post-1540","1":"page","2":"type-page","3":"status-publish","5":"entry"},"_links":{"self":[{"href":"https:\/\/moverdb.com\/pl\/wp-json\/wp\/v2\/pages\/1540","targetHints":{"allow":["GET"]}}],"collection":[{"href":"https:\/\/moverdb.com\/pl\/wp-json\/wp\/v2\/pages"}],"about":[{"href":"https:\/\/moverdb.com\/pl\/wp-json\/wp\/v2\/types\/page"}],"author":[{"embeddable":true,"href":"https:\/\/moverdb.com\/pl\/wp-json\/wp\/v2\/users\/1"}],"replies":[{"embeddable":true,"href":"https:\/\/moverdb.com\/pl\/wp-json\/wp\/v2\/comments?post=1540"}],"version-history":[{"count":7,"href":"https:\/\/moverdb.com\/pl\/wp-json\/wp\/v2\/pages\/1540\/revisions"}],"predecessor-version":[{"id":6234,"href":"https:\/\/moverdb.com\/pl\/wp-json\/wp\/v2\/pages\/1540\/revisions\/6234"}],"wp:attachment":[{"href":"https:\/\/moverdb.com\/pl\/wp-json\/wp\/v2\/media?parent=1540"}],"curies":[{"name":"wp","href":"https:\/\/api.w.org\/{rel}","templated":true}]}}