{"id":1538,"date":"2017-02-23T08:47:51","date_gmt":"2017-02-23T08:47:51","guid":{"rendered":"http:\/\/moverdb.com\/?page_id=1538"},"modified":"2026-01-08T15:20:39","modified_gmt":"2026-01-08T15:20:39","slug":"settelen","status":"publish","type":"page","link":"https:\/\/moverdb.com\/pl\/settelen\/","title":{"rendered":"Settelen - Przeprowadzki mi\u0119dzynarodowe - opinie"},"content":{"rendered":"<p>Settelen to szwajcarska firma z siedzib\u0105 w <a href=\"https:\/\/moverdb.com\/pl\/moving-to-basel\/\" data-internallinksmanager029f6b8e52c=\"263\" title=\"Przeprowadzasz si\u0119 do Bazylei? 2026 Koszty \u017cycia i wskaz\u00f3wki dotycz\u0105ce przeprowadzki\">Bazylea<\/a>. Oferuje swoim klientom szereg us\u0142ug przeprowadzkowych, kt\u00f3re zosta\u0142y wymienione poni\u017cej wraz z profilem firmy i opiniami.<\/p>\n<p><strong>Przeprowadzki i remonty mi\u0119dzynarodowe<\/strong><\/p>\n<ul>\n<li> Dedykowany koordynator przeprowadzki<\/li>\n<li> Od drzwi do drzwi<\/li>\n<li> Pe\u0142na us\u0142uga pakowania, tylko delikatne przedmioty lub pakowanie \"zr\u00f3b to sam\".<\/li>\n<li> Demonta\u017c i ponowny monta\u017c mebli itp.<\/li>\n<li> Skrzynki dostosowane do potrzeb klienta<\/li>\n<li> Sklep z artyku\u0142ami do przeprowadzek dla potrzeb pakowania<\/li>\n<li> Dost\u0119pna pe\u0142na us\u0142uga rozpakowywania<\/li>\n<li> Pomoc w za\u0142atwianiu formalno\u015bci celnych i dokumentacji<\/li>\n<li> Ustalone ubezpieczenie<\/li>\n<li> Przechowywanie kr\u00f3tko- i d\u0142ugoterminowe<\/li>\n<\/ul>\n<p><strong>Przeprowadzki lokalne i na du\u017ce odleg\u0142o\u015bci<\/strong><\/p>\n<ul>\n<li> Dedykowany koordynator przeprowadzki<\/li>\n<li> Od drzwi do drzwi<\/li>\n<li> W razie potrzeby dost\u0119pna jest us\u0142uga pe\u0142nego pakowania<\/li>\n<li> Demonta\u017c i ponowny monta\u017c mebli itp.<\/li>\n<li> W razie potrzeby dost\u0119pna jest us\u0142uga pe\u0142nego rozpakowania<\/li>\n<li> Ustalone ubezpieczenie<\/li>\n<li> Mo\u017cliwo\u015b\u0107 magazynowania kr\u00f3tko- i d\u0142ugoterminowego<\/li>\n<li> W pe\u0142ni zaopatrzony sklep przeprowadzkowy z artyku\u0142ami do pakowania<\/li>\n<\/ul>\n<p><strong>Przeprowadzki firm<\/strong><\/p>\n<ul>\n<li> Dedykowany zesp\u00f3\u0142 przeprowadzkowy<\/li>\n<li> Od drzwi do drzwi<\/li>\n<li> Ruch poza godzinami pracy oszcz\u0119dzaj\u0105cy zak\u0142\u00f3cenia w dzia\u0142alno\u015bci gospodarczej<\/li>\n<li> Demonta\u017c i ponowny monta\u017c mebli<\/li>\n<li> Usuwanie i ponowna instalacja system\u00f3w informatycznych<\/li>\n<li> Us\u0142uga pakowania pe\u0142nego lub cz\u0119\u015bciowego<\/li>\n<li> Ustalone ubezpieczenie<\/li>\n<li> Mo\u017cliwo\u015b\u0107 magazynowania kr\u00f3tko- i d\u0142ugoterminowego<\/li>\n<li> Skrzyniowanie specjalistyczne<\/li>\n<li> Przeprowadzki maszyn ci\u0119\u017ckich<\/li>\n<li> Winda zewn\u0119trzna<\/li>\n<\/ul>\n<p><strong>Przeprowadzki specjalne<\/strong><\/p>\n<ul>\n<li> Targi i wystawy<\/li>\n<li> Sztuka i antyki<\/li>\n<li> Maszyny ci\u0119\u017ckie<\/li>\n<li> Towary kruche<\/li>\n<li> Fortepiany i inne instrumenty muzyczne<\/li>\n<li> Towary eksportowe<\/li>\n<\/ul>\n<p><strong>Transport specjalny<\/strong><\/p>\n<ul>\n<li> Do ci\u0119\u017ckich, nietypowych przedmiot\u00f3w i miejsc<\/li>\n<li> Logistyka i organizacja<\/li>\n<li> Wyb\u00f3r pojazdu<\/li>\n<li> Wyznaczanie trasy<\/li>\n<li> Uzyskanie niezb\u0119dnych licencji<\/li>\n<\/ul>\n<p><strong>Przechowywanie<\/strong><\/p>\n<ul>\n<li> Pojemniki drewniane<\/li>\n<li> Ochrona 24\/7<\/li>\n<li> Regularne kontrole kontener\u00f3w<\/li>\n<li> Dost\u0119pne specjalne opakowania jednostkowe i zbiorcze<\/li>\n<\/ul>\n<p><strong>Wypo\u017cyczalnia samochod\u00f3w Settelen<\/strong><\/p>\n<ul>\n<li> Pojazdy osobowe<\/li>\n<li> Samochody dostawcze i pickupy<\/li>\n<li> Minibusy<\/li>\n<li> Pojazdy specjalnego przeznaczenia<\/li>\n<\/ul>\n<h2>Profil firmy Settelen<\/h2>\n<p>Settelen AG ma siedzib\u0119 w Bazylei, <a href=\"https:\/\/moverdb.com\/pl\/moving-to-switzerland\/\" data-internallinksmanager029f6b8e52c=\"327\" title=\"Przeprowadzka do Szwajcarii? Koszty \u017cycia i wskaz\u00f3wki dotycz\u0105ce relokacji w 2023 r.\">Szwajcaria<\/a>. Ta prywatna firma zosta\u0142a za\u0142o\u017cona w 1883 roku. Jej g\u0142\u00f3wnym obszarem dzia\u0142alno\u015bci jest transport i logistyka, a sp\u00f3\u0142ki zale\u017cne zajmuj\u0105 si\u0119 wynajmem pojazd\u00f3w, podr\u00f3\u017cami autokarowymi oraz konserwacj\u0105 i napraw\u0105 pojazd\u00f3w silnikowych.<\/p>\n<p>Firma Settelen organizuje przeprowadzki mi\u0119dzynarodowe, dalekie i lokalne dla os\u00f3b prywatnych i firm.<\/p>\n<p>Settelen posiada nast\u0119puj\u0105ce akredytacje i przynale\u017cno\u015bci:<\/p>\n<ul>\n<li> <a href=\"https:\/\/moverdb.com\/pl\/fidi-faim\/\">Federacja Mi\u0119dzynarodowych Firm Przeprowadzkowych<\/a> (<a href=\"https:\/\/moverdb.com\/pl\/fidi-faim\/\" data-internallinksmanager029f6b8e52c=\"16\" title=\"FIDI i FAIM (FIDI Accredited International Mover) - obja\u015bnienia\">FIDI<\/a>)<\/li>\n<li> Szwajcarskie Stowarzyszenie Transportu Drogowego (ASTAG)<\/li>\n<li> AGVS<\/li>\n<\/ul>\n<h2>Recenzje firmy Settelen<\/h2>\n<p>Settelen nie ma obecnie recenzji w j\u0119zyku angielskim, ale w serwisie Google Reviews ma 4,1 gwiazdki.<\/p>\n<div itemprop=\"review\" itemscope itemtype=\"http:\/\/schema.org\/Review\">\n<span itemprop=\"author\" itemscope=\"\" itemtype=\"http:\/\/schema.org\/Organization\"><span itemprop=\"name\">MoverDB.com<\/span><\/span> Przegl\u0105d stron internetowych dla <span itemprop=\"itemreviewed\" itemscope=\"\" itemtype=\"http:\/\/schema.org\/Brand\"><span itemprop=\"name\">Settelen<\/span><\/span>:<\/p>\n<ol>\n<li> Przejrzyste dane kontaktowe na stronie internetowej (w tym numer telefonu): <strong>Tak<\/strong><\/li>\n<li> \u0141atwe do uzyskania <a href=\"https:\/\/moverdb.com\/pl\/cytaty\/\">oferty na przeprowadzki mi\u0119dzynarodowe<\/a>? (formularz wniosku o wycen\u0119 online): <strong>Tak<\/strong><\/li>\n<li> Przejrzyste informacje na stronie internetowej: <strong>Ograniczona<\/strong> Na stronie internetowej wymieniono us\u0142ugi, ale nie podano zbyt wielu szczeg\u00f3\u0142\u00f3w.<\/li>\n<li> Cz\u0142onkostwo w uznanych mi\u0119dzynarodowych organizacjach zajmuj\u0105cych si\u0119 przemieszczaniem: <strong>Tak<\/strong>, (patrz wy\u017cej)<\/li>\n<li> Lista klient\u00f3w i\/lub referencje poprzednich klient\u00f3w: <strong>Nie,<\/strong> a informacje o nich dost\u0119pne gdzie indziej s\u0105 bardzo ograniczone.<\/li>\n<\/ol>\n<div itemprop=\"reviewRating\" itemscope itemtype=\"http:\/\/schema.org\/Rating\"><meta itemprop=\"worstRating\" content = \"0\" \/><meta itemprop=\"bestRating\" content=\"5\" \/><meta itemprop=\"ratingValue\" content=\"4\"><\/div>\n<p><strong>Ocena og\u00f3lna: 4\/5<\/strong><br \/>\n<strong>Data przegl\u0105du:<\/strong> <span itemprop=\"datePublished\" content=\"2017-02-23\">23\/02\/2017<\/span>\n<\/div>\n<p>Czytaj wi\u0119cej o <a href=\"https:\/\/moverdb.com\/pl\/firmy-przeprowadzkowe\/\">firmy zajmuj\u0105ce si\u0119 przeprowadzkami mi\u0119dzynarodowymi<\/a> i nasze <a href=\"https:\/\/moverdb.com\/pl\/recenzje\/\">proces przegl\u0105du<\/a>.<\/p>\n<p><strong>Strony internetowe:<\/strong> <a href=\"http:\/\/www.settelen.ch\/\" target=\"_blank\" rel=\"noopener\">http:\/\/www.settelen.ch\/<\/a><\/p>","protected":false},"excerpt":{"rendered":"<p>Settelen is Swiss company based in Basel. It offers its customers a range of moving services which are listed below, together with a company profile and reviews. International Moving &#038; Removals Dedicated move coordinator Door to door Full packing service, fragile items only or DIY packing Disassembly and reassembly of furniture etc Customised crates Removal [&hellip;]<\/p>\n","protected":false},"author":1,"featured_media":0,"parent":0,"menu_order":0,"comment_status":"closed","ping_status":"closed","template":"","meta":{"_genesis_hide_title":false,"_genesis_hide_breadcrumbs":false,"_genesis_hide_singular_image":false,"_genesis_hide_footer_widgets":false,"_genesis_custom_body_class":"","_genesis_custom_post_class":"","_genesis_layout":"","footnotes":""},"class_list":{"0":"post-1538","1":"page","2":"type-page","3":"status-publish","5":"entry"},"_links":{"self":[{"href":"https:\/\/moverdb.com\/pl\/wp-json\/wp\/v2\/pages\/1538","targetHints":{"allow":["GET"]}}],"collection":[{"href":"https:\/\/moverdb.com\/pl\/wp-json\/wp\/v2\/pages"}],"about":[{"href":"https:\/\/moverdb.com\/pl\/wp-json\/wp\/v2\/types\/page"}],"author":[{"embeddable":true,"href":"https:\/\/moverdb.com\/pl\/wp-json\/wp\/v2\/users\/1"}],"replies":[{"embeddable":true,"href":"https:\/\/moverdb.com\/pl\/wp-json\/wp\/v2\/comments?post=1538"}],"version-history":[{"count":3,"href":"https:\/\/moverdb.com\/pl\/wp-json\/wp\/v2\/pages\/1538\/revisions"}],"predecessor-version":[{"id":6236,"href":"https:\/\/moverdb.com\/pl\/wp-json\/wp\/v2\/pages\/1538\/revisions\/6236"}],"wp:attachment":[{"href":"https:\/\/moverdb.com\/pl\/wp-json\/wp\/v2\/media?parent=1538"}],"curies":[{"name":"wp","href":"https:\/\/api.w.org\/{rel}","templated":true}]}}