{"id":1528,"date":"2017-02-01T16:05:53","date_gmt":"2017-02-01T16:05:53","guid":{"rendered":"http:\/\/moverdb.com\/?page_id=1528"},"modified":"2026-01-08T15:20:40","modified_gmt":"2026-01-08T15:20:40","slug":"shipco-transport","status":"publish","type":"page","link":"https:\/\/moverdb.com\/pl\/shipco-transport\/","title":{"rendered":"Shipco Transport - opinie o przeprowadzkach mi\u0119dzynarodowych"},"content":{"rendered":"<p>Shipco Transport oferuje us\u0142ugi frachtu morskiego i lotniczego profesjonalnym firmom zajmuj\u0105cym si\u0119 przeprowadzkami i przemieszczaniem artyku\u0142\u00f3w gospodarstwa domowego, a nie osobom prywatnym. Us\u0142ugi firmy s\u0105 wymienione poni\u017cej, wraz z profilem firmy i opiniami.<\/p>\n<p><strong>Mi\u0119dzynarodowy przep\u0142yw artyku\u0142\u00f3w gospodarstwa domowego<\/strong><\/p>\n<ul>\n<li> <a href=\"https:\/\/moverdb.com\/pl\/przeladunek-w-kontenerach\/\">Mi\u0119dzynarodowa \u017cegluga kontenerowa<\/a><\/li>\n<li>Za po\u015brednictwem profesjonalnych firm zajmuj\u0105cych si\u0119 przeprowadzkami artyku\u0142\u00f3w gospodarstwa domowego<\/li>\n<li>Za po\u015brednictwem profesjonalnych firm przeprowadzkowych<\/li>\n<li>LCL<\/li>\n<li>FCL<\/li>\n<li>Fracht lotniczy<\/li>\n<li>Mo\u017cliwo\u015b\u0107 odbioru z magazynu firmy pakuj\u0105cej<\/li>\n<\/ul>\n<p><strong>Fracht morski LCL<\/strong><\/p>\n<ul>\n<li>Gwarantowana neutralna bezpo\u015brednia konsolidacja w stanie nienaruszonym z minimaln\u0105 obs\u0142ug\u0105 \u0142adunku<\/li>\n<li>Dedykowana obs\u0142uga klienta zapewniaj\u0105ca rozwi\u0105zania dostosowane do potrzeb<\/li>\n<li>Przewo\u017anicy premium i konkurencyjne stawki powi\u0105zane z globalnymi rozk\u0142adami rejs\u00f3w w czasie rzeczywistym<\/li>\n<\/ul>\n<p><strong>Fracht morski FCL<\/strong><\/p>\n<ul>\n<li> R\u00f3\u017cnorodno\u015b\u0107 us\u0142ug dzi\u0119ki ponad 40 umowom z przewo\u017anikami oceanicznymi<\/li>\n<li> Pe\u0142ny zakres przewoz\u00f3w l\u0105dowych w <a href=\"https:\/\/moverdb.com\/pl\/moving-to-the-united-states\/\" data-internallinksmanager029f6b8e52c=\"94\" title=\"Przeprowadzasz si\u0119 do Stan\u00f3w Zjednoczonych? 2026 Koszty \u017cycia i wskaz\u00f3wki dotycz\u0105ce przeprowadzki\">USA<\/a> z 44,000+ kod\u00f3w pocztowych<\/li>\n<li> Szybka realizacja stawek za drzwi, ramp\u0119 i <a href=\"https:\/\/moverdb.com\/pl\/top-49-container-ports\/\" data-internallinksmanager029f6b8e52c=\"80\" title=\"49 najwi\u0119kszych i najbardziej ruchliwych port\u00f3w kontenerowych w 2025 r.\">port<\/a> us\u0142ugi. Tysi\u0105ce tras w ci\u0105gu kilku chwil<\/li>\n<\/ul>\n<p><strong>Projekty oceaniczne i \u0142adunki specjalistyczne<\/strong><\/p>\n<ul>\n<li>Us\u0142ugi Break Bulk, RoRo, Out of Gauge i Reefer<\/li>\n<li>Przew\u00f3z \u0142adunk\u00f3w ponadgabarytowych, \u0142adunk\u00f3w z pozwoleniem i kontener\u00f3w na terenie ca\u0142ego kraju<\/li>\n<li>Za\u0142adunek, pakowanie i st\u0119\u017canie<\/li>\n<li>Konkurencyjne stawki dzi\u0119ki naszej rozbudowanej sieci przewo\u017anik\u00f3w morskich i lotniczych, magazyn\u00f3w, firm transportowych i d\u017awigowych<\/li>\n<li>Czartery lotnicze Split\/Full i przesy\u0142ki OAG<\/li>\n<\/ul>\n<p><strong>Fracht lotniczy<\/strong><\/p>\n<ul>\n<li>Umowy z ponad 100 liniami lotniczymi<\/li>\n<li>Pickup<\/li>\n<li>Magazynowanie<\/li>\n<li>Us\u0142ugi w zakresie etykietowania i dokumentacji<\/li>\n<li>Dzia\u0142ania zwi\u0105zane z zam\u00f3wieniami zakupu<\/li>\n<\/ul>\n<h2>Profil firmy Shipco Transport<\/h2>\n<p>Shipco Transport Inc. jest sp\u00f3\u0142k\u0105 zale\u017cn\u0105 Scan Group A\/S, Kopenhaga, kt\u00f3ra rozpocz\u0119\u0142a dzia\u0142alno\u015b\u0107 we wrze\u015bniu 1988 roku. <a href=\"https:\/\/moverdb.com\/pl\/przeprowadzka-do-nyc\/\">Nowy Jork<\/a>. Jest to wiod\u0105cy <a href=\"https:\/\/moverdb.com\/pl\/spedytor\/\">NVOCC<\/a>. Pocz\u0105tkowo jej celem by\u0142o przyjmowanie \u0142adunk\u00f3w FCL z Azji. Obecnie firma koncentruje si\u0119 g\u0142\u00f3wnie na konsolidacji LCL.<\/p>\n<p>Obecnie Shipco ma ponad 75 biur w 30 krajach na ca\u0142ym \u015bwiecie i zatrudnia ponad 2200 os\u00f3b. Shipco oferuje swoim klientom us\u0142ugi frachtu morskiego LCL i FCL oraz frachtu lotniczego.<\/p>\n<p>Shipco Transport posiada nast\u0119puj\u0105ce akredytacje i przynale\u017cno\u015bci: -<\/p>\n<ul>\n<li><a href=\"https:\/\/moverdb.com\/pl\/jestem\/\" target=\"_blank\" rel=\"noopener\">Mi\u0119dzynarodowe Stowarzyszenie Przewo\u017anik\u00f3w<\/a> (<a href=\"https:\/\/moverdb.com\/pl\/iam\/\" data-internallinksmanager029f6b8e52c=\"23\" title=\"Mi\u0119dzynarodowe Stowarzyszenie Przewo\u017anik\u00f3w (IAM) - obja\u015bnienia\">IAM<\/a>)<\/li>\n<li>Grupa skanuj\u0105ca<\/li>\n<li>World Wide Alliance (WWA)<\/li>\n<li>Grupa ds. \u0142adunk\u00f3w lotniczych<\/li>\n<\/ul>\n<h2>Shipco Transport Reviews<\/h2>\n<p><strong>Pozytywne:<\/strong><\/p>\n<ul>\n<li><em>\"Wysy\u0142a\u0142em wszystko co posiada\u0142em z San Diego do <a href=\"https:\/\/moverdb.com\/pl\/moving-companies\/moving-companies-honduras\/\" data-internallinksmanager029f6b8e52c=\"233\" title=\"2 Najlepsze mi\u0119dzynarodowe firmy przeprowadzkowe w Hondurasie\">Honduras<\/a>, Shipco by\u0142o wspania\u0142e.\" <\/em>Madison K przez <a href=\"https:\/\/www.yelp.co.uk\/biz\/shipco-transport-long-beach?hrid=hfrOGEwsoHzhivf1ODT9DQ&#038;utm_campaign=www_review_share_popup&#038;utm_medium=copy_link&#038;utm_source=(direct)\" target=\"_blank\" rel=\"noopener\">Yelp<\/a>.\n<li><em>\"Naprawd\u0119 dobra obs\u0142uga. \u017badnych problem\u00f3w\".<\/em> - Dawn C przez <a href=\"https:\/\/www.tryfleet.com\/freight-forwarder-profile\/shipco-transport-inc\" target=\"_blank\" rel=\"noopener\">Flota<\/a><\/li>\n<\/ul>\n<p><strong>Negatywny:<\/strong><\/p>\n<ul>\n<li><em>\"Najgorsza firma, z jak\u0105 kiedykolwiek mia\u0142em do czynienia. Zatrzymali moj\u0105 przesy\u0142k\u0119 na 2 tygodnie, mimo \u017ce zap\u0142acono za ni\u0105 w ca\u0142o\u015bci i nie chcieli jej wyda\u0107.\" <\/em>Houman M przez <a href=\"https:\/\/www.yelp.co.uk\/biz\/shipco-transport-long-beach?hrid=0lZOxg3aNnePXUGvOv7fxw&#038;utm_campaign=www_review_share_popup&#038;utm_medium=copy_link&#038;utm_source=(direct)\" target=\"_blank\" rel=\"noopener\">Yelp<\/a><\/li>\n<\/ul>\n<div itemprop=\"review\" itemscope itemtype=\"http:\/\/schema.org\/Review\">\n<span itemprop=\"author\" itemscope=\"\" itemtype=\"http:\/\/schema.org\/Organization\"><span itemprop=\"name\">MoverDB.com<\/span><\/span> Przegl\u0105d stron internetowych dla <span itemprop=\"itemreviewed\" itemscope=\"\" itemtype=\"http:\/\/schema.org\/Brand\"><span itemprop=\"name\">Shipco Transport<\/span><\/span>:<\/p>\n<ol>\n<li> Przejrzyste dane kontaktowe na stronie internetowej (w tym numer telefonu): <strong>Tak<\/strong><\/li>\n<li> \u0141atwe do uzyskania <a href=\"https:\/\/moverdb.com\/pl\/cytaty\/\">oferty na przeprowadzki mi\u0119dzynarodowe<\/a>? (formularz wniosku o wycen\u0119 online): <strong>Tak<\/strong><\/li>\n<li> Przejrzyste informacje na stronie internetowej: <strong>Tak,<\/strong> na stronie internetowej przedstawiono wszystkie us\u0142ugi frachtowe i spedycyjne.<\/li>\n<li> Cz\u0142onkostwo w uznanych mi\u0119dzynarodowych organizacjach zajmuj\u0105cych si\u0119 przemieszczaniem: <strong>Tak<\/strong>, (patrz wy\u017cej)<\/li>\n<li> Lista klient\u00f3w i\/lub referencje poprzednich klient\u00f3w. <strong>Nie,<\/strong> nie na ich stronie internetowej, ale na og\u00f3\u0142 maj\u0105 pozytywne opinie.<\/li>\n<\/ol>\n<div itemprop=\"reviewRating\" itemscope itemtype=\"http:\/\/schema.org\/Rating\"><meta itemprop=\"worstRating\" content = \"0\" \/><meta itemprop=\"bestRating\" content=\"5\" \/><meta itemprop=\"ratingValue\" content=\"4\"><\/div>\n<p><strong>Ocena og\u00f3lna: 4\/5<\/strong><br \/>\n<strong>Data przegl\u0105du:<\/strong> <span itemprop=\"datePublished\" content=\"2017-02-01\">01\/02\/2017<\/span>\n<\/div>\n<p>Czytaj wi\u0119cej o <a href=\"https:\/\/moverdb.com\/pl\/firmy-przeprowadzkowe\/\">firmy zajmuj\u0105ce si\u0119 przeprowadzkami mi\u0119dzynarodowymi<\/a>, <a href=\"https:\/\/moverdb.com\/pl\/firmy-spedycyjne\/\">przedsi\u0119biorstwa \u017ceglugi kontenerowej<\/a> i nasze <a href=\"https:\/\/moverdb.com\/pl\/recenzje\/\">proces przegl\u0105du<\/a>.<\/p>\n<p><strong>Strona internetowa:<\/strong> <a href=\"https:\/\/www.shipco.com\/\" target=\"_blank\" rel=\"noopener\">https:\/\/www.shipco.com\/<\/a><\/p>","protected":false},"excerpt":{"rendered":"<p>Shipco Transport offers ocean and air freight services to professional household goods movers and relocation companies, not individuals. Its services are listed below, together with a company profile and reviews. International Movement of Household Goods International container shipping Through professional household goods movers Through professional relocation companies LCL FCL Airfreight Collection from packer&#8217;s warehouse available [&hellip;]<\/p>\n","protected":false},"author":1,"featured_media":0,"parent":0,"menu_order":0,"comment_status":"closed","ping_status":"closed","template":"","meta":{"_genesis_hide_title":false,"_genesis_hide_breadcrumbs":false,"_genesis_hide_singular_image":false,"_genesis_hide_footer_widgets":false,"_genesis_custom_body_class":"","_genesis_custom_post_class":"","_genesis_layout":"","footnotes":""},"class_list":{"0":"post-1528","1":"page","2":"type-page","3":"status-publish","5":"entry"},"_links":{"self":[{"href":"https:\/\/moverdb.com\/pl\/wp-json\/wp\/v2\/pages\/1528","targetHints":{"allow":["GET"]}}],"collection":[{"href":"https:\/\/moverdb.com\/pl\/wp-json\/wp\/v2\/pages"}],"about":[{"href":"https:\/\/moverdb.com\/pl\/wp-json\/wp\/v2\/types\/page"}],"author":[{"embeddable":true,"href":"https:\/\/moverdb.com\/pl\/wp-json\/wp\/v2\/users\/1"}],"replies":[{"embeddable":true,"href":"https:\/\/moverdb.com\/pl\/wp-json\/wp\/v2\/comments?post=1528"}],"version-history":[{"count":7,"href":"https:\/\/moverdb.com\/pl\/wp-json\/wp\/v2\/pages\/1528\/revisions"}],"predecessor-version":[{"id":6237,"href":"https:\/\/moverdb.com\/pl\/wp-json\/wp\/v2\/pages\/1528\/revisions\/6237"}],"wp:attachment":[{"href":"https:\/\/moverdb.com\/pl\/wp-json\/wp\/v2\/media?parent=1528"}],"curies":[{"name":"wp","href":"https:\/\/api.w.org\/{rel}","templated":true}]}}