{"id":14660,"date":"2023-11-22T15:45:02","date_gmt":"2023-11-22T15:45:02","guid":{"rendered":"https:\/\/moverdb.com\/?page_id=14660"},"modified":"2026-01-08T15:30:23","modified_gmt":"2026-01-08T15:30:23","slug":"moving-companies-usa","status":"publish","type":"page","link":"https:\/\/moverdb.com\/pl\/moving-companies\/moving-companies-usa\/","title":{"rendered":"Najlepsze firmy przeprowadzkowe w Stanach Zjednoczonych wed\u0142ug miast i stan\u00f3w"},"content":{"rendered":"<h2>Wed\u0142ug stanu<\/h2>\n<ul>\n<li> <a href=\"https:\/\/moverdb.com\/pl\/firmy-przeprowadzkowe\/moving-companies-alabama\/\">Alabama<\/a><\/li>\n<li> <a href=\"https:\/\/moverdb.com\/pl\/firmy-przeprowadzkowe\/moving-companies-us-alaska\/\">Alaska<\/a><\/li>\n<li> <a href=\"https:\/\/moverdb.com\/pl\/firmy-przeprowadzkowe\/moving-companies-us-arizona\/\">Arizona<\/a><\/li>\n<li> <a href=\"https:\/\/moverdb.com\/pl\/firmy-przeprowadzkowe\/moving-companies-us-california\/\">Kalifornia<\/a><\/li>\n<li> <a href=\"https:\/\/moverdb.com\/pl\/firmy-przeprowadzkowe\/moving-companies-us-colorado\/\">Kolorado<\/a><\/li>\n<li> <a href=\"https:\/\/moverdb.com\/pl\/firmy-przeprowadzkowe\/moving-companies-us-connecticut\/\">Connecticut<\/a><\/li>\n<li> <a href=\"https:\/\/moverdb.com\/pl\/firmy-przeprowadzkowe\/moving-companies-us-florida\/\">Floryda<\/a><\/li>\n<li> <a href=\"https:\/\/moverdb.com\/pl\/firmy-przeprowadzkowe\/moving-companies-us-georgia\/\">Georgia<\/a><\/li>\n<li> <a href=\"https:\/\/moverdb.com\/pl\/firmy-przeprowadzkowe\/moving-companies-idaho\/\">Idaho<\/a><\/li>\n<li> <a href=\"https:\/\/moverdb.com\/pl\/firmy-przeprowadzkowe\/moving-companies-us-indiana\/\">Indiana<\/a><\/li>\n<li> <a href=\"https:\/\/moverdb.com\/pl\/firmy-przeprowadzkowe\/moving-companies-us-hawaii\/\">Hawaje<\/a><\/li>\n<li> <a href=\"https:\/\/moverdb.com\/pl\/firmy-przeprowadzkowe\/moving-companies-us-illinois\/\">Illinois<\/a><\/li>\n<li> <a href=\"https:\/\/moverdb.com\/pl\/firmy-przeprowadzkowe\/moving-companies-maryland\/\">Maryland<\/a><\/li>\n<li> <a href=\"https:\/\/moverdb.com\/pl\/firmy-przeprowadzkowe\/moving-companies-massachusetts\/\">Massachusetts<\/a><\/li>\n<li> <a href=\"https:\/\/moverdb.com\/pl\/firmy-przeprowadzkowe\/moving-companies-us-michigan\/\">Michigan<\/a><\/li>\n<li> <a href=\"https:\/\/moverdb.com\/pl\/firmy-przeprowadzkowe\/moving-companies-us-minnesota\/\">Minnesota<\/a><\/li>\n<li> <a href=\"https:\/\/moverdb.com\/pl\/firmy-przeprowadzkowe\/moving-companies-us-missouri\/\">Missouri<\/a><\/li>\n<li> <a href=\"https:\/\/moverdb.com\/pl\/firmy-przeprowadzkowe\/moving-companies-montana\/\">Montana<\/a><\/li>\n<li> <a href=\"https:\/\/moverdb.com\/pl\/firmy-przeprowadzkowe\/moving-companies-nevada\/\">Nevada<\/a><\/li>\n<li> <a href=\"https:\/\/moverdb.com\/pl\/firmy-przeprowadzkowe\/moving-companies-us-new-jersey\/\">New Jersey<\/a><\/li>\n<li> <a href=\"https:\/\/moverdb.com\/pl\/firmy-przeprowadzkowe\/moving-company-us-new-mexico\/\">Nowy Meksyk<\/a><\/li>\n<li> <a href=\"https:\/\/moverdb.com\/pl\/firmy-przeprowadzkowe\/moving-companies-us-new-york\/\">Nowy Jork<\/a><\/li>\n<li> <a href=\"https:\/\/moverdb.com\/pl\/firmy-przeprowadzkowe\/moving-companies-us-north-carolina\/\">Karolina P\u00f3\u0142nocna<\/a><\/li>\n<li> <a href=\"https:\/\/moverdb.com\/pl\/firmy-przeprowadzkowe\/moving-companies-us-ohio\/\">Ohio<\/a><\/li>\n<li> <a href=\"https:\/\/moverdb.com\/pl\/firmy-przeprowadzkowe\/moving-companies-us-pennsylvania\/\">Pensylwania<\/a><\/li>\n<li> <a href=\"https:\/\/moverdb.com\/pl\/firmy-przeprowadzkowe\/moving-companies-us-south-carolina\/\">Karolina Po\u0142udniowa<\/a><\/li>\n<li> <a href=\"https:\/\/moverdb.com\/pl\/firmy-przeprowadzkowe\/moving-companies-us-tennessee\/\">Tennessee<\/a><\/li>\n<li> <a href=\"https:\/\/moverdb.com\/pl\/firmy-przeprowadzkowe\/moving-companies-us-texas\/\">Teksas<\/a><\/li>\n<li> <a href=\"https:\/\/moverdb.com\/pl\/firmy-przeprowadzkowe\/moving-companies-us-utah\/\">Utah<\/a><\/li>\n<li> <a href=\"https:\/\/moverdb.com\/pl\/firmy-przeprowadzkowe\/moving-companies-us-virginia\/\">Wirginia<\/a><\/li>\n<li> <a href=\"https:\/\/moverdb.com\/pl\/firmy-przeprowadzkowe\/moving-companies-washington-state\/\">Washington<\/a><\/li>\n<\/ul>\n<h2>Przez miasto<\/h2>\n<ul>\n<li> <a href=\"https:\/\/moverdb.com\/pl\/firmy-przeprowadzkowe\/moving-companies-us-alexandria\/\">Aleksandria<\/a><\/li>\n<li> <a href=\"https:\/\/moverdb.com\/pl\/firmy-przeprowadzkowe\/moving-companies-us-danbury\/\">Danbury<\/a><\/li>\n<li> <a href=\"https:\/\/moverdb.com\/pl\/firmy-przeprowadzkowe\/moving-companies-in-el-paso-usa\/\">El Paso<\/a><\/li>\n<li> <a href=\"https:\/\/moverdb.com\/pl\/firmy-przeprowadzkowe\/moving-companies-us-gaithersburg\/\">Gaithersburg<\/a><\/li>\n<li> <a href=\"https:\/\/moverdb.com\/pl\/firmy-przeprowadzkowe\/moving-companies-in-honolulu-usa\/\">Honolulu<\/a><\/li>\n<li> <a href=\"https:\/\/moverdb.com\/pl\/firmy-przeprowadzkowe\/moving-companies-houston\/\">Houston<\/a><\/li>\n<li> <a href=\"https:\/\/moverdb.com\/pl\/firmy-przeprowadzkowe\/moving-companies-us-jacksonville\/\">Jacksonville<\/a><\/li>\n<li> <a href=\"https:\/\/moverdb.com\/pl\/firmy-przeprowadzkowe\/moving-companies-los-angeles\/\">Los Angeles<\/a><\/li>\n<li> <a href=\"https:\/\/moverdb.com\/pl\/firmy-przeprowadzkowe\/moving-companies-us-miami\/\">Miami<\/a><\/li>\n<li> <a href=\"https:\/\/moverdb.com\/pl\/firmy-przeprowadzkowe\/moving-companies-us-san-diego\/\">San Diego<\/a><\/li>\n<li> <a href=\"https:\/\/moverdb.com\/pl\/firmy-przeprowadzkowe\/moving-companies-us-seattle\/\">Seattle<\/a><\/li>\n<li> <a href=\"https:\/\/moverdb.com\/pl\/firmy-przeprowadzkowe\/moving-companies-us-sterling\/\">Sterling<\/a><\/li>\n<\/ul>","protected":false},"excerpt":{"rendered":"<p>Wed\u0142ug stanu Alabama Alaska Arizona Kalifornia Kolorado Connecticut Floryda Georgia Idaho Indiana Hawaje Illinois Maryland Massachusetts Michigan Minnesota Missouri Montana Nevada New Jersey Nowy Meksyk Nowy Jork Karolina P\u00f3\u0142nocna Ohio Pensylwania Karolina Po\u0142udniowa Tennessee Teksas Utah Wirginia Waszyngton Wed\u0142ug miasta Alexandria Danbury El Paso Gaithersburg Honolulu Houston Jacksonville Los Angeles Miami San Diego Seattle Sterling<\/p>","protected":false},"author":1,"featured_media":0,"parent":190,"menu_order":0,"comment_status":"closed","ping_status":"closed","template":"","meta":{"_genesis_hide_title":false,"_genesis_hide_breadcrumbs":false,"_genesis_hide_singular_image":false,"_genesis_hide_footer_widgets":false,"_genesis_custom_body_class":"","_genesis_custom_post_class":"","_genesis_layout":"","footnotes":""},"class_list":{"0":"post-14660","1":"page","2":"type-page","3":"status-publish","5":"entry"},"_links":{"self":[{"href":"https:\/\/moverdb.com\/pl\/wp-json\/wp\/v2\/pages\/14660","targetHints":{"allow":["GET"]}}],"collection":[{"href":"https:\/\/moverdb.com\/pl\/wp-json\/wp\/v2\/pages"}],"about":[{"href":"https:\/\/moverdb.com\/pl\/wp-json\/wp\/v2\/types\/page"}],"author":[{"embeddable":true,"href":"https:\/\/moverdb.com\/pl\/wp-json\/wp\/v2\/users\/1"}],"replies":[{"embeddable":true,"href":"https:\/\/moverdb.com\/pl\/wp-json\/wp\/v2\/comments?post=14660"}],"version-history":[{"count":40,"href":"https:\/\/moverdb.com\/pl\/wp-json\/wp\/v2\/pages\/14660\/revisions"}],"predecessor-version":[{"id":15078,"href":"https:\/\/moverdb.com\/pl\/wp-json\/wp\/v2\/pages\/14660\/revisions\/15078"}],"up":[{"embeddable":true,"href":"https:\/\/moverdb.com\/pl\/wp-json\/wp\/v2\/pages\/190"}],"wp:attachment":[{"href":"https:\/\/moverdb.com\/pl\/wp-json\/wp\/v2\/media?parent=14660"}],"curies":[{"name":"wp","href":"https:\/\/api.w.org\/{rel}","templated":true}]}}