{"id":14474,"date":"2023-11-08T15:57:06","date_gmt":"2023-11-08T15:57:06","guid":{"rendered":"https:\/\/moverdb.com\/freight-forwarder\/freight-forwarding-uk\/rossendale-freight-forwarder\/"},"modified":"2026-01-08T14:54:32","modified_gmt":"2026-01-08T14:54:32","slug":"rossendale-freight-forwarder","status":"publish","type":"page","link":"https:\/\/moverdb.com\/pl\/freight-forwarder\/freight-forwarding-uk\/rossendale-freight-forwarder\/","title":{"rendered":"1 Najlepsze firmy spedycyjne w Rossendale (2024)"},"content":{"rendered":"<p>Poni\u017cej przyjrzymy si\u0119 1 <em>\"najlepszy\"<\/em> Firmy spedycyjne w Rossendale spo\u015br\u00f3d 1.<\/p>\n<p>Aby dowiedzie\u0107 si\u0119 wi\u0119cej o tym, jak wybrali\u015bmy najlepszych, zapoznaj si\u0119 z nasz\u0105 sekcj\u0105 FAQ na ko\u0144cu.<\/p>\n<p><em>Nale\u017cy pami\u0119ta\u0107, \u017ce poni\u017csze listy nie s\u0105 u\u0142o\u017cone w okre\u015blonej kolejno\u015bci i nie rekomendujemy \u017cadnej konkretnej firmy.<\/em><\/p>\n<h2>Hawley Logistics<\/h2>\n<p><img decoding=\"async\" src=\"https:\/\/moverdb.com\/wp-content\/uploads\/AF1QipM6YGaNQ_on2LkSlezzDjbAvgmpkWc6j3faAa5lw408-h306-k-no.jpg\" alt='Hawley Logistics' class=\"aligncenter\"><\/p>\n<p><strong>Opis firmy: <\/strong>Oferujemy szeroki zakres metod transportu \u0142adunk\u00f3w krajowych i mi\u0119dzynarodowych, zar\u00f3wno drog\u0105 l\u0105dow\u0105, powietrzn\u0105, jak i morsk\u0105.<\/p>\n<p>Koncentrujemy si\u0119 na <a href=\"https:\/\/moverdb.com\/pl\/moving-to-the-uk\/\" data-internallinksmanager029f6b8e52c=\"93\" title=\"Przeprowadzasz si\u0119 do Wielkiej Brytanii? 2026 Koszty \u017cycia i wskaz\u00f3wki dotycz\u0105ce przeprowadzki\">UK<\/a> dystrybucja bezpo\u015brednia.<\/p>\n<p> Ponadto nasza sie\u0107 logistyczna obejmuje transport drogowy, morski, lotniczy i koordynacj\u0119 logistyczn\u0105.<\/p>\n<p> Jak ju\u017c wspomniano, nasza rozleg\u0142a sie\u0107 oznacza, \u017ce mo\u017cemy zaoferowa\u0107 ekspresow\u0105 dostaw\u0119 nast\u0119pnego dnia w Wielkiej Brytanii oraz w ca\u0142ej Europie kontynentalnej i poza ni\u0105.<\/p>\n<p>Niezale\u017cnie od tego, czy potrzebujesz transportu morskiego, lotniczego czy l\u0105dowego, Hawley Logistics mo\u017ce Ci pom\u00f3c! Nasz zesp\u00f3\u0142 to do\u015bwiadczeni eksperci logistyczni, kt\u00f3rzy ch\u0119tnie udziel\u0105 informacji i odpowiedz\u0105 na wszelkie pytania.<\/p>\n<p> Zadzwo\u0144 pod numer 44 (0) 1706 826322<\/p>\n<p><strong>Us\u0142ugi dodatkowe:<\/strong><\/p>\n<p>Brak na li\u015bcie<\/p>\n<p><strong>Adres:<\/strong> F1 Hurstwood Court, New Hall Hey Rd, Rawtenstall BB4 6HR<\/p>\n<p><a href=\"http:\/\/www.hawleylogistics.co.uk\/\" target=\"_new\" rel=\"noopener\">Strona internetowa Hawley Logistics<\/a><\/p>\n<p><strong>Wynik recenzji: <\/strong>4<br \/> <strong>Liczba recenzji:<\/strong> 4<br \/><a href=\"https:\/\/www.google.co.uk\/maps?cid=6268760766446334449&#038;hl=en&#038;gl=GB\" target=\"_new\" rel=\"noopener\">Przeczytaj recenzje<\/a><\/p>\n<h2>Jak wybrali\u015bmy najlepsze firmy spedycyjne w Rossendale?<\/h2>\n<p>Zacz\u0119li\u015bmy od zbioru danych 1 firm spedycyjnych Rossendale, kt\u00f3re mogli\u015bmy znale\u017a\u0107 za po\u015brednictwem Google Maps i zaw\u0119zili\u015bmy go do 1 najlepszej.<\/p>\n<p>W tym celu usun\u0119li\u015bmy wszystkie firmy, kt\u00f3re<\/p>\n<ul>\n<li> Brak strony internetowej<\/li>\n<li> Brak recenzji<\/li>\n<li> \u015arednia ocena recenzji poni\u017cej 2,0<\/li>\n<\/ul>\n<p>W tym momencie, je\u015bli mieli\u015bmy 17 lub mniej spedytor\u00f3w, wymienili\u015bmy ich wszystkich.<\/p>\n<p>W przypadku miast, w kt\u00f3rych pozosta\u0142o wi\u0119cej ni\u017c 17 spedytor\u00f3w, dokonali\u015bmy dalszych zmian, zwi\u0119kszaj\u0105c wymagan\u0105 ocen\u0119 recenzji (np. z minimum 2,0 do 4,0) i\/lub zwi\u0119kszaj\u0105c minimaln\u0105 liczb\u0119 wymaganych recenzji (np. z co najmniej 1 recenzji do co najmniej 10).<\/p>\n<p>Nale\u017cy pami\u0119ta\u0107, \u017ce wykorzystali\u015bmy tylko dane z Google Maps, a nie z innych witryn internetowych.<\/p>\n<p>Wi\u0119cej miast:<\/p>\n<p><a href=\"https:\/\/moverdb.com\/pl\/spedytor\/freight-forwarding-uk\/wokingham-freight-forwarder\/\">Spedytor z Wokingham<\/a><br \/><a href=\"https:\/\/moverdb.com\/pl\/spedytor\/freight-forwarding-uk\/farnborough-freight-forwarder\/\">Spedytor z Farnborough<\/a><br \/><a href=\"https:\/\/moverdb.com\/pl\/spedytor\/freight-forwarding-uk\/worcester-freight-forwarder\/\">Spedytor z Worcester<\/a><br \/><a href=\"https:\/\/moverdb.com\/pl\/spedytor\/freight-forwarding-uk\/ruislip-freight-forwarder\/\">Spedytor Ruislip<\/a><br \/><a href=\"https:\/\/moverdb.com\/pl\/spedytor\/freight-forwarding-uk\/wythenshawe-freight-forwarder\/\">Spedytor Wythenshawe<\/a><\/p>","protected":false},"excerpt":{"rendered":"<p>Below we look at the 1 &#8220;best&#8221; Freight Forwarding companies in Rossendale out of 1. To learn more about how we chose the best please consult our FAQ section at the end. Please not the following listings are in no particular order and we are not making any recommendations for any particular company. Hawley Logistics [&hellip;]<\/p>\n","protected":false},"author":1,"featured_media":0,"parent":13427,"menu_order":0,"comment_status":"open","ping_status":"open","template":"","meta":{"_genesis_hide_title":false,"_genesis_hide_breadcrumbs":false,"_genesis_hide_singular_image":false,"_genesis_hide_footer_widgets":false,"_genesis_custom_body_class":"","_genesis_custom_post_class":"","_genesis_layout":"","footnotes":""},"class_list":{"0":"post-14474","1":"page","2":"type-page","3":"status-publish","5":"entry"},"_links":{"self":[{"href":"https:\/\/moverdb.com\/pl\/wp-json\/wp\/v2\/pages\/14474","targetHints":{"allow":["GET"]}}],"collection":[{"href":"https:\/\/moverdb.com\/pl\/wp-json\/wp\/v2\/pages"}],"about":[{"href":"https:\/\/moverdb.com\/pl\/wp-json\/wp\/v2\/types\/page"}],"author":[{"embeddable":true,"href":"https:\/\/moverdb.com\/pl\/wp-json\/wp\/v2\/users\/1"}],"replies":[{"embeddable":true,"href":"https:\/\/moverdb.com\/pl\/wp-json\/wp\/v2\/comments?post=14474"}],"version-history":[{"count":1,"href":"https:\/\/moverdb.com\/pl\/wp-json\/wp\/v2\/pages\/14474\/revisions"}],"predecessor-version":[{"id":15627,"href":"https:\/\/moverdb.com\/pl\/wp-json\/wp\/v2\/pages\/14474\/revisions\/15627"}],"up":[{"embeddable":true,"href":"https:\/\/moverdb.com\/pl\/wp-json\/wp\/v2\/pages\/13427"}],"wp:attachment":[{"href":"https:\/\/moverdb.com\/pl\/wp-json\/wp\/v2\/media?parent=14474"}],"curies":[{"name":"wp","href":"https:\/\/api.w.org\/{rel}","templated":true}]}}