{"id":14432,"date":"2023-11-08T15:56:48","date_gmt":"2023-11-08T15:56:48","guid":{"rendered":"https:\/\/moverdb.com\/freight-forwarder\/freight-forwarding-uk\/chatham-freight-forwarder\/"},"modified":"2026-01-08T14:51:06","modified_gmt":"2026-01-08T14:51:06","slug":"chatham-freight-forwarder","status":"publish","type":"page","link":"https:\/\/moverdb.com\/pl\/freight-forwarder\/freight-forwarding-uk\/chatham-freight-forwarder\/","title":{"rendered":"1 Najlepsze firmy spedycyjne w Chatham (2024)"},"content":{"rendered":"<p>Poni\u017cej przyjrzymy si\u0119 1 <em>\"najlepszy\"<\/em> Firmy spedycyjne w Chatham spo\u015br\u00f3d 2.<\/p>\n<p>Aby dowiedzie\u0107 si\u0119 wi\u0119cej o tym, jak wybrali\u015bmy najlepszych, zapoznaj si\u0119 z nasz\u0105 sekcj\u0105 FAQ na ko\u0144cu.<\/p>\n<p><em>Nale\u017cy pami\u0119ta\u0107, \u017ce poni\u017csze listy nie s\u0105 u\u0142o\u017cone w okre\u015blonej kolejno\u015bci i nie rekomendujemy \u017cadnej konkretnej firmy.<\/em><\/p>\n<h2>Invictus Global Logistics Ltd<\/h2>\n<p><img decoding=\"async\" src=\"https:\/\/moverdb.com\/wp-content\/uploads\/thumbnailpanoidf2UELgyAk7hR_BFUwZ8w8wcb_clientsearch.gws-prod.gpsw408h240yaw233.jpg\" alt='Invictus Global Logistics Ltd' class=\"aligncenter\"><\/p>\n<p><strong>Opis firmy: <\/strong>Invictus Global Logistics lub IGL, to szybko rozwijaj\u0105ca si\u0119 specjalistyczna firma logistyczna zapewniaj\u0105ca innowacyjny, profesjonalny i wydajny transport produkt\u00f3w o wysokiej warto\u015bci i wydarze\u0144 na ca\u0142ym \u015bwiecie<br \/>\nJeste\u015bmy ekspertami w zrozumieniu wymaga\u0144 klient\u00f3w i dostarczaniu kompleksowych, dedykowanych, dostosowanych rozwi\u0105za\u0144<\/p>\n<p><strong>Us\u0142ugi dodatkowe:<\/strong><\/p>\n<p>Us\u0142uga logistyczna<\/p>\n<p><strong>Adres:<\/strong> Units 6, 8 Revenge Rd, Chatham ME5 8UD, <a href=\"https:\/\/moverdb.com\/pl\/moving-to-the-uk\/\" data-internallinksmanager029f6b8e52c=\"93\" title=\"Przeprowadzasz si\u0119 do Wielkiej Brytanii? 2026 Koszty \u017cycia i wskaz\u00f3wki dotycz\u0105ce przeprowadzki\">Zjednoczone Kr\u00f3lestwo<\/a><\/p>\n<p><a href=\"http:\/\/www.invictusgloballogistics.com\/\" target=\"_new\" rel=\"noopener\">Strona internetowa Invictus Global Logistics Ltd<\/a><\/p>\n<p><strong>Wynik recenzji: <\/strong>5<br \/> <strong>Liczba recenzji:<\/strong> 1<br \/><a href=\"https:\/\/www.google.co.uk\/maps?cid=9562582192970320680&#038;hl=en&#038;gl=GB\" target=\"_new\" rel=\"noopener\">Przeczytaj recenzje<\/a><\/p>\n<h2>Jak wybrali\u015bmy najlepsze firmy spedycyjne w Chatham?<\/h2>\n<p>Zacz\u0119li\u015bmy od zbioru danych 2 firm spedycyjnych Chatham, kt\u00f3re mogli\u015bmy znale\u017a\u0107 za po\u015brednictwem Google Maps i zaw\u0119zili\u015bmy go do 1 najlepszej.<\/p>\n<p>W tym celu usun\u0119li\u015bmy wszystkie firmy, kt\u00f3re<\/p>\n<ul>\n<li> Brak strony internetowej<\/li>\n<li> Brak recenzji<\/li>\n<li> \u015arednia ocena recenzji poni\u017cej 2,0<\/li>\n<\/ul>\n<p>W tym momencie, je\u015bli mieli\u015bmy 17 lub mniej spedytor\u00f3w, wymienili\u015bmy ich wszystkich.<\/p>\n<p>W przypadku miast, w kt\u00f3rych pozosta\u0142o wi\u0119cej ni\u017c 17 spedytor\u00f3w, dokonali\u015bmy dalszych zmian, zwi\u0119kszaj\u0105c wymagan\u0105 ocen\u0119 recenzji (np. z minimum 2,0 do 4,0) i\/lub zwi\u0119kszaj\u0105c minimaln\u0105 liczb\u0119 wymaganych recenzji (np. z co najmniej 1 recenzji do co najmniej 10).<\/p>\n<p>Nale\u017cy pami\u0119ta\u0107, \u017ce wykorzystali\u015bmy tylko dane z Google Maps, a nie z innych witryn internetowych.<\/p>\n<p>Wi\u0119cej miast:<\/p>\n<p><a href=\"https:\/\/moverdb.com\/pl\/spedytor\/freight-forwarding-uk\/rayleigh-freight-forwarder\/\">Spedytor Rayleigh<\/a><br \/><a href=\"https:\/\/moverdb.com\/pl\/spedytor\/freight-forwarding-uk\/waltham-cross-freight-forwarder\/\">Spedytor z Waltham Cross<\/a><br \/><a href=\"https:\/\/moverdb.com\/pl\/spedytor\/freight-forwarding-uk\/altrincham-freight-forwarder\/\">Spedytor z Altrincham<\/a><br \/><a href=\"https:\/\/moverdb.com\/pl\/spedytor\/freight-forwarding-uk\/addlestone-freight-forwarder\/\">Spedytor z Addlestone<\/a><br \/><a href=\"https:\/\/moverdb.com\/pl\/spedytor\/freight-forwarding-uk\/redhill-freight-forwarder\/\">Spedytor z Redhill<\/a><\/p>","protected":false},"excerpt":{"rendered":"<p>Below we look at the 1 &#8220;best&#8221; Freight Forwarding companies in Chatham out of 2. To learn more about how we chose the best please consult our FAQ section at the end. Please not the following listings are in no particular order and we are not making any recommendations for any particular company. Invictus Global [&hellip;]<\/p>\n","protected":false},"author":1,"featured_media":0,"parent":13427,"menu_order":0,"comment_status":"open","ping_status":"open","template":"","meta":{"_genesis_hide_title":false,"_genesis_hide_breadcrumbs":false,"_genesis_hide_singular_image":false,"_genesis_hide_footer_widgets":false,"_genesis_custom_body_class":"","_genesis_custom_post_class":"","_genesis_layout":"","footnotes":""},"class_list":{"0":"post-14432","1":"page","2":"type-page","3":"status-publish","5":"entry"},"_links":{"self":[{"href":"https:\/\/moverdb.com\/pl\/wp-json\/wp\/v2\/pages\/14432","targetHints":{"allow":["GET"]}}],"collection":[{"href":"https:\/\/moverdb.com\/pl\/wp-json\/wp\/v2\/pages"}],"about":[{"href":"https:\/\/moverdb.com\/pl\/wp-json\/wp\/v2\/types\/page"}],"author":[{"embeddable":true,"href":"https:\/\/moverdb.com\/pl\/wp-json\/wp\/v2\/users\/1"}],"replies":[{"embeddable":true,"href":"https:\/\/moverdb.com\/pl\/wp-json\/wp\/v2\/comments?post=14432"}],"version-history":[{"count":1,"href":"https:\/\/moverdb.com\/pl\/wp-json\/wp\/v2\/pages\/14432\/revisions"}],"predecessor-version":[{"id":15550,"href":"https:\/\/moverdb.com\/pl\/wp-json\/wp\/v2\/pages\/14432\/revisions\/15550"}],"up":[{"embeddable":true,"href":"https:\/\/moverdb.com\/pl\/wp-json\/wp\/v2\/pages\/13427"}],"wp:attachment":[{"href":"https:\/\/moverdb.com\/pl\/wp-json\/wp\/v2\/media?parent=14432"}],"curies":[{"name":"wp","href":"https:\/\/api.w.org\/{rel}","templated":true}]}}