{"id":14374,"date":"2023-11-08T15:56:30","date_gmt":"2023-11-08T15:56:30","guid":{"rendered":"https:\/\/moverdb.com\/freight-forwarder\/freight-forwarding-uk\/oldham-freight-forwarder\/"},"modified":"2026-01-08T14:52:14","modified_gmt":"2026-01-08T14:52:14","slug":"oldham-freight-forwarder","status":"publish","type":"page","link":"https:\/\/moverdb.com\/pl\/freight-forwarder\/freight-forwarding-uk\/oldham-freight-forwarder\/","title":{"rendered":"1 Najlepsze firmy spedycyjne w Oldham (2024)"},"content":{"rendered":"<p>Poni\u017cej przyjrzymy si\u0119 1 <em>\"najlepszy\"<\/em> Firmy spedycyjne w Oldham spo\u015br\u00f3d 2.<\/p>\n<p>Aby dowiedzie\u0107 si\u0119 wi\u0119cej o tym, jak wybrali\u015bmy najlepszych, zapoznaj si\u0119 z nasz\u0105 sekcj\u0105 FAQ na ko\u0144cu.<\/p>\n<p><em>Nale\u017cy pami\u0119ta\u0107, \u017ce poni\u017csze listy nie s\u0105 u\u0142o\u017cone w okre\u015blonej kolejno\u015bci i nie rekomendujemy \u017cadnej konkretnej firmy.<\/em><\/p>\n<h2>Prime Freight Ltd<\/h2>\n<p><img decoding=\"async\" src=\"https:\/\/moverdb.com\/wp-content\/uploads\/thumbnailpanoidLogUzInW7caoXhpzmteocAcb_clientsearch.gws-prod.gpsw408h240yaw113.jpg\" alt='Prime Freight Ltd' class=\"aligncenter\"><\/p>\n<p><strong>Opis firmy: <\/strong>W Prime Freight zapewniamy rozwi\u0105zania dla wszystkich potrzeb transportowych.<\/p>\n<p> Nasze us\u0142ugi obejmuj\u0105:<br \/>\nSamochody dostawcze tego samego dnia.<\/p>\n<p>Pojazdy ci\u0119\u017carowe wszystkich rozmiar\u00f3w.<\/p>\n<p><a href=\"https:\/\/moverdb.com\/pl\/moving-to-the-uk\/\" data-internallinksmanager029f6b8e52c=\"93\" title=\"Przeprowadzasz si\u0119 do Wielkiej Brytanii? 2026 Koszty \u017cycia i wskaz\u00f3wki dotycz\u0105ce przeprowadzki\">UK<\/a> i mi\u0119dzynarodowe.<\/p>\n<p>Pojazdy Moffett &amp; Hiab.<\/p>\n<p>Ci\u0119\u017car\u00f3wki z p\u0142ask\u0105 skrzyni\u0105 \u0142adunkow\u0105.<\/p>\n<p>Ci\u0119\u017car\u00f3wki skrzyniowe i ch\u0142odnie.<\/p>\n<p><strong>Us\u0142ugi dodatkowe:<\/strong><\/p>\n<p>Brak na li\u015bcie<\/p>\n<p><strong>Adres:<\/strong> 139, 143 Union St, Oldham OL1 1TE<\/p>\n<p><a href=\"http:\/\/www.primefreight.co.uk\/\" target=\"_new\" rel=\"noopener\">Strona internetowa Prime Freight Ltd<\/a><\/p>\n<p><strong>Wynik recenzji: <\/strong>5<br \/> <strong>Liczba recenzji:<\/strong> 18<br \/><a href=\"https:\/\/www.google.co.uk\/maps?cid=13012433311097108134&#038;hl=en&#038;gl=GB\" target=\"_new\" rel=\"noopener\">Przeczytaj recenzje<\/a><\/p>\n<h2>Jak wybrali\u015bmy najlepsze firmy spedycyjne w Oldham?<\/h2>\n<p>Zacz\u0119li\u015bmy od zbioru danych 2 firm spedycyjnych Oldham, kt\u00f3re mogli\u015bmy znale\u017a\u0107 za po\u015brednictwem Google Maps i zaw\u0119zili\u015bmy je do 1 najlepszej.<\/p>\n<p>W tym celu usun\u0119li\u015bmy wszystkie firmy, kt\u00f3re<\/p>\n<ul>\n<li> Brak strony internetowej<\/li>\n<li> Brak recenzji<\/li>\n<li> \u015arednia ocena recenzji poni\u017cej 2,0<\/li>\n<\/ul>\n<p>W tym momencie, je\u015bli mieli\u015bmy 17 lub mniej spedytor\u00f3w, wymienili\u015bmy ich wszystkich.<\/p>\n<p>W przypadku miast, w kt\u00f3rych pozosta\u0142o wi\u0119cej ni\u017c 17 spedytor\u00f3w, dokonali\u015bmy dalszych zmian, zwi\u0119kszaj\u0105c wymagan\u0105 ocen\u0119 recenzji (np. z minimum 2,0 do 4,0) i\/lub zwi\u0119kszaj\u0105c minimaln\u0105 liczb\u0119 wymaganych recenzji (np. z co najmniej 1 recenzji do co najmniej 10).<\/p>\n<p>Nale\u017cy pami\u0119ta\u0107, \u017ce wykorzystali\u015bmy tylko dane z Google Maps, a nie z innych witryn internetowych.<\/p>\n<p>Wi\u0119cej miast:<\/p>\n<p><a href=\"https:\/\/moverdb.com\/pl\/spedytor\/freight-forwarding-uk\/halesowen-freight-forwarder\/\">Spedytor Halesowen<\/a><br \/><a href=\"https:\/\/moverdb.com\/pl\/spedytor\/freight-forwarding-uk\/ormskirk-freight-forwarder\/\">Spedytor z Ormskirk<\/a><br \/><a href=\"https:\/\/moverdb.com\/pl\/spedytor\/freight-forwarding-uk\/stockbridge-freight-forwarder\/\">Spedytor Stockbridge<\/a><br \/><a href=\"https:\/\/moverdb.com\/pl\/spedytor\/freight-forwarding-uk\/dorking-freight-forwarder\/\">Spedytor z Dorking<\/a><br \/><a href=\"https:\/\/moverdb.com\/pl\/spedytor\/freight-forwarding-uk\/camelford-freight-forwarder\/\">Spedytor z Camelford<\/a><\/p>","protected":false},"excerpt":{"rendered":"<p>Below we look at the 1 &#8220;best&#8221; Freight Forwarding companies in Oldham out of 2. To learn more about how we chose the best please consult our FAQ section at the end. Please not the following listings are in no particular order and we are not making any recommendations for any particular company. Prime Freight [&hellip;]<\/p>\n","protected":false},"author":1,"featured_media":0,"parent":13427,"menu_order":0,"comment_status":"open","ping_status":"open","template":"","meta":{"_genesis_hide_title":false,"_genesis_hide_breadcrumbs":false,"_genesis_hide_singular_image":false,"_genesis_hide_footer_widgets":false,"_genesis_custom_body_class":"","_genesis_custom_post_class":"","_genesis_layout":"","footnotes":""},"class_list":{"0":"post-14374","1":"page","2":"type-page","3":"status-publish","5":"entry"},"_links":{"self":[{"href":"https:\/\/moverdb.com\/pl\/wp-json\/wp\/v2\/pages\/14374","targetHints":{"allow":["GET"]}}],"collection":[{"href":"https:\/\/moverdb.com\/pl\/wp-json\/wp\/v2\/pages"}],"about":[{"href":"https:\/\/moverdb.com\/pl\/wp-json\/wp\/v2\/types\/page"}],"author":[{"embeddable":true,"href":"https:\/\/moverdb.com\/pl\/wp-json\/wp\/v2\/users\/1"}],"replies":[{"embeddable":true,"href":"https:\/\/moverdb.com\/pl\/wp-json\/wp\/v2\/comments?post=14374"}],"version-history":[{"count":1,"href":"https:\/\/moverdb.com\/pl\/wp-json\/wp\/v2\/pages\/14374\/revisions"}],"predecessor-version":[{"id":15615,"href":"https:\/\/moverdb.com\/pl\/wp-json\/wp\/v2\/pages\/14374\/revisions\/15615"}],"up":[{"embeddable":true,"href":"https:\/\/moverdb.com\/pl\/wp-json\/wp\/v2\/pages\/13427"}],"wp:attachment":[{"href":"https:\/\/moverdb.com\/pl\/wp-json\/wp\/v2\/media?parent=14374"}],"curies":[{"name":"wp","href":"https:\/\/api.w.org\/{rel}","templated":true}]}}