{"id":14290,"date":"2023-11-08T15:55:55","date_gmt":"2023-11-08T15:55:55","guid":{"rendered":"https:\/\/moverdb.com\/freight-forwarder\/freight-forwarding-uk\/coulsdon-freight-forwarder\/"},"modified":"2026-01-08T14:51:17","modified_gmt":"2026-01-08T14:51:17","slug":"coulsdon-freight-forwarder","status":"publish","type":"page","link":"https:\/\/moverdb.com\/pl\/freight-forwarder\/freight-forwarding-uk\/coulsdon-freight-forwarder\/","title":{"rendered":"1 Najlepsze firmy spedycyjne Coulsdon (2024)"},"content":{"rendered":"<p>Poni\u017cej przyjrzymy si\u0119 1 <em>\"najlepszy\"<\/em> Firmy spedycyjne w Coulsdon spo\u015br\u00f3d 1.<\/p>\n<p>Aby dowiedzie\u0107 si\u0119 wi\u0119cej o tym, jak wybrali\u015bmy najlepszych, zapoznaj si\u0119 z nasz\u0105 sekcj\u0105 FAQ na ko\u0144cu.<\/p>\n<p><em>Nale\u017cy pami\u0119ta\u0107, \u017ce poni\u017csze listy nie s\u0105 u\u0142o\u017cone w okre\u015blonej kolejno\u015bci i nie rekomendujemy \u017cadnej konkretnej firmy.<\/em><\/p>\n<h2>JPN SHIPPING LTD<\/h2>\n<p><img decoding=\"async\" src=\"https:\/\/moverdb.com\/wp-content\/uploads\/AF1QipMoldjk_rL_iC91pZ1xMB1PvFB8c02voII51_ezw408-h544-k-no.jpg\" alt='JPN SHIPPING LTD' class=\"aligncenter\"><\/p>\n<p><strong>Opis firmy: <\/strong>Natychmiastowe us\u0142ugi dokument\u00f3w ekspresowych dost\u0119pne w ca\u0142ym kraju, odbi\u00f3r tego samego dnia i najszybsze po\u0142\u0105czenie lotnicze z miejscem docelowym w najlepszej cenie.<\/p>\n<p><a href=\"https:\/\/moverdb.com\/pl\/moving-to-india\/\" data-internallinksmanager029f6b8e52c=\"356\" title=\"Przeprowadzka do Indii? Koszty utrzymania i wskaz\u00f3wki dotycz\u0105ce relokacji w 2023 r.\">Indie<\/a> Service Air &amp; Sea Door to <a href=\"https:\/\/moverdb.com\/pl\/top-49-container-ports\/\" data-internallinksmanager029f6b8e52c=\"80\" title=\"49 najwi\u0119kszych i najbardziej ruchliwych port\u00f3w kontenerowych w 2025 r.\">Port<\/a> i Door to Door.<\/p>\n<p>Pomagamy w imporcie z Indii do <a href=\"https:\/\/moverdb.com\/pl\/moving-to-the-uk\/\" data-internallinksmanager029f6b8e52c=\"93\" title=\"Przeprowadzasz si\u0119 do Wielkiej Brytanii? 2026 Koszty \u017cycia i wskaz\u00f3wki dotycz\u0105ce przeprowadzki\">UK<\/a>drog\u0105 powietrzn\u0105 i morsk\u0105.<\/p>\n<p>(Przesy\u0142ki cz\u0119\u015bciowe i pe\u0142ne \u0142adunki kontenerowe)<\/p>\n<p>Odprawa celna we wszystkich portach (import lotniczy\/morski\/drogowy UE), mo\u017cemy r\u00f3wnie\u017c pom\u00f3c w natychmiastowym usuni\u0119ciu z magazynu celnego po odprawie celnej i unikn\u0105\u0107 wysokich op\u0142at za przechowywanie w magazynie celnym.<\/p>\n<p>Specjalne stawki dost\u0119pne dla dostaw kontener\u00f3w importowych ze wszystkich port\u00f3w.<\/p>\n<p> Us\u0142uga ta jest \u015bwiadczona w trybie 24\/7.<\/p>\n<p>Us\u0142ugi przeprowadzek na terenie kraju, UE i ca\u0142ego \u015bwiata, us\u0142ugi specjalne dost\u0119pne w UE, <a href=\"https:\/\/moverdb.com\/pl\/moving-to-canada\/\" data-internallinksmanager029f6b8e52c=\"265\" title=\"Przeprowadzka do Kanady? 2026 Koszty utrzymania i wskaz\u00f3wki dotycz\u0105ce przeprowadzki\">Kanada<\/a> oraz <a href=\"https:\/\/moverdb.com\/pl\/moving-to-australia\/living-in-australia\/\" data-internallinksmanager029f6b8e52c=\"240\" title=\"21 sekret\u00f3w o \u017cyciu w Australii, kt\u00f3re warto pozna\u0107 przed przeprowadzk\u0105\">Australia<\/a> na zasadzie End to End.<\/p>\n<p><strong>Us\u0142ugi dodatkowe:<\/strong><\/p>\n<p>Brak na li\u015bcie<\/p>\n<p><strong>Adres:<\/strong> UNIT A2C, Redlands, Coulsdon CR5 2HT<\/p>\n<p><a href=\"http:\/\/www.jpnshippingltd.co.uk\/\" target=\"_new\" rel=\"noopener\">Strona internetowa JPN SHIPPING LTD<\/a><\/p>\n<p><strong>Wynik recenzji: <\/strong>2.3<br \/> <strong>Liczba recenzji:<\/strong> 29<br \/><a href=\"https:\/\/www.google.co.uk\/maps?cid=5163057026181300812&#038;hl=en&#038;gl=GB\" target=\"_new\" rel=\"noopener\">Przeczytaj recenzje<\/a><\/p>\n<h2>Jak wybrali\u015bmy najlepsze firmy spedycyjne Coulsdon?<\/h2>\n<p>Zacz\u0119li\u015bmy od zbioru danych 1 firm spedycyjnych Coulsdon, kt\u00f3re mogli\u015bmy znale\u017a\u0107 za po\u015brednictwem Google Maps i zaw\u0119zili\u015bmy go do 1 najlepszej.<\/p>\n<p>W tym celu usun\u0119li\u015bmy wszystkie firmy, kt\u00f3re<\/p>\n<ul>\n<li> Brak strony internetowej<\/li>\n<li> Brak recenzji<\/li>\n<li> \u015arednia ocena recenzji poni\u017cej 2,0<\/li>\n<\/ul>\n<p>W tym momencie, je\u015bli mieli\u015bmy 17 lub mniej spedytor\u00f3w, wymienili\u015bmy ich wszystkich.<\/p>\n<p>W przypadku miast, w kt\u00f3rych pozosta\u0142o wi\u0119cej ni\u017c 17 spedytor\u00f3w, dokonali\u015bmy dalszych zmian, zwi\u0119kszaj\u0105c wymagan\u0105 ocen\u0119 recenzji (np. z minimum 2,0 do 4,0) i\/lub zwi\u0119kszaj\u0105c minimaln\u0105 liczb\u0119 wymaganych recenzji (np. z co najmniej 1 recenzji do co najmniej 10).<\/p>\n<p>Nale\u017cy pami\u0119ta\u0107, \u017ce wykorzystali\u015bmy tylko dane z Google Maps, a nie z innych witryn internetowych.<\/p>\n<p>Wi\u0119cej miast:<\/p>\n<p><a href=\"https:\/\/moverdb.com\/pl\/spedytor\/freight-forwarding-uk\/telford-freight-forwarder\/\">Spedytor z Telford<\/a><br \/><a href=\"https:\/\/moverdb.com\/pl\/spedytor\/freight-forwarding-uk\/bilston-freight-forwarder\/\">Spedytor z Bilston<\/a><br \/><a href=\"https:\/\/moverdb.com\/pl\/spedytor\/freight-forwarding-uk\/thornton-cleveleys-freight-forwarder\/\">Spedytor Thornton-Cleveleys<\/a><br \/><a href=\"https:\/\/moverdb.com\/pl\/spedytor\/freight-forwarding-uk\/cradley-heath-freight-forwarder\/\">Spedytor z Cradley Heath<\/a><br \/><a href=\"https:\/\/moverdb.com\/pl\/spedytor\/freight-forwarding-uk\/twickenham-freight-forwarder\/\">Spedytor z Twickenham<\/a><\/p>","protected":false},"excerpt":{"rendered":"<p>Below we look at the 1 &#8220;best&#8221; Freight Forwarding companies in Coulsdon out of 1. To learn more about how we chose the best please consult our FAQ section at the end. Please not the following listings are in no particular order and we are not making any recommendations for any particular company. JPN SHIPPING [&hellip;]<\/p>\n","protected":false},"author":1,"featured_media":0,"parent":13427,"menu_order":0,"comment_status":"open","ping_status":"open","template":"","meta":{"_genesis_hide_title":false,"_genesis_hide_breadcrumbs":false,"_genesis_hide_singular_image":false,"_genesis_hide_footer_widgets":false,"_genesis_custom_body_class":"","_genesis_custom_post_class":"","_genesis_layout":"","footnotes":""},"class_list":{"0":"post-14290","1":"page","2":"type-page","3":"status-publish","5":"entry"},"_links":{"self":[{"href":"https:\/\/moverdb.com\/pl\/wp-json\/wp\/v2\/pages\/14290","targetHints":{"allow":["GET"]}}],"collection":[{"href":"https:\/\/moverdb.com\/pl\/wp-json\/wp\/v2\/pages"}],"about":[{"href":"https:\/\/moverdb.com\/pl\/wp-json\/wp\/v2\/types\/page"}],"author":[{"embeddable":true,"href":"https:\/\/moverdb.com\/pl\/wp-json\/wp\/v2\/users\/1"}],"replies":[{"embeddable":true,"href":"https:\/\/moverdb.com\/pl\/wp-json\/wp\/v2\/comments?post=14290"}],"version-history":[{"count":1,"href":"https:\/\/moverdb.com\/pl\/wp-json\/wp\/v2\/pages\/14290\/revisions"}],"predecessor-version":[{"id":15562,"href":"https:\/\/moverdb.com\/pl\/wp-json\/wp\/v2\/pages\/14290\/revisions\/15562"}],"up":[{"embeddable":true,"href":"https:\/\/moverdb.com\/pl\/wp-json\/wp\/v2\/pages\/13427"}],"wp:attachment":[{"href":"https:\/\/moverdb.com\/pl\/wp-json\/wp\/v2\/media?parent=14290"}],"curies":[{"name":"wp","href":"https:\/\/api.w.org\/{rel}","templated":true}]}}