{"id":14266,"date":"2023-11-08T15:55:37","date_gmt":"2023-11-08T15:55:37","guid":{"rendered":"https:\/\/moverdb.com\/freight-forwarder\/freight-forwarding-uk\/ludlow-freight-forwarder\/"},"modified":"2026-01-08T14:52:02","modified_gmt":"2026-01-08T14:52:02","slug":"ludlow-freight-forwarder","status":"publish","type":"page","link":"https:\/\/moverdb.com\/pl\/freight-forwarder\/freight-forwarding-uk\/ludlow-freight-forwarder\/","title":{"rendered":"1 Najlepsze firmy spedycyjne w Ludlow (2024)"},"content":{"rendered":"<p>Poni\u017cej przyjrzymy si\u0119 1 <em>\"najlepszy\"<\/em> Firmy spedycyjne w Ludlow spo\u015br\u00f3d 1.<\/p>\n<p>Aby dowiedzie\u0107 si\u0119 wi\u0119cej o tym, jak wybrali\u015bmy najlepszych, zapoznaj si\u0119 z nasz\u0105 sekcj\u0105 FAQ na ko\u0144cu.<\/p>\n<p><em>Nale\u017cy pami\u0119ta\u0107, \u017ce poni\u017csze listy nie s\u0105 u\u0142o\u017cone w okre\u015blonej kolejno\u015bci i nie rekomendujemy \u017cadnej konkretnej firmy.<\/em><\/p>\n<h2>Holland &amp; Stockford Ltd<\/h2>\n<p><img decoding=\"async\" src=\"https:\/\/moverdb.com\/wp-content\/uploads\/AF1QipMM62ITFScyuGEv4X48Ny0uRb_q-gcbhUgIp_TXw408-h271-k-no.jpg\" alt='Holland &amp; Stockford Ltd' class=\"aligncenter\"><\/p>\n<p><strong>Opis firmy: <\/strong>FRACHT DROGOWY<br \/>\nWszystkie miejsca docelowe s\u0105 obs\u0142ugiwane przez wszystkie typy pojazd\u00f3w i sprz\u0119tu; mo\u017cemy zapewni\u0107 \u0142adunki pe\u0142ne, skonsolidowane lub ekspresowe.<\/p>\n<p> Je\u015bli potrzebujesz dodatkowych us\u0142ug dla swoich przesy\u0142ek, na przyk\u0142ad wind tylnych, dedykowanych ADR, po prostu okre\u015bl<\/p>\n<p>Oferujemy r\u00f3wnie\u017c dedykowan\u0105 us\u0142ug\u0119 naczepy non-stop, od drzwi do drzwi, zar\u00f3wno na trasach importowych, jak i eksportowych.<\/p>\n<p> S\u0105 one dost\u0119pne 24 godziny na dob\u0119, aby zapewni\u0107 dotrzymanie termin\u00f3w.<\/p>\n<p>Przesy\u0142ki poza skrajni\u0119 mog\u0105 by\u0107 realizowane na terenie ca\u0142ej Europy.<\/p>\n<p> Obejmuje to zezwolenia drogowe i mostowe oraz eskort\u0119 policyjn\u0105 w razie potrzeby.<\/p>\n<p> Organizujemy t\u0119 us\u0142ug\u0119 od wst\u0119pnego zapytania do ostatecznej dostawy, uzyskuj\u0105c wszystkie niezb\u0119dne zezwolenia prawne i upewniaj\u0105c si\u0119, \u017ce wybrana trasa pomie\u015bci d\u0142ugo\u015b\u0107, szeroko\u015b\u0107 i wysoko\u015b\u0107 \u0142adunku<\/p>\n<p><strong>Us\u0142ugi dodatkowe:<\/strong><\/p>\n<p>Brak na li\u015bcie<\/p>\n<p><strong>Adres:<\/strong> Orleton Rd, Ludlow SY8 1XF<\/p>\n<p><a href=\"https:\/\/hollandandstockfordltd.co.uk\/\" target=\"_new\" rel=\"noopener\">Strona internetowa Holland &amp; Stockford Ltd<\/a><\/p>\n<p><strong>Wynik recenzji: <\/strong>3.7<br \/> <strong>Liczba recenzji:<\/strong> 3<br \/><a href=\"https:\/\/www.google.co.uk\/maps?cid=10598703875824514720&#038;hl=en&#038;gl=GB\" target=\"_new\" rel=\"noopener\">Przeczytaj recenzje<\/a><\/p>\n<h2>Jak wybrali\u015bmy najlepsze firmy spedycyjne w Ludlow?<\/h2>\n<p>Zacz\u0119li\u015bmy od zbioru danych 1 firm spedycyjnych Ludlow, kt\u00f3re mogli\u015bmy znale\u017a\u0107 za po\u015brednictwem Google Maps i zaw\u0119zili\u015bmy go do 1 najlepszej.<\/p>\n<p>W tym celu usun\u0119li\u015bmy wszystkie firmy, kt\u00f3re<\/p>\n<ul>\n<li> Brak strony internetowej<\/li>\n<li> Brak recenzji<\/li>\n<li> \u015arednia ocena recenzji poni\u017cej 2,0<\/li>\n<\/ul>\n<p>W tym momencie, je\u015bli mieli\u015bmy 17 lub mniej spedytor\u00f3w, wymienili\u015bmy ich wszystkich.<\/p>\n<p>W przypadku miast, w kt\u00f3rych pozosta\u0142o wi\u0119cej ni\u017c 17 spedytor\u00f3w, dokonali\u015bmy dalszych zmian, zwi\u0119kszaj\u0105c wymagan\u0105 ocen\u0119 recenzji (np. z minimum 2,0 do 4,0) i\/lub zwi\u0119kszaj\u0105c minimaln\u0105 liczb\u0119 wymaganych recenzji (np. z co najmniej 1 recenzji do co najmniej 10).<\/p>\n<p>Nale\u017cy pami\u0119ta\u0107, \u017ce wykorzystali\u015bmy tylko dane z Google Maps, a nie z innych witryn internetowych.<\/p>\n<p>Wi\u0119cej miast:<\/p>\n<p><a href=\"https:\/\/moverdb.com\/pl\/spedytor\/freight-forwarding-uk\/skipton-freight-forwarder\/\">Spedytor Skipton<\/a><br \/><a href=\"https:\/\/moverdb.com\/pl\/spedytor\/freight-forwarding-uk\/corby-freight-forwarder\/\">Corby Freight Forwarder<\/a><br \/><a href=\"https:\/\/moverdb.com\/pl\/spedytor\/freight-forwarding-uk\/batley-freight-forwarder\/\">Spedytor Batley<\/a><br \/><a href=\"https:\/\/moverdb.com\/pl\/spedytor\/freight-forwarding-uk\/lutterworth-freight-forwarder\/\">Spedytor Lutterworth<\/a><br \/><a href=\"https:\/\/moverdb.com\/pl\/spedytor\/freight-forwarding-uk\/stallingborough-freight-forwarder\/\">Spedytor ze Stallingborough<\/a><\/p>","protected":false},"excerpt":{"rendered":"<p>Below we look at the 1 &#8220;best&#8221; Freight Forwarding companies in Ludlow out of 1. To learn more about how we chose the best please consult our FAQ section at the end. Please not the following listings are in no particular order and we are not making any recommendations for any particular company. Holland &#038; [&hellip;]<\/p>\n","protected":false},"author":1,"featured_media":0,"parent":13427,"menu_order":0,"comment_status":"open","ping_status":"open","template":"","meta":{"_genesis_hide_title":false,"_genesis_hide_breadcrumbs":false,"_genesis_hide_singular_image":false,"_genesis_hide_footer_widgets":false,"_genesis_custom_body_class":"","_genesis_custom_post_class":"","_genesis_layout":"","footnotes":""},"class_list":{"0":"post-14266","1":"page","2":"type-page","3":"status-publish","5":"entry"},"_links":{"self":[{"href":"https:\/\/moverdb.com\/pl\/wp-json\/wp\/v2\/pages\/14266","targetHints":{"allow":["GET"]}}],"collection":[{"href":"https:\/\/moverdb.com\/pl\/wp-json\/wp\/v2\/pages"}],"about":[{"href":"https:\/\/moverdb.com\/pl\/wp-json\/wp\/v2\/types\/page"}],"author":[{"embeddable":true,"href":"https:\/\/moverdb.com\/pl\/wp-json\/wp\/v2\/users\/1"}],"replies":[{"embeddable":true,"href":"https:\/\/moverdb.com\/pl\/wp-json\/wp\/v2\/comments?post=14266"}],"version-history":[{"count":1,"href":"https:\/\/moverdb.com\/pl\/wp-json\/wp\/v2\/pages\/14266\/revisions"}],"predecessor-version":[{"id":15603,"href":"https:\/\/moverdb.com\/pl\/wp-json\/wp\/v2\/pages\/14266\/revisions\/15603"}],"up":[{"embeddable":true,"href":"https:\/\/moverdb.com\/pl\/wp-json\/wp\/v2\/pages\/13427"}],"wp:attachment":[{"href":"https:\/\/moverdb.com\/pl\/wp-json\/wp\/v2\/media?parent=14266"}],"curies":[{"name":"wp","href":"https:\/\/api.w.org\/{rel}","templated":true}]}}