{"id":14260,"date":"2023-11-08T15:55:37","date_gmt":"2023-11-08T15:55:37","guid":{"rendered":"https:\/\/moverdb.com\/freight-forwarder\/freight-forwarding-uk\/selby-freight-forwarder\/"},"modified":"2026-01-08T14:54:38","modified_gmt":"2026-01-08T14:54:38","slug":"selby-freight-forwarder","status":"publish","type":"page","link":"https:\/\/moverdb.com\/pl\/freight-forwarder\/freight-forwarding-uk\/selby-freight-forwarder\/","title":{"rendered":"1 Najlepsze firmy spedycyjne Selby (2024)"},"content":{"rendered":"<p>Poni\u017cej przyjrzymy si\u0119 1 <em>\"najlepszy\"<\/em> Firmy spedycyjne w Selby spo\u015br\u00f3d 2.<\/p>\n<p>Aby dowiedzie\u0107 si\u0119 wi\u0119cej o tym, jak wybrali\u015bmy najlepszych, zapoznaj si\u0119 z nasz\u0105 sekcj\u0105 FAQ na ko\u0144cu.<\/p>\n<p><em>Nale\u017cy pami\u0119ta\u0107, \u017ce poni\u017csze listy nie s\u0105 u\u0142o\u017cone w okre\u015blonej kolejno\u015bci i nie rekomendujemy \u017cadnej konkretnej firmy.<\/em><\/p>\n<h2>Viking Shipping Services Ltd<\/h2>\n<p><img decoding=\"async\" src=\"https:\/\/moverdb.com\/wp-content\/uploads\/AF1QipOvQOtrB8FRd503q_NOQf0X8anWwfc8aZVOnZpmw513-h240-k-no.jpg\" alt='Viking Shipping Services Ltd' class=\"aligncenter\"><\/p>\n<p><strong>Opis firmy: <\/strong>Firma Viking Shipping Services Ltd rozpocz\u0119\u0142a dzia\u0142alno\u015b\u0107 w latach 40-tych XX wieku w celu \u015bwiadczenia kompleksowych us\u0142ug spedycyjnych i prze\u0142adunkowych.<\/p>\n<p> Firma Viking Shipping z siedzib\u0105 w Selby, tu\u017c przy autostradzie M62 w hrabstwie North Yorkshire, jest strategicznie zlokalizowana, aby u\u0142atwi\u0107 \u015bwiadczenie szeregu us\u0142ug dla \u0142adunk\u00f3w przybywaj\u0105cych zar\u00f3wno drog\u0105 l\u0105dow\u0105, jak i morsk\u0105.<\/p>\n<p> Dzi\u0119ki magazynowi o powierzchni 40 000 st\u00f3p kwadratowych i zespo\u0142owi do\u015bwiadczonych pracownik\u00f3w magazynowych, Viking Shipping opracowa\u0142 elastyczne podej\u015bcie do obs\u0142ugi \u0142adunk\u00f3w masowych, proszkowych, p\u0142ynnych i konwencjonalnych \u0142adunk\u00f3w paletowych i luzem oraz oferuje us\u0142ugi magazynowania, kontroli zapas\u00f3w i dystrybucji na terenie ca\u0142ego kraju.<\/p>\n<p><strong>Us\u0142ugi dodatkowe:<\/strong><\/p>\n<p>Dostawca<\/p>\n<p><strong>Adres:<\/strong> The Goods Yard, Ousegate, Selby YO8 8BL<\/p>\n<p><a href=\"http:\/\/www.vikingshipping.co.uk\/\" target=\"_new\" rel=\"noopener\">Strona internetowa Viking Shipping Services Ltd<\/a><\/p>\n<p><strong>Wynik recenzji: <\/strong>4.4<br \/> <strong>Liczba recenzji:<\/strong> 30<br \/><a href=\"https:\/\/www.google.co.uk\/maps?cid=1529009490495546714&#038;hl=en&#038;gl=GB\" target=\"_new\" rel=\"noopener\">Przeczytaj recenzje<\/a><\/p>\n<h2>Jak wybrali\u015bmy najlepsze firmy spedycyjne w Selby?<\/h2>\n<p>Zacz\u0119li\u015bmy od zbioru danych 2 firm spedycyjnych Selby, kt\u00f3re mogli\u015bmy znale\u017a\u0107 za po\u015brednictwem Google Maps i zaw\u0119zili\u015bmy go do 1 najlepszej.<\/p>\n<p>W tym celu usun\u0119li\u015bmy wszystkie firmy, kt\u00f3re<\/p>\n<ul>\n<li> Brak strony internetowej<\/li>\n<li> Brak recenzji<\/li>\n<li> \u015arednia ocena recenzji poni\u017cej 2,0<\/li>\n<\/ul>\n<p>W tym momencie, je\u015bli mieli\u015bmy 17 lub mniej spedytor\u00f3w, wymienili\u015bmy ich wszystkich.<\/p>\n<p>W przypadku miast, w kt\u00f3rych pozosta\u0142o wi\u0119cej ni\u017c 17 spedytor\u00f3w, dokonali\u015bmy dalszych zmian, zwi\u0119kszaj\u0105c wymagan\u0105 ocen\u0119 recenzji (np. z minimum 2,0 do 4,0) i\/lub zwi\u0119kszaj\u0105c minimaln\u0105 liczb\u0119 wymaganych recenzji (np. z co najmniej 1 recenzji do co najmniej 10).<\/p>\n<p>Nale\u017cy pami\u0119ta\u0107, \u017ce wykorzystali\u015bmy tylko dane z Google Maps, a nie z innych witryn internetowych.<\/p>\n<p>Wi\u0119cej miast:<\/p>\n<p><a href=\"https:\/\/moverdb.com\/pl\/spedytor\/freight-forwarding-uk\/cookstown-freight-forwarder\/\">Spedytor z Cookstown<\/a><br \/><a href=\"https:\/\/moverdb.com\/pl\/spedytor\/freight-forwarding-uk\/goole-freight-forwarder\/\">Spedytor Goole<\/a><br \/><a href=\"https:\/\/moverdb.com\/pl\/spedytor\/freight-forwarding-uk\/ludlow-freight-forwarder\/\">Spedytor Ludlow<\/a><br \/><a href=\"https:\/\/moverdb.com\/pl\/spedytor\/freight-forwarding-uk\/skipton-freight-forwarder\/\">Spedytor Skipton<\/a><br \/><a href=\"https:\/\/moverdb.com\/pl\/spedytor\/freight-forwarding-uk\/corby-freight-forwarder\/\">Corby Freight Forwarder<\/a><\/p>","protected":false},"excerpt":{"rendered":"<p>Below we look at the 1 &#8220;best&#8221; Freight Forwarding companies in Selby out of 2. To learn more about how we chose the best please consult our FAQ section at the end. Please not the following listings are in no particular order and we are not making any recommendations for any particular company. Viking Shipping [&hellip;]<\/p>\n","protected":false},"author":1,"featured_media":0,"parent":13427,"menu_order":0,"comment_status":"open","ping_status":"open","template":"","meta":{"_genesis_hide_title":false,"_genesis_hide_breadcrumbs":false,"_genesis_hide_singular_image":false,"_genesis_hide_footer_widgets":false,"_genesis_custom_body_class":"","_genesis_custom_post_class":"","_genesis_layout":"","footnotes":""},"class_list":{"0":"post-14260","1":"page","2":"type-page","3":"status-publish","5":"entry"},"_links":{"self":[{"href":"https:\/\/moverdb.com\/pl\/wp-json\/wp\/v2\/pages\/14260","targetHints":{"allow":["GET"]}}],"collection":[{"href":"https:\/\/moverdb.com\/pl\/wp-json\/wp\/v2\/pages"}],"about":[{"href":"https:\/\/moverdb.com\/pl\/wp-json\/wp\/v2\/types\/page"}],"author":[{"embeddable":true,"href":"https:\/\/moverdb.com\/pl\/wp-json\/wp\/v2\/users\/1"}],"replies":[{"embeddable":true,"href":"https:\/\/moverdb.com\/pl\/wp-json\/wp\/v2\/comments?post=14260"}],"version-history":[{"count":1,"href":"https:\/\/moverdb.com\/pl\/wp-json\/wp\/v2\/pages\/14260\/revisions"}],"predecessor-version":[{"id":15634,"href":"https:\/\/moverdb.com\/pl\/wp-json\/wp\/v2\/pages\/14260\/revisions\/15634"}],"up":[{"embeddable":true,"href":"https:\/\/moverdb.com\/pl\/wp-json\/wp\/v2\/pages\/13427"}],"wp:attachment":[{"href":"https:\/\/moverdb.com\/pl\/wp-json\/wp\/v2\/media?parent=14260"}],"curies":[{"name":"wp","href":"https:\/\/api.w.org\/{rel}","templated":true}]}}