{"id":14171,"date":"2023-11-08T15:55:01","date_gmt":"2023-11-08T15:55:01","guid":{"rendered":"https:\/\/moverdb.com\/freight-forwarder\/freight-forwarding-uk\/manningtree-freight-forwarder\/"},"modified":"2026-01-08T14:58:09","modified_gmt":"2026-01-08T14:58:09","slug":"manningtree-freight-forwarder","status":"publish","type":"page","link":"https:\/\/moverdb.com\/pl\/freight-forwarder\/freight-forwarding-uk\/manningtree-freight-forwarder\/","title":{"rendered":"2 Najlepsze firmy spedycyjne Manningtree (2024)"},"content":{"rendered":"<p>Poni\u017cej przyjrzymy si\u0119 2 <em>\"najlepszy\"<\/em> Firmy spedycyjne w Manningtree spo\u015br\u00f3d 2.<\/p>\n<p>Aby dowiedzie\u0107 si\u0119 wi\u0119cej o tym, jak wybrali\u015bmy najlepszych, zapoznaj si\u0119 z nasz\u0105 sekcj\u0105 FAQ na ko\u0144cu.<\/p>\n<p><em>Nale\u017cy pami\u0119ta\u0107, \u017ce poni\u017csze listy nie s\u0105 u\u0142o\u017cone w okre\u015blonej kolejno\u015bci i nie rekomendujemy \u017cadnej konkretnej firmy.<\/em><\/p>\n<h2>Central Oceans UK CO UK Shipping &amp; Trading Ltd<\/h2>\n<p><img decoding=\"async\" src=\"https:\/\/moverdb.com\/wp-content\/uploads\/thumbnailpanoidmo_-iyHsxTRdiGyJADKzgcb_clientsearch.gws-prod.gpsw408h240yaw15.jpg\" alt='Central Oceans UK CO UK Shipping &amp; Trading Ltd' class=\"aligncenter\"><\/p>\n<p><strong>Opis firmy: <\/strong>Brak danych<\/p>\n<p><strong>Us\u0142ugi dodatkowe:<\/strong><\/p>\n<p>Broker celny<\/p>\n<p>Us\u0142uga logistyczna<\/p>\n<p>Przemys\u0142 sprz\u0119tu transportowego<\/p>\n<p>Us\u0142ugi wysy\u0142kowe<\/p>\n<p><a href=\"https:\/\/moverdb.com\/pl\/car-transport-shipping\/\" data-internallinksmanager029f6b8e52c=\"2\" title=\"2026 Mi\u0119dzynarodowy transport samochodowy i wyceny wysy\u0142ki pojazd\u00f3w\">Spedycja pojazd\u00f3w<\/a> agent<\/p>\n<p><strong>Adres:<\/strong> 8, The Quayside Maltings, High St, Mistley, Manningtree CO11 1AL<\/p>\n<p><a href=\"http:\/\/centraloceans.com\/\" target=\"_new\" rel=\"noopener\">Strona internetowa Central Oceans UK CO UK Shipping &amp; Trading Ltd<\/a><\/p>\n<p><strong>Wynik recenzji: <\/strong>5<br \/> <strong>Liczba recenzji:<\/strong> 1<br \/><a href=\"https:\/\/www.google.co.uk\/maps?cid=7638780040482065049&#038;hl=en&#038;gl=GB\" target=\"_new\" rel=\"noopener\">Przeczytaj recenzje<\/a><\/p>\n<h2>LOGISTYKA ARCHIMEDESA<\/h2>\n<p><img decoding=\"async\" src=\"https:\/\/moverdb.com\/wp-content\/uploads\/thumbnailpanoidRERy9W0SKGvjjdQ2CTUzPwcb_clientsearch.gws-prod.gpsw408h240yaw17.jpg\" alt='LOGISTYKA ARCHIMEDESA' class=\"aligncenter\"><\/p>\n<p><strong>Opis firmy: <\/strong>Archimedes Logistics \u015bwiadczy mi\u0119dzynarodowe us\u0142ugi spedycyjne i eksportowe dla wszystkich rodzaj\u00f3w firm i os\u00f3b prywatnych.<\/p>\n<p>Nasza siedziba znajduje si\u0119 w <a href=\"https:\/\/moverdb.com\/pl\/moving-to-the-uk\/\" data-internallinksmanager029f6b8e52c=\"93\" title=\"Przeprowadzasz si\u0119 do Wielkiej Brytanii? 2026 Koszty \u017cycia i wskaz\u00f3wki dotycz\u0105ce przeprowadzki\">UK<\/a> w Mistley Quay, Manningtree w Essex, w pobli\u017cu <a href=\"https:\/\/moverdb.com\/pl\/top-49-container-ports\/\" data-internallinksmanager029f6b8e52c=\"80\" title=\"49 najwi\u0119kszych i najbardziej ruchliwych port\u00f3w kontenerowych w 2025 r.\">porty<\/a> Harwich i Felixstowe.<\/p>\n<p>Nasz przyjazny zesp\u00f3\u0142 ekspert\u00f3w zapewnia mi\u0119dzynarodow\u0105 spedycj\u0119 lotnicz\u0105 i morsk\u0105, a tak\u017ce europejski transport drogowy i ekspresowe us\u0142ugi kurierskie na ca\u0142ym \u015bwiecie.<\/p>\n<p><strong>Us\u0142ugi dodatkowe:<\/strong><\/p>\n<p>Us\u0142uga logistyczna<\/p>\n<p>Us\u0142ugi wysy\u0142kowe<\/p>\n<p><strong>Adres:<\/strong> Unit 5, High St, Mistley Quay, Mistley, Colchester CO11 1AL<\/p>\n<p><a href=\"https:\/\/archimedeslogistics.com\/\" target=\"_new\" rel=\"noopener\">Strona internetowa ARCHIMEDES LOGISTICS<\/a><\/p>\n<p><strong>Wynik recenzji: <\/strong>3.8<br \/> <strong>Liczba recenzji:<\/strong> 5<br \/><a href=\"https:\/\/www.google.co.uk\/maps?cid=11454144430054435269&#038;hl=en&#038;gl=GB\" target=\"_new\" rel=\"noopener\">Przeczytaj recenzje<\/a><\/p>\n<h2>Jak wybrali\u015bmy najlepsze firmy spedycyjne Manningtree?<\/h2>\n<p>Zacz\u0119li\u015bmy od zbioru danych 2 firm spedycyjnych Manningtree, kt\u00f3re mogli\u015bmy znale\u017a\u0107 za pomoc\u0105 Google Maps i zaw\u0119zili\u015bmy go do 2 najlepszych.<\/p>\n<p>W tym celu usun\u0119li\u015bmy wszystkie firmy, kt\u00f3re<\/p>\n<ul>\n<li> Brak strony internetowej<\/li>\n<li> Brak recenzji<\/li>\n<li> \u015arednia ocena recenzji poni\u017cej 2,0<\/li>\n<\/ul>\n<p>W tym momencie, je\u015bli mieli\u015bmy 17 lub mniej spedytor\u00f3w, wymienili\u015bmy ich wszystkich.<\/p>\n<p>W przypadku miast, w kt\u00f3rych pozosta\u0142o wi\u0119cej ni\u017c 17 spedytor\u00f3w, dokonali\u015bmy dalszych zmian, zwi\u0119kszaj\u0105c wymagan\u0105 ocen\u0119 recenzji (np. z minimum 2,0 do 4,0) i\/lub zwi\u0119kszaj\u0105c minimaln\u0105 liczb\u0119 wymaganych recenzji (np. z co najmniej 1 recenzji do co najmniej 10).<\/p>\n<p>Nale\u017cy pami\u0119ta\u0107, \u017ce wykorzystali\u015bmy tylko dane z Google Maps, a nie z innych witryn internetowych.<\/p>\n<p>Wi\u0119cej miast:<\/p>\n<p><a href=\"https:\/\/moverdb.com\/pl\/spedytor\/freight-forwarding-uk\/sale-freight-forwarder\/\">Sprzeda\u017c Spedytor<\/a><br \/><a href=\"https:\/\/moverdb.com\/pl\/spedytor\/freight-forwarding-uk\/salford-freight-forwarder\/\">Spedytor z Salford<\/a><br \/><a href=\"https:\/\/moverdb.com\/pl\/spedytor\/freight-forwarding-uk\/lichfield-freight-forwarder\/\">Spedytor z Lichfield<\/a><br \/><a href=\"https:\/\/moverdb.com\/pl\/spedytor\/freight-forwarding-uk\/castlederg-freight-forwarder\/\">Spedytor Castlederg<\/a><br \/><a href=\"https:\/\/moverdb.com\/pl\/spedytor\/freight-forwarding-uk\/great-blakenham-freight-forwarder\/\">Spedytor z Great Blakenham<\/a><\/p>","protected":false},"excerpt":{"rendered":"<p>Below we look at the 2 &#8220;best&#8221; Freight Forwarding companies in Manningtree out of 2. To learn more about how we chose the best please consult our FAQ section at the end. Please not the following listings are in no particular order and we are not making any recommendations for any particular company. Central Oceans [&hellip;]<\/p>\n","protected":false},"author":1,"featured_media":0,"parent":13427,"menu_order":0,"comment_status":"open","ping_status":"open","template":"","meta":{"_genesis_hide_title":false,"_genesis_hide_breadcrumbs":false,"_genesis_hide_singular_image":false,"_genesis_hide_footer_widgets":false,"_genesis_custom_body_class":"","_genesis_custom_post_class":"","_genesis_layout":"","footnotes":""},"class_list":{"0":"post-14171","1":"page","2":"type-page","3":"status-publish","5":"entry"},"_links":{"self":[{"href":"https:\/\/moverdb.com\/pl\/wp-json\/wp\/v2\/pages\/14171","targetHints":{"allow":["GET"]}}],"collection":[{"href":"https:\/\/moverdb.com\/pl\/wp-json\/wp\/v2\/pages"}],"about":[{"href":"https:\/\/moverdb.com\/pl\/wp-json\/wp\/v2\/types\/page"}],"author":[{"embeddable":true,"href":"https:\/\/moverdb.com\/pl\/wp-json\/wp\/v2\/users\/1"}],"replies":[{"embeddable":true,"href":"https:\/\/moverdb.com\/pl\/wp-json\/wp\/v2\/comments?post=14171"}],"version-history":[{"count":1,"href":"https:\/\/moverdb.com\/pl\/wp-json\/wp\/v2\/pages\/14171\/revisions"}],"predecessor-version":[{"id":15727,"href":"https:\/\/moverdb.com\/pl\/wp-json\/wp\/v2\/pages\/14171\/revisions\/15727"}],"up":[{"embeddable":true,"href":"https:\/\/moverdb.com\/pl\/wp-json\/wp\/v2\/pages\/13427"}],"wp:attachment":[{"href":"https:\/\/moverdb.com\/pl\/wp-json\/wp\/v2\/media?parent=14171"}],"curies":[{"name":"wp","href":"https:\/\/api.w.org\/{rel}","templated":true}]}}