{"id":14151,"date":"2023-11-08T15:54:40","date_gmt":"2023-11-08T15:54:40","guid":{"rendered":"https:\/\/moverdb.com\/freight-forwarder\/freight-forwarding-uk\/rochester-freight-forwarder\/"},"modified":"2026-01-08T14:58:26","modified_gmt":"2026-01-08T14:58:26","slug":"rochester-freight-forwarder","status":"publish","type":"page","link":"https:\/\/moverdb.com\/pl\/freight-forwarder\/freight-forwarding-uk\/rochester-freight-forwarder\/","title":{"rendered":"2 Najlepsze firmy spedycyjne w Rochester (2024)"},"content":{"rendered":"<p>Poni\u017cej przyjrzymy si\u0119 2 <em>\"najlepszy\"<\/em> Firmy spedycyjne w Rochester spo\u015br\u00f3d 7.<\/p>\n<p>Aby dowiedzie\u0107 si\u0119 wi\u0119cej o tym, jak wybrali\u015bmy najlepszych, zapoznaj si\u0119 z nasz\u0105 sekcj\u0105 FAQ na ko\u0144cu.<\/p>\n<p><em>Nale\u017cy pami\u0119ta\u0107, \u017ce poni\u017csze listy nie s\u0105 u\u0142o\u017cone w okre\u015blonej kolejno\u015bci i nie rekomendujemy \u017cadnej konkretnej firmy.<\/em><\/p>\n<h2>UK Import Services Limited<\/h2>\n<p><img decoding=\"async\" src=\"https:\/\/moverdb.com\/wp-content\/uploads\/thumbnailpanoid-UDcNTkFBjN8zpjHUM8_Sgcb_clientsearch.gws-prod.gpsw408h240yaw359.jpg\" alt='UK Import Services Limited' class=\"aligncenter\"><\/p>\n<p><strong>Opis firmy: <\/strong>Brak danych<\/p>\n<p><strong>Us\u0142ugi dodatkowe:<\/strong><\/p>\n<p>Brak na li\u015bcie<\/p>\n<p><strong>Adres:<\/strong> Reg. Adres: Suite 7 Cobalt House Centre Court, Rochester ME2 4BQ<\/p>\n<p><a href=\"http:\/\/www.ukimportservices.com\/\" target=\"_new\" rel=\"noopener\">Strona internetowa UK Import Services Limited<\/a><\/p>\n<p><strong>Wynik recenzji: <\/strong>3<br \/> <strong>Liczba recenzji:<\/strong> 2<br \/><a href=\"https:\/\/www.google.co.uk\/maps?cid=10190696061651857157&#038;hl=en&#038;gl=GB\" target=\"_new\" rel=\"noopener\">Przeczytaj recenzje<\/a><\/p>\n<h2>CCT Worldwide Ltd<\/h2>\n<p><img decoding=\"async\" src=\"https:\/\/moverdb.com\/wp-content\/uploads\/AF1QipOx-fcZ6F1-QIKnLwynuUO79zAiB2ztxi2aS02Bw720-h240-k-no.jpg\" alt='CCT Worldwide Ltd' class=\"aligncenter\"><\/p>\n<p><strong>Opis firmy: <\/strong>CCT Worldwide jest jedn\u0105 z najwi\u0119kszych niezale\u017cnych firm mi\u0119dzynarodowych. <a href=\"https:\/\/moverdb.com\/pl\/moving-to-the-uk\/\" data-internallinksmanager029f6b8e52c=\"93\" title=\"Przeprowadzasz si\u0119 do Wielkiej Brytanii? 2026 Koszty \u017cycia i wskaz\u00f3wki dotycz\u0105ce przeprowadzki\">UK<\/a> firmy spedycyjne.<\/p>\n<p> Organizujemy mi\u0119dzynarodowy transport \u0142adunk\u00f3w naszych klient\u00f3w z miejsca pochodzenia do miejsca przeznaczenia na ca\u0142ym \u015bwiecie.<\/p>\n<p> Za\u0142o\u017cona w 1984 roku firma od ponad 30 lat \u015bwiadczy pe\u0142en zakres globalnych us\u0142ug zarz\u0105dzania \u0142adunkami.<\/p>\n<p>Te <a href=\"https:\/\/moverdb.com\/pl\/freight-forwarder\/\" data-internallinksmanager029f6b8e52c=\"17\" title=\"Spedytor i NVOCC Mi\u0119dzynarodowy Przewodnik po Kosztach i Firmach\">spedytor<\/a> Us\u0142ugi obejmuj\u0105 transport lotniczy, transport morski pe\u0142nokontenerowy (FCL) i drobnicowy (LCL), transport drogowy, logistyk\u0119 kontraktow\u0105 i po\u015brednictwo celne.<\/p>\n<p> Niezale\u017cnie od wymaga\u0144 klienta, tworzymy i dostarczamy szereg dostosowanych do potrzeb rozwi\u0105za\u0144 transportowych, wspieranych przez nasz do\u015bwiadczony zesp\u00f3\u0142 i wiod\u0105ce w bran\u017cy us\u0142ugi IT.<\/p>\n<p><strong>Us\u0142ugi dodatkowe:<\/strong><\/p>\n<p>Brak na li\u015bcie<\/p>\n<p><strong>Adres:<\/strong> Ashford House Beaufort Court, Unit 3, Rochester ME2 4FA<\/p>\n<p><a href=\"https:\/\/cctworldwidelogistics.com\/\" target=\"_new\" rel=\"noopener\">Strona internetowa CCT Worldwide Ltd<\/a><\/p>\n<p><strong>Wynik recenzji: <\/strong>4.7<br \/> <strong>Liczba recenzji:<\/strong> 12<br \/><a href=\"https:\/\/www.google.co.uk\/maps?cid=2798323899266473835&#038;hl=en&#038;gl=GB\" target=\"_new\" rel=\"noopener\">Przeczytaj recenzje<\/a><\/p>\n<h2>Jak wybrali\u015bmy najlepsze firmy spedycyjne w Rochester?<\/h2>\n<p>Zacz\u0119li\u015bmy od zbioru danych 7 firm spedycyjnych z Rochester, kt\u00f3re mogli\u015bmy znale\u017a\u0107 za po\u015brednictwem Map Google i zaw\u0119zili\u015bmy je do 2 najlepszych.<\/p>\n<p>W tym celu usun\u0119li\u015bmy wszystkie firmy, kt\u00f3re<\/p>\n<ul>\n<li> Brak strony internetowej<\/li>\n<li> Brak recenzji<\/li>\n<li> \u015arednia ocena recenzji poni\u017cej 2,0<\/li>\n<\/ul>\n<p>W tym momencie, je\u015bli mieli\u015bmy 17 lub mniej spedytor\u00f3w, wymienili\u015bmy ich wszystkich.<\/p>\n<p>W przypadku miast, w kt\u00f3rych pozosta\u0142o wi\u0119cej ni\u017c 17 spedytor\u00f3w, dokonali\u015bmy dalszych zmian, zwi\u0119kszaj\u0105c wymagan\u0105 ocen\u0119 recenzji (np. z minimum 2,0 do 4,0) i\/lub zwi\u0119kszaj\u0105c minimaln\u0105 liczb\u0119 wymaganych recenzji (np. z co najmniej 1 recenzji do co najmniej 10).<\/p>\n<p>Nale\u017cy pami\u0119ta\u0107, \u017ce wykorzystali\u015bmy tylko dane z Google Maps, a nie z innych witryn internetowych.<\/p>\n<p>Wi\u0119cej miast:<\/p>\n<p><a href=\"https:\/\/moverdb.com\/pl\/spedytor\/freight-forwarding-uk\/watford-freight-forwarder\/\">Spedytor Watford<\/a><br \/><a href=\"https:\/\/moverdb.com\/pl\/spedytor\/freight-forwarding-uk\/romford-freight-forwarder\/\">Spedytor z Romford<\/a><br \/><a href=\"https:\/\/moverdb.com\/pl\/spedytor\/freight-forwarding-uk\/chelmsford-freight-forwarder\/\">Spedytor z Chelmsford<\/a><br \/><a href=\"https:\/\/moverdb.com\/pl\/spedytor\/freight-forwarding-uk\/brentford-freight-forwarder\/\">Spedytor z Brentford<\/a><br \/><a href=\"https:\/\/moverdb.com\/pl\/spedytor\/freight-forwarding-uk\/widnes-freight-forwarder\/\">Spedytor Widnes<\/a><\/p>","protected":false},"excerpt":{"rendered":"<p>Below we look at the 2 &#8220;best&#8221; Freight Forwarding companies in Rochester out of 7. To learn more about how we chose the best please consult our FAQ section at the end. Please not the following listings are in no particular order and we are not making any recommendations for any particular company. UK Import [&hellip;]<\/p>\n","protected":false},"author":1,"featured_media":0,"parent":13427,"menu_order":0,"comment_status":"open","ping_status":"open","template":"","meta":{"_genesis_hide_title":false,"_genesis_hide_breadcrumbs":false,"_genesis_hide_singular_image":false,"_genesis_hide_footer_widgets":false,"_genesis_custom_body_class":"","_genesis_custom_post_class":"","_genesis_layout":"","footnotes":""},"class_list":{"0":"post-14151","1":"page","2":"type-page","3":"status-publish","5":"entry"},"_links":{"self":[{"href":"https:\/\/moverdb.com\/pl\/wp-json\/wp\/v2\/pages\/14151","targetHints":{"allow":["GET"]}}],"collection":[{"href":"https:\/\/moverdb.com\/pl\/wp-json\/wp\/v2\/pages"}],"about":[{"href":"https:\/\/moverdb.com\/pl\/wp-json\/wp\/v2\/types\/page"}],"author":[{"embeddable":true,"href":"https:\/\/moverdb.com\/pl\/wp-json\/wp\/v2\/users\/1"}],"replies":[{"embeddable":true,"href":"https:\/\/moverdb.com\/pl\/wp-json\/wp\/v2\/comments?post=14151"}],"version-history":[{"count":1,"href":"https:\/\/moverdb.com\/pl\/wp-json\/wp\/v2\/pages\/14151\/revisions"}],"predecessor-version":[{"id":15740,"href":"https:\/\/moverdb.com\/pl\/wp-json\/wp\/v2\/pages\/14151\/revisions\/15740"}],"up":[{"embeddable":true,"href":"https:\/\/moverdb.com\/pl\/wp-json\/wp\/v2\/pages\/13427"}],"wp:attachment":[{"href":"https:\/\/moverdb.com\/pl\/wp-json\/wp\/v2\/media?parent=14151"}],"curies":[{"name":"wp","href":"https:\/\/api.w.org\/{rel}","templated":true}]}}