{"id":14133,"date":"2023-11-08T15:54:40","date_gmt":"2023-11-08T15:54:40","guid":{"rendered":"https:\/\/moverdb.com\/freight-forwarder\/freight-forwarding-uk\/redditch-freight-forwarder\/"},"modified":"2026-01-08T14:58:24","modified_gmt":"2026-01-08T14:58:24","slug":"redditch-freight-forwarder","status":"publish","type":"page","link":"https:\/\/moverdb.com\/pl\/freight-forwarder\/freight-forwarding-uk\/redditch-freight-forwarder\/","title":{"rendered":"2 Najlepsze firmy spedycyjne w Redditch (2024)"},"content":{"rendered":"<p>Poni\u017cej przyjrzymy si\u0119 2 <em>\"najlepszy\"<\/em> Firmy spedycyjne w Redditch spo\u015br\u00f3d 7.<\/p>\n<p>Aby dowiedzie\u0107 si\u0119 wi\u0119cej o tym, jak wybrali\u015bmy najlepszych, zapoznaj si\u0119 z nasz\u0105 sekcj\u0105 FAQ na ko\u0144cu.<\/p>\n<p><em>Nale\u017cy pami\u0119ta\u0107, \u017ce poni\u017csze listy nie s\u0105 u\u0142o\u017cone w okre\u015blonej kolejno\u015bci i nie rekomendujemy \u017cadnej konkretnej firmy.<\/em><\/p>\n<h2>Controlo Cargo Services Ltd<\/h2>\n<p><img decoding=\"async\" src=\"https:\/\/moverdb.com\/wp-content\/uploads\/AF1QipM1apLhEc1lHfopKULBzyvgjGEHd9JsFyP5Y8Ukw408-h255-k-no.jpg\" alt='Controlo Cargo Services Ltd' class=\"aligncenter\"><\/p>\n<p><strong>Opis firmy: <\/strong>WITAMY W CONTROLO CARGO SERVICES LTD<br \/>\nZa\u0142o\u017cona w 1977 roku firma Controlo Cargo Services, pocz\u0105tkowo koncentruj\u0105ca si\u0119 na transporcie dalekomorskim, z biegiem lat rozwin\u0119\u0142a si\u0119 w multimodaln\u0105 firm\u0119 spedycyjn\u0105 \u015bwiadcz\u0105c\u0105 szeroki zakres us\u0142ug transportu lotniczego, drogowego i morskiego na ca\u0142ym \u015bwiecie.<\/p>\n<p>Od momentu powstania Controlo rozwin\u0119\u0142o baz\u0119 klient\u00f3w na ca\u0142ym \u015bwiecie. <a href=\"https:\/\/moverdb.com\/pl\/moving-to-the-uk\/\" data-internallinksmanager029f6b8e52c=\"93\" title=\"Przeprowadzasz si\u0119 do Wielkiej Brytanii? 2026 Koszty \u017cycia i wskaz\u00f3wki dotycz\u0105ce przeprowadzki\">UK<\/a> w wielu r\u00f3\u017cnych sektorach przemys\u0142u, kt\u00f3rzy wymagaj\u0105 profesjonalnego poziomu us\u0142ug w zakresie zarz\u0105dzania ich wymaganiami eksportowymi i importowymi.<\/p>\n<p>W listopadzie 1991 roku Controlo Cargo Services zosta\u0142o przej\u0119te przez Star Cargo PLC, w wyniku czego firma kontynuowa\u0142a rozw\u00f3j swoich us\u0142ug przy wsparciu finansowym i wsparciu siedmiu brytyjskich sp\u00f3\u0142ek zale\u017cnych.<\/p>\n<p><strong>Us\u0142ugi dodatkowe:<\/strong><\/p>\n<p>Us\u0142uga dostawy<\/p>\n<p>Dostawca<\/p>\n<p>Us\u0142ugi wysy\u0142kowe<\/p>\n<p><strong>Adres:<\/strong> 2 Eagle Rd, Moons Moat North Industrial Estate, Redditch B98 9HF<\/p>\n<p><a href=\"http:\/\/www.controlo.co.uk\/\" target=\"_new\" rel=\"noopener\">Strona internetowa Controlo Cargo Services Ltd<\/a><\/p>\n<p><strong>Wynik recenzji: <\/strong>4.6<br \/> <strong>Liczba recenzji:<\/strong> 10<br \/><a href=\"https:\/\/www.google.co.uk\/maps?cid=12175316314925530883&#038;hl=en&#038;gl=GB\" target=\"_new\" rel=\"noopener\">Przeczytaj recenzje<\/a><\/p>\n<h2>Transmec Redditch<\/h2>\n<p><img decoding=\"async\" src=\"https:\/\/moverdb.com\/wp-content\/uploads\/AF1QipO9BQy6Xlwn-_KQv0AAqrMbpnnFx_xt6RerMW_rw408-h271-k-no.jpg\" alt='Transmec Redditch' class=\"aligncenter\"><\/p>\n<p><strong>Opis firmy: <\/strong>Brak danych<\/p>\n<p><strong>Us\u0142ugi dodatkowe:<\/strong><\/p>\n<p>Brak na li\u015bcie<\/p>\n<p><strong>Adres:<\/strong> Crossgate Rd, Park Farm Industrial Estate, Redditch B98 7SN<\/p>\n<p><a href=\"http:\/\/www.transmecgroup.com\/\" target=\"_new\" rel=\"noopener\">Strona internetowa Transmec Redditch<\/a><\/p>\n<p><strong>Wynik recenzji: <\/strong>4<br \/> <strong>Liczba recenzji:<\/strong> 152<br \/><a href=\"https:\/\/www.google.co.uk\/maps?cid=14750013789300133138&#038;hl=en&#038;gl=GB\" target=\"_new\" rel=\"noopener\">Przeczytaj recenzje<\/a><\/p>\n<h2>Jak wybrali\u015bmy najlepsze firmy spedycyjne w Redditch?<\/h2>\n<p>Zacz\u0119li\u015bmy od zbioru danych 7 firm spedycyjnych z Redditch, kt\u00f3re mogli\u015bmy znale\u017a\u0107 za pomoc\u0105 Google Maps i zaw\u0119zili\u015bmy go do 2 najlepszych.<\/p>\n<p>W tym celu usun\u0119li\u015bmy wszystkie firmy, kt\u00f3re<\/p>\n<ul>\n<li> Brak strony internetowej<\/li>\n<li> Brak recenzji<\/li>\n<li> \u015arednia ocena recenzji poni\u017cej 2,0<\/li>\n<\/ul>\n<p>W tym momencie, je\u015bli mieli\u015bmy 17 lub mniej spedytor\u00f3w, wymienili\u015bmy ich wszystkich.<\/p>\n<p>W przypadku miast, w kt\u00f3rych pozosta\u0142o wi\u0119cej ni\u017c 17 spedytor\u00f3w, dokonali\u015bmy dalszych zmian, zwi\u0119kszaj\u0105c wymagan\u0105 ocen\u0119 recenzji (np. z minimum 2,0 do 4,0) i\/lub zwi\u0119kszaj\u0105c minimaln\u0105 liczb\u0119 wymaganych recenzji (np. z co najmniej 1 recenzji do co najmniej 10).<\/p>\n<p>Nale\u017cy pami\u0119ta\u0107, \u017ce wykorzystali\u015bmy tylko dane z Google Maps, a nie z innych witryn internetowych.<\/p>\n<p>Wi\u0119cej miast:<\/p>\n<p><a href=\"https:\/\/moverdb.com\/pl\/spedytor\/freight-forwarding-uk\/greenhithe-freight-forwarder\/\">Spedytor Greenhithe<\/a><br \/><a href=\"https:\/\/moverdb.com\/pl\/spedytor\/freight-forwarding-uk\/loughborough-freight-forwarder\/\">Spedytor z Loughborough<\/a><br \/><a href=\"https:\/\/moverdb.com\/pl\/spedytor\/freight-forwarding-uk\/ashby-de-la-zouch-freight-forwarder\/\">Spedytor Ashby-de-la-Zouch<\/a><br \/><a href=\"https:\/\/moverdb.com\/pl\/spedytor\/freight-forwarding-uk\/rochdale-freight-forwarder\/\">Spedytor Rochdale<\/a><br \/><a href=\"https:\/\/moverdb.com\/pl\/spedytor\/freight-forwarding-uk\/waltham-abbey-freight-forwarder\/\">Spedytor z Waltham Abbey<\/a><\/p>","protected":false},"excerpt":{"rendered":"<p>Below we look at the 2 &#8220;best&#8221; Freight Forwarding companies in Redditch out of 7. To learn more about how we chose the best please consult our FAQ section at the end. Please not the following listings are in no particular order and we are not making any recommendations for any particular company. Controlo Cargo [&hellip;]<\/p>\n","protected":false},"author":1,"featured_media":0,"parent":13427,"menu_order":0,"comment_status":"open","ping_status":"open","template":"","meta":{"_genesis_hide_title":false,"_genesis_hide_breadcrumbs":false,"_genesis_hide_singular_image":false,"_genesis_hide_footer_widgets":false,"_genesis_custom_body_class":"","_genesis_custom_post_class":"","_genesis_layout":"","footnotes":""},"class_list":{"0":"post-14133","1":"page","2":"type-page","3":"status-publish","5":"entry"},"_links":{"self":[{"href":"https:\/\/moverdb.com\/pl\/wp-json\/wp\/v2\/pages\/14133","targetHints":{"allow":["GET"]}}],"collection":[{"href":"https:\/\/moverdb.com\/pl\/wp-json\/wp\/v2\/pages"}],"about":[{"href":"https:\/\/moverdb.com\/pl\/wp-json\/wp\/v2\/types\/page"}],"author":[{"embeddable":true,"href":"https:\/\/moverdb.com\/pl\/wp-json\/wp\/v2\/users\/1"}],"replies":[{"embeddable":true,"href":"https:\/\/moverdb.com\/pl\/wp-json\/wp\/v2\/comments?post=14133"}],"version-history":[{"count":1,"href":"https:\/\/moverdb.com\/pl\/wp-json\/wp\/v2\/pages\/14133\/revisions"}],"predecessor-version":[{"id":15738,"href":"https:\/\/moverdb.com\/pl\/wp-json\/wp\/v2\/pages\/14133\/revisions\/15738"}],"up":[{"embeddable":true,"href":"https:\/\/moverdb.com\/pl\/wp-json\/wp\/v2\/pages\/13427"}],"wp:attachment":[{"href":"https:\/\/moverdb.com\/pl\/wp-json\/wp\/v2\/media?parent=14133"}],"curies":[{"name":"wp","href":"https:\/\/api.w.org\/{rel}","templated":true}]}}