{"id":14127,"date":"2023-11-08T15:54:40","date_gmt":"2023-11-08T15:54:40","guid":{"rendered":"https:\/\/moverdb.com\/freight-forwarder\/freight-forwarding-uk\/enfield-freight-forwarder\/"},"modified":"2026-01-08T14:56:06","modified_gmt":"2026-01-08T14:56:06","slug":"enfield-freight-forwarder","status":"publish","type":"page","link":"https:\/\/moverdb.com\/pl\/freight-forwarder\/freight-forwarding-uk\/enfield-freight-forwarder\/","title":{"rendered":"2 Najlepsze firmy spedycyjne w Enfield (2024)"},"content":{"rendered":"<p>Poni\u017cej przyjrzymy si\u0119 2 <em>\"najlepszy\"<\/em> Firmy spedycyjne w Enfield, spo\u015br\u00f3d 7.<\/p>\n<p>Aby dowiedzie\u0107 si\u0119 wi\u0119cej o tym, jak wybrali\u015bmy najlepszych, zapoznaj si\u0119 z nasz\u0105 sekcj\u0105 FAQ na ko\u0144cu.<\/p>\n<p><em>Nale\u017cy pami\u0119ta\u0107, \u017ce poni\u017csze listy nie s\u0105 u\u0142o\u017cone w okre\u015blonej kolejno\u015bci i nie rekomendujemy \u017cadnej konkretnej firmy.<\/em><\/p>\n<h2>Andrews Shipping &amp; Forwarding Company Unit 26<\/h2>\n<p><img decoding=\"async\" src=\"https:\/\/moverdb.com\/wp-content\/uploads\/AF1QipNxjGQuVPhNhILy9iWIVOsSYzmKYP4lHKewnaHJw408-h725-k-no.jpg\" alt='Andrews Shipping &amp; Forwarding Company Unit 26' class=\"aligncenter\"><\/p>\n<p><strong>Opis firmy: <\/strong>Brak danych<\/p>\n<p><strong>Us\u0142ugi dodatkowe:<\/strong><\/p>\n<p>Biuro podr\u00f3\u017cy<\/p>\n<p><strong>Adres:<\/strong> Enfield EN3 7QN<\/p>\n<p><a href=\"http:\/\/www.andrewsshipping.co.uk\/\" target=\"_new\" rel=\"noopener\">Strona internetowa Andrews Shipping &amp; Forwarding Company Unit 26<\/a><\/p>\n<p><strong>Wynik recenzji: <\/strong>3.9<br \/> <strong>Liczba recenzji:<\/strong> 64<br \/><a href=\"https:\/\/www.google.co.uk\/maps?cid=11822858387122062653&#038;hl=en&#038;gl=GB\" target=\"_new\" rel=\"noopener\">Przeczytaj recenzje<\/a><\/p>\n<h2>Mondial Forwarding Ltd<\/h2>\n<p><img decoding=\"async\" src=\"https:\/\/moverdb.com\/wp-content\/uploads\/AF1QipNhN514hM2zZ7D3NEepiXgA3t0Rkc9P2t_FR55nw427-h240-k-no.jpg\" alt='Mondial Forwarding Ltd' class=\"aligncenter\"><\/p>\n<p><strong>Opis firmy: <\/strong>Specjalistyczni przewo\u017anicy do i z <a href=\"https:\/\/moverdb.com\/pl\/moving-to-greece\/\" data-internallinksmanager029f6b8e52c=\"353\" title=\"Przeprowadzka do Grecji? Koszty \u017cycia i wskaz\u00f3wki dotycz\u0105ce relokacji w 2023 r.\">Grecja<\/a>Korfu, Kreta i <a href=\"https:\/\/moverdb.com\/pl\/moving-to-cyprus\/\" data-internallinksmanager029f6b8e52c=\"377\" title=\"Przeprowadzka na Cypr? 2026 Koszty utrzymania i porady dotycz\u0105ce przeprowadzki\">Cypr<\/a>.<\/p>\n<p>Dostawcy us\u0142ug magazynowych.<\/p>\n<p>Ponad 45 lat do\u015bwiadczenia.<\/p>\n<p><strong>Us\u0142ugi dodatkowe:<\/strong><\/p>\n<p>Magazyn<\/p>\n<p>Magazyn<\/p>\n<p><strong>Adres:<\/strong> 46 Lockfield Ave, Enfield EN3 7PX<\/p>\n<p><a href=\"http:\/\/www.mondialtransport.co.uk\/\" target=\"_new\" rel=\"noopener\">Strona internetowa Mondial Forwarding Ltd<\/a><\/p>\n<p><strong>Wynik recenzji: <\/strong>3.7<br \/> <strong>Liczba recenzji:<\/strong> 64<br \/><a href=\"https:\/\/www.google.co.uk\/maps?cid=10590099676430872211&#038;hl=en&#038;gl=GB\" target=\"_new\" rel=\"noopener\">Przeczytaj recenzje<\/a><\/p>\n<h2>Jak wybrali\u015bmy najlepsze firmy spedycyjne w Enfield?<\/h2>\n<p>Zacz\u0119li\u015bmy od zbioru danych 7 firm spedycyjnych Enfield, kt\u00f3re mogli\u015bmy znale\u017a\u0107 za po\u015brednictwem Google Maps i zaw\u0119zili\u015bmy go do 2 najlepszych.<\/p>\n<p>W tym celu usun\u0119li\u015bmy wszystkie firmy, kt\u00f3re<\/p>\n<ul>\n<li> Brak strony internetowej<\/li>\n<li> Brak recenzji<\/li>\n<li> \u015arednia ocena recenzji poni\u017cej 2,0<\/li>\n<\/ul>\n<p>W tym momencie, je\u015bli mieli\u015bmy 17 lub mniej spedytor\u00f3w, wymienili\u015bmy ich wszystkich.<\/p>\n<p>W przypadku miast, w kt\u00f3rych pozosta\u0142o wi\u0119cej ni\u017c 17 spedytor\u00f3w, dokonali\u015bmy dalszych zmian, zwi\u0119kszaj\u0105c wymagan\u0105 ocen\u0119 recenzji (np. z minimum 2,0 do 4,0) i\/lub zwi\u0119kszaj\u0105c minimaln\u0105 liczb\u0119 wymaganych recenzji (np. z co najmniej 1 recenzji do co najmniej 10).<\/p>\n<p>Nale\u017cy pami\u0119ta\u0107, \u017ce wykorzystali\u015bmy tylko dane z Google Maps, a nie z innych witryn internetowych.<\/p>\n<p>Wi\u0119cej miast:<\/p>\n<p><a href=\"https:\/\/moverdb.com\/pl\/spedytor\/freight-forwarding-uk\/sutton-coldfield-freight-forwarder\/\">Spedytor z Sutton Coldfield<\/a><br \/><a href=\"https:\/\/moverdb.com\/pl\/spedytor\/freight-forwarding-uk\/redditch-freight-forwarder\/\">Spedytor z Redditch<\/a><br \/><a href=\"https:\/\/moverdb.com\/pl\/spedytor\/freight-forwarding-uk\/greenhithe-freight-forwarder\/\">Spedytor Greenhithe<\/a><br \/><a href=\"https:\/\/moverdb.com\/pl\/spedytor\/freight-forwarding-uk\/loughborough-freight-forwarder\/\">Spedytor z Loughborough<\/a><br \/><a href=\"https:\/\/moverdb.com\/pl\/spedytor\/freight-forwarding-uk\/ashby-de-la-zouch-freight-forwarder\/\">Spedytor Ashby-de-la-Zouch<\/a><\/p>","protected":false},"excerpt":{"rendered":"<p>Below we look at the 2 &#8220;best&#8221; Freight Forwarding companies in Enfield out of 7. To learn more about how we chose the best please consult our FAQ section at the end. Please not the following listings are in no particular order and we are not making any recommendations for any particular company. Andrews Shipping [&hellip;]<\/p>\n","protected":false},"author":1,"featured_media":0,"parent":13427,"menu_order":0,"comment_status":"open","ping_status":"open","template":"","meta":{"_genesis_hide_title":false,"_genesis_hide_breadcrumbs":false,"_genesis_hide_singular_image":false,"_genesis_hide_footer_widgets":false,"_genesis_custom_body_class":"","_genesis_custom_post_class":"","_genesis_layout":"","footnotes":""},"class_list":{"0":"post-14127","1":"page","2":"type-page","3":"status-publish","5":"entry"},"_links":{"self":[{"href":"https:\/\/moverdb.com\/pl\/wp-json\/wp\/v2\/pages\/14127","targetHints":{"allow":["GET"]}}],"collection":[{"href":"https:\/\/moverdb.com\/pl\/wp-json\/wp\/v2\/pages"}],"about":[{"href":"https:\/\/moverdb.com\/pl\/wp-json\/wp\/v2\/types\/page"}],"author":[{"embeddable":true,"href":"https:\/\/moverdb.com\/pl\/wp-json\/wp\/v2\/users\/1"}],"replies":[{"embeddable":true,"href":"https:\/\/moverdb.com\/pl\/wp-json\/wp\/v2\/comments?post=14127"}],"version-history":[{"count":1,"href":"https:\/\/moverdb.com\/pl\/wp-json\/wp\/v2\/pages\/14127\/revisions"}],"predecessor-version":[{"id":15716,"href":"https:\/\/moverdb.com\/pl\/wp-json\/wp\/v2\/pages\/14127\/revisions\/15716"}],"up":[{"embeddable":true,"href":"https:\/\/moverdb.com\/pl\/wp-json\/wp\/v2\/pages\/13427"}],"wp:attachment":[{"href":"https:\/\/moverdb.com\/pl\/wp-json\/wp\/v2\/media?parent=14127"}],"curies":[{"name":"wp","href":"https:\/\/api.w.org\/{rel}","templated":true}]}}