{"id":14072,"date":"2023-11-08T15:54:18","date_gmt":"2023-11-08T15:54:18","guid":{"rendered":"https:\/\/moverdb.com\/freight-forwarder\/freight-forwarding-uk\/uxbridge-freight-forwarder\/"},"modified":"2026-01-08T14:58:39","modified_gmt":"2026-01-08T14:58:39","slug":"uxbridge-freight-forwarder","status":"publish","type":"page","link":"https:\/\/moverdb.com\/pl\/freight-forwarder\/freight-forwarding-uk\/uxbridge-freight-forwarder\/","title":{"rendered":"2 Najlepsze firmy spedycyjne w Uxbridge (2024)"},"content":{"rendered":"<p>Poni\u017cej przyjrzymy si\u0119 2 <em>\"najlepszy\"<\/em> Firmy spedycyjne w Uxbridge spo\u015br\u00f3d 8.<\/p>\n<p>Aby dowiedzie\u0107 si\u0119 wi\u0119cej o tym, jak wybrali\u015bmy najlepszych, zapoznaj si\u0119 z nasz\u0105 sekcj\u0105 FAQ na ko\u0144cu.<\/p>\n<p><em>Nale\u017cy pami\u0119ta\u0107, \u017ce poni\u017csze listy nie s\u0105 u\u0142o\u017cone w okre\u015blonej kolejno\u015bci i nie rekomendujemy \u017cadnej konkretnej firmy.<\/em><\/p>\n<h2>Havi Global Solutions<\/h2>\n<p><img decoding=\"async\" src=\"https:\/\/moverdb.com\/wp-content\/uploads\/thumbnailpanoid96OeTMuMMFlijN9ZOQC7YAcb_clientsearch.gws-prod.gpsw408h240yaw146.jpg\" alt='Havi Global Solutions' class=\"aligncenter\"><\/p>\n<p><strong>Opis firmy: <\/strong>Brak danych<\/p>\n<p><strong>Us\u0142ugi dodatkowe:<\/strong><\/p>\n<p>Brak na li\u015bcie<\/p>\n<p><strong>Adres:<\/strong> Furzeground Way, Hayes, Uxbridge UB11 1BY<\/p>\n<p><a href=\"http:\/\/www.havigs.com\/\" target=\"_new\" rel=\"noopener\">Strona internetowa Havi Global Solutions<\/a><\/p>\n<p><strong>Wynik recenzji: <\/strong>5<br \/> <strong>Liczba recenzji:<\/strong> 1<br \/><a href=\"https:\/\/www.google.co.uk\/maps?cid=6663446714020542271&#038;hl=en&#038;gl=GB\" target=\"_new\" rel=\"noopener\">Przeczytaj recenzje<\/a><\/p>\n<h2>Pack and Go UK<\/h2>\n<p><img decoding=\"async\" src=\"https:\/\/moverdb.com\/wp-content\/uploads\/AF1QipPZ_D9lQYK6wBzefMYZXZX7yN2mlnbOP2OhbOzdw408-h306-k-no.jpg\" alt='Pack and Go UK' class=\"aligncenter\"><\/p>\n<p><strong>Opis firmy: <\/strong>Pack &amp; Go dostarcza rozwi\u0105zania z <a href=\"https:\/\/moverdb.com\/pl\/international-removals\/\" data-internallinksmanager029f6b8e52c=\"27\" title=\"36 najlepszych firm zajmuj\u0105cych si\u0119 przeprowadzkami mi\u0119dzynarodowymi w Wielkiej Brytanii\">przeprowadzki mi\u0119dzynarodowe<\/a> i us\u0142ugi relokacji na ca\u0142ym \u015bwiecie od 1992 roku.<\/p>\n<p>Dzi\u0119ki lokalnym specjalistom w ca\u0142ej Europie, obu Amerykach i strategicznie rozmieszczonej globalnej sieci, nasz sukces w <a href=\"https:\/\/moverdb.com\/pl\/moving-to-the-uk\/\" data-internallinksmanager029f6b8e52c=\"93\" title=\"Przeprowadzasz si\u0119 do Wielkiej Brytanii? 2026 Koszty \u017cycia i wskaz\u00f3wki dotycz\u0105ce przeprowadzki\">UK<\/a> i przeprowadzki mi\u0119dzynarodowe zawdzi\u0119czamy naszemu bogatemu do\u015bwiadczeniu i jako\u015bci naszych zaufanych us\u0142ug.<\/p>\n<p>A Pack &amp; Go oferuje rozwi\u0105zania w postaci mi\u0119dzynarodowych sklep\u00f3w i us\u0142ug realizacyjnych. <a href=\"https:\/\/moverdb.com\/pl\/eurovan-movers\/\" data-internallinksmanager029f6b8e52c=\"14\" title=\"Wyja\u015bnienie dzia\u0142ania sieci przeprowadzek mi\u0119dzynarodowych Eurovan (EM)\">em<\/a> na ca\u0142ym \u015bwiecie od 1992 roku.<\/p>\n<p>Dzi\u0119ki specjalistom zlokalizowanym w ca\u0142ej Europie, Ameryce i globalnej, strategicznie zlokalizowanej radzie, nasz sukces na rynku nieruchomo\u015bci w Wielkiej Brytanii i na rynkach mi\u0119dzynarodowych wynika z naszego bogatego do\u015bwiadczenia i jako\u015bci naszej gamy niezawodnych us\u0142ug.<\/p>\n<p><strong>Us\u0142ugi dodatkowe:<\/strong><\/p>\n<p>Firma przeprowadzkowa<\/p>\n<p>Us\u0142ugi wysy\u0142kowe<\/p>\n<p>Us\u0142ugi transportowe<\/p>\n<p><strong>Adres:<\/strong> Unit C, Enterprise House Tomo Industrial Estate, Packet Boat Ln, Cowley, Uxbridge UB8 2JP<\/p>\n<p><a href=\"http:\/\/www.packandgo.co.uk\/\" target=\"_new\" rel=\"noopener\">Strona internetowa Pack and Go UK<\/a><\/p>\n<p><strong>Wynik recenzji: <\/strong>4.6<br \/> <strong>Liczba recenzji:<\/strong> 150<br \/><a href=\"https:\/\/www.google.co.uk\/maps?cid=9471743115519837085&#038;hl=en&#038;gl=GB\" target=\"_new\" rel=\"noopener\">Przeczytaj recenzje<\/a><\/p>\n<h2>Jak wybrali\u015bmy najlepsze firmy spedycyjne w Uxbridge?<\/h2>\n<p>Zacz\u0119li\u015bmy od zbioru danych 8 firm spedycyjnych Uxbridge, kt\u00f3re mogli\u015bmy znale\u017a\u0107 za po\u015brednictwem Google Maps i zaw\u0119zili\u015bmy go do 2 najlepszych.<\/p>\n<p>W tym celu usun\u0119li\u015bmy wszystkie firmy, kt\u00f3re<\/p>\n<ul>\n<li> Brak strony internetowej<\/li>\n<li> Brak recenzji<\/li>\n<li> \u015arednia ocena recenzji poni\u017cej 2,0<\/li>\n<\/ul>\n<p>W tym momencie, je\u015bli mieli\u015bmy 17 lub mniej spedytor\u00f3w, wymienili\u015bmy ich wszystkich.<\/p>\n<p>W przypadku miast, w kt\u00f3rych pozosta\u0142o wi\u0119cej ni\u017c 17 spedytor\u00f3w, dokonali\u015bmy dalszych zmian, zwi\u0119kszaj\u0105c wymagan\u0105 ocen\u0119 recenzji (np. z minimum 2,0 do 4,0) i\/lub zwi\u0119kszaj\u0105c minimaln\u0105 liczb\u0119 wymaganych recenzji (np. z co najmniej 1 recenzji do co najmniej 10).<\/p>\n<p>Nale\u017cy pami\u0119ta\u0107, \u017ce wykorzystali\u015bmy tylko dane z Google Maps, a nie z innych witryn internetowych.<\/p>\n<p>Wi\u0119cej miast:<\/p>\n<p><a href=\"https:\/\/moverdb.com\/pl\/spedytor\/freight-forwarding-uk\/leyland-freight-forwarder\/\">Spedytor Leyland<\/a><br \/><a href=\"https:\/\/moverdb.com\/pl\/spedytor\/freight-forwarding-uk\/cheadle-freight-forwarder\/\">Spedytor z Cheadle<\/a><br \/><a href=\"https:\/\/moverdb.com\/pl\/spedytor\/freight-forwarding-uk\/oldbury-freight-forwarder\/\">Spedytor Oldbury<\/a><br \/><a href=\"https:\/\/moverdb.com\/pl\/spedytor\/freight-forwarding-uk\/chertsey-freight-forwarder\/\">Spedytor z Chertsey<\/a><br \/><a href=\"https:\/\/moverdb.com\/pl\/spedytor\/freight-forwarding-uk\/huntingdon-freight-forwarder\/\">Spedytor Huntingdon<\/a><\/p>","protected":false},"excerpt":{"rendered":"<p>Below we look at the 2 &#8220;best&#8221; Freight Forwarding companies in Uxbridge out of 8. To learn more about how we chose the best please consult our FAQ section at the end. Please not the following listings are in no particular order and we are not making any recommendations for any particular company. Havi Global [&hellip;]<\/p>\n","protected":false},"author":1,"featured_media":0,"parent":13427,"menu_order":0,"comment_status":"open","ping_status":"open","template":"","meta":{"_genesis_hide_title":false,"_genesis_hide_breadcrumbs":false,"_genesis_hide_singular_image":false,"_genesis_hide_footer_widgets":false,"_genesis_custom_body_class":"","_genesis_custom_post_class":"","_genesis_layout":"","footnotes":""},"class_list":{"0":"post-14072","1":"page","2":"type-page","3":"status-publish","5":"entry"},"_links":{"self":[{"href":"https:\/\/moverdb.com\/pl\/wp-json\/wp\/v2\/pages\/14072","targetHints":{"allow":["GET"]}}],"collection":[{"href":"https:\/\/moverdb.com\/pl\/wp-json\/wp\/v2\/pages"}],"about":[{"href":"https:\/\/moverdb.com\/pl\/wp-json\/wp\/v2\/types\/page"}],"author":[{"embeddable":true,"href":"https:\/\/moverdb.com\/pl\/wp-json\/wp\/v2\/users\/1"}],"replies":[{"embeddable":true,"href":"https:\/\/moverdb.com\/pl\/wp-json\/wp\/v2\/comments?post=14072"}],"version-history":[{"count":1,"href":"https:\/\/moverdb.com\/pl\/wp-json\/wp\/v2\/pages\/14072\/revisions"}],"predecessor-version":[{"id":15752,"href":"https:\/\/moverdb.com\/pl\/wp-json\/wp\/v2\/pages\/14072\/revisions\/15752"}],"up":[{"embeddable":true,"href":"https:\/\/moverdb.com\/pl\/wp-json\/wp\/v2\/pages\/13427"}],"wp:attachment":[{"href":"https:\/\/moverdb.com\/pl\/wp-json\/wp\/v2\/media?parent=14072"}],"curies":[{"name":"wp","href":"https:\/\/api.w.org\/{rel}","templated":true}]}}