{"id":14069,"date":"2023-11-08T15:54:18","date_gmt":"2023-11-08T15:54:18","guid":{"rendered":"https:\/\/moverdb.com\/freight-forwarder\/freight-forwarding-uk\/berkshire-freight-forwarder\/"},"modified":"2026-01-08T14:55:54","modified_gmt":"2026-01-08T14:55:54","slug":"berkshire-freight-forwarder","status":"publish","type":"page","link":"https:\/\/moverdb.com\/pl\/freight-forwarder\/freight-forwarding-uk\/berkshire-freight-forwarder\/","title":{"rendered":"2 Najlepsze firmy spedycyjne w Berkshire (2024)"},"content":{"rendered":"<p>Poni\u017cej przyjrzymy si\u0119 2 <em>\"najlepszy\"<\/em> Firmy spedycyjne w Berkshire spo\u015br\u00f3d 4.<\/p>\n<p>Aby dowiedzie\u0107 si\u0119 wi\u0119cej o tym, jak wybrali\u015bmy najlepszych, zapoznaj si\u0119 z nasz\u0105 sekcj\u0105 FAQ na ko\u0144cu.<\/p>\n<p><em>Nale\u017cy pami\u0119ta\u0107, \u017ce poni\u017csze listy nie s\u0105 u\u0142o\u017cone w okre\u015blonej kolejno\u015bci i nie rekomendujemy \u017cadnej konkretnej firmy.<\/em><\/p>\n<h2>GOT FREIGHT LTD<\/h2>\n<p><img decoding=\"async\" src=\"https:\/\/moverdb.com\/wp-content\/uploads\/AF1QipNVv3kZtfouhvgMSdKY38N824IaTSbCgXeuEdePw408-h271-k-no.jpg\" alt='GOT FREIGHT LTD' class=\"aligncenter\"><\/p>\n<p><strong>Opis firmy: <\/strong>GOT Freight powsta\u0142o po tym, jak zapytali\u015bmy, jak mo\u017cemy to zrobi\u0107 lepiej.<\/p>\n<p> Od tego czasu podstawowym etosem GOT Freight jest inwestowanie w potrzeby zar\u00f3wno naszych klient\u00f3w, jak i partner\u00f3w, aby dostosowa\u0107 si\u0119 do wymaga\u0144 biznesowych ka\u017cdego klienta.<\/p>\n<p> Dzi\u0119ki ci\u0105g\u0142ym inwestycjom w naszych pracownik\u00f3w, zasoby i us\u0142ugi, aby zwi\u0119kszy\u0107 wsparcie dla klient\u00f3w i zapewni\u0107 najlepsze rozwi\u0105zania dostosowane do indywidualnych potrzeb, staramy si\u0119 dostarcza\u0107 rozwi\u0105zania wykraczaj\u0105ce poza oczekiwania logistyczne.<\/p>\n<p>Rozwi\u0105zania i potrzeby celne sta\u0142y si\u0119 wa\u017cniejsze w celu wspierania potrzeb klient\u00f3w, aby pozosta\u0107 konkurencyjnymi w nowych czasach. <a href=\"https:\/\/moverdb.com\/pl\/moving-to-the-uk\/\" data-internallinksmanager029f6b8e52c=\"93\" title=\"Przeprowadzasz si\u0119 do Wielkiej Brytanii? 2026 Koszty \u017cycia i wskaz\u00f3wki dotycz\u0105ce przeprowadzki\">UK<\/a>relacja europejska.<\/p>\n<p> Dzi\u0119ki odpowiednim rozwi\u0105zaniom i wsparciu GOT Freight mo\u017cesz naprawd\u0119 pozosta\u0107 konkurencyjny i mie\u0107 kontrol\u0119.<\/p>\n<p><strong>Us\u0142ugi dodatkowe:<\/strong><\/p>\n<p>Brak na li\u015bcie<\/p>\n<p><strong>Adres:<\/strong> 18, Britannia Industrial Estate, Colnbrook, Berkshire SL3 0BH<\/p>\n<p><a href=\"http:\/\/gotfreight.co.uk\/\" target=\"_new\" rel=\"noopener\">Strona internetowa GOT FREIGHT LTD<\/a><\/p>\n<p><strong>Wynik recenzji: <\/strong>5<br \/> <strong>Liczba recenzji:<\/strong> 1<br \/><a href=\"https:\/\/www.google.co.uk\/maps?cid=15877510126018041475&#038;hl=en&#038;gl=GB\" target=\"_new\" rel=\"noopener\">Przeczytaj recenzje<\/a><\/p>\n<h2>Chiltern Air Freight Ltd<\/h2>\n<p><img decoding=\"async\" src=\"https:\/\/moverdb.com\/wp-content\/uploads\/AF1QipMl_zWDRCmgX7U6emt_NoSD7Uy5HYhlOQDn7Hdpw408-h306-k-no.jpg\" alt='Chiltern Air Freight Ltd' class=\"aligncenter\"><\/p>\n<p><strong>Opis firmy: <\/strong>Brak danych<\/p>\n<p><strong>Us\u0142ugi dodatkowe:<\/strong><\/p>\n<p>Brak na li\u015bcie<\/p>\n<p><strong>Adres:<\/strong> Wraysbury House, Poyle Road Slough, Colnbrook, Berkshire SL3 0AY<\/p>\n<p><a href=\"http:\/\/www.chilternairfreight.co.uk\/\" target=\"_new\" rel=\"noopener\">Strona internetowa Chiltern Air Freight Ltd<\/a><\/p>\n<p><strong>Wynik recenzji: <\/strong>5<br \/> <strong>Liczba recenzji:<\/strong> 4<br \/><a href=\"https:\/\/www.google.co.uk\/maps?cid=3996653946372571696&#038;hl=en&#038;gl=GB\" target=\"_new\" rel=\"noopener\">Przeczytaj recenzje<\/a><\/p>\n<h2>Jak wybrali\u015bmy najlepsze firmy spedycyjne w Berkshire?<\/h2>\n<p>Zacz\u0119li\u015bmy od zbioru danych 4 firm spedycyjnych Berkshire, kt\u00f3re mogli\u015bmy znale\u017a\u0107 za po\u015brednictwem Google Maps i zaw\u0119zili\u015bmy je do 2 najlepszych.<\/p>\n<p>W tym celu usun\u0119li\u015bmy wszystkie firmy, kt\u00f3re<\/p>\n<ul>\n<li> Brak strony internetowej<\/li>\n<li> Brak recenzji<\/li>\n<li> \u015arednia ocena recenzji poni\u017cej 2,0<\/li>\n<\/ul>\n<p>W tym momencie, je\u015bli mieli\u015bmy 17 lub mniej spedytor\u00f3w, wymienili\u015bmy ich wszystkich.<\/p>\n<p>W przypadku miast, w kt\u00f3rych pozosta\u0142o wi\u0119cej ni\u017c 17 spedytor\u00f3w, dokonali\u015bmy dalszych zmian, zwi\u0119kszaj\u0105c wymagan\u0105 ocen\u0119 recenzji (np. z minimum 2,0 do 4,0) i\/lub zwi\u0119kszaj\u0105c minimaln\u0105 liczb\u0119 wymaganych recenzji (np. z co najmniej 1 recenzji do co najmniej 10).<\/p>\n<p>Nale\u017cy pami\u0119ta\u0107, \u017ce wykorzystali\u015bmy tylko dane z Google Maps, a nie z innych witryn internetowych.<\/p>\n<p>Wi\u0119cej miast:<\/p>\n<p><a href=\"https:\/\/moverdb.com\/pl\/spedytor\/freight-forwarding-uk\/uxbridge-freight-forwarder\/\">Spedytor Uxbridge<\/a><br \/><a href=\"https:\/\/moverdb.com\/pl\/spedytor\/freight-forwarding-uk\/leyland-freight-forwarder\/\">Spedytor Leyland<\/a><br \/><a href=\"https:\/\/moverdb.com\/pl\/spedytor\/freight-forwarding-uk\/cheadle-freight-forwarder\/\">Spedytor z Cheadle<\/a><br \/><a href=\"https:\/\/moverdb.com\/pl\/spedytor\/freight-forwarding-uk\/oldbury-freight-forwarder\/\">Spedytor Oldbury<\/a><br \/><a href=\"https:\/\/moverdb.com\/pl\/spedytor\/freight-forwarding-uk\/chertsey-freight-forwarder\/\">Spedytor z Chertsey<\/a><\/p>","protected":false},"excerpt":{"rendered":"<p>Below we look at the 2 &#8220;best&#8221; Freight Forwarding companies in Berkshire out of 4. To learn more about how we chose the best please consult our FAQ section at the end. Please not the following listings are in no particular order and we are not making any recommendations for any particular company. GOT FREIGHT [&hellip;]<\/p>\n","protected":false},"author":1,"featured_media":0,"parent":13427,"menu_order":0,"comment_status":"open","ping_status":"open","template":"","meta":{"_genesis_hide_title":false,"_genesis_hide_breadcrumbs":false,"_genesis_hide_singular_image":false,"_genesis_hide_footer_widgets":false,"_genesis_custom_body_class":"","_genesis_custom_post_class":"","_genesis_layout":"","footnotes":""},"class_list":{"0":"post-14069","1":"page","2":"type-page","3":"status-publish","5":"entry"},"_links":{"self":[{"href":"https:\/\/moverdb.com\/pl\/wp-json\/wp\/v2\/pages\/14069","targetHints":{"allow":["GET"]}}],"collection":[{"href":"https:\/\/moverdb.com\/pl\/wp-json\/wp\/v2\/pages"}],"about":[{"href":"https:\/\/moverdb.com\/pl\/wp-json\/wp\/v2\/types\/page"}],"author":[{"embeddable":true,"href":"https:\/\/moverdb.com\/pl\/wp-json\/wp\/v2\/users\/1"}],"replies":[{"embeddable":true,"href":"https:\/\/moverdb.com\/pl\/wp-json\/wp\/v2\/comments?post=14069"}],"version-history":[{"count":1,"href":"https:\/\/moverdb.com\/pl\/wp-json\/wp\/v2\/pages\/14069\/revisions"}],"predecessor-version":[{"id":15704,"href":"https:\/\/moverdb.com\/pl\/wp-json\/wp\/v2\/pages\/14069\/revisions\/15704"}],"up":[{"embeddable":true,"href":"https:\/\/moverdb.com\/pl\/wp-json\/wp\/v2\/pages\/13427"}],"wp:attachment":[{"href":"https:\/\/moverdb.com\/pl\/wp-json\/wp\/v2\/media?parent=14069"}],"curies":[{"name":"wp","href":"https:\/\/api.w.org\/{rel}","templated":true}]}}