{"id":14058,"date":"2023-11-08T15:54:18","date_gmt":"2023-11-08T15:54:18","guid":{"rendered":"https:\/\/moverdb.com\/freight-forwarder\/freight-forwarding-uk\/cleckheaton-freight-forwarder\/"},"modified":"2026-01-08T14:56:03","modified_gmt":"2026-01-08T14:56:03","slug":"cleckheaton-freight-forwarder","status":"publish","type":"page","link":"https:\/\/moverdb.com\/pl\/freight-forwarder\/freight-forwarding-uk\/cleckheaton-freight-forwarder\/","title":{"rendered":"2 Najlepsze firmy spedycyjne w Cleckheaton (2024)"},"content":{"rendered":"<p>Poni\u017cej przyjrzymy si\u0119 2 <em>\"najlepszy\"<\/em> Firmy spedycyjne w Cleckheaton spo\u015br\u00f3d 2.<\/p>\n<p>Aby dowiedzie\u0107 si\u0119 wi\u0119cej o tym, jak wybrali\u015bmy najlepszych, zapoznaj si\u0119 z nasz\u0105 sekcj\u0105 FAQ na ko\u0144cu.<\/p>\n<p><em>Nale\u017cy pami\u0119ta\u0107, \u017ce poni\u017csze listy nie s\u0105 u\u0142o\u017cone w okre\u015blonej kolejno\u015bci i nie rekomendujemy \u017cadnej konkretnej firmy.<\/em><\/p>\n<h2>MY Logistics Limited<\/h2>\n<p><img decoding=\"async\" src=\"https:\/\/moverdb.com\/wp-content\/uploads\/AF1QipMon4nlCBvoPAq2ZiIA0lnvUgO9wu2NWTCbL6__w408-h289-k-no.jpg\" alt='MY Logistics Limited' class=\"aligncenter\"><\/p>\n<p><strong>Opis firmy: <\/strong>Za\u0142o\u017cona w 2005 r.<br \/>\nMi\u0119dzynarodowy przewo\u017anik z siedzib\u0105 w West Yorkshire<\/p>\n<p><strong>Us\u0142ugi dodatkowe:<\/strong><\/p>\n<p>Brak na li\u015bcie<\/p>\n<p><strong>Adres:<\/strong> Spen Valley House, Industrial Park, Rawfolds, Cleckheaton BD19 5LJ<\/p>\n<p><a href=\"http:\/\/www.mylogisticsltd.co.uk\/\" target=\"_new\" rel=\"noopener\">Strona internetowa MY Logistics Limited<\/a><\/p>\n<p><strong>Wynik recenzji: <\/strong>4.9<br \/> <strong>Liczba recenzji:<\/strong> 10<br \/><a href=\"https:\/\/www.google.co.uk\/maps?cid=10434569544747409173&#038;hl=en&#038;gl=GB\" target=\"_new\" rel=\"noopener\">Przeczytaj recenzje<\/a><\/p>\n<h2>Croft Cargo Ltd<\/h2>\n<p><img decoding=\"async\" src=\"https:\/\/moverdb.com\/wp-content\/uploads\/AF1QipPofLuxP6fJ1UZa1sYOU0Mcq3bZs4E_TfUPsfQw408-h272-k-no.jpg\" alt='Croft Cargo Ltd' class=\"aligncenter\"><\/p>\n<p><strong>Opis firmy: <\/strong>Croft Cargo to mi\u0119dzynarodowa firma logistyczna z siedzib\u0105 w Yorkshire.<\/p>\n<p> Croft Cargo obs\u0142uguje fracht morski, lotniczy, drogowy, magazynowanie i wiele innych rodzaj\u00f3w transportu zwi\u0105zanych z przemys\u0142em.<\/p>\n<p> Je\u015bli jeste\u015b zainteresowany naszymi us\u0142ugami, skontaktuj si\u0119 z Croft Cargo lub wy\u015blij e-mail do naszego zespo\u0142u sprzeda\u017cy na adres sales@croftcargo.<\/p>\n<p>com<\/p>\n<p><strong>Us\u0142ugi dodatkowe:<\/strong><\/p>\n<p>Us\u0142uga kontenerowa<\/p>\n<p>Broker celny<\/p>\n<p>Sk\u0142ad celny<\/p>\n<p>Us\u0142uga logistyczna<\/p>\n<p>Us\u0142ugi transportowe<\/p>\n<p><strong>Adres:<\/strong> Whitcliffe House, 58 Whitcliffe Rd, Cleckheaton BD19 3BY<\/p>\n<p><a href=\"http:\/\/www.croftcargo.com\/\" target=\"_new\" rel=\"noopener\">Strona internetowa Croft Cargo Ltd<\/a><\/p>\n<p><strong>Wynik recenzji: <\/strong>5<br \/> <strong>Liczba recenzji:<\/strong> 5<br \/><a href=\"https:\/\/www.google.co.uk\/maps?cid=4881642299095467798&#038;hl=en&#038;gl=GB\" target=\"_new\" rel=\"noopener\">Przeczytaj recenzje<\/a><\/p>\n<h2>Jak wybrali\u015bmy najlepsze firmy spedycyjne w Cleckheaton?<\/h2>\n<p>Zacz\u0119li\u015bmy od zbioru danych 2 firm spedycyjnych Cleckheaton, kt\u00f3re mogli\u015bmy znale\u017a\u0107 za pomoc\u0105 Google Maps i zaw\u0119zili\u015bmy go do 2 najlepszych.<\/p>\n<p>W tym celu usun\u0119li\u015bmy wszystkie firmy, kt\u00f3re<\/p>\n<ul>\n<li> Brak strony internetowej<\/li>\n<li> Brak recenzji<\/li>\n<li> \u015arednia ocena recenzji poni\u017cej 2,0<\/li>\n<\/ul>\n<p>W tym momencie, je\u015bli mieli\u015bmy 17 lub mniej spedytor\u00f3w, wymienili\u015bmy ich wszystkich.<\/p>\n<p>W przypadku miast, w kt\u00f3rych pozosta\u0142o wi\u0119cej ni\u017c 17 spedytor\u00f3w, dokonali\u015bmy dalszych zmian, zwi\u0119kszaj\u0105c wymagan\u0105 ocen\u0119 recenzji (np. z minimum 2,0 do 4,0) i\/lub zwi\u0119kszaj\u0105c minimaln\u0105 liczb\u0119 wymaganych recenzji (np. z co najmniej 1 recenzji do co najmniej 10).<\/p>\n<p>Nale\u017cy pami\u0119ta\u0107, \u017ce wykorzystali\u015bmy tylko dane z Google Maps, a nie z innych witryn internetowych.<\/p>\n<p>Wi\u0119cej miast:<\/p>\n<p><a href=\"https:\/\/moverdb.com\/pl\/spedytor\/freight-forwarding-uk\/stanford-le-hope-freight-forwarder\/\">Spedytor Stanford-le-Hope<\/a><br \/><a href=\"https:\/\/moverdb.com\/pl\/spedytor\/freight-forwarding-uk\/norwich-freight-forwarder\/\">Spedytor z Norwich<\/a><br \/><a href=\"https:\/\/moverdb.com\/pl\/spedytor\/freight-forwarding-uk\/sunderland-freight-forwarder\/\">Spedytor z Sunderland<\/a><br \/><a href=\"https:\/\/moverdb.com\/pl\/spedytor\/freight-forwarding-uk\/berkshire-freight-forwarder\/\">Berkshire Freight Forwarder<\/a><br \/><a href=\"https:\/\/moverdb.com\/pl\/spedytor\/freight-forwarding-uk\/uxbridge-freight-forwarder\/\">Spedytor Uxbridge<\/a><\/p>","protected":false},"excerpt":{"rendered":"<p>Below we look at the 2 &#8220;best&#8221; Freight Forwarding companies in Cleckheaton out of 2. To learn more about how we chose the best please consult our FAQ section at the end. Please not the following listings are in no particular order and we are not making any recommendations for any particular company. MY Logistics [&hellip;]<\/p>\n","protected":false},"author":1,"featured_media":0,"parent":13427,"menu_order":0,"comment_status":"open","ping_status":"open","template":"","meta":{"_genesis_hide_title":false,"_genesis_hide_breadcrumbs":false,"_genesis_hide_singular_image":false,"_genesis_hide_footer_widgets":false,"_genesis_custom_body_class":"","_genesis_custom_post_class":"","_genesis_layout":"","footnotes":""},"class_list":{"0":"post-14058","1":"page","2":"type-page","3":"status-publish","5":"entry"},"_links":{"self":[{"href":"https:\/\/moverdb.com\/pl\/wp-json\/wp\/v2\/pages\/14058","targetHints":{"allow":["GET"]}}],"collection":[{"href":"https:\/\/moverdb.com\/pl\/wp-json\/wp\/v2\/pages"}],"about":[{"href":"https:\/\/moverdb.com\/pl\/wp-json\/wp\/v2\/types\/page"}],"author":[{"embeddable":true,"href":"https:\/\/moverdb.com\/pl\/wp-json\/wp\/v2\/users\/1"}],"replies":[{"embeddable":true,"href":"https:\/\/moverdb.com\/pl\/wp-json\/wp\/v2\/comments?post=14058"}],"version-history":[{"count":1,"href":"https:\/\/moverdb.com\/pl\/wp-json\/wp\/v2\/pages\/14058\/revisions"}],"predecessor-version":[{"id":15713,"href":"https:\/\/moverdb.com\/pl\/wp-json\/wp\/v2\/pages\/14058\/revisions\/15713"}],"up":[{"embeddable":true,"href":"https:\/\/moverdb.com\/pl\/wp-json\/wp\/v2\/pages\/13427"}],"wp:attachment":[{"href":"https:\/\/moverdb.com\/pl\/wp-json\/wp\/v2\/media?parent=14058"}],"curies":[{"name":"wp","href":"https:\/\/api.w.org\/{rel}","templated":true}]}}