{"id":14043,"date":"2023-11-08T15:54:18","date_gmt":"2023-11-08T15:54:18","guid":{"rendered":"https:\/\/moverdb.com\/freight-forwarder\/freight-forwarding-uk\/wembley-freight-forwarder\/"},"modified":"2026-01-08T14:58:43","modified_gmt":"2026-01-08T14:58:43","slug":"wembley-freight-forwarder","status":"publish","type":"page","link":"https:\/\/moverdb.com\/pl\/freight-forwarder\/freight-forwarding-uk\/wembley-freight-forwarder\/","title":{"rendered":"2 Najlepsze firmy spedycyjne w Wembley (2024)"},"content":{"rendered":"<p>Poni\u017cej przyjrzymy si\u0119 2 <em>\"najlepszy\"<\/em> Firmy spedycyjne w Wembley, spo\u015br\u00f3d 8.<\/p>\n<p>Aby dowiedzie\u0107 si\u0119 wi\u0119cej o tym, jak wybrali\u015bmy najlepszych, zapoznaj si\u0119 z nasz\u0105 sekcj\u0105 FAQ na ko\u0144cu.<\/p>\n<p><em>Nale\u017cy pami\u0119ta\u0107, \u017ce poni\u017csze listy nie s\u0105 u\u0142o\u017cone w okre\u015blonej kolejno\u015bci i nie rekomendujemy \u017cadnej konkretnej firmy.<\/em><\/p>\n<h2>Air Cargo Global Kenya (www.Kenya-AirCargo.com)<\/h2>\n<p><img decoding=\"async\" src=\"https:\/\/moverdb.com\/wp-content\/uploads\/AF1QipOJY_kDodVzmgJtYC-sWixwmPVY3CyvwDW6i-MZw426-h240-k-no.jpg\" alt='Air Cargo Global Kenya (www.Kenya-AirCargo.com)' class=\"aligncenter\"><\/p>\n<p><strong>Opis firmy: <\/strong>W Air Cargo Global <a href=\"https:\/\/moverdb.com\/pl\/moving-companies\/moving-companies-kenya\/\" data-internallinksmanager029f6b8e52c=\"305\" title=\"4 Najlepsze firmy zajmuj\u0105ce si\u0119 przeprowadzkami mi\u0119dzynarodowymi w Kenii\">Kenia<\/a> zapewniamy wiod\u0105c\u0105 us\u0142ug\u0119 frachtu do Kenii, kt\u00f3ra jest op\u0142acalna i bezpieczna.<\/p>\n<p> Jeste\u015bmy dumni z tego, \u017ce zapewniamy wysy\u0142k\u0119 od drzwi do drzwi do Kenii, niezale\u017cnie od tego, czy potrzebujesz \u0142adunku lotniczego czy morskiego dla swoich rzeczy osobistych, zakup\u00f3w online, nadbaga\u017cu czy \u0142adunku komercyjnego.<\/p>\n<p>Oferujemy:<\/p>\n<p>\u0141adunek do Kenii<br \/>\n\u0141adunek do Zimbabwe<br \/>\n\u0141adunek do Ugandy<br \/>\n\u0141adunek do Somalii<br \/>\n\u0141adunek do Afryki<br \/>\n\u0141adunek do Rwandy<br \/>\nCargo lotnicze do Angoli<br \/>\nAir Cargo do <a href=\"https:\/\/moverdb.com\/pl\/moving-companies\/burkina-faso-moving-companies\/\" data-internallinksmanager029f6b8e52c=\"221\" title=\"Najlepsze firmy zajmuj\u0105ce si\u0119 przeprowadzkami mi\u0119dzynarodowymi w Burkina Faso\">Burkina Faso<\/a><br \/>\nTransport lotniczy do Beninu<br \/>\nAir Cargo do <a href=\"https:\/\/moverdb.com\/pl\/moving-companies\/botswana-moving-companies\/\" data-internallinksmanager029f6b8e52c=\"167\" title=\"Najlepsze firmy zajmuj\u0105ce si\u0119 przeprowadzkami mi\u0119dzynarodowymi w Botswanie\">Botswana<\/a><br \/>\nCargo lotnicze do Republiki \u015arodkowoafryka\u0144skiej<br \/>\nTransport lotniczy do Wybrze\u017ca Ko\u015bci S\u0142oniowej<br \/>\nAir Cargo do <a href=\"https:\/\/moverdb.com\/pl\/moving-companies\/cameroon-moving-companies\/\" data-internallinksmanager029f6b8e52c=\"222\" title=\"Najlepsze firmy zajmuj\u0105ce si\u0119 przeprowadzkami mi\u0119dzynarodowymi w Kamerunie\">Kamerun<\/a><br \/>\nAir Cargo do <a href=\"https:\/\/moverdb.com\/pl\/moving-companies\/algeria\/\" data-internallinksmanager029f6b8e52c=\"166\" title=\"3 Najlepsze firmy zajmuj\u0105ce si\u0119 przeprowadzkami mi\u0119dzynarodowymi w Algierii\">Algieria<\/a><br \/>\nAir Cargo do <a href=\"https:\/\/moverdb.com\/pl\/moving-companies\/egypt-moving-companies\/\" data-internallinksmanager029f6b8e52c=\"200\" title=\"11 Najlepsze firmy zajmuj\u0105ce si\u0119 przeprowadzkami mi\u0119dzynarodowymi w Egipcie\">Egipt<\/a><br \/>\nTransport lotniczy do Sahary Zachodniej<br \/>\nAir Cargo do <a href=\"https:\/\/moverdb.com\/pl\/moving-companies\/moving-companies-ethiopia\/\" data-internallinksmanager029f6b8e52c=\"214\" title=\"5 Najlepszych firm zajmuj\u0105cych si\u0119 przeprowadzkami mi\u0119dzynarodowymi w Etiopii\">Etiopia<\/a><br \/>\nCargo lotnicze do Gabonu<br \/>\nAir Cargo do <a href=\"https:\/\/moverdb.com\/pl\/moving-companies\/moving-companies-ghana\/\" data-internallinksmanager029f6b8e52c=\"228\" title=\"2 Najlepsze firmy zajmuj\u0105ce si\u0119 przeprowadzkami mi\u0119dzynarodowymi w Ghanie\">Ghana<\/a><br \/>\nCargo lotnicze do Gambii<\/p>\n<p><strong>Us\u0142ugi dodatkowe:<\/strong><\/p>\n<p>Us\u0142uga kurierska<\/p>\n<p><strong>Adres:<\/strong> Wembley Park Business Centre, Access, First Way, Wembley HA9 0JD<\/p>\n<p><a href=\"http:\/\/www.kenya-aircargo.com\/\" target=\"_new\" rel=\"noopener\">Strona internetowa Air Cargo Global Kenya (www.Kenya-AirCargo.com)<\/a><\/p>\n<p><strong>Wynik recenzji: <\/strong>4.3<br \/> <strong>Liczba recenzji:<\/strong> 11<br \/><a href=\"https:\/\/www.google.co.uk\/maps?cid=18136524815790858633&#038;hl=en&#038;gl=GB\" target=\"_new\" rel=\"noopener\">Przeczytaj recenzje<\/a><\/p>\n<h2>Arab Africa Cargo Ltd (DHL Express, \u0142adunki na Bliski Wsch\u00f3d, Afryka)<\/h2>\n<p><img decoding=\"async\" src=\"https:\/\/moverdb.com\/wp-content\/uploads\/AF1QipMecEC7NKx9s8WtQBwD4kH-jRmke_zzboxdmd5-w648-h240-k-no.jpg\" alt='Arab Africa Cargo Ltd (DHL Express, \u0142adunki na Bliski Wsch\u00f3d, Afryka)' class=\"aligncenter\"><\/p>\n<p><strong>Opis firmy: <\/strong>Arab Africa cargo obs\u0142uguje szybki i bezpieczny fracht lotniczy oraz us\u0142ugi DHL Express od <a href=\"https:\/\/moverdb.com\/pl\/moving-to-the-uk\/\" data-internallinksmanager029f6b8e52c=\"93\" title=\"Przeprowadzasz si\u0119 do Wielkiej Brytanii? 2026 Koszty \u017cycia i wskaz\u00f3wki dotycz\u0105ce przeprowadzki\">UK<\/a> i Europy do \u015arodkowego Wschodu, Afryki, Azji i reszty \u015bwiata.<\/p>\n<p> Zapewniamy w pe\u0142ni kompleksowy zakres us\u0142ug na wszystkich trasach, w tym ekspresowych i bezpo\u015brednich.<\/p>\n<p> Gdy jednak czas na to nie pozwala, jeste\u015bmy w stanie zapewni\u0107 alternatywne rozwi\u0105zania, takie jak us\u0142ugi odroczone i skonsolidowane, aby dostosowa\u0107 koszty do termin\u00f3w.<\/p>\n<p>Pomagamy naszym klientom przewozi\u0107 \u0142adunki osobiste i komercyjne, niezale\u017cnie od tego, czy jest to nadbaga\u017c, czy palety za po\u015brednictwem frachtu lotniczego do reszty \u015bwiata.<\/p>\n<p>+442030027757<\/p>\n<p><strong>Us\u0142ugi dodatkowe:<\/strong><\/p>\n<p>Us\u0142uga kurierska<\/p>\n<p><strong>Adres:<\/strong> Access Business Centre, First Way, Wembley HA9 0JD<\/p>\n<p><a href=\"http:\/\/arabafricacargo.com\/\" target=\"_new\" rel=\"noopener\">Strona internetowa Arab Africa Cargo Ltd (DHL Express, Cargo na Bliski Wsch\u00f3d, Afryka)<\/a><\/p>\n<p><strong>Wynik recenzji: <\/strong>4.5<br \/> <strong>Liczba recenzji:<\/strong> 8<br \/><a href=\"https:\/\/www.google.co.uk\/maps?cid=2013360732440905948&#038;hl=en&#038;gl=GB\" target=\"_new\" rel=\"noopener\">Przeczytaj recenzje<\/a><\/p>\n<h2>Jak wybrali\u015bmy najlepsze firmy spedycyjne w Wembley?<\/h2>\n<p>Zacz\u0119li\u015bmy od zbioru danych 8 firm spedycyjnych Wembley, kt\u00f3re mogli\u015bmy znale\u017a\u0107 za pomoc\u0105 Google Maps i zaw\u0119zili\u015bmy go do 2 najlepszych.<\/p>\n<p>W tym celu usun\u0119li\u015bmy wszystkie firmy, kt\u00f3re<\/p>\n<ul>\n<li> Brak strony internetowej<\/li>\n<li> Brak recenzji<\/li>\n<li> \u015arednia ocena recenzji poni\u017cej 2,0<\/li>\n<\/ul>\n<p>W tym momencie, je\u015bli mieli\u015bmy 17 lub mniej spedytor\u00f3w, wymienili\u015bmy ich wszystkich.<\/p>\n<p>W przypadku miast, w kt\u00f3rych pozosta\u0142o wi\u0119cej ni\u017c 17 spedytor\u00f3w, dokonali\u015bmy dalszych zmian, zwi\u0119kszaj\u0105c wymagan\u0105 ocen\u0119 recenzji (np. z minimum 2,0 do 4,0) i\/lub zwi\u0119kszaj\u0105c minimaln\u0105 liczb\u0119 wymaganych recenzji (np. z co najmniej 1 recenzji do co najmniej 10).<\/p>\n<p>Nale\u017cy pami\u0119ta\u0107, \u017ce wykorzystali\u015bmy tylko dane z Google Maps, a nie z innych witryn internetowych.<\/p>\n<p>Wi\u0119cej miast:<\/p>\n<p><a href=\"https:\/\/moverdb.com\/pl\/spedytor\/freight-forwarding-uk\/hockley-freight-forwarder\/\">Spedytor Hockley<\/a><br \/><a href=\"https:\/\/moverdb.com\/pl\/spedytor\/freight-forwarding-uk\/fareham-freight-forwarder\/\">Spedytor z Fareham<\/a><br \/><a href=\"https:\/\/moverdb.com\/pl\/spedytor\/freight-forwarding-uk\/normanton-freight-forwarder\/\">Spedytor z Normanton<\/a><br \/><a href=\"https:\/\/moverdb.com\/pl\/spedytor\/freight-forwarding-uk\/solihull-freight-forwarder\/\">Spedytor z Solihull<\/a><br \/><a href=\"https:\/\/moverdb.com\/pl\/spedytor\/freight-forwarding-uk\/cleckheaton-freight-forwarder\/\">Spedytor Cleckheaton<\/a><\/p>","protected":false},"excerpt":{"rendered":"<p>Below we look at the 2 &#8220;best&#8221; Freight Forwarding companies in Wembley out of 8. To learn more about how we chose the best please consult our FAQ section at the end. Please not the following listings are in no particular order and we are not making any recommendations for any particular company. Air Cargo [&hellip;]<\/p>\n","protected":false},"author":1,"featured_media":0,"parent":13427,"menu_order":0,"comment_status":"open","ping_status":"open","template":"","meta":{"_genesis_hide_title":false,"_genesis_hide_breadcrumbs":false,"_genesis_hide_singular_image":false,"_genesis_hide_footer_widgets":false,"_genesis_custom_body_class":"","_genesis_custom_post_class":"","_genesis_layout":"","footnotes":""},"class_list":{"0":"post-14043","1":"page","2":"type-page","3":"status-publish","5":"entry"},"_links":{"self":[{"href":"https:\/\/moverdb.com\/pl\/wp-json\/wp\/v2\/pages\/14043","targetHints":{"allow":["GET"]}}],"collection":[{"href":"https:\/\/moverdb.com\/pl\/wp-json\/wp\/v2\/pages"}],"about":[{"href":"https:\/\/moverdb.com\/pl\/wp-json\/wp\/v2\/types\/page"}],"author":[{"embeddable":true,"href":"https:\/\/moverdb.com\/pl\/wp-json\/wp\/v2\/users\/1"}],"replies":[{"embeddable":true,"href":"https:\/\/moverdb.com\/pl\/wp-json\/wp\/v2\/comments?post=14043"}],"version-history":[{"count":1,"href":"https:\/\/moverdb.com\/pl\/wp-json\/wp\/v2\/pages\/14043\/revisions"}],"predecessor-version":[{"id":15756,"href":"https:\/\/moverdb.com\/pl\/wp-json\/wp\/v2\/pages\/14043\/revisions\/15756"}],"up":[{"embeddable":true,"href":"https:\/\/moverdb.com\/pl\/wp-json\/wp\/v2\/pages\/13427"}],"wp:attachment":[{"href":"https:\/\/moverdb.com\/pl\/wp-json\/wp\/v2\/media?parent=14043"}],"curies":[{"name":"wp","href":"https:\/\/api.w.org\/{rel}","templated":true}]}}