{"id":14021,"date":"2023-11-08T15:53:54","date_gmt":"2023-11-08T15:53:54","guid":{"rendered":"https:\/\/moverdb.com\/freight-forwarder\/freight-forwarding-uk\/stockton-on-tees-freight-forwarder\/"},"modified":"2026-05-15T14:59:09","modified_gmt":"2026-05-15T14:59:09","slug":"stockton-on-tees-freight-forwarder","status":"publish","type":"page","link":"https:\/\/moverdb.com\/pl\/freight-forwarder\/freight-forwarding-uk\/stockton-on-tees-freight-forwarder\/","title":{"rendered":"2 Najlepsze firmy spedycyjne w Stockton-on-Tees (2024)"},"content":{"rendered":"<p>Poni\u017cej przyjrzymy si\u0119 2 <em>\"najlepszy\"<\/em> Firmy spedycyjne w Stockton-on-Tees spo\u015br\u00f3d 3.<\/p>\n<p>Aby dowiedzie\u0107 si\u0119 wi\u0119cej o tym, jak wybrali\u015bmy najlepszych, zapoznaj si\u0119 z nasz\u0105 sekcj\u0105 FAQ na ko\u0144cu.<\/p>\n<p><em>Nale\u017cy pami\u0119ta\u0107, \u017ce poni\u017csze listy nie s\u0105 u\u0142o\u017cone w okre\u015blonej kolejno\u015bci i nie rekomendujemy \u017cadnej konkretnej firmy.<\/em><\/p>\n<h2>Angolcsomag<\/h2>\n<p><img decoding=\"async\" src=\"https:\/\/moverdb.com\/wp-content\/uploads\/AF1QipOryNSdITJEMO39398cLDQZD5hyDZ4CQCNdQFI6w458-h240-k-no.jpg\" alt='Angolcsomag' class=\"aligncenter\"><\/p>\n<p><strong>Opis firmy: <\/strong>Nemzetk\u00f6zi csomagsz\u00e4ll\u00f6t\u00f6s, k\u00f6lt\u00f6ztet\u00f6s \u00e9s rakt\u00e1roz\u00f6s kedvez\u00e1kon.<\/p>\n<p> Ha egy olyan c\u00e9get keres, aki t\u0102\u015bbb \u0102\u015bvtizedes tapasztalattal, probl\u0102\u015bmamentesen v\u0102\u015bgez csomagsz\u0102ll\u0102t\u0102\u0105st, k\u0102\u015blt\u0102\u015bztet\u0102\u0105st, akkor ne keresg\u0102\u015bljen tov\u0102bb, hiszen vel\u0102\u017ank biztosra megy! K\u00e9rjen \u0102raj\u00e1nlatot most! Nie ma nic lepszego, ni\u017c by\u0107 mo\u017ce by\u0107 mo\u017ce! Csomagot akar eljuttatni Angli\u00e1ba, Ausztri\u00e1ba, N\u00e9metorsz\u00e1gba, Belgiumba, vagy Hollandi\u00e1ba? Megtalta a megoldist! Nie, nie, nie, nie, nie, nie, nie, nie, nie, nie, nie, nie, nie, nie, nie, nie, nie, nie, nie, nie, nie, nie, nie, nie, nie, nie, nie, nie, nie, nie, nie!<\/p>\n<p> Magyarorsz\u00e1g Anglia jest legendarnym przyk\u0142adem na to, \u017ce nie mo\u017cna si\u0119 nudzi\u0107!<\/p>\n<p><strong>Us\u0142ugi dodatkowe:<\/strong><\/p>\n<p>Brak na li\u015bcie<\/p>\n<p><strong>Adres:<\/strong> 19 Redbrook Ave, Stockton-on-Tees TS19 9HJ<\/p>\n<p><a href=\"https:\/\/angolcsomag.hu\/\" target=\"_new\" rel=\"noopener\">Strona internetowa Angolcsomag<\/a><\/p>\n<p><strong>Wynik recenzji: <\/strong>4.3<br \/> <strong>Liczba recenzji:<\/strong> 4<br \/><a href=\"https:\/\/www.google.co.uk\/maps?cid=4596175838503261878&#038;hl=en&#038;gl=GB\" target=\"_new\" rel=\"noopener\">Przeczytaj recenzje<\/a><\/p>\n<h2>Kontenerowce<\/h2>\n<p><img decoding=\"async\" src=\"https:\/\/moverdb.com\/wp-content\/uploads\/AF1QipMdrVos0_oLG82D58BbnH2sl2pgOv0-e6dvJqXKw408-h544-k-no.jpg\" alt='Kontenerowce' class=\"aligncenter\"><\/p>\n<p><strong>Opis firmy: <\/strong>Brak danych<\/p>\n<p><strong>Us\u0142ugi dodatkowe:<\/strong><\/p>\n<p>Brak na li\u015bcie<\/p>\n<p><strong>Adres:<\/strong> Haverton Hill Rd, Stockton-on-Tees TS23 1PS<\/p>\n<p><a href=\"http:\/\/www.containerships.eu\/\" target=\"_new\" rel=\"noopener\">Strona internetowa Containerships<\/a><\/p>\n<p><strong>Wynik recenzji: <\/strong>4.3<br \/> <strong>Liczba recenzji:<\/strong> 35<br \/><a href=\"https:\/\/www.google.co.uk\/maps?cid=21507042716909697&#038;hl=en&#038;gl=GB\" target=\"_new\" rel=\"noopener\">Przeczytaj recenzje<\/a><\/p>\n<h2>Jak wybrali\u015bmy najlepsze firmy spedycyjne w Stockton-on-Tees?<\/h2>\n<p>Zacz\u0119li\u015bmy od zbioru danych 3 firm spedycyjnych Stockton-on-Tees, kt\u00f3re mogli\u015bmy znale\u017a\u0107 za po\u015brednictwem Google Maps i zaw\u0119zili\u015bmy go do 2 najlepszych.<\/p>\n<p>W tym celu usun\u0119li\u015bmy wszystkie firmy, kt\u00f3re<\/p>\n<ul>\n<li> Brak strony internetowej<\/li>\n<li> Brak recenzji<\/li>\n<li> \u015arednia ocena recenzji poni\u017cej 2,0<\/li>\n<\/ul>\n<p>W tym momencie, je\u015bli mieli\u015bmy 17 lub mniej spedytor\u00f3w, wymienili\u015bmy ich wszystkich.<\/p>\n<p>W przypadku miast, w kt\u00f3rych pozosta\u0142o wi\u0119cej ni\u017c 17 spedytor\u00f3w, dokonali\u015bmy dalszych zmian, zwi\u0119kszaj\u0105c wymagan\u0105 ocen\u0119 recenzji (np. z minimum 2,0 do 4,0) i\/lub zwi\u0119kszaj\u0105c minimaln\u0105 liczb\u0119 wymaganych recenzji (np. z co najmniej 1 recenzji do co najmniej 10).<\/p>\n<p>Nale\u017cy pami\u0119ta\u0107, \u017ce wykorzystali\u015bmy tylko dane z Google Maps, a nie z innych witryn internetowych.<\/p>\n<p>Wi\u0119cej miast:<\/p>\n<p><a href=\"https:\/\/moverdb.com\/pl\/spedytor\/freight-forwarding-uk\/middlesex-freight-forwarder\/\">Spedytor Middlesex<\/a><br \/><a href=\"https:\/\/moverdb.com\/pl\/spedytor\/freight-forwarding-uk\/wisbech-freight-forwarder\/\">Spedytor Wisbech<\/a><br \/><a href=\"https:\/\/moverdb.com\/pl\/spedytor\/freight-forwarding-uk\/east-cowes-freight-forwarder\/\">Spedytor z East Cowes<\/a><br \/><a href=\"https:\/\/moverdb.com\/pl\/spedytor\/freight-forwarding-uk\/bury-freight-forwarder\/\">Spedytor Bury<\/a><br \/><a href=\"https:\/\/moverdb.com\/pl\/spedytor\/freight-forwarding-uk\/newcastle-upon-tyne-freight-forwarder\/\">Spedytor z Newcastle upon Tyne<\/a><\/p>","protected":false},"excerpt":{"rendered":"<p>Below we look at the 2 &#8220;best&#8221; Freight Forwarding companies in Stockton-on-Tees out of 3. To learn more about how we chose the best please consult our FAQ section at the end. Please not the following listings are in no particular order and we are not making any recommendations for any particular company. Angolcsomag Description [&hellip;]<\/p>\n","protected":false},"author":1,"featured_media":0,"parent":13427,"menu_order":0,"comment_status":"open","ping_status":"open","template":"","meta":{"_genesis_hide_title":false,"_genesis_hide_breadcrumbs":false,"_genesis_hide_singular_image":false,"_genesis_hide_footer_widgets":false,"_genesis_custom_body_class":"","_genesis_custom_post_class":"","_genesis_layout":"","footnotes":""},"class_list":{"0":"post-14021","1":"page","2":"type-page","3":"status-publish","5":"entry"},"_links":{"self":[{"href":"https:\/\/moverdb.com\/pl\/wp-json\/wp\/v2\/pages\/14021","targetHints":{"allow":["GET"]}}],"collection":[{"href":"https:\/\/moverdb.com\/pl\/wp-json\/wp\/v2\/pages"}],"about":[{"href":"https:\/\/moverdb.com\/pl\/wp-json\/wp\/v2\/types\/page"}],"author":[{"embeddable":true,"href":"https:\/\/moverdb.com\/pl\/wp-json\/wp\/v2\/users\/1"}],"replies":[{"embeddable":true,"href":"https:\/\/moverdb.com\/pl\/wp-json\/wp\/v2\/comments?post=14021"}],"version-history":[{"count":1,"href":"https:\/\/moverdb.com\/pl\/wp-json\/wp\/v2\/pages\/14021\/revisions"}],"predecessor-version":[{"id":15749,"href":"https:\/\/moverdb.com\/pl\/wp-json\/wp\/v2\/pages\/14021\/revisions\/15749"}],"up":[{"embeddable":true,"href":"https:\/\/moverdb.com\/pl\/wp-json\/wp\/v2\/pages\/13427"}],"wp:attachment":[{"href":"https:\/\/moverdb.com\/pl\/wp-json\/wp\/v2\/media?parent=14021"}],"curies":[{"name":"wp","href":"https:\/\/api.w.org\/{rel}","templated":true}]}}