{"id":14001,"date":"2023-11-08T15:53:54","date_gmt":"2023-11-08T15:53:54","guid":{"rendered":"https:\/\/moverdb.com\/freight-forwarder\/freight-forwarding-uk\/middlesbrough-freight-forwarder\/"},"modified":"2026-01-08T13:17:38","modified_gmt":"2026-01-08T13:17:38","slug":"middlesbrough-freight-forwarder","status":"publish","type":"page","link":"https:\/\/moverdb.com\/pl\/freight-forwarder\/freight-forwarding-uk\/middlesbrough-freight-forwarder\/","title":{"rendered":"3 Najlepsze firmy spedycyjne w Middlesbrough (2024)"},"content":{"rendered":"<p>Poni\u017cej przyjrzymy si\u0119 3 <em>\"najlepszy\"<\/em> Firmy spedycyjne w Middlesbrough spo\u015br\u00f3d 6.<\/p>\n<p>Aby dowiedzie\u0107 si\u0119 wi\u0119cej o tym, jak wybrali\u015bmy najlepszych, zapoznaj si\u0119 z nasz\u0105 sekcj\u0105 FAQ na ko\u0144cu.<\/p>\n<p><em>Nale\u017cy pami\u0119ta\u0107, \u017ce poni\u017csze listy nie s\u0105 u\u0142o\u017cone w okre\u015blonej kolejno\u015bci i nie rekomendujemy \u017cadnej konkretnej firmy.<\/em><\/p>\n<div id=\"ez-toc-container\" class=\"ez-toc-v2_0_82_2 ez-toc-wrap-left counter-hierarchy ez-toc-counter ez-toc-transparent ez-toc-container-direction\">\n<div class=\"ez-toc-title-container\">\n<p class=\"ez-toc-title\" style=\"cursor:inherit\">Sekcje<\/p>\n<span class=\"ez-toc-title-toggle\"><a href=\"#\" class=\"ez-toc-pull-right ez-toc-btn ez-toc-btn-xs ez-toc-btn-default ez-toc-toggle\" aria-label=\"Prze\u0142\u0105cznik Spisu Tre\u015bci\"><span class=\"ez-toc-js-icon-con\"><span class=\"\"><span class=\"eztoc-hide\" style=\"display:none;\">Toggle<\/span><span class=\"ez-toc-icon-toggle-span\"><svg style=\"fill: #999;color:#999\" xmlns=\"http:\/\/www.w3.org\/2000\/svg\" class=\"list-377408\" width=\"20px\" height=\"20px\" viewbox=\"0 0 24 24\" fill=\"none\"><path d=\"M6 6H4v2h2V6zm14 0H8v2h12V6zM4 11h2v2H4v-2zm16 0H8v2h12v-2zM4 16h2v2H4v-2zm16 0H8v2h12v-2z\" fill=\"currentColor\"><\/path><\/svg><svg style=\"fill: #999;color:#999\" class=\"arrow-unsorted-368013\" xmlns=\"http:\/\/www.w3.org\/2000\/svg\" width=\"10px\" height=\"10px\" viewbox=\"0 0 24 24\" version=\"1.2\" baseprofile=\"tiny\"><path d=\"M18.2 9.3l-6.2-6.3-6.2 6.3c-.2.2-.3.4-.3.7s.1.5.3.7c.2.2.4.3.7.3h11c.3 0 .5-.1.7-.3.2-.2.3-.5.3-.7s-.1-.5-.3-.7zM5.8 14.7l6.2 6.3 6.2-6.3c.2-.2.3-.5.3-.7s-.1-.5-.3-.7c-.2-.2-.4-.3-.7-.3h-11c-.3 0-.5.1-.7.3-.2.2-.3.5-.3.7s.1.5.3.7z\"\/><\/svg><\/span><\/span><\/span><\/a><\/span><\/div>\n<nav><ul class='ez-toc-list ez-toc-list-level-1 eztoc-toggle-hide-by-default' ><li class='ez-toc-page-1 ez-toc-heading-level-2'><a class=\"ez-toc-link ez-toc-heading-1\" href=\"https:\/\/moverdb.com\/pl\/freight-forwarder\/freight-forwarding-uk\/middlesbrough-freight-forwarder\/#InstaCargo_Ltd\" >InstaCargo Ltd<\/a><\/li><li class='ez-toc-page-1 ez-toc-heading-level-2'><a class=\"ez-toc-link ez-toc-heading-2\" href=\"https:\/\/moverdb.com\/pl\/freight-forwarder\/freight-forwarding-uk\/middlesbrough-freight-forwarder\/#Evolution_Forwarding\" >Evolution Forwarding<\/a><\/li><li class='ez-toc-page-1 ez-toc-heading-level-2'><a class=\"ez-toc-link ez-toc-heading-3\" href=\"https:\/\/moverdb.com\/pl\/freight-forwarder\/freight-forwarding-uk\/middlesbrough-freight-forwarder\/#Johnson_Partners_Ltd\" >Johnson Partners Ltd<\/a><\/li><li class='ez-toc-page-1 ez-toc-heading-level-2'><a class=\"ez-toc-link ez-toc-heading-4\" href=\"https:\/\/moverdb.com\/pl\/freight-forwarder\/freight-forwarding-uk\/middlesbrough-freight-forwarder\/#How_we_picked_the_best_Middlesbrough_Freight_Forwarding_Companies\" >Jak wybrali\u015bmy najlepsze firmy spedycyjne w Middlesbrough?<\/a><\/li><\/ul><\/nav><\/div>\n<h2><span class=\"ez-toc-section\" id=\"InstaCargo_Ltd\"><\/span>InstaCargo Ltd<span class=\"ez-toc-section-end\"><\/span><\/h2>\n<p><img decoding=\"async\" src=\"https:\/\/moverdb.com\/wp-content\/uploads\/thumbnailpanoidBdnaOper1igm1iTb8bZB7Acb_clientsearch.gws-prod.gpsw408h240yaw39.jpg\" alt='InstaCargo Ltd' class=\"aligncenter\"><\/p>\n<p><strong>Opis firmy: <\/strong>W InstaCargo Ltd jeste\u015bmy zaanga\u017cowani w \u015bwiadczenie us\u0142ug logistycznych dla KA\u017bDEGO, WSZ\u0118DZIE i ZA KA\u017bDYM RAZEM!<br \/>\nKA\u017bDY<br \/>\nNiezale\u017cnie od tego, czy jeste\u015b du\u017c\u0105 organizacj\u0105, czy ma\u0142\u0105 firm\u0105, by\u0107 mo\u017ce dopiero zaczynasz lub masz jednorazow\u0105 przesy\u0142k\u0119, skontaktuj si\u0119 z nami. <a href=\"https:\/\/moverdb.com\/pl\/moving-to-the-united-states\/\" data-internallinksmanager029f6b8e52c=\"94\" title=\"Przeprowadzasz si\u0119 do Stan\u00f3w Zjednoczonych? 2026 Koszty \u017cycia i wskaz\u00f3wki dotycz\u0105ce przeprowadzki\">nas<\/a>.<\/p>\n<p> Mamy opcje dla Ciebie!<br \/>\nGDZIEKOLWIEK<br \/>\n\u017badna lokalizacja nie jest niedost\u0119pna.<\/p>\n<p> Nasze globalne po\u0142\u0105czenia umo\u017cliwiaj\u0105 wszystkie odbiory i dostawy.<\/p>\n<p>WSZYSTKO<br \/>\nOd ma\u0142ych paczek kurierskich po \u0142adunki ponadgabarytowe, \u0142adunki projektowe, przesy\u0142ki kontenerowe i transport ekspresowy - jeste\u015bmy tutaj i ch\u0119tnie pomo\u017cemy!<\/p>\n<p><strong>Us\u0142ugi dodatkowe:<\/strong><\/p>\n<p>Brak na li\u015bcie<\/p>\n<p><strong>Adres:<\/strong> Unit 3A High Force Rd, Riverside Park Industrial Estate, Middlesbrough TS2 1RH<\/p>\n<p><a href=\"http:\/\/www.instacargoltd.co.uk\/\" target=\"_new\" rel=\"noopener\">Strona internetowa InstaCargo Ltd<\/a><\/p>\n<p><strong>Wynik recenzji: <\/strong>5<br \/> <strong>Liczba recenzji:<\/strong> 3<br \/><a href=\"https:\/\/www.google.co.uk\/maps?cid=543061409013876172&#038;hl=en&#038;gl=GB\" target=\"_new\" rel=\"noopener\">Przeczytaj recenzje<\/a><\/p>\n<h2><span class=\"ez-toc-section\" id=\"Evolution_Forwarding\"><\/span>Evolution Forwarding<span class=\"ez-toc-section-end\"><\/span><\/h2>\n<p><img decoding=\"async\" src=\"https:\/\/moverdb.com\/wp-content\/uploads\/AF1QipNuCGpKcw506tRyB0Uk8-31EOk0wcVd0SSwcQHBw408-h544-k-no.jpg\" alt='Evolution Forwarding' class=\"aligncenter\"><\/p>\n<p><strong>Opis firmy: <\/strong>Brak danych<\/p>\n<p><strong>Us\u0142ugi dodatkowe:<\/strong><\/p>\n<p>Konsultant ds. handlu mi\u0119dzynarodowego<\/p>\n<p>Wykonawcy i us\u0142ugi zwi\u0105zane z pakowaniem<\/p>\n<p>Sklep z opakowaniami<\/p>\n<p>Dostawca<\/p>\n<p>Us\u0142ugi transportowe<\/p>\n<p><strong>Adres:<\/strong> Skippers Lane Industrial Estate, 37 Metcalfe Rd, Middlesbrough TS6 6PT<\/p>\n<p><a href=\"http:\/\/www.evolutionforwarding.com\/\" target=\"_new\" rel=\"noopener\">Strona internetowa Evolution Forwarding<\/a><\/p>\n<p><strong>Wynik recenzji: <\/strong>5<br \/> <strong>Liczba recenzji:<\/strong> 1<br \/><a href=\"https:\/\/www.google.co.uk\/maps?cid=10721676880161420298&#038;hl=en&#038;gl=GB\" target=\"_new\" rel=\"noopener\">Przeczytaj recenzje<\/a><\/p>\n<h2><span class=\"ez-toc-section\" id=\"Johnson_Partners_Ltd\"><\/span>Johnson Partners Ltd<span class=\"ez-toc-section-end\"><\/span><\/h2>\n<p><img decoding=\"async\" src=\"https:\/\/moverdb.com\/wp-content\/uploads\/AF1QipMpELKdZQijzhOo-vvsfD7BqNjFLknQWjB18Tqvw408-h306-k-no.jpg\" alt='Johnson Partners Ltd' class=\"aligncenter\"><\/p>\n<p><strong>Opis firmy: <\/strong>Za\u0142o\u017cona w 2004 roku firma Johnson Partners postawi\u0142a sobie za cel \u015bwiadczenie osobistych, profesjonalnych i kompetentnych us\u0142ug spedycyjnych.<\/p>\n<p> Dbaj\u0105c o wszystkie wymagania zwi\u0105zane z wysy\u0142k\u0105 i spedycj\u0105, pozwalamy klientom skupi\u0107 si\u0119 na ich podstawowej dzia\u0142alno\u015bci.<\/p>\n<p>Wsp\u00f3\u0142pracuj\u0105c zar\u00f3wno z mi\u0119dzynarodowymi firmami, jak i mniejszymi przedsi\u0119biorstwami, nasi klienci ufaj\u0105 nam, \u017ce zadbamy o ich cenny \u0142adunek.<\/p>\n<p> Mamy do\u015bwiadczenie w obs\u0142udze przesy\u0142ek poza skrajni\u0105, \u0142adunk\u00f3w nienormatywnych i \u0142adunk\u00f3w projektowych, wsp\u00f3\u0142pracuj\u0105c z klientami od etapu planowania do uko\u0144czenia.<\/p>\n<p>#teamjpl<\/p>\n<p><strong>Us\u0142ugi dodatkowe:<\/strong><\/p>\n<p>Dostawca<\/p>\n<p><strong>Adres:<\/strong> 7 River Court, Brighouse Business Village, Brighouse Road, Middlesbrough TS2 1RT<\/p>\n<p><a href=\"http:\/\/www.johnsonpartners.co.uk\/\" target=\"_new\" rel=\"noopener\">Strona internetowa Johnson Partners Ltd<\/a><\/p>\n<p><strong>Wynik recenzji: <\/strong>5<br \/> <strong>Liczba recenzji:<\/strong> 7<br \/><a href=\"https:\/\/www.google.co.uk\/maps?cid=17648057514071181519&#038;hl=en&#038;gl=GB\" target=\"_new\" rel=\"noopener\">Przeczytaj recenzje<\/a><\/p>\n<h2><span class=\"ez-toc-section\" id=\"How_we_picked_the_best_Middlesbrough_Freight_Forwarding_Companies\"><\/span>Jak wybrali\u015bmy najlepsze firmy spedycyjne w Middlesbrough?<span class=\"ez-toc-section-end\"><\/span><\/h2>\n<p>Zacz\u0119li\u015bmy od zbioru danych 6 firm spedycyjnych z Middlesbrough, kt\u00f3re mogli\u015bmy znale\u017a\u0107 za pomoc\u0105 Google Maps i zaw\u0119zili\u015bmy je do 3 najlepszych.<\/p>\n<p>W tym celu usun\u0119li\u015bmy wszystkie firmy, kt\u00f3re<\/p>\n<ul>\n<li> Brak strony internetowej<\/li>\n<li> Brak recenzji<\/li>\n<li> \u015arednia ocena recenzji poni\u017cej 2,0<\/li>\n<\/ul>\n<p>W tym momencie, je\u015bli mieli\u015bmy 17 lub mniej spedytor\u00f3w, wymienili\u015bmy ich wszystkich.<\/p>\n<p>W przypadku miast, w kt\u00f3rych pozosta\u0142o wi\u0119cej ni\u017c 17 spedytor\u00f3w, dokonali\u015bmy dalszych zmian, zwi\u0119kszaj\u0105c wymagan\u0105 ocen\u0119 recenzji (np. z minimum 2,0 do 4,0) i\/lub zwi\u0119kszaj\u0105c minimaln\u0105 liczb\u0119 wymaganych recenzji (np. z co najmniej 1 recenzji do co najmniej 10).<\/p>\n<p>Nale\u017cy pami\u0119ta\u0107, \u017ce wykorzystali\u015bmy tylko dane z Google Maps, a nie z innych witryn internetowych.<\/p>\n<p>Wi\u0119cej miast:<\/p>\n<p><a href=\"https:\/\/moverdb.com\/pl\/spedytor\/freight-forwarding-uk\/hessle-freight-forwarder\/\">Spedytor Hessle<\/a><br \/><a href=\"https:\/\/moverdb.com\/pl\/spedytor\/freight-forwarding-uk\/newtownabbey-freight-forwarder\/\">Spedytor z Newtownabbey<\/a><br \/><a href=\"https:\/\/moverdb.com\/pl\/spedytor\/freight-forwarding-uk\/preston-freight-forwarder\/\">Preston Freight Forwarder<\/a><br \/><a href=\"https:\/\/moverdb.com\/pl\/spedytor\/freight-forwarding-uk\/skelmersdale-freight-forwarder\/\">Spedytor Skelmersdale<\/a><br \/><a href=\"https:\/\/moverdb.com\/pl\/spedytor\/freight-forwarding-uk\/walsall-freight-forwarder\/\">Spedytor z Walsall<\/a><\/p>","protected":false},"excerpt":{"rendered":"<p>Below we look at the 3 &#8220;best&#8221; Freight Forwarding companies in Middlesbrough out of 6. To learn more about how we chose the best please consult our FAQ section at the end. Please not the following listings are in no particular order and we are not making any recommendations for any particular company. InstaCargo Ltd [&hellip;]<\/p>\n","protected":false},"author":1,"featured_media":0,"parent":13427,"menu_order":0,"comment_status":"open","ping_status":"open","template":"","meta":{"_genesis_hide_title":false,"_genesis_hide_breadcrumbs":false,"_genesis_hide_singular_image":false,"_genesis_hide_footer_widgets":false,"_genesis_custom_body_class":"","_genesis_custom_post_class":"","_genesis_layout":"","footnotes":""},"class_list":{"0":"post-14001","1":"page","2":"type-page","3":"status-publish","5":"entry"},"_links":{"self":[{"href":"https:\/\/moverdb.com\/pl\/wp-json\/wp\/v2\/pages\/14001","targetHints":{"allow":["GET"]}}],"collection":[{"href":"https:\/\/moverdb.com\/pl\/wp-json\/wp\/v2\/pages"}],"about":[{"href":"https:\/\/moverdb.com\/pl\/wp-json\/wp\/v2\/types\/page"}],"author":[{"embeddable":true,"href":"https:\/\/moverdb.com\/pl\/wp-json\/wp\/v2\/users\/1"}],"replies":[{"embeddable":true,"href":"https:\/\/moverdb.com\/pl\/wp-json\/wp\/v2\/comments?post=14001"}],"version-history":[{"count":1,"href":"https:\/\/moverdb.com\/pl\/wp-json\/wp\/v2\/pages\/14001\/revisions"}],"predecessor-version":[{"id":15771,"href":"https:\/\/moverdb.com\/pl\/wp-json\/wp\/v2\/pages\/14001\/revisions\/15771"}],"up":[{"embeddable":true,"href":"https:\/\/moverdb.com\/pl\/wp-json\/wp\/v2\/pages\/13427"}],"wp:attachment":[{"href":"https:\/\/moverdb.com\/pl\/wp-json\/wp\/v2\/media?parent=14001"}],"curies":[{"name":"wp","href":"https:\/\/api.w.org\/{rel}","templated":true}]}}