{"id":13961,"date":"2023-11-08T15:53:26","date_gmt":"2023-11-08T15:53:26","guid":{"rendered":"https:\/\/moverdb.com\/freight-forwarder\/freight-forwarding-uk\/colchester-freight-forwarder\/"},"modified":"2026-01-08T14:58:50","modified_gmt":"2026-01-08T14:58:50","slug":"colchester-freight-forwarder","status":"publish","type":"page","link":"https:\/\/moverdb.com\/pl\/freight-forwarder\/freight-forwarding-uk\/colchester-freight-forwarder\/","title":{"rendered":"3 Najlepsze firmy spedycyjne w Colchester (2024)"},"content":{"rendered":"<p>Poni\u017cej przyjrzymy si\u0119 3 <em>\"najlepszy\"<\/em> Firmy spedycyjne w Colchester spo\u015br\u00f3d 15.<\/p>\n<p>Aby dowiedzie\u0107 si\u0119 wi\u0119cej o tym, jak wybrali\u015bmy najlepszych, zapoznaj si\u0119 z nasz\u0105 sekcj\u0105 FAQ na ko\u0144cu.<\/p>\n<p><em>Nale\u017cy pami\u0119ta\u0107, \u017ce poni\u017csze listy nie s\u0105 u\u0142o\u017cone w okre\u015blonej kolejno\u015bci i nie rekomendujemy \u017cadnej konkretnej firmy.<\/em><\/p>\n<div id=\"ez-toc-container\" class=\"ez-toc-v2_0_82_2 ez-toc-wrap-left counter-hierarchy ez-toc-counter ez-toc-transparent ez-toc-container-direction\">\n<div class=\"ez-toc-title-container\">\n<p class=\"ez-toc-title\" style=\"cursor:inherit\">Sekcje<\/p>\n<span class=\"ez-toc-title-toggle\"><a href=\"#\" class=\"ez-toc-pull-right ez-toc-btn ez-toc-btn-xs ez-toc-btn-default ez-toc-toggle\" aria-label=\"Prze\u0142\u0105cznik Spisu Tre\u015bci\"><span class=\"ez-toc-js-icon-con\"><span class=\"\"><span class=\"eztoc-hide\" style=\"display:none;\">Toggle<\/span><span class=\"ez-toc-icon-toggle-span\"><svg style=\"fill: #999;color:#999\" xmlns=\"http:\/\/www.w3.org\/2000\/svg\" class=\"list-377408\" width=\"20px\" height=\"20px\" viewbox=\"0 0 24 24\" fill=\"none\"><path d=\"M6 6H4v2h2V6zm14 0H8v2h12V6zM4 11h2v2H4v-2zm16 0H8v2h12v-2zM4 16h2v2H4v-2zm16 0H8v2h12v-2z\" fill=\"currentColor\"><\/path><\/svg><svg style=\"fill: #999;color:#999\" class=\"arrow-unsorted-368013\" xmlns=\"http:\/\/www.w3.org\/2000\/svg\" width=\"10px\" height=\"10px\" viewbox=\"0 0 24 24\" version=\"1.2\" baseprofile=\"tiny\"><path d=\"M18.2 9.3l-6.2-6.3-6.2 6.3c-.2.2-.3.4-.3.7s.1.5.3.7c.2.2.4.3.7.3h11c.3 0 .5-.1.7-.3.2-.2.3-.5.3-.7s-.1-.5-.3-.7zM5.8 14.7l6.2 6.3 6.2-6.3c.2-.2.3-.5.3-.7s-.1-.5-.3-.7c-.2-.2-.4-.3-.7-.3h-11c-.3 0-.5.1-.7.3-.2.2-.3.5-.3.7s.1.5.3.7z\"\/><\/svg><\/span><\/span><\/span><\/a><\/span><\/div>\n<nav><ul class='ez-toc-list ez-toc-list-level-1 eztoc-toggle-hide-by-default' ><li class='ez-toc-page-1 ez-toc-heading-level-2'><a class=\"ez-toc-link ez-toc-heading-1\" href=\"https:\/\/moverdb.com\/pl\/freight-forwarder\/freight-forwarding-uk\/colchester-freight-forwarder\/#Reliable_Shipping_Limited\" >Reliable Shipping Limited<\/a><\/li><li class='ez-toc-page-1 ez-toc-heading-level-2'><a class=\"ez-toc-link ez-toc-heading-2\" href=\"https:\/\/moverdb.com\/pl\/freight-forwarder\/freight-forwarding-uk\/colchester-freight-forwarder\/#Cassilon_Ltd\" >Cassilon Ltd<\/a><\/li><li class='ez-toc-page-1 ez-toc-heading-level-2'><a class=\"ez-toc-link ez-toc-heading-3\" href=\"https:\/\/moverdb.com\/pl\/freight-forwarder\/freight-forwarding-uk\/colchester-freight-forwarder\/#Freight_Unlocked_Ltd\" >Freight Unlocked Ltd<\/a><\/li><li class='ez-toc-page-1 ez-toc-heading-level-2'><a class=\"ez-toc-link ez-toc-heading-4\" href=\"https:\/\/moverdb.com\/pl\/freight-forwarder\/freight-forwarding-uk\/colchester-freight-forwarder\/#How_we_picked_the_best_Colchester_Freight_Forwarding_Companies\" >Jak wybrali\u015bmy najlepsze firmy spedycyjne w Colchester?<\/a><\/li><\/ul><\/nav><\/div>\n<h2><span class=\"ez-toc-section\" id=\"Reliable_Shipping_Limited\"><\/span>Reliable Shipping Limited<span class=\"ez-toc-section-end\"><\/span><\/h2>\n<p><img decoding=\"async\" src=\"https:\/\/moverdb.com\/wp-content\/uploads\/AF1QipN5NQRqVKkBhSOqbVgVbEb4dnlw8bReKWqd5wbDw408-h544-k-no.jpg\" alt='Reliable Shipping Limited' class=\"aligncenter\"><\/p>\n<p><strong>Opis firmy: <\/strong>Spedycja mi\u0119dzynarodowa i logistyka<\/p>\n<p><strong>Us\u0142ugi dodatkowe:<\/strong><\/p>\n<p>Brak na li\u015bcie<\/p>\n<p><strong>Adres:<\/strong> Jednostka A <a href=\"https:\/\/moverdb.com\/pl\/international-money-transfer-services\/caxton-review\/\" data-internallinksmanager029f6b8e52c=\"372\" title=\"Caxton International Money Transfer Review 2026\">Caxton<\/a> Court Severalls Industrial Estate, Newcomen Way, Colchester CO4 9TG<\/p>\n<p><a href=\"http:\/\/reliableshipping.co.uk\/\" target=\"_new\" rel=\"noopener\">Strona internetowa Reliable Shipping Limited<\/a><\/p>\n<p><strong>Wynik recenzji: <\/strong>4.1<br \/> <strong>Liczba recenzji:<\/strong> 8<br \/><a href=\"https:\/\/www.google.co.uk\/maps?cid=5883449715287398858&#038;hl=en&#038;gl=GB\" target=\"_new\" rel=\"noopener\">Przeczytaj recenzje<\/a><\/p>\n<h2><span class=\"ez-toc-section\" id=\"Cassilon_Ltd\"><\/span>Cassilon Ltd<span class=\"ez-toc-section-end\"><\/span><\/h2>\n<p><img decoding=\"async\" src=\"https:\/\/moverdb.com\/wp-content\/uploads\/thumbnailpanoidnTeZX5YmJMalWITQuBV00Qcb_clientsearch.gws-prod.gpsw408h240yaw237.jpg\" alt='Cassilon Ltd' class=\"aligncenter\"><\/p>\n<p><strong>Opis firmy: <\/strong>Brak danych<\/p>\n<p><strong>Us\u0142ugi dodatkowe:<\/strong><\/p>\n<p>Brak na li\u015bcie<\/p>\n<p><strong>Adres:<\/strong> The Dhoon, Quintons Road, East Bergholt, Colchester CO7 6RB<\/p>\n<p><a href=\"http:\/\/www.cassilon.com\/\" target=\"_new\" rel=\"noopener\">Strona internetowa Cassilon Ltd<\/a><\/p>\n<p><strong>Wynik recenzji: <\/strong>5<br \/> <strong>Liczba recenzji:<\/strong> 1<br \/><a href=\"https:\/\/www.google.co.uk\/maps?cid=6185132341801117124&#038;hl=en&#038;gl=GB\" target=\"_new\" rel=\"noopener\">Przeczytaj recenzje<\/a><\/p>\n<h2><span class=\"ez-toc-section\" id=\"Freight_Unlocked_Ltd\"><\/span>Freight Unlocked Ltd<span class=\"ez-toc-section-end\"><\/span><\/h2>\n<p><img decoding=\"async\" src=\"https:\/\/moverdb.com\/wp-content\/uploads\/thumbnailpanoide06Etnagy7TbfR4PlJGk-wcb_clientsearch.gws-prod.gpsw408h240yaw98.jpg\" alt='Freight Unlocked Ltd' class=\"aligncenter\"><\/p>\n<p><strong>Opis firmy: <\/strong>Wsp\u00f3\u0142pracujemy z kompleksow\u0105, zaawansowan\u0105 sieci\u0105 agent\u00f3w logistycznych na ca\u0142ym \u015bwiecie.<\/p>\n<p> Nasi agenci zapewniaj\u0105 <a href=\"https:\/\/moverdb.com\/pl\/moving-to-the-united-states\/\" data-internallinksmanager029f6b8e52c=\"94\" title=\"Przeprowadzasz si\u0119 do Stan\u00f3w Zjednoczonych? 2026 Koszty \u017cycia i wskaz\u00f3wki dotycz\u0105ce przeprowadzki\">nas<\/a> z nieocenion\u0105 wiedz\u0105 i wsparciem, aby zapewni\u0107 bezpiecze\u0144stwo i tranzyt \u0142adunku.<\/p>\n<p> \u015awiadczone us\u0142ugi<\/p>\n<p>Fracht morski:<br \/>\n(LCL) Less Than Container Load (\u0142adunek mniejszy ni\u017c kontener)<br \/>\n(FCL) Pe\u0142ny \u0142adunek kontenera<br \/>\nBrak wska\u017anika<br \/>\nRafinery<br \/>\nRuchy projektu<br \/>\nNiebezpieczne \u0142adunki<br \/>\nTransakcje krzy\u017cowe<br \/>\nImport niestandardowych rozlicze\u0144<\/p>\n<p>Fracht lotniczy:<br \/>\nKonsolidacja eksportu i importu<br \/>\nTransakcje krzy\u017cowe<br \/>\nBrak wska\u017anika<br \/>\nNiebezpieczne \u0142adunki<br \/>\nImportowa odprawa celna<\/p>\n<p>Fracht drogowy:<br \/>\nPe\u0142ne i cz\u0119\u015bciowe obci\u0105\u017cenie<br \/>\nUs\u0142ugi ekspresowe<br \/>\nKontrolowana temperatura<br \/>\nNiebezpieczne \u0142adunki<br \/>\nRuchy projektu<\/p>\n<p>Magazynowanie:<br \/>\nPick and Pack<br \/>\nMagazynowanie towar\u00f3w<br \/>\nKreatywne opakowania niestandardowe<br \/>\nPozyskiwanie opakowa\u0144<\/p>\n<p><strong>Us\u0142ugi dodatkowe:<\/strong><\/p>\n<p>Brak na li\u015bcie<\/p>\n<p><strong>Adres:<\/strong> The Colchester Centre, Hawkins Rd, Colchester CO2 8JX<\/p>\n<p><a href=\"https:\/\/www.freightunlocked.co.uk\/\" target=\"_new\" rel=\"noopener\">Strona internetowa Freight Unlocked Ltd<\/a><\/p>\n<p><strong>Wynik recenzji: <\/strong>5<br \/> <strong>Liczba recenzji:<\/strong> 1<br \/><a href=\"https:\/\/www.google.co.uk\/maps?cid=14185732652483765426&#038;hl=en&#038;gl=GB\" target=\"_new\" rel=\"noopener\">Przeczytaj recenzje<\/a><\/p>\n<h2><span class=\"ez-toc-section\" id=\"How_we_picked_the_best_Colchester_Freight_Forwarding_Companies\"><\/span>Jak wybrali\u015bmy najlepsze firmy spedycyjne w Colchester?<span class=\"ez-toc-section-end\"><\/span><\/h2>\n<p>Zacz\u0119li\u015bmy od zbioru danych 15 firm spedycyjnych z Colchester, kt\u00f3re mogli\u015bmy znale\u017a\u0107 za po\u015brednictwem Google Maps i zaw\u0119zili\u015bmy je do 3 najlepszych.<\/p>\n<p>W tym celu usun\u0119li\u015bmy wszystkie firmy, kt\u00f3re<\/p>\n<ul>\n<li> Brak strony internetowej<\/li>\n<li> Brak recenzji<\/li>\n<li> \u015arednia ocena recenzji poni\u017cej 2,0<\/li>\n<\/ul>\n<p>W tym momencie, je\u015bli mieli\u015bmy 17 lub mniej spedytor\u00f3w, wymienili\u015bmy ich wszystkich.<\/p>\n<p>W przypadku miast, w kt\u00f3rych pozosta\u0142o wi\u0119cej ni\u017c 17 spedytor\u00f3w, dokonali\u015bmy dalszych zmian, zwi\u0119kszaj\u0105c wymagan\u0105 ocen\u0119 recenzji (np. z minimum 2,0 do 4,0) i\/lub zwi\u0119kszaj\u0105c minimaln\u0105 liczb\u0119 wymaganych recenzji (np. z co najmniej 1 recenzji do co najmniej 10).<\/p>\n<p>Nale\u017cy pami\u0119ta\u0107, \u017ce wykorzystali\u015bmy tylko dane z Google Maps, a nie z innych witryn internetowych.<\/p>\n<p>Wi\u0119cej miast:<\/p>\n<p><a href=\"https:\/\/moverdb.com\/pl\/spedytor\/freight-forwarding-uk\/northampton-freight-forwarder\/\">Spedytor z Northampton<\/a><br \/><a href=\"https:\/\/moverdb.com\/pl\/spedytor\/freight-forwarding-uk\/iver-freight-forwarder\/\">Spedytor Iver<\/a><br \/><a href=\"https:\/\/moverdb.com\/pl\/spedytor\/freight-forwarding-uk\/nuneaton-freight-forwarder\/\">Spedytor z Nuneaton<\/a><br \/><a href=\"https:\/\/moverdb.com\/pl\/spedytor\/freight-forwarding-uk\/belvedere-freight-forwarder\/\">Spedytor Belvedere<\/a><br \/><a href=\"https:\/\/moverdb.com\/pl\/spedytor\/freight-forwarding-uk\/portsmouth-freight-forwarder\/\">Spedytor z Portsmouth<\/a><\/p>","protected":false},"excerpt":{"rendered":"<p>Below we look at the 3 &#8220;best&#8221; Freight Forwarding companies in Colchester out of 15. To learn more about how we chose the best please consult our FAQ section at the end. Please not the following listings are in no particular order and we are not making any recommendations for any particular company. Reliable Shipping [&hellip;]<\/p>\n","protected":false},"author":1,"featured_media":0,"parent":13427,"menu_order":0,"comment_status":"open","ping_status":"open","template":"","meta":{"_genesis_hide_title":false,"_genesis_hide_breadcrumbs":false,"_genesis_hide_singular_image":false,"_genesis_hide_footer_widgets":false,"_genesis_custom_body_class":"","_genesis_custom_post_class":"","_genesis_layout":"","footnotes":""},"class_list":{"0":"post-13961","1":"page","2":"type-page","3":"status-publish","5":"entry"},"_links":{"self":[{"href":"https:\/\/moverdb.com\/pl\/wp-json\/wp\/v2\/pages\/13961","targetHints":{"allow":["GET"]}}],"collection":[{"href":"https:\/\/moverdb.com\/pl\/wp-json\/wp\/v2\/pages"}],"about":[{"href":"https:\/\/moverdb.com\/pl\/wp-json\/wp\/v2\/types\/page"}],"author":[{"embeddable":true,"href":"https:\/\/moverdb.com\/pl\/wp-json\/wp\/v2\/users\/1"}],"replies":[{"embeddable":true,"href":"https:\/\/moverdb.com\/pl\/wp-json\/wp\/v2\/comments?post=13961"}],"version-history":[{"count":1,"href":"https:\/\/moverdb.com\/pl\/wp-json\/wp\/v2\/pages\/13961\/revisions"}],"predecessor-version":[{"id":15763,"href":"https:\/\/moverdb.com\/pl\/wp-json\/wp\/v2\/pages\/13961\/revisions\/15763"}],"up":[{"embeddable":true,"href":"https:\/\/moverdb.com\/pl\/wp-json\/wp\/v2\/pages\/13427"}],"wp:attachment":[{"href":"https:\/\/moverdb.com\/pl\/wp-json\/wp\/v2\/media?parent=13961"}],"curies":[{"name":"wp","href":"https:\/\/api.w.org\/{rel}","templated":true}]}}