{"id":13926,"date":"2023-11-08T15:53:26","date_gmt":"2023-11-08T15:53:26","guid":{"rendered":"https:\/\/moverdb.com\/freight-forwarder\/freight-forwarding-uk\/milton-keynes-freight-forwarder\/"},"modified":"2026-01-08T13:17:53","modified_gmt":"2026-01-08T13:17:53","slug":"milton-keynes-freight-forwarder","status":"publish","type":"page","link":"https:\/\/moverdb.com\/pl\/freight-forwarder\/freight-forwarding-uk\/milton-keynes-freight-forwarder\/","title":{"rendered":"4 najlepsze firmy spedycyjne w Milton Keynes (2024)"},"content":{"rendered":"<p>Poni\u017cej przyjrzymy si\u0119 4 <em>\"najlepszy\"<\/em> Firmy spedycyjne w Milton Keynes spo\u015br\u00f3d 15.<\/p>\n<p>Aby dowiedzie\u0107 si\u0119 wi\u0119cej o tym, jak wybrali\u015bmy najlepszych, zapoznaj si\u0119 z nasz\u0105 sekcj\u0105 FAQ na ko\u0144cu.<\/p>\n<p><em>Nale\u017cy pami\u0119ta\u0107, \u017ce poni\u017csze listy nie s\u0105 u\u0142o\u017cone w okre\u015blonej kolejno\u015bci i nie rekomendujemy \u017cadnej konkretnej firmy.<\/em><\/p>\n<div id=\"ez-toc-container\" class=\"ez-toc-v2_0_82_2 ez-toc-wrap-left counter-hierarchy ez-toc-counter ez-toc-transparent ez-toc-container-direction\">\n<div class=\"ez-toc-title-container\">\n<p class=\"ez-toc-title\" style=\"cursor:inherit\">Sekcje<\/p>\n<span class=\"ez-toc-title-toggle\"><a href=\"#\" class=\"ez-toc-pull-right ez-toc-btn ez-toc-btn-xs ez-toc-btn-default ez-toc-toggle\" aria-label=\"Prze\u0142\u0105cznik Spisu Tre\u015bci\"><span class=\"ez-toc-js-icon-con\"><span class=\"\"><span class=\"eztoc-hide\" style=\"display:none;\">Toggle<\/span><span class=\"ez-toc-icon-toggle-span\"><svg style=\"fill: #999;color:#999\" xmlns=\"http:\/\/www.w3.org\/2000\/svg\" class=\"list-377408\" width=\"20px\" height=\"20px\" viewbox=\"0 0 24 24\" fill=\"none\"><path d=\"M6 6H4v2h2V6zm14 0H8v2h12V6zM4 11h2v2H4v-2zm16 0H8v2h12v-2zM4 16h2v2H4v-2zm16 0H8v2h12v-2z\" fill=\"currentColor\"><\/path><\/svg><svg style=\"fill: #999;color:#999\" class=\"arrow-unsorted-368013\" xmlns=\"http:\/\/www.w3.org\/2000\/svg\" width=\"10px\" height=\"10px\" viewbox=\"0 0 24 24\" version=\"1.2\" baseprofile=\"tiny\"><path d=\"M18.2 9.3l-6.2-6.3-6.2 6.3c-.2.2-.3.4-.3.7s.1.5.3.7c.2.2.4.3.7.3h11c.3 0 .5-.1.7-.3.2-.2.3-.5.3-.7s-.1-.5-.3-.7zM5.8 14.7l6.2 6.3 6.2-6.3c.2-.2.3-.5.3-.7s-.1-.5-.3-.7c-.2-.2-.4-.3-.7-.3h-11c-.3 0-.5.1-.7.3-.2.2-.3.5-.3.7s.1.5.3.7z\"\/><\/svg><\/span><\/span><\/span><\/a><\/span><\/div>\n<nav><ul class='ez-toc-list ez-toc-list-level-1 eztoc-toggle-hide-by-default' ><li class='ez-toc-page-1 ez-toc-heading-level-2'><a class=\"ez-toc-link ez-toc-heading-1\" href=\"https:\/\/moverdb.com\/pl\/freight-forwarder\/freight-forwarding-uk\/milton-keynes-freight-forwarder\/#FNC_Network_Ltd\" >FNC Network Ltd<\/a><\/li><li class='ez-toc-page-1 ez-toc-heading-level-2'><a class=\"ez-toc-link ez-toc-heading-2\" href=\"https:\/\/moverdb.com\/pl\/freight-forwarder\/freight-forwarding-uk\/milton-keynes-freight-forwarder\/#Intercargo_Ltd\" >Intercargo Ltd<\/a><\/li><li class='ez-toc-page-1 ez-toc-heading-level-2'><a class=\"ez-toc-link ez-toc-heading-3\" href=\"https:\/\/moverdb.com\/pl\/freight-forwarder\/freight-forwarding-uk\/milton-keynes-freight-forwarder\/#UNIQUE_LINE_CARGO\" >UNIKALNY \u0141ADUNEK LINIOWY<\/a><\/li><li class='ez-toc-page-1 ez-toc-heading-level-2'><a class=\"ez-toc-link ez-toc-heading-4\" href=\"https:\/\/moverdb.com\/pl\/freight-forwarder\/freight-forwarding-uk\/milton-keynes-freight-forwarder\/#MK_Logistics_Ltd\" >MK Logistics Ltd<\/a><\/li><li class='ez-toc-page-1 ez-toc-heading-level-2'><a class=\"ez-toc-link ez-toc-heading-5\" href=\"https:\/\/moverdb.com\/pl\/freight-forwarder\/freight-forwarding-uk\/milton-keynes-freight-forwarder\/#How_we_picked_the_best_Milton_Keynes_Freight_Forwarding_Companies\" >Jak wybrali\u015bmy najlepsze firmy spedycyjne w Milton Keynes?<\/a><\/li><\/ul><\/nav><\/div>\n<h2><span class=\"ez-toc-section\" id=\"FNC_Network_Ltd\"><\/span>FNC Network Ltd<span class=\"ez-toc-section-end\"><\/span><\/h2>\n<p><img decoding=\"async\" src=\"https:\/\/moverdb.com\/wp-content\/uploads\/AF1QipOV8jcFuLVMdfSg6cyIQQwDgS5nT2E50tnxeMNAw674-h240-k-no.png\" alt='FNC Network Ltd' class=\"aligncenter\"><\/p>\n<p><strong>Opis firmy: <\/strong>FNC jest globaln\u0105 sieci\u0105 logistyczn\u0105 (<a href=\"https:\/\/moverdb.com\/pl\/freight-forwarder\/\" data-internallinksmanager029f6b8e52c=\"17\" title=\"Spedytor i NVOCC Mi\u0119dzynarodowy Przewodnik po Kosztach i Firmach\">spedytor<\/a> sie\u0107) ponad 490 \u015bredniej wielko\u015bci firm spedycyjnych i logistycznych w ponad 100 krajach na ca\u0142ym \u015bwiecie.<\/p>\n<p> To w\u0142a\u015bnie ta unikalna multidyscyplinarna metodologia obs\u0142ugi klient\u00f3w wyr\u00f3\u017cnia FNC.<\/p>\n<p><strong>Us\u0142ugi dodatkowe:<\/strong><\/p>\n<p>Brak na li\u015bcie<\/p>\n<p><strong>Adres:<\/strong> No 26, Ruby House, Merrivale Mews, Milton Keynes MK9 2FD<\/p>\n<p><a href=\"https:\/\/www.fnc-group.com\/\" target=\"_new\" rel=\"noopener\">Strona internetowa FNC Network Ltd<\/a><\/p>\n<p><strong>Wynik recenzji: <\/strong>4<br \/> <strong>Liczba recenzji:<\/strong> 1<br \/><a href=\"https:\/\/www.google.co.uk\/maps?cid=12266208101070289601&#038;hl=en&#038;gl=GB\" target=\"_new\" rel=\"noopener\">Przeczytaj recenzje<\/a><\/p>\n<h2><span class=\"ez-toc-section\" id=\"Intercargo_Ltd\"><\/span>Intercargo Ltd<span class=\"ez-toc-section-end\"><\/span><\/h2>\n<p><img decoding=\"async\" src=\"https:\/\/moverdb.com\/wp-content\/uploads\/thumbnailpanoidQKc-N1sbIDPjPfhNYN3elgcb_clientsearch.gws-prod.gpsw408h240yaw313.jpg\" alt='Intercargo Ltd' class=\"aligncenter\"><\/p>\n<p><strong>Opis firmy: <\/strong>Brak danych<\/p>\n<p><strong>Us\u0142ugi dodatkowe:<\/strong><\/p>\n<p>Dostawca<\/p>\n<p><strong>Adres:<\/strong> 399 Silbury Blvd, Milton Keynes MK9 2AH<\/p>\n<p><a href=\"https:\/\/www.intercargo.co.uk\/\" target=\"_new\" rel=\"noopener\">Strona internetowa Intercargo Ltd<\/a><\/p>\n<p><strong>Wynik recenzji: <\/strong>4<br \/> <strong>Liczba recenzji:<\/strong> 5<br \/><a href=\"https:\/\/www.google.co.uk\/maps?cid=3103686203224116342&#038;hl=en&#038;gl=GB\" target=\"_new\" rel=\"noopener\">Przeczytaj recenzje<\/a><\/p>\n<h2><span class=\"ez-toc-section\" id=\"UNIQUE_LINE_CARGO\"><\/span>UNIKALNY \u0141ADUNEK LINIOWY<span class=\"ez-toc-section-end\"><\/span><\/h2>\n<p><img decoding=\"async\" src=\"https:\/\/moverdb.com\/wp-content\/uploads\/thumbnailpanoidqlJvOTHifna-W8rgWrF8kgcb_clientsearch.gws-prod.gpsw408h240yaw319.jpg\" alt='UNIKALNY \u0141ADUNEK LINIOWY' class=\"aligncenter\"><\/p>\n<p><strong>Opis firmy: <\/strong>Unikalny \u0142adunek liniowy mo\u017ce zapewni\u0107 rozwi\u0105zanie dostosowane do Twoich wymaga\u0144.<\/p>\n<p> Specjalizujemy si\u0119 we frachcie lotniczym, frachcie morskim<\/p>\n<p><strong>Us\u0142ugi dodatkowe:<\/strong><\/p>\n<p>Us\u0142uga logistyczna<\/p>\n<p><strong>Adres:<\/strong> 3 Tranlands Brigg, Heelands, Milton Keynes MK13 7NS<\/p>\n<p><a href=\"http:\/\/uniquelinecargo.com\/\" target=\"_new\" rel=\"noopener\">Strona internetowa UNIQUE LINE CARGO<\/a><\/p>\n<p><strong>Wynik recenzji: <\/strong>5<br \/> <strong>Liczba recenzji:<\/strong> 2<br \/><a href=\"https:\/\/www.google.co.uk\/maps?cid=16355674871711643784&#038;hl=en&#038;gl=GB\" target=\"_new\" rel=\"noopener\">Przeczytaj recenzje<\/a><\/p>\n<h2><span class=\"ez-toc-section\" id=\"MK_Logistics_Ltd\"><\/span>MK Logistics Ltd<span class=\"ez-toc-section-end\"><\/span><\/h2>\n<p><img decoding=\"async\" src=\"https:\/\/moverdb.com\/wp-content\/uploads\/AF1QipPEv3SI-Z0F35JxhR5C0iLc1QcPd_yo2K5eKvkfw408-h544-k-no.jpg\" alt='MK Logistics Ltd' class=\"aligncenter\"><\/p>\n<p><strong>Opis firmy: <\/strong>Brak danych<\/p>\n<p><strong>Us\u0142ugi dodatkowe:<\/strong><\/p>\n<p>Brak na li\u015bcie<\/p>\n<p><strong>Adres:<\/strong> 16 Potters Ln, Kiln Farm, Milton Keynes MK11 3HF<\/p>\n<p><a href=\"http:\/\/mklogistics.co.uk\/\" target=\"_new\" rel=\"noopener\">Strona internetowa MK Logistics Ltd<\/a><\/p>\n<p><strong>Wynik recenzji: <\/strong>3.2<br \/> <strong>Liczba recenzji:<\/strong> 26<br \/><a href=\"https:\/\/www.google.co.uk\/maps?cid=10402364518129700822&#038;hl=en&#038;gl=GB\" target=\"_new\" rel=\"noopener\">Przeczytaj recenzje<\/a><\/p>\n<h2><span class=\"ez-toc-section\" id=\"How_we_picked_the_best_Milton_Keynes_Freight_Forwarding_Companies\"><\/span>Jak wybrali\u015bmy najlepsze firmy spedycyjne w Milton Keynes?<span class=\"ez-toc-section-end\"><\/span><\/h2>\n<p>Zacz\u0119li\u015bmy od zbioru danych 15 firm spedycyjnych Milton Keynes, kt\u00f3re mogli\u015bmy znale\u017a\u0107 za po\u015brednictwem Google Maps i zaw\u0119zili\u015bmy go do 4 najlepszych.<\/p>\n<p>W tym celu usun\u0119li\u015bmy wszystkie firmy, kt\u00f3re<\/p>\n<ul>\n<li> Brak strony internetowej<\/li>\n<li> Brak recenzji<\/li>\n<li> \u015arednia ocena recenzji poni\u017cej 2,0<\/li>\n<\/ul>\n<p>W tym momencie, je\u015bli mieli\u015bmy 17 lub mniej spedytor\u00f3w, wymienili\u015bmy ich wszystkich.<\/p>\n<p>W przypadku miast, w kt\u00f3rych pozosta\u0142o wi\u0119cej ni\u017c 17 spedytor\u00f3w, dokonali\u015bmy dalszych zmian, zwi\u0119kszaj\u0105c wymagan\u0105 ocen\u0119 recenzji (np. z minimum 2,0 do 4,0) i\/lub zwi\u0119kszaj\u0105c minimaln\u0105 liczb\u0119 wymaganych recenzji (np. z co najmniej 1 recenzji do co najmniej 10).<\/p>\n<p>Nale\u017cy pami\u0119ta\u0107, \u017ce wykorzystali\u015bmy tylko dane z Google Maps, a nie z innych witryn internetowych.<\/p>\n<p>Wi\u0119cej miast:<\/p>\n<p><a href=\"https:\/\/moverdb.com\/pl\/spedytor\/freight-forwarding-uk\/aberdeen-freight-forwarder\/\">Spedytor z Aberdeen<\/a><br \/><a href=\"https:\/\/moverdb.com\/pl\/spedytor\/freight-forwarding-uk\/heywood-freight-forwarder\/\">Heywood Freight Forwarder<\/a><br \/><a href=\"https:\/\/moverdb.com\/pl\/spedytor\/freight-forwarding-uk\/edinburgh-freight-forwarder\/\">Spedytor z Edynburga<\/a><br \/><a href=\"https:\/\/moverdb.com\/pl\/spedytor\/freight-forwarding-uk\/wakefield-freight-forwarder\/\">Spedytor z Wakefield<\/a><br \/><a href=\"https:\/\/moverdb.com\/pl\/spedytor\/freight-forwarding-uk\/christchurch-freight-forwarder\/\">Spedytor z Christchurch<\/a><\/p>","protected":false},"excerpt":{"rendered":"<p>Below we look at the 4 &#8220;best&#8221; Freight Forwarding companies in Milton Keynes out of 15. To learn more about how we chose the best please consult our FAQ section at the end. Please not the following listings are in no particular order and we are not making any recommendations for any particular company. FNC [&hellip;]<\/p>\n","protected":false},"author":1,"featured_media":0,"parent":13427,"menu_order":0,"comment_status":"open","ping_status":"open","template":"","meta":{"_genesis_hide_title":false,"_genesis_hide_breadcrumbs":false,"_genesis_hide_singular_image":false,"_genesis_hide_footer_widgets":false,"_genesis_custom_body_class":"","_genesis_custom_post_class":"","_genesis_layout":"","footnotes":""},"class_list":{"0":"post-13926","1":"page","2":"type-page","3":"status-publish","5":"entry"},"_links":{"self":[{"href":"https:\/\/moverdb.com\/pl\/wp-json\/wp\/v2\/pages\/13926","targetHints":{"allow":["GET"]}}],"collection":[{"href":"https:\/\/moverdb.com\/pl\/wp-json\/wp\/v2\/pages"}],"about":[{"href":"https:\/\/moverdb.com\/pl\/wp-json\/wp\/v2\/types\/page"}],"author":[{"embeddable":true,"href":"https:\/\/moverdb.com\/pl\/wp-json\/wp\/v2\/users\/1"}],"replies":[{"embeddable":true,"href":"https:\/\/moverdb.com\/pl\/wp-json\/wp\/v2\/comments?post=13926"}],"version-history":[{"count":1,"href":"https:\/\/moverdb.com\/pl\/wp-json\/wp\/v2\/pages\/13926\/revisions"}],"predecessor-version":[{"id":15786,"href":"https:\/\/moverdb.com\/pl\/wp-json\/wp\/v2\/pages\/13926\/revisions\/15786"}],"up":[{"embeddable":true,"href":"https:\/\/moverdb.com\/pl\/wp-json\/wp\/v2\/pages\/13427"}],"wp:attachment":[{"href":"https:\/\/moverdb.com\/pl\/wp-json\/wp\/v2\/media?parent=13926"}],"curies":[{"name":"wp","href":"https:\/\/api.w.org\/{rel}","templated":true}]}}