{"id":13902,"date":"2023-11-08T15:53:26","date_gmt":"2023-11-08T15:53:26","guid":{"rendered":"https:\/\/moverdb.com\/freight-forwarder\/freight-forwarding-uk\/crawley-freight-forwarder\/"},"modified":"2026-01-08T13:17:49","modified_gmt":"2026-01-08T13:17:49","slug":"crawley-freight-forwarder","status":"publish","type":"page","link":"https:\/\/moverdb.com\/pl\/freight-forwarder\/freight-forwarding-uk\/crawley-freight-forwarder\/","title":{"rendered":"4 najlepsze firmy spedycyjne w Crawley (2024)"},"content":{"rendered":"<p>Poni\u017cej przyjrzymy si\u0119 4 <em>\"najlepszy\"<\/em> Firmy spedycyjne w Crawley spo\u015br\u00f3d 9.<\/p>\n<p>Aby dowiedzie\u0107 si\u0119 wi\u0119cej o tym, jak wybrali\u015bmy najlepszych, zapoznaj si\u0119 z nasz\u0105 sekcj\u0105 FAQ na ko\u0144cu.<\/p>\n<p><em>Nale\u017cy pami\u0119ta\u0107, \u017ce poni\u017csze listy nie s\u0105 u\u0142o\u017cone w okre\u015blonej kolejno\u015bci i nie rekomendujemy \u017cadnej konkretnej firmy.<\/em><\/p>\n<div id=\"ez-toc-container\" class=\"ez-toc-v2_0_82_2 ez-toc-wrap-left counter-hierarchy ez-toc-counter ez-toc-transparent ez-toc-container-direction\">\n<div class=\"ez-toc-title-container\">\n<p class=\"ez-toc-title\" style=\"cursor:inherit\">Sekcje<\/p>\n<span class=\"ez-toc-title-toggle\"><a href=\"#\" class=\"ez-toc-pull-right ez-toc-btn ez-toc-btn-xs ez-toc-btn-default ez-toc-toggle\" aria-label=\"Prze\u0142\u0105cznik Spisu Tre\u015bci\"><span class=\"ez-toc-js-icon-con\"><span class=\"\"><span class=\"eztoc-hide\" style=\"display:none;\">Toggle<\/span><span class=\"ez-toc-icon-toggle-span\"><svg style=\"fill: #999;color:#999\" xmlns=\"http:\/\/www.w3.org\/2000\/svg\" class=\"list-377408\" width=\"20px\" height=\"20px\" viewbox=\"0 0 24 24\" fill=\"none\"><path d=\"M6 6H4v2h2V6zm14 0H8v2h12V6zM4 11h2v2H4v-2zm16 0H8v2h12v-2zM4 16h2v2H4v-2zm16 0H8v2h12v-2z\" fill=\"currentColor\"><\/path><\/svg><svg style=\"fill: #999;color:#999\" class=\"arrow-unsorted-368013\" xmlns=\"http:\/\/www.w3.org\/2000\/svg\" width=\"10px\" height=\"10px\" viewbox=\"0 0 24 24\" version=\"1.2\" baseprofile=\"tiny\"><path d=\"M18.2 9.3l-6.2-6.3-6.2 6.3c-.2.2-.3.4-.3.7s.1.5.3.7c.2.2.4.3.7.3h11c.3 0 .5-.1.7-.3.2-.2.3-.5.3-.7s-.1-.5-.3-.7zM5.8 14.7l6.2 6.3 6.2-6.3c.2-.2.3-.5.3-.7s-.1-.5-.3-.7c-.2-.2-.4-.3-.7-.3h-11c-.3 0-.5.1-.7.3-.2.2-.3.5-.3.7s.1.5.3.7z\"\/><\/svg><\/span><\/span><\/span><\/a><\/span><\/div>\n<nav><ul class='ez-toc-list ez-toc-list-level-1 eztoc-toggle-hide-by-default' ><li class='ez-toc-page-1 ez-toc-heading-level-2'><a class=\"ez-toc-link ez-toc-heading-1\" href=\"https:\/\/moverdb.com\/pl\/freight-forwarder\/freight-forwarding-uk\/crawley-freight-forwarder\/#MED_Freight_Services\" >MED Freight Services<\/a><\/li><li class='ez-toc-page-1 ez-toc-heading-level-2'><a class=\"ez-toc-link ez-toc-heading-2\" href=\"https:\/\/moverdb.com\/pl\/freight-forwarder\/freight-forwarding-uk\/crawley-freight-forwarder\/#PBS_International_Freight_Limited\" >PBS International Freight Limited<\/a><\/li><li class='ez-toc-page-1 ez-toc-heading-level-2'><a class=\"ez-toc-link ez-toc-heading-3\" href=\"https:\/\/moverdb.com\/pl\/freight-forwarder\/freight-forwarding-uk\/crawley-freight-forwarder\/#Send2ChinaeEYeEa%C2%B8a%E2%80%BA%C2%BD\" >Send2China\u00e9\u20ac\u20ac'\u00bd<\/a><\/li><li class='ez-toc-page-1 ez-toc-heading-level-2'><a class=\"ez-toc-link ez-toc-heading-4\" href=\"https:\/\/moverdb.com\/pl\/freight-forwarder\/freight-forwarding-uk\/crawley-freight-forwarder\/#Glenn_Freight_Services\" >Glenn Freight Services<\/a><\/li><li class='ez-toc-page-1 ez-toc-heading-level-2'><a class=\"ez-toc-link ez-toc-heading-5\" href=\"https:\/\/moverdb.com\/pl\/freight-forwarder\/freight-forwarding-uk\/crawley-freight-forwarder\/#How_we_picked_the_best_Crawley_Freight_Forwarding_Companies\" >Jak wybrali\u015bmy najlepsze firmy spedycyjne w Crawley?<\/a><\/li><\/ul><\/nav><\/div>\n<h2><span class=\"ez-toc-section\" id=\"MED_Freight_Services\"><\/span>MED Freight Services<span class=\"ez-toc-section-end\"><\/span><\/h2>\n<p><img decoding=\"async\" src=\"https:\/\/moverdb.com\/wp-content\/uploads\/thumbnailpanoidSf2kEENNHZqnKWQ4fg1YHQcb_clientsearch.gws-prod.gpsw408h240yaw331.jpg\" alt='MED Freight Services' class=\"aligncenter\"><\/p>\n<p><strong>Opis firmy: <\/strong>Brak danych<\/p>\n<p><strong>Us\u0142ugi dodatkowe:<\/strong><\/p>\n<p>Brak na li\u015bcie<\/p>\n<p><strong>Adres:<\/strong> 12, Forge Wood Industrial Estate, Gatwick Rd, Crawley RH10 9PG<\/p>\n<p><a href=\"https:\/\/find-and-update.company-information.service.gov.uk\/company\/08096138\" target=\"_new\" rel=\"noopener\">Strona internetowa MED Freight Services<\/a><\/p>\n<p><strong>Wynik recenzji: <\/strong>5<br \/> <strong>Liczba recenzji:<\/strong> 1<br \/><a href=\"https:\/\/www.google.co.uk\/maps?cid=18237951817802486207&#038;hl=en&#038;gl=GB\" target=\"_new\" rel=\"noopener\">Przeczytaj recenzje<\/a><\/p>\n<h2><span class=\"ez-toc-section\" id=\"PBS_International_Freight_Limited\"><\/span>PBS International Freight Limited<span class=\"ez-toc-section-end\"><\/span><\/h2>\n<p><img decoding=\"async\" src=\"https:\/\/moverdb.com\/wp-content\/uploads\/AF1QipM70-ouQwJ7HIhjVIa_c5G281_Ui5KVbZWI2zMTw408-h254-k-no.jpg\" alt='PBS International Freight Limited' class=\"aligncenter\"><\/p>\n<p><strong>Opis firmy: <\/strong>PBS International jest globaln\u0105 firm\u0105 spedycyjn\u0105 specjalizuj\u0105c\u0105 si\u0119 w transporcie lotniczym, morskim, drogowym i specjalistycznym.<\/p>\n<p>Oferujemy pe\u0142en zakres us\u0142ug spedycyjnych i logistycznych dostosowanych do wszystkich bud\u017cet\u00f3w i ram czasowych.<\/p>\n<p>Ponadto zapewniamy zaplecze magazynowe i us\u0142ugi, w tym pakowanie, dystrybucj\u0119, kompletacj\u0119 i pakowanie oraz dostaw\u0119 materia\u0142\u00f3w opakowaniowych.<\/p>\n<p>PBS International Freight mo\u017ce r\u00f3wnie\u017c pom\u00f3c w licencjonowaniu importu i eksportu, wysy\u0142ce towar\u00f3w niebezpiecznych oraz przesy\u0142kach rzeczy osobistych i domowych.<\/p>\n<p>Skontaktuj si\u0119 z nami, aby dowiedzie\u0107 si\u0119 wi\u0119cej.<\/p>\n<p><strong>Us\u0142ugi dodatkowe:<\/strong><\/p>\n<p>Firma importowo-eksportowa<\/p>\n<p>Us\u0142uga logistyczna<\/p>\n<p>Dostawca<\/p>\n<p>Us\u0142ugi transportowe<\/p>\n<p><strong>Adres:<\/strong> PBS House, Charlwood Rd, Lowfield Heath, Crawley RH11 0PT<\/p>\n<p><a href=\"https:\/\/www.pbs-int.co.uk\/\" target=\"_new\" rel=\"noopener\">Strona internetowa PBS International Freight Limited<\/a><\/p>\n<p><strong>Wynik recenzji: <\/strong>4.5<br \/> <strong>Liczba recenzji:<\/strong> 11<br \/><a href=\"https:\/\/www.google.co.uk\/maps?cid=9986257421367286698&#038;hl=en&#038;gl=GB\" target=\"_new\" rel=\"noopener\">Przeczytaj recenzje<\/a><\/p>\n<h2><span class=\"ez-toc-section\" id=\"Send2ChinaeEYeEa%C2%B8a%E2%80%BA%C2%BD\"><\/span>Send2China\u00e9\u20ac\u20ac'\u00bd<span class=\"ez-toc-section-end\"><\/span><\/h2>\n<p><img decoding=\"async\" src=\"https:\/\/moverdb.com\/wp-content\/uploads\/AF1QipN40isg5X7TM3yIj-q8UgIXbwVSBOmyw2EPzGAJw408-h306-k-no.jpg\" alt='Send2China\u00e9\u20ac\u20ac&#039;\u00bd' class=\"aligncenter\"><\/p>\n<p><strong>Opis firmy: <\/strong>Send2China\u00e6\u02dc\u00af\u00e5\u2026\u00a8\u00e8\u2039\u00b1\u00e9\u00a2\u2020\u00e5\u2026\u02c6\u00e7\u0161\u201e\u00e8\u00b7\u00a8\u00e5\u00a2\u0192\u00e7\u2030\u00a9\u00e6\u00b5\u0081\u00e9\u00ab\u02dc\u00e7\u00a7\u2018\u00e6\u0160\u20ac\u00e5\u2026\u00ac\u00e5\u008f\u00b8\u00ef\u00bc\u0152\u00e5\u2026\u00ac\u00e5\u008f\u00b8\u00e4\u00ba\u017d2013\u00e5\u00b9\u00b4\u00e7\u201d\u00b1\u00e7\u00be\u017d\u00e5\u203a\u00bd\u00e7\u00a1\u2026\u00e8\u00b0\u00b7\u00e6\u0160\u2022\u00e8\u00b5\u201e\u00ef\u00bc\u0152\u00e6\u02c6\u0090\u00e7\u00ab\u2039\u00e4\u00ba\u017d\u00e8\u2039\u00b1\u00e5\u203a\u00bd\u00ef\u00bc\u0152\u00e4\u00b8\u201c\u00e6\u00b3\u00a8\u00e4\u00b8\u00ba\u00e6\u00b5\u00b7\u00e5\u2020\u2026\u00e5\u00a4\u2013\u00e5\u00ae\u00a2\u00e6\u02c6\u00b7\u00e6\u008f\u0090\u00e4\u00be\u203a\u00e5\u00ae\u2030\u00e5\u2026\u00a8\u00ef\u00bc\u0152\u00e5\u00bf\u00ab\u00e6\u008d\u00b7\u00ef\u00bc\u0152\u00e6\u2013\u00b9\u00e4\u00be\u00bf\u00e7\u0161\u201e\u00e7\u2030\u00a9\u00e6\u00b5\u0081\u00e8\u00a7\u00a3\u00e5\u2020\u00b3\u00e6\u2013\u00b9\u00e6\u00a1\u02c6\u00e3\u20ac\u201a<\/p>\n<p><strong>Us\u0142ugi dodatkowe:<\/strong><\/p>\n<p>Us\u0142uga kurierska<\/p>\n<p>Przechowalnia baga\u017cu<\/p>\n<p><strong>Adres:<\/strong> Unit 7, Gatwick Distribution Point, Church Rd, Lowfield Heath, Crawley RH11 0PJ<\/p>\n<p><a href=\"http:\/\/send2china.co.uk\/\" target=\"_new\" rel=\"noopener\">Send2China - strona internetowa<\/a><\/p>\n<p><strong>Wynik recenzji: <\/strong>4.4<br \/> <strong>Liczba recenzji:<\/strong> 52<br \/><a href=\"https:\/\/www.google.co.uk\/maps?cid=15445262590040213531&#038;hl=en&#038;gl=GB\" target=\"_new\" rel=\"noopener\">Przeczytaj recenzje<\/a><\/p>\n<h2><span class=\"ez-toc-section\" id=\"Glenn_Freight_Services\"><\/span>Glenn Freight Services<span class=\"ez-toc-section-end\"><\/span><\/h2>\n<p><img decoding=\"async\" src=\"https:\/\/moverdb.com\/wp-content\/uploads\/thumbnailpanoidv-l43pYF8MNtWTpqKVj2Swcb_clientsearch.gws-prod.gpsw408h240yaw195.jpg\" alt='Glenn Freight Services' class=\"aligncenter\"><\/p>\n<p><strong>Opis firmy: <\/strong>Brak danych<\/p>\n<p><strong>Us\u0142ugi dodatkowe:<\/strong><\/p>\n<p>Brak na li\u015bcie<\/p>\n<p><strong>Adres:<\/strong> Global House, Manor Court, Manor Royal, Crawley RH10 9PY<\/p>\n<p><a href=\"http:\/\/www.glennfreight.co.uk\/\" target=\"_new\" rel=\"noopener\">Strona internetowa Glenn Freight Services<\/a><\/p>\n<p><strong>Wynik recenzji: <\/strong>3<br \/> <strong>Liczba recenzji:<\/strong> 2<br \/><a href=\"https:\/\/www.google.co.uk\/maps?cid=2598308117992633691&#038;hl=en&#038;gl=GB\" target=\"_new\" rel=\"noopener\">Przeczytaj recenzje<\/a><\/p>\n<h2><span class=\"ez-toc-section\" id=\"How_we_picked_the_best_Crawley_Freight_Forwarding_Companies\"><\/span>Jak wybrali\u015bmy najlepsze firmy spedycyjne w Crawley?<span class=\"ez-toc-section-end\"><\/span><\/h2>\n<p>Zacz\u0119li\u015bmy od zbioru danych 9 firm spedycyjnych z Crawley, kt\u00f3re mogli\u015bmy znale\u017a\u0107 za pomoc\u0105 Google Maps i zaw\u0119zili\u015bmy go do 4 najlepszych.<\/p>\n<p>W tym celu usun\u0119li\u015bmy wszystkie firmy, kt\u00f3re<\/p>\n<ul>\n<li> Brak strony internetowej<\/li>\n<li> Brak recenzji<\/li>\n<li> \u015arednia ocena recenzji poni\u017cej 2,0<\/li>\n<\/ul>\n<p>W tym momencie, je\u015bli mieli\u015bmy 17 lub mniej spedytor\u00f3w, wymienili\u015bmy ich wszystkich.<\/p>\n<p>W przypadku miast, w kt\u00f3rych pozosta\u0142o wi\u0119cej ni\u017c 17 spedytor\u00f3w, dokonali\u015bmy dalszych zmian, zwi\u0119kszaj\u0105c wymagan\u0105 ocen\u0119 recenzji (np. z minimum 2,0 do 4,0) i\/lub zwi\u0119kszaj\u0105c minimaln\u0105 liczb\u0119 wymaganych recenzji (np. z co najmniej 1 recenzji do co najmniej 10).<\/p>\n<p>Nale\u017cy pami\u0119ta\u0107, \u017ce wykorzystali\u015bmy tylko dane z Google Maps, a nie z innych witryn internetowych.<\/p>\n<p>Wi\u0119cej miast:<\/p>\n<p><a href=\"https:\/\/moverdb.com\/pl\/spedytor\/freight-forwarding-uk\/warrington-freight-forwarder\/\">Spedytor z Warrington<\/a><br \/><a href=\"https:\/\/moverdb.com\/pl\/spedytor\/freight-forwarding-uk\/grimsby-freight-forwarder\/\">Spedytor Grimsby<\/a><br \/><a href=\"https:\/\/moverdb.com\/pl\/spedytor\/freight-forwarding-uk\/cardiff-freight-forwarder\/\">Spedytor z Cardiff<\/a><br \/><a href=\"https:\/\/moverdb.com\/pl\/spedytor\/freight-forwarding-uk\/luton-freight-forwarder\/\">Spedytor z Luton<\/a><br \/><a href=\"https:\/\/moverdb.com\/pl\/spedytor\/freight-forwarding-uk\/milton-keynes-freight-forwarder\/\">Spedytor Milton Keynes<\/a><\/p>","protected":false},"excerpt":{"rendered":"<p>Below we look at the 4 &#8220;best&#8221; Freight Forwarding companies in Crawley out of 9. To learn more about how we chose the best please consult our FAQ section at the end. Please not the following listings are in no particular order and we are not making any recommendations for any particular company. MED Freight [&hellip;]<\/p>\n","protected":false},"author":1,"featured_media":0,"parent":13427,"menu_order":0,"comment_status":"open","ping_status":"open","template":"","meta":{"_genesis_hide_title":false,"_genesis_hide_breadcrumbs":false,"_genesis_hide_singular_image":false,"_genesis_hide_footer_widgets":false,"_genesis_custom_body_class":"","_genesis_custom_post_class":"","_genesis_layout":"","footnotes":""},"class_list":{"0":"post-13902","1":"page","2":"type-page","3":"status-publish","5":"entry"},"_links":{"self":[{"href":"https:\/\/moverdb.com\/pl\/wp-json\/wp\/v2\/pages\/13902","targetHints":{"allow":["GET"]}}],"collection":[{"href":"https:\/\/moverdb.com\/pl\/wp-json\/wp\/v2\/pages"}],"about":[{"href":"https:\/\/moverdb.com\/pl\/wp-json\/wp\/v2\/types\/page"}],"author":[{"embeddable":true,"href":"https:\/\/moverdb.com\/pl\/wp-json\/wp\/v2\/users\/1"}],"replies":[{"embeddable":true,"href":"https:\/\/moverdb.com\/pl\/wp-json\/wp\/v2\/comments?post=13902"}],"version-history":[{"count":1,"href":"https:\/\/moverdb.com\/pl\/wp-json\/wp\/v2\/pages\/13902\/revisions"}],"predecessor-version":[{"id":15782,"href":"https:\/\/moverdb.com\/pl\/wp-json\/wp\/v2\/pages\/13902\/revisions\/15782"}],"up":[{"embeddable":true,"href":"https:\/\/moverdb.com\/pl\/wp-json\/wp\/v2\/pages\/13427"}],"wp:attachment":[{"href":"https:\/\/moverdb.com\/pl\/wp-json\/wp\/v2\/media?parent=13902"}],"curies":[{"name":"wp","href":"https:\/\/api.w.org\/{rel}","templated":true}]}}