{"id":13872,"date":"2023-11-08T15:52:42","date_gmt":"2023-11-08T15:52:42","guid":{"rendered":"https:\/\/moverdb.com\/freight-forwarder\/freight-forwarding-uk\/wolverhampton-freight-forwarder\/"},"modified":"2026-01-08T13:18:06","modified_gmt":"2026-01-08T13:18:06","slug":"wolverhampton-freight-forwarder","status":"publish","type":"page","link":"https:\/\/moverdb.com\/pl\/freight-forwarder\/freight-forwarding-uk\/wolverhampton-freight-forwarder\/","title":{"rendered":"5 najlepszych firm spedycyjnych w Wolverhampton (2024)"},"content":{"rendered":"<p>Poni\u017cej przyjrzymy si\u0119 5 <em>\"najlepszy\"<\/em> Firmy spedycyjne w Wolverhampton spo\u015br\u00f3d 13.<\/p>\n<p>Aby dowiedzie\u0107 si\u0119 wi\u0119cej o tym, jak wybrali\u015bmy najlepszych, zapoznaj si\u0119 z nasz\u0105 sekcj\u0105 FAQ na ko\u0144cu.<\/p>\n<p><em>Nale\u017cy pami\u0119ta\u0107, \u017ce poni\u017csze listy nie s\u0105 u\u0142o\u017cone w okre\u015blonej kolejno\u015bci i nie rekomendujemy \u017cadnej konkretnej firmy.<\/em><\/p>\n<div id=\"ez-toc-container\" class=\"ez-toc-v2_0_82_2 ez-toc-wrap-left counter-hierarchy ez-toc-counter ez-toc-transparent ez-toc-container-direction\">\n<div class=\"ez-toc-title-container\">\n<p class=\"ez-toc-title\" style=\"cursor:inherit\">Sekcje<\/p>\n<span class=\"ez-toc-title-toggle\"><a href=\"#\" class=\"ez-toc-pull-right ez-toc-btn ez-toc-btn-xs ez-toc-btn-default ez-toc-toggle\" aria-label=\"Prze\u0142\u0105cznik Spisu Tre\u015bci\"><span class=\"ez-toc-js-icon-con\"><span class=\"\"><span class=\"eztoc-hide\" style=\"display:none;\">Toggle<\/span><span class=\"ez-toc-icon-toggle-span\"><svg style=\"fill: #999;color:#999\" xmlns=\"http:\/\/www.w3.org\/2000\/svg\" class=\"list-377408\" width=\"20px\" height=\"20px\" viewbox=\"0 0 24 24\" fill=\"none\"><path d=\"M6 6H4v2h2V6zm14 0H8v2h12V6zM4 11h2v2H4v-2zm16 0H8v2h12v-2zM4 16h2v2H4v-2zm16 0H8v2h12v-2z\" fill=\"currentColor\"><\/path><\/svg><svg style=\"fill: #999;color:#999\" class=\"arrow-unsorted-368013\" xmlns=\"http:\/\/www.w3.org\/2000\/svg\" width=\"10px\" height=\"10px\" viewbox=\"0 0 24 24\" version=\"1.2\" baseprofile=\"tiny\"><path d=\"M18.2 9.3l-6.2-6.3-6.2 6.3c-.2.2-.3.4-.3.7s.1.5.3.7c.2.2.4.3.7.3h11c.3 0 .5-.1.7-.3.2-.2.3-.5.3-.7s-.1-.5-.3-.7zM5.8 14.7l6.2 6.3 6.2-6.3c.2-.2.3-.5.3-.7s-.1-.5-.3-.7c-.2-.2-.4-.3-.7-.3h-11c-.3 0-.5.1-.7.3-.2.2-.3.5-.3.7s.1.5.3.7z\"\/><\/svg><\/span><\/span><\/span><\/a><\/span><\/div>\n<nav><ul class='ez-toc-list ez-toc-list-level-1 eztoc-toggle-hide-by-default' ><li class='ez-toc-page-1 ez-toc-heading-level-2'><a class=\"ez-toc-link ez-toc-heading-1\" href=\"https:\/\/moverdb.com\/pl\/freight-forwarder\/freight-forwarding-uk\/wolverhampton-freight-forwarder\/#Global_Freight_Group\" >Global Freight Group<\/a><\/li><li class='ez-toc-page-1 ez-toc-heading-level-2'><a class=\"ez-toc-link ez-toc-heading-2\" href=\"https:\/\/moverdb.com\/pl\/freight-forwarder\/freight-forwarding-uk\/wolverhampton-freight-forwarder\/#Gordian_Knot_Forwarding_Ltd\" >Gordian Knot Forwarding Ltd<\/a><\/li><li class='ez-toc-page-1 ez-toc-heading-level-2'><a class=\"ez-toc-link ez-toc-heading-3\" href=\"https:\/\/moverdb.com\/pl\/freight-forwarder\/freight-forwarding-uk\/wolverhampton-freight-forwarder\/#EDS_Worldwide\" >EDS Worldwide<\/a><\/li><li class='ez-toc-page-1 ez-toc-heading-level-2'><a class=\"ez-toc-link ez-toc-heading-4\" href=\"https:\/\/moverdb.com\/pl\/freight-forwarder\/freight-forwarding-uk\/wolverhampton-freight-forwarder\/#A_W_Baxter_Ltd_Global_Logistics_Export_Packing\" >A W Baxter Ltd Globalna logistyka i pakowanie eksportowe<\/a><\/li><li class='ez-toc-page-1 ez-toc-heading-level-2'><a class=\"ez-toc-link ez-toc-heading-5\" href=\"https:\/\/moverdb.com\/pl\/freight-forwarder\/freight-forwarding-uk\/wolverhampton-freight-forwarder\/#Cannon_Freight_Ltd\" >Cannon Freight Ltd<\/a><\/li><li class='ez-toc-page-1 ez-toc-heading-level-2'><a class=\"ez-toc-link ez-toc-heading-6\" href=\"https:\/\/moverdb.com\/pl\/freight-forwarder\/freight-forwarding-uk\/wolverhampton-freight-forwarder\/#How_we_picked_the_best_Wolverhampton_Freight_Forwarding_Companies\" >Jak wybrali\u015bmy najlepsze firmy spedycyjne w Wolverhampton?<\/a><\/li><\/ul><\/nav><\/div>\n<h2><span class=\"ez-toc-section\" id=\"Global_Freight_Group\"><\/span>Global Freight Group<span class=\"ez-toc-section-end\"><\/span><\/h2>\n<p><img decoding=\"async\" src=\"https:\/\/moverdb.com\/wp-content\/uploads\/thumbnailpanoidgilO1TAU5gsqNx2fZ4JQOwcb_clientsearch.gws-prod.gpsw408h240yaw28.jpg\" alt='Global Freight Group' class=\"aligncenter\"><\/p>\n<p><strong>Opis firmy: <\/strong>Brak danych<\/p>\n<p><strong>Us\u0142ugi dodatkowe:<\/strong><\/p>\n<p>Brak na li\u015bcie<\/p>\n<p><strong>Adres:<\/strong> 13 Mount Rd, Penn, Wolverhampton WV4 5SN<\/p>\n<p><a href=\"http:\/\/www.globalfreightnet.org\/\" target=\"_new\" rel=\"noopener\">Strona internetowa Global Freight Group<\/a><\/p>\n<p><strong>Wynik recenzji: <\/strong>5<br \/> <strong>Liczba recenzji:<\/strong> 1<br \/><a href=\"https:\/\/www.google.co.uk\/maps?cid=10354043475015102805&#038;hl=en&#038;gl=GB\" target=\"_new\" rel=\"noopener\">Przeczytaj recenzje<\/a><\/p>\n<h2><span class=\"ez-toc-section\" id=\"Gordian_Knot_Forwarding_Ltd\"><\/span>Gordian Knot Forwarding Ltd<span class=\"ez-toc-section-end\"><\/span><\/h2>\n<p><img decoding=\"async\" src=\"https:\/\/moverdb.com\/wp-content\/uploads\/thumbnailpanoidtMkuxBVYv2GT81yzklnblAcb_clientsearch.gws-prod.gpsw408h240yaw67.jpg\" alt='Gordian Knot Forwarding Ltd' class=\"aligncenter\"><\/p>\n<p><strong>Opis firmy: <\/strong>Mi\u0119dzynarodowy <a href=\"https:\/\/moverdb.com\/pl\/freight-forwarder\/\" data-internallinksmanager029f6b8e52c=\"17\" title=\"Spedytor i NVOCC Mi\u0119dzynarodowy Przewodnik po Kosztach i Firmach\">Spedytor<\/a> Specjalista ds. frachtu morskiego i og\u00f3lny agent celny dla ca\u0142ego importu i eksportu za po\u015brednictwem <a href=\"https:\/\/moverdb.com\/pl\/moving-to-the-uk\/\" data-internallinksmanager029f6b8e52c=\"93\" title=\"Przeprowadzasz si\u0119 do Wielkiej Brytanii? 2026 Koszty \u017cycia i wskaz\u00f3wki dotycz\u0105ce przeprowadzki\">UK<\/a> granice.<\/p>\n<p><strong>Us\u0142ugi dodatkowe:<\/strong><\/p>\n<p>Broker celny<\/p>\n<p>Konsultant ds. celnych<\/p>\n<p><strong>Adres:<\/strong> K4, The Chubb Buildings, Fryer St, Wolverhampton WV1 1HT<\/p>\n<p><a href=\"http:\/\/www.gordianknotforwarding.co.uk\/\" target=\"_new\" rel=\"noopener\">Strona internetowa Gordian Knot Forwarding Ltd<\/a><\/p>\n<p><strong>Wynik recenzji: <\/strong>5<br \/> <strong>Liczba recenzji:<\/strong> 1<br \/><a href=\"https:\/\/www.google.co.uk\/maps?cid=13729101083555532931&#038;hl=en&#038;gl=GB\" target=\"_new\" rel=\"noopener\">Przeczytaj recenzje<\/a><\/p>\n<h2><span class=\"ez-toc-section\" id=\"EDS_Worldwide\"><\/span>EDS Worldwide<span class=\"ez-toc-section-end\"><\/span><\/h2>\n<p><img decoding=\"async\" src=\"https:\/\/moverdb.com\/wp-content\/uploads\/thumbnailpanoidSBDynZ8fOIxau-AzsEjOHwcb_clientsearch.gws-prod.gpsw408h240yaw53.jpg\" alt='EDS Worldwide' class=\"aligncenter\"><\/p>\n<p><strong>Opis firmy: <\/strong>Brak danych<\/p>\n<p><strong>Us\u0142ugi dodatkowe:<\/strong><\/p>\n<p>Dostawca<\/p>\n<p><strong>Adres:<\/strong> Henry House, Enterprise Dr, Four Ashes, Wolverhampton WV10 7DF<\/p>\n<p><a href=\"http:\/\/www.edsworldwide.co.uk\/\" target=\"_new\" rel=\"noopener\">Strona internetowa EDS Worldwide<\/a><\/p>\n<p><strong>Wynik recenzji: <\/strong>3<br \/> <strong>Liczba recenzji:<\/strong> 2<br \/><a href=\"https:\/\/www.google.co.uk\/maps?cid=16746980420673499521&#038;hl=en&#038;gl=GB\" target=\"_new\" rel=\"noopener\">Przeczytaj recenzje<\/a><\/p>\n<h2><span class=\"ez-toc-section\" id=\"A_W_Baxter_Ltd_Global_Logistics_Export_Packing\"><\/span>A W Baxter Ltd Globalna logistyka i pakowanie eksportowe<span class=\"ez-toc-section-end\"><\/span><\/h2>\n<p><img decoding=\"async\" src=\"https:\/\/moverdb.com\/wp-content\/uploads\/AF1QipMxK_NhkjocyRR6Gi048ZqMxF6H-IKAt3YKkYgMw426-h240-k-no.jpg\" alt='A W Baxter Ltd Globalna logistyka i pakowanie eksportowe' class=\"aligncenter\"><\/p>\n<p><strong>Opis firmy: <\/strong>Za\u0142o\u017cona w 1992 roku firma sta\u0142a si\u0119 kompletnym rozwi\u0105zaniem logistycznym, niezale\u017cnie od tego, czy chodzi o dostarczanie niestandardowych us\u0142ug pakowania eksportowego, frachtu czy magazynowania, dostarczamy je za ka\u017cdym razem.<\/p>\n<p>Od samego pocz\u0105tku zbudowali\u015bmy reputacj\u0119 niezawodno\u015bci i doskona\u0142o\u015bci w bran\u017cy logistycznej, zapewniaj\u0105c produkcj\u0119 skrzy\u0144 eksportowych, za\u0142adunek i roz\u0142adunek kontener\u00f3w, globalny transport i projekty \"pod klucz\", nasza praca jest zr\u00f3\u017cnicowana i szeroka, Baxters to nazwa, na kt\u00f3rej mo\u017cna polega\u0107.<\/p>\n<p>Jako niezale\u017cna firma rodzinna posiadamy wiedz\u0119, do\u015bwiadczenie i determinacj\u0119, aby ka\u017cde zadanie by\u0142o elastyczne i obs\u0142ugiwane przez personel.<\/p>\n<p> Mimo \u017ce dzia\u0142amy na ca\u0142ym \u015bwiecie i mamy kontrakty do zarz\u0105dzania na ca\u0142ym \u015bwiecie, nadal pozostajemy przy naszych podstawowych warto\u015bciach partnerstwa i satysfakcji.<\/p>\n<p><strong>Us\u0142ugi dodatkowe:<\/strong><\/p>\n<p>Wykonawcy i us\u0142ugi zwi\u0105zane z pakowaniem<\/p>\n<p>Dostawca<\/p>\n<p>Eskorta transportowa<\/p>\n<p>Us\u0142ugi transportowe<\/p>\n<p><strong>Adres:<\/strong> Unit 4, Dock Meadow Industrial Estate, Lanesfield Dr, Lanesfield, Wolverhampton WV4 6LE<\/p>\n<p><a href=\"http:\/\/www.baxtersgroup.com\/\" target=\"_new\" rel=\"noopener\">Strona internetowa firmy A W Baxter Ltd zajmuj\u0105cej si\u0119 globaln\u0105 logistyk\u0105 i pakowaniem eksportowym<\/a><\/p>\n<p><strong>Wynik recenzji: <\/strong>3.2<br \/> <strong>Liczba recenzji:<\/strong> 5<br \/><a href=\"https:\/\/www.google.co.uk\/maps?cid=13010859982753556877&#038;hl=en&#038;gl=GB\" target=\"_new\" rel=\"noopener\">Przeczytaj recenzje<\/a><\/p>\n<h2><span class=\"ez-toc-section\" id=\"Cannon_Freight_Ltd\"><\/span>Cannon Freight Ltd<span class=\"ez-toc-section-end\"><\/span><\/h2>\n<p><img decoding=\"async\" src=\"https:\/\/moverdb.com\/wp-content\/uploads\/thumbnailpanoidfUGljhP4o_tarxv2fhVBiQcb_clientsearch.gws-prod.gpsw408h240yaw78.jpg\" alt='Cannon Freight Ltd' class=\"aligncenter\"><\/p>\n<p><strong>Opis firmy: <\/strong>Brak danych<\/p>\n<p><strong>Us\u0142ugi dodatkowe:<\/strong><\/p>\n<p>Brak na li\u015bcie<\/p>\n<p><strong>Adres:<\/strong> Wulfrun Self Storage, Cooper St, Wolverhampton WV2 2JL<\/p>\n<p><a href=\"https:\/\/www.cannonfreight.co.uk\/\" target=\"_new\" rel=\"noopener\">Strona internetowa Cannon Freight Ltd<\/a><\/p>\n<p><strong>Wynik recenzji: <\/strong>3<br \/> <strong>Liczba recenzji:<\/strong> 3<br \/><a href=\"https:\/\/www.google.co.uk\/maps?cid=6788104322717129461&#038;hl=en&#038;gl=GB\" target=\"_new\" rel=\"noopener\">Przeczytaj recenzje<\/a><\/p>\n<h2><span class=\"ez-toc-section\" id=\"How_we_picked_the_best_Wolverhampton_Freight_Forwarding_Companies\"><\/span>Jak wybrali\u015bmy najlepsze firmy spedycyjne w Wolverhampton?<span class=\"ez-toc-section-end\"><\/span><\/h2>\n<p>Zacz\u0119li\u015bmy od zbioru danych 13 firm spedycyjnych z Wolverhampton, kt\u00f3re mogli\u015bmy znale\u017a\u0107 za pomoc\u0105 Google Maps i zaw\u0119zili\u015bmy je do 5 najlepszych.<\/p>\n<p>W tym celu usun\u0119li\u015bmy wszystkie firmy, kt\u00f3re<\/p>\n<ul>\n<li> Brak strony internetowej<\/li>\n<li> Brak recenzji<\/li>\n<li> \u015arednia ocena recenzji poni\u017cej 2,0<\/li>\n<\/ul>\n<p>W tym momencie, je\u015bli mieli\u015bmy 17 lub mniej spedytor\u00f3w, wymienili\u015bmy ich wszystkich.<\/p>\n<p>W przypadku miast, w kt\u00f3rych pozosta\u0142o wi\u0119cej ni\u017c 17 spedytor\u00f3w, dokonali\u015bmy dalszych zmian, zwi\u0119kszaj\u0105c wymagan\u0105 ocen\u0119 recenzji (np. z minimum 2,0 do 4,0) i\/lub zwi\u0119kszaj\u0105c minimaln\u0105 liczb\u0119 wymaganych recenzji (np. z co najmniej 1 recenzji do co najmniej 10).<\/p>\n<p>Nale\u017cy pami\u0119ta\u0107, \u017ce wykorzystali\u015bmy tylko dane z Google Maps, a nie z innych witryn internetowych.<\/p>\n<p>Wi\u0119cej miast:<\/p>\n<p><a href=\"https:\/\/moverdb.com\/pl\/spedytor\/freight-forwarding-uk\/rainham-freight-forwarder\/\">Spedytor Rainham<\/a><br \/><a href=\"https:\/\/moverdb.com\/pl\/spedytor\/freight-forwarding-uk\/gravesend-freight-forwarder\/\">Spedytor Gravesend<\/a><br \/><a href=\"https:\/\/moverdb.com\/pl\/spedytor\/freight-forwarding-uk\/harrow-freight-forwarder\/\">Spedytor Harrow<\/a><br \/><a href=\"https:\/\/moverdb.com\/pl\/spedytor\/freight-forwarding-uk\/nottingham-freight-forwarder\/\">Spedytor z Nottingham<\/a><br \/><a href=\"https:\/\/moverdb.com\/pl\/spedytor\/freight-forwarding-uk\/rotherham-freight-forwarder\/\">Spedytor z Rotherham<\/a><\/p>","protected":false},"excerpt":{"rendered":"<p>Below we look at the 5 &#8220;best&#8221; Freight Forwarding companies in Wolverhampton out of 13. To learn more about how we chose the best please consult our FAQ section at the end. Please not the following listings are in no particular order and we are not making any recommendations for any particular company. Global Freight [&hellip;]<\/p>\n","protected":false},"author":1,"featured_media":0,"parent":13427,"menu_order":0,"comment_status":"open","ping_status":"open","template":"","meta":{"_genesis_hide_title":false,"_genesis_hide_breadcrumbs":false,"_genesis_hide_singular_image":false,"_genesis_hide_footer_widgets":false,"_genesis_custom_body_class":"","_genesis_custom_post_class":"","_genesis_layout":"","footnotes":""},"class_list":{"0":"post-13872","1":"page","2":"type-page","3":"status-publish","5":"entry"},"_links":{"self":[{"href":"https:\/\/moverdb.com\/pl\/wp-json\/wp\/v2\/pages\/13872","targetHints":{"allow":["GET"]}}],"collection":[{"href":"https:\/\/moverdb.com\/pl\/wp-json\/wp\/v2\/pages"}],"about":[{"href":"https:\/\/moverdb.com\/pl\/wp-json\/wp\/v2\/types\/page"}],"author":[{"embeddable":true,"href":"https:\/\/moverdb.com\/pl\/wp-json\/wp\/v2\/users\/1"}],"replies":[{"embeddable":true,"href":"https:\/\/moverdb.com\/pl\/wp-json\/wp\/v2\/comments?post=13872"}],"version-history":[{"count":1,"href":"https:\/\/moverdb.com\/pl\/wp-json\/wp\/v2\/pages\/13872\/revisions"}],"predecessor-version":[{"id":15796,"href":"https:\/\/moverdb.com\/pl\/wp-json\/wp\/v2\/pages\/13872\/revisions\/15796"}],"up":[{"embeddable":true,"href":"https:\/\/moverdb.com\/pl\/wp-json\/wp\/v2\/pages\/13427"}],"wp:attachment":[{"href":"https:\/\/moverdb.com\/pl\/wp-json\/wp\/v2\/media?parent=13872"}],"curies":[{"name":"wp","href":"https:\/\/api.w.org\/{rel}","templated":true}]}}