{"id":13734,"date":"2023-11-08T15:52:42","date_gmt":"2023-11-08T15:52:42","guid":{"rendered":"https:\/\/moverdb.com\/freight-forwarder\/freight-forwarding-uk\/derby-freight-forwarder\/"},"modified":"2026-01-08T14:55:25","modified_gmt":"2026-01-08T14:55:25","slug":"derby-freight-forwarder","status":"publish","type":"page","link":"https:\/\/moverdb.com\/pl\/freight-forwarder\/freight-forwarding-uk\/derby-freight-forwarder\/","title":{"rendered":"10 najlepszych firm spedycyjnych w Derby (2024)"},"content":{"rendered":"<p>Poni\u017cej przedstawiamy 10 <em>\"najlepszy\"<\/em> Firmy spedycyjne w Derby spo\u015br\u00f3d 18.<\/p>\n<p>Aby dowiedzie\u0107 si\u0119 wi\u0119cej o tym, jak wybrali\u015bmy najlepszych, zapoznaj si\u0119 z nasz\u0105 sekcj\u0105 FAQ na ko\u0144cu.<\/p>\n<p><em>Nale\u017cy pami\u0119ta\u0107, \u017ce poni\u017csze listy nie s\u0105 u\u0142o\u017cone w okre\u015blonej kolejno\u015bci i nie rekomendujemy \u017cadnej konkretnej firmy.<\/em><\/p>\n<div id=\"ez-toc-container\" class=\"ez-toc-v2_0_82_2 ez-toc-wrap-left counter-hierarchy ez-toc-counter ez-toc-transparent ez-toc-container-direction\">\n<div class=\"ez-toc-title-container\">\n<p class=\"ez-toc-title\" style=\"cursor:inherit\">Sekcje<\/p>\n<span class=\"ez-toc-title-toggle\"><a href=\"#\" class=\"ez-toc-pull-right ez-toc-btn ez-toc-btn-xs ez-toc-btn-default ez-toc-toggle\" aria-label=\"Prze\u0142\u0105cznik Spisu Tre\u015bci\"><span class=\"ez-toc-js-icon-con\"><span class=\"\"><span class=\"eztoc-hide\" style=\"display:none;\">Toggle<\/span><span class=\"ez-toc-icon-toggle-span\"><svg style=\"fill: #999;color:#999\" xmlns=\"http:\/\/www.w3.org\/2000\/svg\" class=\"list-377408\" width=\"20px\" height=\"20px\" viewbox=\"0 0 24 24\" fill=\"none\"><path d=\"M6 6H4v2h2V6zm14 0H8v2h12V6zM4 11h2v2H4v-2zm16 0H8v2h12v-2zM4 16h2v2H4v-2zm16 0H8v2h12v-2z\" fill=\"currentColor\"><\/path><\/svg><svg style=\"fill: #999;color:#999\" class=\"arrow-unsorted-368013\" xmlns=\"http:\/\/www.w3.org\/2000\/svg\" width=\"10px\" height=\"10px\" viewbox=\"0 0 24 24\" version=\"1.2\" baseprofile=\"tiny\"><path d=\"M18.2 9.3l-6.2-6.3-6.2 6.3c-.2.2-.3.4-.3.7s.1.5.3.7c.2.2.4.3.7.3h11c.3 0 .5-.1.7-.3.2-.2.3-.5.3-.7s-.1-.5-.3-.7zM5.8 14.7l6.2 6.3 6.2-6.3c.2-.2.3-.5.3-.7s-.1-.5-.3-.7c-.2-.2-.4-.3-.7-.3h-11c-.3 0-.5.1-.7.3-.2.2-.3.5-.3.7s.1.5.3.7z\"\/><\/svg><\/span><\/span><\/span><\/a><\/span><\/div>\n<nav><ul class='ez-toc-list ez-toc-list-level-1 eztoc-toggle-hide-by-default' ><li class='ez-toc-page-1 ez-toc-heading-level-2'><a class=\"ez-toc-link ez-toc-heading-1\" href=\"https:\/\/moverdb.com\/pl\/freight-forwarder\/freight-forwarding-uk\/derby-freight-forwarder\/#CH_Robinson\" >C.H. Robinson<\/a><\/li><li class='ez-toc-page-1 ez-toc-heading-level-2'><a class=\"ez-toc-link ez-toc-heading-2\" href=\"https:\/\/moverdb.com\/pl\/freight-forwarder\/freight-forwarding-uk\/derby-freight-forwarder\/#CCL_Logistics_Technology\" >CCL Logistics &amp; Technology<\/a><\/li><li class='ez-toc-page-1 ez-toc-heading-level-2'><a class=\"ez-toc-link ez-toc-heading-3\" href=\"https:\/\/moverdb.com\/pl\/freight-forwarder\/freight-forwarding-uk\/derby-freight-forwarder\/#Expeditors\" >Ekspedytorzy<\/a><\/li><li class='ez-toc-page-1 ez-toc-heading-level-2'><a class=\"ez-toc-link ez-toc-heading-4\" href=\"https:\/\/moverdb.com\/pl\/freight-forwarder\/freight-forwarding-uk\/derby-freight-forwarder\/#KWE_Kintetsu_World_Express_UK_Ltd_East_Midlands\" >KWE, Kintetsu World Express (U.K.) Ltd., Inc. East Midlands<\/a><\/li><li class='ez-toc-page-1 ez-toc-heading-level-2'><a class=\"ez-toc-link ez-toc-heading-5\" href=\"https:\/\/moverdb.com\/pl\/freight-forwarder\/freight-forwarding-uk\/derby-freight-forwarder\/#M_I_E_S_International_Ltd\" >M I E S International Ltd<\/a><\/li><li class='ez-toc-page-1 ez-toc-heading-level-2'><a class=\"ez-toc-link ez-toc-heading-6\" href=\"https:\/\/moverdb.com\/pl\/freight-forwarder\/freight-forwarding-uk\/derby-freight-forwarder\/#Evolution_Time_Critical\" >Krytyczny czas ewolucji<\/a><\/li><li class='ez-toc-page-1 ez-toc-heading-level-2'><a class=\"ez-toc-link ez-toc-heading-7\" href=\"https:\/\/moverdb.com\/pl\/freight-forwarder\/freight-forwarding-uk\/derby-freight-forwarder\/#Seabourne_Logistics_UK_Forwarding\" >Seabourne Logistics UK Forwarding<\/a><\/li><li class='ez-toc-page-1 ez-toc-heading-level-2'><a class=\"ez-toc-link ez-toc-heading-8\" href=\"https:\/\/moverdb.com\/pl\/freight-forwarder\/freight-forwarding-uk\/derby-freight-forwarder\/#UPS_Supply_Chain_Solutions_Derby\" >UPS Supply Chain Solutions Derby<\/a><\/li><li class='ez-toc-page-1 ez-toc-heading-level-2'><a class=\"ez-toc-link ez-toc-heading-9\" href=\"https:\/\/moverdb.com\/pl\/freight-forwarder\/freight-forwarding-uk\/derby-freight-forwarder\/#DHL_Freight_East_Midlands_Airport\" >DHL Freight East Midlands Airport<\/a><\/li><li class='ez-toc-page-1 ez-toc-heading-level-2'><a class=\"ez-toc-link ez-toc-heading-10\" href=\"https:\/\/moverdb.com\/pl\/freight-forwarder\/freight-forwarding-uk\/derby-freight-forwarder\/#HAE_EMSA\" >HAE \/ EMSA<\/a><\/li><li class='ez-toc-page-1 ez-toc-heading-level-2'><a class=\"ez-toc-link ez-toc-heading-11\" href=\"https:\/\/moverdb.com\/pl\/freight-forwarder\/freight-forwarding-uk\/derby-freight-forwarder\/#How_we_picked_the_best_Derby_Freight_Forwarding_Companies\" >Jak wybrali\u015bmy najlepsze firmy spedycyjne w Derby?<\/a><\/li><\/ul><\/nav><\/div>\n<h2><span class=\"ez-toc-section\" id=\"CH_Robinson\"><\/span>C.H. Robinson<span class=\"ez-toc-section-end\"><\/span><\/h2>\n<p><img decoding=\"async\" src=\"https:\/\/moverdb.com\/wp-content\/uploads\/AF1QipPhMz8-qlcS_nx0vOhLUx_nNtbR34mvf1h4zh4w408-h305-k-no.jpg\" alt='C.H. Robinson' class=\"aligncenter\"><\/p>\n<p><strong>Opis firmy: <\/strong>Brak danych<\/p>\n<p><strong>Us\u0142ugi dodatkowe:<\/strong><\/p>\n<p>Brak na li\u015bcie<\/p>\n<p><strong>Adres:<\/strong> Unit 1B Glencar Close, Derby Commercial Park, Derby DE21 7HZ<\/p>\n<p><a href=\"https:\/\/www.chrobinson.com\/en-uk\/\" target=\"_new\" rel=\"noopener\">Strona internetowa C.H. Robinson<\/a><\/p>\n<p><strong>Wynik recenzji: <\/strong>4.6<br \/> <strong>Liczba recenzji:<\/strong> 17<br \/><a href=\"https:\/\/www.google.co.uk\/maps?cid=14794037340248810420&#038;hl=en&#038;gl=GB\" target=\"_new\" rel=\"noopener\">Przeczytaj recenzje<\/a><\/p>\n<h2><span class=\"ez-toc-section\" id=\"CCL_Logistics_Technology\"><\/span>CCL Logistics &amp; Technology<span class=\"ez-toc-section-end\"><\/span><\/h2>\n<p><img decoding=\"async\" src=\"https:\/\/moverdb.com\/wp-content\/uploads\/thumbnailpanoidKI8k-3CGLIos_UegyCrtrQcb_clientsearch.gws-prod.gpsw408h240yaw268.jpg\" alt='CCL Logistics &amp; Technology' class=\"aligncenter\"><\/p>\n<p><strong>Opis firmy: <\/strong>Zapewniamy bezkonkurencyjny zakres us\u0142ug logistycznych i technologii o warto\u015bci dodanej, aby pom\u00f3c producentom, dystrybutorom, hurtownikom i detalistom upro\u015bci\u0107 ich \u0142a\u0144cuch dostaw, poprawi\u0107 wydajno\u015b\u0107 i znacznie obni\u017cy\u0107 og\u00f3lne koszty prowadzenia dzia\u0142alno\u015bci.<\/p>\n<p><strong>Us\u0142ugi dodatkowe:<\/strong><\/p>\n<p>Brak na li\u015bcie<\/p>\n<p><strong>Adres:<\/strong> Willow Farm Business Park, Unit 6E, Boundary Court, Castle Donington DE74 2NN<\/p>\n<p><a href=\"https:\/\/www.ccl-logistics.com\/?utm_source=googlemaps&#038;utm_medium=derby\" target=\"_new\" rel=\"noopener\">Strona internetowa CCL Logistics &amp; Technology<\/a><\/p>\n<p><strong>Wynik recenzji: <\/strong>3.6<br \/> <strong>Liczba recenzji:<\/strong> 9<br \/><a href=\"https:\/\/www.google.co.uk\/maps?cid=5270224964504635166&#038;hl=en&#038;gl=GB\" target=\"_new\" rel=\"noopener\">Przeczytaj recenzje<\/a><\/p>\n<h2><span class=\"ez-toc-section\" id=\"Expeditors\"><\/span>Ekspedytorzy<span class=\"ez-toc-section-end\"><\/span><\/h2>\n<p><img decoding=\"async\" src=\"https:\/\/moverdb.com\/wp-content\/uploads\/AF1QipNWk4GOxW3zdlhHpgE7uIoJ_qTwoHHLqLfHLAshw426-h240-k-no.jpg\" alt='Ekspedytorzy' class=\"aligncenter\"><\/p>\n<p><strong>Opis firmy: <\/strong>Brak danych<\/p>\n<p><strong>Us\u0142ugi dodatkowe:<\/strong><\/p>\n<p>Brak na li\u015bcie<\/p>\n<p><strong>Adres:<\/strong> Willow Farm Business Park, Sills Rd, Castle Donington, Derby DE74 2US<\/p>\n<p><a href=\"http:\/\/www.expeditors.com\/\" target=\"_new\" rel=\"noopener\">Strona internetowa Expeditors<\/a><\/p>\n<p><strong>Wynik recenzji: <\/strong>4.1<br \/> <strong>Liczba recenzji:<\/strong> 15<br \/><a href=\"https:\/\/www.google.co.uk\/maps?cid=12115655813888450581&#038;hl=en&#038;gl=GB\" target=\"_new\" rel=\"noopener\">Przeczytaj recenzje<\/a><\/p>\n<h2><span class=\"ez-toc-section\" id=\"KWE_Kintetsu_World_Express_UK_Ltd_East_Midlands\"><\/span>KWE, Kintetsu World Express (U.K.) Ltd., Inc. East Midlands<span class=\"ez-toc-section-end\"><\/span><\/h2>\n<p><img decoding=\"async\" src=\"\" alt=\"KWE, Kintetsu World Express (U.K.) Ltd., Inc. East Midlands\" class=\"aligncenter\"><\/p>\n<p><strong>Opis firmy: <\/strong>Siedziba g\u0142\u00f3wna w Tokio, <a href=\"https:\/\/moverdb.com\/pl\/moving-to-japan\/\" data-internallinksmanager029f6b8e52c=\"342\" title=\"Przeprowadzka do Japonii? Koszty \u017cycia i wskaz\u00f3wki dotycz\u0105ce relokacji w 2023 r.\">Japonia<\/a>Firma KWE, Kintetsu World Express, powsta\u0142a w 1948 roku i sta\u0142a si\u0119 jednym z 15 najwi\u0119kszych globalnych graczy w bran\u017cy logistycznej.<\/p>\n<p>Zintegrowany globalny partner logistyczny, oferuj\u0105cy wielokrotnie nagradzane us\u0142ugi zarz\u0105dzania \u0142a\u0144cuchem dostaw w zakresie zaopatrzenia, zarz\u0105dzania dostawcami, spedycji morskiej i lotniczej, magazynowania 3pl, transportu i odpraw celnych.<\/p>\n<p>KWE ma ponad 18.<\/p>\n<p>000 pracownik\u00f3w i dzia\u0142a w 46 krajach w ponad 850 lokalizacjach<\/p>\n<p>KWE specjalizuje si\u0119 w logistyce dla bran\u017cy motoryzacyjnej, farmaceutycznej i opieki zdrowotnej, lotniczej, elektronicznej i detalicznej.<\/p>\n<p>W maju 2015 roku KWE przej\u0119\u0142o APL Logistics, co jeszcze bardziej wzmocni\u0142o portfolio us\u0142ug logistycznych<\/p>\n<p><strong>Us\u0142ugi dodatkowe:<\/strong><\/p>\n<p>Us\u0142uga logistyczna<\/p>\n<p>Dostawca<\/p>\n<p><strong>Adres:<\/strong> B1 Maple Rd, Castle Donington, Derby DE74 2UT<\/p>\n<p><a href=\"http:\/\/www.kwe.com\/\" target=\"_new\" rel=\"noopener\">KWE, Kintetsu World Express (U.K.) Ltd. Strona internetowa East Midlands<\/a><\/p>\n<p><strong>Wynik recenzji: <\/strong>4.8<br \/> <strong>Liczba recenzji:<\/strong> 5<br \/><a href=\"https:\/\/www.google.co.uk\/maps?cid=1486898843947594172&#038;hl=en&#038;gl=GB\" target=\"_new\" rel=\"noopener\">Przeczytaj recenzje<\/a><\/p>\n<h2><span class=\"ez-toc-section\" id=\"M_I_E_S_International_Ltd\"><\/span>M I E S International Ltd<span class=\"ez-toc-section-end\"><\/span><\/h2>\n<p><img decoding=\"async\" src=\"https:\/\/moverdb.com\/wp-content\/uploads\/thumbnailpanoid29xOmIIUK2IMXMPBD0ZePgcb_clientsearch.gws-prod.gpsw408h240yaw169.jpg\" alt='M I E S International Ltd' class=\"aligncenter\"><\/p>\n<p><strong>Opis firmy: <\/strong>Brak danych<\/p>\n<p><strong>Us\u0142ugi dodatkowe:<\/strong><\/p>\n<p>Brak na li\u015bcie<\/p>\n<p><strong>Adres:<\/strong> 1 Trent Ln, Castle Donington, Derby DE74 2PY<\/p>\n<p><a href=\"https:\/\/www.mies.co.uk\/\" target=\"_new\" rel=\"noopener\">Strona internetowa M I E S International Ltd<\/a><\/p>\n<p><strong>Wynik recenzji: <\/strong>4.1<br \/> <strong>Liczba recenzji:<\/strong> 8<br \/><a href=\"https:\/\/www.google.co.uk\/maps?cid=13175560030870517614&#038;hl=en&#038;gl=GB\" target=\"_new\" rel=\"noopener\">Przeczytaj recenzje<\/a><\/p>\n<h2><span class=\"ez-toc-section\" id=\"Evolution_Time_Critical\"><\/span>Krytyczny czas ewolucji<span class=\"ez-toc-section-end\"><\/span><\/h2>\n<p><img decoding=\"async\" src=\"https:\/\/moverdb.com\/wp-content\/uploads\/thumbnailpanoiduB9YyRaWNRCF_7iK80WTvQcb_clientsearch.gws-prod.gpsw408h240yaw152.jpg\" alt='Krytyczny czas ewolucji' class=\"aligncenter\"><\/p>\n<p><strong>Opis firmy: <\/strong>Brak danych<\/p>\n<p><strong>Us\u0142ugi dodatkowe:<\/strong><\/p>\n<p>Konsultant<\/p>\n<p>Us\u0142uga logistyczna<\/p>\n<p><strong>Adres:<\/strong> Bezant House, Bradgate Pk Vw, Chellaston, Derby DE73 5UH<\/p>\n<p><a href=\"http:\/\/www.evolution-timecritical.com\/\" target=\"_new\" rel=\"noopener\">Strona internetowa Evolution Time Critical<\/a><\/p>\n<p><strong>Wynik recenzji: <\/strong>3.5<br \/> <strong>Liczba recenzji:<\/strong> 4<br \/><a href=\"https:\/\/www.google.co.uk\/maps?cid=562191449095100638&#038;hl=en&#038;gl=GB\" target=\"_new\" rel=\"noopener\">Przeczytaj recenzje<\/a><\/p>\n<h2><span class=\"ez-toc-section\" id=\"Seabourne_Logistics_UK_Forwarding\"><\/span>Seabourne Logistics UK Forwarding<span class=\"ez-toc-section-end\"><\/span><\/h2>\n<p><img decoding=\"async\" src=\"https:\/\/lh5.googleusercontent.com\/p\/AF1QipPRz-XHZWUpwXBCEvlC1ustTASQMuSpHocwWZSq=w408-h291-k-no\" alt=\"Seabourne Logistics UK Forwarding\" class=\"aligncenter\"><\/p>\n<p><strong>Opis firmy: <\/strong>Seabourne Logistics, wiod\u0105cy niezale\u017cny operator logistyczny z oddzia\u0142ami w <a href=\"https:\/\/moverdb.com\/pl\/moving-to-the-uk\/\" data-internallinksmanager029f6b8e52c=\"93\" title=\"Przeprowadzasz si\u0119 do Wielkiej Brytanii? 2026 Koszty \u017cycia i wskaz\u00f3wki dotycz\u0105ce przeprowadzki\">UK<\/a>, The <a href=\"https:\/\/moverdb.com\/pl\/moving-to-the-netherlands\/\" data-internallinksmanager029f6b8e52c=\"328\" title=\"Przeprowadzka do Holandii? Koszty \u017cycia i wskaz\u00f3wki dotycz\u0105ce relokacji w 2023 r.\">Holandia<\/a>, <a href=\"https:\/\/moverdb.com\/pl\/moving-to-france\/\" data-internallinksmanager029f6b8e52c=\"315\" title=\"Przeprowadzka do Francji? Koszty \u017cycia i wskaz\u00f3wki dotycz\u0105ce przeprowadzki w 2023 r.\">Francja<\/a>oraz <a href=\"https:\/\/moverdb.com\/pl\/moving-to-south-africa\/\" data-internallinksmanager029f6b8e52c=\"347\" title=\"Przeprowadzka do Republiki Po\u0142udniowej Afryki? Koszty \u017cycia i wskaz\u00f3wki dotycz\u0105ce relokacji w 2023 r.\">Republika Po\u0142udniowej Afryki<\/a> oferuj\u0105c ca\u0142o\u015bciowe rozwi\u0105zania globalne za po\u015brednictwem swoich 6 dzia\u0142\u00f3w: Magazynowanie, E-Fulfilment, Us\u0142ugi kurierskie, Us\u0142ugi frachtowe, Rozwi\u0105zania pocztowe i Us\u0142ugi celne.<\/p>\n<p> S\u0105 dobrze znani ze swojego osobistego i praktycznego podej\u015bcia i zbudowali wyj\u0105tkow\u0105 reputacj\u0119, w kt\u00f3rej dobra komunikacja, elastyczno\u015b\u0107 i zaanga\u017cowanie s\u0105 w centrum tego, co robi\u0105.<\/p>\n<p> Oferuj\u0105 niszowe obszary specjalizacji i rozbudowane, dostosowane do indywidualnych potrzeb rozwi\u0105zania logistyczne stron trzecich (3PL).<\/p>\n<p><strong>Us\u0142ugi dodatkowe:<\/strong><\/p>\n<p>Us\u0142uga logistyczna<\/p>\n<p><strong>Adres:<\/strong> Regus House Herald Way, Castle Donington, Derby DE74 2TZ<\/p>\n<p><a href=\"http:\/\/www.seabournelogistics.com\/\" target=\"_new\" rel=\"noopener\">Strona internetowa Seabourne Logistics UK Forwarding<\/a><\/p>\n<p><strong>Wynik recenzji: <\/strong>5<br \/> <strong>Liczba recenzji:<\/strong> 1<br \/><a href=\"https:\/\/www.google.co.uk\/maps?cid=11040171400694942647&#038;hl=en&#038;gl=GB\" target=\"_new\" rel=\"noopener\">Przeczytaj recenzje<\/a><\/p>\n<h2><span class=\"ez-toc-section\" id=\"UPS_Supply_Chain_Solutions_Derby\"><\/span>UPS Supply Chain Solutions Derby<span class=\"ez-toc-section-end\"><\/span><\/h2>\n<p><img decoding=\"async\" src=\"https:\/\/moverdb.com\/wp-content\/uploads\/AF1QipM2UF-9SW9bJsltV_sqSQ3iBj28hlxaLA866wilw426-h240-k-no.jpg\" alt='UPS Supply Chain Solutions Derby' class=\"aligncenter\"><\/p>\n<p><strong>Opis firmy: <\/strong>Brak danych<\/p>\n<p><strong>Us\u0142ugi dodatkowe:<\/strong><\/p>\n<p>Us\u0142uga logistyczna<\/p>\n<p><strong>Adres:<\/strong> Wincanton Close, Off Ascot Drive, Derby DE24 8NB<\/p>\n<p><a href=\"https:\/\/www.ups.com\/gb\/en\/services\/shipping\/freight.page\" target=\"_new\" rel=\"noopener\">Strona internetowa UPS Supply Chain Solutions Derby<\/a><\/p>\n<p><strong>Wynik recenzji: <\/strong>3.8<br \/> <strong>Liczba recenzji:<\/strong> 98<br \/><a href=\"https:\/\/www.google.co.uk\/maps?cid=3053902978470391964&#038;hl=en&#038;gl=GB\" target=\"_new\" rel=\"noopener\">Przeczytaj recenzje<\/a><\/p>\n<h2><span class=\"ez-toc-section\" id=\"DHL_Freight_East_Midlands_Airport\"><\/span>DHL Freight East Midlands Airport<span class=\"ez-toc-section-end\"><\/span><\/h2>\n<p><img decoding=\"async\" src=\"https:\/\/moverdb.com\/wp-content\/uploads\/AF1QipOabvr0K6hA3_eLfcM7ASRDqa99A65XTv3vWGI6w408-h240-k-no-pi0-ya340-ro-0-fo100.jpg\" alt='DHL Freight East Midlands Airport' class=\"aligncenter\"><\/p>\n<p><strong>Opis firmy: <\/strong>Brak danych<\/p>\n<p><strong>Us\u0142ugi dodatkowe:<\/strong><\/p>\n<p>Brak na li\u015bcie<\/p>\n<p><strong>Adres:<\/strong> Castle Donington, Derby DE74 2SA<\/p>\n<p><a href=\"https:\/\/dhlguide.co.uk\/shipping-with-dhl\/dhl-express-service-centres\/\" target=\"_new\" rel=\"noopener\">Strona internetowa DHL Freight East Midlands Airport<\/a><\/p>\n<p><strong>Wynik recenzji: <\/strong>4.5<br \/> <strong>Liczba recenzji:<\/strong> 127<br \/><a href=\"https:\/\/www.google.co.uk\/maps?cid=3973794515770161131&#038;hl=en&#038;gl=GB\" target=\"_new\" rel=\"noopener\">Przeczytaj recenzje<\/a><\/p>\n<h2><span class=\"ez-toc-section\" id=\"HAE_EMSA\"><\/span>HAE \/ EMSA<span class=\"ez-toc-section-end\"><\/span><\/h2>\n<p><img decoding=\"async\" src=\"https:\/\/moverdb.com\/wp-content\/uploads\/AF1QipMMx8p4WL2HiDiZ98g-3NbS60OR0vSAQyplqiDtw408-h544-k-no.jpg\" alt='HAE \/ EMSA' class=\"aligncenter\"><\/p>\n<p><strong>Opis firmy: <\/strong>Brak danych<\/p>\n<p><strong>Us\u0142ugi dodatkowe:<\/strong><\/p>\n<p>Brak na li\u015bcie<\/p>\n<p><strong>Adres:<\/strong> Lotnisko East Midlands, Beverley Rd, Derby DE74 2SA<\/p>\n<p><a href=\"http:\/\/www.haegroup.com\/\" target=\"_new\" rel=\"noopener\">Strona internetowa HAE \/ EMSA<\/a><\/p>\n<p><strong>Wynik recenzji: <\/strong>3.7<br \/> <strong>Liczba recenzji:<\/strong> 38<br \/><a href=\"https:\/\/www.google.co.uk\/maps?cid=1084884569409257823&#038;hl=en&#038;gl=GB\" target=\"_new\" rel=\"noopener\">Przeczytaj recenzje<\/a><\/p>\n<h2><span class=\"ez-toc-section\" id=\"How_we_picked_the_best_Derby_Freight_Forwarding_Companies\"><\/span>Jak wybrali\u015bmy najlepsze firmy spedycyjne w Derby?<span class=\"ez-toc-section-end\"><\/span><\/h2>\n<p>Zacz\u0119li\u015bmy od zbioru danych 18 firm spedycyjnych Derby, kt\u00f3re mogli\u015bmy znale\u017a\u0107 za po\u015brednictwem Google Maps i zaw\u0119zili\u015bmy go do 10 najlepszych.<\/p>\n<p>W tym celu usun\u0119li\u015bmy wszystkie firmy, kt\u00f3re<\/p>\n<ul>\n<li> Brak strony internetowej<\/li>\n<li> Brak recenzji<\/li>\n<li> \u015arednia ocena recenzji poni\u017cej 2,0<\/li>\n<\/ul>\n<p>W tym momencie, je\u015bli mieli\u015bmy 17 lub mniej spedytor\u00f3w, wymienili\u015bmy ich wszystkich.<\/p>\n<p>W przypadku miast, w kt\u00f3rych pozosta\u0142o wi\u0119cej ni\u017c 17 spedytor\u00f3w, dokonali\u015bmy dalszych zmian, zwi\u0119kszaj\u0105c wymagan\u0105 ocen\u0119 recenzji (np. z minimum 2,0 do 4,0) i\/lub zwi\u0119kszaj\u0105c minimaln\u0105 liczb\u0119 wymaganych recenzji (np. z co najmniej 1 recenzji do co najmniej 10).<\/p>\n<p>Nale\u017cy pami\u0119ta\u0107, \u017ce wykorzystali\u015bmy tylko dane z Google Maps, a nie z innych witryn internetowych.<\/p>\n<p>Wi\u0119cej miast:<\/p>\n<p><a href=\"https:\/\/moverdb.com\/pl\/spedytor\/freight-forwarding-uk\/southall-freight-forwarder\/\">Spedytor Southall<\/a><br \/><a href=\"https:\/\/moverdb.com\/pl\/spedytor\/freight-forwarding-uk\/coventry-freight-forwarder\/\">Spedytor z Coventry<\/a><br \/><a href=\"https:\/\/moverdb.com\/pl\/spedytor\/freight-forwarding-uk\/west-drayton-freight-forwarder\/\">Spedytor West Drayton<\/a><br \/><a href=\"https:\/\/moverdb.com\/pl\/spedytor\/freight-forwarding-uk\/glasgow-freight-forwarder\/\">Spedytor z Glasgow<\/a><br \/><a href=\"https:\/\/moverdb.com\/pl\/spedytor\/freight-forwarding-uk\/barking-freight-forwarder\/\">Spedytor Barking<\/a><\/p>","protected":false},"excerpt":{"rendered":"<p>Below we look at the 10 &#8220;best&#8221; Freight Forwarding companies in Derby out of 18. To learn more about how we chose the best please consult our FAQ section at the end. Please not the following listings are in no particular order and we are not making any recommendations for any particular company. C.H. Robinson [&hellip;]<\/p>\n","protected":false},"author":1,"featured_media":0,"parent":13427,"menu_order":0,"comment_status":"open","ping_status":"open","template":"","meta":{"_genesis_hide_title":false,"_genesis_hide_breadcrumbs":false,"_genesis_hide_singular_image":false,"_genesis_hide_footer_widgets":false,"_genesis_custom_body_class":"","_genesis_custom_post_class":"","_genesis_layout":"","footnotes":""},"class_list":{"0":"post-13734","1":"page","2":"type-page","3":"status-publish","5":"entry"},"_links":{"self":[{"href":"https:\/\/moverdb.com\/pl\/wp-json\/wp\/v2\/pages\/13734","targetHints":{"allow":["GET"]}}],"collection":[{"href":"https:\/\/moverdb.com\/pl\/wp-json\/wp\/v2\/pages"}],"about":[{"href":"https:\/\/moverdb.com\/pl\/wp-json\/wp\/v2\/types\/page"}],"author":[{"embeddable":true,"href":"https:\/\/moverdb.com\/pl\/wp-json\/wp\/v2\/users\/1"}],"replies":[{"embeddable":true,"href":"https:\/\/moverdb.com\/pl\/wp-json\/wp\/v2\/comments?post=13734"}],"version-history":[{"count":1,"href":"https:\/\/moverdb.com\/pl\/wp-json\/wp\/v2\/pages\/13734\/revisions"}],"predecessor-version":[{"id":15679,"href":"https:\/\/moverdb.com\/pl\/wp-json\/wp\/v2\/pages\/13734\/revisions\/15679"}],"up":[{"embeddable":true,"href":"https:\/\/moverdb.com\/pl\/wp-json\/wp\/v2\/pages\/13427"}],"wp:attachment":[{"href":"https:\/\/moverdb.com\/pl\/wp-json\/wp\/v2\/media?parent=13734"}],"curies":[{"name":"wp","href":"https:\/\/api.w.org\/{rel}","templated":true}]}}