{"id":13667,"date":"2023-11-08T15:51:25","date_gmt":"2023-11-08T15:51:25","guid":{"rendered":"https:\/\/moverdb.com\/freight-forwarder\/freight-forwarding-uk\/ashford-freight-forwarder\/"},"modified":"2026-01-08T14:55:32","modified_gmt":"2026-01-08T14:55:32","slug":"ashford-freight-forwarder","status":"publish","type":"page","link":"https:\/\/moverdb.com\/pl\/freight-forwarder\/freight-forwarding-uk\/ashford-freight-forwarder\/","title":{"rendered":"12 najlepszych firm spedycyjnych w Ashford (2024)"},"content":{"rendered":"<p>Poni\u017cej przyjrzymy si\u0119 12 <em>\"najlepszy\"<\/em> Firmy spedycyjne w Ashford, spo\u015br\u00f3d 18.<\/p>\n<p>Aby dowiedzie\u0107 si\u0119 wi\u0119cej o tym, jak wybrali\u015bmy najlepszych, zapoznaj si\u0119 z nasz\u0105 sekcj\u0105 FAQ na ko\u0144cu.<\/p>\n<p><em>Nale\u017cy pami\u0119ta\u0107, \u017ce poni\u017csze listy nie s\u0105 u\u0142o\u017cone w okre\u015blonej kolejno\u015bci i nie rekomendujemy \u017cadnej konkretnej firmy.<\/em><\/p>\n<div id=\"ez-toc-container\" class=\"ez-toc-v2_0_82_2 ez-toc-wrap-left counter-hierarchy ez-toc-counter ez-toc-transparent ez-toc-container-direction\">\n<div class=\"ez-toc-title-container\">\n<p class=\"ez-toc-title\" style=\"cursor:inherit\">Sekcje<\/p>\n<span class=\"ez-toc-title-toggle\"><a href=\"#\" class=\"ez-toc-pull-right ez-toc-btn ez-toc-btn-xs ez-toc-btn-default ez-toc-toggle\" aria-label=\"Prze\u0142\u0105cznik Spisu Tre\u015bci\"><span class=\"ez-toc-js-icon-con\"><span class=\"\"><span class=\"eztoc-hide\" style=\"display:none;\">Toggle<\/span><span class=\"ez-toc-icon-toggle-span\"><svg style=\"fill: #999;color:#999\" xmlns=\"http:\/\/www.w3.org\/2000\/svg\" class=\"list-377408\" width=\"20px\" height=\"20px\" viewbox=\"0 0 24 24\" fill=\"none\"><path d=\"M6 6H4v2h2V6zm14 0H8v2h12V6zM4 11h2v2H4v-2zm16 0H8v2h12v-2zM4 16h2v2H4v-2zm16 0H8v2h12v-2z\" fill=\"currentColor\"><\/path><\/svg><svg style=\"fill: #999;color:#999\" class=\"arrow-unsorted-368013\" xmlns=\"http:\/\/www.w3.org\/2000\/svg\" width=\"10px\" height=\"10px\" viewbox=\"0 0 24 24\" version=\"1.2\" baseprofile=\"tiny\"><path d=\"M18.2 9.3l-6.2-6.3-6.2 6.3c-.2.2-.3.4-.3.7s.1.5.3.7c.2.2.4.3.7.3h11c.3 0 .5-.1.7-.3.2-.2.3-.5.3-.7s-.1-.5-.3-.7zM5.8 14.7l6.2 6.3 6.2-6.3c.2-.2.3-.5.3-.7s-.1-.5-.3-.7c-.2-.2-.4-.3-.7-.3h-11c-.3 0-.5.1-.7.3-.2.2-.3.5-.3.7s.1.5.3.7z\"\/><\/svg><\/span><\/span><\/span><\/a><\/span><\/div>\n<nav><ul class='ez-toc-list ez-toc-list-level-1 eztoc-toggle-hide-by-default' ><li class='ez-toc-page-1 ez-toc-heading-level-2'><a class=\"ez-toc-link ez-toc-heading-1\" href=\"https:\/\/moverdb.com\/pl\/freight-forwarder\/freight-forwarding-uk\/ashford-freight-forwarder\/#Rock-it_Global\" >Rock-it Global<\/a><\/li><li class='ez-toc-page-1 ez-toc-heading-level-2'><a class=\"ez-toc-link ez-toc-heading-2\" href=\"https:\/\/moverdb.com\/pl\/freight-forwarder\/freight-forwarding-uk\/ashford-freight-forwarder\/#TLC_World_Logistics\" >TLC World Logistics<\/a><\/li><li class='ez-toc-page-1 ez-toc-heading-level-2'><a class=\"ez-toc-link ez-toc-heading-3\" href=\"https:\/\/moverdb.com\/pl\/freight-forwarder\/freight-forwarding-uk\/ashford-freight-forwarder\/#E_M_S_Cargo_Ltd\" >E M S Cargo Ltd<\/a><\/li><li class='ez-toc-page-1 ez-toc-heading-level-2'><a class=\"ez-toc-link ez-toc-heading-4\" href=\"https:\/\/moverdb.com\/pl\/freight-forwarder\/freight-forwarding-uk\/ashford-freight-forwarder\/#Moonbridge_Air_Project_Services_Ltd\" >Moonbridge Air &amp; Project Services Ltd<\/a><\/li><li class='ez-toc-page-1 ez-toc-heading-level-2'><a class=\"ez-toc-link ez-toc-heading-5\" href=\"https:\/\/moverdb.com\/pl\/freight-forwarder\/freight-forwarding-uk\/ashford-freight-forwarder\/#S-Logibis_UK_Ltd\" >S-Logibis UK Ltd<\/a><\/li><li class='ez-toc-page-1 ez-toc-heading-level-2'><a class=\"ez-toc-link ez-toc-heading-6\" href=\"https:\/\/moverdb.com\/pl\/freight-forwarder\/freight-forwarding-uk\/ashford-freight-forwarder\/#Freedom_Logistics_International_Ltd\" >Freedom Logistics International Ltd<\/a><\/li><li class='ez-toc-page-1 ez-toc-heading-level-2'><a class=\"ez-toc-link ez-toc-heading-7\" href=\"https:\/\/moverdb.com\/pl\/freight-forwarder\/freight-forwarding-uk\/ashford-freight-forwarder\/#Allfreight_Packing_Services\" >Us\u0142ugi pakowania Allfreight<\/a><\/li><li class='ez-toc-page-1 ez-toc-heading-level-2'><a class=\"ez-toc-link ez-toc-heading-8\" href=\"https:\/\/moverdb.com\/pl\/freight-forwarder\/freight-forwarding-uk\/ashford-freight-forwarder\/#Velta_International_Air_Freight_Office\" >Mi\u0119dzynarodowe biuro frachtu lotniczego Velta<\/a><\/li><li class='ez-toc-page-1 ez-toc-heading-level-2'><a class=\"ez-toc-link ez-toc-heading-9\" href=\"https:\/\/moverdb.com\/pl\/freight-forwarder\/freight-forwarding-uk\/ashford-freight-forwarder\/#EasyLift_Freight_Solutions\" >EasyLift Freight Solutions<\/a><\/li><li class='ez-toc-page-1 ez-toc-heading-level-2'><a class=\"ez-toc-link ez-toc-heading-10\" href=\"https:\/\/moverdb.com\/pl\/freight-forwarder\/freight-forwarding-uk\/ashford-freight-forwarder\/#NTS_International_Express_Ltd\" >NTS International Express Ltd<\/a><\/li><li class='ez-toc-page-1 ez-toc-heading-level-2'><a class=\"ez-toc-link ez-toc-heading-11\" href=\"https:\/\/moverdb.com\/pl\/freight-forwarder\/freight-forwarding-uk\/ashford-freight-forwarder\/#Chas_Mortimer\" >Chas Mortimer<\/a><\/li><li class='ez-toc-page-1 ez-toc-heading-level-2'><a class=\"ez-toc-link ez-toc-heading-12\" href=\"https:\/\/moverdb.com\/pl\/freight-forwarder\/freight-forwarding-uk\/ashford-freight-forwarder\/#The_Custom_House_Transit\" >The Custom House (Transit)<\/a><\/li><li class='ez-toc-page-1 ez-toc-heading-level-2'><a class=\"ez-toc-link ez-toc-heading-13\" href=\"https:\/\/moverdb.com\/pl\/freight-forwarder\/freight-forwarding-uk\/ashford-freight-forwarder\/#How_we_picked_the_best_Ashford_Freight_Forwarding_Companies\" >Jak wybrali\u015bmy najlepsze firmy spedycyjne w Ashford?<\/a><\/li><\/ul><\/nav><\/div>\n<h2><span class=\"ez-toc-section\" id=\"Rock-it_Global\"><\/span>Rock-it Global<span class=\"ez-toc-section-end\"><\/span><\/h2>\n<p><img decoding=\"async\" src=\"https:\/\/moverdb.com\/wp-content\/uploads\/AF1QipMXzbTN-eDFicPm4qmEDTgVrqaoDwPda3RJXPP-w408-h544-k-no.jpg\" alt='Rock-it Global' class=\"aligncenter\"><\/p>\n<p><strong>Opis firmy: <\/strong>Jako wiod\u0105cy dostawca us\u0142ug spedycyjnych i logistycznych dla wydarze\u0144 na \u017cywo, Rock-it Global \u0142\u0105czy do\u015bwiadczonych agent\u00f3w z najbardziej zaufan\u0105 globaln\u0105 sieci\u0105 w bran\u017cy, aby dostarcza\u0107 niezwyk\u0142e wydarzenia.<\/p>\n<p> Sp\u0119dzili\u015bmy dziesi\u0119ciolecia buduj\u0105c relacje z najbardziej niezawodnymi i akredytowanymi agencjami \u0142adunkowymi na ca\u0142ym \u015bwiecie, aby zapewni\u0107, \u017ce Twoje przesy\u0142ki dotr\u0105 bezpiecznie i na czas bez wzgl\u0119du na lokalizacj\u0119.<\/p>\n<p><strong>Us\u0142ugi dodatkowe:<\/strong><\/p>\n<p>Dostawca<\/p>\n<p><strong>Adres:<\/strong> Abbeygate House, Challenge Rd, Ashford TW15 1AX<\/p>\n<p><a href=\"http:\/\/rockit.global\/\" target=\"_new\" rel=\"noopener\">Strona internetowa Rock-it Global<\/a><\/p>\n<p><strong>Wynik recenzji: <\/strong>4.5<br \/> <strong>Liczba recenzji:<\/strong> 40<br \/><a href=\"https:\/\/www.google.co.uk\/maps?cid=2195633308109349762&#038;hl=en&#038;gl=GB\" target=\"_new\" rel=\"noopener\">Przeczytaj recenzje<\/a><\/p>\n<h2><span class=\"ez-toc-section\" id=\"TLC_World_Logistics\"><\/span>TLC World Logistics<span class=\"ez-toc-section-end\"><\/span><\/h2>\n<p><img decoding=\"async\" src=\"https:\/\/moverdb.com\/wp-content\/uploads\/AF1QipPd_AwaquiUSQanF1fNMy4jib7LrJ6Kla3MoZt_w408-h544-k-no.jpg\" alt='TLC World Logistics' class=\"aligncenter\"><\/p>\n<p><strong>Opis firmy: <\/strong>Dostarczenie produktu z punktu A do punktu B to minimum, jakiego nale\u017cy oczekiwa\u0107.<\/p>\n<p> W TLC World Logistics nasza nazwa m\u00f3wi wszystko! Dbamy o naszych klient\u00f3w i wykraczamy poza to, aby by\u0107 Twoim dostawc\u0105 us\u0142ug logistycznych.<\/p>\n<p>Nasz oddany zesp\u00f3\u0142 po\u015bwi\u0119ca czas na poznanie Twoich wymaga\u0144 i zrozumienie Twoich unikalnych potrzeb, dzi\u0119ki czemu mo\u017cemy stworzy\u0107 p\u0142ynne do\u015bwiadczenie, za ka\u017cdym razem.<\/p>\n<p>Spedycja jest w naszym DNA, a wykorzystuj\u0105c nasze wieloletnie relacje w zakresie transportu lotniczego, morskiego i drogowego, pomagamy unikn\u0105\u0107 potencjalnych k\u0142opot\u00f3w i zapewni\u0107, \u017ce \u0142adunek dotrze do miejsca docelowego we w\u0142a\u015bciwym czasie i we w\u0142a\u015bciwym stanie.<\/p>\n<p><strong>Us\u0142ugi dodatkowe:<\/strong><\/p>\n<p>Brak na li\u015bcie<\/p>\n<p><strong>Adres:<\/strong> Unit 23, Littleton House, Littleton Rd, Ashford TW15 1UU<\/p>\n<p><a href=\"http:\/\/tlc-wlogistics.uk\/\" target=\"_new\" rel=\"noopener\">Strona internetowa TLC World Logistics<\/a><\/p>\n<p><strong>Wynik recenzji: <\/strong>5<br \/> <strong>Liczba recenzji:<\/strong> 3<br \/><a href=\"https:\/\/www.google.co.uk\/maps?cid=16083155512195829948&#038;hl=en&#038;gl=GB\" target=\"_new\" rel=\"noopener\">Przeczytaj recenzje<\/a><\/p>\n<h2><span class=\"ez-toc-section\" id=\"E_M_S_Cargo_Ltd\"><\/span>E M S Cargo Ltd<span class=\"ez-toc-section-end\"><\/span><\/h2>\n<p><img decoding=\"async\" src=\"https:\/\/moverdb.com\/wp-content\/uploads\/thumbnailpanoid7NtfghzoYVSs7rogPVJUTAcb_clientsearch.gws-prod.gpsw408h240yaw196.jpg\" alt='E M S Cargo Ltd' class=\"aligncenter\"><\/p>\n<p><strong>Opis firmy: <\/strong>Brak danych<\/p>\n<p><strong>Us\u0142ugi dodatkowe:<\/strong><\/p>\n<p>Brak na li\u015bcie<\/p>\n<p><strong>Adres:<\/strong> Ashford House, 41-45 Church Rd, Ashford TW15 2TQ<\/p>\n<p><a href=\"https:\/\/www.ems-cargo.co.uk\/\" target=\"_new\" rel=\"noopener\">Strona internetowa E M S Cargo Ltd<\/a><\/p>\n<p><strong>Wynik recenzji: <\/strong>4<br \/> <strong>Liczba recenzji:<\/strong> 1<br \/><a href=\"https:\/\/www.google.co.uk\/maps?cid=7899510178891633001&#038;hl=en&#038;gl=GB\" target=\"_new\" rel=\"noopener\">Przeczytaj recenzje<\/a><\/p>\n<h2><span class=\"ez-toc-section\" id=\"Moonbridge_Air_Project_Services_Ltd\"><\/span>Moonbridge Air &amp; Project Services Ltd<span class=\"ez-toc-section-end\"><\/span><\/h2>\n<p><img decoding=\"async\" src=\"https:\/\/moverdb.com\/wp-content\/uploads\/thumbnailpanoidd-5tlTL16SC9zsRxLbJZAwcb_clientsearch.gws-prod.gpsw408h240yaw269.jpg\" alt='Moonbridge Air &amp; Project Services Ltd' class=\"aligncenter\"><\/p>\n<p><strong>Opis firmy: <\/strong>Brak danych<\/p>\n<p><strong>Us\u0142ugi dodatkowe:<\/strong><\/p>\n<p>Us\u0142uga kurierska<\/p>\n<p>Dostawca<\/p>\n<p>Magazyn<\/p>\n<p><strong>Adres:<\/strong> 304 Challenge Rd, Feltham, Ashford TW15 1AX<\/p>\n<p><a href=\"http:\/\/www.moonbridge.co.uk\/\" target=\"_new\" rel=\"noopener\">Strona internetowa Moonbridge Air &amp; Project Services Ltd<\/a><\/p>\n<p><strong>Wynik recenzji: <\/strong>4<br \/> <strong>Liczba recenzji:<\/strong> 1<br \/><a href=\"https:\/\/www.google.co.uk\/maps?cid=14440356351156623702&#038;hl=en&#038;gl=GB\" target=\"_new\" rel=\"noopener\">Przeczytaj recenzje<\/a><\/p>\n<h2><span class=\"ez-toc-section\" id=\"S-Logibis_UK_Ltd\"><\/span>S-Logibis UK Ltd<span class=\"ez-toc-section-end\"><\/span><\/h2>\n<p><img decoding=\"async\" src=\"https:\/\/moverdb.com\/wp-content\/uploads\/AF1QipOTDxMw1-hGpG44HoKGWL8P5r8UM0WuRNCHeQhMw426-h240-k-no.jpg\" alt='S-Logibis UK Ltd' class=\"aligncenter\"><\/p>\n<p><strong>Opis firmy: <\/strong>Brak danych<\/p>\n<p><strong>Us\u0142ugi dodatkowe:<\/strong><\/p>\n<p>Brak na li\u015bcie<\/p>\n<p><strong>Adres:<\/strong> Unit 201 Challenge Rd, Feltham, Ashford TW15 1AX<\/p>\n<p><a href=\"https:\/\/s-logibis.co.uk\/contents.php?category=10&#038;code=1004\" target=\"_new\" rel=\"noopener\">Strona internetowa S-Logibis UK Ltd<\/a><\/p>\n<p><strong>Wynik recenzji: <\/strong>4.4<br \/> <strong>Liczba recenzji:<\/strong> 5<br \/><a href=\"https:\/\/www.google.co.uk\/maps?cid=6835984102190395091&#038;hl=en&#038;gl=GB\" target=\"_new\" rel=\"noopener\">Przeczytaj recenzje<\/a><\/p>\n<h2><span class=\"ez-toc-section\" id=\"Freedom_Logistics_International_Ltd\"><\/span>Freedom Logistics International Ltd<span class=\"ez-toc-section-end\"><\/span><\/h2>\n<p><img decoding=\"async\" src=\"https:\/\/moverdb.com\/wp-content\/uploads\/thumbnailpanoidH3zz5a7r1p-R4G5aFS56pwcb_clientsearch.gws-prod.gpsw408h240yaw98.jpg\" alt='Freedom Logistics International Ltd' class=\"aligncenter\"><\/p>\n<p><strong>Opis firmy: <\/strong>Brak danych<\/p>\n<p><strong>Us\u0142ugi dodatkowe:<\/strong><\/p>\n<p>Us\u0142uga planowania wydarze\u0144<\/p>\n<p>Us\u0142uga logistyczna<\/p>\n<p>Us\u0142uga transportu ch\u0142odniczego<\/p>\n<p>Magazyn<\/p>\n<p><strong>Adres:<\/strong> Unit 204, Bedfont Industrial Park, Challenge Rd, Ashford TW15 1AX<\/p>\n<p><a href=\"http:\/\/www.freedomlogisticsuk.co.uk\/\" target=\"_new\" rel=\"noopener\">Strona internetowa Freedom Logistics International Ltd<\/a><\/p>\n<p><strong>Wynik recenzji: <\/strong>4.6<br \/> <strong>Liczba recenzji:<\/strong> 10<br \/><a href=\"https:\/\/www.google.co.uk\/maps?cid=17066085133262224157&#038;hl=en&#038;gl=GB\" target=\"_new\" rel=\"noopener\">Przeczytaj recenzje<\/a><\/p>\n<h2><span class=\"ez-toc-section\" id=\"Allfreight_Packing_Services\"><\/span>Us\u0142ugi pakowania Allfreight<span class=\"ez-toc-section-end\"><\/span><\/h2>\n<p><img decoding=\"async\" src=\"https:\/\/moverdb.com\/wp-content\/uploads\/AF1QipOyI1N28LrVGYHJP56hFnzcvncZq5mCd6_ny2fxw408-h301-k-no.png\" alt='Us\u0142ugi pakowania Allfreight' class=\"aligncenter\"><\/p>\n<p><strong>Opis firmy: <\/strong>Brak danych<\/p>\n<p><strong>Us\u0142ugi dodatkowe:<\/strong><\/p>\n<p>Brak na li\u015bcie<\/p>\n<p><strong>Adres:<\/strong> Unit 11, Ashford Business Complex, 166 Feltham Rd, Shepperton, Ashford TW15 1YQ<\/p>\n<p><a href=\"http:\/\/www.all-freightpacking.co.uk\/\" target=\"_new\" rel=\"noopener\">Strona internetowa Allfreight Packing Services<\/a><\/p>\n<p><strong>Wynik recenzji: <\/strong>4.5<br \/> <strong>Liczba recenzji:<\/strong> 19<br \/><a href=\"https:\/\/www.google.co.uk\/maps?cid=11733537550063034568&#038;hl=en&#038;gl=GB\" target=\"_new\" rel=\"noopener\">Przeczytaj recenzje<\/a><\/p>\n<h2><span class=\"ez-toc-section\" id=\"Velta_International_Air_Freight_Office\"><\/span>Mi\u0119dzynarodowe biuro frachtu lotniczego Velta<span class=\"ez-toc-section-end\"><\/span><\/h2>\n<p><img decoding=\"async\" src=\"https:\/\/moverdb.com\/wp-content\/uploads\/thumbnailpanoidH3zz5a7r1p-R4G5aFS56pwcb_clientsearch.gws-prod.gpsw408h240yaw102.jpg\" alt='Mi\u0119dzynarodowe biuro frachtu lotniczego Velta' class=\"aligncenter\"><\/p>\n<p><strong>Opis firmy: <\/strong>Brak danych<\/p>\n<p><strong>Us\u0142ugi dodatkowe:<\/strong><\/p>\n<p>Brak na li\u015bcie<\/p>\n<p><strong>Adres:<\/strong> Budynek 202, Bedfont Industrial Park North, Challenge Rd, Ashford TW15 1AX<\/p>\n<p><a href=\"http:\/\/www.velta.co.uk\/\" target=\"_new\" rel=\"noopener\">Strona internetowa mi\u0119dzynarodowego biura frachtu lotniczego Velta<\/a><\/p>\n<p><strong>Wynik recenzji: <\/strong>5<br \/> <strong>Liczba recenzji:<\/strong> 2<br \/><a href=\"https:\/\/www.google.co.uk\/maps?cid=13870450745036940580&#038;hl=en&#038;gl=GB\" target=\"_new\" rel=\"noopener\">Przeczytaj recenzje<\/a><\/p>\n<h2><span class=\"ez-toc-section\" id=\"EasyLift_Freight_Solutions\"><\/span>EasyLift Freight Solutions<span class=\"ez-toc-section-end\"><\/span><\/h2>\n<p><img decoding=\"async\" src=\"https:\/\/moverdb.com\/wp-content\/uploads\/AF1QipNoTFk2reRz4itzxpVwuzSmMHMIDP0X-M9yAK_Uw408-h544-k-no.jpg\" alt='EasyLift Freight Solutions' class=\"aligncenter\"><\/p>\n<p><strong>Opis firmy: <\/strong>Brak danych<\/p>\n<p><strong>Us\u0142ugi dodatkowe:<\/strong><\/p>\n<p>Us\u0142uga dystrybucji<\/p>\n<p>Magazyn samoobs\u0142ugowy<\/p>\n<p><strong>Adres:<\/strong> Ashford TN24 8DH<\/p>\n<p><a href=\"https:\/\/easylift.info\/\" target=\"_new\" rel=\"noopener\">Strona internetowa EasyLift Freight Solutions<\/a><\/p>\n<p><strong>Wynik recenzji: <\/strong>4.8<br \/> <strong>Liczba recenzji:<\/strong> 12<br \/><a href=\"https:\/\/www.google.co.uk\/maps?cid=950958352833815491&#038;hl=en&#038;gl=GB\" target=\"_new\" rel=\"noopener\">Przeczytaj recenzje<\/a><\/p>\n<h2><span class=\"ez-toc-section\" id=\"NTS_International_Express_Ltd\"><\/span>NTS International Express Ltd<span class=\"ez-toc-section-end\"><\/span><\/h2>\n<p><img decoding=\"async\" src=\"https:\/\/moverdb.com\/wp-content\/uploads\/AF1QipMMDXPy6pvHsu76FfdjUDwqP6jdAn79G66Tg41Zw408-h273-k-no.jpg\" alt='NTS International Express Ltd' class=\"aligncenter\"><\/p>\n<p><strong>Opis firmy: <\/strong>Specjali\u015bci od <a href=\"https:\/\/moverdb.com\/pl\/moving-to-the-uk\/\" data-internallinksmanager029f6b8e52c=\"93\" title=\"Przeprowadzasz si\u0119 do Wielkiej Brytanii? 2026 Koszty \u017cycia i wskaz\u00f3wki dotycz\u0105ce przeprowadzki\">UK<\/a> &amp; Europejski transport ekspresowy<\/p>\n<p><strong>Us\u0142ugi dodatkowe:<\/strong><\/p>\n<p>Us\u0142uga kurierska<\/p>\n<p>Us\u0142ugi transportowe<\/p>\n<p>Firma transportowa<\/p>\n<p><strong>Adres:<\/strong> 3 Capel Cl, Leacon Rd, Ashford TN23 4GY<\/p>\n<p><a href=\"http:\/\/www.nts-express.co.uk\/\" target=\"_new\" rel=\"noopener\">Strona internetowa NTS International Express Ltd<\/a><\/p>\n<p><strong>Wynik recenzji: <\/strong>4.7<br \/> <strong>Liczba recenzji:<\/strong> 30<br \/><a href=\"https:\/\/www.google.co.uk\/maps?cid=18209474387153204652&#038;hl=en&#038;gl=GB\" target=\"_new\" rel=\"noopener\">Przeczytaj recenzje<\/a><\/p>\n<h2><span class=\"ez-toc-section\" id=\"Chas_Mortimer\"><\/span>Chas Mortimer<span class=\"ez-toc-section-end\"><\/span><\/h2>\n<p><img decoding=\"async\" src=\"https:\/\/moverdb.com\/wp-content\/uploads\/thumbnailpanoid4AZ2ZR0VKsME0G27IC11lQcb_clientsearch.gws-prod.gpsw408h240yaw18.jpg\" alt='Chas Mortimer' class=\"aligncenter\"><\/p>\n<p><strong>Opis firmy: <\/strong>Brak danych<\/p>\n<p><strong>Us\u0142ugi dodatkowe:<\/strong><\/p>\n<p>Brak na li\u015bcie<\/p>\n<p><strong>Adres:<\/strong> Charing Hill, Charing, Ashford TN27 0NL<\/p>\n<p><a href=\"http:\/\/www.chasmortimer.co.uk\/\" target=\"_new\" rel=\"noopener\">Strona internetowa Chasa Mortimera<\/a><\/p>\n<p><strong>Wynik recenzji: <\/strong>4.5<br \/> <strong>Liczba recenzji:<\/strong> 13<br \/><a href=\"https:\/\/www.google.co.uk\/maps?cid=6374741749147290751&#038;hl=en&#038;gl=GB\" target=\"_new\" rel=\"noopener\">Przeczytaj recenzje<\/a><\/p>\n<h2><span class=\"ez-toc-section\" id=\"The_Custom_House_Transit\"><\/span>The Custom House (Transit)<span class=\"ez-toc-section-end\"><\/span><\/h2>\n<p><img decoding=\"async\" src=\"https:\/\/moverdb.com\/wp-content\/uploads\/AF1QipPoSxMCWeMcNFCXVcSmFvJEvFjuUTNYjg_e4OC_w426-h240-k-no.jpg\" alt='The Custom House (Transit)' class=\"aligncenter\"><\/p>\n<p><strong>Opis firmy: <\/strong>The Custom House to niezale\u017cny agent celny (po\u015brednik celny) z siedzib\u0105 w Sevington niedaleko Ashford w hrabstwie Kent.<\/p>\n<p> Znajdujemy si\u0119 w g\u0142\u00f3wnym \u015br\u00f3dl\u0105dowym punkcie kontroli granicznej Border Force, jego g\u0142\u00f3wnym centrum w zwi\u0105zku z handlem mi\u0119dzy Wielk\u0105 Brytani\u0105 a Europ\u0105 kontynentaln\u0105.<\/p>\n<p>U\u0142atwiamy import, eksport i tranzyt przez ca\u0142\u0105 Wielk\u0105 Brytani\u0119. <a href=\"https:\/\/moverdb.com\/pl\/top-49-container-ports\/\" data-internallinksmanager029f6b8e52c=\"80\" title=\"49 najwi\u0119kszych i najbardziej ruchliwych port\u00f3w kontenerowych w 2025 r.\">porty<\/a>ale specjalizuje si\u0119 w handlu przechodz\u0105cym przez port Dover i tunel pod kana\u0142em La Manche.<\/p>\n<p><strong>Us\u0142ugi dodatkowe:<\/strong><\/p>\n<p>Biuro korporacyjne<\/p>\n<p><strong>Adres:<\/strong> Unit 21, Arrowhead Road Waterbrook, Park, Ashford TN24 0FL<\/p>\n<p><a href=\"http:\/\/www.thecustomhouse.co.uk\/\" target=\"_new\" rel=\"noopener\">Strona internetowa Custom House (Transit)<\/a><\/p>\n<p><strong>Wynik recenzji: <\/strong>4.4<br \/> <strong>Liczba recenzji:<\/strong> 30<br \/><a href=\"https:\/\/www.google.co.uk\/maps?cid=13081807234282010606&#038;hl=en&#038;gl=GB\" target=\"_new\" rel=\"noopener\">Przeczytaj recenzje<\/a><\/p>\n<h2><span class=\"ez-toc-section\" id=\"How_we_picked_the_best_Ashford_Freight_Forwarding_Companies\"><\/span>Jak wybrali\u015bmy najlepsze firmy spedycyjne w Ashford?<span class=\"ez-toc-section-end\"><\/span><\/h2>\n<p>Zacz\u0119li\u015bmy od zbioru danych 18 firm spedycyjnych Ashford, kt\u00f3re mogli\u015bmy znale\u017a\u0107 za po\u015brednictwem Google Maps i zaw\u0119zili\u015bmy go do 12 najlepszych.<\/p>\n<p>W tym celu usun\u0119li\u015bmy wszystkie firmy, kt\u00f3re<\/p>\n<ul>\n<li> Brak strony internetowej<\/li>\n<li> Brak recenzji<\/li>\n<li> \u015arednia ocena recenzji poni\u017cej 2,0<\/li>\n<\/ul>\n<p>W tym momencie, je\u015bli mieli\u015bmy 17 lub mniej spedytor\u00f3w, wymienili\u015bmy ich wszystkich.<\/p>\n<p>W przypadku miast, w kt\u00f3rych pozosta\u0142o wi\u0119cej ni\u017c 17 spedytor\u00f3w, dokonali\u015bmy dalszych zmian, zwi\u0119kszaj\u0105c wymagan\u0105 ocen\u0119 recenzji (np. z minimum 2,0 do 4,0) i\/lub zwi\u0119kszaj\u0105c minimaln\u0105 liczb\u0119 wymaganych recenzji (np. z co najmniej 1 recenzji do co najmniej 10).<\/p>\n<p>Nale\u017cy pami\u0119ta\u0107, \u017ce wykorzystali\u015bmy tylko dane z Google Maps, a nie z innych witryn internetowych.<\/p>\n<p>Wi\u0119cej miast:<\/p>\n<p><a href=\"https:\/\/moverdb.com\/pl\/spedytor\/freight-forwarding-uk\/egham-freight-forwarder\/\">Spedytor Egham<\/a><br \/><a href=\"https:\/\/moverdb.com\/pl\/spedytor\/freight-forwarding-uk\/leeds-freight-forwarder\/\">Spedytor z Leeds<\/a><br \/><a href=\"https:\/\/moverdb.com\/pl\/spedytor\/freight-forwarding-uk\/belfast-freight-forwarder\/\">Spedytor z Belfastu<\/a><br \/><a href=\"https:\/\/moverdb.com\/pl\/spedytor\/freight-forwarding-uk\/hayes-freight-forwarder\/\">Hayes Freight Forwarder<\/a><br \/><a href=\"https:\/\/moverdb.com\/pl\/spedytor\/freight-forwarding-uk\/bradford-freight-forwarder\/\">Spedytor Bradford<\/a><\/p>","protected":false},"excerpt":{"rendered":"<p>Below we look at the 12 &#8220;best&#8221; Freight Forwarding companies in Ashford out of 18. To learn more about how we chose the best please consult our FAQ section at the end. Please not the following listings are in no particular order and we are not making any recommendations for any particular company. Rock-it Global [&hellip;]<\/p>\n","protected":false},"author":1,"featured_media":0,"parent":13427,"menu_order":0,"comment_status":"open","ping_status":"open","template":"","meta":{"_genesis_hide_title":false,"_genesis_hide_breadcrumbs":false,"_genesis_hide_singular_image":false,"_genesis_hide_footer_widgets":false,"_genesis_custom_body_class":"","_genesis_custom_post_class":"","_genesis_layout":"","footnotes":""},"class_list":{"0":"post-13667","1":"page","2":"type-page","3":"status-publish","5":"entry"},"_links":{"self":[{"href":"https:\/\/moverdb.com\/pl\/wp-json\/wp\/v2\/pages\/13667","targetHints":{"allow":["GET"]}}],"collection":[{"href":"https:\/\/moverdb.com\/pl\/wp-json\/wp\/v2\/pages"}],"about":[{"href":"https:\/\/moverdb.com\/pl\/wp-json\/wp\/v2\/types\/page"}],"author":[{"embeddable":true,"href":"https:\/\/moverdb.com\/pl\/wp-json\/wp\/v2\/users\/1"}],"replies":[{"embeddable":true,"href":"https:\/\/moverdb.com\/pl\/wp-json\/wp\/v2\/comments?post=13667"}],"version-history":[{"count":1,"href":"https:\/\/moverdb.com\/pl\/wp-json\/wp\/v2\/pages\/13667\/revisions"}],"predecessor-version":[{"id":15685,"href":"https:\/\/moverdb.com\/pl\/wp-json\/wp\/v2\/pages\/13667\/revisions\/15685"}],"up":[{"embeddable":true,"href":"https:\/\/moverdb.com\/pl\/wp-json\/wp\/v2\/pages\/13427"}],"wp:attachment":[{"href":"https:\/\/moverdb.com\/pl\/wp-json\/wp\/v2\/media?parent=13667"}],"curies":[{"name":"wp","href":"https:\/\/api.w.org\/{rel}","templated":true}]}}