{"id":13628,"date":"2023-11-08T15:51:25","date_gmt":"2023-11-08T15:51:25","guid":{"rendered":"https:\/\/moverdb.com\/freight-forwarder\/freight-forwarding-uk\/bristol-freight-forwarder\/"},"modified":"2026-01-08T14:55:35","modified_gmt":"2026-01-08T14:55:35","slug":"bristol-freight-forwarder","status":"publish","type":"page","link":"https:\/\/moverdb.com\/pl\/freight-forwarder\/freight-forwarding-uk\/bristol-freight-forwarder\/","title":{"rendered":"14 najlepszych firm spedycyjnych w Bristolu (2024)"},"content":{"rendered":"<p>Poni\u017cej przyjrzymy si\u0119 14 <em>\"najlepszy\"<\/em> Firmy spedycyjne w <a href=\"\" data-internallinksmanager029f6b8e52c=\"36\" title=\"Bristol\">Bristol<\/a> z 27.<\/p>\n<p>Aby dowiedzie\u0107 si\u0119 wi\u0119cej o tym, jak wybrali\u015bmy najlepszych, zapoznaj si\u0119 z nasz\u0105 sekcj\u0105 FAQ na ko\u0144cu.<\/p>\n<p><em>Nale\u017cy pami\u0119ta\u0107, \u017ce poni\u017csze listy nie s\u0105 u\u0142o\u017cone w okre\u015blonej kolejno\u015bci i nie rekomendujemy \u017cadnej konkretnej firmy.<\/em><\/p>\n<div id=\"ez-toc-container\" class=\"ez-toc-v2_0_82_2 ez-toc-wrap-left counter-hierarchy ez-toc-counter ez-toc-transparent ez-toc-container-direction\">\n<div class=\"ez-toc-title-container\">\n<p class=\"ez-toc-title\" style=\"cursor:inherit\">Sekcje<\/p>\n<span class=\"ez-toc-title-toggle\"><a href=\"#\" class=\"ez-toc-pull-right ez-toc-btn ez-toc-btn-xs ez-toc-btn-default ez-toc-toggle\" aria-label=\"Prze\u0142\u0105cznik Spisu Tre\u015bci\"><span class=\"ez-toc-js-icon-con\"><span class=\"\"><span class=\"eztoc-hide\" style=\"display:none;\">Toggle<\/span><span class=\"ez-toc-icon-toggle-span\"><svg style=\"fill: #999;color:#999\" xmlns=\"http:\/\/www.w3.org\/2000\/svg\" class=\"list-377408\" width=\"20px\" height=\"20px\" viewbox=\"0 0 24 24\" fill=\"none\"><path d=\"M6 6H4v2h2V6zm14 0H8v2h12V6zM4 11h2v2H4v-2zm16 0H8v2h12v-2zM4 16h2v2H4v-2zm16 0H8v2h12v-2z\" fill=\"currentColor\"><\/path><\/svg><svg style=\"fill: #999;color:#999\" class=\"arrow-unsorted-368013\" xmlns=\"http:\/\/www.w3.org\/2000\/svg\" width=\"10px\" height=\"10px\" viewbox=\"0 0 24 24\" version=\"1.2\" baseprofile=\"tiny\"><path d=\"M18.2 9.3l-6.2-6.3-6.2 6.3c-.2.2-.3.4-.3.7s.1.5.3.7c.2.2.4.3.7.3h11c.3 0 .5-.1.7-.3.2-.2.3-.5.3-.7s-.1-.5-.3-.7zM5.8 14.7l6.2 6.3 6.2-6.3c.2-.2.3-.5.3-.7s-.1-.5-.3-.7c-.2-.2-.4-.3-.7-.3h-11c-.3 0-.5.1-.7.3-.2.2-.3.5-.3.7s.1.5.3.7z\"\/><\/svg><\/span><\/span><\/span><\/a><\/span><\/div>\n<nav><ul class='ez-toc-list ez-toc-list-level-1 eztoc-toggle-hide-by-default' ><li class='ez-toc-page-1 ez-toc-heading-level-2'><a class=\"ez-toc-link ez-toc-heading-1\" href=\"https:\/\/moverdb.com\/pl\/freight-forwarder\/freight-forwarding-uk\/bristol-freight-forwarder\/#FORWARDER_magazine\" >Magazyn FORWARDER<\/a><\/li><li class='ez-toc-page-1 ez-toc-heading-level-2'><a class=\"ez-toc-link ez-toc-heading-2\" href=\"https:\/\/moverdb.com\/pl\/freight-forwarder\/freight-forwarding-uk\/bristol-freight-forwarder\/#DB_Schenker\" >DB Schenker<\/a><\/li><li class='ez-toc-page-1 ez-toc-heading-level-2'><a class=\"ez-toc-link ez-toc-heading-3\" href=\"https:\/\/moverdb.com\/pl\/freight-forwarder\/freight-forwarding-uk\/bristol-freight-forwarder\/#Linking_Freight_Ltd\" >Linking Freight Ltd<\/a><\/li><li class='ez-toc-page-1 ez-toc-heading-level-2'><a class=\"ez-toc-link ez-toc-heading-4\" href=\"https:\/\/moverdb.com\/pl\/freight-forwarder\/freight-forwarding-uk\/bristol-freight-forwarder\/#Davies_Turner_Co_Ltd\" >Davies Turner &amp; Co Ltd<\/a><\/li><li class='ez-toc-page-1 ez-toc-heading-level-2'><a class=\"ez-toc-link ez-toc-heading-5\" href=\"https:\/\/moverdb.com\/pl\/freight-forwarder\/freight-forwarding-uk\/bristol-freight-forwarder\/#Radius_Warehouse_Logistic_Services\" >Us\u0142ugi magazynowe i logistyczne Radius<\/a><\/li><li class='ez-toc-page-1 ez-toc-heading-level-2'><a class=\"ez-toc-link ez-toc-heading-6\" href=\"https:\/\/moverdb.com\/pl\/freight-forwarder\/freight-forwarding-uk\/bristol-freight-forwarder\/#Expeditors\" >Ekspedytorzy<\/a><\/li><li class='ez-toc-page-1 ez-toc-heading-level-2'><a class=\"ez-toc-link ez-toc-heading-7\" href=\"https:\/\/moverdb.com\/pl\/freight-forwarder\/freight-forwarding-uk\/bristol-freight-forwarder\/#AGI_Global_Logistics_Ltd_Bristol\" >AGI Global Logistics Ltd Bristol<\/a><\/li><li class='ez-toc-page-1 ez-toc-heading-level-2'><a class=\"ez-toc-link ez-toc-heading-8\" href=\"https:\/\/moverdb.com\/pl\/freight-forwarder\/freight-forwarding-uk\/bristol-freight-forwarder\/#Concordia_International_Forwarding_Ltd\" >Concordia International Forwarding Ltd<\/a><\/li><li class='ez-toc-page-1 ez-toc-heading-level-2'><a class=\"ez-toc-link ez-toc-heading-9\" href=\"https:\/\/moverdb.com\/pl\/freight-forwarder\/freight-forwarding-uk\/bristol-freight-forwarder\/#RSJ_International_Freight_Services_Ltd\" >RSJ International Freight Services Ltd<\/a><\/li><li class='ez-toc-page-1 ez-toc-heading-level-2'><a class=\"ez-toc-link ez-toc-heading-10\" href=\"https:\/\/moverdb.com\/pl\/freight-forwarder\/freight-forwarding-uk\/bristol-freight-forwarder\/#Brunel_Shipping_Liner_Services\" >Brunel Shipping &amp; Liner Services<\/a><\/li><li class='ez-toc-page-1 ez-toc-heading-level-2'><a class=\"ez-toc-link ez-toc-heading-11\" href=\"https:\/\/moverdb.com\/pl\/freight-forwarder\/freight-forwarding-uk\/bristol-freight-forwarder\/#Gefco_Forwarding\" >Gefco Forwarding<\/a><\/li><li class='ez-toc-page-1 ez-toc-heading-level-2'><a class=\"ez-toc-link ez-toc-heading-12\" href=\"https:\/\/moverdb.com\/pl\/freight-forwarder\/freight-forwarding-uk\/bristol-freight-forwarder\/#Darabant_Ltd\" >Darabant Ltd.<\/a><\/li><li class='ez-toc-page-1 ez-toc-heading-level-2'><a class=\"ez-toc-link ez-toc-heading-13\" href=\"https:\/\/moverdb.com\/pl\/freight-forwarder\/freight-forwarding-uk\/bristol-freight-forwarder\/#Plexus_Freight_Ltd\" >Plexus Freight Ltd<\/a><\/li><li class='ez-toc-page-1 ez-toc-heading-level-2'><a class=\"ez-toc-link ez-toc-heading-14\" href=\"https:\/\/moverdb.com\/pl\/freight-forwarder\/freight-forwarding-uk\/bristol-freight-forwarder\/#DHL_Freight\" >DHL Freight<\/a><\/li><li class='ez-toc-page-1 ez-toc-heading-level-2'><a class=\"ez-toc-link ez-toc-heading-15\" href=\"https:\/\/moverdb.com\/pl\/freight-forwarder\/freight-forwarding-uk\/bristol-freight-forwarder\/#How_we_picked_the_best_Bristol_Freight_Forwarding_Companies\" >Jak wybrali\u015bmy najlepsze firmy spedycyjne w Bristolu?<\/a><\/li><\/ul><\/nav><\/div>\n<h2><span class=\"ez-toc-section\" id=\"FORWARDER_magazine\"><\/span>Magazyn FORWARDER<span class=\"ez-toc-section-end\"><\/span><\/h2>\n<p><img decoding=\"async\" src=\"https:\/\/moverdb.com\/wp-content\/uploads\/thumbnailpanoidXnayB0vNGYwDOjO81WZBMwcb_clientsearch.gws-prod.gpsw408h240yaw139.jpg\" alt='Magazyn FORWARDER' class=\"aligncenter\"><\/p>\n<p><strong>Opis firmy: <\/strong>Najwa\u017cniejsze w bran\u017cy \u017ar\u00f3d\u0142o wiadomo\u015bci, informacji i spostrze\u017ce\u0144 dotycz\u0105cych logistyki, transportu i spedycji.<\/p>\n<p> Wysy\u0142ka do <a href=\"https:\/\/moverdb.com\/pl\/moving-to-china\/\" data-internallinksmanager029f6b8e52c=\"357\" title=\"Przeprowadzka do Chin? Koszty \u017cycia i wskaz\u00f3wki dotycz\u0105ce relokacji w 2023 r.\">Chiny<\/a>? Wdro\u017cenie systemu bezpiecze\u0144stwa magazynu? Rozwa\u017casz systemy zarz\u0105dzania \u0142a\u0144cuchem dostaw lub transportem? Od opinii ekspert\u00f3w po wiedz\u0119 na temat poszczeg\u00f3lnych bran\u017c - zapewniamy wszystko, czego potrzebujesz, aby dobrze prosperowa\u0107 w \u015bwiecie frachtu.<\/p>\n<p><strong>Us\u0142ugi dodatkowe:<\/strong><\/p>\n<p>Brak na li\u015bcie<\/p>\n<p><strong>Adres:<\/strong> Unit 8, Apex Court Woodlands, Bradley Stoke, Bristol BS32 4JT<\/p>\n<p><a href=\"https:\/\/forwardermagazine.com\/\" target=\"_new\" rel=\"noopener\">Strona internetowa magazynu FORWARDER<\/a><\/p>\n<p><strong>Wynik recenzji: <\/strong>5<br \/> <strong>Liczba recenzji:<\/strong> 4<br \/><a href=\"https:\/\/www.google.co.uk\/maps?cid=9896521538394941101&#038;hl=en&#038;gl=GB\" target=\"_new\" rel=\"noopener\">Przeczytaj recenzje<\/a><\/p>\n<h2><span class=\"ez-toc-section\" id=\"DB_Schenker\"><\/span>DB Schenker<span class=\"ez-toc-section-end\"><\/span><\/h2>\n<p><img decoding=\"async\" src=\"https:\/\/moverdb.com\/wp-content\/uploads\/AF1QipM28Skl7HYpCo-qYIRjMJr04QEHbn4T2eKx09jbw408-h725-k-no.jpg\" alt='DB Schenker' class=\"aligncenter\"><\/p>\n<p><strong>Opis firmy: <\/strong>Brak danych<\/p>\n<p><strong>Us\u0142ugi dodatkowe:<\/strong><\/p>\n<p>Dostawca<\/p>\n<p><strong>Adres:<\/strong> Unit 21 Boundary Rd, Avonmouth, Bristol BS11 8AZ<\/p>\n<p><a href=\"http:\/\/www.dbschenker.com\/uk\" target=\"_new\" rel=\"noopener\">Strona internetowa DB Schenker<\/a><\/p>\n<p><strong>Wynik recenzji: <\/strong>4.3<br \/> <strong>Liczba recenzji:<\/strong> 6<br \/><a href=\"https:\/\/www.google.co.uk\/maps?cid=17260293302335849592&#038;hl=en&#038;gl=GB\" target=\"_new\" rel=\"noopener\">Przeczytaj recenzje<\/a><\/p>\n<h2><span class=\"ez-toc-section\" id=\"Linking_Freight_Ltd\"><\/span>Linking Freight Ltd<span class=\"ez-toc-section-end\"><\/span><\/h2>\n<p><img decoding=\"async\" src=\"https:\/\/moverdb.com\/wp-content\/uploads\/thumbnailpanoidrKQx2dmMDlH6FYkF73yz6Qcb_clientsearch.gws-prod.gpsw408h240yaw4.jpg\" alt='Linking Freight Ltd' class=\"aligncenter\"><\/p>\n<p><strong>Opis firmy: <\/strong>Jeste\u015bmy niezale\u017cn\u0105 firm\u0105 brokersk\u0105 z biurami w Londynie i Bristolu.<\/p>\n<p> Dysponuj\u0105c agentami na ca\u0142ym \u015bwiecie oraz do\u015bwiadczonym i kreatywnym zespo\u0142em, do\u0142o\u017cymy wszelkich stara\u0144, aby zadba\u0107 o Tw\u00f3j \u0142adunek i dostarczy\u0107 go do miejsca docelowego.<\/p>\n<p><strong>Us\u0142ugi dodatkowe:<\/strong><\/p>\n<p>Brak na li\u015bcie<\/p>\n<p><strong>Adres:<\/strong> Newminster House, 27-29 Baldwin St, Bristol BS1 1LT<\/p>\n<p><a href=\"http:\/\/linkingfreight.co.uk\/\" target=\"_new\" rel=\"noopener\">Strona internetowa Linking Freight Ltd<\/a><\/p>\n<p><strong>Wynik recenzji: <\/strong>5<br \/> <strong>Liczba recenzji:<\/strong> 1<br \/><a href=\"https:\/\/www.google.co.uk\/maps?cid=2853978746773574793&#038;hl=en&#038;gl=GB\" target=\"_new\" rel=\"noopener\">Przeczytaj recenzje<\/a><\/p>\n<h2><span class=\"ez-toc-section\" id=\"Davies_Turner_Co_Ltd\"><\/span>Davies Turner &amp; Co Ltd<span class=\"ez-toc-section-end\"><\/span><\/h2>\n<p><img decoding=\"async\" src=\"https:\/\/moverdb.com\/wp-content\/uploads\/AF1QipO9Kxl3JQMV7ICSFnsyfYhNfEIpfv5DyJ0rbcuyw672-h240-k-no.jpg\" alt='Davies Turner &amp; Co Ltd' class=\"aligncenter\"><\/p>\n<p><strong>Opis firmy: <\/strong>Celem Davies Turner jest zapewnienie kompleksowego rozwi\u0105zania w zakresie \u0142a\u0144cucha dostaw.<\/p>\n<p> Nasza rozleg\u0142a mi\u0119dzynarodowa sie\u0107 zapewnia niezr\u00f3wnane mo\u017cliwo\u015bci, oferuj\u0105c us\u0142ugi spedycji lotniczej, logistycznej, morskiej i drogowej.<\/p>\n<p> Utrzymujemy r\u00f3wnie\u017c rozleg\u0142y, zaawansowany system magazynowania w ca\u0142ym kraju. <a href=\"https:\/\/moverdb.com\/pl\/moving-to-the-uk\/\" data-internallinksmanager029f6b8e52c=\"93\" title=\"Przeprowadzasz si\u0119 do Wielkiej Brytanii? 2026 Koszty \u017cycia i wskaz\u00f3wki dotycz\u0105ce przeprowadzki\">UK<\/a>wraz z zaawansowanymi systemami zarz\u0105dzania magazynem i wewn\u0119trznymi urz\u0105dzeniami do odprawy celnej<\/p>\n<p><strong>Us\u0142ugi dodatkowe:<\/strong><\/p>\n<p>Us\u0142uga dystrybucji<\/p>\n<p>Firma importowo-eksportowa<\/p>\n<p>Us\u0142uga logistyczna<\/p>\n<p>Dostawca<\/p>\n<p><strong>Adres:<\/strong> Western Freight Terminal, Fifth Way, Avonmouth, Bristol BS11 8DT<\/p>\n<p><a href=\"http:\/\/www.daviesturner.com\/\" target=\"_new\" rel=\"noopener\">Strona internetowa Davies Turner &amp; Co Ltd<\/a><\/p>\n<p><strong>Wynik recenzji: <\/strong>4.1<br \/> <strong>Liczba recenzji:<\/strong> 139<br \/><a href=\"https:\/\/www.google.co.uk\/maps?cid=17357679786342511168&#038;hl=en&#038;gl=GB\" target=\"_new\" rel=\"noopener\">Przeczytaj recenzje<\/a><\/p>\n<h2><span class=\"ez-toc-section\" id=\"Radius_Warehouse_Logistic_Services\"><\/span>Us\u0142ugi magazynowe i logistyczne Radius<span class=\"ez-toc-section-end\"><\/span><\/h2>\n<p><img decoding=\"async\" src=\"https:\/\/moverdb.com\/wp-content\/uploads\/AF1QipMqx74W-qAyrRnmcpiO8UUP6i8Qtz-VgBDfmEow426-h240-k-no.jpg\" alt='Us\u0142ugi magazynowe i logistyczne Radius' class=\"aligncenter\"><\/p>\n<p><strong>Opis firmy: <\/strong>Brak danych<\/p>\n<p><strong>Us\u0142ugi dodatkowe:<\/strong><\/p>\n<p>Us\u0142uga handlu elektronicznego<\/p>\n<p>Magazyn<\/p>\n<p><strong>Adres:<\/strong> Unit 3, Portside Park, Kings Weston Ln, Avonmouth, Bristol BS11 8AR<\/p>\n<p><a href=\"http:\/\/www.radiuslogistics.co.uk\/\" target=\"_new\" rel=\"noopener\">Strona internetowa Radius Warehouse &amp; Logistic Services<\/a><\/p>\n<p><strong>Wynik recenzji: <\/strong>5<br \/> <strong>Liczba recenzji:<\/strong> 5<br \/><a href=\"https:\/\/www.google.co.uk\/maps?cid=510481636241925538&#038;hl=en&#038;gl=GB\" target=\"_new\" rel=\"noopener\">Przeczytaj recenzje<\/a><\/p>\n<h2><span class=\"ez-toc-section\" id=\"Expeditors\"><\/span>Ekspedytorzy<span class=\"ez-toc-section-end\"><\/span><\/h2>\n<p><img decoding=\"async\" src=\"https:\/\/moverdb.com\/wp-content\/uploads\/AF1QipPJ4dN2sY_JpWhXq-AqeFn8x3lS5qSYfLgHe_Ezw408-h604-k-no.jpg\" alt='Ekspedytorzy' class=\"aligncenter\"><\/p>\n<p><strong>Opis firmy: <\/strong>Brak danych<\/p>\n<p><strong>Us\u0142ugi dodatkowe:<\/strong><\/p>\n<p>Brak na li\u015bcie<\/p>\n<p><strong>Adres:<\/strong> Western Approach, Building 6030, Collins Dr, Severn Beach, Bristol BS35 4GG<\/p>\n<p><a href=\"http:\/\/www.expeditors.com\/\" target=\"_new\" rel=\"noopener\">Strona internetowa Expeditors<\/a><\/p>\n<p><strong>Wynik recenzji: <\/strong>4.6<br \/> <strong>Liczba recenzji:<\/strong> 19<br \/><a href=\"https:\/\/www.google.co.uk\/maps?cid=18279511369546906393&#038;hl=en&#038;gl=GB\" target=\"_new\" rel=\"noopener\">Przeczytaj recenzje<\/a><\/p>\n<h2><span class=\"ez-toc-section\" id=\"AGI_Global_Logistics_Ltd_Bristol\"><\/span>AGI Global Logistics Ltd Bristol<span class=\"ez-toc-section-end\"><\/span><\/h2>\n<p><img decoding=\"async\" src=\"https:\/\/lh5.googleusercontent.com\/p\/AF1QipNvUK4_ILPeUuAiJRBgxrrhea68ohLDUvA6qfLQ=w408-h272-k-no\" alt=\"AGI Global Logistics Ltd Bristol\" class=\"aligncenter\"><\/p>\n<p><strong>Opis firmy: <\/strong>Brak danych<\/p>\n<p><strong>Us\u0142ugi dodatkowe:<\/strong><\/p>\n<p>Us\u0142ugi transportowe<\/p>\n<p><strong>Adres:<\/strong> Windmill House, Henfield Rd, Bristol BS36 2FE<\/p>\n<p><a href=\"http:\/\/www.agi.global\/\" target=\"_new\" rel=\"noopener\">Strona internetowa AGI Global Logistics Ltd Bristol<\/a><\/p>\n<p><strong>Wynik recenzji: <\/strong>4.8<br \/> <strong>Liczba recenzji:<\/strong> 20<br \/><a href=\"https:\/\/www.google.co.uk\/maps?cid=13571177958670377164&#038;hl=en&#038;gl=GB\" target=\"_new\" rel=\"noopener\">Przeczytaj recenzje<\/a><\/p>\n<h2><span class=\"ez-toc-section\" id=\"Concordia_International_Forwarding_Ltd\"><\/span>Concordia International Forwarding Ltd<span class=\"ez-toc-section-end\"><\/span><\/h2>\n<p><img decoding=\"async\" src=\"https:\/\/moverdb.com\/wp-content\/uploads\/thumbnailpanoidba8vVLwujMhMvWQNOJ4LMQcb_clientsearch.gws-prod.gpsw408h240yaw346.jpg\" alt='Concordia International Forwarding Ltd' class=\"aligncenter\"><\/p>\n<p><strong>Opis firmy: <\/strong>Brak danych<\/p>\n<p><strong>Us\u0142ugi dodatkowe:<\/strong><\/p>\n<p>Brak na li\u015bcie<\/p>\n<p><strong>Adres:<\/strong> Avon Riverside Estate, Victoria Rd, Avonmouth, Bristol BS11 9DB<\/p>\n<p><a href=\"https:\/\/www.concordiafreight.com\/\" target=\"_new\" rel=\"noopener\">Strona internetowa Concordia International Forwarding Ltd<\/a><\/p>\n<p><strong>Wynik recenzji: <\/strong>5<br \/> <strong>Liczba recenzji:<\/strong> 3<br \/><a href=\"https:\/\/www.google.co.uk\/maps?cid=9448656488270580648&#038;hl=en&#038;gl=GB\" target=\"_new\" rel=\"noopener\">Przeczytaj recenzje<\/a><\/p>\n<h2><span class=\"ez-toc-section\" id=\"RSJ_International_Freight_Services_Ltd\"><\/span>RSJ International Freight Services Ltd<span class=\"ez-toc-section-end\"><\/span><\/h2>\n<p><img decoding=\"async\" src=\"https:\/\/moverdb.com\/wp-content\/uploads\/thumbnailpanoidJRg8arWP-nN58ZbU0rRp3wcb_clientsearch.gws-prod.gpsw408h240yaw203.jpg\" alt='RSJ International Freight Services Ltd' class=\"aligncenter\"><\/p>\n<p><strong>Opis firmy: <\/strong>Brak danych<\/p>\n<p><strong>Us\u0142ugi dodatkowe:<\/strong><\/p>\n<p>Us\u0142uga Business-to-Business<\/p>\n<p>Dostawca<\/p>\n<p><strong>Adres:<\/strong> Unit 16\/Londonderry Farm\/Keynsham Rd, Bristol BS30 6EL<\/p>\n<p><a href=\"https:\/\/www.rsj-international.co.uk\/\" target=\"_new\" rel=\"noopener\">Strona internetowa RSJ International Freight Services Ltd<\/a><\/p>\n<p><strong>Wynik recenzji: <\/strong>5<br \/> <strong>Liczba recenzji:<\/strong> 1<br \/><a href=\"https:\/\/www.google.co.uk\/maps?cid=17200395291416554045&#038;hl=en&#038;gl=GB\" target=\"_new\" rel=\"noopener\">Przeczytaj recenzje<\/a><\/p>\n<h2><span class=\"ez-toc-section\" id=\"Brunel_Shipping_Liner_Services\"><\/span>Brunel Shipping &amp; Liner Services<span class=\"ez-toc-section-end\"><\/span><\/h2>\n<p><img decoding=\"async\" src=\"https:\/\/moverdb.com\/wp-content\/uploads\/AF1QipMoSUckdnxeboSxvLuxgbLmmg9Ol0PvscD-nWgQw426-h240-k-no.jpg\" alt='Brunel Shipping &amp; Liner Services' class=\"aligncenter\"><\/p>\n<p><strong>Opis firmy: <\/strong>Brak danych<\/p>\n<p><strong>Us\u0142ugi dodatkowe:<\/strong><\/p>\n<p>Brak na li\u015bcie<\/p>\n<p><strong>Adres:<\/strong> 95 Stokes Croft, Bristol BS1 3RD<\/p>\n<p><a href=\"http:\/\/www.brunelshipping.com\/\" target=\"_new\" rel=\"noopener\">Strona internetowa Brunel Shipping &amp; Liner Services<\/a><\/p>\n<p><strong>Wynik recenzji: <\/strong>2.5<br \/> <strong>Liczba recenzji:<\/strong> 2<br \/><a href=\"https:\/\/www.google.co.uk\/maps?cid=7554355835457306517&#038;hl=en&#038;gl=GB\" target=\"_new\" rel=\"noopener\">Przeczytaj recenzje<\/a><\/p>\n<h2><span class=\"ez-toc-section\" id=\"Gefco_Forwarding\"><\/span>Gefco Forwarding<span class=\"ez-toc-section-end\"><\/span><\/h2>\n<p><img decoding=\"async\" src=\"https:\/\/moverdb.com\/wp-content\/uploads\/thumbnailpanoidUDMIvbqb5GCisvcoHJRWXwcb_clientsearch.gws-prod.gpsw408h240yaw52.jpg\" alt='Gefco Forwarding' class=\"aligncenter\"><\/p>\n<p><strong>Opis firmy: <\/strong>Brak danych<\/p>\n<p><strong>Us\u0142ugi dodatkowe:<\/strong><\/p>\n<p>Brak na li\u015bcie<\/p>\n<p><strong>Adres:<\/strong> Unit 8, I O Centre, Moorend Farm Ave, Bristol BS11 0QL<\/p>\n<p><a href=\"https:\/\/www.gefco.net\/en\/\" target=\"_new\" rel=\"noopener\">Strona internetowa Gefco Forwarding<\/a><\/p>\n<p><strong>Wynik recenzji: <\/strong>4<br \/> <strong>Liczba recenzji:<\/strong> 9<br \/><a href=\"https:\/\/www.google.co.uk\/maps?cid=15368974737175324232&#038;hl=en&#038;gl=GB\" target=\"_new\" rel=\"noopener\">Przeczytaj recenzje<\/a><\/p>\n<h2><span class=\"ez-toc-section\" id=\"Darabant_Ltd\"><\/span>Darabant Ltd.<span class=\"ez-toc-section-end\"><\/span><\/h2>\n<p><img decoding=\"async\" src=\"https:\/\/moverdb.com\/wp-content\/uploads\/thumbnailpanoid-gXOGy94N2prAsV05BzXKwcb_clientsearch.gws-prod.gpsw408h240yaw153.jpg\" alt='Darabant Ltd.' class=\"aligncenter\"><\/p>\n<p><strong>Opis firmy: <\/strong>Brak danych<\/p>\n<p><strong>Us\u0142ugi dodatkowe:<\/strong><\/p>\n<p>Brak na li\u015bcie<\/p>\n<p><strong>Adres:<\/strong> Parkway House, Hambrook Ln, Stoke Gifford, Bristol BS34 8QB<\/p>\n<p><a href=\"http:\/\/dtrans.co.uk\/\" target=\"_new\" rel=\"noopener\">Strona internetowa Darabant Ltd.<\/a><\/p>\n<p><strong>Wynik recenzji: <\/strong>5<br \/> <strong>Liczba recenzji:<\/strong> 2<br \/><a href=\"https:\/\/www.google.co.uk\/maps?cid=12817488922797848942&#038;hl=en&#038;gl=GB\" target=\"_new\" rel=\"noopener\">Przeczytaj recenzje<\/a><\/p>\n<h2><span class=\"ez-toc-section\" id=\"Plexus_Freight_Ltd\"><\/span>Plexus Freight Ltd<span class=\"ez-toc-section-end\"><\/span><\/h2>\n<p><img decoding=\"async\" src=\"https:\/\/moverdb.com\/wp-content\/uploads\/AF1QipNwzMZFnA7qS34mJYkLTdLd7QsJswuqrYOnSlK1w408-h306-k-no.jpg\" alt='Plexus Freight Ltd' class=\"aligncenter\"><\/p>\n<p><strong>Opis firmy: <\/strong>Wiod\u0105cy w Wielkiej Brytanii <a href=\"https:\/\/moverdb.com\/pl\/freight-forwarder\/\" data-internallinksmanager029f6b8e52c=\"17\" title=\"Spedytor i NVOCC Mi\u0119dzynarodowy Przewodnik po Kosztach i Firmach\">spedytor<\/a> <a href=\"https:\/\/moverdb.com\/pl\/shipping-companies\/\" data-internallinksmanager029f6b8e52c=\"4\" title=\"10 najlepszych firm zajmuj\u0105cych si\u0119 mi\u0119dzynarodow\u0105 \u017ceglug\u0105 kontenerow\u0105\">przedsi\u0119biorstwo spedycyjne<\/a>Obs\u0142ugujemy europejsk\u0105 logistyk\u0119 towarow\u0105 i ekspresowy transport drogowy w zakresie importu, eksportu i handlu krzy\u017cowego.<\/p>\n<p><strong>Us\u0142ugi dodatkowe:<\/strong><\/p>\n<p>Us\u0142uga kurierska<\/p>\n<p>Us\u0142ugi transportowe<\/p>\n<p><strong>Adres:<\/strong> Kestrel Court, Harbour Rd, Portishead, Bristol BS20 7AN<\/p>\n<p><a href=\"https:\/\/www.plexusfreight.com\/\" target=\"_new\" rel=\"noopener\">Strona internetowa Plexus Freight Ltd<\/a><\/p>\n<p><strong>Wynik recenzji: <\/strong>4.8<br \/> <strong>Liczba recenzji:<\/strong> 41<br \/><a href=\"https:\/\/www.google.co.uk\/maps?cid=2230762199293397782&#038;hl=en&#038;gl=GB\" target=\"_new\" rel=\"noopener\">Przeczytaj recenzje<\/a><\/p>\n<h2><span class=\"ez-toc-section\" id=\"DHL_Freight\"><\/span>DHL Freight<span class=\"ez-toc-section-end\"><\/span><\/h2>\n<p><img decoding=\"async\" src=\"https:\/\/moverdb.com\/wp-content\/uploads\/AF1QipOqvBlUJ0ZXd9peCDrjU7ClBB9zaXYJfSDtoqCdw408-h306-k-no.jpg\" alt='DHL Freight' class=\"aligncenter\"><\/p>\n<p><strong>Opis firmy: <\/strong>Brak danych<\/p>\n<p><strong>Us\u0142ugi dodatkowe:<\/strong><\/p>\n<p>Brak na li\u015bcie<\/p>\n<p><strong>Adres:<\/strong> Avonmouth Way, Avonmouth, Bristol BS11 9HL<\/p>\n<p><a href=\"http:\/\/www.dhl.co.uk\/freight\" target=\"_new\" rel=\"noopener\">Strona internetowa DHL Freight<\/a><\/p>\n<p><strong>Wynik recenzji: <\/strong>4.7<br \/> <strong>Liczba recenzji:<\/strong> 3<br \/><a href=\"https:\/\/www.google.co.uk\/maps?cid=6921321511174811929&#038;hl=en&#038;gl=GB\" target=\"_new\" rel=\"noopener\">Przeczytaj recenzje<\/a><\/p>\n<h2><span class=\"ez-toc-section\" id=\"How_we_picked_the_best_Bristol_Freight_Forwarding_Companies\"><\/span>Jak wybrali\u015bmy najlepsze firmy spedycyjne w Bristolu?<span class=\"ez-toc-section-end\"><\/span><\/h2>\n<p>Zacz\u0119li\u015bmy od zbioru danych 27 firm spedycyjnych z Bristolu, kt\u00f3re mogli\u015bmy znale\u017a\u0107 za po\u015brednictwem Google Maps i zaw\u0119zili\u015bmy go do 14 najlepszych.<\/p>\n<p>W tym celu usun\u0119li\u015bmy wszystkie firmy, kt\u00f3re<\/p>\n<ul>\n<li> Brak strony internetowej<\/li>\n<li> Brak recenzji<\/li>\n<li> \u015arednia ocena recenzji poni\u017cej 2,0<\/li>\n<\/ul>\n<p>W tym momencie, je\u015bli mieli\u015bmy 17 lub mniej spedytor\u00f3w, wymienili\u015bmy ich wszystkich.<\/p>\n<p>W przypadku miast, w kt\u00f3rych pozosta\u0142o wi\u0119cej ni\u017c 17 spedytor\u00f3w, dokonali\u015bmy dalszych zmian, zwi\u0119kszaj\u0105c wymagan\u0105 ocen\u0119 recenzji (np. z minimum 2,0 do 4,0) i\/lub zwi\u0119kszaj\u0105c minimaln\u0105 liczb\u0119 wymaganych recenzji (np. z co najmniej 1 recenzji do co najmniej 10).<\/p>\n<p>Nale\u017cy pami\u0119ta\u0107, \u017ce wykorzystali\u015bmy tylko dane z Google Maps, a nie z innych witryn internetowych.<\/p>\n<p>Wi\u0119cej miast:<\/p>\n<p><a href=\"https:\/\/moverdb.com\/pl\/spedytor\/freight-forwarding-uk\/sheffield-freight-forwarder\/\">Spedytor z Sheffield<\/a><br \/><a href=\"https:\/\/moverdb.com\/pl\/spedytor\/freight-forwarding-uk\/dover-freight-forwarder\/\">Dover Freight Forwarder<\/a><br \/><a href=\"https:\/\/moverdb.com\/pl\/spedytor\/freight-forwarding-uk\/ashford-freight-forwarder\/\">Spedytor Ashford<\/a><br \/><a href=\"https:\/\/moverdb.com\/pl\/spedytor\/freight-forwarding-uk\/egham-freight-forwarder\/\">Spedytor Egham<\/a><br \/><a href=\"https:\/\/moverdb.com\/pl\/spedytor\/freight-forwarding-uk\/leeds-freight-forwarder\/\">Spedytor z Leeds<\/a><\/p>","protected":false},"excerpt":{"rendered":"<p>Below we look at the 14 &#8220;best&#8221; Freight Forwarding companies in Bristol out of 27. To learn more about how we chose the best please consult our FAQ section at the end. Please not the following listings are in no particular order and we are not making any recommendations for any particular company. FORWARDER magazine [&hellip;]<\/p>\n","protected":false},"author":1,"featured_media":0,"parent":13427,"menu_order":0,"comment_status":"open","ping_status":"open","template":"","meta":{"_genesis_hide_title":false,"_genesis_hide_breadcrumbs":false,"_genesis_hide_singular_image":false,"_genesis_hide_footer_widgets":false,"_genesis_custom_body_class":"","_genesis_custom_post_class":"","_genesis_layout":"","footnotes":""},"class_list":{"0":"post-13628","1":"page","2":"type-page","3":"status-publish","5":"entry"},"_links":{"self":[{"href":"https:\/\/moverdb.com\/pl\/wp-json\/wp\/v2\/pages\/13628","targetHints":{"allow":["GET"]}}],"collection":[{"href":"https:\/\/moverdb.com\/pl\/wp-json\/wp\/v2\/pages"}],"about":[{"href":"https:\/\/moverdb.com\/pl\/wp-json\/wp\/v2\/types\/page"}],"author":[{"embeddable":true,"href":"https:\/\/moverdb.com\/pl\/wp-json\/wp\/v2\/users\/1"}],"replies":[{"embeddable":true,"href":"https:\/\/moverdb.com\/pl\/wp-json\/wp\/v2\/comments?post=13628"}],"version-history":[{"count":1,"href":"https:\/\/moverdb.com\/pl\/wp-json\/wp\/v2\/pages\/13628\/revisions"}],"predecessor-version":[{"id":15688,"href":"https:\/\/moverdb.com\/pl\/wp-json\/wp\/v2\/pages\/13628\/revisions\/15688"}],"up":[{"embeddable":true,"href":"https:\/\/moverdb.com\/pl\/wp-json\/wp\/v2\/pages\/13427"}],"wp:attachment":[{"href":"https:\/\/moverdb.com\/pl\/wp-json\/wp\/v2\/media?parent=13628"}],"curies":[{"name":"wp","href":"https:\/\/api.w.org\/{rel}","templated":true}]}}