{"id":11671,"date":"2023-11-29T10:19:29","date_gmt":"2023-11-29T10:19:29","guid":{"rendered":"https:\/\/moverdb.com\/?page_id=11671"},"modified":"2026-01-08T15:23:52","modified_gmt":"2026-01-08T15:23:52","slug":"moving-companies-us-utah","status":"publish","type":"page","link":"https:\/\/moverdb.com\/pl\/moving-companies\/moving-companies-us-utah\/","title":{"rendered":"2 najlepsze firmy zajmuj\u0105ce si\u0119 przeprowadzkami mi\u0119dzynarodowymi w Utah"},"content":{"rendered":"<p>Przeprowadzka mo\u017ce by\u0107 jednym z najbardziej stresuj\u0105cych moment\u00f3w w \u017cyciu, wi\u0119c dlaczego nie skorzysta\u0107 z pomocy firmy przeprowadzkowej? <a href=\"https:\/\/moverdb.com\/pl\/moving-companies\/\" data-internallinksmanager029f6b8e52c=\"79\" title=\"25 najlepszych firm przeprowadzek mi\u0119dzynarodowych online\">przedsi\u0119biorstwo przeprowadzkowe<\/a> aby zmniejszy\u0107 presj\u0119? Firma przeprowadzkowa mo\u017ce zaplanowa\u0107 przeprowadzk\u0119, zorganizowa\u0107 transport i spakowa\u0107 rzeczy, a tak\u017ce zaj\u0105\u0107 si\u0119 odpraw\u0105 celn\u0105 w przypadku przeprowadzki do innego kraju. Poni\u017cej przygotowali\u015bmy list\u0119 <a href=\"https:\/\/moverdb.com\/pl\/moving-to-the-united-states\/moving-to-utah\/\" data-internallinksmanager029f6b8e52c=\"439\" title=\"Przeprowadzka do Utah? Koszty utrzymania i wskaz\u00f3wki dotycz\u0105ce relokacji w 2023 r.\">Utah<\/a> na stronie <a href=\"https:\/\/moverdb.com\/pl\/international-removals\/\" data-internallinksmanager029f6b8e52c=\"27\" title=\"36 najlepszych firm zajmuj\u0105cych si\u0119 przeprowadzkami mi\u0119dzynarodowymi w Wielkiej Brytanii\">przedsi\u0119biorstwa przeprowadzkowe<\/a> kt\u00f3re s\u0105 cz\u0142onkami <a href=\"https:\/\/moverdb.com\/pl\/iam\/\" data-internallinksmanager029f6b8e52c=\"23\" title=\"Mi\u0119dzynarodowe Stowarzyszenie Przewo\u017anik\u00f3w (IAM) - obja\u015bnienia\">Mi\u0119dzynarodowe Stowarzyszenie Przewo\u017anik\u00f3w<\/a> (IAM) i\/lub <a href=\"https:\/\/moverdb.com\/pl\/fidi-faim\/\" data-internallinksmanager029f6b8e52c=\"16\" title=\"FIDI i FAIM (FIDI Accredited International Mover) - obja\u015bnienia\">FIDI<\/a> Accredited International Mover (FAIM), kt\u00f3ry mo\u017ce pom\u00f3c w przeprowadzce.<\/p>\n<h2><strong>1. Legacy Moving<\/strong><\/h2>\n<p><img loading=\"lazy\" decoding=\"async\" class=\"alignnone size-full wp-image-11363\" src=\"https:\/\/moverdb.com\/wp-content\/uploads\/Legacy-Moving-international-moving-company.png\" alt=\"Legacy Moving mi\u0119dzynarodowa firma przeprowadzkowa\" width=\"1440\" height=\"675\" data-wp-pid=\"11363\" srcset=\"https:\/\/moverdb.com\/wp-content\/uploads\/Legacy-Moving-international-moving-company.png 1440w, https:\/\/moverdb.com\/wp-content\/uploads\/Legacy-Moving-international-moving-company-300x141.png 300w, https:\/\/moverdb.com\/wp-content\/uploads\/Legacy-Moving-international-moving-company-1024x480.png 1024w, https:\/\/moverdb.com\/wp-content\/uploads\/Legacy-Moving-international-moving-company-18x8.png 18w, https:\/\/moverdb.com\/wp-content\/uploads\/Legacy-Moving-international-moving-company-600x281.png 600w\" sizes=\"auto, (max-width: 1440px) 100vw, 1440px\" \/><\/p>\n<ul>\n<li>Ruchy krajowe<\/li>\n<li>Przeprowadzki mi\u0119dzynarodowe<\/li>\n<li>Przeprowadzki mieszkaniowe<\/li>\n<li>Przeprowadzki handlowe i biurowe<\/li>\n<li>Kompleksowe us\u0142ugi przeprowadzkowe<\/li>\n<li>Us\u0142uga pakowania<\/li>\n<li>Organizacja transportu<\/li>\n<li>Do\u015bwiadczeni konsultanci<\/li>\n<li>Ubezpieczony<\/li>\n<li>Bezpieczne przechowywanie<\/li>\n<\/ul>\n<p>Legacy Moving to firma zajmuj\u0105ca si\u0119 przeprowadzkami i magazynowaniem z siedzib\u0105 w St George. Jest cz\u0142onkiem IAM z sze\u015bcioletnim do\u015bwiadczeniem, co zapewnia jej wsp\u00f3\u0142prac\u0119 z krajow\u0105 i mi\u0119dzynarodow\u0105 sieci\u0105 firm przeprowadzkowych.<\/p>\n<p>Legacy Moving oferuje przeprowadzki mieszkaniowe, komercyjne i biurowe na du\u017ce odleg\u0142o\u015bci i mi\u0119dzynarodowe. Oferuje us\u0142ug\u0119 pakowania, kt\u00f3ra wykorzystuje profesjonalne materia\u0142y do pakowania i przeszkolony personel, aby zapewni\u0107 bezpieczne zapakowanie rzeczy. Firma zapewnia do\u015bwiadczonych konsultant\u00f3w, kt\u00f3rzy wspieraj\u0105 klient\u00f3w podczas przeprowadzki, a ich us\u0142ugi s\u0105 licencjonowane i ubezpieczone. Zapewniaj\u0105 r\u00f3wnie\u017c bezpieczne magazyny, je\u015bli potrzebujesz ich podczas przeprowadzki lub przed wprowadzeniem si\u0119.<\/p>\n<p>Strona internetowa: <a href=\"https:\/\/legacymovingstgeorge.com\/\" target=\"_blank\" rel=\"noopener\">https:\/\/legacymovingstgeorge.com\/<\/a><\/p>\n<h2><strong>2. Mesa Moving &amp; Storage<\/strong><\/h2>\n<p><img loading=\"lazy\" decoding=\"async\" class=\"alignnone size-full wp-image-11375\" src=\"https:\/\/moverdb.com\/wp-content\/uploads\/Mesa-Moving-Storage-international-moving-company.png\" alt=\"Mesa Moving &amp; Storage - mi\u0119dzynarodowa firma przeprowadzkowa\" width=\"1440\" height=\"678\" data-wp-pid=\"11375\" srcset=\"https:\/\/moverdb.com\/wp-content\/uploads\/Mesa-Moving-Storage-international-moving-company.png 1440w, https:\/\/moverdb.com\/wp-content\/uploads\/Mesa-Moving-Storage-international-moving-company-300x141.png 300w, https:\/\/moverdb.com\/wp-content\/uploads\/Mesa-Moving-Storage-international-moving-company-1024x482.png 1024w, https:\/\/moverdb.com\/wp-content\/uploads\/Mesa-Moving-Storage-international-moving-company-18x8.png 18w, https:\/\/moverdb.com\/wp-content\/uploads\/Mesa-Moving-Storage-international-moving-company-600x283.png 600w\" sizes=\"auto, (max-width: 1440px) 100vw, 1440px\" \/><\/p>\n<ul>\n<li>Przeprowadzki lokalne<\/li>\n<li>Przeprowadzki na du\u017ce odleg\u0142o\u015bci<\/li>\n<li>Przeprowadzki gospodarstw domowych<\/li>\n<li>Przeprowadzki biurowe i handlowe<\/li>\n<li>Us\u0142uga pakowania<\/li>\n<li>Ustalenia dotycz\u0105ce transportu<\/li>\n<li>Obs\u0142uga dzie\u0142 sztuki i antyk\u00f3w<\/li>\n<li><a href=\"https:\/\/moverdb.com\/pl\/car-transport-shipping\/\" data-internallinksmanager029f6b8e52c=\"2\" title=\"2026 Mi\u0119dzynarodowy transport samochodowy i wyceny wysy\u0142ki pojazd\u00f3w\">Spedycja pojazd\u00f3w<\/a><\/li>\n<li>Obiekty magazynowe<\/li>\n<\/ul>\n<p>Mesa Moving &amp; Storage to za\u0142o\u017cona w 1981 roku firma przeprowadzkowa z siedzib\u0105 w Salt Lake City, <a href=\"https:\/\/moverdb.com\/pl\/moving-to-the-united-states\/moving-to-colorado\/\" data-internallinksmanager029f6b8e52c=\"399\" title=\"Przeprowadzka do Kolorado? Koszty utrzymania i wskaz\u00f3wki dotycz\u0105ce relokacji w 2023 r.\">Kolorado<\/a> <a href=\"https:\/\/moverdb.com\/pl\/moving-to-the-united-states\/moving-to-idaho\/\" data-internallinksmanager029f6b8e52c=\"405\" title=\"Przeprowadzka do Idaho? Koszty utrzymania i wskaz\u00f3wki dotycz\u0105ce relokacji w 2023 r.\">Idaho<\/a> oraz <a href=\"https:\/\/moverdb.com\/pl\/moving-to-the-united-states\/moving-to-montana\/\" data-internallinksmanager029f6b8e52c=\"461\" title=\"Przeprowadzka do Montany? 2024 Koszty utrzymania i wskaz\u00f3wki dotycz\u0105ce przeprowadzki\">Montana<\/a>. S\u0105 agentem United Van Lines, co daje im sie\u0107 krajowych firm przeprowadzkowych, z kt\u00f3rymi mog\u0105 wsp\u00f3\u0142pracowa\u0107. S\u0105 cz\u0142onkiem IAM z 12-letnim do\u015bwiadczeniem i posiadaj\u0105 akredytacj\u0119 FIDI.<\/p>\n<p>Mesa Moving &amp; Storage oferuje us\u0142ugi przeprowadzkowe dla dom\u00f3w i biur na terenie ca\u0142ego kraju. Zapewniaj\u0105 profesjonaln\u0105 us\u0142ug\u0119 pakowania z wykwalifikowanymi i przeszkolonymi pracownikami, kt\u00f3rzy zapewni\u0105, \u017ce przedmioty s\u0105 odpowiednio i bezpiecznie zapakowane do transportu, niezale\u017cnie od ich kszta\u0142tu i rozmiaru.<\/p>\n<p>Strona internetowa: <a href=\"https:\/\/mesamoving.com\/\" target=\"_blank\" rel=\"noopener\">https:\/\/mesamoving.com\/<\/a><\/p>","protected":false},"excerpt":{"rendered":"<p>Moving can be one of the most stressful times in your life, so why not enlist the support of a moving company to reduce the pressure? A moving company can plan your move, arrange transportation and pack your belongings as well as handle customs if moving countries. Below we have compiled a list of Utah [&hellip;]<\/p>\n","protected":false},"author":4,"featured_media":11363,"parent":190,"menu_order":0,"comment_status":"closed","ping_status":"closed","template":"","meta":{"_genesis_hide_title":false,"_genesis_hide_breadcrumbs":false,"_genesis_hide_singular_image":false,"_genesis_hide_footer_widgets":false,"_genesis_custom_body_class":"","_genesis_custom_post_class":"","_genesis_layout":"","footnotes":""},"class_list":{"0":"post-11671","1":"page","2":"type-page","3":"status-publish","4":"has-post-thumbnail","6":"entry"},"_links":{"self":[{"href":"https:\/\/moverdb.com\/pl\/wp-json\/wp\/v2\/pages\/11671","targetHints":{"allow":["GET"]}}],"collection":[{"href":"https:\/\/moverdb.com\/pl\/wp-json\/wp\/v2\/pages"}],"about":[{"href":"https:\/\/moverdb.com\/pl\/wp-json\/wp\/v2\/types\/page"}],"author":[{"embeddable":true,"href":"https:\/\/moverdb.com\/pl\/wp-json\/wp\/v2\/users\/4"}],"replies":[{"embeddable":true,"href":"https:\/\/moverdb.com\/pl\/wp-json\/wp\/v2\/comments?post=11671"}],"version-history":[{"count":1,"href":"https:\/\/moverdb.com\/pl\/wp-json\/wp\/v2\/pages\/11671\/revisions"}],"predecessor-version":[{"id":11672,"href":"https:\/\/moverdb.com\/pl\/wp-json\/wp\/v2\/pages\/11671\/revisions\/11672"}],"up":[{"embeddable":true,"href":"https:\/\/moverdb.com\/pl\/wp-json\/wp\/v2\/pages\/190"}],"wp:featuredmedia":[{"embeddable":true,"href":"https:\/\/moverdb.com\/pl\/wp-json\/wp\/v2\/media\/11363"}],"wp:attachment":[{"href":"https:\/\/moverdb.com\/pl\/wp-json\/wp\/v2\/media?parent=11671"}],"curies":[{"name":"wp","href":"https:\/\/api.w.org\/{rel}","templated":true}]}}