{"id":11666,"date":"2023-11-29T10:31:41","date_gmt":"2023-11-29T10:31:41","guid":{"rendered":"https:\/\/moverdb.com\/?page_id=11666"},"modified":"2026-01-08T15:24:27","modified_gmt":"2026-01-08T15:24:27","slug":"moving-companies-us-tennessee","status":"publish","type":"page","link":"https:\/\/moverdb.com\/pl\/moving-companies\/moving-companies-us-tennessee\/","title":{"rendered":"3 najlepsze mi\u0119dzynarodowe firmy przeprowadzkowe w Tennessee"},"content":{"rendered":"<p>Planujesz przeprowadzk\u0119? W takim razie skorzystaj z us\u0142ug <a href=\"https:\/\/moverdb.com\/pl\/moving-companies\/\" data-internallinksmanager029f6b8e52c=\"79\" title=\"25 najlepszych firm przeprowadzek mi\u0119dzynarodowych online\">przedsi\u0119biorstwo przeprowadzkowe<\/a> mo\u017ce naprawd\u0119 pom\u00f3c zmniejszy\u0107 obci\u0105\u017cenie prac\u0105. Mog\u0105 oni pom\u00f3c w planowaniu przeprowadzki, organizacji transportu, pakowaniu rzeczy i obs\u0142udze celnej w przypadku przeprowadzek mi\u0119dzynarodowych. Poni\u017cej przygotowali\u015bmy list\u0119 <a href=\"https:\/\/moverdb.com\/pl\/moving-to-the-united-states\/moving-to-tennessee\/\" data-internallinksmanager029f6b8e52c=\"406\" title=\"Przeprowadzka do Tennessee? 2026 Koszty utrzymania i porady dotycz\u0105ce przeprowadzki\">Tennessee<\/a> na stronie <a href=\"https:\/\/moverdb.com\/pl\/international-removals\/\" data-internallinksmanager029f6b8e52c=\"27\" title=\"36 najlepszych firm zajmuj\u0105cych si\u0119 przeprowadzkami mi\u0119dzynarodowymi w Wielkiej Brytanii\">przedsi\u0119biorstwa przeprowadzkowe<\/a> kt\u00f3re s\u0105 cz\u0142onkami <a href=\"https:\/\/moverdb.com\/pl\/iam\/\" data-internallinksmanager029f6b8e52c=\"23\" title=\"Mi\u0119dzynarodowe Stowarzyszenie Przewo\u017anik\u00f3w (IAM) - obja\u015bnienia\">Mi\u0119dzynarodowe Stowarzyszenie Przewo\u017anik\u00f3w<\/a> (IAM) i\/lub <a href=\"https:\/\/moverdb.com\/pl\/fidi-faim\/\" data-internallinksmanager029f6b8e52c=\"16\" title=\"FIDI i FAIM (FIDI Accredited International Mover) - obja\u015bnienia\">FIDI<\/a> Accredited International Mover (FAIM), kt\u00f3ry mo\u017ce pom\u00f3c w przeprowadzce.<\/p>\n<h2><strong>1. Apex Moving &amp; Storage<\/strong><\/h2>\n<p><img loading=\"lazy\" decoding=\"async\" class=\"alignnone size-full wp-image-11256\" src=\"https:\/\/moverdb.com\/wp-content\/uploads\/Apex-Moving-Storage-international-moving-company.png\" alt=\"Apex Moving &amp; Storage - mi\u0119dzynarodowa firma przeprowadzkowa\" width=\"1440\" height=\"680\" data-wp-pid=\"11256\" srcset=\"https:\/\/moverdb.com\/wp-content\/uploads\/Apex-Moving-Storage-international-moving-company.png 1440w, https:\/\/moverdb.com\/wp-content\/uploads\/Apex-Moving-Storage-international-moving-company-300x142.png 300w, https:\/\/moverdb.com\/wp-content\/uploads\/Apex-Moving-Storage-international-moving-company-1024x484.png 1024w, https:\/\/moverdb.com\/wp-content\/uploads\/Apex-Moving-Storage-international-moving-company-18x9.png 18w, https:\/\/moverdb.com\/wp-content\/uploads\/Apex-Moving-Storage-international-moving-company-600x283.png 600w\" sizes=\"auto, (max-width: 1440px) 100vw, 1440px\" \/><\/p>\n<ul>\n<li>Przeprowadzki lokalne i na du\u017ce odleg\u0142o\u015bci<\/li>\n<li>Przeprowadzki mi\u0119dzynarodowe<\/li>\n<li>Przeprowadzki mieszkaniowe<\/li>\n<li>Przeprowadzki handlowe<\/li>\n<li>Relokacje przedsi\u0119biorstw<\/li>\n<li>Pe\u0142na us\u0142uga pakowania<\/li>\n<li>Organizacja transportu<\/li>\n<li>Odprawa celna<\/li>\n<li>Technologia \u015bledzenia ci\u0119\u017car\u00f3wek<\/li>\n<li>Us\u0142ugi magazynowania<\/li>\n<\/ul>\n<p>Apex Moving &amp; Storage to firma przeprowadzkowa za\u0142o\u017cona w 1972 roku z siedzib\u0105 w Antiochii. Firma jest agentem Atlas Interstate, kt\u00f3ry \u0142\u0105czy j\u0105 z mi\u0119dzynarodow\u0105 sieci\u0105 profesjonalnych firm przeprowadzkowych. Firma jest cz\u0142onkiem IAM z 45-letnim do\u015bwiadczeniem.<\/p>\n<p>Apex Moving &amp; Storage obs\u0142uguje zar\u00f3wno ma\u0142e, jak i du\u017ce przeprowadzki i mo\u017ce stworzy\u0107 opcje przyjazne dla bud\u017cetu, aby zaspokoi\u0107 wszystkie potrzeby. Oferuj\u0105 us\u0142ugi przeprowadzki od drzwi do drzwi z konsultacj\u0105 przed przeprowadzk\u0105, a osobisty koordynator przeprowadzki zostanie przydzielony do wsparcia. Oferuj\u0105 pe\u0142n\u0105 us\u0142ug\u0119 pakowania i zorganizuj\u0105 transport z odpraw\u0105 celn\u0105 w przypadku przeprowadzki za granic\u0119.<\/p>\n<p>Strona internetowa: <a href=\"http:\/\/www.apexmoving.com\/\" target=\"_blank\" rel=\"noopener\">http:\/\/www.apexmoving.com\/<\/a><\/p>\n<h2><strong>2. Elizabeth's Moving Service<\/strong><\/h2>\n<p><img loading=\"lazy\" decoding=\"async\" class=\"alignnone size-full wp-image-11315\" src=\"https:\/\/moverdb.com\/wp-content\/uploads\/Elizabeths-Moving-Service-international-moving-company.png\" alt=\"Elizabeths Moving Service mi\u0119dzynarodowa firma przeprowadzkowa\" width=\"1440\" height=\"675\" data-wp-pid=\"11315\" srcset=\"https:\/\/moverdb.com\/wp-content\/uploads\/Elizabeths-Moving-Service-international-moving-company.png 1440w, https:\/\/moverdb.com\/wp-content\/uploads\/Elizabeths-Moving-Service-international-moving-company-300x141.png 300w, https:\/\/moverdb.com\/wp-content\/uploads\/Elizabeths-Moving-Service-international-moving-company-1024x480.png 1024w, https:\/\/moverdb.com\/wp-content\/uploads\/Elizabeths-Moving-Service-international-moving-company-18x8.png 18w, https:\/\/moverdb.com\/wp-content\/uploads\/Elizabeths-Moving-Service-international-moving-company-600x281.png 600w\" sizes=\"auto, (max-width: 1440px) 100vw, 1440px\" \/><\/p>\n<ul>\n<li>Przeprowadzki lokalne<\/li>\n<li>Przeprowadzki na du\u017ce odleg\u0142o\u015bci<\/li>\n<li>Przeprowadzki gospodarstw domowych<\/li>\n<li>Przeprowadzki biurowe i handlowe<\/li>\n<li>Niestandardowy plan przeprowadzki<\/li>\n<li>Us\u0142uga pakowania<\/li>\n<li>Organizacja transportu<\/li>\n<li>Instalacja urz\u0105dze\u0144<\/li>\n<li>Obr\u00f3bka dzie\u0142 sztuki<\/li>\n<li>Bezpieczne magazyny<\/li>\n<\/ul>\n<p>Elizabeth's Moving Service to firma przeprowadzkowa i magazynowa z siedzib\u0105 w Chattanooga. Jest cz\u0142onkiem IAM z sze\u015bcioletnim do\u015bwiadczeniem, co daje jej sie\u0107 agent\u00f3w przeprowadzkowych, z kt\u00f3rymi mo\u017ce wsp\u00f3\u0142pracowa\u0107 w celu \u015bwiadczenia us\u0142ug poza obszarem swojej dzia\u0142alno\u015bci.<\/p>\n<p>Elizabeth's Moving Service oferuje ankiet\u0119 w domu, aby zapewni\u0107 dok\u0142adn\u0105 wycen\u0119. Firma oferuje kompleksowe przeprowadzki, w ramach kt\u00f3rych pakuje i wysy\u0142a rzeczy w przypadku przeprowadzek lokalnych, d\u0142ugodystansowych i mi\u0119dzynarodowych. Zapewniaj\u0105 wysokiej jako\u015bci us\u0142ugi pakowania z przeszkolonymi pakowaczami, kt\u00f3rzy zabezpiecz\u0105 Twoje rzeczy podczas transportu, w tym drewniane skrzynie na delikatne przedmioty i ochron\u0119 domu podczas przeprowadzki.<\/p>\n<p>Strona internetowa: <a href=\"http:\/\/www.elizabethsmoving.com\" target=\"_blank\" rel=\"noopener\">http:\/\/www.elizabethsmoving.com<\/a><\/p>\n<h2><strong>3. Still Transfer Company<\/strong><\/h2>\n<p><img loading=\"lazy\" decoding=\"async\" class=\"alignnone size-full wp-image-11449\" src=\"https:\/\/moverdb.com\/wp-content\/uploads\/Still-Transfer-Company-international-moving-company.png\" alt=\"Still Transfer Company mi\u0119dzynarodowa firma przeprowadzkowa\" width=\"1440\" height=\"677\" data-wp-pid=\"11449\" srcset=\"https:\/\/moverdb.com\/wp-content\/uploads\/Still-Transfer-Company-international-moving-company.png 1440w, https:\/\/moverdb.com\/wp-content\/uploads\/Still-Transfer-Company-international-moving-company-300x141.png 300w, https:\/\/moverdb.com\/wp-content\/uploads\/Still-Transfer-Company-international-moving-company-1024x481.png 1024w, https:\/\/moverdb.com\/wp-content\/uploads\/Still-Transfer-Company-international-moving-company-18x8.png 18w, https:\/\/moverdb.com\/wp-content\/uploads\/Still-Transfer-Company-international-moving-company-600x282.png 600w\" sizes=\"auto, (max-width: 1440px) 100vw, 1440px\" \/><\/p>\n<ul>\n<li>Przeprowadzki lokalne i na du\u017ce odleg\u0142o\u015bci<\/li>\n<li>Przeprowadzki mi\u0119dzynarodowe<\/li>\n<li>Przeprowadzki mieszkaniowe<\/li>\n<li>Przeprowadzki handlowe i biurowe<\/li>\n<li>Us\u0142uga pakowania<\/li>\n<li>Organizacja transportu<\/li>\n<li>Maklerstwo celne<\/li>\n<li>Ruchy instrument\u00f3w muzycznych<\/li>\n<li>Bezpieczne przechowywanie kr\u00f3tko- i d\u0142ugoterminowe<\/li>\n<\/ul>\n<p>Still Transfer Company to firma przeprowadzkowa i spedycyjna za\u0142o\u017cona w 1928 roku z siedzib\u0105 w Kingsport. Jest cz\u0142onkiem IAM z 95-letnim do\u015bwiadczeniem, co zapewnia jej og\u00f3lno\u015bwiatow\u0105 sie\u0107 firm przeprowadzkowych, z kt\u00f3rymi mo\u017ce wsp\u00f3\u0142pracowa\u0107 w celu \u015bwiadczenia us\u0142ug.<\/p>\n<p>Still Transfer Company oferuje ma\u0142e i du\u017ce us\u0142ugi przeprowadzkowe dla lokalnych, d\u0142ugodystansowych i mi\u0119dzynarodowych przeprowadzek mieszkaniowych, handlowych, biurowych i przemys\u0142owych. Zapewnia us\u0142ugi przeprowadzki i pakowania, aby bezpiecznie przewie\u017a\u0107 rzeczy do miejsca docelowego, a tak\u017ce po\u015brednictwo celne. Oferuj\u0105 r\u00f3wnie\u017c bezpieczne magazyny na kr\u00f3tki lub d\u0142ugi okres.<\/p>\n<p>Strona internetowa: <a href=\"http:\/\/www.stilltransfer.net\" target=\"_blank\" rel=\"noopener\">http:\/\/www.stilltransfer.net<\/a><\/p>","protected":false},"excerpt":{"rendered":"<p>Are you planning a move? Then engaging the services of a moving company could really help ease the workload. They can assist with planning your move, transportation arrangements, packing your belongings and handling customs on international moves. Below we have compiled a list of Tennessee based removal companies that are members of the International Association [&hellip;]<\/p>\n","protected":false},"author":4,"featured_media":11256,"parent":190,"menu_order":0,"comment_status":"closed","ping_status":"closed","template":"","meta":{"_genesis_hide_title":false,"_genesis_hide_breadcrumbs":false,"_genesis_hide_singular_image":false,"_genesis_hide_footer_widgets":false,"_genesis_custom_body_class":"","_genesis_custom_post_class":"","_genesis_layout":"","footnotes":""},"class_list":{"0":"post-11666","1":"page","2":"type-page","3":"status-publish","4":"has-post-thumbnail","6":"entry"},"_links":{"self":[{"href":"https:\/\/moverdb.com\/pl\/wp-json\/wp\/v2\/pages\/11666","targetHints":{"allow":["GET"]}}],"collection":[{"href":"https:\/\/moverdb.com\/pl\/wp-json\/wp\/v2\/pages"}],"about":[{"href":"https:\/\/moverdb.com\/pl\/wp-json\/wp\/v2\/types\/page"}],"author":[{"embeddable":true,"href":"https:\/\/moverdb.com\/pl\/wp-json\/wp\/v2\/users\/4"}],"replies":[{"embeddable":true,"href":"https:\/\/moverdb.com\/pl\/wp-json\/wp\/v2\/comments?post=11666"}],"version-history":[{"count":1,"href":"https:\/\/moverdb.com\/pl\/wp-json\/wp\/v2\/pages\/11666\/revisions"}],"predecessor-version":[{"id":11667,"href":"https:\/\/moverdb.com\/pl\/wp-json\/wp\/v2\/pages\/11666\/revisions\/11667"}],"up":[{"embeddable":true,"href":"https:\/\/moverdb.com\/pl\/wp-json\/wp\/v2\/pages\/190"}],"wp:featuredmedia":[{"embeddable":true,"href":"https:\/\/moverdb.com\/pl\/wp-json\/wp\/v2\/media\/11256"}],"wp:attachment":[{"href":"https:\/\/moverdb.com\/pl\/wp-json\/wp\/v2\/media?parent=11666"}],"curies":[{"name":"wp","href":"https:\/\/api.w.org\/{rel}","templated":true}]}}