{"id":11661,"date":"2023-11-29T10:50:19","date_gmt":"2023-11-29T10:50:19","guid":{"rendered":"https:\/\/moverdb.com\/?page_id=11661"},"modified":"2026-01-08T15:29:26","modified_gmt":"2026-01-08T15:29:26","slug":"moving-companies-us-sterling","status":"publish","type":"page","link":"https:\/\/moverdb.com\/pl\/moving-companies\/moving-companies-us-sterling\/","title":{"rendered":"6 najlepszych firm przeprowadzkowych w Sterling"},"content":{"rendered":"<p>Przeprowadzka mo\u017ce by\u0107 pracowitym okresem, wi\u0119c skorzystanie z pomocy mo\u017ce naprawd\u0119 odci\u0105\u017cy\u0107. Mo\u017cesz zaanga\u017cowa\u0107 <a href=\"https:\/\/moverdb.com\/pl\/moving-companies\/\" data-internallinksmanager029f6b8e52c=\"79\" title=\"25 najlepszych firm przeprowadzek mi\u0119dzynarodowych online\">przedsi\u0119biorstwo przeprowadzkowe<\/a> aby pom\u00f3c w szeregu zada\u0144 zwi\u0105zanych z przeprowadzk\u0105, w tym w planowaniu przeprowadzki, pakowaniu przedmiot\u00f3w, organizowaniu transportu i obs\u0142udze wszelkiej dokumentacji celnej. Poni\u017cej przedstawiamy list\u0119 firm z siedzib\u0105 w Sterling <a href=\"https:\/\/moverdb.com\/pl\/international-removals\/\" data-internallinksmanager029f6b8e52c=\"27\" title=\"36 najlepszych firm zajmuj\u0105cych si\u0119 przeprowadzkami mi\u0119dzynarodowymi w Wielkiej Brytanii\">przedsi\u0119biorstwa przeprowadzkowe<\/a> kt\u00f3re s\u0105 cz\u0142onkami <a href=\"https:\/\/moverdb.com\/pl\/iam\/\" data-internallinksmanager029f6b8e52c=\"23\" title=\"Mi\u0119dzynarodowe Stowarzyszenie Przewo\u017anik\u00f3w (IAM) - obja\u015bnienia\">Mi\u0119dzynarodowe Stowarzyszenie Przewo\u017anik\u00f3w<\/a> (IAM) i\/lub <a href=\"https:\/\/moverdb.com\/pl\/fidi-faim\/\" data-internallinksmanager029f6b8e52c=\"16\" title=\"FIDI i FAIM (FIDI Accredited International Mover) - obja\u015bnienia\">FIDI<\/a> Accredited International Mover (FAIM), kt\u00f3ry mo\u017ce pom\u00f3c w przeprowadzce.<\/p>\n<div id=\"ez-toc-container\" class=\"ez-toc-v2_0_82_2 ez-toc-wrap-left counter-hierarchy ez-toc-counter ez-toc-transparent ez-toc-container-direction\">\n<div class=\"ez-toc-title-container\">\n<p class=\"ez-toc-title\" style=\"cursor:inherit\">Sekcje<\/p>\n<span class=\"ez-toc-title-toggle\"><a href=\"#\" class=\"ez-toc-pull-right ez-toc-btn ez-toc-btn-xs ez-toc-btn-default ez-toc-toggle\" aria-label=\"Prze\u0142\u0105cznik Spisu Tre\u015bci\"><span class=\"ez-toc-js-icon-con\"><span class=\"\"><span class=\"eztoc-hide\" style=\"display:none;\">Toggle<\/span><span class=\"ez-toc-icon-toggle-span\"><svg style=\"fill: #999;color:#999\" xmlns=\"http:\/\/www.w3.org\/2000\/svg\" class=\"list-377408\" width=\"20px\" height=\"20px\" viewbox=\"0 0 24 24\" fill=\"none\"><path d=\"M6 6H4v2h2V6zm14 0H8v2h12V6zM4 11h2v2H4v-2zm16 0H8v2h12v-2zM4 16h2v2H4v-2zm16 0H8v2h12v-2z\" fill=\"currentColor\"><\/path><\/svg><svg style=\"fill: #999;color:#999\" class=\"arrow-unsorted-368013\" xmlns=\"http:\/\/www.w3.org\/2000\/svg\" width=\"10px\" height=\"10px\" viewbox=\"0 0 24 24\" version=\"1.2\" baseprofile=\"tiny\"><path d=\"M18.2 9.3l-6.2-6.3-6.2 6.3c-.2.2-.3.4-.3.7s.1.5.3.7c.2.2.4.3.7.3h11c.3 0 .5-.1.7-.3.2-.2.3-.5.3-.7s-.1-.5-.3-.7zM5.8 14.7l6.2 6.3 6.2-6.3c.2-.2.3-.5.3-.7s-.1-.5-.3-.7c-.2-.2-.4-.3-.7-.3h-11c-.3 0-.5.1-.7.3-.2.2-.3.5-.3.7s.1.5.3.7z\"\/><\/svg><\/span><\/span><\/span><\/a><\/span><\/div>\n<nav><ul class='ez-toc-list ez-toc-list-level-1 eztoc-toggle-hide-by-default' ><li class='ez-toc-page-1 ez-toc-heading-level-2'><a class=\"ez-toc-link ez-toc-heading-1\" href=\"https:\/\/moverdb.com\/pl\/moving-companies\/moving-companies-us-sterling\/#1_Brauns_International\" >1. Brauns International<\/a><\/li><li class='ez-toc-page-1 ez-toc-heading-level-2'><a class=\"ez-toc-link ez-toc-heading-2\" href=\"https:\/\/moverdb.com\/pl\/moving-companies\/moving-companies-us-sterling\/#2_DN_Van_Lines\" >2. DN Van Lines<\/a><\/li><li class='ez-toc-page-1 ez-toc-heading-level-2'><a class=\"ez-toc-link ez-toc-heading-3\" href=\"https:\/\/moverdb.com\/pl\/moving-companies\/moving-companies-us-sterling\/#3_JK_Moving_Services\" >3. JK Moving Services<\/a><\/li><li class='ez-toc-page-1 ez-toc-heading-level-2'><a class=\"ez-toc-link ez-toc-heading-4\" href=\"https:\/\/moverdb.com\/pl\/moving-companies\/moving-companies-us-sterling\/#4_Laing_International\" >4. Laing International<\/a><\/li><li class='ez-toc-page-1 ez-toc-heading-level-2'><a class=\"ez-toc-link ez-toc-heading-5\" href=\"https:\/\/moverdb.com\/pl\/moving-companies\/moving-companies-us-sterling\/#5_RelogistiX\" >5. RelogistiX<\/a><\/li><li class='ez-toc-page-1 ez-toc-heading-level-2'><a class=\"ez-toc-link ez-toc-heading-6\" href=\"https:\/\/moverdb.com\/pl\/moving-companies\/moving-companies-us-sterling\/#6_Star_Moving_Solutions\" >6. Star Moving Solutions<\/a><\/li><\/ul><\/nav><\/div>\n<h2><span class=\"ez-toc-section\" id=\"1_Brauns_International\"><\/span><strong>1. Brauns International<\/strong><span class=\"ez-toc-section-end\"><\/span><\/h2>\n<p><img loading=\"lazy\" decoding=\"async\" class=\"alignnone size-full wp-image-7421\" src=\"https:\/\/moverdb.com\/wp-content\/uploads\/Brauns-International-moving-company.png\" alt=\"Mi\u0119dzynarodowa firma przeprowadzkowa Brauns\" width=\"1440\" height=\"683\" data-wp-pid=\"7421\" srcset=\"https:\/\/moverdb.com\/wp-content\/uploads\/Brauns-International-moving-company.png 1440w, https:\/\/moverdb.com\/wp-content\/uploads\/Brauns-International-moving-company-300x142.png 300w, https:\/\/moverdb.com\/wp-content\/uploads\/Brauns-International-moving-company-1024x486.png 1024w, https:\/\/moverdb.com\/wp-content\/uploads\/Brauns-International-moving-company-18x9.png 18w, https:\/\/moverdb.com\/wp-content\/uploads\/Brauns-International-moving-company-600x285.png 600w\" sizes=\"auto, (max-width: 1440px) 100vw, 1440px\" \/><\/p>\n<ul>\n<li>Przeprowadzki lokalne i krajowe<\/li>\n<li>Przeprowadzki mi\u0119dzynarodowe<\/li>\n<li>Przeprowadzki gospodarstw domowych<\/li>\n<li>Przeprowadzki firm<\/li>\n<li>Osobisty konsultant ds. przeprowadzek<\/li>\n<li>Us\u0142uga pakowania<\/li>\n<li>Transport ci\u0119\u017carowy, lotniczy i morski<\/li>\n<li>Przygotowanie dokument\u00f3w<\/li>\n<li>Ubezpieczenia<\/li>\n<li>Us\u0142ugi magazynowania<\/li>\n<\/ul>\n<p>Brauns International to mi\u0119dzynarodowa firma zajmuj\u0105ca si\u0119 przeprowadzkami i magazynowaniem, za\u0142o\u017cona w 1992 r. w Warszawie. <a href=\"https:\/\/moverdb.com\/pl\/moving-to-the-united-states\/moving-to-virginia\/\" data-internallinksmanager029f6b8e52c=\"442\" title=\"Przeprowadzka do Wirginii? 2026 Koszty utrzymania i porady dotycz\u0105ce przeprowadzki\">Wirginia<\/a>i dzia\u0142a z siedzib\u0105 w Sterling. Posiada sie\u0107 agent\u00f3w partnerskich na ca\u0142ym \u015bwiecie, z kt\u00f3rymi wsp\u00f3\u0142pracuje w celu \u015bwiadczenia us\u0142ug przeprowadzek mi\u0119dzynarodowych. Firma jest cz\u0142onkiem IAM z 31-letnim do\u015bwiadczeniem.<\/p>\n<p>Brauns International zapewnia dostosowan\u0105 do potrzeb us\u0142ug\u0119 przeprowadzki z osobistym konsultantem ds. przeprowadzki, kt\u00f3ry koordynuje wszystkie aspekty przeprowadzki. Firma oferuje us\u0142ug\u0119 pakowania przy u\u017cyciu najwy\u017cszej jako\u015bci opakowa\u0144 i folii w celu ochrony rzeczy. Zorganizuj\u0105 i b\u0119d\u0105 \u015bledzi\u0107 transport Twoich rzeczy oraz wype\u0142ni\u0105 i skompletuj\u0105 wszystkie formalno\u015bci i dokumentacj\u0119 do odprawy celnej.<\/p>\n<p>Strona internetowa: <a href=\"https:\/\/www.braunsusa.com\/\" target=\"_blank\" rel=\"noopener\">https:\/\/www.braunsusa.com\/<\/a><\/p>\n<h2><span class=\"ez-toc-section\" id=\"2_DN_Van_Lines\"><\/span><strong>2. DN Van Lines<\/strong><span class=\"ez-toc-section-end\"><\/span><\/h2>\n<p><img loading=\"lazy\" decoding=\"async\" class=\"alignnone size-full wp-image-11307\" src=\"https:\/\/moverdb.com\/wp-content\/uploads\/DN-Van-Lines-international-moving-company.png\" alt=\"DN Van Lines mi\u0119dzynarodowa firma przeprowadzkowa\" width=\"1440\" height=\"670\" data-wp-pid=\"11307\" srcset=\"https:\/\/moverdb.com\/wp-content\/uploads\/DN-Van-Lines-international-moving-company.png 1440w, https:\/\/moverdb.com\/wp-content\/uploads\/DN-Van-Lines-international-moving-company-300x140.png 300w, https:\/\/moverdb.com\/wp-content\/uploads\/DN-Van-Lines-international-moving-company-1024x476.png 1024w, https:\/\/moverdb.com\/wp-content\/uploads\/DN-Van-Lines-international-moving-company-18x8.png 18w, https:\/\/moverdb.com\/wp-content\/uploads\/DN-Van-Lines-international-moving-company-600x279.png 600w\" sizes=\"auto, (max-width: 1440px) 100vw, 1440px\" \/><\/p>\n<ul>\n<li>Przeprowadzki lokalne i mi\u0119dzystanowe<\/li>\n<li>Przeprowadzki na du\u017ce odleg\u0142o\u015bci<\/li>\n<li>Przeprowadzki mieszkaniowe<\/li>\n<li>Przeprowadzki biurowe i handlowe<\/li>\n<li>Dedykowany koordynator ds. przeprowadzki<\/li>\n<li>Us\u0142uga pakowania<\/li>\n<li>Szczeg\u00f3\u0142owe zarz\u0105dzanie zapasami<\/li>\n<li>Organizacja transportu<\/li>\n<li>\u015aledzenie przesy\u0142ek<\/li>\n<li>Bezpieczne przechowywanie kr\u00f3tko- i d\u0142ugoterminowe<\/li>\n<\/ul>\n<p>DN Van Lines to za\u0142o\u017cona w 2001 roku firma zajmuj\u0105ca si\u0119 przeprowadzkami i magazynowaniem z lokalizacjami w Sterling, <a href=\"https:\/\/moverdb.com\/pl\/moving-to-the-united-states\/moving-to-florida\/\" data-internallinksmanager029f6b8e52c=\"331\" title=\"Przeprowadzka na Floryd\u0119? 2026 Koszty utrzymania i porady dotycz\u0105ce przeprowadzki\">Floryda<\/a> oraz <a href=\"https:\/\/moverdb.com\/pl\/moving-to-the-united-states\/moving-to-massachusetts\/\" data-internallinksmanager029f6b8e52c=\"412\" title=\"Przeprowadzka do Massachusetts? Koszty utrzymania i wskaz\u00f3wki dotycz\u0105ce relokacji w 2023 r.\">Massachusetts<\/a>. S\u0105 cz\u0142onkiem IAM z 20-letnim do\u015bwiadczeniem, co daje im dost\u0119p do mi\u0119dzynarodowej sieci agent\u00f3w przeprowadzkowych.<\/p>\n<p>DN Van Lines oferuje ankiet\u0119 w domu lub wirtualn\u0105 ankiet\u0119 w celu oszacowania wielko\u015bci przeprowadzki i zapewnia dedykowanego koordynatora przeprowadzki. DN Van Lines zapewnia us\u0142ug\u0119 pakowania, w ramach kt\u00f3rej przeszkolone ekipy bezpiecznie pakuj\u0105 przedmioty i sporz\u0105dzaj\u0105 szczeg\u00f3\u0142ow\u0105 inwentaryzacj\u0119, kt\u00f3ra b\u0119dzie bezpiecznie przechowywana w ich systemie. Firma zorganizuje transport przedmiot\u00f3w do miejsca docelowego, a przesy\u0142ki b\u0119d\u0105 \u015bledzone przez GPS.<\/p>\n<p>Strona internetowa: <a href=\"https:\/\/dnvanlines.com\/\" target=\"_blank\" rel=\"noopener\">https:\/\/dnvanlines.com\/<\/a><\/p>\n<h2><span class=\"ez-toc-section\" id=\"3_JK_Moving_Services\"><\/span><strong>3. JK Moving Services<\/strong><span class=\"ez-toc-section-end\"><\/span><\/h2>\n<p><img loading=\"lazy\" decoding=\"async\" class=\"alignnone size-full wp-image-11662\" src=\"https:\/\/moverdb.com\/wp-content\/uploads\/JK-Moving-Services-international-moving-company.png\" alt=\"JK Moving Services mi\u0119dzynarodowa firma przeprowadzkowa\" width=\"1440\" height=\"678\" data-wp-pid=\"11662\" srcset=\"https:\/\/moverdb.com\/wp-content\/uploads\/JK-Moving-Services-international-moving-company.png 1440w, https:\/\/moverdb.com\/wp-content\/uploads\/JK-Moving-Services-international-moving-company-300x141.png 300w, https:\/\/moverdb.com\/wp-content\/uploads\/JK-Moving-Services-international-moving-company-1024x482.png 1024w, https:\/\/moverdb.com\/wp-content\/uploads\/JK-Moving-Services-international-moving-company-18x8.png 18w, https:\/\/moverdb.com\/wp-content\/uploads\/JK-Moving-Services-international-moving-company-600x283.png 600w\" sizes=\"auto, (max-width: 1440px) 100vw, 1440px\" \/><\/p>\n<ul>\n<li>Przeprowadzki lokalne i na du\u017ce odleg\u0142o\u015bci<\/li>\n<li>Przeprowadzki mi\u0119dzynarodowe<\/li>\n<li>Przeprowadzki mieszkaniowe<\/li>\n<li>Przeprowadzki handlowe<\/li>\n<li>Us\u0142uga \"od drzwi do drzwi\".<\/li>\n<li>Dedykowany kierownik przeprowadzki<\/li>\n<li>Us\u0142uga pakowania<\/li>\n<li>Fracht samochodowy, kolejowy, morski i lotniczy<\/li>\n<li>Odprawa celna<\/li>\n<li>Bezpieczne przechowywanie<\/li>\n<\/ul>\n<p>JK Moving Services to firma zajmuj\u0105ca si\u0119 relokacj\u0105 i logistyk\u0105, kt\u00f3ra dzia\u0142a od ponad 40 lat i posiada lokalizacje w Sterling, <a href=\"https:\/\/moverdb.com\/pl\/moving-to-the-united-states\/moving-to-maryland\/\" data-internallinksmanager029f6b8e52c=\"467\" title=\"Przeprowadzka do Maryland? Koszty utrzymania i wskaz\u00f3wki dotycz\u0105ce relokacji w 2024 r.\">Maryland<\/a> i Waszyngtonie. Dysponuj\u0105 kompleksow\u0105 globaln\u0105 sieci\u0105 transportow\u0105, kt\u00f3ra wspiera ich w \u015bwiadczeniu us\u0142ug mi\u0119dzynarodowych. Firma jest cz\u0142onkiem IAM z 44-letnim do\u015bwiadczeniem i posiada akredytacj\u0119 FIDI.<\/p>\n<p>JK Moving Services oferuje us\u0142ugi przeprowadzek od drzwi do drzwi dla klient\u00f3w indywidualnych i komercyjnych z dedykowanym kierownikiem przeprowadzki, kt\u00f3ry koordynuje ca\u0142\u0105 logistyk\u0119. Zapewnia profesjonalnych, przeszkolonych pracownik\u00f3w, kt\u00f3rzy bezpiecznie zapakuj\u0105 i za\u0142aduj\u0105 przedmioty, a po dostarczeniu roz\u0142aduj\u0105 je i rozpakuj\u0105.<\/p>\n<p>Strona internetowa: <a href=\"https:\/\/www.jkmoving.com\/\" target=\"_blank\" rel=\"noopener\">https:\/\/www.jkmoving.com\/<\/a><\/p>\n<h2><span class=\"ez-toc-section\" id=\"4_Laing_International\"><\/span><strong>4. Laing International<\/strong><span class=\"ez-toc-section-end\"><\/span><\/h2>\n<p><img loading=\"lazy\" decoding=\"async\" class=\"alignnone size-full wp-image-11361\" src=\"https:\/\/moverdb.com\/wp-content\/uploads\/Laing-International-moving-company.png\" alt=\"Mi\u0119dzynarodowa firma przeprowadzkowa Laing\" width=\"1440\" height=\"681\" data-wp-pid=\"11361\" srcset=\"https:\/\/moverdb.com\/wp-content\/uploads\/Laing-International-moving-company.png 1440w, https:\/\/moverdb.com\/wp-content\/uploads\/Laing-International-moving-company-300x142.png 300w, https:\/\/moverdb.com\/wp-content\/uploads\/Laing-International-moving-company-1024x484.png 1024w, https:\/\/moverdb.com\/wp-content\/uploads\/Laing-International-moving-company-18x9.png 18w, https:\/\/moverdb.com\/wp-content\/uploads\/Laing-International-moving-company-600x284.png 600w\" sizes=\"auto, (max-width: 1440px) 100vw, 1440px\" \/><\/p>\n<ul>\n<li>Lokalne us\u0142ugi frachtowe<\/li>\n<li>Fracht mi\u0119dzynarodowy<\/li>\n<li>Poszczeg\u00f3lne towary<\/li>\n<li>Towary handlowe<\/li>\n<li>Zarz\u0105dzanie przesy\u0142kami<\/li>\n<li>Us\u0142uga pakowania<\/li>\n<li>Crating<\/li>\n<li>Organizacja transportu<\/li>\n<li>Odprawa celna<\/li>\n<li>Ubezpieczenia<\/li>\n<\/ul>\n<p>Laing International jest brokerem celnym i <a href=\"https:\/\/moverdb.com\/pl\/freight-forwarder\/\" data-internallinksmanager029f6b8e52c=\"17\" title=\"Spedytor i NVOCC Mi\u0119dzynarodowy Przewodnik po Kosztach i Firmach\">spedytor<\/a> z siedzib\u0105 w Sterling i Maryland, kt\u00f3ra zosta\u0142a za\u0142o\u017cona w 1979 roku. Jest cz\u0142onkiem IAM z 44-letnim do\u015bwiadczeniem, kt\u00f3re zapewnia jej mi\u0119dzynarodow\u0105 sie\u0107 firm wspieraj\u0105cych j\u0105 w \u015bwiadczeniu us\u0142ug na ca\u0142ym \u015bwiecie.<\/p>\n<p>Laing International to firma specjalizuj\u0105ca si\u0119 w po\u015brednictwie celnym i spedycji, kt\u00f3rej celem jest zmniejszenie op\u00f3\u017anie\u0144 i zaoszcz\u0119dzenie pieni\u0119dzy na przewozie towar\u00f3w na skal\u0119 lokaln\u0105 lub mi\u0119dzynarodow\u0105. Zapewnia lokalne us\u0142ugi przewozowe i us\u0142ugi spedycji lotniczej, w tym bezpieczne pakowanie i skrzynie z ubezpieczeniem. Zajmuje si\u0119 r\u00f3wnie\u017c odpraw\u0105 celn\u0105 w celu przeniesienia towar\u00f3w mi\u0119dzy krajami.<\/p>\n<p>Strona internetowa: <a href=\"http:\/\/www.lainginternational.com\/\" target=\"_blank\" rel=\"noopener\">http:\/\/www.lainginternational.com\/<\/a><\/p>\n<h2><span class=\"ez-toc-section\" id=\"5_RelogistiX\"><\/span><strong>5. RelogistiX<\/strong><span class=\"ez-toc-section-end\"><\/span><\/h2>\n<p><img loading=\"lazy\" decoding=\"async\" class=\"alignnone size-full wp-image-11663\" src=\"https:\/\/moverdb.com\/wp-content\/uploads\/Relogistix-international-moving-company.png\" alt=\"Relogistix mi\u0119dzynarodowa firma przeprowadzkowa\" width=\"1440\" height=\"680\" data-wp-pid=\"11663\" srcset=\"https:\/\/moverdb.com\/wp-content\/uploads\/Relogistix-international-moving-company.png 1440w, https:\/\/moverdb.com\/wp-content\/uploads\/Relogistix-international-moving-company-300x142.png 300w, https:\/\/moverdb.com\/wp-content\/uploads\/Relogistix-international-moving-company-1024x484.png 1024w, https:\/\/moverdb.com\/wp-content\/uploads\/Relogistix-international-moving-company-18x9.png 18w, https:\/\/moverdb.com\/wp-content\/uploads\/Relogistix-international-moving-company-600x283.png 600w\" sizes=\"auto, (max-width: 1440px) 100vw, 1440px\" \/><\/p>\n<ul>\n<li>Przeniesienia mi\u0119dzynarodowe<\/li>\n<li>Przeprowadzki gospodarstw domowych<\/li>\n<li>Us\u0142uga \"od drzwi do drzwi\".<\/li>\n<li>Dedykowany koordynator<\/li>\n<li>Badanie w domu<\/li>\n<li>Us\u0142uga pakowania<\/li>\n<li>Wysokiej jako\u015bci materia\u0142y do pakowania<\/li>\n<li>Transport l\u0105dowy, lotniczy i morski<\/li>\n<li>Odprawa celna<\/li>\n<li>Rozpakowywanie i usuwanie gruzu<\/li>\n<\/ul>\n<p>RelogistiX to firma zajmuj\u0105ca si\u0119 relokacj\u0105 i logistyk\u0105 z lokalizacjami w Sterling i Aleksandrii. Jest cz\u0142onkiem IAM z 36-letnim do\u015bwiadczeniem, co daje jej dost\u0119p do mi\u0119dzynarodowej sieci agent\u00f3w przeprowadzkowych.<\/p>\n<p>RelogistiX oferuje bezp\u0142atne konsultacje przed przeprowadzk\u0105 w celu om\u00f3wienia wymaga\u0144, a tak\u017ce przeprowadzi ankiet\u0119 i wycen\u0119 w domu. RelogistiX zapewnia wyznaczonego koordynatora, kt\u00f3ry b\u0119dzie g\u0142\u00f3wnym kontaktem podczas ca\u0142ej przeprowadzki. Firma korzysta z najlepszych materia\u0142\u00f3w do pakowania, kt\u00f3re spe\u0142niaj\u0105 mi\u0119dzynarodowe standardy, oraz niestandardowych skrzy\u0144 do ochrony przedmiot\u00f3w. Po przybyciu na miejsce, firma roz\u0142aduje i rozpakuje przedmioty oraz usunie wszelkie zanieczyszczenia.<\/p>\n<p>Strona internetowa: <a href=\"https:\/\/www.relogistix.net\/\" target=\"_blank\" rel=\"noopener\">https:\/\/www.relogistix.net\/<\/a><\/p>\n<h2><span class=\"ez-toc-section\" id=\"6_Star_Moving_Solutions\"><\/span><strong>6. Star Moving Solutions<\/strong><span class=\"ez-toc-section-end\"><\/span><\/h2>\n<p><img loading=\"lazy\" decoding=\"async\" class=\"alignnone size-full wp-image-5207\" src=\"https:\/\/moverdb.com\/wp-content\/uploads\/Star-Moving-international-moving-company.png\" alt=\"Star Moving firma zajmuj\u0105ca si\u0119 przeprowadzkami mi\u0119dzynarodowymi\" width=\"1440\" height=\"683\" data-wp-pid=\"5207\" srcset=\"https:\/\/moverdb.com\/wp-content\/uploads\/Star-Moving-international-moving-company.png 1440w, https:\/\/moverdb.com\/wp-content\/uploads\/Star-Moving-international-moving-company-300x142.png 300w, https:\/\/moverdb.com\/wp-content\/uploads\/Star-Moving-international-moving-company-1024x486.png 1024w, https:\/\/moverdb.com\/wp-content\/uploads\/Star-Moving-international-moving-company-18x9.png 18w, https:\/\/moverdb.com\/wp-content\/uploads\/Star-Moving-international-moving-company-600x285.png 600w\" sizes=\"auto, (max-width: 1440px) 100vw, 1440px\" \/><\/p>\n<ul>\n<li>Ruchy krajowe<\/li>\n<li>Przeprowadzki mi\u0119dzynarodowe<\/li>\n<li>Przeprowadzki gospodarstw domowych<\/li>\n<li>Relokacje przedsi\u0119biorstw<\/li>\n<li>Us\u0142uga \"od drzwi do drzwi\".<\/li>\n<li>Us\u0142ugi pakowania<\/li>\n<li>Organizacja transportu<\/li>\n<li>Wsparcie celne<\/li>\n<li>Systemy \u015bledzenia<\/li>\n<li>Rozwi\u0105zania w zakresie przechowywania<\/li>\n<\/ul>\n<p>Star Moving Solutions to krajowa i mi\u0119dzynarodowa firma przeprowadzkowa za\u0142o\u017cona w 1998 roku. Jest cz\u0142onkiem Van Line z rozleg\u0142\u0105 \u015bwiatow\u0105 sieci\u0105 firm przeprowadzkowych, kt\u00f3re wspieraj\u0105 ich w \u015bwiadczeniu us\u0142ug mi\u0119dzynarodowych w ponad 160 krajach. Firma jest cz\u0142onkiem IAM z 25-letnim do\u015bwiadczeniem.<\/p>\n<p>Star Moving Solutions oferuje ankiet\u0119 w domu w celu ustalenia wielko\u015bci przeprowadzki i przedstawienia wyceny. Firma zapewnia jeden punkt kontaktowy, kt\u00f3ry pomaga w trakcie ca\u0142ej przeprowadzki i posiada system \u015bledzenia post\u0119p\u00f3w. Firma oferuje specjalistyczne us\u0142ugi pakowania i owijania w przypadku przeprowadzek zagranicznych i pomaga w odprawie celnej.<\/p>\n<p>Strona internetowa: <a href=\"https:\/\/starint.com\/\" target=\"_blank\" rel=\"noopener\">https:\/\/starint.com\/<\/a><\/p>","protected":false},"excerpt":{"rendered":"<p>Moving can be a busy time so getting some help can really lighten the load. You can engage a moving company to help with a range of moving tasks including planning your move, packing your items, arranging transport and handling any customs documentation. Below we have compiled a list of Sterling based removal companies that [&hellip;]<\/p>\n","protected":false},"author":4,"featured_media":7421,"parent":190,"menu_order":0,"comment_status":"closed","ping_status":"closed","template":"","meta":{"_genesis_hide_title":false,"_genesis_hide_breadcrumbs":false,"_genesis_hide_singular_image":false,"_genesis_hide_footer_widgets":false,"_genesis_custom_body_class":"","_genesis_custom_post_class":"","_genesis_layout":"","footnotes":""},"class_list":{"0":"post-11661","1":"page","2":"type-page","3":"status-publish","4":"has-post-thumbnail","6":"entry"},"_links":{"self":[{"href":"https:\/\/moverdb.com\/pl\/wp-json\/wp\/v2\/pages\/11661","targetHints":{"allow":["GET"]}}],"collection":[{"href":"https:\/\/moverdb.com\/pl\/wp-json\/wp\/v2\/pages"}],"about":[{"href":"https:\/\/moverdb.com\/pl\/wp-json\/wp\/v2\/types\/page"}],"author":[{"embeddable":true,"href":"https:\/\/moverdb.com\/pl\/wp-json\/wp\/v2\/users\/4"}],"replies":[{"embeddable":true,"href":"https:\/\/moverdb.com\/pl\/wp-json\/wp\/v2\/comments?post=11661"}],"version-history":[{"count":2,"href":"https:\/\/moverdb.com\/pl\/wp-json\/wp\/v2\/pages\/11661\/revisions"}],"predecessor-version":[{"id":11665,"href":"https:\/\/moverdb.com\/pl\/wp-json\/wp\/v2\/pages\/11661\/revisions\/11665"}],"up":[{"embeddable":true,"href":"https:\/\/moverdb.com\/pl\/wp-json\/wp\/v2\/pages\/190"}],"wp:featuredmedia":[{"embeddable":true,"href":"https:\/\/moverdb.com\/pl\/wp-json\/wp\/v2\/media\/7421"}],"wp:attachment":[{"href":"https:\/\/moverdb.com\/pl\/wp-json\/wp\/v2\/media?parent=11661"}],"curies":[{"name":"wp","href":"https:\/\/api.w.org\/{rel}","templated":true}]}}