{"id":11659,"date":"2023-11-29T10:20:43","date_gmt":"2023-11-29T10:20:43","guid":{"rendered":"https:\/\/moverdb.com\/?page_id=11659"},"modified":"2026-01-08T15:23:50","modified_gmt":"2026-01-08T15:23:50","slug":"moving-companies-us-south-carolina","status":"publish","type":"page","link":"https:\/\/moverdb.com\/pl\/moving-companies\/moving-companies-us-south-carolina\/","title":{"rendered":"2 najlepsze firmy zajmuj\u0105ce si\u0119 przeprowadzkami mi\u0119dzynarodowymi w Karolinie Po\u0142udniowej"},"content":{"rendered":"<p>Przeprowadzka mo\u017ce by\u0107 przyt\u0142aczaj\u0105ca, poniewa\u017c jest tak wiele do zrobienia, takich jak planowanie, pakowanie, organizowanie transportu i obs\u0142uga celna w przypadku przeprowadzki za granic\u0119. A <a href=\"https:\/\/moverdb.com\/pl\/moving-companies\/\" data-internallinksmanager029f6b8e52c=\"79\" title=\"25 najlepszych firm przeprowadzek mi\u0119dzynarodowych online\">przedsi\u0119biorstwo przeprowadzkowe<\/a> mo\u017ce pom\u00f3c w niekt\u00f3rych lub wszystkich tych kwestiach. Poni\u017cej przygotowali\u015bmy list\u0119 <a href=\"https:\/\/moverdb.com\/pl\/moving-to-the-united-states\/moving-to-south-carolina\/\" data-internallinksmanager029f6b8e52c=\"408\" title=\"Przeprowadzka do Karoliny Po\u0142udniowej? 2026 Koszty utrzymania i porady dotycz\u0105ce przeprowadzki\">Karolina Po\u0142udniowa<\/a> na stronie <a href=\"https:\/\/moverdb.com\/pl\/international-removals\/\" data-internallinksmanager029f6b8e52c=\"27\" title=\"36 najlepszych firm zajmuj\u0105cych si\u0119 przeprowadzkami mi\u0119dzynarodowymi w Wielkiej Brytanii\">przedsi\u0119biorstwa przeprowadzkowe<\/a> kt\u00f3re s\u0105 cz\u0142onkami <a href=\"https:\/\/moverdb.com\/pl\/iam\/\" data-internallinksmanager029f6b8e52c=\"23\" title=\"Mi\u0119dzynarodowe Stowarzyszenie Przewo\u017anik\u00f3w (IAM) - obja\u015bnienia\">Mi\u0119dzynarodowe Stowarzyszenie Przewo\u017anik\u00f3w<\/a> (IAM) i\/lub <a href=\"https:\/\/moverdb.com\/pl\/fidi-faim\/\" data-internallinksmanager029f6b8e52c=\"16\" title=\"FIDI i FAIM (FIDI Accredited International Mover) - obja\u015bnienia\">FIDI<\/a> Accredited International Mover (FAIM), kt\u00f3ra mo\u017ce pom\u00f3c Ci w przeprowadzce.<\/p>\n<h2><strong>1. Carrie International Freight Services<\/strong><\/h2>\n<p><img loading=\"lazy\" decoding=\"async\" class=\"alignnone size-full wp-image-11282\" src=\"https:\/\/moverdb.com\/wp-content\/uploads\/Carrie-International-Freight-Services-moving-company.png\" alt=\"Carrie International Freight Services - firma przeprowadzkowa\" width=\"1440\" height=\"675\" data-wp-pid=\"11282\" srcset=\"https:\/\/moverdb.com\/wp-content\/uploads\/Carrie-International-Freight-Services-moving-company.png 1440w, https:\/\/moverdb.com\/wp-content\/uploads\/Carrie-International-Freight-Services-moving-company-300x141.png 300w, https:\/\/moverdb.com\/wp-content\/uploads\/Carrie-International-Freight-Services-moving-company-1024x480.png 1024w, https:\/\/moverdb.com\/wp-content\/uploads\/Carrie-International-Freight-Services-moving-company-18x8.png 18w, https:\/\/moverdb.com\/wp-content\/uploads\/Carrie-International-Freight-Services-moving-company-600x281.png 600w\" sizes=\"auto, (max-width: 1440px) 100vw, 1440px\" \/><\/p>\n<ul>\n<li>Us\u0142ugi w zakresie importu i eksportu<\/li>\n<li>Fracht mi\u0119dzynarodowy<\/li>\n<li>Przeprowadzki gospodarstw domowych<\/li>\n<li>Fracht handlowy<\/li>\n<li>Zindywidualizowane us\u0142ugi<\/li>\n<li>Obs\u0142uga transportu<\/li>\n<li>Fracht morski<\/li>\n<li>Maklerstwo celne<\/li>\n<li>Obs\u0142uga antyk\u00f3w<\/li>\n<li><a href=\"https:\/\/moverdb.com\/pl\/car-transport-shipping\/\" data-internallinksmanager029f6b8e52c=\"2\" title=\"2026 Mi\u0119dzynarodowy transport samochodowy i wyceny wysy\u0142ki pojazd\u00f3w\">Spedycja pojazd\u00f3w<\/a><\/li>\n<\/ul>\n<p>Carrie International Freight Services jest firm\u0105 \u015bwiadcz\u0105c\u0105 <a href=\"https:\/\/moverdb.com\/pl\/freight-forwarder\/\" data-internallinksmanager029f6b8e52c=\"17\" title=\"Spedytor i NVOCC Mi\u0119dzynarodowy Przewodnik po Kosztach i Firmach\">spedytor<\/a> i broker celny z siedzib\u0105 w Charleston. Swoje us\u0142ugi \u015bwiadczy na terenie ca\u0142ego <a href=\"https:\/\/moverdb.com\/pl\/moving-to-the-united-states\/\" data-internallinksmanager029f6b8e52c=\"94\" title=\"Przeprowadzasz si\u0119 do Stan\u00f3w Zjednoczonych? 2026 Koszty \u017cycia i wskaz\u00f3wki dotycz\u0105ce przeprowadzki\">USA<\/a> oraz do i z wielu kraj\u00f3w na ca\u0142ym \u015bwiecie. Firma jest cz\u0142onkiem IAM, co daje jej dost\u0119p do mi\u0119dzynarodowej sieci agent\u00f3w przeprowadzkowych, z kt\u00f3rymi mo\u017ce wsp\u00f3\u0142pracowa\u0107.<\/p>\n<p>Carrie International Freight Services oferuje spersonalizowane i profesjonalne us\u0142ugi dostosowane do potrzeb klienta. \u015awiadcz\u0105 us\u0142ugi spedycyjne wy\u0142\u0105cznie za po\u015brednictwem frachtu morskiego i zarz\u0105dzaj\u0105 wszystkimi us\u0142ugami importu i eksportu szerokiej gamy towar\u00f3w, w tym artyku\u0142\u00f3w gospodarstwa domowego, antyk\u00f3w i pojazd\u00f3w silnikowych.<\/p>\n<p>Strona internetowa: <a href=\"http:\/\/www.cifservices.com\" target=\"_blank\" rel=\"noopener\">http:\/\/www.cifservices.com<\/a><\/p>\n<h2><strong>2. Nilson Van &amp; Storage<\/strong><\/h2>\n<p><img loading=\"lazy\" decoding=\"async\" class=\"alignnone size-full wp-image-11395\" src=\"https:\/\/moverdb.com\/wp-content\/uploads\/Nilson-Van-Storage-international-moving-company.png\" alt=\"Nilson Van &amp; Storage - mi\u0119dzynarodowa firma przeprowadzkowa\" width=\"1440\" height=\"675\" data-wp-pid=\"11395\" srcset=\"https:\/\/moverdb.com\/wp-content\/uploads\/Nilson-Van-Storage-international-moving-company.png 1440w, https:\/\/moverdb.com\/wp-content\/uploads\/Nilson-Van-Storage-international-moving-company-300x141.png 300w, https:\/\/moverdb.com\/wp-content\/uploads\/Nilson-Van-Storage-international-moving-company-1024x480.png 1024w, https:\/\/moverdb.com\/wp-content\/uploads\/Nilson-Van-Storage-international-moving-company-18x8.png 18w, https:\/\/moverdb.com\/wp-content\/uploads\/Nilson-Van-Storage-international-moving-company-600x281.png 600w\" sizes=\"auto, (max-width: 1440px) 100vw, 1440px\" \/><\/p>\n<ul>\n<li>Przeprowadzki lokalne i na du\u017ce odleg\u0142o\u015bci<\/li>\n<li>Przeprowadzki mi\u0119dzynarodowe<\/li>\n<li>Przeprowadzki mieszkaniowe<\/li>\n<li>Przeprowadzki handlowe<\/li>\n<li>Relokacje przedsi\u0119biorstw<\/li>\n<li>Us\u0142uga pakowania<\/li>\n<li>Transport l\u0105dowy, lotniczy i morski<\/li>\n<li>Transport pojazd\u00f3w<\/li>\n<li>Ubezpieczenia<\/li>\n<li>Opcje przechowywania<\/li>\n<\/ul>\n<p>Nilson Van &amp; Storage to firma zajmuj\u0105ca si\u0119 pakowaniem, przeprowadzkami i magazynowaniem, za\u0142o\u017cona w 1938 roku i maj\u0105ca siedzib\u0119 w Columbii w Po\u0142udniowej Karolinie. Jest cz\u0119\u015bci\u0105 Mayflower Movers, kt\u00f3ra rozszerza swoj\u0105 sie\u0107 agent\u00f3w przeprowadzkowych, kt\u00f3rzy mog\u0105 wspiera\u0107 ich w \u015bwiadczeniu us\u0142ug w ponad 160 krajach. Firma jest cz\u0142onkiem IAM z 85-letnim do\u015bwiadczeniem.<\/p>\n<p>Nilson Van &amp; Storage zapewnia us\u0142ug\u0119 pakowania z wykwalifikowanymi pracownikami przeprowadzkowymi, kt\u00f3rzy bezpiecznie zapakuj\u0105 Twoje rzeczy i sporz\u0105dz\u0105 szczeg\u00f3\u0142ow\u0105 inwentaryzacj\u0119. Zorganizuj\u0105 transport Twoich przedmiot\u00f3w z informacjami o \u015bledzeniu, aby\u015b wiedzia\u0142, gdzie si\u0119 znajduj\u0105.<\/p>\n<p>Strona internetowa: <a href=\"http:\/\/www.nilsonvan.com\/\" target=\"_blank\" rel=\"noopener\">http:\/\/www.nilsonvan.com\/<\/a><\/p>","protected":false},"excerpt":{"rendered":"<p>Moving can be overwhelming as there is so much to do such as planning, packing, arranging transport and if moving abroad customs handling. A moving company can assist you with some or all of this. Below we have compiled a list of South Carolina based removal companies that are members of the International Association of [&hellip;]<\/p>\n","protected":false},"author":4,"featured_media":11282,"parent":190,"menu_order":0,"comment_status":"closed","ping_status":"closed","template":"","meta":{"_genesis_hide_title":false,"_genesis_hide_breadcrumbs":false,"_genesis_hide_singular_image":false,"_genesis_hide_footer_widgets":false,"_genesis_custom_body_class":"","_genesis_custom_post_class":"","_genesis_layout":"","footnotes":""},"class_list":{"0":"post-11659","1":"page","2":"type-page","3":"status-publish","4":"has-post-thumbnail","6":"entry"},"_links":{"self":[{"href":"https:\/\/moverdb.com\/pl\/wp-json\/wp\/v2\/pages\/11659","targetHints":{"allow":["GET"]}}],"collection":[{"href":"https:\/\/moverdb.com\/pl\/wp-json\/wp\/v2\/pages"}],"about":[{"href":"https:\/\/moverdb.com\/pl\/wp-json\/wp\/v2\/types\/page"}],"author":[{"embeddable":true,"href":"https:\/\/moverdb.com\/pl\/wp-json\/wp\/v2\/users\/4"}],"replies":[{"embeddable":true,"href":"https:\/\/moverdb.com\/pl\/wp-json\/wp\/v2\/comments?post=11659"}],"version-history":[{"count":1,"href":"https:\/\/moverdb.com\/pl\/wp-json\/wp\/v2\/pages\/11659\/revisions"}],"predecessor-version":[{"id":11660,"href":"https:\/\/moverdb.com\/pl\/wp-json\/wp\/v2\/pages\/11659\/revisions\/11660"}],"up":[{"embeddable":true,"href":"https:\/\/moverdb.com\/pl\/wp-json\/wp\/v2\/pages\/190"}],"wp:featuredmedia":[{"embeddable":true,"href":"https:\/\/moverdb.com\/pl\/wp-json\/wp\/v2\/media\/11282"}],"wp:attachment":[{"href":"https:\/\/moverdb.com\/pl\/wp-json\/wp\/v2\/media?parent=11659"}],"curies":[{"name":"wp","href":"https:\/\/api.w.org\/{rel}","templated":true}]}}