{"id":11656,"date":"2023-11-29T10:42:35","date_gmt":"2023-11-29T10:42:35","guid":{"rendered":"https:\/\/moverdb.com\/?page_id=11656"},"modified":"2026-01-08T15:24:53","modified_gmt":"2026-01-08T15:24:53","slug":"moving-companies-us-seattle","status":"publish","type":"page","link":"https:\/\/moverdb.com\/pl\/moving-companies\/moving-companies-us-seattle\/","title":{"rendered":"4 najlepsze firmy przeprowadzkowe w Seattle"},"content":{"rendered":"<p>Planujesz przeprowadzk\u0119 do lub z <a href=\"https:\/\/moverdb.com\/pl\/moving-to-seattle\/\" data-internallinksmanager029f6b8e52c=\"65\" title=\"Przeprowadzasz si\u0119 do Seattle? 2026 Koszty utrzymania i wskaz\u00f3wki dotycz\u0105ce przeprowadzki\">Seattle<\/a>? Nast\u0119pnie zatrudniaj\u0105c <a href=\"https:\/\/moverdb.com\/pl\/moving-companies\/\" data-internallinksmanager029f6b8e52c=\"79\" title=\"25 najlepszych firm przeprowadzek mi\u0119dzynarodowych online\">przedsi\u0119biorstwo przeprowadzkowe<\/a> aby pom\u00f3c Ci w pakowaniu, organizowaniu transportu i obs\u0142udze celnej w przypadku przeprowadzek mi\u0119dzynarodowych, mo\u017ce pom\u00f3c w uproszczeniu przeprowadzki. Poni\u017cej przedstawiamy list\u0119 firm z siedzib\u0105 w Seattle. <a href=\"https:\/\/moverdb.com\/pl\/international-removals\/\" data-internallinksmanager029f6b8e52c=\"27\" title=\"36 najlepszych firm zajmuj\u0105cych si\u0119 przeprowadzkami mi\u0119dzynarodowymi w Wielkiej Brytanii\">przedsi\u0119biorstwa przeprowadzkowe<\/a> kt\u00f3re s\u0105 cz\u0142onkami <a href=\"https:\/\/moverdb.com\/pl\/iam\/\" data-internallinksmanager029f6b8e52c=\"23\" title=\"Mi\u0119dzynarodowe Stowarzyszenie Przewo\u017anik\u00f3w (IAM) - obja\u015bnienia\">Mi\u0119dzynarodowe Stowarzyszenie Przewo\u017anik\u00f3w<\/a> (IAM) i\/lub <a href=\"https:\/\/moverdb.com\/pl\/fidi-faim\/\" data-internallinksmanager029f6b8e52c=\"16\" title=\"FIDI i FAIM (FIDI Accredited International Mover) - obja\u015bnienia\">FIDI<\/a> Accredited International Mover (FAIM), kt\u00f3ra mo\u017ce pom\u00f3c Ci w przeprowadzce.<\/p>\n<div id=\"ez-toc-container\" class=\"ez-toc-v2_0_82_2 ez-toc-wrap-left counter-hierarchy ez-toc-counter ez-toc-transparent ez-toc-container-direction\">\n<div class=\"ez-toc-title-container\">\n<p class=\"ez-toc-title\" style=\"cursor:inherit\">Sekcje<\/p>\n<span class=\"ez-toc-title-toggle\"><a href=\"#\" class=\"ez-toc-pull-right ez-toc-btn ez-toc-btn-xs ez-toc-btn-default ez-toc-toggle\" aria-label=\"Prze\u0142\u0105cznik Spisu Tre\u015bci\"><span class=\"ez-toc-js-icon-con\"><span class=\"\"><span class=\"eztoc-hide\" style=\"display:none;\">Toggle<\/span><span class=\"ez-toc-icon-toggle-span\"><svg style=\"fill: #999;color:#999\" xmlns=\"http:\/\/www.w3.org\/2000\/svg\" class=\"list-377408\" width=\"20px\" height=\"20px\" viewbox=\"0 0 24 24\" fill=\"none\"><path d=\"M6 6H4v2h2V6zm14 0H8v2h12V6zM4 11h2v2H4v-2zm16 0H8v2h12v-2zM4 16h2v2H4v-2zm16 0H8v2h12v-2z\" fill=\"currentColor\"><\/path><\/svg><svg style=\"fill: #999;color:#999\" class=\"arrow-unsorted-368013\" xmlns=\"http:\/\/www.w3.org\/2000\/svg\" width=\"10px\" height=\"10px\" viewbox=\"0 0 24 24\" version=\"1.2\" baseprofile=\"tiny\"><path d=\"M18.2 9.3l-6.2-6.3-6.2 6.3c-.2.2-.3.4-.3.7s.1.5.3.7c.2.2.4.3.7.3h11c.3 0 .5-.1.7-.3.2-.2.3-.5.3-.7s-.1-.5-.3-.7zM5.8 14.7l6.2 6.3 6.2-6.3c.2-.2.3-.5.3-.7s-.1-.5-.3-.7c-.2-.2-.4-.3-.7-.3h-11c-.3 0-.5.1-.7.3-.2.2-.3.5-.3.7s.1.5.3.7z\"\/><\/svg><\/span><\/span><\/span><\/a><\/span><\/div>\n<nav><ul class='ez-toc-list ez-toc-list-level-1 eztoc-toggle-hide-by-default' ><li class='ez-toc-page-1 ez-toc-heading-level-2'><a class=\"ez-toc-link ez-toc-heading-1\" href=\"https:\/\/moverdb.com\/pl\/moving-companies\/moving-companies-us-seattle\/#1_Mitchell_Moving_Storage\" >1. Mitchell Moving &amp; Storage<\/a><\/li><li class='ez-toc-page-1 ez-toc-heading-level-2'><a class=\"ez-toc-link ez-toc-heading-2\" href=\"https:\/\/moverdb.com\/pl\/moving-companies\/moving-companies-us-seattle\/#2_Pioneer_Van_Lines\" >2. Pioneer Van Lines<\/a><\/li><li class='ez-toc-page-1 ez-toc-heading-level-2'><a class=\"ez-toc-link ez-toc-heading-3\" href=\"https:\/\/moverdb.com\/pl\/moving-companies\/moving-companies-us-seattle\/#3_Rainier_Overseas_Movers\" >3. Rainier Overseas Movers<\/a><\/li><li class='ez-toc-page-1 ez-toc-heading-level-2'><a class=\"ez-toc-link ez-toc-heading-4\" href=\"https:\/\/moverdb.com\/pl\/moving-companies\/moving-companies-us-seattle\/#4_True_North\" >4. Prawdziwa p\u00f3\u0142noc<\/a><\/li><\/ul><\/nav><\/div>\n<h2><span class=\"ez-toc-section\" id=\"1_Mitchell_Moving_Storage\"><\/span><strong>1. Mitchell Moving &amp; Storage<\/strong><span class=\"ez-toc-section-end\"><\/span><\/h2>\n<p><img loading=\"lazy\" decoding=\"async\" class=\"alignnone size-full wp-image-11380\" src=\"https:\/\/moverdb.com\/wp-content\/uploads\/Mitchell-Moving-Storage-international-moving-company.png\" alt=\"Mitchell Moving &amp; Storage - mi\u0119dzynarodowa firma przeprowadzkowa\" width=\"1440\" height=\"680\" data-wp-pid=\"11380\" srcset=\"https:\/\/moverdb.com\/wp-content\/uploads\/Mitchell-Moving-Storage-international-moving-company.png 1440w, https:\/\/moverdb.com\/wp-content\/uploads\/Mitchell-Moving-Storage-international-moving-company-300x142.png 300w, https:\/\/moverdb.com\/wp-content\/uploads\/Mitchell-Moving-Storage-international-moving-company-1024x484.png 1024w, https:\/\/moverdb.com\/wp-content\/uploads\/Mitchell-Moving-Storage-international-moving-company-18x9.png 18w, https:\/\/moverdb.com\/wp-content\/uploads\/Mitchell-Moving-Storage-international-moving-company-600x283.png 600w\" sizes=\"auto, (max-width: 1440px) 100vw, 1440px\" \/><\/p>\n<ul>\n<li>Przeprowadzki lokalne i mi\u0119dzystanowe<\/li>\n<li>Przeprowadzki mi\u0119dzynarodowe<\/li>\n<li>Przeprowadzki gospodarstw domowych<\/li>\n<li>Relokacje przedsi\u0119biorstw<\/li>\n<li>Ruchoma ankieta<\/li>\n<li>Spersonalizowana wycena<\/li>\n<li>Us\u0142uga pakowania<\/li>\n<li>Organizacja transportu<\/li>\n<li>Maklerstwo celne<\/li>\n<li>Bezpieczne przechowywanie<\/li>\n<\/ul>\n<p>Mitchell Moving &amp; Storage to firma przeprowadzkowa z ponad 60-letnim do\u015bwiadczeniem z siedzib\u0105 w Seattle. Jest cz\u0119\u015bci\u0105 grupy firm przeprowadzkowych Atlas Van Lines, kt\u00f3ra posiada sie\u0107 350 firm przeprowadzkowych w ca\u0142ym kraju. <a href=\"https:\/\/moverdb.com\/pl\/moving-to-the-united-states\/\" data-internallinksmanager029f6b8e52c=\"94\" title=\"Przeprowadzasz si\u0119 do Stan\u00f3w Zjednoczonych? 2026 Koszty \u017cycia i wskaz\u00f3wki dotycz\u0105ce przeprowadzki\">USA<\/a> i dost\u0119p do \u015bwiatowej sieci. Jest cz\u0142onkiem IAM z 70-letnim do\u015bwiadczeniem.<\/p>\n<p>Mitchell Moving &amp; Storage oferuje lokalne, mi\u0119dzystanowe i mi\u0119dzynarodowe us\u0142ugi przeprowadzkowe, kt\u00f3re rozpoczynaj\u0105 si\u0119 od ankiety przeprowadzkowej w celu ustalenia wymaga\u0144 dotycz\u0105cych przeprowadzki i stworzenia spersonalizowanej wyceny. Mitchell Moving &amp; Storage zapewnia us\u0142ug\u0119 pakowania zgodn\u0105 z mi\u0119dzynarodowymi przepisami i zapewnia op\u0142acalny transport do miejsca docelowego, w tym po\u015brednictwo celne.<\/p>\n<p>Strona internetowa: <a href=\"https:\/\/www.mitchellmoving.com\/\" target=\"_blank\" rel=\"noopener\">https:\/\/www.mitchellmoving.com\/<\/a><\/p>\n<h2><span class=\"ez-toc-section\" id=\"2_Pioneer_Van_Lines\"><\/span><strong>2. Pioneer Van Lines<\/strong><span class=\"ez-toc-section-end\"><\/span><\/h2>\n<p><img loading=\"lazy\" decoding=\"async\" class=\"alignnone size-full wp-image-11409\" src=\"https:\/\/moverdb.com\/wp-content\/uploads\/Pioneer-Van-Lines-international-moving-company.png\" alt=\"Mi\u0119dzynarodowa firma przeprowadzkowa Pioneer Van Lines\" width=\"1440\" height=\"659\" data-wp-pid=\"11409\" srcset=\"https:\/\/moverdb.com\/wp-content\/uploads\/Pioneer-Van-Lines-international-moving-company.png 1440w, https:\/\/moverdb.com\/wp-content\/uploads\/Pioneer-Van-Lines-international-moving-company-300x137.png 300w, https:\/\/moverdb.com\/wp-content\/uploads\/Pioneer-Van-Lines-international-moving-company-1024x469.png 1024w, https:\/\/moverdb.com\/wp-content\/uploads\/Pioneer-Van-Lines-international-moving-company-18x8.png 18w, https:\/\/moverdb.com\/wp-content\/uploads\/Pioneer-Van-Lines-international-moving-company-600x275.png 600w\" sizes=\"auto, (max-width: 1440px) 100vw, 1440px\" \/><\/p>\n<ul>\n<li>Ruchy krajowe<\/li>\n<li>Przeprowadzki mi\u0119dzynarodowe<\/li>\n<li>Ruchy wojsk<\/li>\n<li>Us\u0142uga \"od drzwi do drzwi\".<\/li>\n<li>Organizacja transportu<\/li>\n<li>Odprawa celna<\/li>\n<li>\u015aledzenie przesy\u0142ek<\/li>\n<li>Transport pojazd\u00f3w<\/li>\n<li>Ubezpieczenia<\/li>\n<li>Obiekty magazynowe<\/li>\n<\/ul>\n<p>Pioneer Van Lines to specjalistyczna firma przeprowadzkowa, kt\u00f3ra obs\u0142uguje rodziny wojskowe przeprowadzaj\u0105ce si\u0119 w Stanach Zjednoczonych i za granic\u0119. \u015awiadczy us\u0142ugi przeprowadzek mi\u0119dzynarodowych do ponad 90 kraj\u00f3w, korzystaj\u0105c ze swoich mi\u0119dzynarodowych sieci. Firma jest cz\u0142onkiem IAM z 45-letnim do\u015bwiadczeniem.<\/p>\n<p>Pioneer Van Lines zapewnia do\u015bwiadczonych konsultant\u00f3w transportowych do zarz\u0105dzania przeprowadzk\u0105 od drzwi do drzwi. Pomog\u0105 oni w zarz\u0105dzaniu przeprowadzk\u0105 i zapewnieniu, \u017ce rzeczy s\u0105 zgodne z przepisami dotycz\u0105cymi transportu przez granice mi\u0119dzynarodowe oraz zajm\u0105 si\u0119 ustaleniami celnymi. Pioneer Van Lines oferuje r\u00f3wnie\u017c dodatkowe us\u0142ugi, w tym transport pojazd\u00f3w, ubezpieczenie i magazynowanie.<\/p>\n<p>Strona internetowa: <a href=\"http:\/\/www.pvln.com\/\" target=\"_blank\" rel=\"noopener\">http:\/\/www.pvln.com\/<\/a><\/p>\n<h2><span class=\"ez-toc-section\" id=\"3_Rainier_Overseas_Movers\"><\/span><strong>3. Rainier Overseas Movers<\/strong><span class=\"ez-toc-section-end\"><\/span><\/h2>\n<p><img loading=\"lazy\" decoding=\"async\" class=\"alignnone size-full wp-image-11417\" src=\"https:\/\/moverdb.com\/wp-content\/uploads\/Rainier-Overseas-Movers-international-moving-company.png\" alt=\"Rainier Overseas Movers mi\u0119dzynarodowa firma przeprowadzkowa\" width=\"1440\" height=\"681\" data-wp-pid=\"11417\" srcset=\"https:\/\/moverdb.com\/wp-content\/uploads\/Rainier-Overseas-Movers-international-moving-company.png 1440w, https:\/\/moverdb.com\/wp-content\/uploads\/Rainier-Overseas-Movers-international-moving-company-300x142.png 300w, https:\/\/moverdb.com\/wp-content\/uploads\/Rainier-Overseas-Movers-international-moving-company-1024x484.png 1024w, https:\/\/moverdb.com\/wp-content\/uploads\/Rainier-Overseas-Movers-international-moving-company-18x9.png 18w, https:\/\/moverdb.com\/wp-content\/uploads\/Rainier-Overseas-Movers-international-moving-company-600x284.png 600w\" sizes=\"auto, (max-width: 1440px) 100vw, 1440px\" \/><\/p>\n<ul>\n<li>Ruchy krajowe<\/li>\n<li>Przeprowadzki mi\u0119dzynarodowe<\/li>\n<li>Przeprowadzki gospodarstw domowych<\/li>\n<li>Us\u0142uga \"od drzwi do drzwi\".<\/li>\n<li>Us\u0142uga pakowania<\/li>\n<li>Transport samochodowy, lotniczy lub morski<\/li>\n<li>Mo\u017cliwo\u015b\u0107 wyboru wariant\u00f3w pojemnik\u00f3w<\/li>\n<li>Odprawa celna<\/li>\n<li>Ubezpieczenia<\/li>\n<li>Obiekty magazynowe<\/li>\n<\/ul>\n<p>Rainier Overseas Movers to og\u00f3lnokrajowa sie\u0107 firm \u015bwiadcz\u0105cych us\u0142ugi przeprowadzek mi\u0119dzynarodowych, kt\u00f3ra zosta\u0142a za\u0142o\u017cona w 1979 roku. Rainier Overseas Movers posiada ugruntowan\u0105 sie\u0107 agent\u00f3w przeprowadzkowych \u015bwiadcz\u0105cych us\u0142ugi mi\u0119dzynarodowe i krajowe. Firma jest cz\u0142onkiem IAM z 36-letnim do\u015bwiadczeniem.<\/p>\n<p>Rainier Overseas Movers oferuje us\u0142ug\u0119 przeprowadzki od drzwi do drzwi, kt\u00f3ra pomo\u017ce Ci znale\u017a\u0107 op\u0142acalne rozwi\u0105zania przeprowadzkowe, kt\u00f3re rozpoczynaj\u0105 si\u0119 od wyceny w domu. Firma zapewnia us\u0142ug\u0119 pakowania w celu ochrony rzeczy podczas transportu i zorganizuje transport do niemal ka\u017cdego miejsca docelowego ci\u0119\u017car\u00f3wk\u0105, samolotem lub drog\u0105 morsk\u0105 z odpraw\u0105 celn\u0105.<\/p>\n<p>Strona internetowa: <a href=\"https:\/\/www.rainieros.com\/\" target=\"_blank\" rel=\"noopener\">https:\/\/www.rainieros.com\/<\/a><\/p>\n<h2><span class=\"ez-toc-section\" id=\"4_True_North\"><\/span><strong>4. Prawdziwa p\u00f3\u0142noc<\/strong><span class=\"ez-toc-section-end\"><\/span><\/h2>\n<p><img loading=\"lazy\" decoding=\"async\" class=\"alignnone size-full wp-image-11463\" src=\"https:\/\/moverdb.com\/wp-content\/uploads\/True-North-international-moving-company.png\" alt=\"Mi\u0119dzynarodowa firma przeprowadzkowa True North\" width=\"1440\" height=\"680\" data-wp-pid=\"11463\" srcset=\"https:\/\/moverdb.com\/wp-content\/uploads\/True-North-international-moving-company.png 1440w, https:\/\/moverdb.com\/wp-content\/uploads\/True-North-international-moving-company-300x142.png 300w, https:\/\/moverdb.com\/wp-content\/uploads\/True-North-international-moving-company-1024x484.png 1024w, https:\/\/moverdb.com\/wp-content\/uploads\/True-North-international-moving-company-18x9.png 18w, https:\/\/moverdb.com\/wp-content\/uploads\/True-North-international-moving-company-600x283.png 600w\" sizes=\"auto, (max-width: 1440px) 100vw, 1440px\" \/><\/p>\n<ul>\n<li>Przeprowadzki mi\u0119dzynarodowe<\/li>\n<li>Przeprowadzki gospodarstw domowych<\/li>\n<li>Us\u0142uga dostosowana do potrzeb klienta<\/li>\n<li>Us\u0142uga pakowania<\/li>\n<li>Organizacja transportu<\/li>\n<li>Oprogramowanie do zarz\u0105dzania<\/li>\n<li>Odprawa celna<\/li>\n<li>Transport pojazd\u00f3w<\/li>\n<li>Ubezpieczenia<\/li>\n<li>Rozwi\u0105zania w zakresie przechowywania<\/li>\n<\/ul>\n<p>True North to zagraniczna firma relokacyjna za\u0142o\u017cona w 2004 roku z siedzib\u0105 w Seattle. Posiada wysoko wykwalifikowanych doradc\u00f3w i sprawdzon\u0105 sie\u0107 d\u0142ugoterminowych partner\u00f3w o globalnym zasi\u0119gu, kt\u00f3rzy wspieraj\u0105 mi\u0119dzynarodowe przeprowadzki. Firma jest cz\u0142onkiem IAM z 19-letnim do\u015bwiadczeniem.<\/p>\n<p>True North specjalizuje si\u0119 w przeprowadzkach mi\u0119dzynarodowych i zapewnia wsparcie konsultacyjne, aby pom\u00f3c w poruszaniu si\u0119 po zawi\u0142o\u015bciach globalnych przesy\u0142ek. Zapewnia pe\u0142n\u0105 informacj\u0119, dzi\u0119ki czemu mo\u017cna podejmowa\u0107 w\u0142a\u015bciwe decyzje. Dostarcz\u0105 ci spersonalizowany plan przeprowadzki dostosowany do twoich potrzeb i u\u017cywaj\u0105 oprogramowania, kt\u00f3re pomaga zarz\u0105dza\u0107 przeprowadzk\u0105.<\/p>\n<p>Strona internetowa: <a href=\"https:\/\/www.truenorthrelocation.com\/\" target=\"_blank\" rel=\"noopener\">https:\/\/www.truenorthrelocation.com\/<\/a><\/p>","protected":false},"excerpt":{"rendered":"<p>Are you planning a move to or from Seattle? Then employing a moving company to help you with packing, arranging transport and handling customs for international moves can assist in making your move simpler. Below we have compiled a list of Seattle based removal companies that are members of the International Association of Movers (IAM) [&hellip;]<\/p>\n","protected":false},"author":4,"featured_media":11380,"parent":190,"menu_order":0,"comment_status":"closed","ping_status":"closed","template":"","meta":{"_genesis_hide_title":false,"_genesis_hide_breadcrumbs":false,"_genesis_hide_singular_image":false,"_genesis_hide_footer_widgets":false,"_genesis_custom_body_class":"","_genesis_custom_post_class":"","_genesis_layout":"","footnotes":""},"class_list":{"0":"post-11656","1":"page","2":"type-page","3":"status-publish","4":"has-post-thumbnail","6":"entry"},"_links":{"self":[{"href":"https:\/\/moverdb.com\/pl\/wp-json\/wp\/v2\/pages\/11656","targetHints":{"allow":["GET"]}}],"collection":[{"href":"https:\/\/moverdb.com\/pl\/wp-json\/wp\/v2\/pages"}],"about":[{"href":"https:\/\/moverdb.com\/pl\/wp-json\/wp\/v2\/types\/page"}],"author":[{"embeddable":true,"href":"https:\/\/moverdb.com\/pl\/wp-json\/wp\/v2\/users\/4"}],"replies":[{"embeddable":true,"href":"https:\/\/moverdb.com\/pl\/wp-json\/wp\/v2\/comments?post=11656"}],"version-history":[{"count":2,"href":"https:\/\/moverdb.com\/pl\/wp-json\/wp\/v2\/pages\/11656\/revisions"}],"predecessor-version":[{"id":11658,"href":"https:\/\/moverdb.com\/pl\/wp-json\/wp\/v2\/pages\/11656\/revisions\/11658"}],"up":[{"embeddable":true,"href":"https:\/\/moverdb.com\/pl\/wp-json\/wp\/v2\/pages\/190"}],"wp:featuredmedia":[{"embeddable":true,"href":"https:\/\/moverdb.com\/pl\/wp-json\/wp\/v2\/media\/11380"}],"wp:attachment":[{"href":"https:\/\/moverdb.com\/pl\/wp-json\/wp\/v2\/media?parent=11656"}],"curies":[{"name":"wp","href":"https:\/\/api.w.org\/{rel}","templated":true}]}}