{"id":11654,"date":"2023-11-29T10:37:27","date_gmt":"2023-11-29T10:37:27","guid":{"rendered":"https:\/\/moverdb.com\/?page_id=11654"},"modified":"2026-01-08T15:24:52","modified_gmt":"2026-01-08T15:24:52","slug":"moving-companies-us-san-diego","status":"publish","type":"page","link":"https:\/\/moverdb.com\/pl\/moving-companies\/moving-companies-us-san-diego\/","title":{"rendered":"4 najlepsze mi\u0119dzynarodowe firmy przeprowadzkowe w San Diego"},"content":{"rendered":"<p>Przeprowadzka mo\u017ce by\u0107 stresuj\u0105ca ze wzgl\u0119du na tak wiele rzeczy, o kt\u00f3rych trzeba pomy\u015ble\u0107 i kt\u00f3rymi trzeba zarz\u0105dza\u0107, wi\u0119c skorzystanie z pomocy <a href=\"https:\/\/moverdb.com\/pl\/moving-companies\/\" data-internallinksmanager029f6b8e52c=\"79\" title=\"25 najlepszych firm przeprowadzek mi\u0119dzynarodowych online\">przedsi\u0119biorstwo przeprowadzkowe<\/a> mo\u017ce naprawd\u0119 wiele zmieni\u0107. Mo\u017cesz zaanga\u017cowa\u0107 firm\u0119 przeprowadzkow\u0105 do zaplanowania i zorganizowania przeprowadzki, pakowania i rozpakowywania oraz zarz\u0105dzania procedurami celnymi w przypadku przeprowadzek mi\u0119dzynarodowych. Poni\u017cej przedstawiamy list\u0119 firm przeprowadzkowych z San Diego. <a href=\"https:\/\/moverdb.com\/pl\/international-removals\/\" data-internallinksmanager029f6b8e52c=\"27\" title=\"36 najlepszych firm zajmuj\u0105cych si\u0119 przeprowadzkami mi\u0119dzynarodowymi w Wielkiej Brytanii\">przedsi\u0119biorstwa przeprowadzkowe<\/a> kt\u00f3re s\u0105 cz\u0142onkami <a href=\"https:\/\/moverdb.com\/pl\/iam\/\" data-internallinksmanager029f6b8e52c=\"23\" title=\"Mi\u0119dzynarodowe Stowarzyszenie Przewo\u017anik\u00f3w (IAM) - obja\u015bnienia\">Mi\u0119dzynarodowe Stowarzyszenie Przewo\u017anik\u00f3w<\/a> (IAM) i\/lub <a href=\"https:\/\/moverdb.com\/pl\/fidi-faim\/\" data-internallinksmanager029f6b8e52c=\"16\" title=\"FIDI i FAIM (FIDI Accredited International Mover) - obja\u015bnienia\">FIDI<\/a> Accredited International Mover (FAIM), kt\u00f3ry mo\u017ce pom\u00f3c w przeprowadzce.<\/p>\n<div id=\"ez-toc-container\" class=\"ez-toc-v2_0_82_2 ez-toc-wrap-left counter-hierarchy ez-toc-counter ez-toc-transparent ez-toc-container-direction\">\n<div class=\"ez-toc-title-container\">\n<p class=\"ez-toc-title\" style=\"cursor:inherit\">Sekcje<\/p>\n<span class=\"ez-toc-title-toggle\"><a href=\"#\" class=\"ez-toc-pull-right ez-toc-btn ez-toc-btn-xs ez-toc-btn-default ez-toc-toggle\" aria-label=\"Prze\u0142\u0105cznik Spisu Tre\u015bci\"><span class=\"ez-toc-js-icon-con\"><span class=\"\"><span class=\"eztoc-hide\" style=\"display:none;\">Toggle<\/span><span class=\"ez-toc-icon-toggle-span\"><svg style=\"fill: #999;color:#999\" xmlns=\"http:\/\/www.w3.org\/2000\/svg\" class=\"list-377408\" width=\"20px\" height=\"20px\" viewbox=\"0 0 24 24\" fill=\"none\"><path d=\"M6 6H4v2h2V6zm14 0H8v2h12V6zM4 11h2v2H4v-2zm16 0H8v2h12v-2zM4 16h2v2H4v-2zm16 0H8v2h12v-2z\" fill=\"currentColor\"><\/path><\/svg><svg style=\"fill: #999;color:#999\" class=\"arrow-unsorted-368013\" xmlns=\"http:\/\/www.w3.org\/2000\/svg\" width=\"10px\" height=\"10px\" viewbox=\"0 0 24 24\" version=\"1.2\" baseprofile=\"tiny\"><path d=\"M18.2 9.3l-6.2-6.3-6.2 6.3c-.2.2-.3.4-.3.7s.1.5.3.7c.2.2.4.3.7.3h11c.3 0 .5-.1.7-.3.2-.2.3-.5.3-.7s-.1-.5-.3-.7zM5.8 14.7l6.2 6.3 6.2-6.3c.2-.2.3-.5.3-.7s-.1-.5-.3-.7c-.2-.2-.4-.3-.7-.3h-11c-.3 0-.5.1-.7.3-.2.2-.3.5-.3.7s.1.5.3.7z\"\/><\/svg><\/span><\/span><\/span><\/a><\/span><\/div>\n<nav><ul class='ez-toc-list ez-toc-list-level-1 eztoc-toggle-hide-by-default' ><li class='ez-toc-page-1 ez-toc-heading-level-2'><a class=\"ez-toc-link ez-toc-heading-1\" href=\"https:\/\/moverdb.com\/pl\/moving-companies\/moving-companies-us-san-diego\/#1_ACE_Relocation_Systems\" >1. ACE Relocation Systems<\/a><\/li><li class='ez-toc-page-1 ez-toc-heading-level-2'><a class=\"ez-toc-link ez-toc-heading-2\" href=\"https:\/\/moverdb.com\/pl\/moving-companies\/moving-companies-us-san-diego\/#2_DeWitt_Move_Worldwide\" >2. DeWitt Move Worldwide<\/a><\/li><li class='ez-toc-page-1 ez-toc-heading-level-2'><a class=\"ez-toc-link ez-toc-heading-3\" href=\"https:\/\/moverdb.com\/pl\/moving-companies\/moving-companies-us-san-diego\/#3_Johnson_Storage_Moving\" >3. Johnson Storage &amp; Moving<\/a><\/li><li class='ez-toc-page-1 ez-toc-heading-level-2'><a class=\"ez-toc-link ez-toc-heading-4\" href=\"https:\/\/moverdb.com\/pl\/moving-companies\/moving-companies-us-san-diego\/#4_Sullivan_Moving_Storage\" >4. Sullivan Moving &amp; Storage<\/a><\/li><\/ul><\/nav><\/div>\n<h2><span class=\"ez-toc-section\" id=\"1_ACE_Relocation_Systems\"><\/span><strong>1. ACE Relocation Systems<\/strong><span class=\"ez-toc-section-end\"><\/span><\/h2>\n<p><img loading=\"lazy\" decoding=\"async\" class=\"alignnone size-full wp-image-11240\" src=\"https:\/\/moverdb.com\/wp-content\/uploads\/ACE-Relocation-Systems-international-moving-company.png\" alt=\"ACE Relocation Systems mi\u0119dzynarodowa firma przeprowadzkowa\" width=\"1440\" height=\"680\" data-wp-pid=\"11240\" srcset=\"https:\/\/moverdb.com\/wp-content\/uploads\/ACE-Relocation-Systems-international-moving-company.png 1440w, https:\/\/moverdb.com\/wp-content\/uploads\/ACE-Relocation-Systems-international-moving-company-300x142.png 300w, https:\/\/moverdb.com\/wp-content\/uploads\/ACE-Relocation-Systems-international-moving-company-1024x484.png 1024w, https:\/\/moverdb.com\/wp-content\/uploads\/ACE-Relocation-Systems-international-moving-company-18x9.png 18w, https:\/\/moverdb.com\/wp-content\/uploads\/ACE-Relocation-Systems-international-moving-company-600x283.png 600w\" sizes=\"auto, (max-width: 1440px) 100vw, 1440px\" \/><\/p>\n<ul>\n<li>Przeprowadzki lokalne i na du\u017ce odleg\u0142o\u015bci<\/li>\n<li>Przeprowadzki mi\u0119dzynarodowe<\/li>\n<li>Przeprowadzki mieszkaniowe<\/li>\n<li>Ruchy biznesowe<\/li>\n<li>Relokacje przedsi\u0119biorstw<\/li>\n<li>Zakres opcji pakowania<\/li>\n<li>Ustalenia dotycz\u0105ce transportu<\/li>\n<li>Transport pojazd\u00f3w<\/li>\n<li>Ubezpieczenia<\/li>\n<li>Bezpieczne przechowywanie kr\u00f3tko- i d\u0142ugoterminowe<\/li>\n<\/ul>\n<p>ACE Relocation Systems to firma zajmuj\u0105ca si\u0119 przeprowadzkami, magazynowaniem i dystrybucj\u0105, kt\u00f3ra zosta\u0142a za\u0142o\u017cona w 1985 roku z siedzib\u0105 w San Diego i dziewi\u0119cioma innymi lokalizacjami w USA. <a href=\"https:\/\/moverdb.com\/pl\/moving-to-the-united-states\/\" data-internallinksmanager029f6b8e52c=\"94\" title=\"Przeprowadzasz si\u0119 do Stan\u00f3w Zjednoczonych? 2026 Koszty \u017cycia i wskaz\u00f3wki dotycz\u0105ce przeprowadzki\">USA<\/a>. S\u0105 agentem Atlas Van Lines, co daje im dost\u0119p do globalnej sieci agent\u00f3w. S\u0105 cz\u0142onkiem IAM z 55-letnim do\u015bwiadczeniem.<\/p>\n<p>ACE Relocation Systems oferuje dostosowane us\u0142ugi przeprowadzkowe, kt\u00f3re obejmuj\u0105 kompleksowe us\u0142ugi pakowania i rozpakowywania, cz\u0119\u015bciowe pakowanie i opcje samego transportu. Firma zorganizuje transport lotniczy lub kontenerowy z ubezpieczeniem rzeczy w transporcie. Mog\u0105 r\u00f3wnie\u017c zorganizowa\u0107 transport szeregu pojazd\u00f3w, w tym samochod\u00f3w i \u0142odzi.<\/p>\n<p>Strona internetowa: <a href=\"https:\/\/www.acerelocation.com\/\" target=\"_blank\" rel=\"noopener\">https:\/\/www.acerelocation.com\/<\/a><\/p>\n<h2><span class=\"ez-toc-section\" id=\"2_DeWitt_Move_Worldwide\"><\/span><strong>2. DeWitt Move Worldwide<\/strong><span class=\"ez-toc-section-end\"><\/span><\/h2>\n<p><img loading=\"lazy\" decoding=\"async\" class=\"alignnone size-full wp-image-11306\" src=\"https:\/\/moverdb.com\/wp-content\/uploads\/DeWitt-Move-Worldwide-international-moving-company.png\" alt=\"DeWitt Move Worldwide - mi\u0119dzynarodowa firma przeprowadzkowa\" width=\"1440\" height=\"676\" data-wp-pid=\"11306\" srcset=\"https:\/\/moverdb.com\/wp-content\/uploads\/DeWitt-Move-Worldwide-international-moving-company.png 1440w, https:\/\/moverdb.com\/wp-content\/uploads\/DeWitt-Move-Worldwide-international-moving-company-300x141.png 300w, https:\/\/moverdb.com\/wp-content\/uploads\/DeWitt-Move-Worldwide-international-moving-company-1024x481.png 1024w, https:\/\/moverdb.com\/wp-content\/uploads\/DeWitt-Move-Worldwide-international-moving-company-18x8.png 18w, https:\/\/moverdb.com\/wp-content\/uploads\/DeWitt-Move-Worldwide-international-moving-company-600x282.png 600w\" sizes=\"auto, (max-width: 1440px) 100vw, 1440px\" \/><\/p>\n<ul>\n<li>Ruchy krajowe<\/li>\n<li>Przeprowadzki mi\u0119dzynarodowe<\/li>\n<li>Przeprowadzki mieszkaniowe<\/li>\n<li>Relokacje przedsi\u0119biorstw<\/li>\n<li>Indywidualny plan przeprowadzki<\/li>\n<li>Us\u0142uga pakowania<\/li>\n<li>Odprawa celna<\/li>\n<li>Obs\u0142uga dzie\u0142a sztuki<\/li>\n<li>Transport pojazd\u00f3w<\/li>\n<li>Obiekty magazynowe<\/li>\n<\/ul>\n<p>DeWitt Move Worldwide to firma \u015bwiadcz\u0105ca us\u0142ugi relokacyjne, kt\u00f3ra zosta\u0142a za\u0142o\u017cona w 1927 roku i jest cz\u0119\u015bci\u0105 The DeWitt Companies z siedzib\u0105 w San Diego. Dzia\u0142a w ponad 100 krajach za po\u015brednictwem w\u0142asnych sp\u00f3\u0142ek siostrzanych i posiada sie\u0107 sprawdzonych partner\u00f3w mi\u0119dzynarodowych. Jest cz\u0142onkiem IAM z 96-letnim do\u015bwiadczeniem.<\/p>\n<p>DeWitt Move Worldwide oferuje osobist\u0105 lub wirtualn\u0105 ankiet\u0119 przed przeprowadzk\u0105, aby oceni\u0107 wymagania dotycz\u0105ce przeprowadzki, a tak\u017ce zapewnia eksperta DeWitt Move Worldwide do zarz\u0105dzania przeprowadzk\u0105. B\u0119d\u0105 oni wsp\u00f3\u0142pracowa\u0107 z Tob\u0105, aby okre\u015bli\u0107 najlepsze opcje przeprowadzki i stworzy\u0107 dostosowany do Twojego bud\u017cetu plan przeprowadzki.<\/p>\n<p>Strona internetowa: <a href=\"https:\/\/www.dewittmove.com\" target=\"_blank\" rel=\"noopener\">https:\/\/www.dewittmove.com<\/a><\/p>\n<h2><span class=\"ez-toc-section\" id=\"3_Johnson_Storage_Moving\"><\/span><strong>3. Johnson Storage &amp; Moving<\/strong><span class=\"ez-toc-section-end\"><\/span><\/h2>\n<p><img loading=\"lazy\" decoding=\"async\" class=\"alignnone size-full wp-image-11356\" src=\"https:\/\/moverdb.com\/wp-content\/uploads\/Johnson-Storage-Moving-international-moving-company.png\" alt=\"Johnson Storage &amp; Moving - mi\u0119dzynarodowa firma przeprowadzkowa\" width=\"1440\" height=\"677\" data-wp-pid=\"11356\" srcset=\"https:\/\/moverdb.com\/wp-content\/uploads\/Johnson-Storage-Moving-international-moving-company.png 1440w, https:\/\/moverdb.com\/wp-content\/uploads\/Johnson-Storage-Moving-international-moving-company-300x141.png 300w, https:\/\/moverdb.com\/wp-content\/uploads\/Johnson-Storage-Moving-international-moving-company-1024x481.png 1024w, https:\/\/moverdb.com\/wp-content\/uploads\/Johnson-Storage-Moving-international-moving-company-18x8.png 18w, https:\/\/moverdb.com\/wp-content\/uploads\/Johnson-Storage-Moving-international-moving-company-600x282.png 600w\" sizes=\"auto, (max-width: 1440px) 100vw, 1440px\" \/><\/p>\n<ul>\n<li>Przeprowadzki lokalne i mi\u0119dzystanowe<\/li>\n<li>Przeprowadzki mi\u0119dzynarodowe<\/li>\n<li>Przeprowadzki mieszkaniowe<\/li>\n<li>Przeprowadzki handlowe<\/li>\n<li>Relokacja przedsi\u0119biorstwa<\/li>\n<li>Osobisty konsultant ds. przeprowadzek<\/li>\n<li>Us\u0142uga pakowania<\/li>\n<li>Organizacja transportu<\/li>\n<li>Odprawa celna<\/li>\n<li>Rozwi\u0105zania w zakresie przechowywania<\/li>\n<\/ul>\n<p>Johnson Storage &amp; Moving to firma przeprowadzkowa dzia\u0142aj\u0105ca od 1900 roku i posiadaj\u0105ca 12 biur w ca\u0142ych Stanach Zjednoczonych, w tym w San Diego. Posiada globaln\u0105 sie\u0107 partner\u00f3w, kt\u00f3rzy umo\u017cliwiaj\u0105 im transport przedmiot\u00f3w do ponad 200 kraj\u00f3w na ca\u0142ym \u015bwiecie. Firma posiada akredytacj\u0119 FIDI.<\/p>\n<p>Johnson Storage &amp; Moving oferuje bezp\u0142atn\u0105 wycen\u0119 w domu lub wirtualn\u0105, kt\u00f3ra ocenia wielko\u015b\u0107 przeprowadzki. Firma zapewnia osobistego konsultanta ds. przeprowadzki, kt\u00f3ry pomo\u017ce na ka\u017cdym etapie przeprowadzki i stworzy spersonalizowany plan przeprowadzki. Johnson Storage &amp; Moving oferuje pe\u0142n\u0105 us\u0142ug\u0119 pakowania, aby zapewni\u0107 bezpiecze\u0144stwo i ochron\u0119 \u0142adunku oraz zajmie si\u0119 odpraw\u0105 celn\u0105.<\/p>\n<p>Strona internetowa: <a href=\"https:\/\/www.johnsonstorage.com\" target=\"_blank\" rel=\"noopener\">https:\/\/www.johnsonstorage.com<\/a><\/p>\n<h2><span class=\"ez-toc-section\" id=\"4_Sullivan_Moving_Storage\"><\/span><strong>4. Sullivan Moving &amp; Storage<\/strong><span class=\"ez-toc-section-end\"><\/span><\/h2>\n<p><img loading=\"lazy\" decoding=\"async\" class=\"alignnone size-full wp-image-11451\" src=\"https:\/\/moverdb.com\/wp-content\/uploads\/Sullivan-Moving-Storage-international-moving-company.png\" alt=\"Sullivan Moving &amp; Storage - mi\u0119dzynarodowa firma przeprowadzkowa\" width=\"1440\" height=\"683\" data-wp-pid=\"11451\" srcset=\"https:\/\/moverdb.com\/wp-content\/uploads\/Sullivan-Moving-Storage-international-moving-company.png 1440w, https:\/\/moverdb.com\/wp-content\/uploads\/Sullivan-Moving-Storage-international-moving-company-300x142.png 300w, https:\/\/moverdb.com\/wp-content\/uploads\/Sullivan-Moving-Storage-international-moving-company-1024x486.png 1024w, https:\/\/moverdb.com\/wp-content\/uploads\/Sullivan-Moving-Storage-international-moving-company-18x9.png 18w, https:\/\/moverdb.com\/wp-content\/uploads\/Sullivan-Moving-Storage-international-moving-company-600x285.png 600w\" sizes=\"auto, (max-width: 1440px) 100vw, 1440px\" \/><\/p>\n<ul>\n<li>Przeprowadzki lokalne i na du\u017ce odleg\u0142o\u015bci<\/li>\n<li>Przeprowadzki mi\u0119dzynarodowe<\/li>\n<li>Przeprowadzki gospodarstw domowych<\/li>\n<li>Relokacje pracownik\u00f3w<\/li>\n<li>Przeprowadzki biurowe<\/li>\n<li>Dedykowany koordynator przeprowadzki<\/li>\n<li>Us\u0142uga pakowania<\/li>\n<li>Organizacja transportu<\/li>\n<li>Odprawa celna<\/li>\n<li>Przechowywanie kr\u00f3tko i d\u0142ugoterminowe<\/li>\n<\/ul>\n<p>Sullivan Moving &amp; Storage to firma przeprowadzkowa za\u0142o\u017cona w 1912 roku w San Diego i jest agentem za\u0142o\u017cycielem United Van Lines. Dysponuje globaln\u0105 sieci\u0105 firm przeprowadzkowych, kt\u00f3ra umo\u017cliwia im przenoszenie klient\u00f3w do dowolnego miejsca na \u015bwiecie. Firma jest cz\u0142onkiem IAM z 12-letnim do\u015bwiadczeniem i posiada akredytacj\u0119 FIDI.<\/p>\n<p>Sullivan Moving &amp; Storage oferuje wyb\u00f3r samoobs\u0142ugowego spaceru, wirtualnego spaceru wideo lub spaceru w domu, aby oceni\u0107 obj\u0119to\u015b\u0107 przeprowadzki i przedstawi\u0107 wycen\u0119. Firma zaplanuje przeprowadzk\u0119 i zapewni dedykowanego koordynatora przeprowadzki, kt\u00f3ry pomo\u017ce na ka\u017cdym etapie procesu. Oferuj\u0105 us\u0142ugi pakowania, transportu i obs\u0142ugi celnej.<\/p>\n<p>Strona internetowa: <a href=\"http:\/\/www.sullivanunited.com\" target=\"_blank\" rel=\"noopener\">http:\/\/www.sullivanunited.com<\/a><\/p>","protected":false},"excerpt":{"rendered":"<p>Moving can get stressful with so many things to think about and manage, so getting some help from a moving company can really make a difference. You can engage a moving company to plan and organise your move, pack and unpack, and manage customs procedures for international moves. Below we have compiled a list of [&hellip;]<\/p>\n","protected":false},"author":4,"featured_media":11240,"parent":190,"menu_order":0,"comment_status":"closed","ping_status":"closed","template":"","meta":{"_genesis_hide_title":false,"_genesis_hide_breadcrumbs":false,"_genesis_hide_singular_image":false,"_genesis_hide_footer_widgets":false,"_genesis_custom_body_class":"","_genesis_custom_post_class":"","_genesis_layout":"","footnotes":""},"class_list":{"0":"post-11654","1":"page","2":"type-page","3":"status-publish","4":"has-post-thumbnail","6":"entry"},"_links":{"self":[{"href":"https:\/\/moverdb.com\/pl\/wp-json\/wp\/v2\/pages\/11654","targetHints":{"allow":["GET"]}}],"collection":[{"href":"https:\/\/moverdb.com\/pl\/wp-json\/wp\/v2\/pages"}],"about":[{"href":"https:\/\/moverdb.com\/pl\/wp-json\/wp\/v2\/types\/page"}],"author":[{"embeddable":true,"href":"https:\/\/moverdb.com\/pl\/wp-json\/wp\/v2\/users\/4"}],"replies":[{"embeddable":true,"href":"https:\/\/moverdb.com\/pl\/wp-json\/wp\/v2\/comments?post=11654"}],"version-history":[{"count":1,"href":"https:\/\/moverdb.com\/pl\/wp-json\/wp\/v2\/pages\/11654\/revisions"}],"predecessor-version":[{"id":11655,"href":"https:\/\/moverdb.com\/pl\/wp-json\/wp\/v2\/pages\/11654\/revisions\/11655"}],"up":[{"embeddable":true,"href":"https:\/\/moverdb.com\/pl\/wp-json\/wp\/v2\/pages\/190"}],"wp:featuredmedia":[{"embeddable":true,"href":"https:\/\/moverdb.com\/pl\/wp-json\/wp\/v2\/media\/11240"}],"wp:attachment":[{"href":"https:\/\/moverdb.com\/pl\/wp-json\/wp\/v2\/media?parent=11654"}],"curies":[{"name":"wp","href":"https:\/\/api.w.org\/{rel}","templated":true}]}}