{"id":11651,"date":"2023-11-29T10:38:44","date_gmt":"2023-11-29T10:38:44","guid":{"rendered":"https:\/\/moverdb.com\/?page_id=11651"},"modified":"2026-01-08T15:24:50","modified_gmt":"2026-01-08T15:24:50","slug":"moving-companies-us-pennsylvania","status":"publish","type":"page","link":"https:\/\/moverdb.com\/pl\/moving-companies\/moving-companies-us-pennsylvania\/","title":{"rendered":"4 najlepsze firmy zajmuj\u0105ce si\u0119 przeprowadzkami mi\u0119dzynarodowymi w Pensylwanii"},"content":{"rendered":"<p>Podczas przeprowadzki jest tak wiele do zrobienia, jak organizacja, pakowanie, organizowanie transportu i obs\u0142uga celna w przypadku przeprowadzki za granic\u0119, ale nie musisz robi\u0107 tego sam. A <a href=\"https:\/\/moverdb.com\/pl\/moving-companies\/\" data-internallinksmanager029f6b8e52c=\"79\" title=\"25 najlepszych firm przeprowadzek mi\u0119dzynarodowych online\">przedsi\u0119biorstwo przeprowadzkowe<\/a> mo\u017ce pom\u00f3c we wszystkich lub niekt\u00f3rych z tych zada\u0144, aby u\u0142atwi\u0107 przeprowadzk\u0119. Poni\u017cej przygotowali\u015bmy list\u0119 <a href=\"https:\/\/moverdb.com\/pl\/moving-to-the-united-states\/moving-to-pennsylvania\/\" data-internallinksmanager029f6b8e52c=\"404\" title=\"Przeprowadzka do Pensylwanii? Koszty utrzymania i wskaz\u00f3wki dotycz\u0105ce relokacji w 2023 r.\">Pensylwania<\/a> na stronie <a href=\"https:\/\/moverdb.com\/pl\/international-removals\/\" data-internallinksmanager029f6b8e52c=\"27\" title=\"36 najlepszych firm zajmuj\u0105cych si\u0119 przeprowadzkami mi\u0119dzynarodowymi w Wielkiej Brytanii\">przedsi\u0119biorstwa przeprowadzkowe<\/a> kt\u00f3re s\u0105 cz\u0142onkami <a href=\"https:\/\/moverdb.com\/pl\/iam\/\" data-internallinksmanager029f6b8e52c=\"23\" title=\"Mi\u0119dzynarodowe Stowarzyszenie Przewo\u017anik\u00f3w (IAM) - obja\u015bnienia\">Mi\u0119dzynarodowe Stowarzyszenie Przewo\u017anik\u00f3w<\/a> (IAM) i\/lub <a href=\"https:\/\/moverdb.com\/pl\/fidi-faim\/\" data-internallinksmanager029f6b8e52c=\"16\" title=\"FIDI i FAIM (FIDI Accredited International Mover) - obja\u015bnienia\">FIDI<\/a> Accredited International Mover (FAIM), kt\u00f3ra mo\u017ce pom\u00f3c Ci w przeprowadzce.<\/p>\n<div id=\"ez-toc-container\" class=\"ez-toc-v2_0_82_2 ez-toc-wrap-left counter-hierarchy ez-toc-counter ez-toc-transparent ez-toc-container-direction\">\n<div class=\"ez-toc-title-container\">\n<p class=\"ez-toc-title\" style=\"cursor:inherit\">Sekcje<\/p>\n<span class=\"ez-toc-title-toggle\"><a href=\"#\" class=\"ez-toc-pull-right ez-toc-btn ez-toc-btn-xs ez-toc-btn-default ez-toc-toggle\" aria-label=\"Prze\u0142\u0105cznik Spisu Tre\u015bci\"><span class=\"ez-toc-js-icon-con\"><span class=\"\"><span class=\"eztoc-hide\" style=\"display:none;\">Toggle<\/span><span class=\"ez-toc-icon-toggle-span\"><svg style=\"fill: #999;color:#999\" xmlns=\"http:\/\/www.w3.org\/2000\/svg\" class=\"list-377408\" width=\"20px\" height=\"20px\" viewbox=\"0 0 24 24\" fill=\"none\"><path d=\"M6 6H4v2h2V6zm14 0H8v2h12V6zM4 11h2v2H4v-2zm16 0H8v2h12v-2zM4 16h2v2H4v-2zm16 0H8v2h12v-2z\" fill=\"currentColor\"><\/path><\/svg><svg style=\"fill: #999;color:#999\" class=\"arrow-unsorted-368013\" xmlns=\"http:\/\/www.w3.org\/2000\/svg\" width=\"10px\" height=\"10px\" viewbox=\"0 0 24 24\" version=\"1.2\" baseprofile=\"tiny\"><path d=\"M18.2 9.3l-6.2-6.3-6.2 6.3c-.2.2-.3.4-.3.7s.1.5.3.7c.2.2.4.3.7.3h11c.3 0 .5-.1.7-.3.2-.2.3-.5.3-.7s-.1-.5-.3-.7zM5.8 14.7l6.2 6.3 6.2-6.3c.2-.2.3-.5.3-.7s-.1-.5-.3-.7c-.2-.2-.4-.3-.7-.3h-11c-.3 0-.5.1-.7.3-.2.2-.3.5-.3.7s.1.5.3.7z\"\/><\/svg><\/span><\/span><\/span><\/a><\/span><\/div>\n<nav><ul class='ez-toc-list ez-toc-list-level-1 eztoc-toggle-hide-by-default' ><li class='ez-toc-page-1 ez-toc-heading-level-2'><a class=\"ez-toc-link ez-toc-heading-1\" href=\"https:\/\/moverdb.com\/pl\/moving-companies\/moving-companies-us-pennsylvania\/#1_Aires\" >1. Aires<\/a><\/li><li class='ez-toc-page-1 ez-toc-heading-level-2'><a class=\"ez-toc-link ez-toc-heading-2\" href=\"https:\/\/moverdb.com\/pl\/moving-companies\/moving-companies-us-pennsylvania\/#2_Champion_International_Moving\" >2. Champion International Moving<\/a><\/li><li class='ez-toc-page-1 ez-toc-heading-level-2'><a class=\"ez-toc-link ez-toc-heading-3\" href=\"https:\/\/moverdb.com\/pl\/moving-companies\/moving-companies-us-pennsylvania\/#3_Movers_Specialty_Service\" >3. Specjalistyczne us\u0142ugi przeprowadzkowe<\/a><\/li><li class='ez-toc-page-1 ez-toc-heading-level-2'><a class=\"ez-toc-link ez-toc-heading-4\" href=\"https:\/\/moverdb.com\/pl\/moving-companies\/moving-companies-us-pennsylvania\/#4_Reads_Moving_Systems\" >4. Odczytuje ruchome systemy<\/a><\/li><\/ul><\/nav><\/div>\n<h2><span class=\"ez-toc-section\" id=\"1_Aires\"><\/span><strong>1. Aires<\/strong><span class=\"ez-toc-section-end\"><\/span><\/h2>\n<p><img loading=\"lazy\" decoding=\"async\" class=\"alignnone size-full wp-image-11247\" src=\"https:\/\/moverdb.com\/wp-content\/uploads\/Aires-international-moving-company.png\" alt=\"Aires - mi\u0119dzynarodowa firma przeprowadzkowa\" width=\"1440\" height=\"678\" data-wp-pid=\"11247\" srcset=\"https:\/\/moverdb.com\/wp-content\/uploads\/Aires-international-moving-company.png 1440w, https:\/\/moverdb.com\/wp-content\/uploads\/Aires-international-moving-company-300x141.png 300w, https:\/\/moverdb.com\/wp-content\/uploads\/Aires-international-moving-company-1024x482.png 1024w, https:\/\/moverdb.com\/wp-content\/uploads\/Aires-international-moving-company-18x8.png 18w, https:\/\/moverdb.com\/wp-content\/uploads\/Aires-international-moving-company-600x283.png 600w\" sizes=\"auto, (max-width: 1440px) 100vw, 1440px\" \/><\/p>\n<ul>\n<li>Przeniesienia krajowe<\/li>\n<li>Przeniesienia mi\u0119dzynarodowe<\/li>\n<li>Przemieszczenia gospodarstw domowych<\/li>\n<li>Relokacje pracownik\u00f3w<\/li>\n<li>Us\u0142ugi zwi\u0105zane z odjazdem<\/li>\n<li>Us\u0142ugi docelowe i osiedle\u0144cze<\/li>\n<li>Us\u0142ugi imigracyjne<\/li>\n<li>Us\u0142ugi zwi\u0105zane z nieruchomo\u015bciami<\/li>\n<li>Poszukiwanie szko\u0142y<\/li>\n<li>Szkolenia kulturowe i j\u0119zykowe<\/li>\n<\/ul>\n<p>Aires to firma relokacyjna i spedycyjna za\u0142o\u017cona w 1981 roku z siedzib\u0105 w Pittsburghu i pi\u0119cioma innymi lokalizacjami. <a href=\"https:\/\/moverdb.com\/pl\/moving-to-the-united-states\/\" data-internallinksmanager029f6b8e52c=\"94\" title=\"Przeprowadzasz si\u0119 do Stan\u00f3w Zjednoczonych? 2026 Koszty \u017cycia i wskaz\u00f3wki dotycz\u0105ce przeprowadzki\">USA<\/a> biura i biura mi\u0119dzynarodowe w <a href=\"https:\/\/moverdb.com\/pl\/moving-to-hong-kong\/\" data-internallinksmanager029f6b8e52c=\"350\" title=\"Przeprowadzka do Hongkongu? Koszty \u017cycia i wskaz\u00f3wki dotycz\u0105ce przeprowadzki w 2023 r.\">Hongkong<\/a>, Londyn, <a href=\"https:\/\/moverdb.com\/pl\/moving-to-singapore\/\" data-internallinksmanager029f6b8e52c=\"68\" title=\"Przeprowadzasz si\u0119 do Singapuru? 2026 Koszty utrzymania i wskaz\u00f3wki dotycz\u0105ce przeprowadzki\">Singapur<\/a>Szanghaju i Bombaju. Maj\u0105 rozleg\u0142\u0105 sie\u0107 zaufanych dostawc\u00f3w us\u0142ug, kt\u00f3rzy ich wspieraj\u0105. Jest cz\u0142onkiem IAM z 42-letnim do\u015bwiadczeniem i posiada akredytacj\u0119 FIDI.<\/p>\n<p>Aires specjalizuje si\u0119 we wspieraniu firm w relokacji ich pracownik\u00f3w i zapewnia szeroki zakres us\u0142ug, aby pom\u00f3c pracownikom w przeprowadzce i osiedleniu si\u0119 w nowym domu. Ich us\u0142ugi obejmuj\u0105 us\u0142ugi wyjazdowe, takie jak przeprowadzka i imigracja, oraz us\u0142ugi docelowe, takie jak znalezienie domu i szko\u0142y.<\/p>\n<p>Strona internetowa: <a href=\"https:\/\/www.aires.com\/\" target=\"_blank\" rel=\"noopener\">https:\/\/www.aires.com\/<\/a><\/p>\n<h2><span class=\"ez-toc-section\" id=\"2_Champion_International_Moving\"><\/span><strong>2. Champion International Moving<\/strong><span class=\"ez-toc-section-end\"><\/span><\/h2>\n<p><img loading=\"lazy\" decoding=\"async\" class=\"alignnone size-full wp-image-11285\" src=\"https:\/\/moverdb.com\/wp-content\/uploads\/Champion-International-Moving-company.png\" alt=\"Firma Champion International Moving\" width=\"1440\" height=\"676\" data-wp-pid=\"11285\" srcset=\"https:\/\/moverdb.com\/wp-content\/uploads\/Champion-International-Moving-company.png 1440w, https:\/\/moverdb.com\/wp-content\/uploads\/Champion-International-Moving-company-300x141.png 300w, https:\/\/moverdb.com\/wp-content\/uploads\/Champion-International-Moving-company-1024x481.png 1024w, https:\/\/moverdb.com\/wp-content\/uploads\/Champion-International-Moving-company-18x8.png 18w, https:\/\/moverdb.com\/wp-content\/uploads\/Champion-International-Moving-company-600x282.png 600w\" sizes=\"auto, (max-width: 1440px) 100vw, 1440px\" \/><\/p>\n<ul>\n<li>Ruchy krajowe<\/li>\n<li>Przeprowadzki mi\u0119dzynarodowe<\/li>\n<li>Przeprowadzki mieszkaniowe<\/li>\n<li>Ruchy biznesowe<\/li>\n<li>Dedykowany specjalista ds. relokacji<\/li>\n<li>Us\u0142uga pakowania<\/li>\n<li>Ruchy zwierz\u0105t domowych<\/li>\n<li>Transport pojazd\u00f3w<\/li>\n<li>Ubezpieczenia<\/li>\n<li>Us\u0142ugi magazynowania<\/li>\n<\/ul>\n<p>Champion International Moving to firma zarz\u0105dzaj\u0105ca przeprowadzkami za\u0142o\u017cona w 1991 roku z siedzib\u0105 w Pittsburghu. Jest ona cz\u0119\u015bci\u0105 <a href=\"https:\/\/moverdb.com\/pl\/harmony-relocation-network\/\" data-internallinksmanager029f6b8e52c=\"20\" title=\"Sie\u0107 Harmony Relocation (HRN) - obja\u015bnienia\">Sie\u0107 Harmony Relocation<\/a> co oznacza, \u017ce dzia\u0142a w spos\u00f3b odpowiedzialny spo\u0142ecznie i posiada sie\u0107 firm przeprowadzkowych, z kt\u00f3rymi wsp\u00f3\u0142pracuje w ten sam spos\u00f3b. Firma jest cz\u0142onkiem IAM z 32-letnim do\u015bwiadczeniem i posiada akredytacj\u0119 FIDI.<\/p>\n<p>Champion International Moving oferuje przeprowadzki krajowe i mi\u0119dzynarodowe dla klient\u00f3w indywidualnych i biznesowych z jednym punktem kontaktowym, kt\u00f3ry jest dedykowanym specjalist\u0105 ds. relokacji. Zapewnia us\u0142ug\u0119 pakowania w celu ochrony rzeczy i organizuje transport, a nast\u0119pnie roz\u0142adunek po przybyciu na miejsce.<\/p>\n<p>Strona internetowa: <a href=\"http:\/\/www.champmove.com\" target=\"_blank\" rel=\"noopener\">http:\/\/www.champmove.com<\/a><\/p>\n<h2><span class=\"ez-toc-section\" id=\"3_Movers_Specialty_Service\"><\/span><strong>3. Specjalistyczne us\u0142ugi przeprowadzkowe<\/strong><span class=\"ez-toc-section-end\"><\/span><\/h2>\n<p><img loading=\"lazy\" decoding=\"async\" class=\"alignnone size-full wp-image-11384\" src=\"https:\/\/moverdb.com\/wp-content\/uploads\/Movers-Specialty-Service-international-moving-company.png\" alt=\"Movers Specialty Service - mi\u0119dzynarodowa firma przeprowadzkowa\" width=\"1440\" height=\"677\" data-wp-pid=\"11384\" srcset=\"https:\/\/moverdb.com\/wp-content\/uploads\/Movers-Specialty-Service-international-moving-company.png 1440w, https:\/\/moverdb.com\/wp-content\/uploads\/Movers-Specialty-Service-international-moving-company-300x141.png 300w, https:\/\/moverdb.com\/wp-content\/uploads\/Movers-Specialty-Service-international-moving-company-1024x481.png 1024w, https:\/\/moverdb.com\/wp-content\/uploads\/Movers-Specialty-Service-international-moving-company-18x8.png 18w, https:\/\/moverdb.com\/wp-content\/uploads\/Movers-Specialty-Service-international-moving-company-600x282.png 600w\" sizes=\"auto, (max-width: 1440px) 100vw, 1440px\" \/><\/p>\n<ul>\n<li>Us\u0142ugi krajowe<\/li>\n<li>Us\u0142ugi przeprowadzek gospodarstw domowych<\/li>\n<li>Us\u0142ugi w zakresie przeprowadzek handlowych<\/li>\n<li>Zarz\u0105dzanie przeprowadzkami na miejscu<\/li>\n<li>Us\u0142ugi kraterowania<\/li>\n<li>Obr\u00f3bka dzie\u0142 sztuki<\/li>\n<li>Demonta\u017c i monta\u017c mebli<\/li>\n<li>Us\u0142ugi demonta\u017cu i instalacji<\/li>\n<li>Specjalistyczne us\u0142ugi przenoszenia przedmiot\u00f3w<\/li>\n<li>Serwis pokoj\u00f3wek<\/li>\n<\/ul>\n<p>Movers Specialty Service to zewn\u0119trzna firma \u015bwiadcz\u0105ca us\u0142ugi przeprowadzkowe za\u0142o\u017cona w 1978 roku z siedzib\u0105 w Montgomeryville. \u015awiadczy us\u0142ugi na terenie ca\u0142ych Stan\u00f3w Zjednoczonych, korzystaj\u0105c ze starannie wyselekcjonowanej sieci wyszkolonych profesjonalist\u00f3w. Firma jest cz\u0142onkiem IAM z 45-letnim do\u015bwiadczeniem.<\/p>\n<p>Movers Specialty Service \u015bwiadczy specjalistyczne us\u0142ugi wsparcia dla os\u00f3b przeprowadzaj\u0105cych si\u0119 i firm przeprowadzkowych w ich miejscu pochodzenia lub przeznaczenia w Stanach Zjednoczonych. Oferuj\u0105 oni specjalistyczne us\u0142ugi przeprowadzkowe, kt\u00f3re obejmuj\u0105 od\u0142\u0105czanie\/pod\u0142\u0105czanie urz\u0105dze\u0144, demonta\u017c\/monta\u017c sprz\u0119tu i mebli, demonta\u017c\/monta\u017c telewizor\u00f3w, usuwanie\/instalowanie osprz\u0119tu i skrzynek z towarami. Mog\u0105 r\u00f3wnie\u017c przenosi\u0107 delikatne i niepor\u0119czne przedmioty, takie jak pianina i zegary.<\/p>\n<p>Strona internetowa: <a href=\"http:\/\/mss1.com\" target=\"_blank\" rel=\"noopener\">http:\/\/mss1.com<\/a><\/p>\n<h2><span class=\"ez-toc-section\" id=\"4_Reads_Moving_Systems\"><\/span><strong>4. Odczytuje ruchome systemy<\/strong><span class=\"ez-toc-section-end\"><\/span><\/h2>\n<p><img loading=\"lazy\" decoding=\"async\" class=\"alignnone size-full wp-image-11418\" src=\"https:\/\/moverdb.com\/wp-content\/uploads\/Reads-Moving-Systems-international-moving-company.png\" alt=\"Reads Moving Systems mi\u0119dzynarodowa firma przeprowadzkowa\" width=\"1440\" height=\"677\" data-wp-pid=\"11418\" srcset=\"https:\/\/moverdb.com\/wp-content\/uploads\/Reads-Moving-Systems-international-moving-company.png 1440w, https:\/\/moverdb.com\/wp-content\/uploads\/Reads-Moving-Systems-international-moving-company-300x141.png 300w, https:\/\/moverdb.com\/wp-content\/uploads\/Reads-Moving-Systems-international-moving-company-1024x481.png 1024w, https:\/\/moverdb.com\/wp-content\/uploads\/Reads-Moving-Systems-international-moving-company-18x8.png 18w, https:\/\/moverdb.com\/wp-content\/uploads\/Reads-Moving-Systems-international-moving-company-600x282.png 600w\" sizes=\"auto, (max-width: 1440px) 100vw, 1440px\" \/><\/p>\n<ul>\n<li>Przeprowadzki lokalne<\/li>\n<li>Przeprowadzki mi\u0119dzynarodowe<\/li>\n<li>Przeprowadzki gospodarstw domowych<\/li>\n<li>Przeprowadzki biurowe i przemys\u0142owe<\/li>\n<li>Planowanie przed przeprowadzk\u0105<\/li>\n<li>Us\u0142uga pakowania<\/li>\n<li>Crating<\/li>\n<li>Organizacja transportu<\/li>\n<li>Us\u0142ugi w zakresie miejsca pochodzenia i przeznaczenia<\/li>\n<li>Obiekty magazynowe<\/li>\n<\/ul>\n<p>Reads Moving Systems to za\u0142o\u017cona w 1937 roku firma zajmuj\u0105ca si\u0119 przeprowadzkami i magazynowaniem, z siedzib\u0105 w Huntingdon Valley i lokalizacjami r\u00f3wnie\u017c w <a href=\"https:\/\/moverdb.com\/pl\/moving-to-the-united-states\/moving-to-florida\/\" data-internallinksmanager029f6b8e52c=\"331\" title=\"Przeprowadzka na Floryd\u0119? 2026 Koszty utrzymania i porady dotycz\u0105ce przeprowadzki\">Floryda<\/a> oraz <a href=\"https:\/\/moverdb.com\/pl\/moving-to-the-united-states\/moving-to-georgia\/\" data-internallinksmanager029f6b8e52c=\"402\" title=\"Przeprowadzka do Gruzji? 2026 Koszty utrzymania i porady dotycz\u0105ce przeprowadzki\">Georgia<\/a>. S\u0105 agentem Atlas Van Lines, co zapewnia im sie\u0107 firm przeprowadzkowych, z kt\u00f3rymi mog\u0105 wsp\u00f3\u0142pracowa\u0107. S\u0105 cz\u0142onkiem IAM z 50-letnim do\u015bwiadczeniem.<\/p>\n<p>Reads Moving Systems oferuje konkurencyjne ceny us\u0142ug przeprowadzkowych. Zapewnia planowanie przed przeprowadzk\u0105 z koordynatorami ds. zarz\u0105dzania przeprowadzkami, aby dokona\u0107 ustale\u0144 dotycz\u0105cych przeprowadzki. Oferuj\u0105 us\u0142ug\u0119 pakowania i owijania w celu ochrony przedmiot\u00f3w i za\u0142aduj\u0105 je do kontenera w przypadku przeprowadzek mi\u0119dzynarodowych.<\/p>\n<p>Strona internetowa: <a href=\"http:\/\/www.readsmoving.com\" target=\"_blank\" rel=\"noopener\">http:\/\/www.readsmoving.com<\/a><\/p>","protected":false},"excerpt":{"rendered":"<p>When you are moving there is so much to do like organising, packing, arranging transportation and managing customs if moving abroad, but you don\u2019t have to do this alone. A moving company can help with all or some of these tasks to make moving easier. Below we have compiled a list of Pennsylvania based removal [&hellip;]<\/p>\n","protected":false},"author":4,"featured_media":11247,"parent":190,"menu_order":0,"comment_status":"closed","ping_status":"closed","template":"","meta":{"_genesis_hide_title":false,"_genesis_hide_breadcrumbs":false,"_genesis_hide_singular_image":false,"_genesis_hide_footer_widgets":false,"_genesis_custom_body_class":"","_genesis_custom_post_class":"","_genesis_layout":"","footnotes":""},"class_list":{"0":"post-11651","1":"page","2":"type-page","3":"status-publish","4":"has-post-thumbnail","6":"entry"},"_links":{"self":[{"href":"https:\/\/moverdb.com\/pl\/wp-json\/wp\/v2\/pages\/11651","targetHints":{"allow":["GET"]}}],"collection":[{"href":"https:\/\/moverdb.com\/pl\/wp-json\/wp\/v2\/pages"}],"about":[{"href":"https:\/\/moverdb.com\/pl\/wp-json\/wp\/v2\/types\/page"}],"author":[{"embeddable":true,"href":"https:\/\/moverdb.com\/pl\/wp-json\/wp\/v2\/users\/4"}],"replies":[{"embeddable":true,"href":"https:\/\/moverdb.com\/pl\/wp-json\/wp\/v2\/comments?post=11651"}],"version-history":[{"count":2,"href":"https:\/\/moverdb.com\/pl\/wp-json\/wp\/v2\/pages\/11651\/revisions"}],"predecessor-version":[{"id":11653,"href":"https:\/\/moverdb.com\/pl\/wp-json\/wp\/v2\/pages\/11651\/revisions\/11653"}],"up":[{"embeddable":true,"href":"https:\/\/moverdb.com\/pl\/wp-json\/wp\/v2\/pages\/190"}],"wp:featuredmedia":[{"embeddable":true,"href":"https:\/\/moverdb.com\/pl\/wp-json\/wp\/v2\/media\/11247"}],"wp:attachment":[{"href":"https:\/\/moverdb.com\/pl\/wp-json\/wp\/v2\/media?parent=11651"}],"curies":[{"name":"wp","href":"https:\/\/api.w.org\/{rel}","templated":true}]}}