{"id":11648,"date":"2023-11-29T10:50:54","date_gmt":"2023-11-29T10:50:54","guid":{"rendered":"https:\/\/moverdb.com\/?page_id=11648"},"modified":"2026-01-08T15:29:25","modified_gmt":"2026-01-08T15:29:25","slug":"moving-companies-us-ohio","status":"publish","type":"page","link":"https:\/\/moverdb.com\/pl\/moving-companies\/moving-companies-us-ohio\/","title":{"rendered":"6 najlepszych mi\u0119dzynarodowych firm przeprowadzkowych w Ohio"},"content":{"rendered":"<p>Planujesz przeprowadzk\u0119? W takim razie warto skorzysta\u0107 z us\u0142ug firmy transportowej <a href=\"https:\/\/moverdb.com\/pl\/moving-companies\/\" data-internallinksmanager029f6b8e52c=\"79\" title=\"25 najlepszych firm przeprowadzek mi\u0119dzynarodowych online\">przedsi\u0119biorstwo przeprowadzkowe<\/a> aby zmniejszy\u0107 obci\u0105\u017cenie prac\u0105 i presj\u0119 zwi\u0105zan\u0105 z przeprowadzk\u0105. Mog\u0105 oni zorganizowa\u0107, spakowa\u0107 i przetransportowa\u0107 Twoje rzeczy, a tak\u017ce zaj\u0105\u0107 si\u0119 odpraw\u0105 celn\u0105, je\u015bli przeprowadzasz si\u0119 do innego kraju. Poni\u017cej przygotowali\u015bmy list\u0119 <a href=\"https:\/\/moverdb.com\/pl\/moving-to-the-united-states\/moving-to-ohio\/\" data-internallinksmanager029f6b8e52c=\"409\" title=\"Przeprowadzka do Ohio? Koszty utrzymania i wskaz\u00f3wki dotycz\u0105ce relokacji w 2023 r.\">Ohio<\/a> na stronie <a href=\"https:\/\/moverdb.com\/pl\/international-removals\/\" data-internallinksmanager029f6b8e52c=\"27\" title=\"36 najlepszych firm zajmuj\u0105cych si\u0119 przeprowadzkami mi\u0119dzynarodowymi w Wielkiej Brytanii\">przedsi\u0119biorstwa przeprowadzkowe<\/a> kt\u00f3re s\u0105 cz\u0142onkami <a href=\"https:\/\/moverdb.com\/pl\/iam\/\" data-internallinksmanager029f6b8e52c=\"23\" title=\"Mi\u0119dzynarodowe Stowarzyszenie Przewo\u017anik\u00f3w (IAM) - obja\u015bnienia\">Mi\u0119dzynarodowe Stowarzyszenie Przewo\u017anik\u00f3w<\/a> (IAM) i\/lub <a href=\"https:\/\/moverdb.com\/pl\/fidi-faim\/\" data-internallinksmanager029f6b8e52c=\"16\" title=\"FIDI i FAIM (FIDI Accredited International Mover) - obja\u015bnienia\">FIDI<\/a> Accredited International Mover (FAIM), kt\u00f3ra mo\u017ce pom\u00f3c Ci w przeprowadzce.<\/p>\n<div id=\"ez-toc-container\" class=\"ez-toc-v2_0_82_2 ez-toc-wrap-left counter-hierarchy ez-toc-counter ez-toc-transparent ez-toc-container-direction\">\n<div class=\"ez-toc-title-container\">\n<p class=\"ez-toc-title\" style=\"cursor:inherit\">Sekcje<\/p>\n<span class=\"ez-toc-title-toggle\"><a href=\"#\" class=\"ez-toc-pull-right ez-toc-btn ez-toc-btn-xs ez-toc-btn-default ez-toc-toggle\" aria-label=\"Prze\u0142\u0105cznik Spisu Tre\u015bci\"><span class=\"ez-toc-js-icon-con\"><span class=\"\"><span class=\"eztoc-hide\" style=\"display:none;\">Toggle<\/span><span class=\"ez-toc-icon-toggle-span\"><svg style=\"fill: #999;color:#999\" xmlns=\"http:\/\/www.w3.org\/2000\/svg\" class=\"list-377408\" width=\"20px\" height=\"20px\" viewbox=\"0 0 24 24\" fill=\"none\"><path d=\"M6 6H4v2h2V6zm14 0H8v2h12V6zM4 11h2v2H4v-2zm16 0H8v2h12v-2zM4 16h2v2H4v-2zm16 0H8v2h12v-2z\" fill=\"currentColor\"><\/path><\/svg><svg style=\"fill: #999;color:#999\" class=\"arrow-unsorted-368013\" xmlns=\"http:\/\/www.w3.org\/2000\/svg\" width=\"10px\" height=\"10px\" viewbox=\"0 0 24 24\" version=\"1.2\" baseprofile=\"tiny\"><path d=\"M18.2 9.3l-6.2-6.3-6.2 6.3c-.2.2-.3.4-.3.7s.1.5.3.7c.2.2.4.3.7.3h11c.3 0 .5-.1.7-.3.2-.2.3-.5.3-.7s-.1-.5-.3-.7zM5.8 14.7l6.2 6.3 6.2-6.3c.2-.2.3-.5.3-.7s-.1-.5-.3-.7c-.2-.2-.4-.3-.7-.3h-11c-.3 0-.5.1-.7.3-.2.2-.3.5-.3.7s.1.5.3.7z\"\/><\/svg><\/span><\/span><\/span><\/a><\/span><\/div>\n<nav><ul class='ez-toc-list ez-toc-list-level-1 eztoc-toggle-hide-by-default' ><li class='ez-toc-page-1 ez-toc-heading-level-2'><a class=\"ez-toc-link ez-toc-heading-1\" href=\"https:\/\/moverdb.com\/pl\/moving-companies\/moving-companies-us-ohio\/#1_Andrews_Moving_Storage\" >1. Andrews Moving &amp; Storage<\/a><\/li><li class='ez-toc-page-1 ez-toc-heading-level-2'><a class=\"ez-toc-link ez-toc-heading-2\" href=\"https:\/\/moverdb.com\/pl\/moving-companies\/moving-companies-us-ohio\/#2_Corrigan_Moving_Systems\" >2. Corrigan Moving Systems<\/a><\/li><li class='ez-toc-page-1 ez-toc-heading-level-2'><a class=\"ez-toc-link ez-toc-heading-3\" href=\"https:\/\/moverdb.com\/pl\/moving-companies\/moving-companies-us-ohio\/#3_CSNS_Relocation_Services\" >3. Us\u0142ugi relokacyjne CSNS<\/a><\/li><li class='ez-toc-page-1 ez-toc-heading-level-2'><a class=\"ez-toc-link ez-toc-heading-4\" href=\"https:\/\/moverdb.com\/pl\/moving-companies\/moving-companies-us-ohio\/#4_Letz_Get_Moving\" >4. Letz Get Moving<\/a><\/li><li class='ez-toc-page-1 ez-toc-heading-level-2'><a class=\"ez-toc-link ez-toc-heading-5\" href=\"https:\/\/moverdb.com\/pl\/moving-companies\/moving-companies-us-ohio\/#5_Moving_Ahead_Services\" >5. Us\u0142ugi Moving Ahead<\/a><\/li><li class='ez-toc-page-1 ez-toc-heading-level-2'><a class=\"ez-toc-link ez-toc-heading-6\" href=\"https:\/\/moverdb.com\/pl\/moving-companies\/moving-companies-us-ohio\/#6_Planes_Moving_Storage\" >6. Planes Moving &amp; Storage<\/a><\/li><\/ul><\/nav><\/div>\n<h2><span class=\"ez-toc-section\" id=\"1_Andrews_Moving_Storage\"><\/span><strong>1. Andrews Moving &amp; Storage<\/strong><span class=\"ez-toc-section-end\"><\/span><\/h2>\n<p><img loading=\"lazy\" decoding=\"async\" class=\"alignnone size-full wp-image-11255\" src=\"https:\/\/moverdb.com\/wp-content\/uploads\/Andrews-Moving-Storage-international-moving-company.png\" alt=\"Andrews Moving &amp; Storage - mi\u0119dzynarodowa firma przeprowadzkowa\" width=\"1440\" height=\"679\" data-wp-pid=\"11255\" srcset=\"https:\/\/moverdb.com\/wp-content\/uploads\/Andrews-Moving-Storage-international-moving-company.png 1440w, https:\/\/moverdb.com\/wp-content\/uploads\/Andrews-Moving-Storage-international-moving-company-300x141.png 300w, https:\/\/moverdb.com\/wp-content\/uploads\/Andrews-Moving-Storage-international-moving-company-1024x483.png 1024w, https:\/\/moverdb.com\/wp-content\/uploads\/Andrews-Moving-Storage-international-moving-company-18x8.png 18w, https:\/\/moverdb.com\/wp-content\/uploads\/Andrews-Moving-Storage-international-moving-company-600x283.png 600w\" sizes=\"auto, (max-width: 1440px) 100vw, 1440px\" \/><\/p>\n<ul>\n<li>Przeprowadzki lokalne i na du\u017ce odleg\u0142o\u015bci<\/li>\n<li>Przeprowadzki mi\u0119dzynarodowe<\/li>\n<li>Przeprowadzki mieszkaniowe<\/li>\n<li>Przeprowadzki handlowe i biurowe<\/li>\n<li>Relokacje pracownik\u00f3w<\/li>\n<li>Us\u0142uga pakowania<\/li>\n<li>Organizacja transportu<\/li>\n<li>Wsparcie celne<\/li>\n<li>\u015aledzenie przesy\u0142ek<\/li>\n<li>Przechowywanie kr\u00f3tko i d\u0142ugoterminowe<\/li>\n<\/ul>\n<p>Andrews Moving &amp; Storage to rodzinna firma przeprowadzkowa za\u0142o\u017cona w 1908 roku z siedzib\u0105 w Streetsboro. Andrews jest agentem United Van Lines, kt\u00f3ry posiada og\u00f3lno\u015bwiatow\u0105 sie\u0107 agent\u00f3w przeprowadzkowych, z kt\u00f3rymi wsp\u00f3\u0142pracuje na wysokim poziomie. Firma jest cz\u0142onkiem IAM.<\/p>\n<p>Andrews Moving &amp; Storage oferuje spersonalizowane us\u0142ugi przeprowadzkowe, kt\u00f3re zarz\u0105dzaj\u0105 ca\u0142\u0105 przeprowadzk\u0105. Zapewniaj\u0105 pe\u0142n\u0105 us\u0142ug\u0119 pakowania w celu ochrony rzeczy w transporcie przy u\u017cyciu przeszkolonych zespo\u0142\u00f3w pakuj\u0105cych. Po przybyciu do miejsca docelowego, firma rozpakuje r\u00f3wnie\u017c Twoje rzeczy. Zorganizuj\u0105 transport rzeczy wraz z obs\u0142ug\u0105 celn\u0105 i zapewni\u0105 \u015bledzenie online.<\/p>\n<p>Strona internetowa: <a href=\"http:\/\/www.andrewsmoving.com\" target=\"_blank\" rel=\"noopener\">http:\/\/www.andrewsmoving.com<\/a><\/p>\n<h2><span class=\"ez-toc-section\" id=\"2_Corrigan_Moving_Systems\"><\/span><strong>2. Corrigan Moving Systems<\/strong><span class=\"ez-toc-section-end\"><\/span><\/h2>\n<p><img loading=\"lazy\" decoding=\"async\" class=\"alignnone size-full wp-image-11297\" src=\"https:\/\/moverdb.com\/wp-content\/uploads\/Corrigan-Moving-Systems-international-moving-company.png\" alt=\"Corrigan Moving Systems mi\u0119dzynarodowa firma przeprowadzkowa\" width=\"1440\" height=\"675\" data-wp-pid=\"11297\" srcset=\"https:\/\/moverdb.com\/wp-content\/uploads\/Corrigan-Moving-Systems-international-moving-company.png 1440w, https:\/\/moverdb.com\/wp-content\/uploads\/Corrigan-Moving-Systems-international-moving-company-300x141.png 300w, https:\/\/moverdb.com\/wp-content\/uploads\/Corrigan-Moving-Systems-international-moving-company-1024x480.png 1024w, https:\/\/moverdb.com\/wp-content\/uploads\/Corrigan-Moving-Systems-international-moving-company-18x8.png 18w, https:\/\/moverdb.com\/wp-content\/uploads\/Corrigan-Moving-Systems-international-moving-company-600x281.png 600w\" sizes=\"auto, (max-width: 1440px) 100vw, 1440px\" \/><\/p>\n<ul>\n<li>Przeprowadzki lokalne i na du\u017ce odleg\u0142o\u015bci<\/li>\n<li>Przeprowadzki mi\u0119dzynarodowe<\/li>\n<li>Przeprowadzki mieszkaniowe<\/li>\n<li>Przeprowadzki handlowe<\/li>\n<li>Relokacje przedsi\u0119biorstw<\/li>\n<li>Us\u0142uga \"od drzwi do drzwi\".<\/li>\n<li>Us\u0142uga pakowania<\/li>\n<li>Wsparcie celne<\/li>\n<li><a href=\"https:\/\/moverdb.com\/pl\/car-transport-shipping\/\" data-internallinksmanager029f6b8e52c=\"2\" title=\"2026 Mi\u0119dzynarodowy transport samochodowy i wyceny wysy\u0142ki pojazd\u00f3w\">Spedycja pojazd\u00f3w<\/a><\/li>\n<li>Us\u0142ugi magazynowania<\/li>\n<\/ul>\n<p>Corrigan Moving Systems to za\u0142o\u017cona w 1929 roku firma \u015bwiadcz\u0105ca kompleksowe us\u0142ugi w zakresie przeprowadzek i logistyki, posiadaj\u0105ca 13 lokalizacji w Ohio, <a href=\"https:\/\/moverdb.com\/pl\/moving-to-the-united-states\/moving-to-michigan\/\" data-internallinksmanager029f6b8e52c=\"414\" title=\"Przeprowadzka do Michigan? 2026 Koszty utrzymania i porady dotycz\u0105ce przeprowadzki\">Michigan<\/a>, <a href=\"https:\/\/moverdb.com\/pl\/moving-to-the-united-states\/moving-to-new-york\/\" data-internallinksmanager029f6b8e52c=\"332\" title=\"Przeprowadzka do Nowego Jorku (stan)? Koszty utrzymania i porady dotycz\u0105ce relokacji w 2023 r.\">Nowy Jork<\/a> oraz <a href=\"https:\/\/moverdb.com\/pl\/moving-to-the-united-states\/moving-to-pennsylvania\/\" data-internallinksmanager029f6b8e52c=\"404\" title=\"Przeprowadzka do Pensylwanii? Koszty utrzymania i wskaz\u00f3wki dotycz\u0105ce relokacji w 2023 r.\">Pensylwania<\/a>. Ich oddzia\u0142y w Ohio znajduj\u0105 si\u0119 w Cleveland i Toledo. S\u0105 cz\u0119\u015bci\u0105 United Van Lines, co zapewnia im sie\u0107 agent\u00f3w przeprowadzkowych, z kt\u00f3rymi mog\u0105 wsp\u00f3\u0142pracowa\u0107. Firma jest cz\u0142onkiem IAM z 75-letnim do\u015bwiadczeniem i posiada akredytacj\u0119 FIDI.<\/p>\n<p>Corrigan Moving Systems oferuje us\u0142ugi przeprowadzek od drzwi do drzwi dla klient\u00f3w indywidualnych i komercyjnych. Oferuj\u0105 spersonalizowane pakiety przeprowadzkowe, a koordynator przeprowadzki dostosuje strategi\u0119 przeprowadzki do Twojej sytuacji. Zaczyna si\u0119 to od bezp\u0142atnej wyceny i ankiety na miejscu lub wirtualnej.<\/p>\n<p>Strona internetowa: <a href=\"https:\/\/www.corriganmoving.com\/\" target=\"_blank\" rel=\"noopener\">https:\/\/www.corriganmoving.com\/<\/a><\/p>\n<h2><span class=\"ez-toc-section\" id=\"3_CSNS_Relocation_Services\"><\/span><strong>3. Us\u0142ugi relokacyjne CSNS<\/strong><span class=\"ez-toc-section-end\"><\/span><\/h2>\n<p><img loading=\"lazy\" decoding=\"async\" class=\"alignnone size-full wp-image-11301\" src=\"https:\/\/moverdb.com\/wp-content\/uploads\/CSNS-Relocation-Services-international-moving-company.png\" alt=\"CSNS Relocation Services mi\u0119dzynarodowa firma przeprowadzkowa\" width=\"1440\" height=\"680\" data-wp-pid=\"11301\" srcset=\"https:\/\/moverdb.com\/wp-content\/uploads\/CSNS-Relocation-Services-international-moving-company.png 1440w, https:\/\/moverdb.com\/wp-content\/uploads\/CSNS-Relocation-Services-international-moving-company-300x142.png 300w, https:\/\/moverdb.com\/wp-content\/uploads\/CSNS-Relocation-Services-international-moving-company-1024x484.png 1024w, https:\/\/moverdb.com\/wp-content\/uploads\/CSNS-Relocation-Services-international-moving-company-18x9.png 18w, https:\/\/moverdb.com\/wp-content\/uploads\/CSNS-Relocation-Services-international-moving-company-600x283.png 600w\" sizes=\"auto, (max-width: 1440px) 100vw, 1440px\" \/><\/p>\n<ul>\n<li>Krajowe us\u0142ugi relokacji<\/li>\n<li>Us\u0142ugi relokacji gospodarstw domowych<\/li>\n<li>Us\u0142ugi Origin<\/li>\n<li>Us\u0142ugi dotycz\u0105ce miejsc przeznaczenia<\/li>\n<li>Profesjonalna skrzynia<\/li>\n<li>Demonta\u017c i monta\u017c mebli<\/li>\n<li>Us\u0142ugi instalacyjne<\/li>\n<li>Serwis pokoj\u00f3wek<\/li>\n<li>Usuwanie gruzu<\/li>\n<\/ul>\n<p>CSNS Relocation Services jest krajow\u0105 firm\u0105 \u015bwiadcz\u0105c\u0105 us\u0142ugi relokacji, za\u0142o\u017con\u0105 w 2002 roku w <a href=\"https:\/\/moverdb.com\/pl\/moving-to-dublin\/\" data-internallinksmanager029f6b8e52c=\"260\" title=\"Przeprowadzasz si\u0119 do Dublina? 2026 Koszty utrzymania i porady dotycz\u0105ce przeprowadzki\">Dublin<\/a>. Posiadaj\u0105 rozleg\u0142\u0105 sie\u0107 firm przeprowadzkowych, z kt\u00f3rymi wsp\u00f3\u0142pracuj\u0105 w celu \u015bwiadczenia swoich us\u0142ug. S\u0105 cz\u0142onkiem IAM z 21-letnim do\u015bwiadczeniem.<\/p>\n<p>CSNS Relocation Services oferuje zewn\u0119trzne us\u0142ugi relokacyjne, aby pom\u00f3c zar\u00f3wno w miejscu pochodzenia, jak i w miejscu docelowym w ramach <a href=\"https:\/\/moverdb.com\/pl\/moving-to-the-united-states\/\" data-internallinksmanager029f6b8e52c=\"94\" title=\"Przeprowadzasz si\u0119 do Stan\u00f3w Zjednoczonych? 2026 Koszty \u017cycia i wskaz\u00f3wki dotycz\u0105ce przeprowadzki\">USA<\/a>. Oferuj\u0105 one szeroki zakres us\u0142ug, kt\u00f3rych firmy przeprowadzkowe cz\u0119sto nie \u015bwiadcz\u0105, aby pom\u00f3c w przygotowaniach do przeprowadzki lub osiedleniu si\u0119 w nowym domu, takich jak instalacja urz\u0105dze\u0144, konfiguracja sprz\u0119tu audiowizualnego, instalacja armatury i us\u0142ugi pokoj\u00f3wki.<\/p>\n<p>Strona internetowa: <a href=\"http:\/\/www.csnsrelo.com\" target=\"_blank\" rel=\"noopener\">http:\/\/www.csnsrelo.com<\/a><\/p>\n<h2><span class=\"ez-toc-section\" id=\"4_Letz_Get_Moving\"><\/span><strong>4. Letz Get Moving<\/strong><span class=\"ez-toc-section-end\"><\/span><\/h2>\n<p><img loading=\"lazy\" decoding=\"async\" class=\"alignnone size-full wp-image-11364\" src=\"https:\/\/moverdb.com\/wp-content\/uploads\/Letz-Get-Moving-international-moving-company.png\" alt=\"Letz Get Moving mi\u0119dzynarodowa firma przeprowadzkowa\" width=\"1440\" height=\"674\" data-wp-pid=\"11364\" srcset=\"https:\/\/moverdb.com\/wp-content\/uploads\/Letz-Get-Moving-international-moving-company.png 1440w, https:\/\/moverdb.com\/wp-content\/uploads\/Letz-Get-Moving-international-moving-company-300x140.png 300w, https:\/\/moverdb.com\/wp-content\/uploads\/Letz-Get-Moving-international-moving-company-1024x479.png 1024w, https:\/\/moverdb.com\/wp-content\/uploads\/Letz-Get-Moving-international-moving-company-18x8.png 18w, https:\/\/moverdb.com\/wp-content\/uploads\/Letz-Get-Moving-international-moving-company-600x281.png 600w\" sizes=\"auto, (max-width: 1440px) 100vw, 1440px\" \/><\/p>\n<ul>\n<li>Przeniesienia krajowe<\/li>\n<li>Przeniesienia mi\u0119dzynarodowe<\/li>\n<li>Przemieszczenia gospodarstw domowych<\/li>\n<li>Us\u0142uga \"od drzwi do drzwi\".<\/li>\n<li>Us\u0142uga pakowania<\/li>\n<li>Transport<\/li>\n<li>Mo\u017cliwo\u015b\u0107 wyboru wariant\u00f3w pojemnik\u00f3w<\/li>\n<li>Odprawa celna<\/li>\n<li>Transport pojazd\u00f3w<\/li>\n<li>Bezpieczne przechowywanie<\/li>\n<\/ul>\n<p>Letz Get Moving to mi\u0119dzymiastowa i mi\u0119dzynarodowa firma przeprowadzkowa z 10-letnim do\u015bwiadczeniem, posiadaj\u0105ca lokalizacje w Twinsburg, Baltimore i <a href=\"https:\/\/moverdb.com\/pl\/moving-to-los-angeles\/\" data-internallinksmanager029f6b8e52c=\"51\" title=\"Przeprowadzka do Los Angeles? Koszty utrzymania i wskaz\u00f3wki dotycz\u0105ce relokacji w Los Angeles w 2026 roku\">Los Angeles<\/a>. S\u0105 cz\u0142onkiem IAM z sze\u015bcioletnim do\u015bwiadczeniem.<\/p>\n<p>Letz Get Moving oferuje kompleksowe us\u0142ugi relokacyjne, kt\u00f3re pozwol\u0105 zarz\u0105dza\u0107 przeprowadzk\u0105 od pocz\u0105tku do ko\u0144ca. Firma zapewnia g\u0142\u00f3wny punkt kontaktowy, kt\u00f3ry koordynuje i planuje przeprowadzk\u0119. Profesjonalnie spakuj\u0105 Twoje rzeczy i zaoferuj\u0105 niestandardowe us\u0142ugi skrzyniowe. Oznacz\u0105 rzeczy i stworz\u0105 list\u0119 inwentaryzacyjn\u0105. Po przybyciu na miejsce rozpakuj\u0105 i zmontuj\u0105 meble, a tak\u017ce usun\u0105 wszelkie zanieczyszczenia.<\/p>\n<p>Strona internetowa: <a href=\"http:\/\/www.letzgetmoving.com\" target=\"_blank\" rel=\"noopener\">http:\/\/www.letzgetmoving.com<\/a><\/p>\n<h2><span class=\"ez-toc-section\" id=\"5_Moving_Ahead_Services\"><\/span><strong>5. Us\u0142ugi Moving Ahead<\/strong><span class=\"ez-toc-section-end\"><\/span><\/h2>\n<p><img loading=\"lazy\" decoding=\"async\" class=\"alignnone size-full wp-image-11387\" src=\"https:\/\/moverdb.com\/wp-content\/uploads\/Moving-Ahead-Services-international-moving-company.png\" alt=\"Moving Ahead Services mi\u0119dzynarodowa firma przeprowadzkowa\" width=\"1440\" height=\"672\" data-wp-pid=\"11387\" srcset=\"https:\/\/moverdb.com\/wp-content\/uploads\/Moving-Ahead-Services-international-moving-company.png 1440w, https:\/\/moverdb.com\/wp-content\/uploads\/Moving-Ahead-Services-international-moving-company-300x140.png 300w, https:\/\/moverdb.com\/wp-content\/uploads\/Moving-Ahead-Services-international-moving-company-1024x478.png 1024w, https:\/\/moverdb.com\/wp-content\/uploads\/Moving-Ahead-Services-international-moving-company-18x8.png 18w, https:\/\/moverdb.com\/wp-content\/uploads\/Moving-Ahead-Services-international-moving-company-600x280.png 600w\" sizes=\"auto, (max-width: 1440px) 100vw, 1440px\" \/><\/p>\n<ul>\n<li>Przeprowadzki lokalne i na du\u017ce odleg\u0142o\u015bci<\/li>\n<li>Przeprowadzki mi\u0119dzynarodowe<\/li>\n<li>Przeprowadzki gospodarstw domowych<\/li>\n<li>Przeprowadzki handlowe<\/li>\n<li>Relokacje przedsi\u0119biorstw<\/li>\n<li>Indywidualny plan przeprowadzki<\/li>\n<li>Wyb\u00f3r opcji pe\u0142nej obs\u0142ugi lub tylko robocizny<\/li>\n<li>Us\u0142ugi pakowania<\/li>\n<li>Organizacja transportu<\/li>\n<li>Obiekty magazynowe<\/li>\n<\/ul>\n<p>Moving Ahead Services to firma przeprowadzkowa z oddzia\u0142ami w Cleveland, Columbus, Cincinnati, Charlotte i Pittsburghu. Jest cz\u0142onkiem IAM z 18-letnim do\u015bwiadczeniem, co zapewnia jej dost\u0119p do sieci agent\u00f3w przeprowadzkowych, z kt\u00f3rymi mo\u017ce wsp\u00f3\u0142pracowa\u0107.<\/p>\n<p>Moving Ahead Services wype\u0142ni formularz online lub telefonicznie. <a href=\"https:\/\/moverdb.com\/pl\/quotes\/\" data-internallinksmanager029f6b8e52c=\"26\" title=\"Cytaty z przeprowadzek mi\u0119dzynarodowych: 12 pyta\u0144, kt\u00f3re nale\u017cy zada\u0107 swojemu przewo\u017anikowi\">zapytanie o przeprowadzk\u0119<\/a>. Stworz\u0105 oni indywidualny plan przeprowadzki, kt\u00f3ry zaspokoi Twoje potrzeby. Firma oferuje zar\u00f3wno pe\u0142n\u0105 obs\u0142ug\u0119, jak i opcje pakowania i przechowywania, a tak\u017ce wyb\u00f3r dodatkowych us\u0142ug. Dedykowany przedstawiciel obs\u0142ugi klienta poprowadzi Ci\u0119 przez proces przeprowadzki i opcje.<\/p>\n<p>Strona internetowa: <a href=\"https:\/\/movingaheadservices.com\/\" target=\"_blank\" rel=\"noopener\">https:\/\/movingaheadservices.com\/<\/a><\/p>\n<h2><span class=\"ez-toc-section\" id=\"6_Planes_Moving_Storage\"><\/span><strong>6. Planes Moving &amp; Storage<\/strong><span class=\"ez-toc-section-end\"><\/span><\/h2>\n<p><img loading=\"lazy\" decoding=\"async\" class=\"alignnone size-full wp-image-11410\" src=\"https:\/\/moverdb.com\/wp-content\/uploads\/Planes-Moving-Storage-international-moving-company.png\" alt=\"Planes Moving &amp; Storage - mi\u0119dzynarodowa firma przeprowadzkowa\" width=\"1440\" height=\"660\" data-wp-pid=\"11410\" srcset=\"https:\/\/moverdb.com\/wp-content\/uploads\/Planes-Moving-Storage-international-moving-company.png 1440w, https:\/\/moverdb.com\/wp-content\/uploads\/Planes-Moving-Storage-international-moving-company-300x138.png 300w, https:\/\/moverdb.com\/wp-content\/uploads\/Planes-Moving-Storage-international-moving-company-1024x469.png 1024w, https:\/\/moverdb.com\/wp-content\/uploads\/Planes-Moving-Storage-international-moving-company-18x8.png 18w, https:\/\/moverdb.com\/wp-content\/uploads\/Planes-Moving-Storage-international-moving-company-600x275.png 600w\" sizes=\"auto, (max-width: 1440px) 100vw, 1440px\" \/><\/p>\n<ul>\n<li>Przeprowadzki lokalne i na du\u017ce odleg\u0142o\u015bci<\/li>\n<li>Przeprowadzki mi\u0119dzynarodowe<\/li>\n<li>Przeprowadzka gospodarstwa domowego<\/li>\n<li>Ruchy biznesowe<\/li>\n<li>Zarz\u0105dzanie przeniesieniem<\/li>\n<li>Us\u0142uga pakowania<\/li>\n<li>Wysy\u0142ka drog\u0105 lotnicz\u0105, morsk\u0105 i kolejow\u0105<\/li>\n<li>Wsparcie dokumentacyjne<\/li>\n<li>Transport pojazd\u00f3w<\/li>\n<li>Obiekty magazynowe<\/li>\n<\/ul>\n<p>Planes Moving &amp; Storage to firma przeprowadzkowa za\u0142o\u017cona w 1921 roku, posiadaj\u0105ca lokalizacje w Cincinnati, Dayton i Columbus w Ohio, a tak\u017ce w Indianapolis i <a href=\"https:\/\/moverdb.com\/pl\/moving-to-chicago\/\" data-internallinksmanager029f6b8e52c=\"39\" title=\"Przeprowadzasz si\u0119 do Chicago? 2026 Koszty \u017cycia i wskaz\u00f3wki dotycz\u0105ce przeprowadzki\">Chicago (Inf. w\u0142.)<\/a>.  Firma jest partnerem United Van Lines i posiada silny \u0142a\u0144cuch dostawc\u00f3w, dzi\u0119ki kt\u00f3remu mo\u017ce \u015bwiadczy\u0107 swoje us\u0142ugi na ca\u0142ym \u015bwiecie. Firma jest cz\u0142onkiem IAM ze 103-letnim do\u015bwiadczeniem i posiada akredytacj\u0119 FIDI.<\/p>\n<p>Planes Moving &amp; Storage zapewnia do\u015bwiadczonego koordynatora przeprowadzki, kt\u00f3ry wsp\u00f3\u0142pracuje z klientem i opracowuje plan przeprowadzki dostosowany do jego potrzeb. Oferuje pe\u0142n\u0105 us\u0142ug\u0119 pakowania z przeszkolonymi zespo\u0142ami pakuj\u0105cymi, kt\u00f3re chroni\u0105 cenne i delikatne przedmioty.<\/p>\n<p>Strona internetowa: <a href=\"http:\/\/www.planescompanies.com\/\" target=\"_blank\" rel=\"noopener\">http:\/\/www.planescompanies.com\/<\/a><\/p>","protected":false},"excerpt":{"rendered":"<p>Are you planning a move? Then you may want to engage the services of a moving company to reduce the workload and pressure of moving. They can organise, pack and transport your belongings as well as handle customs if you are moving country. Below we have compiled a list of Ohio based removal companies that [&hellip;]<\/p>\n","protected":false},"author":4,"featured_media":11255,"parent":190,"menu_order":0,"comment_status":"closed","ping_status":"closed","template":"","meta":{"_genesis_hide_title":false,"_genesis_hide_breadcrumbs":false,"_genesis_hide_singular_image":false,"_genesis_hide_footer_widgets":false,"_genesis_custom_body_class":"","_genesis_custom_post_class":"","_genesis_layout":"","footnotes":""},"class_list":{"0":"post-11648","1":"page","2":"type-page","3":"status-publish","4":"has-post-thumbnail","6":"entry"},"_links":{"self":[{"href":"https:\/\/moverdb.com\/pl\/wp-json\/wp\/v2\/pages\/11648","targetHints":{"allow":["GET"]}}],"collection":[{"href":"https:\/\/moverdb.com\/pl\/wp-json\/wp\/v2\/pages"}],"about":[{"href":"https:\/\/moverdb.com\/pl\/wp-json\/wp\/v2\/types\/page"}],"author":[{"embeddable":true,"href":"https:\/\/moverdb.com\/pl\/wp-json\/wp\/v2\/users\/4"}],"replies":[{"embeddable":true,"href":"https:\/\/moverdb.com\/pl\/wp-json\/wp\/v2\/comments?post=11648"}],"version-history":[{"count":2,"href":"https:\/\/moverdb.com\/pl\/wp-json\/wp\/v2\/pages\/11648\/revisions"}],"predecessor-version":[{"id":11650,"href":"https:\/\/moverdb.com\/pl\/wp-json\/wp\/v2\/pages\/11648\/revisions\/11650"}],"up":[{"embeddable":true,"href":"https:\/\/moverdb.com\/pl\/wp-json\/wp\/v2\/pages\/190"}],"wp:featuredmedia":[{"embeddable":true,"href":"https:\/\/moverdb.com\/pl\/wp-json\/wp\/v2\/media\/11255"}],"wp:attachment":[{"href":"https:\/\/moverdb.com\/pl\/wp-json\/wp\/v2\/media?parent=11648"}],"curies":[{"name":"wp","href":"https:\/\/api.w.org\/{rel}","templated":true}]}}