{"id":11624,"date":"2023-11-22T15:50:03","date_gmt":"2023-11-22T15:50:03","guid":{"rendered":"https:\/\/moverdb.com\/?page_id=11624"},"modified":"2026-01-08T15:30:12","modified_gmt":"2026-01-08T15:30:12","slug":"moving-companies-nevada","status":"publish","type":"page","link":"https:\/\/moverdb.com\/pl\/moving-companies\/moving-companies-nevada\/","title":{"rendered":"Najlepsze firmy zajmuj\u0105ce si\u0119 przeprowadzkami mi\u0119dzynarodowymi w Nevadzie"},"content":{"rendered":"<p>Przeprowadzka mo\u017ce by\u0107 jednym z najbardziej stresuj\u0105cych moment\u00f3w w \u017cyciu, wi\u0119c po co pr\u00f3bowa\u0107 robi\u0107 to wszystko samemu? A <a href=\"https:\/\/moverdb.com\/pl\/moving-companies\/\" data-internallinksmanager029f6b8e52c=\"79\" title=\"25 najlepszych firm przeprowadzek mi\u0119dzynarodowych online\">przedsi\u0119biorstwo przeprowadzkowe<\/a> mo\u017ce wzi\u0105\u0107 na siebie wiele zada\u0144, takich jak organizacja przeprowadzki, organizacja transportu, pakowanie i wype\u0142nianie formalno\u015bci. Poni\u017cej przygotowali\u015bmy list\u0119 <a href=\"https:\/\/moverdb.com\/pl\/moving-to-the-united-states\/moving-to-nevada\/\" data-internallinksmanager029f6b8e52c=\"457\" title=\"Przeprowadzka do Nevady? 2024 Koszty utrzymania i porady dotycz\u0105ce przeprowadzki\">Nevada<\/a> na stronie <a href=\"https:\/\/moverdb.com\/pl\/international-removals\/\" data-internallinksmanager029f6b8e52c=\"27\" title=\"36 najlepszych firm zajmuj\u0105cych si\u0119 przeprowadzkami mi\u0119dzynarodowymi w Wielkiej Brytanii\">przedsi\u0119biorstwa przeprowadzkowe<\/a> kt\u00f3re s\u0105 cz\u0142onkami <a href=\"https:\/\/moverdb.com\/pl\/iam\/\" data-internallinksmanager029f6b8e52c=\"23\" title=\"Mi\u0119dzynarodowe Stowarzyszenie Przewo\u017anik\u00f3w (IAM) - obja\u015bnienia\">Mi\u0119dzynarodowe Stowarzyszenie Przewo\u017anik\u00f3w<\/a> (IAM) i\/lub <a href=\"https:\/\/moverdb.com\/pl\/fidi-faim\/\" data-internallinksmanager029f6b8e52c=\"16\" title=\"FIDI i FAIM (FIDI Accredited International Mover) - obja\u015bnienia\">FIDI<\/a> Accredited International Mover (FAIM), kt\u00f3ra mo\u017ce pom\u00f3c Ci w przeprowadzce.<\/p>\n<h2><strong>RenoRelo<\/strong><\/h2>\n<p><img loading=\"lazy\" decoding=\"async\" class=\"alignnone size-full wp-image-11423\" src=\"https:\/\/moverdb.com\/wp-content\/uploads\/RenoRelo-international-moving-company.png\" alt=\"RenoRelo mi\u0119dzynarodowa firma przeprowadzkowa\" width=\"1440\" height=\"679\" data-wp-pid=\"11423\" srcset=\"https:\/\/moverdb.com\/wp-content\/uploads\/RenoRelo-international-moving-company.png 1440w, https:\/\/moverdb.com\/wp-content\/uploads\/RenoRelo-international-moving-company-300x141.png 300w, https:\/\/moverdb.com\/wp-content\/uploads\/RenoRelo-international-moving-company-1024x483.png 1024w, https:\/\/moverdb.com\/wp-content\/uploads\/RenoRelo-international-moving-company-18x8.png 18w, https:\/\/moverdb.com\/wp-content\/uploads\/RenoRelo-international-moving-company-600x283.png 600w\" sizes=\"auto, (max-width: 1440px) 100vw, 1440px\" \/><\/p>\n<ul>\n<li>Przeprowadzki lokalne i krajowe<\/li>\n<li>Ruchy na ca\u0142ym \u015bwiecie<\/li>\n<li>Przeprowadzki mieszkaniowe<\/li>\n<li>Przeprowadzki handlowe i biurowe<\/li>\n<li>Relokacje przedsi\u0119biorstw<\/li>\n<li>Kompleksowe rozwi\u0105zania<\/li>\n<li>Us\u0142uga pakowania<\/li>\n<li>Crating<\/li>\n<li>Organizacja transportu<\/li>\n<li>Obiekty magazynowe<\/li>\n<\/ul>\n<p>RenoRelo to kompleksowa firma przeprowadzkowa z lokalizacjami w Reno, Spokane i Boise. Jest agentem United Van Lines, co daje jej sie\u0107 firm przeprowadzkowych, z kt\u00f3rymi mo\u017ce wsp\u00f3\u0142pracowa\u0107 w celu \u015bwiadczenia us\u0142ug poza obszarem swojej dzia\u0142alno\u015bci. Firma jest cz\u0142onkiem IAM z pi\u0119cioletnim do\u015bwiadczeniem.<\/p>\n<p>RenoRelo oferuje kompleksowe rozwi\u0105zania w zakresie przeprowadzek mieszkaniowych, komercyjnych i biurowych, a tak\u017ce przeprowadzek korporacyjnych na terenie ca\u0142ego kraju. <a href=\"https:\/\/moverdb.com\/pl\/moving-to-the-united-states\/\" data-internallinksmanager029f6b8e52c=\"94\" title=\"Przeprowadzasz si\u0119 do Stan\u00f3w Zjednoczonych? 2026 Koszty \u017cycia i wskaz\u00f3wki dotycz\u0105ce przeprowadzki\">USA<\/a> i mi\u0119dzynarodowym. Zapewniaj\u0105 us\u0142ugi pakowania i skrzynkowania w celu ochrony rzeczy podczas transportu. Zorganizuj\u0105 transport Twoich rzeczy i skoordynuj\u0105 z wszelkimi stronami trzecimi ich dostaw\u0119 do miejsca docelowego.<\/p>\n<p>Strona internetowa: <a href=\"http:\/\/renoreloww.com\" target=\"_blank\" rel=\"noopener\">http:\/\/renoreloww.com<\/a><\/p>\n<h2>Inne przydatne przewodniki po Stanach Zjednoczonych<\/h2>\n<ul>\n<li> <a href=\"https:\/\/moverdb.com\/pl\/przeprowadzka-do-stanow-zjednoczonych-2022-koszty-zycia-i-wskazowki-relokacji\/moving-to-las-vegas\/\">Przeprowadzka do Las Vegas? Koszty utrzymania i wskaz\u00f3wki dotycz\u0105ce przeprowadzki w 2024 roku<\/a><\/li>\n<li> <a href=\"https:\/\/moverdb.com\/pl\/przeprowadzka-do-stanow-zjednoczonych-2022-koszty-zycia-i-wskazowki-relokacji\/moving-to-nevada\/\">Przeprowadzka do Nevady? 2024 Koszty utrzymania i porady dotycz\u0105ce przeprowadzki<\/a><\/li>\n<li> <a href=\"https:\/\/moverdb.com\/pl\/przeprowadzka-do-stanow-zjednoczonych-2022-koszty-zycia-i-wskazowki-relokacji\/movers-cost\/\">Ile kosztuje wynaj\u0119cie firmy przeprowadzkowej? Przewodnik po oszcz\u0119dno\u015bciach w USA w 2024 roku<\/a><\/li>\n<li> <a href=\"https:\/\/moverdb.com\/pl\/przeprowadzka-do-stanow-zjednoczonych-2022-koszty-zycia-i-wskazowki-relokacji\/\">Przeprowadzasz si\u0119 do Stan\u00f3w Zjednoczonych? 2026 Koszty \u017cycia i wskaz\u00f3wki dotycz\u0105ce przeprowadzki<\/a><\/li>\n<li> <a href=\"https:\/\/moverdb.com\/pl\/przeprowadzka-do-stanow-zjednoczonych-2022-koszty-zycia-i-wskazowki-relokacji\/places-to-live-in-the-us\/\">13 najlepszych miejsc do \u017cycia w Stanach Zjednoczonych<\/a><\/li>\n<li> <a href=\"https:\/\/moverdb.com\/pl\/przeprowadzka-do-stanow-zjednoczonych-2022-koszty-zycia-i-wskazowki-relokacji\/living\/\">21 sekret\u00f3w dotycz\u0105cych \u017cycia w USA, kt\u00f3re warto pozna\u0107 przed przeprowadzk\u0105<\/a><\/li>\n<\/ul>","protected":false},"excerpt":{"rendered":"<p>Moving can be one of the most stressful times in your life so why try to do it all by yourself? A moving company can take on many of the tasks such as organising the move, arranging transport, packing and completing paperwork. Below we have compiled a list of Nevada based removal companies that are [&hellip;]<\/p>\n","protected":false},"author":4,"featured_media":11423,"parent":190,"menu_order":0,"comment_status":"closed","ping_status":"closed","template":"","meta":{"_genesis_hide_title":false,"_genesis_hide_breadcrumbs":false,"_genesis_hide_singular_image":false,"_genesis_hide_footer_widgets":false,"_genesis_custom_body_class":"","_genesis_custom_post_class":"","_genesis_layout":"","footnotes":""},"class_list":{"0":"post-11624","1":"page","2":"type-page","3":"status-publish","4":"has-post-thumbnail","6":"entry"},"_links":{"self":[{"href":"https:\/\/moverdb.com\/pl\/wp-json\/wp\/v2\/pages\/11624","targetHints":{"allow":["GET"]}}],"collection":[{"href":"https:\/\/moverdb.com\/pl\/wp-json\/wp\/v2\/pages"}],"about":[{"href":"https:\/\/moverdb.com\/pl\/wp-json\/wp\/v2\/types\/page"}],"author":[{"embeddable":true,"href":"https:\/\/moverdb.com\/pl\/wp-json\/wp\/v2\/users\/4"}],"replies":[{"embeddable":true,"href":"https:\/\/moverdb.com\/pl\/wp-json\/wp\/v2\/comments?post=11624"}],"version-history":[{"count":4,"href":"https:\/\/moverdb.com\/pl\/wp-json\/wp\/v2\/pages\/11624\/revisions"}],"predecessor-version":[{"id":17660,"href":"https:\/\/moverdb.com\/pl\/wp-json\/wp\/v2\/pages\/11624\/revisions\/17660"}],"up":[{"embeddable":true,"href":"https:\/\/moverdb.com\/pl\/wp-json\/wp\/v2\/pages\/190"}],"wp:featuredmedia":[{"embeddable":true,"href":"https:\/\/moverdb.com\/pl\/wp-json\/wp\/v2\/media\/11423"}],"wp:attachment":[{"href":"https:\/\/moverdb.com\/pl\/wp-json\/wp\/v2\/media?parent=11624"}],"curies":[{"name":"wp","href":"https:\/\/api.w.org\/{rel}","templated":true}]}}