{"id":11622,"date":"2023-11-22T15:49:11","date_gmt":"2023-11-22T15:49:11","guid":{"rendered":"https:\/\/moverdb.com\/?page_id=11622"},"modified":"2026-01-08T15:30:09","modified_gmt":"2026-01-08T15:30:09","slug":"moving-companies-montana","status":"publish","type":"page","link":"https:\/\/moverdb.com\/pl\/moving-companies\/moving-companies-montana\/","title":{"rendered":"Najlepsze firmy zajmuj\u0105ce si\u0119 przeprowadzkami mi\u0119dzynarodowymi w Montanie"},"content":{"rendered":"<p>My\u015blisz o przeprowadzce? W takim razie zaanga\u017cowanie <a href=\"https:\/\/moverdb.com\/pl\/moving-companies\/\" data-internallinksmanager029f6b8e52c=\"79\" title=\"25 najlepszych firm przeprowadzek mi\u0119dzynarodowych online\">przedsi\u0119biorstwo przeprowadzkowe<\/a> mog\u0105 pom\u00f3c zmniejszy\u0107 presj\u0119 zwi\u0105zan\u0105 z przeprowadzk\u0105, poniewa\u017c mog\u0105 wykona\u0107 wiele pracy za Ciebie. Mo\u017ce to obejmowa\u0107 planowanie przeprowadzki, bezpieczne pakowanie rzeczy i przenoszenie ich do miejsca docelowego wraz z wszelkimi formalno\u015bciami. Poni\u017cej przygotowali\u015bmy list\u0119 <a href=\"https:\/\/moverdb.com\/pl\/moving-to-the-united-states\/moving-to-montana\/\" data-internallinksmanager029f6b8e52c=\"461\" title=\"Przeprowadzka do Montany? 2024 Koszty utrzymania i wskaz\u00f3wki dotycz\u0105ce przeprowadzki\">Montana<\/a> na stronie <a href=\"https:\/\/moverdb.com\/pl\/international-removals\/\" data-internallinksmanager029f6b8e52c=\"27\" title=\"36 najlepszych firm zajmuj\u0105cych si\u0119 przeprowadzkami mi\u0119dzynarodowymi w Wielkiej Brytanii\">przedsi\u0119biorstwa przeprowadzkowe<\/a> kt\u00f3re s\u0105 cz\u0142onkami <a href=\"https:\/\/moverdb.com\/pl\/iam\/\" data-internallinksmanager029f6b8e52c=\"23\" title=\"Mi\u0119dzynarodowe Stowarzyszenie Przewo\u017anik\u00f3w (IAM) - obja\u015bnienia\">Mi\u0119dzynarodowe Stowarzyszenie Przewo\u017anik\u00f3w<\/a> (IAM) i\/lub <a href=\"https:\/\/moverdb.com\/pl\/fidi-faim\/\" data-internallinksmanager029f6b8e52c=\"16\" title=\"FIDI i FAIM (FIDI Accredited International Mover) - obja\u015bnienia\">FIDI<\/a> Accredited International Mover (FAIM), kt\u00f3ry mo\u017ce pom\u00f3c w przeprowadzce.<\/p>\n<h2><strong>Us\u0142ugi przeprowadzkowe Hi-Line<\/strong><\/h2>\n<p><img loading=\"lazy\" decoding=\"async\" class=\"alignnone size-full wp-image-11338\" src=\"https:\/\/moverdb.com\/wp-content\/uploads\/Hi-Line-Moving-Services-international-moving-company.png\" alt=\"Hi Line Moving Services mi\u0119dzynarodowa firma przeprowadzkowa\" width=\"1440\" height=\"671\" data-wp-pid=\"11338\" srcset=\"https:\/\/moverdb.com\/wp-content\/uploads\/Hi-Line-Moving-Services-international-moving-company.png 1440w, https:\/\/moverdb.com\/wp-content\/uploads\/Hi-Line-Moving-Services-international-moving-company-300x140.png 300w, https:\/\/moverdb.com\/wp-content\/uploads\/Hi-Line-Moving-Services-international-moving-company-1024x477.png 1024w, https:\/\/moverdb.com\/wp-content\/uploads\/Hi-Line-Moving-Services-international-moving-company-18x8.png 18w, https:\/\/moverdb.com\/wp-content\/uploads\/Hi-Line-Moving-Services-international-moving-company-600x280.png 600w\" sizes=\"auto, (max-width: 1440px) 100vw, 1440px\" \/><\/p>\n<ul>\n<li>Przeprowadzki lokalne i na du\u017ce odleg\u0142o\u015bci<\/li>\n<li>Przeprowadzki mi\u0119dzynarodowe<\/li>\n<li>Przeprowadzki gospodarstw domowych<\/li>\n<li>Fracht handlowy<\/li>\n<li>Relokacje przedsi\u0119biorstw<\/li>\n<li>Us\u0142uga \"od drzwi do drzwi\".<\/li>\n<li>Organizacja transportu<\/li>\n<li>Wyb\u00f3r rozmiaru przesy\u0142ki<\/li>\n<li>\u015aledzenie przesy\u0142ek<\/li>\n<\/ul>\n<p>Hi-Line Moving Services to firma przeprowadzkowa z siedzib\u0105 w Great Falls. Wsp\u00f3\u0142pracuje z r\u00f3\u017cnymi firmami Van Line i starannie wybranymi zewn\u0119trznymi us\u0142ugami relokacyjnymi, aby \u015bwiadczy\u0107 swoje us\u0142ugi w kraju i za granic\u0105. Firma jest cz\u0142onkiem IAM z 34-letnim do\u015bwiadczeniem.<\/p>\n<p>Hi-Line Moving Services oferuje niestandardowe us\u0142ugi przeprowadzkowe i zaplanuje przeprowadzk\u0119 dla Ciebie z opcjami, kt\u00f3re pasuj\u0105 do Twojego bud\u017cetu na przeprowadzk\u0119. Specjalizuj\u0105 si\u0119 w przeprowadzkach do <a href=\"https:\/\/moverdb.com\/pl\/moving-to-the-united-states\/moving-to-alaska\/\" data-internallinksmanager029f6b8e52c=\"384\" title=\"Przeprowadzka na Alask\u0119? Koszty utrzymania i wskaz\u00f3wki dotycz\u0105ce relokacji w 2023 r.\">Alaska<\/a> Chocia\u017c obs\u0142uguj\u0105 przeprowadzki w Montanie, mi\u0119dzystanowe i mi\u0119dzynarodowe. Zapewniaj\u0105 us\u0142ugi przeprowadzkowe od drzwi do drzwi, w ramach kt\u00f3rych przenosz\u0105 rzeczy i \u015bledz\u0105 przesy\u0142k\u0119.<\/p>\n<p>Strona internetowa: <a href=\"http:\/\/www.hilinemoving.com\" target=\"_blank\" rel=\"noopener\">http:\/\/www.hilinemoving.com<\/a><\/p>","protected":false},"excerpt":{"rendered":"<p>Are you thinking of moving? Then engaging a moving company might help reduce the pressure of the move as they can do a lot of the work for you. This can include planning the move, packing your belongings safely and moving them to your destination including any paperwork. Below we have compiled a list of [&hellip;]<\/p>\n","protected":false},"author":4,"featured_media":11338,"parent":190,"menu_order":0,"comment_status":"closed","ping_status":"closed","template":"","meta":{"_genesis_hide_title":false,"_genesis_hide_breadcrumbs":false,"_genesis_hide_singular_image":false,"_genesis_hide_footer_widgets":false,"_genesis_custom_body_class":"","_genesis_custom_post_class":"","_genesis_layout":"","footnotes":""},"class_list":{"0":"post-11622","1":"page","2":"type-page","3":"status-publish","4":"has-post-thumbnail","6":"entry"},"_links":{"self":[{"href":"https:\/\/moverdb.com\/pl\/wp-json\/wp\/v2\/pages\/11622","targetHints":{"allow":["GET"]}}],"collection":[{"href":"https:\/\/moverdb.com\/pl\/wp-json\/wp\/v2\/pages"}],"about":[{"href":"https:\/\/moverdb.com\/pl\/wp-json\/wp\/v2\/types\/page"}],"author":[{"embeddable":true,"href":"https:\/\/moverdb.com\/pl\/wp-json\/wp\/v2\/users\/4"}],"replies":[{"embeddable":true,"href":"https:\/\/moverdb.com\/pl\/wp-json\/wp\/v2\/comments?post=11622"}],"version-history":[{"count":2,"href":"https:\/\/moverdb.com\/pl\/wp-json\/wp\/v2\/pages\/11622\/revisions"}],"predecessor-version":[{"id":11627,"href":"https:\/\/moverdb.com\/pl\/wp-json\/wp\/v2\/pages\/11622\/revisions\/11627"}],"up":[{"embeddable":true,"href":"https:\/\/moverdb.com\/pl\/wp-json\/wp\/v2\/pages\/190"}],"wp:featuredmedia":[{"embeddable":true,"href":"https:\/\/moverdb.com\/pl\/wp-json\/wp\/v2\/media\/11338"}],"wp:attachment":[{"href":"https:\/\/moverdb.com\/pl\/wp-json\/wp\/v2\/media?parent=11622"}],"curies":[{"name":"wp","href":"https:\/\/api.w.org\/{rel}","templated":true}]}}