{"id":11619,"date":"2023-11-29T10:52:33","date_gmt":"2023-11-29T10:52:33","guid":{"rendered":"https:\/\/moverdb.com\/?page_id=11619"},"modified":"2026-01-08T15:28:59","modified_gmt":"2026-01-08T15:28:59","slug":"moving-companies-us-missouri","status":"publish","type":"page","link":"https:\/\/moverdb.com\/pl\/moving-companies\/moving-companies-us-missouri\/","title":{"rendered":"5 najlepszych mi\u0119dzynarodowych firm przeprowadzkowych w Missouri"},"content":{"rendered":"<p>Czy podczas planowania przeprowadzki b\u0119dziesz robi\u0107 wszystko samodzielnie, czy te\u017c skorzystasz z pomocy firmy zewn\u0119trznej? <a href=\"https:\/\/moverdb.com\/pl\/moving-companies\/\" data-internallinksmanager029f6b8e52c=\"79\" title=\"25 najlepszych firm przeprowadzek mi\u0119dzynarodowych online\">przedsi\u0119biorstwo przeprowadzkowe<\/a>? Mog\u0105 pom\u00f3c w pakowaniu, transporcie i dokumentacji, aby zmniejszy\u0107 presj\u0119 na Ciebie. Poni\u017cej zebrali\u015bmy list\u0119 <a href=\"https:\/\/moverdb.com\/pl\/moving-to-the-united-states\/moving-to-missouri\/\" data-internallinksmanager029f6b8e52c=\"460\" title=\"Przeprowadzka do Missouri? 2024 Koszty utrzymania i porady dotycz\u0105ce przeprowadzki\">Missouri<\/a> na stronie <a href=\"https:\/\/moverdb.com\/pl\/international-removals\/\" data-internallinksmanager029f6b8e52c=\"27\" title=\"36 najlepszych firm zajmuj\u0105cych si\u0119 przeprowadzkami mi\u0119dzynarodowymi w Wielkiej Brytanii\">przedsi\u0119biorstwa przeprowadzkowe<\/a> kt\u00f3re s\u0105 cz\u0142onkami <a href=\"https:\/\/moverdb.com\/pl\/iam\/\" data-internallinksmanager029f6b8e52c=\"23\" title=\"Mi\u0119dzynarodowe Stowarzyszenie Przewo\u017anik\u00f3w (IAM) - obja\u015bnienia\">Mi\u0119dzynarodowe Stowarzyszenie Przewo\u017anik\u00f3w<\/a> (IAM) i\/lub <a href=\"https:\/\/moverdb.com\/pl\/fidi-faim\/\" data-internallinksmanager029f6b8e52c=\"16\" title=\"FIDI i FAIM (FIDI Accredited International Mover) - obja\u015bnienia\">FIDI<\/a> Accredited International Mover (FAIM), kt\u00f3ry mo\u017ce pom\u00f3c w przeprowadzce.<\/p>\n<div id=\"ez-toc-container\" class=\"ez-toc-v2_0_82_2 ez-toc-wrap-left counter-hierarchy ez-toc-counter ez-toc-transparent ez-toc-container-direction\">\n<div class=\"ez-toc-title-container\">\n<p class=\"ez-toc-title\" style=\"cursor:inherit\">Sekcje<\/p>\n<span class=\"ez-toc-title-toggle\"><a href=\"#\" class=\"ez-toc-pull-right ez-toc-btn ez-toc-btn-xs ez-toc-btn-default ez-toc-toggle\" aria-label=\"Prze\u0142\u0105cznik Spisu Tre\u015bci\"><span class=\"ez-toc-js-icon-con\"><span class=\"\"><span class=\"eztoc-hide\" style=\"display:none;\">Toggle<\/span><span class=\"ez-toc-icon-toggle-span\"><svg style=\"fill: #999;color:#999\" xmlns=\"http:\/\/www.w3.org\/2000\/svg\" class=\"list-377408\" width=\"20px\" height=\"20px\" viewbox=\"0 0 24 24\" fill=\"none\"><path d=\"M6 6H4v2h2V6zm14 0H8v2h12V6zM4 11h2v2H4v-2zm16 0H8v2h12v-2zM4 16h2v2H4v-2zm16 0H8v2h12v-2z\" fill=\"currentColor\"><\/path><\/svg><svg style=\"fill: #999;color:#999\" class=\"arrow-unsorted-368013\" xmlns=\"http:\/\/www.w3.org\/2000\/svg\" width=\"10px\" height=\"10px\" viewbox=\"0 0 24 24\" version=\"1.2\" baseprofile=\"tiny\"><path d=\"M18.2 9.3l-6.2-6.3-6.2 6.3c-.2.2-.3.4-.3.7s.1.5.3.7c.2.2.4.3.7.3h11c.3 0 .5-.1.7-.3.2-.2.3-.5.3-.7s-.1-.5-.3-.7zM5.8 14.7l6.2 6.3 6.2-6.3c.2-.2.3-.5.3-.7s-.1-.5-.3-.7c-.2-.2-.4-.3-.7-.3h-11c-.3 0-.5.1-.7.3-.2.2-.3.5-.3.7s.1.5.3.7z\"\/><\/svg><\/span><\/span><\/span><\/a><\/span><\/div>\n<nav><ul class='ez-toc-list ez-toc-list-level-1 eztoc-toggle-hide-by-default' ><li class='ez-toc-page-1 ez-toc-heading-level-2'><a class=\"ez-toc-link ez-toc-heading-1\" href=\"https:\/\/moverdb.com\/pl\/moving-companies\/moving-companies-us-missouri\/#1_Compass_Moving\" >1. Ruchomy kompas<\/a><\/li><li class='ez-toc-page-1 ez-toc-heading-level-2'><a class=\"ez-toc-link ez-toc-heading-2\" href=\"https:\/\/moverdb.com\/pl\/moving-companies\/moving-companies-us-missouri\/#2_Day_Transfer_Company\" >2. Day Transfer Company<\/a><\/li><li class='ez-toc-page-1 ez-toc-heading-level-2'><a class=\"ez-toc-link ez-toc-heading-3\" href=\"https:\/\/moverdb.com\/pl\/moving-companies\/moving-companies-us-missouri\/#3_Mayflower\" >3. Mayflower<\/a><\/li><li class='ez-toc-page-1 ez-toc-heading-level-2'><a class=\"ez-toc-link ez-toc-heading-4\" href=\"https:\/\/moverdb.com\/pl\/moving-companies\/moving-companies-us-missouri\/#4_The_Cartwright_Co\" >4. The Cartwright Co<\/a><\/li><li class='ez-toc-page-1 ez-toc-heading-level-2'><a class=\"ez-toc-link ez-toc-heading-5\" href=\"https:\/\/moverdb.com\/pl\/moving-companies\/moving-companies-us-missouri\/#5_United_Van_Lines\" >5. United Van Lines<\/a><\/li><\/ul><\/nav><\/div>\n<h2><span class=\"ez-toc-section\" id=\"1_Compass_Moving\"><\/span><strong>1. Ruchomy kompas<\/strong><span class=\"ez-toc-section-end\"><\/span><\/h2>\n<p><img loading=\"lazy\" decoding=\"async\" class=\"alignnone size-full wp-image-11290\" src=\"https:\/\/moverdb.com\/wp-content\/uploads\/Compass-Moving-international-moving-company.png\" alt=\"Compass Moving - mi\u0119dzynarodowa firma przeprowadzkowa\" width=\"1440\" height=\"676\" data-wp-pid=\"11290\" srcset=\"https:\/\/moverdb.com\/wp-content\/uploads\/Compass-Moving-international-moving-company.png 1440w, https:\/\/moverdb.com\/wp-content\/uploads\/Compass-Moving-international-moving-company-300x141.png 300w, https:\/\/moverdb.com\/wp-content\/uploads\/Compass-Moving-international-moving-company-1024x481.png 1024w, https:\/\/moverdb.com\/wp-content\/uploads\/Compass-Moving-international-moving-company-18x8.png 18w, https:\/\/moverdb.com\/wp-content\/uploads\/Compass-Moving-international-moving-company-600x282.png 600w\" sizes=\"auto, (max-width: 1440px) 100vw, 1440px\" \/><\/p>\n<ul>\n<li>Ruchy krajowe<\/li>\n<li>Przeprowadzki mi\u0119dzynarodowe<\/li>\n<li>Przeprowadzki mieszkaniowe<\/li>\n<li>Ruchy wojsk<\/li>\n<li>Pe\u0142na oferta us\u0142ug<\/li>\n<li>Us\u0142uga pakowania<\/li>\n<li>Transport l\u0105dowy i morski<\/li>\n<li><a href=\"https:\/\/moverdb.com\/pl\/top-49-container-ports\/\" data-internallinksmanager029f6b8e52c=\"80\" title=\"49 najwi\u0119kszych i najbardziej ruchliwych port\u00f3w kontenerowych w 2025 r.\">Port<\/a> us\u0142ugi<\/li>\n<li><a href=\"https:\/\/moverdb.com\/pl\/car-transport-shipping\/\" data-internallinksmanager029f6b8e52c=\"2\" title=\"2026 Mi\u0119dzynarodowy transport samochodowy i wyceny wysy\u0142ki pojazd\u00f3w\">Spedycja pojazd\u00f3w<\/a><\/li>\n<li>Ubezpieczenia<\/li>\n<\/ul>\n<p>Compass Moving to kompleksowa firma przeprowadzkowa za\u0142o\u017cona w 1982 roku z siedzib\u0105 w Grandview. Firma jest cz\u0142onkiem IAM z 41-letnim do\u015bwiadczeniem, co daje jej dost\u0119p do mi\u0119dzynarodowej sieci agent\u00f3w przeprowadzkowych.<\/p>\n<p>Compass Moving oferuje kompleksowe us\u0142ugi <a href=\"https:\/\/moverdb.com\/pl\/quotes\/\" data-internallinksmanager029f6b8e52c=\"26\" title=\"Cytaty z przeprowadzek mi\u0119dzynarodowych: 12 pyta\u0144, kt\u00f3re nale\u017cy zada\u0107 swojemu przewo\u017anikowi\">oferty przeprowadzek<\/a> bez ukrytych op\u0142at. Zapewniaj\u0105 profesjonaln\u0105 us\u0142ug\u0119 pakowania w domu, aby bezpiecznie zapakowa\u0107 rzeczy do transportu w zapiecz\u0119towanych pojemnikach. Zorganizuj\u0105 transport ci\u0119\u017car\u00f3wk\u0105 i fracht morski w przypadku przeprowadzki mi\u0119dzynarodowej. Zajm\u0105 si\u0119 wszystkimi procedurami portowymi, a wszystkie koszty s\u0105 wliczone w cen\u0119, podobnie jak podstawowe ubezpieczenie.<\/p>\n<p>Strona internetowa: <a href=\"http:\/\/www.compassmoving.com\" target=\"_blank\" rel=\"noopener\">http:\/\/www.compassmoving.com<\/a><\/p>\n<h2><span class=\"ez-toc-section\" id=\"2_Day_Transfer_Company\"><\/span><strong>2. Day Transfer Company<\/strong><span class=\"ez-toc-section-end\"><\/span><\/h2>\n<p><img loading=\"lazy\" decoding=\"async\" class=\"alignnone size-full wp-image-11304\" src=\"https:\/\/moverdb.com\/wp-content\/uploads\/Day-Transfer-Moving-Storage-international-moving-company.png\" alt=\"Day Transfer Moving &amp; Storage mi\u0119dzynarodowa firma przeprowadzkowa\" width=\"1440\" height=\"677\" data-wp-pid=\"11304\" srcset=\"https:\/\/moverdb.com\/wp-content\/uploads\/Day-Transfer-Moving-Storage-international-moving-company.png 1440w, https:\/\/moverdb.com\/wp-content\/uploads\/Day-Transfer-Moving-Storage-international-moving-company-300x141.png 300w, https:\/\/moverdb.com\/wp-content\/uploads\/Day-Transfer-Moving-Storage-international-moving-company-1024x481.png 1024w, https:\/\/moverdb.com\/wp-content\/uploads\/Day-Transfer-Moving-Storage-international-moving-company-18x8.png 18w, https:\/\/moverdb.com\/wp-content\/uploads\/Day-Transfer-Moving-Storage-international-moving-company-600x282.png 600w\" sizes=\"auto, (max-width: 1440px) 100vw, 1440px\" \/><\/p>\n<ul>\n<li>Przeprowadzki lokalne<\/li>\n<li>Przeprowadzki na du\u017ce odleg\u0142o\u015bci<\/li>\n<li>Przeprowadzki mieszkaniowe<\/li>\n<li>Przeprowadzki biurowe<\/li>\n<li>Relokacje przedsi\u0119biorstw<\/li>\n<li>Konsultant ds. relokacji<\/li>\n<li>Us\u0142ugi pakowania<\/li>\n<li>Organizacja transportu<\/li>\n<li>Ubezpieczenia<\/li>\n<li>Przechowywanie d\u0142ugoterminowe i tymczasowe<\/li>\n<\/ul>\n<p>Day Transfer Company to kompleksowa firma przeprowadzkowa z lokalizacjami w Cape Girardeau, Clarksville, Fayetteville i Montgomery. Firma jest mi\u0119dzystanowym agentem National Van Lines, co zapewnia jej sie\u0107 firm przeprowadzkowych, z kt\u00f3rymi mo\u017ce wsp\u00f3\u0142pracowa\u0107 przy \u015bwiadczeniu swoich us\u0142ug. Firma jest cz\u0142onkiem IAM z 90-letnim do\u015bwiadczeniem.<\/p>\n<p>Day Transfer Company oferuje kompleksowe rozwi\u0105zania w zakresie przeprowadzek z konsultantem ds. relokacji, kt\u00f3ry udzieli wsparcia, lub oferuje samodzielne us\u0142ugi pakowania. Oferuje us\u0142ugi pakowania z profesjonalnie przeszkolon\u0105 ekip\u0105 pakuj\u0105c\u0105, kt\u00f3ra zabezpieczy przedmioty przed transportem i zapewni ochron\u0119 ubezpieczeniow\u0105 dla spokoju ducha. Po przybyciu na miejsce przeprowadzka zostanie r\u00f3wnie\u017c rozpakowana.<\/p>\n<p>Strona internetowa: <a href=\"http:\/\/www.daytransferco.com\" target=\"_blank\" rel=\"noopener\">http:\/\/www.daytransferco.com<\/a><\/p>\n<h2><span class=\"ez-toc-section\" id=\"3_Mayflower\"><\/span><strong>3. Mayflower<\/strong><span class=\"ez-toc-section-end\"><\/span><\/h2>\n<p><img loading=\"lazy\" decoding=\"async\" class=\"alignnone size-full wp-image-11372\" src=\"https:\/\/moverdb.com\/wp-content\/uploads\/Mayflower-international-moving-company.png\" alt=\"Mi\u0119dzynarodowa firma przeprowadzkowa Mayflower\" width=\"1440\" height=\"680\" data-wp-pid=\"11372\" srcset=\"https:\/\/moverdb.com\/wp-content\/uploads\/Mayflower-international-moving-company.png 1440w, https:\/\/moverdb.com\/wp-content\/uploads\/Mayflower-international-moving-company-300x142.png 300w, https:\/\/moverdb.com\/wp-content\/uploads\/Mayflower-international-moving-company-1024x484.png 1024w, https:\/\/moverdb.com\/wp-content\/uploads\/Mayflower-international-moving-company-18x9.png 18w, https:\/\/moverdb.com\/wp-content\/uploads\/Mayflower-international-moving-company-600x283.png 600w\" sizes=\"auto, (max-width: 1440px) 100vw, 1440px\" \/><\/p>\n<ul>\n<li>Przeprowadzki lokalne i krajowe<\/li>\n<li>Przeprowadzki mi\u0119dzynarodowe<\/li>\n<li>Przeprowadzki gospodarstw domowych<\/li>\n<li>Relokacje przedsi\u0119biorstw<\/li>\n<li>Osobisty koordynator przeprowadzki<\/li>\n<li>Us\u0142uga pakowania<\/li>\n<li>Transport l\u0105dowy, morski i lotniczy<\/li>\n<li>Odprawa celna<\/li>\n<li>Spedycja pojazd\u00f3w<\/li>\n<li>Przechowywanie kr\u00f3tko i d\u0142ugoterminowe<\/li>\n<\/ul>\n<p>Mayflower to firma zajmuj\u0105ca si\u0119 przeprowadzkami i relokacjami, za\u0142o\u017cona w 1927 roku i b\u0119d\u0105ca cz\u0119\u015bci\u0105 UniGroup. Posiada og\u00f3lnokrajow\u0105 sie\u0107 agent\u00f3w, kt\u00f3rzy pomagaj\u0105 im w \u015bwiadczeniu us\u0142ug przeprowadzkowych, a tak\u017ce mi\u0119dzynarodowych partner\u00f3w \u015bwiadcz\u0105cych us\u0142ugi na ca\u0142ym \u015bwiecie w ponad 150 krajach. Firma jest cz\u0142onkiem IAM z 37-letnim do\u015bwiadczeniem.<\/p>\n<p>Osobisty koordynator przeprowadzki Mayflower pomo\u017ce zaplanowa\u0107 przeprowadzk\u0119 i pomo\u017ce w podejmowaniu decyzji dotycz\u0105cych przeprowadzki dostosowanej do indywidualnych potrzeb. Firma oferuje pe\u0142n\u0105 us\u0142ug\u0119 pakowania w celu ochrony przedmiot\u00f3w i usprawnienia odprawy celnej. Je\u015bli pakujesz si\u0119 sam, przeprowadz\u0105 kontrol\u0119, aby upewni\u0107 si\u0119, \u017ce nie ma \u017cadnych przedmiot\u00f3w obj\u0119tych ograniczeniami.<\/p>\n<p>Strona internetowa: <a href=\"https:\/\/www.mayflower.com\/\" target=\"_blank\" rel=\"noopener\">https:\/\/www.mayflower.com\/<\/a><\/p>\n<h2><span class=\"ez-toc-section\" id=\"4_The_Cartwright_Co\"><\/span><strong>4. The Cartwright Co<\/strong><span class=\"ez-toc-section-end\"><\/span><\/h2>\n<p><img loading=\"lazy\" decoding=\"async\" class=\"alignnone size-full wp-image-11454\" src=\"https:\/\/moverdb.com\/wp-content\/uploads\/The-Cartwright-Co-international-moving-company.png\" alt=\"Mi\u0119dzynarodowa firma przeprowadzkowa The Cartwright Co\" width=\"1440\" height=\"679\" data-wp-pid=\"11454\" srcset=\"https:\/\/moverdb.com\/wp-content\/uploads\/The-Cartwright-Co-international-moving-company.png 1440w, https:\/\/moverdb.com\/wp-content\/uploads\/The-Cartwright-Co-international-moving-company-300x141.png 300w, https:\/\/moverdb.com\/wp-content\/uploads\/The-Cartwright-Co-international-moving-company-1024x483.png 1024w, https:\/\/moverdb.com\/wp-content\/uploads\/The-Cartwright-Co-international-moving-company-18x8.png 18w, https:\/\/moverdb.com\/wp-content\/uploads\/The-Cartwright-Co-international-moving-company-600x283.png 600w\" sizes=\"auto, (max-width: 1440px) 100vw, 1440px\" \/><\/p>\n<ul>\n<li>Ruchy krajowe<\/li>\n<li>Przeprowadzki mi\u0119dzynarodowe<\/li>\n<li>Przeprowadzki gospodarstw domowych<\/li>\n<li>Ruchy biznesowe<\/li>\n<li>Relokacje przedsi\u0119biorstw<\/li>\n<li>Ruchy end-to-end<\/li>\n<li>Zarz\u0105dzanie przeniesieniem<\/li>\n<li>Przeprowadzka zwierz\u0105t<\/li>\n<li>Transport pojazd\u00f3w<\/li>\n<li>Us\u0142ugi dotycz\u0105ce miejsc przeznaczenia<\/li>\n<\/ul>\n<p>The Cartwright Co to globalna firma zajmuj\u0105ca si\u0119 mobilno\u015bci\u0105, relokacj\u0105 i przeprowadzkami, kt\u00f3ra rozpocz\u0119\u0142a dzia\u0142alno\u015b\u0107 w 1934 roku i ma siedzib\u0119 w Grandview. Do jej sp\u00f3\u0142ek nale\u017c\u0105 AmWorld Transport, Cox Moving, Foremost Forwarders i Domestic Military Services. Firma jest cz\u0142onkiem IAM z 55-letnim do\u015bwiadczeniem.<\/p>\n<p>The Cartwright Co obs\u0142uguje 187 kraj\u00f3w, specjalizuj\u0105c si\u0119 w obs\u0142udze korporacji i rz\u0105d\u00f3w, w tym personelu wojskowego, ale tak\u017ce obs\u0142uguje prywatne przeprowadzki gospodarstw domowych. Oferuje elastyczne rozwi\u0105zania przeprowadzkowe dostosowane do potrzeb klienta, kt\u00f3re mog\u0105 obejmowa\u0107 pakowanie, transport i us\u0142ugi docelowe. Dodatkowe us\u0142ugi obejmuj\u0105 przeprowadzki zwierz\u0105t domowych, transport pojazd\u00f3w, tymczasowe zakwaterowanie, wyszukiwanie szk\u00f3\u0142 i us\u0142ugi concierge.<\/p>\n<p>Strona internetowa: <a href=\"https:\/\/cartwrightcompanies.com\" target=\"_blank\" rel=\"noopener\">https:\/\/cartwrightcompanies.com<\/a><\/p>\n<h2><span class=\"ez-toc-section\" id=\"5_United_Van_Lines\"><\/span><strong>5. United Van Lines<\/strong><span class=\"ez-toc-section-end\"><\/span><\/h2>\n<p><img loading=\"lazy\" decoding=\"async\" class=\"alignnone size-full wp-image-11468\" src=\"https:\/\/moverdb.com\/wp-content\/uploads\/United-Van-Lines-US-international-moving-company.png\" alt=\"United Van Lines - ameryka\u0144ska firma przeprowadzkowa\" width=\"1440\" height=\"678\" data-wp-pid=\"11468\" srcset=\"https:\/\/moverdb.com\/wp-content\/uploads\/United-Van-Lines-US-international-moving-company.png 1440w, https:\/\/moverdb.com\/wp-content\/uploads\/United-Van-Lines-US-international-moving-company-300x141.png 300w, https:\/\/moverdb.com\/wp-content\/uploads\/United-Van-Lines-US-international-moving-company-1024x482.png 1024w, https:\/\/moverdb.com\/wp-content\/uploads\/United-Van-Lines-US-international-moving-company-18x8.png 18w, https:\/\/moverdb.com\/wp-content\/uploads\/United-Van-Lines-US-international-moving-company-600x283.png 600w\" sizes=\"auto, (max-width: 1440px) 100vw, 1440px\" \/><\/p>\n<ul>\n<li>Przeprowadzki lokalne i na du\u017ce odleg\u0142o\u015bci<\/li>\n<li>Przeprowadzki mi\u0119dzynarodowe<\/li>\n<li>Przeprowadzki mieszkaniowe<\/li>\n<li>Przeprowadzki firm<\/li>\n<li>Zindywidualizowana obs\u0142uga<\/li>\n<li>Osobisty koordynator przeprowadzki<\/li>\n<li>Us\u0142uga pakowania<\/li>\n<li>Spedycja samochod\u00f3w<\/li>\n<li>Ubezpieczenia<\/li>\n<li>Przechowywanie kr\u00f3tko i d\u0142ugoterminowe<\/li>\n<\/ul>\n<p>United Van Lines to grupa firm przeprowadzkowych, kt\u00f3ra oferuje us\u0142ugi dostosowane do indywidualnych potrzeb i ma siedzib\u0119 w Fenton. Ich szeroka sie\u0107 agent\u00f3w przeprowadzkowych pozwala im \u015bwiadczy\u0107 us\u0142ugi w kraju i za granic\u0105. Firma jest cz\u0142onkiem IAM z 81-letnim do\u015bwiadczeniem i posiada akredytacj\u0119 FIDI.<\/p>\n<p>United Van Lines zapewnia kompleksowe rozwi\u0105zania w zakresie przeprowadzek, kt\u00f3re obejmuj\u0105 osobistego koordynatora przeprowadzki i pe\u0142n\u0105 ochron\u0119 mienia. Firma oferuje r\u00f3wnie\u017c niestandardowe podej\u015bcie, kt\u00f3re pozwala wybra\u0107 us\u0142ugi zwi\u0105zane z przeprowadzk\u0105.  Firma oferuje us\u0142ugi pakowania dostosowane do indywidualnych potrzeb, aby pom\u00f3c w ochronie rzeczy i mo\u017ce pom\u00f3c w rozpakowaniu po przyje\u017adzie.<\/p>\n<p>Strona internetowa: <a href=\"https:\/\/www.unitedvanlines.com\" target=\"_blank\" rel=\"noopener\">https:\/\/www.unitedvanlines.com<\/a><\/p>","protected":false},"excerpt":{"rendered":"<p>When you are planning your move will you do everything yourself or will you get some help from a moving company? They can help with packing, transportation and documentation to reduce the pressure on you. Below we have compiled a list of Missouri based removal companies that are members of the International Association of Movers [&hellip;]<\/p>\n","protected":false},"author":4,"featured_media":11290,"parent":190,"menu_order":0,"comment_status":"closed","ping_status":"closed","template":"","meta":{"_genesis_hide_title":false,"_genesis_hide_breadcrumbs":false,"_genesis_hide_singular_image":false,"_genesis_hide_footer_widgets":false,"_genesis_custom_body_class":"","_genesis_custom_post_class":"","_genesis_layout":"","footnotes":""},"class_list":{"0":"post-11619","1":"page","2":"type-page","3":"status-publish","4":"has-post-thumbnail","6":"entry"},"_links":{"self":[{"href":"https:\/\/moverdb.com\/pl\/wp-json\/wp\/v2\/pages\/11619","targetHints":{"allow":["GET"]}}],"collection":[{"href":"https:\/\/moverdb.com\/pl\/wp-json\/wp\/v2\/pages"}],"about":[{"href":"https:\/\/moverdb.com\/pl\/wp-json\/wp\/v2\/types\/page"}],"author":[{"embeddable":true,"href":"https:\/\/moverdb.com\/pl\/wp-json\/wp\/v2\/users\/4"}],"replies":[{"embeddable":true,"href":"https:\/\/moverdb.com\/pl\/wp-json\/wp\/v2\/comments?post=11619"}],"version-history":[{"count":2,"href":"https:\/\/moverdb.com\/pl\/wp-json\/wp\/v2\/pages\/11619\/revisions"}],"predecessor-version":[{"id":11621,"href":"https:\/\/moverdb.com\/pl\/wp-json\/wp\/v2\/pages\/11619\/revisions\/11621"}],"up":[{"embeddable":true,"href":"https:\/\/moverdb.com\/pl\/wp-json\/wp\/v2\/pages\/190"}],"wp:featuredmedia":[{"embeddable":true,"href":"https:\/\/moverdb.com\/pl\/wp-json\/wp\/v2\/media\/11290"}],"wp:attachment":[{"href":"https:\/\/moverdb.com\/pl\/wp-json\/wp\/v2\/media?parent=11619"}],"curies":[{"name":"wp","href":"https:\/\/api.w.org\/{rel}","templated":true}]}}