{"id":11617,"date":"2023-11-29T10:32:37","date_gmt":"2023-11-29T10:32:37","guid":{"rendered":"https:\/\/moverdb.com\/?page_id=11617"},"modified":"2026-01-08T15:24:23","modified_gmt":"2026-01-08T15:24:23","slug":"moving-companies-us-minnesota","status":"publish","type":"page","link":"https:\/\/moverdb.com\/pl\/moving-companies\/moving-companies-us-minnesota\/","title":{"rendered":"3 najlepsze firmy zajmuj\u0105ce si\u0119 przeprowadzkami mi\u0119dzynarodowymi w Minnesocie"},"content":{"rendered":"<p>Przeprowadzka mo\u017ce by\u0107 du\u017cym wstrz\u0105sem i jest wiele do zorganizowania, wi\u0119c dlaczego nie odci\u0105\u017cy\u0107 si\u0119 troch\u0119, pozwalaj\u0105c <a href=\"https:\/\/moverdb.com\/pl\/moving-companies\/\" data-internallinksmanager029f6b8e52c=\"79\" title=\"25 najlepszych firm przeprowadzek mi\u0119dzynarodowych online\">przedsi\u0119biorstwo przeprowadzkowe<\/a> zaj\u0105\u0107 si\u0119 Twoim dobytkiem? Mog\u0105 oni zorganizowa\u0107 logistyk\u0119 przeprowadzki, a tak\u017ce pakowanie i w razie potrzeby zaj\u0105\u0107 si\u0119 odpraw\u0105 celn\u0105. Poni\u017cej przygotowali\u015bmy list\u0119 <a href=\"https:\/\/moverdb.com\/pl\/moving-to-the-united-states\/moving-to-minnesota\/\" data-internallinksmanager029f6b8e52c=\"443\" title=\"Przeprowadzka do Minnesoty? 2026 Koszty utrzymania i porady dotycz\u0105ce przeprowadzki\">Minnesota<\/a> na stronie <a href=\"https:\/\/moverdb.com\/pl\/international-removals\/\" data-internallinksmanager029f6b8e52c=\"27\" title=\"36 najlepszych firm zajmuj\u0105cych si\u0119 przeprowadzkami mi\u0119dzynarodowymi w Wielkiej Brytanii\">przedsi\u0119biorstwa przeprowadzkowe<\/a> kt\u00f3re s\u0105 cz\u0142onkami <a href=\"https:\/\/moverdb.com\/pl\/iam\/\" data-internallinksmanager029f6b8e52c=\"23\" title=\"Mi\u0119dzynarodowe Stowarzyszenie Przewo\u017anik\u00f3w (IAM) - obja\u015bnienia\">Mi\u0119dzynarodowe Stowarzyszenie Przewo\u017anik\u00f3w<\/a> (IAM) i\/lub <a href=\"https:\/\/moverdb.com\/pl\/fidi-faim\/\" data-internallinksmanager029f6b8e52c=\"16\" title=\"FIDI i FAIM (FIDI Accredited International Mover) - obja\u015bnienia\">FIDI<\/a> Accredited International Mover (FAIM), kt\u00f3ry mo\u017ce pom\u00f3c w przeprowadzce.<\/p>\n<h2><strong>1. Action Moving Services<\/strong><\/h2>\n<p><img loading=\"lazy\" decoding=\"async\" class=\"alignnone size-full wp-image-11242\" src=\"https:\/\/moverdb.com\/wp-content\/uploads\/Action-Moving-Services-international-moving-company.png\" alt=\"Action Moving Services mi\u0119dzynarodowa firma przeprowadzkowa\" width=\"1440\" height=\"678\" data-wp-pid=\"11242\" srcset=\"https:\/\/moverdb.com\/wp-content\/uploads\/Action-Moving-Services-international-moving-company.png 1440w, https:\/\/moverdb.com\/wp-content\/uploads\/Action-Moving-Services-international-moving-company-300x141.png 300w, https:\/\/moverdb.com\/wp-content\/uploads\/Action-Moving-Services-international-moving-company-1024x482.png 1024w, https:\/\/moverdb.com\/wp-content\/uploads\/Action-Moving-Services-international-moving-company-18x8.png 18w, https:\/\/moverdb.com\/wp-content\/uploads\/Action-Moving-Services-international-moving-company-600x283.png 600w\" sizes=\"auto, (max-width: 1440px) 100vw, 1440px\" \/><\/p>\n<ul>\n<li>Przeprowadzki lokalne i na du\u017ce odleg\u0142o\u015bci<\/li>\n<li>Przeprowadzki mi\u0119dzynarodowe<\/li>\n<li>Przeprowadzki gospodarstw domowych<\/li>\n<li>Przeprowadzki biurowe i przemys\u0142owe<\/li>\n<li>Relokacje przedsi\u0119biorstw<\/li>\n<li>Rozwi\u0105zania kompleksowe<\/li>\n<li>Us\u0142uga pakowania<\/li>\n<li>Wsparcie celne<\/li>\n<li>Obs\u0142uga dzie\u0142a sztuki<\/li>\n<li>Us\u0142ugi magazynowania<\/li>\n<\/ul>\n<p>Action Moving Services to lokalna i mi\u0119dzynarodowa firma przeprowadzkowa z siedzib\u0105 w South Burnsville. Firma jest mi\u0119dzystanowym agentem Atlas Van Lines, co zapewnia jej krajow\u0105 i mi\u0119dzynarodow\u0105 sie\u0107 agent\u00f3w przeprowadzkowych, z kt\u00f3rymi mo\u017ce wsp\u00f3\u0142pracowa\u0107. Firma jest cz\u0142onkiem IAM z 42-letnim do\u015bwiadczeniem.<\/p>\n<p>Action Moving Services oferuje kompleksowe us\u0142ugi przeprowadzkowe i relokacyjne, kt\u00f3re zadbaj\u0105 o wszystkie aspekty przeprowadzki. Ich us\u0142ugi obejmuj\u0105 bezpieczne pakowanie rzeczy do transportu i rozpakowywanie ich po przybyciu do miejsca docelowego. Zorganizuj\u0105 transport rzeczy i zapewni\u0105 wsparcie przy odprawie celnej.<\/p>\n<p>Strona internetowa: <a href=\"http:\/\/actionmoving.com\/\" target=\"_blank\" rel=\"noopener\">http:\/\/actionmoving.com\/<\/a><\/p>\n<h2><strong>2. Beltmann Moving &amp; Storage<\/strong><\/h2>\n<p><img loading=\"lazy\" decoding=\"async\" class=\"alignnone size-full wp-image-11269\" src=\"https:\/\/moverdb.com\/wp-content\/uploads\/Beltmann-Relocation-Group-international-moving-company.png\" alt=\"Beltmann Relocation Group mi\u0119dzynarodowa firma przeprowadzkowa\" width=\"1440\" height=\"682\" data-wp-pid=\"11269\" srcset=\"https:\/\/moverdb.com\/wp-content\/uploads\/Beltmann-Relocation-Group-international-moving-company.png 1440w, https:\/\/moverdb.com\/wp-content\/uploads\/Beltmann-Relocation-Group-international-moving-company-300x142.png 300w, https:\/\/moverdb.com\/wp-content\/uploads\/Beltmann-Relocation-Group-international-moving-company-1024x485.png 1024w, https:\/\/moverdb.com\/wp-content\/uploads\/Beltmann-Relocation-Group-international-moving-company-18x9.png 18w, https:\/\/moverdb.com\/wp-content\/uploads\/Beltmann-Relocation-Group-international-moving-company-600x284.png 600w\" sizes=\"auto, (max-width: 1440px) 100vw, 1440px\" \/><\/p>\n<ul>\n<li>Przeprowadzki lokalne i krajowe<\/li>\n<li>Przeprowadzki mi\u0119dzynarodowe<\/li>\n<li>Przeprowadzki mieszkaniowe<\/li>\n<li>Przeprowadzki biurowe<\/li>\n<li>Relokacje przedsi\u0119biorstw<\/li>\n<li>Koordynator przemieszczania<\/li>\n<li>Us\u0142uga pakowania<\/li>\n<li>Organizacja transportu<\/li>\n<li>Obs\u0142uga celna<\/li>\n<li>Bezpieczne przechowywanie kr\u00f3tko- i d\u0142ugoterminowe<\/li>\n<\/ul>\n<p>Beltmann Moving &amp; Storage to firma przeprowadzkowa dzia\u0142aj\u0105ca od 1923 roku z 11 lokalizacjami w ca\u0142ym kraju. <a href=\"https:\/\/moverdb.com\/pl\/moving-to-the-united-states\/\" data-internallinksmanager029f6b8e52c=\"94\" title=\"Przeprowadzasz si\u0119 do Stan\u00f3w Zjednoczonych? 2026 Koszty \u017cycia i wskaz\u00f3wki dotycz\u0105ce przeprowadzki\">USA<\/a> w tym Roseville. S\u0105 agentem North American Van Lines, co daje im dost\u0119p do globalnej sieci firm zajmuj\u0105cych si\u0119 przeprowadzkami i magazynowaniem. S\u0105 cz\u0142onkiem IAM z 25-letnim do\u015bwiadczeniem.<\/p>\n<p>Beltmann Moving &amp; Storage pomo\u017ce usprawni\u0107 przeprowadzk\u0119, zaczynaj\u0105c od zaplanowania bezp\u0142atnej wyceny. Firma zapewnia wsparcie koordynatora ds. przeprowadzki, kt\u00f3ry dostosuje swoje us\u0142ugi do potrzeb klienta. Zapewniaj\u0105 us\u0142ug\u0119 pakowania, kt\u00f3ra obejmuje demonta\u017c i monta\u017c mebli oraz rozpakowanie po przyje\u017adzie.<\/p>\n<p>Strona internetowa: <a href=\"http:\/\/www.beltmann.com\" target=\"_blank\" rel=\"noopener\">http:\/\/www.beltmann.com<\/a><\/p>\n<h2><strong>3. Berger Moving &amp; Storage<\/strong><\/h2>\n<p><img loading=\"lazy\" decoding=\"async\" class=\"alignnone size-full wp-image-11270\" src=\"https:\/\/moverdb.com\/wp-content\/uploads\/Berger-Moving-Storage-international-moving-company.png\" alt=\"Berger Moving &amp; Storage mi\u0119dzynarodowa firma przeprowadzkowa\" width=\"1440\" height=\"677\" data-wp-pid=\"11270\" srcset=\"https:\/\/moverdb.com\/wp-content\/uploads\/Berger-Moving-Storage-international-moving-company.png 1440w, https:\/\/moverdb.com\/wp-content\/uploads\/Berger-Moving-Storage-international-moving-company-300x141.png 300w, https:\/\/moverdb.com\/wp-content\/uploads\/Berger-Moving-Storage-international-moving-company-1024x481.png 1024w, https:\/\/moverdb.com\/wp-content\/uploads\/Berger-Moving-Storage-international-moving-company-18x8.png 18w, https:\/\/moverdb.com\/wp-content\/uploads\/Berger-Moving-Storage-international-moving-company-600x282.png 600w\" sizes=\"auto, (max-width: 1440px) 100vw, 1440px\" \/><\/p>\n<ul>\n<li>Przeprowadzki lokalne i na du\u017ce odleg\u0142o\u015bci<\/li>\n<li>Przeprowadzki mi\u0119dzynarodowe<\/li>\n<li>Przeprowadzki gospodarstw domowych<\/li>\n<li>Przeprowadzki handlowe<\/li>\n<li>Koordynator ds. relokacji<\/li>\n<li>Us\u0142uga pakowania<\/li>\n<li>Spis przedmiot\u00f3w<\/li>\n<li>Organizacja transportu<\/li>\n<li>Odprawa celna<\/li>\n<li>Przechowywanie kr\u00f3tkoterminowe<\/li>\n<\/ul>\n<p>Berger Moving &amp; Storage to za\u0142o\u017cona w 1910 roku firma \u015bwiadcz\u0105ca us\u0142ugi transportowe z siedzib\u0105 w Saint Paul i sieci\u0105 16 lokalizacji na terenie ca\u0142ego kraju. Firma jest agentem Allied Van Lines, mi\u0119dzynarodowej sieci agent\u00f3w przeprowadzkowych. Firma jest cz\u0142onkiem IAM z 113-letnim do\u015bwiadczeniem.<\/p>\n<p>Berger Moving &amp; Storage oferuje bezp\u0142atn\u0105 wycen\u0119 przeprowadzki w domu lub wirtualnie z konsultantem ds. przeprowadzek mi\u0119dzynarodowych. Koordynator ds. relokacji pomo\u017ce przeprowadzi\u0107 Ci\u0119 przez ca\u0142y proces i okre\u015bli, jakie dokumenty s\u0105 wymagane. Ich us\u0142uga pakowania wykorzystuje mi\u0119dzynarodowe metody i materia\u0142y pakowania w celu ochrony przedmiot\u00f3w i stworzy inwentaryzacj\u0119.<\/p>\n<p>Strona internetowa: <a href=\"https:\/\/www.bergerallied.com\" target=\"_blank\" rel=\"noopener\">https:\/\/www.bergerallied.com<\/a><\/p>","protected":false},"excerpt":{"rendered":"<p>Moving can be a big upheaval and there is a lot to arrange, so why not take some of the pressure off by letting a moving company handle your belongings? They can organise the logistics of your move as well as packing and deal with customs if needed. Below we have compiled a list of [&hellip;]<\/p>\n","protected":false},"author":4,"featured_media":11242,"parent":190,"menu_order":0,"comment_status":"closed","ping_status":"closed","template":"","meta":{"_genesis_hide_title":false,"_genesis_hide_breadcrumbs":false,"_genesis_hide_singular_image":false,"_genesis_hide_footer_widgets":false,"_genesis_custom_body_class":"","_genesis_custom_post_class":"","_genesis_layout":"","footnotes":""},"class_list":{"0":"post-11617","1":"page","2":"type-page","3":"status-publish","4":"has-post-thumbnail","6":"entry"},"_links":{"self":[{"href":"https:\/\/moverdb.com\/pl\/wp-json\/wp\/v2\/pages\/11617","targetHints":{"allow":["GET"]}}],"collection":[{"href":"https:\/\/moverdb.com\/pl\/wp-json\/wp\/v2\/pages"}],"about":[{"href":"https:\/\/moverdb.com\/pl\/wp-json\/wp\/v2\/types\/page"}],"author":[{"embeddable":true,"href":"https:\/\/moverdb.com\/pl\/wp-json\/wp\/v2\/users\/4"}],"replies":[{"embeddable":true,"href":"https:\/\/moverdb.com\/pl\/wp-json\/wp\/v2\/comments?post=11617"}],"version-history":[{"count":1,"href":"https:\/\/moverdb.com\/pl\/wp-json\/wp\/v2\/pages\/11617\/revisions"}],"predecessor-version":[{"id":11618,"href":"https:\/\/moverdb.com\/pl\/wp-json\/wp\/v2\/pages\/11617\/revisions\/11618"}],"up":[{"embeddable":true,"href":"https:\/\/moverdb.com\/pl\/wp-json\/wp\/v2\/pages\/190"}],"wp:featuredmedia":[{"embeddable":true,"href":"https:\/\/moverdb.com\/pl\/wp-json\/wp\/v2\/media\/11242"}],"wp:attachment":[{"href":"https:\/\/moverdb.com\/pl\/wp-json\/wp\/v2\/media?parent=11617"}],"curies":[{"name":"wp","href":"https:\/\/api.w.org\/{rel}","templated":true}]}}