{"id":11613,"date":"2023-11-29T10:44:05","date_gmt":"2023-11-29T10:44:05","guid":{"rendered":"https:\/\/moverdb.com\/?page_id=11613"},"modified":"2026-01-08T15:28:57","modified_gmt":"2026-01-08T15:28:57","slug":"moving-companies-us-michigan","status":"publish","type":"page","link":"https:\/\/moverdb.com\/pl\/moving-companies\/moving-companies-us-michigan\/","title":{"rendered":"5 najlepszych mi\u0119dzynarodowych firm przeprowadzkowych w Michigan"},"content":{"rendered":"<p>Planujesz przeprowadzk\u0119? Je\u015bli tak, warto zatrudni\u0107 <a href=\"https:\/\/moverdb.com\/pl\/moving-companies\/\" data-internallinksmanager029f6b8e52c=\"79\" title=\"25 najlepszych firm przeprowadzek mi\u0119dzynarodowych online\">przedsi\u0119biorstwo przeprowadzkowe<\/a> aby Ci pom\u00f3c. Mog\u0105 oni pom\u00f3c w planowaniu przeprowadzki, pakowaniu, logistyce i procedurach celnych w przypadku przeprowadzki do innego kraju. Poni\u017cej przedstawiamy list\u0119 <a href=\"https:\/\/moverdb.com\/pl\/moving-to-the-united-states\/moving-to-michigan\/\" data-internallinksmanager029f6b8e52c=\"414\" title=\"Przeprowadzka do Michigan? 2026 Koszty utrzymania i porady dotycz\u0105ce przeprowadzki\">Michigan<\/a> na stronie <a href=\"https:\/\/moverdb.com\/pl\/international-removals\/\" data-internallinksmanager029f6b8e52c=\"27\" title=\"36 najlepszych firm zajmuj\u0105cych si\u0119 przeprowadzkami mi\u0119dzynarodowymi w Wielkiej Brytanii\">przedsi\u0119biorstwa przeprowadzkowe<\/a> kt\u00f3re s\u0105 cz\u0142onkami <a href=\"https:\/\/moverdb.com\/pl\/iam\/\" data-internallinksmanager029f6b8e52c=\"23\" title=\"Mi\u0119dzynarodowe Stowarzyszenie Przewo\u017anik\u00f3w (IAM) - obja\u015bnienia\">Mi\u0119dzynarodowe Stowarzyszenie Przewo\u017anik\u00f3w<\/a> (IAM) i\/lub <a href=\"https:\/\/moverdb.com\/pl\/fidi-faim\/\" data-internallinksmanager029f6b8e52c=\"16\" title=\"FIDI i FAIM (FIDI Accredited International Mover) - obja\u015bnienia\">FIDI<\/a> Accredited International Mover (FAIM), kt\u00f3ry mo\u017ce pom\u00f3c w przeprowadzce.<\/p>\n<div id=\"ez-toc-container\" class=\"ez-toc-v2_0_82_2 ez-toc-wrap-left counter-hierarchy ez-toc-counter ez-toc-transparent ez-toc-container-direction\">\n<div class=\"ez-toc-title-container\">\n<p class=\"ez-toc-title\" style=\"cursor:inherit\">Sekcje<\/p>\n<span class=\"ez-toc-title-toggle\"><a href=\"#\" class=\"ez-toc-pull-right ez-toc-btn ez-toc-btn-xs ez-toc-btn-default ez-toc-toggle\" aria-label=\"Prze\u0142\u0105cznik Spisu Tre\u015bci\"><span class=\"ez-toc-js-icon-con\"><span class=\"\"><span class=\"eztoc-hide\" style=\"display:none;\">Toggle<\/span><span class=\"ez-toc-icon-toggle-span\"><svg style=\"fill: #999;color:#999\" xmlns=\"http:\/\/www.w3.org\/2000\/svg\" class=\"list-377408\" width=\"20px\" height=\"20px\" viewbox=\"0 0 24 24\" fill=\"none\"><path d=\"M6 6H4v2h2V6zm14 0H8v2h12V6zM4 11h2v2H4v-2zm16 0H8v2h12v-2zM4 16h2v2H4v-2zm16 0H8v2h12v-2z\" fill=\"currentColor\"><\/path><\/svg><svg style=\"fill: #999;color:#999\" class=\"arrow-unsorted-368013\" xmlns=\"http:\/\/www.w3.org\/2000\/svg\" width=\"10px\" height=\"10px\" viewbox=\"0 0 24 24\" version=\"1.2\" baseprofile=\"tiny\"><path d=\"M18.2 9.3l-6.2-6.3-6.2 6.3c-.2.2-.3.4-.3.7s.1.5.3.7c.2.2.4.3.7.3h11c.3 0 .5-.1.7-.3.2-.2.3-.5.3-.7s-.1-.5-.3-.7zM5.8 14.7l6.2 6.3 6.2-6.3c.2-.2.3-.5.3-.7s-.1-.5-.3-.7c-.2-.2-.4-.3-.7-.3h-11c-.3 0-.5.1-.7.3-.2.2-.3.5-.3.7s.1.5.3.7z\"\/><\/svg><\/span><\/span><\/span><\/a><\/span><\/div>\n<nav><ul class='ez-toc-list ez-toc-list-level-1 eztoc-toggle-hide-by-default' ><li class='ez-toc-page-1 ez-toc-heading-level-2'><a class=\"ez-toc-link ez-toc-heading-1\" href=\"https:\/\/moverdb.com\/pl\/moving-companies\/moving-companies-us-michigan\/#1_Corrigan_Moving\" >1. Corrigan Moving<\/a><\/li><li class='ez-toc-page-1 ez-toc-heading-level-2'><a class=\"ez-toc-link ez-toc-heading-2\" href=\"https:\/\/moverdb.com\/pl\/moving-companies\/moving-companies-us-michigan\/#2_Palmer_Moving_Services\" >2. Us\u0142ugi przeprowadzkowe Palmer<\/a><\/li><li class='ez-toc-page-1 ez-toc-heading-level-2'><a class=\"ez-toc-link ez-toc-heading-3\" href=\"https:\/\/moverdb.com\/pl\/moving-companies\/moving-companies-us-michigan\/#3_Powell_Relocation_Group\" >3. Powell Relocation Group<\/a><\/li><li class='ez-toc-page-1 ez-toc-heading-level-2'><a class=\"ez-toc-link ez-toc-heading-4\" href=\"https:\/\/moverdb.com\/pl\/moving-companies\/moving-companies-us-michigan\/#4_Rose_Moving_Storage\" >4. Rose Moving &amp; Storage<\/a><\/li><li class='ez-toc-page-1 ez-toc-heading-level-2'><a class=\"ez-toc-link ez-toc-heading-5\" href=\"https:\/\/moverdb.com\/pl\/moving-companies\/moving-companies-us-michigan\/#5_Transphere\" >5. Transphere<\/a><\/li><\/ul><\/nav><\/div>\n<h2><span class=\"ez-toc-section\" id=\"1_Corrigan_Moving\"><\/span><strong>1. Corrigan Moving<\/strong><span class=\"ez-toc-section-end\"><\/span><\/h2>\n<p><img loading=\"lazy\" decoding=\"async\" class=\"alignnone size-full wp-image-11297\" src=\"https:\/\/moverdb.com\/wp-content\/uploads\/Corrigan-Moving-Systems-international-moving-company.png\" alt=\"Corrigan Moving Systems mi\u0119dzynarodowa firma przeprowadzkowa\" width=\"1440\" height=\"675\" data-wp-pid=\"11297\" srcset=\"https:\/\/moverdb.com\/wp-content\/uploads\/Corrigan-Moving-Systems-international-moving-company.png 1440w, https:\/\/moverdb.com\/wp-content\/uploads\/Corrigan-Moving-Systems-international-moving-company-300x141.png 300w, https:\/\/moverdb.com\/wp-content\/uploads\/Corrigan-Moving-Systems-international-moving-company-1024x480.png 1024w, https:\/\/moverdb.com\/wp-content\/uploads\/Corrigan-Moving-Systems-international-moving-company-18x8.png 18w, https:\/\/moverdb.com\/wp-content\/uploads\/Corrigan-Moving-Systems-international-moving-company-600x281.png 600w\" sizes=\"auto, (max-width: 1440px) 100vw, 1440px\" \/><\/p>\n<ul>\n<li>Przeprowadzki lokalne i na du\u017ce odleg\u0142o\u015bci<\/li>\n<li>Przeprowadzki mi\u0119dzynarodowe<\/li>\n<li>Przeprowadzki mieszkaniowe<\/li>\n<li>Przeprowadzki handlowe<\/li>\n<li>Relokacje przedsi\u0119biorstw<\/li>\n<li>Us\u0142uga \"od drzwi do drzwi\".<\/li>\n<li>Koordynator przeprowadzki<\/li>\n<li>Us\u0142uga pakowania<\/li>\n<li>Wsparcie celne<\/li>\n<li>Obiekty magazynowe<\/li>\n<\/ul>\n<p>Corrigan Moving to firma przeprowadzkowa i logistyczna za\u0142o\u017cona w 1929 roku, posiadaj\u0105ca 13 biur w regionie Wielkich Jezior, w tym w Ann Arbor, Auburn Hills, Bay City, Dearborn, Farmington Hills, Flint i Grand Rapids w Michigan. Firma jest cz\u0119\u015bci\u0105 United Van Lines, co daje jej dost\u0119p do sieci firm przeprowadzkowych, kt\u00f3re pomagaj\u0105 w \u015bwiadczeniu us\u0142ug. Firma jest cz\u0142onkiem IAM z 75-letnim do\u015bwiadczeniem i posiada akredytacj\u0119 FIDI.<\/p>\n<p>Corrigan Moving oferuje spersonalizowane us\u0142ugi przeprowadzkowe, kt\u00f3re zapewniaj\u0105 us\u0142ug\u0119 od drzwi do drzwi z koordynatorem przeprowadzki. Zapewniaj\u0105 spersonalizowan\u0105 us\u0142ug\u0119 pakowania i skrzynkowania w celu ochrony rzeczy podczas transportu. Zapewniaj\u0105 pomoc w zakresie formalno\u015bci i logistyki.<\/p>\n<p>Strona internetowa: <a href=\"https:\/\/www.corriganmoving.com\/\" target=\"_blank\" rel=\"noopener\">https:\/\/www.corriganmoving.com\/<\/a><\/p>\n<h2><span class=\"ez-toc-section\" id=\"2_Palmer_Moving_Services\"><\/span><strong>2. Us\u0142ugi przeprowadzkowe Palmer<\/strong><span class=\"ez-toc-section-end\"><\/span><\/h2>\n<p><img loading=\"lazy\" decoding=\"async\" class=\"alignnone size-full wp-image-11404\" src=\"https:\/\/moverdb.com\/wp-content\/uploads\/Palmer-Moving-Services-international-moving-company.png\" alt=\"Palmer Moving Services mi\u0119dzynarodowa firma przeprowadzkowa\" width=\"1440\" height=\"675\" data-wp-pid=\"11404\" srcset=\"https:\/\/moverdb.com\/wp-content\/uploads\/Palmer-Moving-Services-international-moving-company.png 1440w, https:\/\/moverdb.com\/wp-content\/uploads\/Palmer-Moving-Services-international-moving-company-300x141.png 300w, https:\/\/moverdb.com\/wp-content\/uploads\/Palmer-Moving-Services-international-moving-company-1024x480.png 1024w, https:\/\/moverdb.com\/wp-content\/uploads\/Palmer-Moving-Services-international-moving-company-18x8.png 18w, https:\/\/moverdb.com\/wp-content\/uploads\/Palmer-Moving-Services-international-moving-company-600x281.png 600w\" sizes=\"auto, (max-width: 1440px) 100vw, 1440px\" \/><\/p>\n<ul>\n<li>Przeprowadzki lokalne i na du\u017ce odleg\u0142o\u015bci<\/li>\n<li>Przeprowadzki mi\u0119dzynarodowe<\/li>\n<li>Przeprowadzki mieszkaniowe<\/li>\n<li>Przeprowadzki biurowe<\/li>\n<li>Relokacje przedsi\u0119biorstw<\/li>\n<li>Pojedynczy punkt kontaktowy<\/li>\n<li>Us\u0142uga pakowania<\/li>\n<li>Obs\u0142uga celna<\/li>\n<li><a href=\"https:\/\/moverdb.com\/pl\/car-transport-shipping\/\" data-internallinksmanager029f6b8e52c=\"2\" title=\"2026 Mi\u0119dzynarodowy transport samochodowy i wyceny wysy\u0142ki pojazd\u00f3w\">Transport pojazd\u00f3w<\/a><\/li>\n<li>Obiekty magazynowe<\/li>\n<\/ul>\n<p>Palmer Moving Services to firma przeprowadzkowa za\u0142o\u017cona w 1910 roku i zlokalizowana w Warren. Jest cz\u0119\u015bci\u0105 Atlas Van Lines, co zapewnia jej krajow\u0105 sie\u0107 agent\u00f3w przeprowadzkowych i szersz\u0105 mi\u0119dzynarodow\u0105 sie\u0107 1700 agent\u00f3w. Firma jest cz\u0142onkiem IAM z 113-letnim do\u015bwiadczeniem.<\/p>\n<p>Palmer Moving Services zapewnia pojedynczy punkt kontaktowy, kt\u00f3ry wspiera klienta podczas ca\u0142ej przeprowadzki. Ich us\u0142ugi obejmuj\u0105 pe\u0142n\u0105 us\u0142ug\u0119 pakowania z niestandardowymi skrzyniami w celu ochrony przedmiot\u00f3w, a tak\u017ce obs\u0142ug\u0119 informacji celnych i dokumentacji. Oferuj\u0105 r\u00f3wnie\u017c dodatkowe us\u0142ugi, w tym transport pojazd\u00f3w, przechowywanie i us\u0142ugi stron trzecich.<\/p>\n<p>Strona internetowa: <a href=\"http:\/\/www.palmermoving.com\" target=\"_blank\" rel=\"noopener\">http:\/\/www.palmermoving.com<\/a><\/p>\n<h2><span class=\"ez-toc-section\" id=\"3_Powell_Relocation_Group\"><\/span><strong>3. Powell Relocation Group<\/strong><span class=\"ez-toc-section-end\"><\/span><\/h2>\n<p><img loading=\"lazy\" decoding=\"async\" class=\"alignnone size-full wp-image-11411\" src=\"https:\/\/moverdb.com\/wp-content\/uploads\/Powell-Relocation-Group-international-moving-company.png\" alt=\"Powell Relocation Group mi\u0119dzynarodowa firma przeprowadzkowa\" width=\"1440\" height=\"674\" data-wp-pid=\"11411\" srcset=\"https:\/\/moverdb.com\/wp-content\/uploads\/Powell-Relocation-Group-international-moving-company.png 1440w, https:\/\/moverdb.com\/wp-content\/uploads\/Powell-Relocation-Group-international-moving-company-300x140.png 300w, https:\/\/moverdb.com\/wp-content\/uploads\/Powell-Relocation-Group-international-moving-company-1024x479.png 1024w, https:\/\/moverdb.com\/wp-content\/uploads\/Powell-Relocation-Group-international-moving-company-18x8.png 18w, https:\/\/moverdb.com\/wp-content\/uploads\/Powell-Relocation-Group-international-moving-company-600x281.png 600w\" sizes=\"auto, (max-width: 1440px) 100vw, 1440px\" \/><\/p>\n<ul>\n<li>Przeprowadzki lokalne i na du\u017ce odleg\u0142o\u015bci<\/li>\n<li>Przeprowadzki mi\u0119dzynarodowe<\/li>\n<li>Przeprowadzki mieszkaniowe<\/li>\n<li>Przeprowadzki handlowe<\/li>\n<li>Relokacje przedsi\u0119biorstw<\/li>\n<li>Koordynator ds. przeprowadzek mi\u0119dzynarodowych<\/li>\n<li>Us\u0142uga pakowania<\/li>\n<li>Transport drog\u0105 l\u0105dow\u0105, morsk\u0105 lub powietrzn\u0105<\/li>\n<li>Odprawa celna<\/li>\n<li>Obiekty magazynowe<\/li>\n<\/ul>\n<p>Powell Relocation Group to za\u0142o\u017cona w 1962 roku firma przeprowadzkowa z siedzib\u0105 w Grand Rapids, <a href=\"https:\/\/moverdb.com\/pl\/moving-to-houston\/\" data-internallinksmanager029f6b8e52c=\"47\" title=\"Przeprowadzasz si\u0119 do Houston? 2026 Koszty utrzymania i wskaz\u00f3wki dotycz\u0105ce przeprowadzki\">Houston<\/a>, <a href=\"https:\/\/moverdb.com\/pl\/moving-to-the-united-states\/moving-to-west-virginia\/\" data-internallinksmanager029f6b8e52c=\"441\" title=\"Przeprowadzka do Zachodniej Wirginii? 2026 Koszty utrzymania i porady dotycz\u0105ce przeprowadzki\">Wirginia Zachodnia<\/a> i Tacoma. S\u0105 agentem Atlas Van Lines, co zapewnia im sie\u0107 agent\u00f3w przeprowadzkowych, z kt\u00f3rymi mog\u0105 wsp\u00f3\u0142pracowa\u0107. S\u0105 cz\u0142onkiem IAM z 61-letnim do\u015bwiadczeniem.<\/p>\n<p>Powell Relocation Group oferuje wirtualn\u0105 ankiet\u0119 w celu sporz\u0105dzenia wyceny przeprowadzki. Powell Relocation Group stworzy indywidualny plan przeprowadzki i przydzieli koordynatora ds. przeprowadzek mi\u0119dzynarodowych. Powell Relocation Group zapewnia kompleksow\u0105 us\u0142ug\u0119 przeprowadzki, w tym pakowanie przedmiot\u00f3w i ich za\u0142adunek do transportu drog\u0105 l\u0105dow\u0105, morsk\u0105 lub powietrzn\u0105. Firma przeprowadzi odpraw\u0119 celn\u0105 i dostarczy przedmioty do miejsca docelowego.<\/p>\n<p>Strona internetowa: <a href=\"http:\/\/powellmoving.com\" target=\"_blank\" rel=\"noopener\">http:\/\/powellmoving.com<\/a><\/p>\n<h2><span class=\"ez-toc-section\" id=\"4_Rose_Moving_Storage\"><\/span><strong>4. Rose Moving &amp; Storage<\/strong><span class=\"ez-toc-section-end\"><\/span><\/h2>\n<p><img loading=\"lazy\" decoding=\"async\" class=\"alignnone size-full wp-image-11427\" src=\"https:\/\/moverdb.com\/wp-content\/uploads\/Rose-Moving-Storage-international-moving-company.png\" alt=\"Rose Moving &amp; Storage - mi\u0119dzynarodowa firma przeprowadzkowa\" width=\"1440\" height=\"678\" data-wp-pid=\"11427\" srcset=\"https:\/\/moverdb.com\/wp-content\/uploads\/Rose-Moving-Storage-international-moving-company.png 1440w, https:\/\/moverdb.com\/wp-content\/uploads\/Rose-Moving-Storage-international-moving-company-300x141.png 300w, https:\/\/moverdb.com\/wp-content\/uploads\/Rose-Moving-Storage-international-moving-company-1024x482.png 1024w, https:\/\/moverdb.com\/wp-content\/uploads\/Rose-Moving-Storage-international-moving-company-18x8.png 18w, https:\/\/moverdb.com\/wp-content\/uploads\/Rose-Moving-Storage-international-moving-company-600x283.png 600w\" sizes=\"auto, (max-width: 1440px) 100vw, 1440px\" \/><\/p>\n<ul>\n<li>Przeprowadzki lokalne i mi\u0119dzystanowe<\/li>\n<li>Przeprowadzki mi\u0119dzynarodowe<\/li>\n<li>Przeprowadzki gospodarstw domowych<\/li>\n<li>Przeprowadzki handlowe<\/li>\n<li>Relokacje przedsi\u0119biorstw<\/li>\n<li>Us\u0142uga \"od drzwi do drzwi\".<\/li>\n<li>Osobisty koordynator ds. relokacji<\/li>\n<li>Profesjonalna us\u0142uga pakowania<\/li>\n<li>Organizacja transportu<\/li>\n<li>Opcje bezpiecznego przechowywania<\/li>\n<\/ul>\n<p>Rose Moving &amp; Storage to firma przeprowadzkowa, kt\u00f3ra posiada lokalizacje w Belleville, Canton i Grand Rapid. Firma jest mi\u0119dzystanowym agentem Allied Van Lines, co pozwala jej \u015bwiadczy\u0107 us\u0142ugi na terenie ca\u0142ego kraju i za granic\u0105 do 42 kraj\u00f3w. Firma jest cz\u0142onkiem IAM z 59-letnim do\u015bwiadczeniem.<\/p>\n<p>Rose Moving &amp; Storage oferuje us\u0142ugi przeprowadzek od drzwi do drzwi na terenie ca\u0142ego kraju i za granic\u0105. Przydziel\u0105 Ci osobistego koordynatora ds. przeprowadzek mi\u0119dzynarodowych, kt\u00f3ry zaplanuje ka\u017cdy szczeg\u00f3\u0142 i okre\u015bli us\u0142ugi, kt\u00f3rych potrzebujesz. Zapewniaj\u0105 profesjonaln\u0105 us\u0142ug\u0119 pakowania przy u\u017cyciu najwy\u017cszej jako\u015bci opakowa\u0144.<\/p>\n<p>Strona internetowa: <a href=\"http:\/\/www.rosemoving.com\" target=\"_blank\" rel=\"noopener\">http:\/\/www.rosemoving.com<\/a><\/p>\n<h2><span class=\"ez-toc-section\" id=\"5_Transphere\"><\/span><strong>5. Transphere<\/strong><span class=\"ez-toc-section-end\"><\/span><\/h2>\n<p><img loading=\"lazy\" decoding=\"async\" class=\"alignnone size-full wp-image-11615\" src=\"https:\/\/moverdb.com\/wp-content\/uploads\/Transphere-international-moving-company.png\" alt=\"Transphere mi\u0119dzynarodowa firma przeprowadzkowa\" width=\"1440\" height=\"677\" data-wp-pid=\"11615\" srcset=\"https:\/\/moverdb.com\/wp-content\/uploads\/Transphere-international-moving-company.png 1440w, https:\/\/moverdb.com\/wp-content\/uploads\/Transphere-international-moving-company-300x141.png 300w, https:\/\/moverdb.com\/wp-content\/uploads\/Transphere-international-moving-company-1024x481.png 1024w, https:\/\/moverdb.com\/wp-content\/uploads\/Transphere-international-moving-company-18x8.png 18w, https:\/\/moverdb.com\/wp-content\/uploads\/Transphere-international-moving-company-600x282.png 600w\" sizes=\"auto, (max-width: 1440px) 100vw, 1440px\" \/><\/p>\n<ul>\n<li>Ruchy krajowe<\/li>\n<li>Przeprowadzki mi\u0119dzynarodowe<\/li>\n<li>Przeprowadzki gospodarstw domowych<\/li>\n<li>Fracht handlowy<\/li>\n<li>Us\u0142uga \"od drzwi do drzwi\".<\/li>\n<li>Us\u0142uga pakowania<\/li>\n<li>Transport morski, l\u0105dowy i lotniczy<\/li>\n<li>Odprawa celna<\/li>\n<li>Transport pojazd\u00f3w<\/li>\n<li>Obiekty magazynowe<\/li>\n<\/ul>\n<p>Transphere to firma spedycyjna za\u0142o\u017cona w 1987 roku z siedzib\u0105 w Westland. Jest cz\u0119\u015bci\u0105 \u015bwiatowej sieci 150 firm, kt\u00f3re mog\u0105 wspiera\u0107 j\u0105 w \u015bwiadczeniu us\u0142ug w kraju i za granic\u0105. Transphere jest cz\u0142onkiem IAM z 36-letnim do\u015bwiadczeniem.<\/p>\n<p>Transphere oferuje us\u0142ugi spedycyjne od drzwi do drzwi dla artyku\u0142\u00f3w gospodarstwa domowego, rzeczy osobistych, pojazd\u00f3w, towar\u00f3w handlowych i \u0142adunk\u00f3w projektowych. Oferuje szereg opcji frachtu, w tym lotniczy, l\u0105dowy i morski z pe\u0142nymi i mniej ni\u017c pe\u0142nymi \u0142adunkami kontenerowymi. Oferuje r\u00f3wnie\u017c us\u0142ugi pakowania i mo\u017ce u\u0142atwi\u0107 odpraw\u0119 celn\u0105. Zapewniaj\u0105 r\u00f3wnie\u017c internetowy system \u015bledzenia i portal do monitorowania przesy\u0142ki.<\/p>\n<p>Strona internetowa: <a href=\"http:\/\/www.transphereinc.com\" target=\"_blank\" rel=\"noopener\">http:\/\/www.transphereinc.com<\/a><\/p>","protected":false},"excerpt":{"rendered":"<p>Are you planning a move? If so you may want to employ a moving company to assist you. They can help with planning your move, packing, logistics and customs procedures if moving countries. Below we have compiled a list of Michigan based removal companies that are members of the International Association of Movers (IAM) and\/or [&hellip;]<\/p>\n","protected":false},"author":4,"featured_media":11297,"parent":190,"menu_order":0,"comment_status":"closed","ping_status":"closed","template":"","meta":{"_genesis_hide_title":false,"_genesis_hide_breadcrumbs":false,"_genesis_hide_singular_image":false,"_genesis_hide_footer_widgets":false,"_genesis_custom_body_class":"","_genesis_custom_post_class":"","_genesis_layout":"","footnotes":""},"class_list":{"0":"post-11613","1":"page","2":"type-page","3":"status-publish","4":"has-post-thumbnail","6":"entry"},"_links":{"self":[{"href":"https:\/\/moverdb.com\/pl\/wp-json\/wp\/v2\/pages\/11613","targetHints":{"allow":["GET"]}}],"collection":[{"href":"https:\/\/moverdb.com\/pl\/wp-json\/wp\/v2\/pages"}],"about":[{"href":"https:\/\/moverdb.com\/pl\/wp-json\/wp\/v2\/types\/page"}],"author":[{"embeddable":true,"href":"https:\/\/moverdb.com\/pl\/wp-json\/wp\/v2\/users\/4"}],"replies":[{"embeddable":true,"href":"https:\/\/moverdb.com\/pl\/wp-json\/wp\/v2\/comments?post=11613"}],"version-history":[{"count":1,"href":"https:\/\/moverdb.com\/pl\/wp-json\/wp\/v2\/pages\/11613\/revisions"}],"predecessor-version":[{"id":11616,"href":"https:\/\/moverdb.com\/pl\/wp-json\/wp\/v2\/pages\/11613\/revisions\/11616"}],"up":[{"embeddable":true,"href":"https:\/\/moverdb.com\/pl\/wp-json\/wp\/v2\/pages\/190"}],"wp:featuredmedia":[{"embeddable":true,"href":"https:\/\/moverdb.com\/pl\/wp-json\/wp\/v2\/media\/11297"}],"wp:attachment":[{"href":"https:\/\/moverdb.com\/pl\/wp-json\/wp\/v2\/media?parent=11613"}],"curies":[{"name":"wp","href":"https:\/\/api.w.org\/{rel}","templated":true}]}}