{"id":11602,"date":"2023-11-29T10:33:42","date_gmt":"2023-11-29T10:33:42","guid":{"rendered":"https:\/\/moverdb.com\/?page_id=11602"},"modified":"2026-01-08T15:24:17","modified_gmt":"2026-01-08T15:24:17","slug":"moving-companies-us-jacksonville","status":"publish","type":"page","link":"https:\/\/moverdb.com\/pl\/moving-companies\/moving-companies-us-jacksonville\/","title":{"rendered":"3 najlepsze mi\u0119dzynarodowe firmy przeprowadzkowe w Jacksonville"},"content":{"rendered":"<p>Je\u015bli planujesz przeprowadzk\u0119 lokaln\u0105, krajow\u0105 lub mi\u0119dzynarodow\u0105 do lub z Jacksonville, mo\u017cesz potrzebowa\u0107 pomocy. <a href=\"https:\/\/moverdb.com\/pl\/moving-companies\/\" data-internallinksmanager029f6b8e52c=\"79\" title=\"25 najlepszych firm przeprowadzek mi\u0119dzynarodowych online\">Firmy przeprowadzkowe<\/a> oferuj\u0105 r\u00f3\u017cnorodn\u0105 pomoc, w tym planowanie, pakowanie, transport, obs\u0142ug\u0119 celn\u0105 i rozpakowywanie. Poni\u017cej zebrali\u015bmy list\u0119 firm z Jacksonville, kt\u00f3re oferuj\u0105 nast\u0119puj\u0105ce us\u0142ugi <a href=\"https:\/\/moverdb.com\/pl\/international-removals\/\" data-internallinksmanager029f6b8e52c=\"27\" title=\"36 najlepszych firm zajmuj\u0105cych si\u0119 przeprowadzkami mi\u0119dzynarodowymi w Wielkiej Brytanii\">przedsi\u0119biorstwa przeprowadzkowe<\/a> kt\u00f3re s\u0105 cz\u0142onkami <a href=\"https:\/\/moverdb.com\/pl\/iam\/\" data-internallinksmanager029f6b8e52c=\"23\" title=\"Mi\u0119dzynarodowe Stowarzyszenie Przewo\u017anik\u00f3w (IAM) - obja\u015bnienia\">Mi\u0119dzynarodowe Stowarzyszenie Przewo\u017anik\u00f3w<\/a> (IAM) i\/lub <a href=\"https:\/\/moverdb.com\/pl\/fidi-faim\/\" data-internallinksmanager029f6b8e52c=\"16\" title=\"FIDI i FAIM (FIDI Accredited International Mover) - obja\u015bnienia\">FIDI<\/a> Accredited International Mover (FAIM), kt\u00f3ry mo\u017ce pom\u00f3c w przeprowadzce.<\/p>\n<h2><strong>1. Conser Moving &amp; Storage<\/strong><\/h2>\n<p><img loading=\"lazy\" decoding=\"async\" class=\"alignnone size-full wp-image-11292\" src=\"https:\/\/moverdb.com\/wp-content\/uploads\/Conser-Moving-Storage-international-moving-company.png\" alt=\"Conser Moving &amp; Storage - mi\u0119dzynarodowa firma przeprowadzkowa\" width=\"1440\" height=\"681\" data-wp-pid=\"11292\" srcset=\"https:\/\/moverdb.com\/wp-content\/uploads\/Conser-Moving-Storage-international-moving-company.png 1440w, https:\/\/moverdb.com\/wp-content\/uploads\/Conser-Moving-Storage-international-moving-company-300x142.png 300w, https:\/\/moverdb.com\/wp-content\/uploads\/Conser-Moving-Storage-international-moving-company-1024x484.png 1024w, https:\/\/moverdb.com\/wp-content\/uploads\/Conser-Moving-Storage-international-moving-company-18x9.png 18w, https:\/\/moverdb.com\/wp-content\/uploads\/Conser-Moving-Storage-international-moving-company-600x284.png 600w\" sizes=\"auto, (max-width: 1440px) 100vw, 1440px\" \/><\/p>\n<ul>\n<li>Przeprowadzki lokalne<\/li>\n<li>Przeprowadzki na du\u017ce odleg\u0142o\u015bci<\/li>\n<li>Przeprowadzki mieszkaniowe<\/li>\n<li>Przeprowadzki biurowe<\/li>\n<li>Us\u0142uga dostosowana do potrzeb klienta<\/li>\n<li>Wyb\u00f3r opcji przeprowadzki<\/li>\n<li>Zarz\u0105dzanie przeniesieniem<\/li>\n<li>Organizacja transportu<\/li>\n<li>Przeniesienie ochrony<\/li>\n<li>Obiekty magazynowe<\/li>\n<\/ul>\n<p>Conser Moving &amp; Storage to firma specjalizuj\u0105ca si\u0119 w przeprowadzkach krajowych i wojskowych z siedzib\u0105 w Jacksonville. Jest agentem firmy Mayflower Transit, kt\u00f3ra \u015bwiadczy us\u0142ugi przeprowadzkowe od ponad 90 lat. Firma jest cz\u0142onkiem IAM z 11-letnim do\u015bwiadczeniem.<\/p>\n<p>Conser Moving &amp; Storage zapewni wszelkie wsparcie potrzebne do przeprowadzki, umo\u017cliwiaj\u0105c stworzenie planu przeprowadzki z opcjami dostosowywania wymaganych us\u0142ug. Pomog\u0105 w znalezieniu odpowiedniego planu przeprowadzki, kt\u00f3ry spe\u0142ni Twoje potrzeby, bud\u017cet i harmonogram.<\/p>\n<p>Strona internetowa: <a href=\"https:\/\/consermoving.com\" target=\"_blank\" rel=\"noopener\">https:\/\/consermoving.com<\/a><\/p>\n<h2><strong>2. DN Van Lines<\/strong><\/h2>\n<p><img loading=\"lazy\" decoding=\"async\" class=\"alignnone size-full wp-image-11307\" src=\"https:\/\/moverdb.com\/wp-content\/uploads\/DN-Van-Lines-international-moving-company.png\" alt=\"DN Van Lines mi\u0119dzynarodowa firma przeprowadzkowa\" width=\"1440\" height=\"670\" data-wp-pid=\"11307\" srcset=\"https:\/\/moverdb.com\/wp-content\/uploads\/DN-Van-Lines-international-moving-company.png 1440w, https:\/\/moverdb.com\/wp-content\/uploads\/DN-Van-Lines-international-moving-company-300x140.png 300w, https:\/\/moverdb.com\/wp-content\/uploads\/DN-Van-Lines-international-moving-company-1024x476.png 1024w, https:\/\/moverdb.com\/wp-content\/uploads\/DN-Van-Lines-international-moving-company-18x8.png 18w, https:\/\/moverdb.com\/wp-content\/uploads\/DN-Van-Lines-international-moving-company-600x279.png 600w\" sizes=\"auto, (max-width: 1440px) 100vw, 1440px\" \/><\/p>\n<ul>\n<li>Przeprowadzki lokalne i mi\u0119dzystanowe<\/li>\n<li>Przeprowadzki mi\u0119dzynarodowe<\/li>\n<li>Przeprowadzki gospodarstw domowych<\/li>\n<li>Przeprowadzki biurowe i handlowe<\/li>\n<li>Osobisty mened\u017cer ds. relokacji<\/li>\n<li>Us\u0142ugi pakowania<\/li>\n<li>Zarz\u0105dzanie zapasami<\/li>\n<li>Organizacja transportu<\/li>\n<li>Ubezpieczenia<\/li>\n<li>Us\u0142ugi magazynowania<\/li>\n<\/ul>\n<p>DN Van Lines to za\u0142o\u017cona w 2001 roku firma zajmuj\u0105ca si\u0119 przeprowadzkami i magazynowaniem z lokalizacjami w Jacksonville, <a href=\"https:\/\/moverdb.com\/pl\/moving-to-the-united-states\/moving-to-massachusetts\/\" data-internallinksmanager029f6b8e52c=\"412\" title=\"Przeprowadzka do Massachusetts? Koszty utrzymania i wskaz\u00f3wki dotycz\u0105ce relokacji w 2023 r.\">Massachusetts<\/a> oraz <a href=\"https:\/\/moverdb.com\/pl\/moving-to-the-united-states\/moving-to-virginia\/\" data-internallinksmanager029f6b8e52c=\"442\" title=\"Przeprowadzka do Wirginii? 2026 Koszty utrzymania i porady dotycz\u0105ce przeprowadzki\">Wirginia<\/a>. Wsp\u00f3\u0142pracuj\u0105 z zaufan\u0105 sieci\u0105 dostawc\u00f3w us\u0142ug przeprowadzkowych na ca\u0142ym \u015bwiecie. S\u0105 cz\u0142onkiem IAM z 14-letnim do\u015bwiadczeniem.<\/p>\n<p>DN Van Lines oferuje bezp\u0142atn\u0105 wycen\u0119 i ankiet\u0119 w domu lub wirtualn\u0105, aby oceni\u0107 wymagania dotycz\u0105ce przeprowadzki. Zapewniaj\u0105 osobistego kierownika ds. relokacji, kt\u00f3ry stworzy szczeg\u00f3\u0142owy plan przeprowadzki dostosowany do Twoich potrzeb i b\u0119dzie Ci pomaga\u0142 podczas ca\u0142ej przeprowadzki. Firma zapewnia us\u0142ug\u0119 pakowania, kt\u00f3ra obejmuje szczeg\u00f3\u0142ow\u0105 inwentaryzacj\u0119 przedmiot\u00f3w.<\/p>\n<p>Strona internetowa: <a href=\"http:\/\/www.dnvanlines.com\" target=\"_blank\" rel=\"noopener\">http:\/\/www.dnvanlines.com<\/a><\/p>\n<h2><strong>3. Suddath<\/strong><\/h2>\n<p><img loading=\"lazy\" decoding=\"async\" class=\"alignnone size-full wp-image-11450\" src=\"https:\/\/moverdb.com\/wp-content\/uploads\/Suddath-international-moving-company.png\" alt=\"Suddath mi\u0119dzynarodowa firma przeprowadzkowa\" width=\"1440\" height=\"677\" data-wp-pid=\"11450\" srcset=\"https:\/\/moverdb.com\/wp-content\/uploads\/Suddath-international-moving-company.png 1440w, https:\/\/moverdb.com\/wp-content\/uploads\/Suddath-international-moving-company-300x141.png 300w, https:\/\/moverdb.com\/wp-content\/uploads\/Suddath-international-moving-company-1024x481.png 1024w, https:\/\/moverdb.com\/wp-content\/uploads\/Suddath-international-moving-company-18x8.png 18w, https:\/\/moverdb.com\/wp-content\/uploads\/Suddath-international-moving-company-600x282.png 600w\" sizes=\"auto, (max-width: 1440px) 100vw, 1440px\" \/><\/p>\n<ul>\n<li>Przeprowadzki lokalne i na du\u017ce odleg\u0142o\u015bci<\/li>\n<li>Przeprowadzki mi\u0119dzynarodowe<\/li>\n<li>Przeprowadzki gospodarstw domowych<\/li>\n<li>Przeprowadzki handlowe<\/li>\n<li>Us\u0142uga kompleksowa<\/li>\n<li>Us\u0142uga pakowania<\/li>\n<li>Wsparcie celne<\/li>\n<li>Transport pojazd\u00f3w i zwierz\u0105t domowych<\/li>\n<li>Ubezpieczenia<\/li>\n<li>Przechowywanie kr\u00f3tko i d\u0142ugoterminowe<\/li>\n<\/ul>\n<p>Suddath to firma przeprowadzkowa i logistyczna za\u0142o\u017cona w 1919 roku w Jacksonville i posiadaj\u0105ca 19 kolejnych lokalizacji w tym mie\u015bcie. <a href=\"https:\/\/moverdb.com\/pl\/moving-to-the-united-states\/\" data-internallinksmanager029f6b8e52c=\"94\" title=\"Przeprowadzasz si\u0119 do Stan\u00f3w Zjednoczonych? 2026 Koszty \u017cycia i wskaz\u00f3wki dotycz\u0105ce przeprowadzki\">USA<\/a>. Posiada globaln\u0105 sie\u0107 partnersk\u0105 z\u0142o\u017con\u0105 ze sprawdzonych i uznanych firm, kt\u00f3ra pomaga im dostarcza\u0107 kompleksowe us\u0142ugi do 180 kraj\u00f3w na ca\u0142ym \u015bwiecie. Jest cz\u0142onkiem IAM z 104-letnim do\u015bwiadczeniem.<\/p>\n<p>Suddath zapewnia kompleksow\u0105 obs\u0142ug\u0119 wszystkich potrzeb zwi\u0105zanych z przeprowadzk\u0105 z dedykowanym doradc\u0105, kt\u00f3ry b\u0119dzie wspiera\u0107 Ci\u0119 na ka\u017cdym kroku i w ramach bud\u017cetu. Zapewnia spersonalizowane podej\u015bcie i poprowadzi Ci\u0119 przez odpraw\u0119 celn\u0105, dokumentacj\u0119 i ubezpieczenie. Oferuje r\u00f3wnie\u017c dodatkowe us\u0142ugi, w tym us\u0142ugi osiedle\u0144cze i us\u0142ugi pokoj\u00f3wki.<\/p>\n<p>Strona internetowa: <a href=\"https:\/\/suddath.com\" target=\"_blank\" rel=\"noopener\">https:\/\/suddath.com<\/a><\/p>","protected":false},"excerpt":{"rendered":"<p>If you are planning a move locally, nationally or internationally to or from Jacksonville you may want some assistance. Moving companies offer a variety of help including planning, packing, transportation, customs handling and unpacking services. Below we have compiled a list of Jacksonville based removal companies that are members of the International Association of Movers [&hellip;]<\/p>\n","protected":false},"author":4,"featured_media":11292,"parent":190,"menu_order":0,"comment_status":"closed","ping_status":"closed","template":"","meta":{"_genesis_hide_title":false,"_genesis_hide_breadcrumbs":false,"_genesis_hide_singular_image":false,"_genesis_hide_footer_widgets":false,"_genesis_custom_body_class":"","_genesis_custom_post_class":"","_genesis_layout":"","footnotes":""},"class_list":{"0":"post-11602","1":"page","2":"type-page","3":"status-publish","4":"has-post-thumbnail","6":"entry"},"_links":{"self":[{"href":"https:\/\/moverdb.com\/pl\/wp-json\/wp\/v2\/pages\/11602","targetHints":{"allow":["GET"]}}],"collection":[{"href":"https:\/\/moverdb.com\/pl\/wp-json\/wp\/v2\/pages"}],"about":[{"href":"https:\/\/moverdb.com\/pl\/wp-json\/wp\/v2\/types\/page"}],"author":[{"embeddable":true,"href":"https:\/\/moverdb.com\/pl\/wp-json\/wp\/v2\/users\/4"}],"replies":[{"embeddable":true,"href":"https:\/\/moverdb.com\/pl\/wp-json\/wp\/v2\/comments?post=11602"}],"version-history":[{"count":1,"href":"https:\/\/moverdb.com\/pl\/wp-json\/wp\/v2\/pages\/11602\/revisions"}],"predecessor-version":[{"id":11603,"href":"https:\/\/moverdb.com\/pl\/wp-json\/wp\/v2\/pages\/11602\/revisions\/11603"}],"up":[{"embeddable":true,"href":"https:\/\/moverdb.com\/pl\/wp-json\/wp\/v2\/pages\/190"}],"wp:featuredmedia":[{"embeddable":true,"href":"https:\/\/moverdb.com\/pl\/wp-json\/wp\/v2\/media\/11292"}],"wp:attachment":[{"href":"https:\/\/moverdb.com\/pl\/wp-json\/wp\/v2\/media?parent=11602"}],"curies":[{"name":"wp","href":"https:\/\/api.w.org\/{rel}","templated":true}]}}