{"id":11600,"date":"2023-11-29T10:45:01","date_gmt":"2023-11-29T10:45:01","guid":{"rendered":"https:\/\/moverdb.com\/?page_id=11600"},"modified":"2026-01-08T15:25:08","modified_gmt":"2026-01-08T15:25:08","slug":"moving-companies-us-indiana","status":"publish","type":"page","link":"https:\/\/moverdb.com\/pl\/moving-companies\/moving-companies-us-indiana\/","title":{"rendered":"5 najlepszych mi\u0119dzynarodowych firm przeprowadzkowych w stanie Indiana"},"content":{"rendered":"<p>Przeprowadzka mo\u017ce by\u0107 stresuj\u0105cym okresem z tak wieloma rzeczami do \u017conglowania. W\u0142a\u015bnie dlatego wiele os\u00f3b korzysta z pomocy <a href=\"https:\/\/moverdb.com\/pl\/moving-companies\/\" data-internallinksmanager029f6b8e52c=\"79\" title=\"25 najlepszych firm przeprowadzek mi\u0119dzynarodowych online\">przedsi\u0119biorstwo przeprowadzkowe<\/a> poniewa\u017c mog\u0105 oni zarz\u0105dza\u0107 przeprowadzk\u0105, pakowa\u0107, transportowa\u0107 rzeczy i uporz\u0105dkowa\u0107 procesy celne w przypadku przeprowadzki mi\u0119dzynarodowej. Poni\u017cej przygotowali\u015bmy list\u0119 <a href=\"https:\/\/moverdb.com\/pl\/moving-to-the-united-states\/moving-to-indiana\/\" data-internallinksmanager029f6b8e52c=\"445\" title=\"Przeprowadzka do Indiany? 2026 Koszty utrzymania i porady dotycz\u0105ce przeprowadzki\">Indiana<\/a> na stronie <a href=\"https:\/\/moverdb.com\/pl\/international-removals\/\" data-internallinksmanager029f6b8e52c=\"27\" title=\"36 najlepszych firm zajmuj\u0105cych si\u0119 przeprowadzkami mi\u0119dzynarodowymi w Wielkiej Brytanii\">przedsi\u0119biorstwa przeprowadzkowe<\/a> kt\u00f3re s\u0105 cz\u0142onkami <a href=\"https:\/\/moverdb.com\/pl\/iam\/\" data-internallinksmanager029f6b8e52c=\"23\" title=\"Mi\u0119dzynarodowe Stowarzyszenie Przewo\u017anik\u00f3w (IAM) - obja\u015bnienia\">Mi\u0119dzynarodowe Stowarzyszenie Przewo\u017anik\u00f3w<\/a> (IAM) i\/lub <a href=\"https:\/\/moverdb.com\/pl\/fidi-faim\/\" data-internallinksmanager029f6b8e52c=\"16\" title=\"FIDI i FAIM (FIDI Accredited International Mover) - obja\u015bnienia\">FIDI<\/a> Accredited International Mover (FAIM), kt\u00f3ry mo\u017ce pom\u00f3c w przeprowadzce.<\/p>\n<div id=\"ez-toc-container\" class=\"ez-toc-v2_0_82_2 ez-toc-wrap-left counter-hierarchy ez-toc-counter ez-toc-transparent ez-toc-container-direction\">\n<div class=\"ez-toc-title-container\">\n<p class=\"ez-toc-title\" style=\"cursor:inherit\">Sekcje<\/p>\n<span class=\"ez-toc-title-toggle\"><a href=\"#\" class=\"ez-toc-pull-right ez-toc-btn ez-toc-btn-xs ez-toc-btn-default ez-toc-toggle\" aria-label=\"Prze\u0142\u0105cznik Spisu Tre\u015bci\"><span class=\"ez-toc-js-icon-con\"><span class=\"\"><span class=\"eztoc-hide\" style=\"display:none;\">Toggle<\/span><span class=\"ez-toc-icon-toggle-span\"><svg style=\"fill: #999;color:#999\" xmlns=\"http:\/\/www.w3.org\/2000\/svg\" class=\"list-377408\" width=\"20px\" height=\"20px\" viewbox=\"0 0 24 24\" fill=\"none\"><path d=\"M6 6H4v2h2V6zm14 0H8v2h12V6zM4 11h2v2H4v-2zm16 0H8v2h12v-2zM4 16h2v2H4v-2zm16 0H8v2h12v-2z\" fill=\"currentColor\"><\/path><\/svg><svg style=\"fill: #999;color:#999\" class=\"arrow-unsorted-368013\" xmlns=\"http:\/\/www.w3.org\/2000\/svg\" width=\"10px\" height=\"10px\" viewbox=\"0 0 24 24\" version=\"1.2\" baseprofile=\"tiny\"><path d=\"M18.2 9.3l-6.2-6.3-6.2 6.3c-.2.2-.3.4-.3.7s.1.5.3.7c.2.2.4.3.7.3h11c.3 0 .5-.1.7-.3.2-.2.3-.5.3-.7s-.1-.5-.3-.7zM5.8 14.7l6.2 6.3 6.2-6.3c.2-.2.3-.5.3-.7s-.1-.5-.3-.7c-.2-.2-.4-.3-.7-.3h-11c-.3 0-.5.1-.7.3-.2.2-.3.5-.3.7s.1.5.3.7z\"\/><\/svg><\/span><\/span><\/span><\/a><\/span><\/div>\n<nav><ul class='ez-toc-list ez-toc-list-level-1 eztoc-toggle-hide-by-default' ><li class='ez-toc-page-1 ez-toc-heading-level-2'><a class=\"ez-toc-link ez-toc-heading-1\" href=\"https:\/\/moverdb.com\/pl\/moving-companies\/moving-companies-us-indiana\/#1_Atlas_International\" >1. Atlas International<\/a><\/li><li class='ez-toc-page-1 ez-toc-heading-level-2'><a class=\"ez-toc-link ez-toc-heading-2\" href=\"https:\/\/moverdb.com\/pl\/moving-companies\/moving-companies-us-indiana\/#2_Atlantic_Relocation_Systems\" >2. Atlantic Relocation Systems<\/a><\/li><li class='ez-toc-page-1 ez-toc-heading-level-2'><a class=\"ez-toc-link ez-toc-heading-3\" href=\"https:\/\/moverdb.com\/pl\/moving-companies\/moving-companies-us-indiana\/#3_Reindeer_Auto_Moving\" >3. Automatyczny ruch renifer\u00f3w<\/a><\/li><li class='ez-toc-page-1 ez-toc-heading-level-2'><a class=\"ez-toc-link ez-toc-heading-4\" href=\"https:\/\/moverdb.com\/pl\/moving-companies\/moving-companies-us-indiana\/#4_Wheaton_World_Wide_Moving\" >4. Wheaton World Wide Moving<\/a><\/li><li class='ez-toc-page-1 ez-toc-heading-level-2'><a class=\"ez-toc-link ez-toc-heading-5\" href=\"https:\/\/moverdb.com\/pl\/moving-companies\/moving-companies-us-indiana\/#5_Wickman_Worldwide_Services\" >5. Wickman Worldwide Services<\/a><\/li><\/ul><\/nav><\/div>\n<h2><span class=\"ez-toc-section\" id=\"1_Atlas_International\"><\/span><strong>1. Atlas International<\/strong><span class=\"ez-toc-section-end\"><\/span><\/h2>\n<p><img loading=\"lazy\" decoding=\"async\" class=\"alignnone size-full wp-image-11263\" src=\"https:\/\/moverdb.com\/wp-content\/uploads\/Atlas-International-moving-company-3.png\" alt=\"Atlas - mi\u0119dzynarodowa firma przeprowadzkowa\" width=\"1440\" height=\"676\" data-wp-pid=\"11263\" srcset=\"https:\/\/moverdb.com\/wp-content\/uploads\/Atlas-International-moving-company-3.png 1440w, https:\/\/moverdb.com\/wp-content\/uploads\/Atlas-International-moving-company-3-300x141.png 300w, https:\/\/moverdb.com\/wp-content\/uploads\/Atlas-International-moving-company-3-1024x481.png 1024w, https:\/\/moverdb.com\/wp-content\/uploads\/Atlas-International-moving-company-3-18x8.png 18w, https:\/\/moverdb.com\/wp-content\/uploads\/Atlas-International-moving-company-3-600x282.png 600w\" sizes=\"auto, (max-width: 1440px) 100vw, 1440px\" \/><\/p>\n<ul>\n<li>Przeniesienia mi\u0119dzynarodowe<\/li>\n<li>Przeniesienia budynk\u00f3w mieszkalnych<\/li>\n<li>Relokacje przedsi\u0119biorstw<\/li>\n<li>Us\u0142uga \"od drzwi do drzwi\".<\/li>\n<li>Profesjonalna us\u0142uga pakowania<\/li>\n<li>Transport morski i lotniczy<\/li>\n<li>Mo\u017cliwo\u015b\u0107 wyboru wariant\u00f3w pojemnik\u00f3w<\/li>\n<li>Odprawa celna<\/li>\n<li>Plany ochrony<\/li>\n<li>Obiekty magazynowe<\/li>\n<\/ul>\n<p>Atlas International to mi\u0119dzynarodowa firma przeprowadzkowa za\u0142o\u017cona w 1960 roku z siedzib\u0105 w Evansville. Posiada kompleksow\u0105 globaln\u0105 sie\u0107, kt\u00f3ra pomaga jej w \u015bwiadczeniu us\u0142ug przeprowadzkowych na ca\u0142ym \u015bwiecie. Firma jest cz\u0142onkiem IAM z 38-letnim do\u015bwiadczeniem i posiada akredytacj\u0119 FIDI.<\/p>\n<p>Atlas International oferuje bezp\u0142atn\u0105 ankiet\u0119 i wycen\u0119 przeprowadzki. Stworz\u0105 oni spersonalizowany plan przeprowadzki, kt\u00f3ry mo\u017ce zapewni\u0107 pe\u0142n\u0105 obs\u0142ug\u0119 przeprowadzki. Zapewniaj\u0105 us\u0142ug\u0119 przeprowadzki od drzwi do drzwi przy wsparciu mi\u0119dzynarodowych ekspert\u00f3w ds. relokacji. Zapewniaj\u0105 us\u0142ug\u0119 pakowania, kt\u00f3ra chroni Twoje przedmioty, a w przypadku delikatnych przedmiot\u00f3w zostanie zachowana szczeg\u00f3lna ostro\u017cno\u015b\u0107.<\/p>\n<p>Strona internetowa: <a href=\"https:\/\/www.atlasintl.com\/\" target=\"_blank\" rel=\"noopener\">https:\/\/www.atlasintl.com\/<\/a><\/p>\n<h2><span class=\"ez-toc-section\" id=\"2_Atlantic_Relocation_Systems\"><\/span><strong>2. Atlantic Relocation Systems<\/strong><span class=\"ez-toc-section-end\"><\/span><\/h2>\n<p><img loading=\"lazy\" decoding=\"async\" class=\"alignnone size-full wp-image-11262\" src=\"https:\/\/moverdb.com\/wp-content\/uploads\/Atlantic-Relocation-Systems-international-moving-company.png\" alt=\"Atlantic Relocation Systems mi\u0119dzynarodowa firma przeprowadzkowa\" width=\"1440\" height=\"677\" data-wp-pid=\"11262\" srcset=\"https:\/\/moverdb.com\/wp-content\/uploads\/Atlantic-Relocation-Systems-international-moving-company.png 1440w, https:\/\/moverdb.com\/wp-content\/uploads\/Atlantic-Relocation-Systems-international-moving-company-300x141.png 300w, https:\/\/moverdb.com\/wp-content\/uploads\/Atlantic-Relocation-Systems-international-moving-company-1024x481.png 1024w, https:\/\/moverdb.com\/wp-content\/uploads\/Atlantic-Relocation-Systems-international-moving-company-18x8.png 18w, https:\/\/moverdb.com\/wp-content\/uploads\/Atlantic-Relocation-Systems-international-moving-company-600x282.png 600w\" sizes=\"auto, (max-width: 1440px) 100vw, 1440px\" \/><\/p>\n<ul>\n<li>Przeprowadzki lokalne i na du\u017ce odleg\u0142o\u015bci<\/li>\n<li>Przeprowadzki mi\u0119dzynarodowe<\/li>\n<li>Przeprowadzki gospodarstw domowych<\/li>\n<li>Przeprowadzki biurowe<\/li>\n<li>Przydzielony koordynator ds. relokacji<\/li>\n<li>Us\u0142uga pakowania<\/li>\n<li>Fracht drogowy, lotniczy i morski<\/li>\n<li>Wsparcie celne<\/li>\n<li>Obs\u0142uga dzie\u0142a sztuki<\/li>\n<li>Rozwi\u0105zania w zakresie przechowywania<\/li>\n<\/ul>\n<p>Atlantic Relocation Systems to firma przeprowadzkowa oferuj\u0105ca us\u0142ugi przeprowadzek mi\u0119dzynarodowych, kt\u00f3ra zosta\u0142a za\u0142o\u017cona w 1984 roku i posiada 13 lokalizacji, w tym jedn\u0105 w Indianapolis. Jako cz\u0119\u015b\u0107 grupy Atlas Van Lines, firma posiada dost\u0119p do sieci <a href=\"https:\/\/moverdb.com\/pl\/moving-to-the-united-states\/\" data-internallinksmanager029f6b8e52c=\"94\" title=\"Przeprowadzasz si\u0119 do Stan\u00f3w Zjednoczonych? 2026 Koszty \u017cycia i wskaz\u00f3wki dotycz\u0105ce przeprowadzki\">USA<\/a> firmy przeprowadzkowe, a tak\u017ce szersz\u0105 mi\u0119dzynarodow\u0105 sie\u0107, kt\u00f3ra im pomaga. Firma jest cz\u0142onkiem IAM z 35-letnim do\u015bwiadczeniem.<\/p>\n<p>Atlantic Relocation Systems oferuje us\u0142ugi przeprowadzek lokalnych i d\u0142ugodystansowych, w ramach kt\u00f3rych zapewnia bezp\u0142atn\u0105 wycen\u0119 w domu klienta. W przypadku przeprowadzek mi\u0119dzynarodowych firma zapewnia koordynatora ds. przeprowadzek mi\u0119dzynarodowych, kt\u00f3ry zarz\u0105dza ca\u0142ym procesem. Zapewniaj\u0105 kompleksowe us\u0142ugi pakowania, transportu i dokumentacji.<\/p>\n<p>Strona internetowa: <a href=\"http:\/\/www.atlanticrelocation.com\" target=\"_blank\" rel=\"noopener\">http:\/\/www.atlanticrelocation.com<\/a><\/p>\n<h2><span class=\"ez-toc-section\" id=\"3_Reindeer_Auto_Moving\"><\/span><strong>3. Automatyczny ruch renifer\u00f3w<\/strong><span class=\"ez-toc-section-end\"><\/span><\/h2>\n<p><img loading=\"lazy\" decoding=\"async\" class=\"alignnone size-full wp-image-11420\" src=\"https:\/\/moverdb.com\/wp-content\/uploads\/Reindeer-Auto-Relocation-international-moving-company.png\" alt=\"Reindeer Auto Relocation mi\u0119dzynarodowa firma przeprowadzkowa\" width=\"1440\" height=\"662\" data-wp-pid=\"11420\" srcset=\"https:\/\/moverdb.com\/wp-content\/uploads\/Reindeer-Auto-Relocation-international-moving-company.png 1440w, https:\/\/moverdb.com\/wp-content\/uploads\/Reindeer-Auto-Relocation-international-moving-company-300x138.png 300w, https:\/\/moverdb.com\/wp-content\/uploads\/Reindeer-Auto-Relocation-international-moving-company-1024x471.png 1024w, https:\/\/moverdb.com\/wp-content\/uploads\/Reindeer-Auto-Relocation-international-moving-company-18x8.png 18w, https:\/\/moverdb.com\/wp-content\/uploads\/Reindeer-Auto-Relocation-international-moving-company-600x276.png 600w\" sizes=\"auto, (max-width: 1440px) 100vw, 1440px\" \/><\/p>\n<ul>\n<li>Specjalista ds. relokacji pojazd\u00f3w<\/li>\n<li>Przeniesienia krajowe<\/li>\n<li>Przeniesienia mi\u0119dzynarodowe<\/li>\n<li>Indywidualne przeniesienia<\/li>\n<li>Relokacje przedsi\u0119biorstw<\/li>\n<li>Zindywidualizowana obs\u0142uga<\/li>\n<li>Us\u0142uga \"od drzwi do drzwi\".<\/li>\n<li>Bezpieczny transport<\/li>\n<li>Us\u0142uga \u015bledzenia<\/li>\n<li>Ubezpieczenia<\/li>\n<\/ul>\n<p>Reindeer Auto Moving to krajowa i mi\u0119dzynarodowa firma zajmuj\u0105ca si\u0119 relokacj\u0105 i przewozem towar\u00f3w, dzia\u0142aj\u0105ca od 1997 roku z siedzib\u0105 w Zionsville. Posiada rozleg\u0142\u0105 sie\u0107 renomowanych i ubezpieczonych przewo\u017anik\u00f3w, kt\u00f3rzy pomagaj\u0105 im w \u015bwiadczeniu us\u0142ug w kraju i za granic\u0105. Firma jest cz\u0142onkiem IAM z siedmioletnim do\u015bwiadczeniem.<\/p>\n<p>Reindeer Auto Moving oferuje spersonalizowan\u0105 us\u0142ug\u0119 przeprowadzki pojazd\u00f3w w systemie \"od drzwi do drzwi\". Firma odbierze i bezpiecznie dostarczy pojazd do miejsca docelowego, jednocze\u015bnie \u015bledz\u0105c post\u0119py w ca\u0142ym procesie. Oferuj\u0105 gwarantowane daty odbioru i dostawy przy u\u017cyciu otwartych lub zamkni\u0119tych opcji wysy\u0142ki.<\/p>\n<p>Strona internetowa: <a href=\"http:\/\/www.reindeerauto.com\" target=\"_blank\" rel=\"noopener\">http:\/\/www.reindeerauto.com<\/a><\/p>\n<h2><span class=\"ez-toc-section\" id=\"4_Wheaton_World_Wide_Moving\"><\/span><strong>4. Wheaton World Wide Moving<\/strong><span class=\"ez-toc-section-end\"><\/span><\/h2>\n<p><img loading=\"lazy\" decoding=\"async\" class=\"alignnone size-full wp-image-11478\" src=\"https:\/\/moverdb.com\/wp-content\/uploads\/Wheaton-World-Wide-Moving-international-moving-company.png\" alt=\"Wheaton World Wide Moving mi\u0119dzynarodowa firma przeprowadzkowa\" width=\"1440\" height=\"677\" data-wp-pid=\"11478\" srcset=\"https:\/\/moverdb.com\/wp-content\/uploads\/Wheaton-World-Wide-Moving-international-moving-company.png 1440w, https:\/\/moverdb.com\/wp-content\/uploads\/Wheaton-World-Wide-Moving-international-moving-company-300x141.png 300w, https:\/\/moverdb.com\/wp-content\/uploads\/Wheaton-World-Wide-Moving-international-moving-company-1024x481.png 1024w, https:\/\/moverdb.com\/wp-content\/uploads\/Wheaton-World-Wide-Moving-international-moving-company-18x8.png 18w, https:\/\/moverdb.com\/wp-content\/uploads\/Wheaton-World-Wide-Moving-international-moving-company-600x282.png 600w\" sizes=\"auto, (max-width: 1440px) 100vw, 1440px\" \/><\/p>\n<ul>\n<li>Przeprowadzki lokalne i na du\u017ce odleg\u0142o\u015bci<\/li>\n<li>Przeprowadzki mi\u0119dzynarodowe<\/li>\n<li>Przeprowadzki gospodarstw domowych<\/li>\n<li>Przeprowadzki handlowe<\/li>\n<li>Relokacje przedsi\u0119biorstw<\/li>\n<li>Us\u0142ugi pakowania<\/li>\n<li>Organizacja transportu<\/li>\n<li><a href=\"https:\/\/moverdb.com\/pl\/car-transport-shipping\/\" data-internallinksmanager029f6b8e52c=\"2\" title=\"2026 Mi\u0119dzynarodowy transport samochodowy i wyceny wysy\u0142ki pojazd\u00f3w\">Spedycja pojazd\u00f3w<\/a><\/li>\n<li>Plany ochrony<\/li>\n<li>Przechowywanie kr\u00f3tko i d\u0142ugoterminowe<\/li>\n<\/ul>\n<p>Wheaton World Wide Moving to mi\u0119dzynarodowa firma przeprowadzkowa za\u0142o\u017cona w 1945 roku z siedzib\u0105 w Indianapolis. Dzia\u0142a za po\u015brednictwem sieci agent\u00f3w obejmuj\u0105cej ca\u0142e Stany Zjednoczone, kt\u00f3rzy zostali sprawdzeni pod k\u0105tem spe\u0142niania wysokich standard\u00f3w. Firma jest cz\u0142onkiem IAM z 78-letnim do\u015bwiadczeniem.<\/p>\n<p>Wheaton World Wide Moving to kompleksowa firma przeprowadzkowa, kt\u00f3ra przydzieli dedykowanego kierownika przeprowadzki. Zaczyna si\u0119 od oszacowania w domu lub wirtualnie, aby ustali\u0107 wielko\u015b\u0107 przeprowadzki. Firma oferuje us\u0142ug\u0119 pakowania, kt\u00f3ra mo\u017ce dotyczy\u0107 wszystkich przedmiot\u00f3w lub tylko przedmiot\u00f3w kruchych i delikatnych.<\/p>\n<p>Strona internetowa: <a href=\"http:\/\/www.wheatonworldwide.com\" target=\"_blank\" rel=\"noopener\">http:\/\/www.wheatonworldwide.com<\/a><\/p>\n<h2><span class=\"ez-toc-section\" id=\"5_Wickman_Worldwide_Services\"><\/span><strong>5. Wickman Worldwide Services<\/strong><span class=\"ez-toc-section-end\"><\/span><\/h2>\n<p><img loading=\"lazy\" decoding=\"async\" class=\"alignnone size-full wp-image-11479\" src=\"https:\/\/moverdb.com\/wp-content\/uploads\/Wickman-Worldwide-Services-international-moving-company.png\" alt=\"Wickman Worldwide Services mi\u0119dzynarodowa firma przeprowadzkowa\" width=\"1440\" height=\"675\" data-wp-pid=\"11479\" srcset=\"https:\/\/moverdb.com\/wp-content\/uploads\/Wickman-Worldwide-Services-international-moving-company.png 1440w, https:\/\/moverdb.com\/wp-content\/uploads\/Wickman-Worldwide-Services-international-moving-company-300x141.png 300w, https:\/\/moverdb.com\/wp-content\/uploads\/Wickman-Worldwide-Services-international-moving-company-1024x480.png 1024w, https:\/\/moverdb.com\/wp-content\/uploads\/Wickman-Worldwide-Services-international-moving-company-18x8.png 18w, https:\/\/moverdb.com\/wp-content\/uploads\/Wickman-Worldwide-Services-international-moving-company-600x281.png 600w\" sizes=\"auto, (max-width: 1440px) 100vw, 1440px\" \/><\/p>\n<ul>\n<li>Przeprowadzki mi\u0119dzynarodowe<\/li>\n<li>Przeprowadzki gospodarstw domowych<\/li>\n<li>Badanie przed przeprowadzk\u0105<\/li>\n<li>Profesjonalna us\u0142uga pakowania<\/li>\n<li>Transport samochodowy, kolejowy, morski i lotniczy<\/li>\n<li>Odprawa celna<\/li>\n<li>Spedycja pojazd\u00f3w<\/li>\n<li>Us\u0142ugi innych firm jako opcjonalne dodatki<\/li>\n<li>Ubezpieczenia<\/li>\n<li>Bezpieczne przechowywanie<\/li>\n<\/ul>\n<p>Wickman Worldwide Services to mi\u0119dzynarodowa firma zajmuj\u0105ca si\u0119 przeprowadzkami i transportem. <a href=\"https:\/\/moverdb.com\/pl\/shipping-companies\/\" data-internallinksmanager029f6b8e52c=\"4\" title=\"10 najlepszych firm zajmuj\u0105cych si\u0119 mi\u0119dzynarodow\u0105 \u017ceglug\u0105 kontenerow\u0105\">przedsi\u0119biorstwo spedycyjne<\/a> za\u0142o\u017cona w 1997 roku z siedzib\u0105 w Indianapolis. Posiada sie\u0107 agencji, kt\u00f3ra obejmuje ponad 150 kraj\u00f3w, aby pom\u00f3c im w przeprowadzkach na ca\u0142ym \u015bwiecie. Firma jest cz\u0142onkiem IAM z 26-letnim do\u015bwiadczeniem.<\/p>\n<p>Wickman Worldwide Services oferuje ankiet\u0119 przed przeprowadzk\u0105, aby dokona\u0107 szczeg\u00f3\u0142owej oceny w celu ustalenia wymaga\u0144 i stworzenia indywidualnej wyceny. Oferuje profesjonaln\u0105 us\u0142ug\u0119 pakowania z wykwalifikowanymi i ubezpieczonymi pracownikami, kt\u00f3rzy bezpiecznie zapakuj\u0105 rzeczy do przeprowadzki. Zorganizuj\u0105 transport ci\u0119\u017car\u00f3wk\u0105, kolej\u0105, drog\u0105 morsk\u0105 lub lotnicz\u0105 z odpraw\u0105 celn\u0105, a po przybyciu na miejsce rozpakuj\u0105 i zmontuj\u0105 meble.<\/p>\n<p>Strona internetowa: <a href=\"http:\/\/wickmanworldwide.com\" target=\"_blank\" rel=\"noopener\">http:\/\/wickmanworldwide.com<\/a><\/p>","protected":false},"excerpt":{"rendered":"<p>Moving can be a stressful time with so many things to juggle. This is why many people enlist the help of a moving company as they can manage the move, pack, transport your belongings and sort out customs processes if moving internationally. Below we have compiled a list of Indiana based removal companies that are [&hellip;]<\/p>\n","protected":false},"author":4,"featured_media":11263,"parent":190,"menu_order":0,"comment_status":"closed","ping_status":"closed","template":"","meta":{"_genesis_hide_title":false,"_genesis_hide_breadcrumbs":false,"_genesis_hide_singular_image":false,"_genesis_hide_footer_widgets":false,"_genesis_custom_body_class":"","_genesis_custom_post_class":"","_genesis_layout":"","footnotes":""},"class_list":{"0":"post-11600","1":"page","2":"type-page","3":"status-publish","4":"has-post-thumbnail","6":"entry"},"_links":{"self":[{"href":"https:\/\/moverdb.com\/pl\/wp-json\/wp\/v2\/pages\/11600","targetHints":{"allow":["GET"]}}],"collection":[{"href":"https:\/\/moverdb.com\/pl\/wp-json\/wp\/v2\/pages"}],"about":[{"href":"https:\/\/moverdb.com\/pl\/wp-json\/wp\/v2\/types\/page"}],"author":[{"embeddable":true,"href":"https:\/\/moverdb.com\/pl\/wp-json\/wp\/v2\/users\/4"}],"replies":[{"embeddable":true,"href":"https:\/\/moverdb.com\/pl\/wp-json\/wp\/v2\/comments?post=11600"}],"version-history":[{"count":1,"href":"https:\/\/moverdb.com\/pl\/wp-json\/wp\/v2\/pages\/11600\/revisions"}],"predecessor-version":[{"id":11601,"href":"https:\/\/moverdb.com\/pl\/wp-json\/wp\/v2\/pages\/11600\/revisions\/11601"}],"up":[{"embeddable":true,"href":"https:\/\/moverdb.com\/pl\/wp-json\/wp\/v2\/pages\/190"}],"wp:featuredmedia":[{"embeddable":true,"href":"https:\/\/moverdb.com\/pl\/wp-json\/wp\/v2\/media\/11263"}],"wp:attachment":[{"href":"https:\/\/moverdb.com\/pl\/wp-json\/wp\/v2\/media?parent=11600"}],"curies":[{"name":"wp","href":"https:\/\/api.w.org\/{rel}","templated":true}]}}