{"id":11571,"date":"2023-11-29T10:40:47","date_gmt":"2023-11-29T10:40:47","guid":{"rendered":"https:\/\/moverdb.com\/?page_id=11571"},"modified":"2026-01-08T15:24:44","modified_gmt":"2026-01-08T15:24:44","slug":"moving-companies-us-hawaii","status":"publish","type":"page","link":"https:\/\/moverdb.com\/pl\/moving-companies\/moving-companies-us-hawaii\/","title":{"rendered":"4 najlepsze firmy przeprowadzkowe na Hawajach"},"content":{"rendered":"<p>Czy planujesz przeprowadzk\u0119 w obr\u0119bie, do lub z <a href=\"https:\/\/moverdb.com\/pl\/moving-to-the-united-states\/moving-to-hawaii\/\" data-internallinksmanager029f6b8e52c=\"403\" title=\"Przeprowadzka na Hawaje? Koszty \u017cycia i wskaz\u00f3wki dotycz\u0105ce relokacji w 2023 r.\">Hawaje<\/a>? Uzyskanie <a href=\"https:\/\/moverdb.com\/pl\/moving-companies\/\" data-internallinksmanager029f6b8e52c=\"79\" title=\"25 najlepszych firm przeprowadzek mi\u0119dzynarodowych online\">przedsi\u0119biorstwo przeprowadzkowe<\/a> Pomoc w organizacji, pakowaniu, transporcie i odprawie celnej mo\u017ce u\u0142atwi\u0107 przeprowadzk\u0119. Poni\u017cej przedstawiamy list\u0119 Hawajczyk\u00f3w <a href=\"https:\/\/moverdb.com\/pl\/international-removals\/\" data-internallinksmanager029f6b8e52c=\"27\" title=\"36 najlepszych firm zajmuj\u0105cych si\u0119 przeprowadzkami mi\u0119dzynarodowymi w Wielkiej Brytanii\">przedsi\u0119biorstwa przeprowadzkowe<\/a> kt\u00f3re s\u0105 cz\u0142onkami <a href=\"https:\/\/moverdb.com\/pl\/iam\/\" data-internallinksmanager029f6b8e52c=\"23\" title=\"Mi\u0119dzynarodowe Stowarzyszenie Przewo\u017anik\u00f3w (IAM) - obja\u015bnienia\">Mi\u0119dzynarodowe Stowarzyszenie Przewo\u017anik\u00f3w<\/a> (IAM) i\/lub <a href=\"https:\/\/moverdb.com\/pl\/fidi-faim\/\" data-internallinksmanager029f6b8e52c=\"16\" title=\"FIDI i FAIM (FIDI Accredited International Mover) - obja\u015bnienia\">FIDI<\/a> Accredited International Mover (FAIM), kt\u00f3ra mo\u017ce pom\u00f3c Ci w przeprowadzce.<\/p>\n<div id=\"ez-toc-container\" class=\"ez-toc-v2_0_82_2 ez-toc-wrap-left counter-hierarchy ez-toc-counter ez-toc-transparent ez-toc-container-direction\">\n<div class=\"ez-toc-title-container\">\n<p class=\"ez-toc-title\" style=\"cursor:inherit\">Sekcje<\/p>\n<span class=\"ez-toc-title-toggle\"><a href=\"#\" class=\"ez-toc-pull-right ez-toc-btn ez-toc-btn-xs ez-toc-btn-default ez-toc-toggle\" aria-label=\"Prze\u0142\u0105cznik Spisu Tre\u015bci\"><span class=\"ez-toc-js-icon-con\"><span class=\"\"><span class=\"eztoc-hide\" style=\"display:none;\">Toggle<\/span><span class=\"ez-toc-icon-toggle-span\"><svg style=\"fill: #999;color:#999\" xmlns=\"http:\/\/www.w3.org\/2000\/svg\" class=\"list-377408\" width=\"20px\" height=\"20px\" viewbox=\"0 0 24 24\" fill=\"none\"><path d=\"M6 6H4v2h2V6zm14 0H8v2h12V6zM4 11h2v2H4v-2zm16 0H8v2h12v-2zM4 16h2v2H4v-2zm16 0H8v2h12v-2z\" fill=\"currentColor\"><\/path><\/svg><svg style=\"fill: #999;color:#999\" class=\"arrow-unsorted-368013\" xmlns=\"http:\/\/www.w3.org\/2000\/svg\" width=\"10px\" height=\"10px\" viewbox=\"0 0 24 24\" version=\"1.2\" baseprofile=\"tiny\"><path d=\"M18.2 9.3l-6.2-6.3-6.2 6.3c-.2.2-.3.4-.3.7s.1.5.3.7c.2.2.4.3.7.3h11c.3 0 .5-.1.7-.3.2-.2.3-.5.3-.7s-.1-.5-.3-.7zM5.8 14.7l6.2 6.3 6.2-6.3c.2-.2.3-.5.3-.7s-.1-.5-.3-.7c-.2-.2-.4-.3-.7-.3h-11c-.3 0-.5.1-.7.3-.2.2-.3.5-.3.7s.1.5.3.7z\"\/><\/svg><\/span><\/span><\/span><\/a><\/span><\/div>\n<nav><ul class='ez-toc-list ez-toc-list-level-1 eztoc-toggle-hide-by-default' ><li class='ez-toc-page-1 ez-toc-heading-level-2'><a class=\"ez-toc-link ez-toc-heading-1\" href=\"https:\/\/moverdb.com\/pl\/moving-companies\/moving-companies-us-hawaii\/#1_Aloha_International_Moving_Services\" >1. Aloha International Moving Services<\/a><\/li><li class='ez-toc-page-1 ez-toc-heading-level-2'><a class=\"ez-toc-link ez-toc-heading-2\" href=\"https:\/\/moverdb.com\/pl\/moving-companies\/moving-companies-us-hawaii\/#2_Crown_World_Mobility\" >2. Crown World Mobility<\/a><\/li><li class='ez-toc-page-1 ez-toc-heading-level-2'><a class=\"ez-toc-link ez-toc-heading-3\" href=\"https:\/\/moverdb.com\/pl\/moving-companies\/moving-companies-us-hawaii\/#3_M_Dyer_Global\" >3. M Dyer Global<\/a><\/li><li class='ez-toc-page-1 ez-toc-heading-level-2'><a class=\"ez-toc-link ez-toc-heading-4\" href=\"https:\/\/moverdb.com\/pl\/moving-companies\/moving-companies-us-hawaii\/#4_Royal_Hawaiian_Movers\" >4. Royal Hawaiian Movers<\/a><\/li><\/ul><\/nav><\/div>\n<h2><span class=\"ez-toc-section\" id=\"1_Aloha_International_Moving_Services\"><\/span><strong>1. Aloha International Moving Services<\/strong><span class=\"ez-toc-section-end\"><\/span><\/h2>\n<p><img loading=\"lazy\" decoding=\"async\" class=\"alignnone size-full wp-image-11253\" src=\"https:\/\/moverdb.com\/wp-content\/uploads\/Aloha-International-Moving-Services-company.png\" alt=\"Aloha International Moving Services sp\u00f3\u0142ka z ograniczon\u0105 odpowiedzialno\u015bci\u0105\" width=\"1440\" height=\"677\" data-wp-pid=\"11253\" srcset=\"https:\/\/moverdb.com\/wp-content\/uploads\/Aloha-International-Moving-Services-company.png 1440w, https:\/\/moverdb.com\/wp-content\/uploads\/Aloha-International-Moving-Services-company-300x141.png 300w, https:\/\/moverdb.com\/wp-content\/uploads\/Aloha-International-Moving-Services-company-1024x481.png 1024w, https:\/\/moverdb.com\/wp-content\/uploads\/Aloha-International-Moving-Services-company-18x8.png 18w, https:\/\/moverdb.com\/wp-content\/uploads\/Aloha-International-Moving-Services-company-600x282.png 600w\" sizes=\"auto, (max-width: 1440px) 100vw, 1440px\" \/><\/p>\n<ul>\n<li>Przeprowadzki lokalne<\/li>\n<li>Przeprowadzki mi\u0119dzynarodowe<\/li>\n<li>Przeprowadzki mieszkaniowe<\/li>\n<li>Przeprowadzki biur i firm<\/li>\n<li>Us\u0142uga pakowania<\/li>\n<li>Opcja samodzielnego pakowania<\/li>\n<li>Inwentaryzacja rzeczy<\/li>\n<li>Us\u0142ugi kraterowania<\/li>\n<li>Organizacja transportu<\/li>\n<li>Bezpieczne przechowywanie kr\u00f3tko- i d\u0142ugoterminowe<\/li>\n<\/ul>\n<p>Aloha International Moving Services to hawajska firma przeprowadzkowa z siedzib\u0105 w Kapolei. Jest cz\u0142onkiem IAM z 28-letnim do\u015bwiadczeniem, co daje jej dost\u0119p do mi\u0119dzynarodowej sieci firm przeprowadzkowych, kt\u00f3re wspieraj\u0105 j\u0105 w przeprowadzkach na ca\u0142ym \u015bwiecie.<\/p>\n<p>Aloha International Moving Services oferuje us\u0142ugi przeprowadzek lokalnych, mi\u0119dzy wyspami i na kontynent. <a href=\"https:\/\/moverdb.com\/pl\/moving-to-the-united-states\/\" data-internallinksmanager029f6b8e52c=\"94\" title=\"Przeprowadzasz si\u0119 do Stan\u00f3w Zjednoczonych? 2026 Koszty \u017cycia i wskaz\u00f3wki dotycz\u0105ce przeprowadzki\">USA<\/a> i mi\u0119dzynarodowych dla klient\u00f3w indywidualnych i biznesowych. Zapewniaj\u0105 wyb\u00f3r us\u0142ug pakowania, kt\u00f3re obejmuj\u0105 kompletn\u0105 us\u0142ug\u0119 pakowania lub w\u0142asne pakowanie z dostarczonymi pude\u0142kami. Us\u0142uga pakowania obejmuje pakowanie, demonta\u017c i ponowny monta\u017c mebli oraz rozpakowywanie, a tak\u017ce inwentaryzacj\u0119 rzeczy.<\/p>\n<p>Strona internetowa: <a href=\"http:\/\/www.hawaiimovers.com\" target=\"_blank\" rel=\"noopener\">http:\/\/www.hawaiimovers.com<\/a><\/p>\n<h2><span class=\"ez-toc-section\" id=\"2_Crown_World_Mobility\"><\/span><strong>2. Crown World Mobility<\/strong><span class=\"ez-toc-section-end\"><\/span><\/h2>\n<p><img loading=\"lazy\" decoding=\"async\" class=\"alignnone size-full wp-image-11299\" src=\"https:\/\/moverdb.com\/wp-content\/uploads\/Crown-World-Mobility-international-moving-company.png\" alt=\"Crown World Mobility mi\u0119dzynarodowa firma przeprowadzkowa\" width=\"1440\" height=\"675\" data-wp-pid=\"11299\" srcset=\"https:\/\/moverdb.com\/wp-content\/uploads\/Crown-World-Mobility-international-moving-company.png 1440w, https:\/\/moverdb.com\/wp-content\/uploads\/Crown-World-Mobility-international-moving-company-300x141.png 300w, https:\/\/moverdb.com\/wp-content\/uploads\/Crown-World-Mobility-international-moving-company-1024x480.png 1024w, https:\/\/moverdb.com\/wp-content\/uploads\/Crown-World-Mobility-international-moving-company-18x8.png 18w, https:\/\/moverdb.com\/wp-content\/uploads\/Crown-World-Mobility-international-moving-company-600x281.png 600w\" sizes=\"auto, (max-width: 1440px) 100vw, 1440px\" \/><\/p>\n<ul>\n<li>Przeprowadzki lokalne<\/li>\n<li>Przeprowadzki mi\u0119dzynarodowe<\/li>\n<li>Relokacje pracownik\u00f3w<\/li>\n<li>Wsparcie przed planowaniem<\/li>\n<li>Kompleksowa obs\u0142uga<\/li>\n<li>Opcje samoobs\u0142ugi<\/li>\n<li>Us\u0142ugi poszukiwania domu<\/li>\n<li>Wsparcie imigracyjne<\/li>\n<li>Wizy i zezwolenia<\/li>\n<li>Urz\u0105dzenia \u015bledz\u0105ce<\/li>\n<\/ul>\n<p>Crown World Mobility to mi\u0119dzynarodowa firma przeprowadzkowa z siedzib\u0105 w Mililani na Hawajach, posiadaj\u0105ca 79 biur na ca\u0142ym \u015bwiecie. Posiada szereg oddzia\u0142\u00f3w zajmuj\u0105cych si\u0119 r\u00f3\u017cnymi aspektami przeprowadzek i logistyki. Firma posiada starannie zarz\u0105dzan\u0105 sie\u0107 dostawc\u00f3w. Jest cz\u0142onkiem IAM z 44-letnim do\u015bwiadczeniem.<\/p>\n<p>Crown World Mobility specjalizuje si\u0119 we wspieraniu firm w zakresie us\u0142ug mobilno\u015bci dla ich pracownik\u00f3w. Zapewnia dog\u0142\u0119bne doradztwo i projektowanie program\u00f3w, aby pom\u00f3c firmom przy wsparciu ich zespo\u0142\u00f3w ds. mobilno\u015bci we wdra\u017caniu plan\u00f3w w \u017cycie. Mog\u0105 r\u00f3wnie\u017c pom\u00f3c w us\u0142ugach imigracyjnych i znalezieniu domu.<\/p>\n<p>Strona internetowa: <a href=\"https:\/\/www.crownworldmobility.com\/en-us\" target=\"_blank\" rel=\"noopener\">https:\/\/www.crownworldmobility.com\/en-us<\/a><\/p>\n<h2><span class=\"ez-toc-section\" id=\"3_M_Dyer_Global\"><\/span><strong>3. M Dyer Global<\/strong><span class=\"ez-toc-section-end\"><\/span><\/h2>\n<p><img loading=\"lazy\" decoding=\"async\" class=\"alignnone size-full wp-image-11368\" src=\"https:\/\/moverdb.com\/wp-content\/uploads\/M-Dyer-Global-international-moving-company.png\" alt=\"M Dyer Globalna mi\u0119dzynarodowa firma przeprowadzkowa\" width=\"1440\" height=\"680\" data-wp-pid=\"11368\" srcset=\"https:\/\/moverdb.com\/wp-content\/uploads\/M-Dyer-Global-international-moving-company.png 1440w, https:\/\/moverdb.com\/wp-content\/uploads\/M-Dyer-Global-international-moving-company-300x142.png 300w, https:\/\/moverdb.com\/wp-content\/uploads\/M-Dyer-Global-international-moving-company-1024x484.png 1024w, https:\/\/moverdb.com\/wp-content\/uploads\/M-Dyer-Global-international-moving-company-18x9.png 18w, https:\/\/moverdb.com\/wp-content\/uploads\/M-Dyer-Global-international-moving-company-600x283.png 600w\" sizes=\"auto, (max-width: 1440px) 100vw, 1440px\" \/><\/p>\n<ul>\n<li>Przeprowadzki lokalne i mi\u0119dzy wyspami<\/li>\n<li>Przeprowadzki mi\u0119dzynarodowe<\/li>\n<li>Przemieszczenia gospodarstw domowych<\/li>\n<li>Relokacje biurowe i przemys\u0142owe<\/li>\n<li>Us\u0142uga pakowania<\/li>\n<li>Transport samochodowy, lotniczy i morski<\/li>\n<li>Mo\u017cliwo\u015b\u0107 wyboru wariant\u00f3w pojemnik\u00f3w<\/li>\n<li>Odprawa celna<\/li>\n<li>Ubezpieczenia<\/li>\n<li>Przechowywanie kr\u00f3tko i d\u0142ugoterminowe<\/li>\n<\/ul>\n<p>M Dyer Global to firma zajmuj\u0105ca si\u0119 relokacj\u0105, magazynowaniem i logistyk\u0105, za\u0142o\u017cona w 1958 roku w Honolulu. Wsp\u00f3\u0142pracuje z ponad 500 wysokiej jako\u015bci agentami na ca\u0142ym \u015bwiecie, z kt\u00f3rymi wsp\u00f3\u0142pracuje, aby \u015bwiadczy\u0107 swoje us\u0142ugi na arenie mi\u0119dzynarodowej. Jest cz\u0142onkiem IAM z 55-letnim do\u015bwiadczeniem i posiada akredytacj\u0119 FIDI.<\/p>\n<p>M Dyer Global oferuje wst\u0119pn\u0105 ankiet\u0119, aby oceni\u0107 wymagania dotycz\u0105ce przeprowadzki i przedstawi\u0107 wycen\u0119. Zapewnia profesjonaln\u0105 us\u0142ug\u0119 pakowania z przeszkolonymi pakowaczami, kt\u00f3rzy bezpiecznie zapakuj\u0105 i zapakuj\u0105 rzeczy do transportu. Firma zorganizuje transport drog\u0105 l\u0105dow\u0105, powietrzn\u0105 i morsk\u0105 z wyborem pe\u0142nych i mniej ni\u017c pe\u0142nych \u0142adunk\u00f3w kontenerowych.<\/p>\n<p>Strona internetowa: <a href=\"https:\/\/www.mdyerglobal.com\/\" target=\"_blank\" rel=\"noopener\">https:\/\/www.mdyerglobal.com\/<\/a><\/p>\n<h2><span class=\"ez-toc-section\" id=\"4_Royal_Hawaiian_Movers\"><\/span><strong>4. Royal Hawaiian Movers<\/strong><span class=\"ez-toc-section-end\"><\/span><\/h2>\n<p><img loading=\"lazy\" decoding=\"async\" class=\"alignnone size-full wp-image-11429\" src=\"https:\/\/moverdb.com\/wp-content\/uploads\/Royal-Hawaiian-Movers-international-moving-company.png\" alt=\"Royal Hawaiian Movers mi\u0119dzynarodowa firma przeprowadzkowa\" width=\"1440\" height=\"683\" data-wp-pid=\"11429\" srcset=\"https:\/\/moverdb.com\/wp-content\/uploads\/Royal-Hawaiian-Movers-international-moving-company.png 1440w, https:\/\/moverdb.com\/wp-content\/uploads\/Royal-Hawaiian-Movers-international-moving-company-300x142.png 300w, https:\/\/moverdb.com\/wp-content\/uploads\/Royal-Hawaiian-Movers-international-moving-company-1024x486.png 1024w, https:\/\/moverdb.com\/wp-content\/uploads\/Royal-Hawaiian-Movers-international-moving-company-18x9.png 18w, https:\/\/moverdb.com\/wp-content\/uploads\/Royal-Hawaiian-Movers-international-moving-company-600x285.png 600w\" sizes=\"auto, (max-width: 1440px) 100vw, 1440px\" \/><\/p>\n<ul>\n<li>Przeprowadzki lokalne i mi\u0119dzy wyspami<\/li>\n<li>Przeprowadzki mi\u0119dzynarodowe<\/li>\n<li>Przeprowadzki mieszkaniowe<\/li>\n<li>Przeprowadzki firm<\/li>\n<li>Relokacje pracownik\u00f3w<\/li>\n<li>Zindywidualizowana obs\u0142uga<\/li>\n<li>Us\u0142uga pakowania<\/li>\n<li>Organizacja transportu<\/li>\n<li>Transport pojazd\u00f3w<\/li>\n<li>Obiekty magazynowe<\/li>\n<\/ul>\n<p>Royal Hawaiian Movers to firma transportowa i przeprowadzkowa za\u0142o\u017cona w 1982 roku, obecna na wszystkich czterech wyspach hawajskich. Jest cz\u0119\u015bci\u0105 grupy DeWitt Companies, co daje jej dost\u0119p do szerszej sieci firm przeprowadzkowych. Firma jest cz\u0142onkiem IAM z 41-letnim do\u015bwiadczeniem.<\/p>\n<p>Royal Hawaiian Movers oferuje spersonalizowan\u0105 us\u0142ug\u0119 z wirtualn\u0105 lub osobist\u0105 ankiet\u0105 w celu oceny wymaga\u0144 dotycz\u0105cych przeprowadzki i zapewnienia niestandardowej wyceny dostosowanej do potrzeb i bud\u017cetu. Przeprowadzka obejmuje pakowanie i rozpakowywanie, demonta\u017c i ponowny monta\u017c mebli oraz transport rzeczy do miejsca docelowego.<\/p>\n<p>Strona internetowa: <a href=\"http:\/\/royalhawaiianmovers.com\/\" target=\"_blank\" rel=\"noopener\">http:\/\/royalhawaiianmovers.com\/<\/a><\/p>","protected":false},"excerpt":{"rendered":"<p>Are you planning on moving within, to or from Hawaii? Getting a moving company to assist you with organisation, packing, transportation and customs arrangements can aid you in making the move easier. Below we have compiled a list of Hawaiian removal companies that are members of the International Association of Movers (IAM) and\/or FIDI Accredited [&hellip;]<\/p>\n","protected":false},"author":4,"featured_media":11253,"parent":190,"menu_order":0,"comment_status":"closed","ping_status":"closed","template":"","meta":{"_genesis_hide_title":false,"_genesis_hide_breadcrumbs":false,"_genesis_hide_singular_image":false,"_genesis_hide_footer_widgets":false,"_genesis_custom_body_class":"","_genesis_custom_post_class":"","_genesis_layout":"","footnotes":""},"class_list":{"0":"post-11571","1":"page","2":"type-page","3":"status-publish","4":"has-post-thumbnail","6":"entry"},"_links":{"self":[{"href":"https:\/\/moverdb.com\/pl\/wp-json\/wp\/v2\/pages\/11571","targetHints":{"allow":["GET"]}}],"collection":[{"href":"https:\/\/moverdb.com\/pl\/wp-json\/wp\/v2\/pages"}],"about":[{"href":"https:\/\/moverdb.com\/pl\/wp-json\/wp\/v2\/types\/page"}],"author":[{"embeddable":true,"href":"https:\/\/moverdb.com\/pl\/wp-json\/wp\/v2\/users\/4"}],"replies":[{"embeddable":true,"href":"https:\/\/moverdb.com\/pl\/wp-json\/wp\/v2\/comments?post=11571"}],"version-history":[{"count":1,"href":"https:\/\/moverdb.com\/pl\/wp-json\/wp\/v2\/pages\/11571\/revisions"}],"predecessor-version":[{"id":11573,"href":"https:\/\/moverdb.com\/pl\/wp-json\/wp\/v2\/pages\/11571\/revisions\/11573"}],"up":[{"embeddable":true,"href":"https:\/\/moverdb.com\/pl\/wp-json\/wp\/v2\/pages\/190"}],"wp:featuredmedia":[{"embeddable":true,"href":"https:\/\/moverdb.com\/pl\/wp-json\/wp\/v2\/media\/11253"}],"wp:attachment":[{"href":"https:\/\/moverdb.com\/pl\/wp-json\/wp\/v2\/media?parent=11571"}],"curies":[{"name":"wp","href":"https:\/\/api.w.org\/{rel}","templated":true}]}}