{"id":11566,"date":"2023-11-29T10:45:44","date_gmt":"2023-11-29T10:45:44","guid":{"rendered":"https:\/\/moverdb.com\/?page_id=11566"},"modified":"2026-01-08T15:25:07","modified_gmt":"2026-01-08T15:25:07","slug":"moving-companies-us-georgia","status":"publish","type":"page","link":"https:\/\/moverdb.com\/pl\/moving-companies\/moving-companies-us-georgia\/","title":{"rendered":"5 najlepszych mi\u0119dzynarodowych firm przeprowadzkowych w Gruzji"},"content":{"rendered":"<p>Podczas przeprowadzki jest wiele do zrobienia, takich jak planowanie i organizowanie przeprowadzki, wyb\u00f3r dostawcy us\u0142ug transportowych i pakowanie rzeczy, a je\u015bli przeprowadzasz si\u0119 za granic\u0119, r\u00f3wnie\u017c obs\u0142uga celna. Wiele z tych czynno\u015bci mo\u017ce zosta\u0107 wykonanych przez <a href=\"https:\/\/moverdb.com\/pl\/moving-companies\/\" data-internallinksmanager029f6b8e52c=\"79\" title=\"25 najlepszych firm przeprowadzek mi\u0119dzynarodowych online\">przedsi\u0119biorstwo przeprowadzkowe<\/a>. Poni\u017cej przedstawiamy list\u0119 <a href=\"https:\/\/moverdb.com\/pl\/moving-to-the-united-states\/moving-to-georgia\/\" data-internallinksmanager029f6b8e52c=\"402\" title=\"Przeprowadzka do Gruzji? 2026 Koszty utrzymania i porady dotycz\u0105ce przeprowadzki\">Georgia<\/a> na stronie <a href=\"https:\/\/moverdb.com\/pl\/international-removals\/\" data-internallinksmanager029f6b8e52c=\"27\" title=\"36 najlepszych firm zajmuj\u0105cych si\u0119 przeprowadzkami mi\u0119dzynarodowymi w Wielkiej Brytanii\">przedsi\u0119biorstwa przeprowadzkowe<\/a> kt\u00f3re s\u0105 cz\u0142onkami <a href=\"https:\/\/moverdb.com\/pl\/iam\/\" data-internallinksmanager029f6b8e52c=\"23\" title=\"Mi\u0119dzynarodowe Stowarzyszenie Przewo\u017anik\u00f3w (IAM) - obja\u015bnienia\">Mi\u0119dzynarodowe Stowarzyszenie Przewo\u017anik\u00f3w<\/a> (IAM) i\/lub <a href=\"https:\/\/moverdb.com\/pl\/fidi-faim\/\" data-internallinksmanager029f6b8e52c=\"16\" title=\"FIDI i FAIM (FIDI Accredited International Mover) - obja\u015bnienia\">FIDI<\/a> Accredited International Mover (FAIM), kt\u00f3ra mo\u017ce pom\u00f3c Ci w przeprowadzce.<\/p>\n<div id=\"ez-toc-container\" class=\"ez-toc-v2_0_82_2 ez-toc-wrap-left counter-hierarchy ez-toc-counter ez-toc-transparent ez-toc-container-direction\">\n<div class=\"ez-toc-title-container\">\n<p class=\"ez-toc-title\" style=\"cursor:inherit\">Sekcje<\/p>\n<span class=\"ez-toc-title-toggle\"><a href=\"#\" class=\"ez-toc-pull-right ez-toc-btn ez-toc-btn-xs ez-toc-btn-default ez-toc-toggle\" aria-label=\"Prze\u0142\u0105cznik Spisu Tre\u015bci\"><span class=\"ez-toc-js-icon-con\"><span class=\"\"><span class=\"eztoc-hide\" style=\"display:none;\">Toggle<\/span><span class=\"ez-toc-icon-toggle-span\"><svg style=\"fill: #999;color:#999\" xmlns=\"http:\/\/www.w3.org\/2000\/svg\" class=\"list-377408\" width=\"20px\" height=\"20px\" viewbox=\"0 0 24 24\" fill=\"none\"><path d=\"M6 6H4v2h2V6zm14 0H8v2h12V6zM4 11h2v2H4v-2zm16 0H8v2h12v-2zM4 16h2v2H4v-2zm16 0H8v2h12v-2z\" fill=\"currentColor\"><\/path><\/svg><svg style=\"fill: #999;color:#999\" class=\"arrow-unsorted-368013\" xmlns=\"http:\/\/www.w3.org\/2000\/svg\" width=\"10px\" height=\"10px\" viewbox=\"0 0 24 24\" version=\"1.2\" baseprofile=\"tiny\"><path d=\"M18.2 9.3l-6.2-6.3-6.2 6.3c-.2.2-.3.4-.3.7s.1.5.3.7c.2.2.4.3.7.3h11c.3 0 .5-.1.7-.3.2-.2.3-.5.3-.7s-.1-.5-.3-.7zM5.8 14.7l6.2 6.3 6.2-6.3c.2-.2.3-.5.3-.7s-.1-.5-.3-.7c-.2-.2-.4-.3-.7-.3h-11c-.3 0-.5.1-.7.3-.2.2-.3.5-.3.7s.1.5.3.7z\"\/><\/svg><\/span><\/span><\/span><\/a><\/span><\/div>\n<nav><ul class='ez-toc-list ez-toc-list-level-1 eztoc-toggle-hide-by-default' ><li class='ez-toc-page-1 ez-toc-heading-level-2'><a class=\"ez-toc-link ez-toc-heading-1\" href=\"https:\/\/moverdb.com\/pl\/moving-companies\/moving-companies-us-georgia\/#1_A1_Freeman_Moving_Group\" >1. A1 Freeman Moving Group<\/a><\/li><li class='ez-toc-page-1 ez-toc-heading-level-2'><a class=\"ez-toc-link ez-toc-heading-2\" href=\"https:\/\/moverdb.com\/pl\/moving-companies\/moving-companies-us-georgia\/#2_Atlantic_Relocation_Systems\" >2. Atlantic Relocation Systems<\/a><\/li><li class='ez-toc-page-1 ez-toc-heading-level-2'><a class=\"ez-toc-link ez-toc-heading-3\" href=\"https:\/\/moverdb.com\/pl\/moving-companies\/moving-companies-us-georgia\/#3_Armstrong\" >3. Armstrong<\/a><\/li><li class='ez-toc-page-1 ez-toc-heading-level-2'><a class=\"ez-toc-link ez-toc-heading-4\" href=\"https:\/\/moverdb.com\/pl\/moving-companies\/moving-companies-us-georgia\/#4_Beltmann_Moving_Storage\" >4. Beltmann Moving &amp; Storage<\/a><\/li><li class='ez-toc-page-1 ez-toc-heading-level-2'><a class=\"ez-toc-link ez-toc-heading-5\" href=\"https:\/\/moverdb.com\/pl\/moving-companies\/moving-companies-us-georgia\/#5_Hilldrup\" >5. Hilldrup<\/a><\/li><\/ul><\/nav><\/div>\n<h2><span class=\"ez-toc-section\" id=\"1_A1_Freeman_Moving_Group\"><\/span><strong>1. A1 Freeman Moving Group<\/strong><span class=\"ez-toc-section-end\"><\/span><\/h2>\n<p><img loading=\"lazy\" decoding=\"async\" class=\"alignnone size-full wp-image-11236\" src=\"https:\/\/moverdb.com\/wp-content\/uploads\/A1-Freeman-Moving-Group-international-moving-company.png\" alt=\"A1 Freeman Moving Group mi\u0119dzynarodowa firma przeprowadzkowa\" width=\"1440\" height=\"675\" data-wp-pid=\"11236\" srcset=\"https:\/\/moverdb.com\/wp-content\/uploads\/A1-Freeman-Moving-Group-international-moving-company.png 1440w, https:\/\/moverdb.com\/wp-content\/uploads\/A1-Freeman-Moving-Group-international-moving-company-300x141.png 300w, https:\/\/moverdb.com\/wp-content\/uploads\/A1-Freeman-Moving-Group-international-moving-company-1024x480.png 1024w, https:\/\/moverdb.com\/wp-content\/uploads\/A1-Freeman-Moving-Group-international-moving-company-18x8.png 18w, https:\/\/moverdb.com\/wp-content\/uploads\/A1-Freeman-Moving-Group-international-moving-company-600x281.png 600w\" sizes=\"auto, (max-width: 1440px) 100vw, 1440px\" \/><\/p>\n<ul>\n<li>Przeprowadzki lokalne i na du\u017ce odleg\u0142o\u015bci<\/li>\n<li>Przeprowadzki mi\u0119dzynarodowe<\/li>\n<li>Przeprowadzki gospodarstw domowych<\/li>\n<li>Przeniesienia dzia\u0142alno\u015bci gospodarczej<\/li>\n<li>Us\u0142ugi dostosowane do potrzeb klienta<\/li>\n<li>Doradca ds. obs\u0142ugi klienta<\/li>\n<li>Us\u0142uga pakowania<\/li>\n<li>Organizacja transportu<\/li>\n<li>Wsparcie celne<\/li>\n<li>Konsjer\u017c ds. przeprowadzki do dalszych dzia\u0142a\u0144 po przeprowadzce<\/li>\n<\/ul>\n<p>A1 Freeman Moving Group to firma zajmuj\u0105ca si\u0119 przeprowadzkami i transportem, kt\u00f3ra dzia\u0142a od 1974 roku i ma siedzib\u0119 w Warszawie. <a href=\"https:\/\/moverdb.com\/pl\/moving-to-atlanta\/\" data-internallinksmanager029f6b8e52c=\"32\" title=\"Przeprowadzasz si\u0119 do Atlanty? 2026 Koszty utrzymania i wskaz\u00f3wki dotycz\u0105ce przeprowadzki\">Atlanta<\/a>. Jest to sie\u0107 profesjonalist\u00f3w w dziedzinie transportu, kt\u00f3rzy mog\u0105 \u015bwiadczy\u0107 us\u0142ugi przeprowadzkowe na poziomie lokalnym, krajowym i mi\u0119dzynarodowym. S\u0105 cz\u0142onkiem IAM z 33-letnim do\u015bwiadczeniem.<\/p>\n<p>A1 Freeman Moving Group oferuje doradztwo przed przeprowadzk\u0105 z jednym ze swoich przedstawicieli, kt\u00f3ry przeprowadzi Ci\u0119 przez ca\u0142y proces i pomo\u017ce zaplanowa\u0107 przeprowadzk\u0119. Firma wyznaczy doradc\u0119 ds. obs\u0142ugi klienta, kt\u00f3ry b\u0119dzie zarz\u0105dza\u0142 ka\u017cdym etapem przeprowadzki. Stworz\u0105 oni plan przeprowadzki, kt\u00f3ry b\u0119dzie obejmowa\u0142 pakowanie, dostaw\u0119, us\u0142ugi celne i osiedlenie si\u0119.<\/p>\n<p>Strona internetowa: <a href=\"http:\/\/www.a1freemanatlanta.com\/\" target=\"_blank\" rel=\"noopener\">http:\/\/www.a1freemanatlanta.com\/<\/a><\/p>\n<h2><span class=\"ez-toc-section\" id=\"2_Atlantic_Relocation_Systems\"><\/span><strong>2. Atlantic Relocation Systems<\/strong><span class=\"ez-toc-section-end\"><\/span><\/h2>\n<p><img loading=\"lazy\" decoding=\"async\" class=\"alignnone size-full wp-image-11262\" src=\"https:\/\/moverdb.com\/wp-content\/uploads\/Atlantic-Relocation-Systems-international-moving-company.png\" alt=\"Atlantic Relocation Systems mi\u0119dzynarodowa firma przeprowadzkowa\" width=\"1440\" height=\"677\" data-wp-pid=\"11262\" srcset=\"https:\/\/moverdb.com\/wp-content\/uploads\/Atlantic-Relocation-Systems-international-moving-company.png 1440w, https:\/\/moverdb.com\/wp-content\/uploads\/Atlantic-Relocation-Systems-international-moving-company-300x141.png 300w, https:\/\/moverdb.com\/wp-content\/uploads\/Atlantic-Relocation-Systems-international-moving-company-1024x481.png 1024w, https:\/\/moverdb.com\/wp-content\/uploads\/Atlantic-Relocation-Systems-international-moving-company-18x8.png 18w, https:\/\/moverdb.com\/wp-content\/uploads\/Atlantic-Relocation-Systems-international-moving-company-600x282.png 600w\" sizes=\"auto, (max-width: 1440px) 100vw, 1440px\" \/><\/p>\n<ul>\n<li>Przeprowadzki lokalne i na du\u017ce odleg\u0142o\u015bci<\/li>\n<li>Przeprowadzki mi\u0119dzynarodowe<\/li>\n<li>Przeprowadzki mieszkaniowe<\/li>\n<li>Przeprowadzki biurowe<\/li>\n<li>Koordynator ds. relokacji<\/li>\n<li>Us\u0142uga pakowania<\/li>\n<li>Transport drogowy, morski i lotniczy<\/li>\n<li>Pomoc w zakresie dokumentacji<\/li>\n<li>Wysy\u0142ka dzie\u0142 sztuki<\/li>\n<li>Magazyn<\/li>\n<\/ul>\n<p>Atlantic Relocation Systems to mi\u0119dzynarodowa firma przeprowadzkowa za\u0142o\u017cona w 1984 roku, kt\u00f3ra posiada 13 oddzia\u0142\u00f3w w ca\u0142ym kraju. <a href=\"https:\/\/moverdb.com\/pl\/moving-to-the-united-states\/\" data-internallinksmanager029f6b8e52c=\"94\" title=\"Przeprowadzasz si\u0119 do Stan\u00f3w Zjednoczonych? 2026 Koszty \u017cycia i wskaz\u00f3wki dotycz\u0105ce przeprowadzki\">USA<\/a> z jedn\u0105 w Atlancie. Firma nale\u017cy do Atlas Van Lines, co zapewnia jej zasi\u0119g w ca\u0142ych Stanach Zjednoczonych i dost\u0119p do mi\u0119dzynarodowych sieci, kt\u00f3re j\u0105 wspieraj\u0105. S\u0105 cz\u0142onkiem IAM z 52-letnim do\u015bwiadczeniem.<\/p>\n<p>Atlantic Relocation Systems zapewnia osobom przeprowadzaj\u0105cym si\u0119 za granic\u0119 koordynatora ds. przeprowadzek mi\u0119dzynarodowych, kt\u00f3ry s\u0142u\u017cy pomoc\u0105 podczas ca\u0142ej przeprowadzki. W przypadku przeprowadzek lokalnych oferowana jest bezp\u0142atna wycena w domu klienta. Zapewniaj\u0105 us\u0142ug\u0119 pakowania w celu ochrony rzeczy w transporcie drogowym, morskim lub lotniczym oraz pomoc w wype\u0142nianiu dokumentacji.<\/p>\n<p>Strona internetowa: <a href=\"https:\/\/www.atlanticrelocation.com\/\" target=\"_blank\" rel=\"noopener\">https:\/\/www.atlanticrelocation.com\/<\/a><\/p>\n<h2><span class=\"ez-toc-section\" id=\"3_Armstrong\"><\/span><strong>3. Armstrong<\/strong><span class=\"ez-toc-section-end\"><\/span><\/h2>\n<p><img loading=\"lazy\" decoding=\"async\" class=\"alignnone size-full wp-image-11261\" src=\"https:\/\/moverdb.com\/wp-content\/uploads\/Armstrong-international-moving-company.png\" alt=\"Mi\u0119dzynarodowa firma przeprowadzkowa Armstrong\" width=\"1440\" height=\"676\" data-wp-pid=\"11261\" srcset=\"https:\/\/moverdb.com\/wp-content\/uploads\/Armstrong-international-moving-company.png 1440w, https:\/\/moverdb.com\/wp-content\/uploads\/Armstrong-international-moving-company-300x141.png 300w, https:\/\/moverdb.com\/wp-content\/uploads\/Armstrong-international-moving-company-1024x481.png 1024w, https:\/\/moverdb.com\/wp-content\/uploads\/Armstrong-international-moving-company-18x8.png 18w, https:\/\/moverdb.com\/wp-content\/uploads\/Armstrong-international-moving-company-600x282.png 600w\" sizes=\"auto, (max-width: 1440px) 100vw, 1440px\" \/><\/p>\n<ul>\n<li>Przeprowadzki lokalne i na du\u017ce odleg\u0142o\u015bci<\/li>\n<li>Przeprowadzki mi\u0119dzynarodowe<\/li>\n<li>Przeprowadzki mieszkaniowe<\/li>\n<li>Przeprowadzki biurowe<\/li>\n<li>Relokacje pracownik\u00f3w<\/li>\n<li>Opcje pakowania<\/li>\n<li>Transport lotniczy, morski i l\u0105dowy<\/li>\n<li>Odprawa celna<\/li>\n<li>Us\u0142ugi dotycz\u0105ce miejsc przeznaczenia<\/li>\n<li>Przechowywanie kr\u00f3tko i d\u0142ugoterminowe<\/li>\n<\/ul>\n<p>Armstrong to firma zajmuj\u0105ca si\u0119 przeprowadzkami, relokacj\u0105 i logistyk\u0105, posiadaj\u0105ca 32 lokalizacje w ca\u0142ym kraju, w tym lokalizacj\u0119 w Atlancie. Posiada sie\u0107 partner\u00f3w i podmiot\u00f3w stowarzyszonych, kt\u00f3rzy pomagaj\u0105 im w \u015bwiadczeniu us\u0142ug na arenie mi\u0119dzynarodowej. Armstrong jest cz\u0142onkiem IAM z 38-letnim do\u015bwiadczeniem i posiada akredytacj\u0119 FIDI.<\/p>\n<p>Armstrong oferuje us\u0142ugi zarz\u0105dzania przeprowadzk\u0105, kt\u00f3re obejmuj\u0105 pe\u0142ne lub cz\u0119\u015bciowe pakowanie i rozpakowywanie, kt\u00f3re mo\u017ce r\u00f3wnie\u017c obejmowa\u0107 skrzynie i specjalne opakowania, a tak\u017ce ochron\u0119 mienia podczas przeprowadzki. Armstrong zorganizuje transport wraz z odpraw\u0105 celn\u0105. Dodatkowe us\u0142ugi obejmuj\u0105 szkolenia kulturowe, sprzeda\u017c i wynajem dom\u00f3w oraz opcje przechowywania.<\/p>\n<p>Strona internetowa: <a href=\"https:\/\/www.armstrongrelocation.com\/\" target=\"_blank\" rel=\"noopener\">https:\/\/www.armstrongrelocation.com\/<\/a><\/p>\n<h2><span class=\"ez-toc-section\" id=\"4_Beltmann_Moving_Storage\"><\/span><strong>4. Beltmann Moving &amp; Storage<\/strong><span class=\"ez-toc-section-end\"><\/span><\/h2>\n<p><img loading=\"lazy\" decoding=\"async\" class=\"alignnone size-full wp-image-11269\" src=\"https:\/\/moverdb.com\/wp-content\/uploads\/Beltmann-Relocation-Group-international-moving-company.png\" alt=\"Beltmann Relocation Group mi\u0119dzynarodowa firma przeprowadzkowa\" width=\"1440\" height=\"682\" data-wp-pid=\"11269\" srcset=\"https:\/\/moverdb.com\/wp-content\/uploads\/Beltmann-Relocation-Group-international-moving-company.png 1440w, https:\/\/moverdb.com\/wp-content\/uploads\/Beltmann-Relocation-Group-international-moving-company-300x142.png 300w, https:\/\/moverdb.com\/wp-content\/uploads\/Beltmann-Relocation-Group-international-moving-company-1024x485.png 1024w, https:\/\/moverdb.com\/wp-content\/uploads\/Beltmann-Relocation-Group-international-moving-company-18x9.png 18w, https:\/\/moverdb.com\/wp-content\/uploads\/Beltmann-Relocation-Group-international-moving-company-600x284.png 600w\" sizes=\"auto, (max-width: 1440px) 100vw, 1440px\" \/><\/p>\n<ul>\n<li>Przeprowadzki lokalne i na du\u017ce odleg\u0142o\u015bci<\/li>\n<li>Przeprowadzki mi\u0119dzynarodowe<\/li>\n<li>Przeprowadzki mieszkaniowe<\/li>\n<li>Przeprowadzki biurowe<\/li>\n<li>Relokacje przedsi\u0119biorstw<\/li>\n<li>Us\u0142ugi konfigurowalne<\/li>\n<li>Przeniesienie konsultanta<\/li>\n<li>Us\u0142uga pakowania<\/li>\n<li>Organizacja transportu<\/li>\n<li>Bezpieczne przechowywanie<\/li>\n<\/ul>\n<p>Beltmann Moving &amp; Storage to firma przeprowadzkowa za\u0142o\u017cona w 1923 roku, posiadaj\u0105ca 11 lokalizacji w ca\u0142ych Stanach Zjednoczonych, w tym w Atlancie. Firma jest powi\u0105zana z North American Van Lines, co zapewnia jej wi\u0119kszy zasi\u0119g, a tak\u017ce sie\u0107 mi\u0119dzynarodow\u0105. Firma jest cz\u0142onkiem IAM z 24-letnim do\u015bwiadczeniem.<\/p>\n<p>Beltmann Moving &amp; Storage oferuje pakiety dostosowane do indywidualnych potrzeb, dzi\u0119ki czemu p\u0142acisz tylko za potrzebne us\u0142ugi i pomagasz utrzyma\u0107 bud\u017cet. Zapewniaj\u0105 spersonalizowane wsparcie i pakiety all-inclusive, kt\u00f3re mog\u0105 zaj\u0105\u0107 si\u0119 wszystkim lub wybra\u0107 poszczeg\u00f3lne us\u0142ugi. Konsultant ds. przeprowadzek zorganizuje przeprowadzk\u0119, w tym pakowanie i transport do miejsca docelowego.<\/p>\n<p>Strona internetowa: <a href=\"http:\/\/www.beltmann.com\/\" target=\"_blank\" rel=\"noopener\">http:\/\/www.beltmann.com\/<\/a><\/p>\n<h2><span class=\"ez-toc-section\" id=\"5_Hilldrup\"><\/span><strong>5. Hilldrup<\/strong><span class=\"ez-toc-section-end\"><\/span><\/h2>\n<p><img loading=\"lazy\" decoding=\"async\" class=\"alignnone size-full wp-image-11339\" src=\"https:\/\/moverdb.com\/wp-content\/uploads\/Hilldrup-international-moving-company.png\" alt=\"Mi\u0119dzynarodowa firma przeprowadzkowa Hilldrup\" width=\"1440\" height=\"674\" data-wp-pid=\"11339\" srcset=\"https:\/\/moverdb.com\/wp-content\/uploads\/Hilldrup-international-moving-company.png 1440w, https:\/\/moverdb.com\/wp-content\/uploads\/Hilldrup-international-moving-company-300x140.png 300w, https:\/\/moverdb.com\/wp-content\/uploads\/Hilldrup-international-moving-company-1024x479.png 1024w, https:\/\/moverdb.com\/wp-content\/uploads\/Hilldrup-international-moving-company-18x8.png 18w, https:\/\/moverdb.com\/wp-content\/uploads\/Hilldrup-international-moving-company-600x281.png 600w\" sizes=\"auto, (max-width: 1440px) 100vw, 1440px\" \/><\/p>\n<ul>\n<li>Przeprowadzki lokalne i na du\u017ce odleg\u0142o\u015bci<\/li>\n<li>Przeprowadzki mi\u0119dzynarodowe<\/li>\n<li>Przeprowadzki mieszkaniowe<\/li>\n<li>Ruchy biznesowe<\/li>\n<li>Wyb\u00f3r pakiet\u00f3w przeprowadzkowych<\/li>\n<li>Doradca ds. przeprowadzek<\/li>\n<li>Us\u0142uga pakowania<\/li>\n<li>Ustalenia dotycz\u0105ce transportu<\/li>\n<li>\u015aledzenie aktualizacji<\/li>\n<li>Przechowywanie kr\u00f3tko i d\u0142ugoterminowe<\/li>\n<\/ul>\n<p>Hilldrup to za\u0142o\u017cona w 1903 roku firma zajmuj\u0105ca si\u0119 przeprowadzkami i magazynowaniem, kt\u00f3ra posiada 10 oddzia\u0142\u00f3w w po\u0142udniowo-wschodnich i \u015brodkowoatlantyckich Stanach Zjednoczonych, w tym jeden w Atlancie. Hilldrup posiada mi\u0119dzynarodowe powi\u0105zania z wiod\u0105cymi organizacjami, aby wspiera\u0107 swoich klient\u00f3w i \u015bwiadczy\u0107 us\u0142ugi mi\u0119dzynarodowe, w tym United Van Lines i Mayflower Transit. Firma posiada akredytacj\u0119 FIDI.<\/p>\n<p>Hilldrup zapewnia doradc\u0119 ds. przeprowadzki, kt\u00f3ry zarz\u0105dza przeprowadzk\u0105 i oferuje wyb\u00f3r pakiet\u00f3w przeprowadzkowych, od majsterkowania po kompleksowe pakowanie. Firma oferuje wirtualn\u0105 ankiet\u0119 dotycz\u0105c\u0105 przeprowadzki, aby oceni\u0107 potrzeby klienta i przedstawi\u0107 wycen\u0119. U\u017cywaj\u0105 najlepszych materia\u0142\u00f3w do pakowania, aby chroni\u0107 Twoje rzeczy podczas transportu i oferuj\u0105 niestandardowe opcje pakowania i skrzynek dla delikatnych przedmiot\u00f3w.<\/p>\n<p>Strona internetowa: <a href=\"https:\/\/www.hilldrup.com\/\" target=\"_blank\" rel=\"noopener\">https:\/\/www.hilldrup.com\/<\/a><\/p>","protected":false},"excerpt":{"rendered":"<p>When you are moving there is a lot to do such as planning and organising the move, selecting a transportation provider and packing your belongings, and if you are moving abroad handling customs too. Many of these activities can be completed by a moving company. Below we have compiled a list of Georgia based removal [&hellip;]<\/p>\n","protected":false},"author":4,"featured_media":11236,"parent":190,"menu_order":0,"comment_status":"closed","ping_status":"closed","template":"","meta":{"_genesis_hide_title":false,"_genesis_hide_breadcrumbs":false,"_genesis_hide_singular_image":false,"_genesis_hide_footer_widgets":false,"_genesis_custom_body_class":"","_genesis_custom_post_class":"","_genesis_layout":"","footnotes":""},"class_list":{"0":"post-11566","1":"page","2":"type-page","3":"status-publish","4":"has-post-thumbnail","6":"entry"},"_links":{"self":[{"href":"https:\/\/moverdb.com\/pl\/wp-json\/wp\/v2\/pages\/11566","targetHints":{"allow":["GET"]}}],"collection":[{"href":"https:\/\/moverdb.com\/pl\/wp-json\/wp\/v2\/pages"}],"about":[{"href":"https:\/\/moverdb.com\/pl\/wp-json\/wp\/v2\/types\/page"}],"author":[{"embeddable":true,"href":"https:\/\/moverdb.com\/pl\/wp-json\/wp\/v2\/users\/4"}],"replies":[{"embeddable":true,"href":"https:\/\/moverdb.com\/pl\/wp-json\/wp\/v2\/comments?post=11566"}],"version-history":[{"count":3,"href":"https:\/\/moverdb.com\/pl\/wp-json\/wp\/v2\/pages\/11566\/revisions"}],"predecessor-version":[{"id":11570,"href":"https:\/\/moverdb.com\/pl\/wp-json\/wp\/v2\/pages\/11566\/revisions\/11570"}],"up":[{"embeddable":true,"href":"https:\/\/moverdb.com\/pl\/wp-json\/wp\/v2\/pages\/190"}],"wp:featuredmedia":[{"embeddable":true,"href":"https:\/\/moverdb.com\/pl\/wp-json\/wp\/v2\/media\/11236"}],"wp:attachment":[{"href":"https:\/\/moverdb.com\/pl\/wp-json\/wp\/v2\/media?parent=11566"}],"curies":[{"name":"wp","href":"https:\/\/api.w.org\/{rel}","templated":true}]}}