{"id":11564,"date":"2023-11-29T10:35:03","date_gmt":"2023-11-29T10:35:03","guid":{"rendered":"https:\/\/moverdb.com\/?page_id=11564"},"modified":"2026-01-08T15:24:15","modified_gmt":"2026-01-08T15:24:15","slug":"moving-companies-us-gaithersburg","status":"publish","type":"page","link":"https:\/\/moverdb.com\/pl\/moving-companies\/moving-companies-us-gaithersburg\/","title":{"rendered":"3 najlepsze firmy przeprowadzkowe w Gaithersburgu"},"content":{"rendered":"<p>Podczas przeprowadzki domu lub firmy jest wiele do zrobienia, dlatego warto skorzysta\u0107 z us\u0142ug firmy transportowej. <a href=\"https:\/\/moverdb.com\/pl\/moving-companies\/\" data-internallinksmanager029f6b8e52c=\"79\" title=\"25 najlepszych firm przeprowadzek mi\u0119dzynarodowych online\">przedsi\u0119biorstwo przeprowadzkowe<\/a> mo\u017ce pom\u00f3c w zmniejszeniu obci\u0105\u017cenia prac\u0105, aby\u015b m\u00f3g\u0142 skupi\u0107 si\u0119 na innych aspektach przeprowadzki. Mo\u017ce to obejmowa\u0107 pakowanie, organizacj\u0119 transportu i obs\u0142ug\u0119 celn\u0105 w przypadku przeprowadzek mi\u0119dzynarodowych. Poni\u017cej przygotowali\u015bmy list\u0119 firm z Gaithersburga <a href=\"https:\/\/moverdb.com\/pl\/international-removals\/\" data-internallinksmanager029f6b8e52c=\"27\" title=\"36 najlepszych firm zajmuj\u0105cych si\u0119 przeprowadzkami mi\u0119dzynarodowymi w Wielkiej Brytanii\">przedsi\u0119biorstwa przeprowadzkowe<\/a> kt\u00f3re s\u0105 cz\u0142onkami <a href=\"https:\/\/moverdb.com\/pl\/iam\/\" data-internallinksmanager029f6b8e52c=\"23\" title=\"Mi\u0119dzynarodowe Stowarzyszenie Przewo\u017anik\u00f3w (IAM) - obja\u015bnienia\">Mi\u0119dzynarodowe Stowarzyszenie Przewo\u017anik\u00f3w<\/a> (IAM) i\/lub <a href=\"https:\/\/moverdb.com\/pl\/fidi-faim\/\" data-internallinksmanager029f6b8e52c=\"16\" title=\"FIDI i FAIM (FIDI Accredited International Mover) - obja\u015bnienia\">FIDI<\/a> Accredited International Mover (FAIM), kt\u00f3ra mo\u017ce pom\u00f3c Ci w przeprowadzce.<\/p>\n<h2><strong>1. Rozwi\u0105zania wysy\u0142kowe na ca\u0142ym \u015bwiecie<\/strong><\/h2>\n<p><img loading=\"lazy\" decoding=\"async\" class=\"alignnone size-full wp-image-11442\" src=\"https:\/\/moverdb.com\/wp-content\/uploads\/Shipping-Solutions-Worldwide-international-moving-company.png\" alt=\"Shipping Solutions Worldwide - mi\u0119dzynarodowa firma przeprowadzkowa\" width=\"1440\" height=\"680\" data-wp-pid=\"11442\" srcset=\"https:\/\/moverdb.com\/wp-content\/uploads\/Shipping-Solutions-Worldwide-international-moving-company.png 1440w, https:\/\/moverdb.com\/wp-content\/uploads\/Shipping-Solutions-Worldwide-international-moving-company-300x142.png 300w, https:\/\/moverdb.com\/wp-content\/uploads\/Shipping-Solutions-Worldwide-international-moving-company-1024x484.png 1024w, https:\/\/moverdb.com\/wp-content\/uploads\/Shipping-Solutions-Worldwide-international-moving-company-18x9.png 18w, https:\/\/moverdb.com\/wp-content\/uploads\/Shipping-Solutions-Worldwide-international-moving-company-600x283.png 600w\" sizes=\"auto, (max-width: 1440px) 100vw, 1440px\" \/><\/p>\n<ul>\n<li>Przeprowadzki lokalne i krajowe<\/li>\n<li>Przeprowadzki mi\u0119dzynarodowe<\/li>\n<li>Przeprowadzki mieszkaniowe<\/li>\n<li>Przeprowadzki handlowe i biurowe<\/li>\n<li>Zindywidualizowana obs\u0142uga<\/li>\n<li>Us\u0142uga pakowania<\/li>\n<li>Transport l\u0105dowy, lotniczy i morski<\/li>\n<li>Wsparcie dokumentacyjne<\/li>\n<li><a href=\"https:\/\/moverdb.com\/pl\/car-transport-shipping\/\" data-internallinksmanager029f6b8e52c=\"2\" title=\"2026 Mi\u0119dzynarodowy transport samochodowy i wyceny wysy\u0142ki pojazd\u00f3w\">Spedycja pojazd\u00f3w<\/a><\/li>\n<li>\u015aledzenie przesy\u0142ek<\/li>\n<\/ul>\n<p>Shipping Solutions Worldwide to mi\u0119dzynarodowa firma przeprowadzkowa z ponad 30-letnim do\u015bwiadczeniem i siedzib\u0105 w Gaithersburgu. Wsp\u00f3\u0142pracuje z sieci\u0105 globalnych firm przeprowadzkowych, aby \u015bwiadczy\u0107 us\u0142ugi na ca\u0142ym \u015bwiecie. Firma jest cz\u0142onkiem IAM.<\/p>\n<p>Shipping Solutions Worldwide oferuje spersonalizowan\u0105 us\u0142ug\u0119 przeprowadzki dostosowan\u0105 do Twoich potrzeb. Zapewniaj\u0105 us\u0142ug\u0119 pakowania, kt\u00f3ra zapewni, \u017ce Twoje przedmioty b\u0119d\u0105 bezpiecznie podr\u00f3\u017cowa\u0107 w warunkach wysy\u0142ki z pe\u0142n\u0105 inwentaryzacj\u0105. Zorganizuje transport drog\u0105 l\u0105dow\u0105, powietrzn\u0105 lub morsk\u0105, a tak\u017ce przetworzy ca\u0142\u0105 dokumentacj\u0119 niezb\u0119dn\u0105 do transportu i \u015bledzenia przesy\u0142ki.<\/p>\n<p>Strona internetowa: <a href=\"https:\/\/shippingsolutionsworldwide.com\/\" target=\"_blank\" rel=\"noopener\">https:\/\/shippingsolutionsworldwide.com\/<\/a><\/p>\n<h2><strong>2. Town &amp; Country Movers<\/strong><\/h2>\n<p><img loading=\"lazy\" decoding=\"async\" class=\"alignnone size-full wp-image-11458\" src=\"https:\/\/moverdb.com\/wp-content\/uploads\/Town-Country-Movers-international-moving-company.png\" alt=\"Town &amp; Country Movers mi\u0119dzynarodowa firma przeprowadzkowa\" width=\"1440\" height=\"681\" data-wp-pid=\"11458\" srcset=\"https:\/\/moverdb.com\/wp-content\/uploads\/Town-Country-Movers-international-moving-company.png 1440w, https:\/\/moverdb.com\/wp-content\/uploads\/Town-Country-Movers-international-moving-company-300x142.png 300w, https:\/\/moverdb.com\/wp-content\/uploads\/Town-Country-Movers-international-moving-company-1024x484.png 1024w, https:\/\/moverdb.com\/wp-content\/uploads\/Town-Country-Movers-international-moving-company-18x9.png 18w, https:\/\/moverdb.com\/wp-content\/uploads\/Town-Country-Movers-international-moving-company-600x284.png 600w\" sizes=\"auto, (max-width: 1440px) 100vw, 1440px\" \/><\/p>\n<ul>\n<li>Przeprowadzki lokalne i krajowe<\/li>\n<li>Przeprowadzki mi\u0119dzynarodowe<\/li>\n<li>Przeprowadzki gospodarstw domowych<\/li>\n<li>Ruchy biznesowe<\/li>\n<li>Od drzwi do drzwi i od drzwi do drzwi<a href=\"https:\/\/moverdb.com\/pl\/top-49-container-ports\/\" data-internallinksmanager029f6b8e52c=\"80\" title=\"49 najwi\u0119kszych i najbardziej ruchliwych port\u00f3w kontenerowych w 2025 r.\">port<\/a> opcje<\/li>\n<li>Us\u0142uga pakowania<\/li>\n<li>Organizacja transportu<\/li>\n<li>Odprawa celna<\/li>\n<li>Transport pojazd\u00f3w<\/li>\n<li>Bezpieczne przechowywanie kr\u00f3tko- i d\u0142ugoterminowe<\/li>\n<\/ul>\n<p>Town &amp; Country Movers to za\u0142o\u017cona w 1977 roku firma zajmuj\u0105ca si\u0119 przeprowadzkami i magazynowaniem, kt\u00f3ra ma siedzib\u0119 w Gaithersburgu i obs\u0142uguje <a href=\"https:\/\/moverdb.com\/pl\/moving-to-the-united-states\/moving-to-maryland\/\" data-internallinksmanager029f6b8e52c=\"467\" title=\"Przeprowadzka do Maryland? Koszty utrzymania i wskaz\u00f3wki dotycz\u0105ce relokacji w 2024 r.\">Maryland<\/a> oraz <a href=\"https:\/\/moverdb.com\/pl\/moving-to-the-united-states\/moving-to-virginia\/\" data-internallinksmanager029f6b8e52c=\"442\" title=\"Przeprowadzka do Wirginii? 2026 Koszty utrzymania i porady dotycz\u0105ce przeprowadzki\">Wirginia<\/a> z przeprowadzkami lokalnymi, krajowymi i mi\u0119dzynarodowymi. Wsp\u00f3\u0142pracuj\u0105 z zaufanymi mi\u0119dzynarodowymi spedytorami, aby \u015bwiadczy\u0107 swoje us\u0142ugi na ca\u0142ym \u015bwiecie. S\u0105 cz\u0142onkiem IAM z 46-letnim do\u015bwiadczeniem.<\/p>\n<p>Firma Town &amp; Country Movers oferuje bezp\u0142atn\u0105 wycen\u0119 przeprowadzki w domu klienta i dostosowuje swoje us\u0142ugi do jego potrzeb. Pomog\u0105 ci znale\u017a\u0107 najlepsze opcje transportu dla twoich potrzeb i bud\u017cetu. Zapewniaj\u0105 profesjonaln\u0105 us\u0142ug\u0119 pakowania w celu ochrony przedmiot\u00f3w, kt\u00f3ra mo\u017ce obejmowa\u0107 niestandardowe skrzynie.<\/p>\n<p>Strona internetowa: <a href=\"https:\/\/townandcountrymovers.com\/\" target=\"_blank\" rel=\"noopener\">https:\/\/townandcountrymovers.com\/<\/a><\/p>\n<h2><strong>3. Przeniesienia uniwersalne<\/strong><\/h2>\n<p><img loading=\"lazy\" decoding=\"async\" class=\"alignnone size-full wp-image-11469\" src=\"https:\/\/moverdb.com\/wp-content\/uploads\/Universal-Relocations-international-moving-company-1.png\" alt=\"Universal Relocations firma zajmuj\u0105ca si\u0119 przeprowadzkami mi\u0119dzynarodowymi\" width=\"1440\" height=\"680\" data-wp-pid=\"11469\" srcset=\"https:\/\/moverdb.com\/wp-content\/uploads\/Universal-Relocations-international-moving-company-1.png 1440w, https:\/\/moverdb.com\/wp-content\/uploads\/Universal-Relocations-international-moving-company-1-300x142.png 300w, https:\/\/moverdb.com\/wp-content\/uploads\/Universal-Relocations-international-moving-company-1-1024x484.png 1024w, https:\/\/moverdb.com\/wp-content\/uploads\/Universal-Relocations-international-moving-company-1-18x9.png 18w, https:\/\/moverdb.com\/wp-content\/uploads\/Universal-Relocations-international-moving-company-1-600x283.png 600w\" sizes=\"auto, (max-width: 1440px) 100vw, 1440px\" \/><\/p>\n<ul>\n<li>Przeniesienia krajowe<\/li>\n<li>Przeniesienia mi\u0119dzynarodowe<\/li>\n<li>Przemieszczenia gospodarstw domowych<\/li>\n<li>Przeniesienia dzia\u0142alno\u015bci gospodarczej<\/li>\n<li>Us\u0142uga \"od drzwi do drzwi\".<\/li>\n<li>Us\u0142uga pakowania<\/li>\n<li>Maklerstwo celne<\/li>\n<li>Transport zwierz\u0105t domowych i samochod\u00f3w<\/li>\n<li>Pomoc w poszukiwaniu domu<\/li>\n<li>Obiekty magazynowe<\/li>\n<\/ul>\n<p>Universal Relocations to mi\u0119dzynarodowa firma zajmuj\u0105ca si\u0119 przeprowadzkami i relokacj\u0105, za\u0142o\u017cona w <a href=\"https:\/\/moverdb.com\/pl\/moving-to-india\/\" data-internallinksmanager029f6b8e52c=\"356\" title=\"Przeprowadzka do Indii? Koszty utrzymania i wskaz\u00f3wki dotycz\u0105ce relokacji w 2023 r.\">Indie<\/a> w 1998 r., kt\u00f3ra posiada r\u00f3wnie\u017c biura w <a href=\"https:\/\/moverdb.com\/pl\/moving-to-the-united-states\/\" data-internallinksmanager029f6b8e52c=\"94\" title=\"Przeprowadzasz si\u0119 do Stan\u00f3w Zjednoczonych? 2026 Koszty \u017cycia i wskaz\u00f3wki dotycz\u0105ce przeprowadzki\">USA<\/a> w Gaithersburgu, <a href=\"https:\/\/moverdb.com\/pl\/moving-to-the-united-states\/moving-to-new-jersey\/\" data-internallinksmanager029f6b8e52c=\"417\" title=\"Przeprowadzka do New Jersey? Koszty utrzymania i wskaz\u00f3wki dotycz\u0105ce relokacji w 2023 r.\">New Jersey<\/a>, <a href=\"https:\/\/moverdb.com\/pl\/moving-to-the-united-states\/moving-to-california\/\" data-internallinksmanager029f6b8e52c=\"330\" title=\"Przeprowadzka do Kalifornii? 2026 Koszty utrzymania i wskaz\u00f3wki dotycz\u0105ce relokacji\">Kalifornia<\/a>, <a href=\"https:\/\/moverdb.com\/pl\/moving-to-the-united-states\/moving-to-texas\/\" data-internallinksmanager029f6b8e52c=\"397\" title=\"Przeprowadzka do Teksasu? 2026 Koszty utrzymania i wskaz\u00f3wki dotycz\u0105ce przeprowadzki\">Teksas<\/a> oraz <a href=\"https:\/\/moverdb.com\/pl\/moving-to-the-united-states\/moving-to-georgia\/\" data-internallinksmanager029f6b8e52c=\"402\" title=\"Przeprowadzka do Gruzji? 2026 Koszty utrzymania i porady dotycz\u0105ce przeprowadzki\">Georgia<\/a>. Maj\u0105 globaln\u0105 sie\u0107 160 agent\u00f3w partnerskich, kt\u00f3rzy wspieraj\u0105 ich w \u015bwiadczeniu us\u0142ug mi\u0119dzynarodowych. S\u0105 cz\u0142onkiem IAM z siedmioletnim do\u015bwiadczeniem.<\/p>\n<p>Universal Relocations oferuje us\u0142ug\u0119 relokacji od drzwi do drzwi dla gospodarstw domowych i firm. Zapewniaj\u0105 bezpieczn\u0105 us\u0142ug\u0119 pakowania w celu ochrony rzeczy podczas transportu, a tak\u017ce mog\u0105 przewozi\u0107 zwierz\u0119ta domowe i pojazdy. Firma oferuje r\u00f3wnie\u017c dodatkowe us\u0142ugi, w tym pomoc w znalezieniu domu, przechowywanie i ubezpieczenie.<\/p>\n<p>Strona internetowa: <a href=\"https:\/\/universalrelocations.com\/\" target=\"_blank\" rel=\"noopener\">https:\/\/universalrelocations.com\/<\/a><\/p>","protected":false},"excerpt":{"rendered":"<p>When you are moving home or your business there is a lot to do so engaging the services of a moving company can assist you in reducing the workload so you can focus on other aspects of your move. This can include packing, arranging transport and handling customs for international moves. Below we have compiled [&hellip;]<\/p>\n","protected":false},"author":4,"featured_media":11442,"parent":190,"menu_order":0,"comment_status":"closed","ping_status":"closed","template":"","meta":{"_genesis_hide_title":false,"_genesis_hide_breadcrumbs":false,"_genesis_hide_singular_image":false,"_genesis_hide_footer_widgets":false,"_genesis_custom_body_class":"","_genesis_custom_post_class":"","_genesis_layout":"","footnotes":""},"class_list":{"0":"post-11564","1":"page","2":"type-page","3":"status-publish","4":"has-post-thumbnail","6":"entry"},"_links":{"self":[{"href":"https:\/\/moverdb.com\/pl\/wp-json\/wp\/v2\/pages\/11564","targetHints":{"allow":["GET"]}}],"collection":[{"href":"https:\/\/moverdb.com\/pl\/wp-json\/wp\/v2\/pages"}],"about":[{"href":"https:\/\/moverdb.com\/pl\/wp-json\/wp\/v2\/types\/page"}],"author":[{"embeddable":true,"href":"https:\/\/moverdb.com\/pl\/wp-json\/wp\/v2\/users\/4"}],"replies":[{"embeddable":true,"href":"https:\/\/moverdb.com\/pl\/wp-json\/wp\/v2\/comments?post=11564"}],"version-history":[{"count":1,"href":"https:\/\/moverdb.com\/pl\/wp-json\/wp\/v2\/pages\/11564\/revisions"}],"predecessor-version":[{"id":11565,"href":"https:\/\/moverdb.com\/pl\/wp-json\/wp\/v2\/pages\/11564\/revisions\/11565"}],"up":[{"embeddable":true,"href":"https:\/\/moverdb.com\/pl\/wp-json\/wp\/v2\/pages\/190"}],"wp:featuredmedia":[{"embeddable":true,"href":"https:\/\/moverdb.com\/pl\/wp-json\/wp\/v2\/media\/11442"}],"wp:attachment":[{"href":"https:\/\/moverdb.com\/pl\/wp-json\/wp\/v2\/media?parent=11564"}],"curies":[{"name":"wp","href":"https:\/\/api.w.org\/{rel}","templated":true}]}}