{"id":11560,"date":"2023-11-29T10:28:15","date_gmt":"2023-11-29T10:28:15","guid":{"rendered":"https:\/\/moverdb.com\/?page_id=11560"},"modified":"2026-01-08T15:24:13","modified_gmt":"2026-01-08T15:24:13","slug":"moving-companies-in-el-paso-usa","status":"publish","type":"page","link":"https:\/\/moverdb.com\/pl\/moving-companies\/moving-companies-in-el-paso-usa\/","title":{"rendered":"3 najlepsze firmy przeprowadzkowe w El Paso"},"content":{"rendered":"<p>Planujesz przeprowadzk\u0119 w obr\u0119bie, do lub z El Paso? W takim razie skorzystaj z pomocy <a href=\"https:\/\/moverdb.com\/pl\/moving-companies\/\" data-internallinksmanager029f6b8e52c=\"79\" title=\"25 najlepszych firm przeprowadzek mi\u0119dzynarodowych online\">przedsi\u0119biorstwo przeprowadzkowe<\/a> do pakowania, organizowania transportu i obs\u0142ugi celnej w przypadku przeprowadzek mi\u0119dzynarodowych mo\u017ce zmniejszy\u0107 stres. Poni\u017cej przedstawiamy list\u0119 firm z siedzib\u0105 w El Paso. <a href=\"https:\/\/moverdb.com\/pl\/international-removals\/\" data-internallinksmanager029f6b8e52c=\"27\" title=\"36 najlepszych firm zajmuj\u0105cych si\u0119 przeprowadzkami mi\u0119dzynarodowymi w Wielkiej Brytanii\">przedsi\u0119biorstwa przeprowadzkowe<\/a> kt\u00f3re s\u0105 cz\u0142onkami <a href=\"https:\/\/moverdb.com\/pl\/iam\/\" data-internallinksmanager029f6b8e52c=\"23\" title=\"Mi\u0119dzynarodowe Stowarzyszenie Przewo\u017anik\u00f3w (IAM) - obja\u015bnienia\">Mi\u0119dzynarodowe Stowarzyszenie Przewo\u017anik\u00f3w<\/a> (IAM) i\/lub <a href=\"https:\/\/moverdb.com\/pl\/fidi-faim\/\" data-internallinksmanager029f6b8e52c=\"16\" title=\"FIDI i FAIM (FIDI Accredited International Mover) - obja\u015bnienia\">FIDI<\/a> Accredited International Mover (FAIM), kt\u00f3ry mo\u017ce pom\u00f3c w przeprowadzce.<\/p>\n<h2><strong>1. Deseret International Forwarding<\/strong><\/h2>\n<p><img loading=\"lazy\" decoding=\"async\" class=\"alignnone size-full wp-image-11305\" src=\"https:\/\/moverdb.com\/wp-content\/uploads\/Deseret-International-Forwarding-moving-company.png\" alt=\"Firma przeprowadzkowa Deseret International Forwarding\" width=\"1440\" height=\"676\" data-wp-pid=\"11305\" srcset=\"https:\/\/moverdb.com\/wp-content\/uploads\/Deseret-International-Forwarding-moving-company.png 1440w, https:\/\/moverdb.com\/wp-content\/uploads\/Deseret-International-Forwarding-moving-company-300x141.png 300w, https:\/\/moverdb.com\/wp-content\/uploads\/Deseret-International-Forwarding-moving-company-1024x481.png 1024w, https:\/\/moverdb.com\/wp-content\/uploads\/Deseret-International-Forwarding-moving-company-18x8.png 18w, https:\/\/moverdb.com\/wp-content\/uploads\/Deseret-International-Forwarding-moving-company-600x282.png 600w\" sizes=\"auto, (max-width: 1440px) 100vw, 1440px\" \/><\/p>\n<ul>\n<li>Przeprowadzki mi\u0119dzynarodowe<\/li>\n<li>Przeprowadzki gospodarstw domowych<\/li>\n<li>Przeprowadzki firm<\/li>\n<li>Od drzwi do drzwi lub <a href=\"https:\/\/moverdb.com\/pl\/top-49-container-ports\/\" data-internallinksmanager029f6b8e52c=\"80\" title=\"49 najwi\u0119kszych i najbardziej ruchliwych port\u00f3w kontenerowych w 2025 r.\">port<\/a>-us\u0142uga \"od drzwi do drzwi<\/li>\n<li>Osobisty koordynator ds. przeprowadzek<\/li>\n<li>Us\u0142uga pakowania<\/li>\n<li>Transport lotniczy, morski i l\u0105dowy<\/li>\n<li>\u015aledzenie przesy\u0142ek online<\/li>\n<li>Ubezpieczenie od wszystkich ryzyk<\/li>\n<li>Bezpieczne przechowywanie<\/li>\n<\/ul>\n<p>Deseret International Forwarding koncentruje si\u0119 na mi\u0119dzynarodowej spedycji artyku\u0142\u00f3w gospodarstwa domowego i ma siedzib\u0119 w El Paso. Posiada niezawodn\u0105 sie\u0107 globalnych relacji z innymi agentami przeprowadzkowymi, aby oferowa\u0107 us\u0142ugi przeprowadzek mi\u0119dzynarodowych. Firma jest cz\u0142onkiem IAM z 31-letnim do\u015bwiadczeniem.<\/p>\n<p>Osobi\u015bci koordynatorzy przeprowadzki Deseret International Forwarding b\u0119d\u0105 wspiera\u0107 Ci\u0119 przez ca\u0142y czas trwania przeprowadzki i pomog\u0105 Ci wybra\u0107 najlepszy spos\u00f3b na przeniesienie si\u0119 do nowego domu. Oferuj\u0105 us\u0142ug\u0119 \"od drzwi do drzwi\" lub \"od portu do portu\", kt\u00f3ra mo\u017ce obejmowa\u0107 pakowanie rzeczy. Zorganizuj\u0105 oni bezpieczny transport rzeczy drog\u0105 powietrzn\u0105, morsk\u0105 lub l\u0105dow\u0105.<\/p>\n<p>Strona internetowa: <a href=\"http:\/\/www.deseret-intl.com\/\" target=\"_blank\" rel=\"noopener\">http:\/\/www.deseret-intl.com\/<\/a><\/p>\n<h2><strong>2. ITO<\/strong><\/h2>\n<p><img loading=\"lazy\" decoding=\"async\" class=\"alignnone size-full wp-image-11355\" src=\"https:\/\/moverdb.com\/wp-content\/uploads\/ITO-El-Paso-international-moving-company.png\" alt=\"ITO El Paso - mi\u0119dzynarodowa firma przeprowadzkowa\" width=\"1440\" height=\"683\" data-wp-pid=\"11355\" srcset=\"https:\/\/moverdb.com\/wp-content\/uploads\/ITO-El-Paso-international-moving-company.png 1440w, https:\/\/moverdb.com\/wp-content\/uploads\/ITO-El-Paso-international-moving-company-300x142.png 300w, https:\/\/moverdb.com\/wp-content\/uploads\/ITO-El-Paso-international-moving-company-1024x486.png 1024w, https:\/\/moverdb.com\/wp-content\/uploads\/ITO-El-Paso-international-moving-company-18x9.png 18w, https:\/\/moverdb.com\/wp-content\/uploads\/ITO-El-Paso-international-moving-company-600x285.png 600w\" sizes=\"auto, (max-width: 1440px) 100vw, 1440px\" \/><\/p>\n<ul>\n<li>Ruchy krajowe<\/li>\n<li>Przeprowadzki mi\u0119dzynarodowe<\/li>\n<li>Przemieszczenia gospodarstw domowych<\/li>\n<li>Przeniesienie biura<\/li>\n<li>Wst\u0119pna konsultacja<\/li>\n<li>Us\u0142uga pakowania<\/li>\n<li>Organizacja transportu<\/li>\n<li>Odprawa celna<\/li>\n<li>Us\u0142ugi rzemie\u015blnicze<\/li>\n<li>Bezpieczne przechowywanie<\/li>\n<\/ul>\n<p>ITO jest mi\u0119dzynarodow\u0105 firm\u0105 przeprowadzkow\u0105 z oddzia\u0142ami w <a href=\"https:\/\/moverdb.com\/pl\/moving-to-the-united-states\/\" data-internallinksmanager029f6b8e52c=\"94\" title=\"Przeprowadzasz si\u0119 do Stan\u00f3w Zjednoczonych? 2026 Koszty \u017cycia i wskaz\u00f3wki dotycz\u0105ce przeprowadzki\">USA<\/a>, <a href=\"https:\/\/moverdb.com\/pl\/moving-to-germany\/\" data-internallinksmanager029f6b8e52c=\"321\" title=\"Przeprowadzka do Niemiec? Koszty \u017cycia i wskaz\u00f3wki dotycz\u0105ce przeprowadzki w 2023 r.\">Niemcy<\/a> i Afryce. Biura w USA znajduj\u0105 si\u0119 w El Paso, Wichita Falls i Norfolk. Dzia\u0142aj\u0105 na arenie mi\u0119dzynarodowej, korzystaj\u0105c z w\u0142asnych oddzia\u0142\u00f3w i sieci mi\u0119dzynarodowych partner\u00f3w. Firma jest cz\u0142onkiem IAM z 47-letnim do\u015bwiadczeniem.<\/p>\n<p>ITO oferuje wst\u0119pne konsultacje i porady w celu przygotowania klienta. Zapewnia standardowe i specjalistyczne opakowania do ochrony rzeczy, a tak\u017ce demonta\u017c i monta\u017c mebli. W razie potrzeby mo\u017ce r\u00f3wnie\u017c zaoferowa\u0107 us\u0142ugi rzemie\u015blnicze. Oferuje szereg opcji transportu, w tym kontenery zbiorcze dla niekt\u00f3rych region\u00f3w.<\/p>\n<p>Strona internetowa: <a href=\"https:\/\/www.ito-movers.de\/?lang=en\" target=\"_blank\" rel=\"noopener\">https:\/\/www.ito-movers.de\/?lang=en<\/a><\/p>\n<h2><strong>3. TIS Worldwide<\/strong><\/h2>\n<p><img loading=\"lazy\" decoding=\"async\" class=\"alignnone size-full wp-image-11456\" src=\"https:\/\/moverdb.com\/wp-content\/uploads\/TIS-Worldwide-international-moving-company.png\" alt=\"Mi\u0119dzynarodowa firma przeprowadzkowa TIS Worldwide\" width=\"1440\" height=\"682\" data-wp-pid=\"11456\" srcset=\"https:\/\/moverdb.com\/wp-content\/uploads\/TIS-Worldwide-international-moving-company.png 1440w, https:\/\/moverdb.com\/wp-content\/uploads\/TIS-Worldwide-international-moving-company-300x142.png 300w, https:\/\/moverdb.com\/wp-content\/uploads\/TIS-Worldwide-international-moving-company-1024x485.png 1024w, https:\/\/moverdb.com\/wp-content\/uploads\/TIS-Worldwide-international-moving-company-18x9.png 18w, https:\/\/moverdb.com\/wp-content\/uploads\/TIS-Worldwide-international-moving-company-600x284.png 600w\" sizes=\"auto, (max-width: 1440px) 100vw, 1440px\" \/><\/p>\n<ul>\n<li>Us\u0142ugi spedycyjne<\/li>\n<li>Transport mi\u0119dzynarodowy<\/li>\n<li>Zarz\u0105dzana logistyka<\/li>\n<li>Us\u0142uga dostosowana do potrzeb<\/li>\n<li>Us\u0142uga \"od drzwi do drzwi\".<\/li>\n<li>Us\u0142uga port-port<\/li>\n<li>Transport ci\u0119\u017carowy, kolejowy, drogowy i morski<\/li>\n<li>Pe\u0142ne i mniej ni\u017c pe\u0142ne obci\u0105\u017cenia<\/li>\n<li>\u015aledzenie \u0142adunku<\/li>\n<li>Obiekty magazynowe<\/li>\n<\/ul>\n<p>TIS Worldwide to wysokiej klasy dostawca us\u0142ug logistycznych za\u0142o\u017cony w 1976 roku z siedzib\u0105 w El Paso. Posiada sie\u0107 agent\u00f3w w wi\u0119kszo\u015bci kraj\u00f3w \u015bwiata, kt\u00f3rzy pomagaj\u0105 jej w \u015bwiadczeniu us\u0142ug mi\u0119dzynarodowych. Jest cz\u0142onkiem IAM z 47-letnim do\u015bwiadczeniem.<\/p>\n<p>TIS Worldwide oferuje spersonalizowan\u0105 us\u0142ug\u0119 i wyszuka najlepsze opcje transportu dla Twojej przesy\u0142ki, aby uzyska\u0107 najbardziej konkurencyjne koszty i wysok\u0105 jako\u015b\u0107 us\u0142ug. Oferuje szereg opcji transportowych, w tym us\u0142ugi od drzwi do drzwi i od portu do portu dla pe\u0142nych i mniej ni\u017c pe\u0142nych \u0142adunk\u00f3w kontenerowych, a tak\u017ce \u0142adunk\u00f3w projektowych.<\/p>\n<p>Strona internetowa: <a href=\"https:\/\/www.tis-shipping.com\/\" target=\"_blank\" rel=\"noopener\">https:\/\/www.tis-shipping.com\/<\/a><\/p>","protected":false},"excerpt":{"rendered":"<p>Are you planning on moving within, to or from El Paso? Then enlisting the help of a moving company to pack, arrange transport and handle customs for international moves can reduce the stress. Below we have compiled a list of El Paso based removal companies that are members of the International Association of Movers (IAM) [&hellip;]<\/p>\n","protected":false},"author":4,"featured_media":11305,"parent":190,"menu_order":0,"comment_status":"closed","ping_status":"closed","template":"","meta":{"_genesis_hide_title":false,"_genesis_hide_breadcrumbs":false,"_genesis_hide_singular_image":false,"_genesis_hide_footer_widgets":false,"_genesis_custom_body_class":"","_genesis_custom_post_class":"","_genesis_layout":"","footnotes":""},"class_list":{"0":"post-11560","1":"page","2":"type-page","3":"status-publish","4":"has-post-thumbnail","6":"entry"},"_links":{"self":[{"href":"https:\/\/moverdb.com\/pl\/wp-json\/wp\/v2\/pages\/11560","targetHints":{"allow":["GET"]}}],"collection":[{"href":"https:\/\/moverdb.com\/pl\/wp-json\/wp\/v2\/pages"}],"about":[{"href":"https:\/\/moverdb.com\/pl\/wp-json\/wp\/v2\/types\/page"}],"author":[{"embeddable":true,"href":"https:\/\/moverdb.com\/pl\/wp-json\/wp\/v2\/users\/4"}],"replies":[{"embeddable":true,"href":"https:\/\/moverdb.com\/pl\/wp-json\/wp\/v2\/comments?post=11560"}],"version-history":[{"count":1,"href":"https:\/\/moverdb.com\/pl\/wp-json\/wp\/v2\/pages\/11560\/revisions"}],"predecessor-version":[{"id":11561,"href":"https:\/\/moverdb.com\/pl\/wp-json\/wp\/v2\/pages\/11560\/revisions\/11561"}],"up":[{"embeddable":true,"href":"https:\/\/moverdb.com\/pl\/wp-json\/wp\/v2\/pages\/190"}],"wp:featuredmedia":[{"embeddable":true,"href":"https:\/\/moverdb.com\/pl\/wp-json\/wp\/v2\/media\/11305"}],"wp:attachment":[{"href":"https:\/\/moverdb.com\/pl\/wp-json\/wp\/v2\/media?parent=11560"}],"curies":[{"name":"wp","href":"https:\/\/api.w.org\/{rel}","templated":true}]}}