{"id":11558,"date":"2023-11-29T10:29:34","date_gmt":"2023-11-29T10:29:34","guid":{"rendered":"https:\/\/moverdb.com\/?page_id=11558"},"modified":"2026-01-08T15:24:12","modified_gmt":"2026-01-08T15:24:12","slug":"moving-companies-us-danbury","status":"publish","type":"page","link":"https:\/\/moverdb.com\/pl\/moving-companies\/moving-companies-us-danbury\/","title":{"rendered":"3 najlepsze firmy przeprowadzkowe w Danbury"},"content":{"rendered":"<p>Planowanie i zarz\u0105dzanie przeprowadzk\u0105 mo\u017ce by\u0107 stresuj\u0105ce, wi\u0119c uzyskanie <a href=\"https:\/\/moverdb.com\/pl\/moving-companies\/\" data-internallinksmanager029f6b8e52c=\"79\" title=\"25 najlepszych firm przeprowadzek mi\u0119dzynarodowych online\">przedsi\u0119biorstwo przeprowadzkowe<\/a> w celu spakowania i przetransportowania rzeczy mo\u017ce z\u0142agodzi\u0107 presj\u0119. Poni\u017cej przedstawiamy list\u0119 firm z siedzib\u0105 w Danbury. <a href=\"https:\/\/moverdb.com\/pl\/international-removals\/\" data-internallinksmanager029f6b8e52c=\"27\" title=\"36 najlepszych firm zajmuj\u0105cych si\u0119 przeprowadzkami mi\u0119dzynarodowymi w Wielkiej Brytanii\">przedsi\u0119biorstwa przeprowadzkowe<\/a> kt\u00f3re s\u0105 cz\u0142onkami <a href=\"https:\/\/moverdb.com\/pl\/iam\/\" data-internallinksmanager029f6b8e52c=\"23\" title=\"Mi\u0119dzynarodowe Stowarzyszenie Przewo\u017anik\u00f3w (IAM) - obja\u015bnienia\">Mi\u0119dzynarodowe Stowarzyszenie Przewo\u017anik\u00f3w<\/a> (IAM) i\/lub <a href=\"https:\/\/moverdb.com\/pl\/fidi-faim\/\" data-internallinksmanager029f6b8e52c=\"16\" title=\"FIDI i FAIM (FIDI Accredited International Mover) - obja\u015bnienia\">FIDI<\/a> Accredited International Mover (FAIM), kt\u00f3ry mo\u017ce pom\u00f3c w przeprowadzce.<\/p>\n<h2><strong>1. Continuum International<\/strong><\/h2>\n<p><img loading=\"lazy\" decoding=\"async\" class=\"alignnone size-full wp-image-11296\" src=\"https:\/\/moverdb.com\/wp-content\/uploads\/Continuum-International-moving-company.png\" alt=\"Firma przeprowadzkowa Continuum International\" width=\"1440\" height=\"677\" data-wp-pid=\"11296\" srcset=\"https:\/\/moverdb.com\/wp-content\/uploads\/Continuum-International-moving-company.png 1440w, https:\/\/moverdb.com\/wp-content\/uploads\/Continuum-International-moving-company-300x141.png 300w, https:\/\/moverdb.com\/wp-content\/uploads\/Continuum-International-moving-company-1024x481.png 1024w, https:\/\/moverdb.com\/wp-content\/uploads\/Continuum-International-moving-company-18x8.png 18w, https:\/\/moverdb.com\/wp-content\/uploads\/Continuum-International-moving-company-600x282.png 600w\" sizes=\"auto, (max-width: 1440px) 100vw, 1440px\" \/><\/p>\n<ul>\n<li>Przeniesienia krajowe<\/li>\n<li>Przeniesienia mi\u0119dzynarodowe<\/li>\n<li>Relokacje firm<\/li>\n<li>Us\u0142uga \"od drzwi do drzwi\".<\/li>\n<li>Us\u0142ugi dostosowane do indywidualnych potrzeb<\/li>\n<li>Us\u0142uga pakowania<\/li>\n<li>Transport lotniczy, morski lub ci\u0119\u017carowy<\/li>\n<li>Przygotowanie dokument\u00f3w<\/li>\n<li>Ubezpieczenie tranzytowe<\/li>\n<li>Obiekty magazynowe<\/li>\n<\/ul>\n<p>Continuum International jest globaln\u0105 firm\u0105 \u015bwiadcz\u0105c\u0105 us\u0142ugi relokacji i zarz\u0105dzania zadaniami, kt\u00f3ra dzia\u0142a od ponad 20 lat i posiada lokalizacje w Danbury i Brookfield. Firma posiada globalne partnerstwa, kt\u00f3re umo\u017cliwiaj\u0105 jej \u015bwiadczenie us\u0142ug na ca\u0142ym \u015bwiecie. Jest cz\u0142onkiem IAM z 24-letnim do\u015bwiadczeniem.<\/p>\n<p>Continuum International oferuje dostosowane do indywidualnych potrzeb us\u0142ugi przeprowadzek i relokacji od drzwi do drzwi z przydzielonym doradc\u0105 ds. relokacji. Oferuj\u0105 oni ankiet\u0119 przed przeprowadzk\u0105, aby oceni\u0107 potrzeby i stworzy\u0107 plan przeprowadzki. Zapakuje Twoje rzeczy, upewniaj\u0105c si\u0119, \u017ce materia\u0142y opakowaniowe s\u0105 odpowiednie dla \u015brodka transportu i miejsca docelowego.<\/p>\n<p>Strona internetowa: <a href=\"https:\/\/www.continuumrelo.com\/\" target=\"_blank\" rel=\"noopener\">https:\/\/www.continuumrelo.com\/<\/a><\/p>\n<h2><strong>2. Interconex<\/strong><\/h2>\n<p><img loading=\"lazy\" decoding=\"async\" class=\"alignnone size-full wp-image-11345\" src=\"https:\/\/moverdb.com\/wp-content\/uploads\/Interconex-international-moving-company.png\" alt=\"Mi\u0119dzynarodowa firma przeprowadzkowa Interconex\" width=\"1440\" height=\"678\" data-wp-pid=\"11345\" srcset=\"https:\/\/moverdb.com\/wp-content\/uploads\/Interconex-international-moving-company.png 1440w, https:\/\/moverdb.com\/wp-content\/uploads\/Interconex-international-moving-company-300x141.png 300w, https:\/\/moverdb.com\/wp-content\/uploads\/Interconex-international-moving-company-1024x482.png 1024w, https:\/\/moverdb.com\/wp-content\/uploads\/Interconex-international-moving-company-18x8.png 18w, https:\/\/moverdb.com\/wp-content\/uploads\/Interconex-international-moving-company-600x283.png 600w\" sizes=\"auto, (max-width: 1440px) 100vw, 1440px\" \/><\/p>\n<ul>\n<li>Ruchy krajowe<\/li>\n<li>Przeprowadzki mi\u0119dzynarodowe<\/li>\n<li>Przeprowadzki gospodarstw domowych<\/li>\n<li>Przeprowadzki firm<\/li>\n<li>Us\u0142uga \"od drzwi do drzwi\".<\/li>\n<li>Us\u0142uga pakowania<\/li>\n<li>Organizacja transportu<\/li>\n<li>Odprawa celna<\/li>\n<li>Przenoszenie zwierz\u0105t domowych<\/li>\n<li>Bezpieczne us\u0142ugi przechowywania<\/li>\n<\/ul>\n<p>Interconex to firma \u015bwiadcz\u0105ca kompleksowe us\u0142ugi w zakresie przeprowadzek artyku\u0142\u00f3w gospodarstwa domowego, za\u0142o\u017cona w 1969 roku z siedzib\u0105 w Danbury. Wsp\u00f3\u0142pracuje z wybranymi mi\u0119dzynarodowymi partnerami, aby \u015bwiadczy\u0107 swoje us\u0142ugi na ca\u0142ym \u015bwiecie. Firma posiada akredytacj\u0119 FIDI.<\/p>\n<p>Interconex oferuje wst\u0119pn\u0105 ankiet\u0119 w celu okre\u015blenia potrzeb zwi\u0105zanych z przeprowadzk\u0105. Zapewnia us\u0142ug\u0119 pakowania, kt\u00f3ra wykorzystuje najwy\u017cszej jako\u015bci materia\u0142y do pakowania i przeszkolonych pakowaczy, aby chroni\u0107 Twoje rzeczy. Mo\u017ce to obejmowa\u0107 specjalistyczne materia\u0142y opakowaniowe i dostosowane skrzynie. Oferuje dodatkowe us\u0142ugi, kt\u00f3re obejmuj\u0105 transport lotniskowy, us\u0142ugi concierge, pomoc z\u0142otej r\u0105czki, us\u0142ugi pokoj\u00f3wki, tymczasowe zakwaterowanie, us\u0142ugi docelowe, relokacj\u0119 zwierz\u0105t domowych, ubezpieczenie od wszelkiego ryzyka i przechowywanie.<\/p>\n<p>Strona internetowa: <a href=\"https:\/\/www.interconex.com\/\" target=\"_blank\" rel=\"noopener\">https:\/\/www.interconex.com\/<\/a><\/p>\n<h2><strong>3. Intermove Ltd<\/strong><\/h2>\n<p><img loading=\"lazy\" decoding=\"async\" class=\"alignnone size-full wp-image-11346\" src=\"https:\/\/moverdb.com\/wp-content\/uploads\/Intermove-Danbury-international-moving-company.png\" alt=\"Intermove Danbury - mi\u0119dzynarodowa firma przeprowadzkowa\" width=\"1440\" height=\"680\" data-wp-pid=\"11346\" srcset=\"https:\/\/moverdb.com\/wp-content\/uploads\/Intermove-Danbury-international-moving-company.png 1440w, https:\/\/moverdb.com\/wp-content\/uploads\/Intermove-Danbury-international-moving-company-300x142.png 300w, https:\/\/moverdb.com\/wp-content\/uploads\/Intermove-Danbury-international-moving-company-1024x484.png 1024w, https:\/\/moverdb.com\/wp-content\/uploads\/Intermove-Danbury-international-moving-company-18x9.png 18w, https:\/\/moverdb.com\/wp-content\/uploads\/Intermove-Danbury-international-moving-company-600x283.png 600w\" sizes=\"auto, (max-width: 1440px) 100vw, 1440px\" \/><\/p>\n<ul>\n<li>Przeniesienia mi\u0119dzynarodowe<\/li>\n<li>Przemieszczenia gospodarstw domowych<\/li>\n<li>Relokacje przedsi\u0119biorstw<\/li>\n<li>Us\u0142uga \"od drzwi do drzwi\".<\/li>\n<li>Bezp\u0142atna wycena<\/li>\n<li>Pomoc wirtualna i na miejscu<\/li>\n<li>Transport lotniczy, morski i l\u0105dowy<\/li>\n<li>Wsparcie dokumentacyjne<\/li>\n<li>Ubezpieczenia<\/li>\n<\/ul>\n<p>Intermove Ltd to mi\u0119dzynarodowa firma zajmuj\u0105ca si\u0119 przeprowadzkami i relokacj\u0105, za\u0142o\u017cona w 1977 roku z siedzib\u0105 w Danbury. Posiada sie\u0107 zaufanych mi\u0119dzynarodowych firm przeprowadzkowych, kt\u00f3re pomagaj\u0105 im w \u015bwiadczeniu us\u0142ug od drzwi do drzwi na ca\u0142ym \u015bwiecie. Firma jest cz\u0142onkiem IAM z 46-letnim do\u015bwiadczeniem.<\/p>\n<p>Intermove Ltd oferuje bezp\u0142atn\u0105 wycen\u0119 wraz z doradztwem i wsparciem ze strony specjalist\u00f3w ds. przeprowadzek mi\u0119dzynarodowych, zar\u00f3wno wirtualnie, jak i na miejscu. Zorganizuj\u0105 oni bezpieczny transport rzeczy drog\u0105 powietrzn\u0105, morsk\u0105 lub l\u0105dow\u0105 wraz z pomoc\u0105 w zakresie dokumentacji. Zapewniaj\u0105 ubezpieczenie profesjonalnie zapakowanych \u0142adunk\u00f3w.<\/p>\n<p>Strona internetowa: <a href=\"https:\/\/www.intermove.com\/\" target=\"_blank\" rel=\"noopener\">https:\/\/www.intermove.com\/<\/a><\/p>","protected":false},"excerpt":{"rendered":"<p>Planning and managing your move can be stressful so getting a moving company in to pack and transport your belongings can ease the pressure. Below we have compiled a list of Danbury based removal companies that are members of the International Association of Movers (IAM) and\/or FIDI Accredited International Mover (FAIM) who could assist you [&hellip;]<\/p>\n","protected":false},"author":4,"featured_media":11296,"parent":190,"menu_order":0,"comment_status":"closed","ping_status":"closed","template":"","meta":{"_genesis_hide_title":false,"_genesis_hide_breadcrumbs":false,"_genesis_hide_singular_image":false,"_genesis_hide_footer_widgets":false,"_genesis_custom_body_class":"","_genesis_custom_post_class":"","_genesis_layout":"","footnotes":""},"class_list":{"0":"post-11558","1":"page","2":"type-page","3":"status-publish","4":"has-post-thumbnail","6":"entry"},"_links":{"self":[{"href":"https:\/\/moverdb.com\/pl\/wp-json\/wp\/v2\/pages\/11558","targetHints":{"allow":["GET"]}}],"collection":[{"href":"https:\/\/moverdb.com\/pl\/wp-json\/wp\/v2\/pages"}],"about":[{"href":"https:\/\/moverdb.com\/pl\/wp-json\/wp\/v2\/types\/page"}],"author":[{"embeddable":true,"href":"https:\/\/moverdb.com\/pl\/wp-json\/wp\/v2\/users\/4"}],"replies":[{"embeddable":true,"href":"https:\/\/moverdb.com\/pl\/wp-json\/wp\/v2\/comments?post=11558"}],"version-history":[{"count":1,"href":"https:\/\/moverdb.com\/pl\/wp-json\/wp\/v2\/pages\/11558\/revisions"}],"predecessor-version":[{"id":11559,"href":"https:\/\/moverdb.com\/pl\/wp-json\/wp\/v2\/pages\/11558\/revisions\/11559"}],"up":[{"embeddable":true,"href":"https:\/\/moverdb.com\/pl\/wp-json\/wp\/v2\/pages\/190"}],"wp:featuredmedia":[{"embeddable":true,"href":"https:\/\/moverdb.com\/pl\/wp-json\/wp\/v2\/media\/11296"}],"wp:attachment":[{"href":"https:\/\/moverdb.com\/pl\/wp-json\/wp\/v2\/media?parent=11558"}],"curies":[{"name":"wp","href":"https:\/\/api.w.org\/{rel}","templated":true}]}}